{"id":11097,"date":"2024-06-24T16:30:30","date_gmt":"2024-06-24T08:30:30","guid":{"rendered":"https:\/\/www.omccable.com\/?post_type=product&#038;p=11097"},"modified":"2024-06-24T16:31:25","modified_gmt":"2024-06-24T08:31:25","slug":"4-288f-stranded-loose-tube-armored-cable-gytzs-pe","status":"publish","type":"product","link":"https:\/\/www.omccable.com\/fr\/produit\/4-288f-stranded-loose-tube-armored-cable-gytzs-pe\/","title":{"rendered":"C\u00e2ble blind\u00e9 \u00e0 tube libre toronn\u00e9 4-288F (GYTZS) PE"},"content":{"rendered":"<p>Dans le <strong><b>Blind\u00e9 \u00e0 tube l\u00e2che toronn\u00e9 24F (GYHTSH) LSZH<\/b><\/strong>\u00a0c\u00e2ble, A <strong><b>acier<\/b><\/strong><strong><b>\u00a0<\/b><\/strong><strong><b>fil<\/b><\/strong>\u00a0La couche de coussin &amp;PE (bien que n\u00e9cessaire) est situ\u00e9e au centre du noyau en tant qu'\u00e9l\u00e9ment de r\u00e9sistance m\u00e9tallique. Les fibres monomodes\/multimodes sont positionn\u00e9es dans le tube l\u00e2che, qui est constitu\u00e9 de mat\u00e9riaux PBT et rempli de compos\u00e9 de remplissage. Le tube l\u00e2che est recouvert de<strong><b>\u00a0Ruban en acier ondul\u00e9<\/b><\/strong>, Enfin la veste en mat\u00e9riaux LSZH recouverte pour garantir la compacit\u00e9 et les performances longitudinales de blocage de l'eau.<\/p>\n<p>&nbsp;<\/p>\n<p><strong><b>Couleur standard de la fibre et du tube<\/b><\/strong><\/p>\n<p>Le code couleur de chaque fibre doit \u00eatre conforme au tableau ci-dessous<\/p>\n<table>\n<tbody>\n<tr>\n<td width=\"124\"><strong>Non.<\/strong><\/td>\n<td width=\"85\">1<\/td>\n<td width=\"94\">2<\/td>\n<td width=\"94\">3<\/td>\n<td width=\"85\">4<\/td>\n<td width=\"75\">5<\/td>\n<td width=\"104\">6<\/td>\n<\/tr>\n<tr>\n<td width=\"124\"><strong>Couleur<\/strong><\/td>\n<td width=\"85\">Bleu<\/td>\n<td width=\"94\">Orange<\/td>\n<td width=\"94\">Vert<\/td>\n<td width=\"85\">Brun<\/td>\n<td width=\"75\">Gris<\/td>\n<td width=\"104\">Blanc<\/td>\n<\/tr>\n<tr>\n<td width=\"124\"><strong>Non.<\/strong><\/td>\n<td width=\"85\">7<\/td>\n<td width=\"94\">8<\/td>\n<td width=\"94\">9<\/td>\n<td width=\"85\">10<\/td>\n<td width=\"75\">11<\/td>\n<td width=\"104\">12<\/td>\n<\/tr>\n<tr>\n<td width=\"124\"><strong>Couleur<\/strong><\/td>\n<td width=\"85\">Rouge<\/td>\n<td width=\"94\">Noir<\/td>\n<td width=\"94\">Jaune<\/td>\n<td width=\"85\">Violette<\/td>\n<td width=\"75\">Rose<\/td>\n<td width=\"104\">Aqua<\/td>\n<\/tr>\n<\/tbody>\n<\/table>\n<p>Code couleur du tube pour 12 \u00e0 144 fibres :<\/p>\n<table>\n<tbody>\n<tr>\n<td width=\"124\"><strong>Non.<\/strong><\/td>\n<td width=\"85\">1<\/td>\n<td width=\"94\">2<\/td>\n<td width=\"94\">3<\/td>\n<td width=\"85\">4<\/td>\n<td width=\"85\">5<\/td>\n<td width=\"94\">6<\/td>\n<\/tr>\n<tr>\n<td width=\"124\"><strong>Couleur<\/strong><\/td>\n<td width=\"85\">Bleu<\/td>\n<td width=\"94\">Orange<\/td>\n<td width=\"94\">Vert<\/td>\n<td width=\"85\">Brun<\/td>\n<td width=\"85\">Gris<\/td>\n<td width=\"94\">Blanc<\/td>\n<\/tr>\n<tr>\n<td width=\"124\"><strong>Non.<\/strong><\/td>\n<td width=\"85\">7<\/td>\n<td width=\"94\">8<\/td>\n<td width=\"94\">9<\/td>\n<td width=\"85\">10<\/td>\n<td width=\"85\">11<\/td>\n<td width=\"94\">12<\/td>\n<\/tr>\n<tr>\n<td width=\"124\"><strong>Couleur<\/strong><\/td>\n<td width=\"85\">Rouge<\/td>\n<td width=\"94\">Noir<\/td>\n<td width=\"94\">Jaune<\/td>\n<td width=\"85\">Violette<\/td>\n<td width=\"85\">Rose<\/td>\n<td width=\"94\">Aqua<\/td>\n<\/tr>\n<\/tbody>\n<\/table>\n<p>Remarque : # signifie une seule bande noire ; * signifie une seule bande blanche.<\/p>\n<p>&nbsp;<\/p>\n<p><strong><b>C\u00e2ble<\/b><\/strong><strong><b>\u00a0Param\u00e8tre de structure<\/b><\/strong><\/p>\n<table>\n<tbody>\n<tr>\n<td width=\"94\"><strong>Nombre de fibres<\/strong><\/td>\n<td width=\"75\"><strong>Structure<\/strong><\/td>\n<td width=\"56\"><strong>Fibres par tube<\/strong><\/td>\n<td width=\"94\"><strong>Diam\u00e8tre du tube l\u00e2che<\/strong><\/p>\n<p><strong>(mm)<\/strong><\/td>\n<td width=\"103\"><strong>Diam\u00e8tre CSM\/diam\u00e8tre du tampon<\/strong><\/p>\n<p><strong>(mm)<\/strong><\/td>\n<td width=\"94\"><strong>\u00c9paisseur nominale de la gaine ext\u00e9rieure<\/strong><\/p>\n<p><strong>(mm)<\/strong><\/td>\n<td width=\"75\"><strong>Diam\u00e8tre du c\u00e2ble<\/strong><\/p>\n<p><strong>(mm)<\/strong><\/td>\n<td width=\"75\"><strong>Poids du c\u00e2ble<\/strong><\/p>\n<p><strong>(kg\/km)<\/strong><\/td>\n<\/tr>\n<tr>\n<td width=\"94\">4<\/td>\n<td width=\"75\">1+5<\/td>\n<td width=\"56\">4<\/td>\n<td width=\"94\">2,0 \u00b10,1<\/td>\n<td width=\"103\">1.4\/1.4<\/td>\n<td width=\"94\">1.6<\/td>\n<td width=\"75\">9,0 \u00b10,5<\/td>\n<td width=\"75\">92<\/td>\n<\/tr>\n<tr>\n<td width=\"94\">6<\/td>\n<td width=\"75\">1+5<\/td>\n<td width=\"56\">6<\/td>\n<td width=\"94\">2,0 \u00b10,1<\/td>\n<td width=\"103\">1.4\/1.4<\/td>\n<td width=\"94\">1.6<\/td>\n<td width=\"75\">9,0 \u00b10,5<\/td>\n<td width=\"75\">92<\/td>\n<\/tr>\n<tr>\n<td width=\"94\">8<\/td>\n<td width=\"75\">1+5<\/td>\n<td width=\"56\">4<\/td>\n<td width=\"94\">2,0 \u00b10,1<\/td>\n<td width=\"103\">1.4\/1.4<\/td>\n<td width=\"94\">1.6<\/td>\n<td width=\"75\">9,0 \u00b10,5<\/td>\n<td width=\"75\">92<\/td>\n<\/tr>\n<tr>\n<td width=\"94\">12<\/td>\n<td width=\"75\">1+5<\/td>\n<td width=\"56\">6<\/td>\n<td width=\"94\">2,0 \u00b10,1<\/td>\n<td width=\"103\">1.4\/1.4<\/td>\n<td width=\"94\">1.6<\/td>\n<td width=\"75\">9,0 \u00b10,5<\/td>\n<td width=\"75\">92<\/td>\n<\/tr>\n<tr>\n<td width=\"94\">18<\/td>\n<td width=\"75\">1+5<\/td>\n<td width=\"56\">6<\/td>\n<td width=\"94\">2,0 \u00b10,1<\/td>\n<td width=\"103\">1.4\/1.4<\/td>\n<td width=\"94\">1.6<\/td>\n<td width=\"75\">9,0 \u00b10,5<\/td>\n<td width=\"75\">93<\/td>\n<\/tr>\n<tr>\n<td width=\"94\">24<\/td>\n<td width=\"75\">1+5<\/td>\n<td width=\"56\">6<\/td>\n<td width=\"94\">2,0 \u00b10,1<\/td>\n<td width=\"103\">1.4\/1.4<\/td>\n<td width=\"94\">1.6<\/td>\n<td width=\"75\">9,0 \u00b10,5<\/td>\n<td width=\"75\">94<\/td>\n<\/tr>\n<tr>\n<td width=\"94\">30<\/td>\n<td width=\"75\">1+5<\/td>\n<td width=\"56\">6<\/td>\n<td width=\"94\">2,0 \u00b10,1<\/td>\n<td width=\"103\">1.4\/1.4<\/td>\n<td width=\"94\">1.6<\/td>\n<td width=\"75\">9,0 \u00b10,5<\/td>\n<td width=\"75\">95<\/td>\n<\/tr>\n<tr>\n<td width=\"94\">36<\/td>\n<td width=\"75\">1+5<\/td>\n<td width=\"56\">12<\/td>\n<td width=\"94\">2,2 \u00b10,1<\/td>\n<td width=\"103\">1.6\/1.6<\/td>\n<td width=\"94\">2.0<\/td>\n<td width=\"75\">9,7 \u00b10,5<\/td>\n<td width=\"75\">100<\/td>\n<\/tr>\n<tr>\n<td width=\"94\">48<\/td>\n<td width=\"75\">1+5<\/td>\n<td width=\"56\">12<\/td>\n<td width=\"94\">2,2 \u00b10,1<\/td>\n<td width=\"103\">1.6\/1.6<\/td>\n<td width=\"94\">2.0<\/td>\n<td width=\"75\">9,7 \u00b10,5<\/td>\n<td width=\"75\">109<\/td>\n<\/tr>\n<tr>\n<td width=\"94\">60<\/td>\n<td width=\"75\">1+5<\/td>\n<td width=\"56\">12<\/td>\n<td width=\"94\">2,2 \u00b10,1<\/td>\n<td width=\"103\">1.6\/1.6<\/td>\n<td width=\"94\">2.0<\/td>\n<td width=\"75\">9,7 \u00b10,5<\/td>\n<td width=\"75\">110<\/td>\n<\/tr>\n<tr>\n<td width=\"94\">72<\/td>\n<td width=\"75\">1+6<\/td>\n<td width=\"56\">12<\/td>\n<td width=\"94\">2,2 \u00b10,1<\/td>\n<td width=\"103\">2.0\/2.0<\/td>\n<td width=\"94\">2.0<\/td>\n<td width=\"75\">10,4 \u00b10,5<\/td>\n<td width=\"75\">135<\/td>\n<\/tr>\n<tr>\n<td width=\"94\">84<\/td>\n<td width=\"75\">1+7<\/td>\n<td width=\"56\">12<\/td>\n<td width=\"94\">2,2 \u00b10,1<\/td>\n<td width=\"103\">1.8\/2.9<\/td>\n<td width=\"94\">2.0<\/td>\n<td width=\"75\">11,3 \u00b10,5<\/td>\n<td width=\"75\">150<\/td>\n<\/tr>\n<tr>\n<td width=\"94\">96<\/td>\n<td width=\"75\">1+8<\/td>\n<td width=\"56\">12<\/td>\n<td width=\"94\">2,2 \u00b10,1<\/td>\n<td width=\"103\">1.8\/3.5<\/td>\n<td width=\"94\">2.0<\/td>\n<td width=\"75\">12,0 \u00b10,5<\/td>\n<td width=\"75\">165<\/td>\n<\/tr>\n<tr>\n<td width=\"94\">108<\/td>\n<td width=\"75\">1+9<\/td>\n<td width=\"56\">12<\/td>\n<td width=\"94\">2,2 \u00b10,1<\/td>\n<td width=\"103\">1.8\/4.2<\/td>\n<td width=\"94\">2.0<\/td>\n<td width=\"75\">12,7 \u00b10,5<\/td>\n<td width=\"75\">180<\/td>\n<\/tr>\n<tr>\n<td width=\"94\">120<\/td>\n<td width=\"75\">1+10<\/td>\n<td width=\"56\">12<\/td>\n<td width=\"94\">2,2 \u00b10,1<\/td>\n<td width=\"103\">1.8\/4.9<\/td>\n<td width=\"94\">2.0<\/td>\n<td width=\"75\">13,4 \u00b10,5<\/td>\n<td width=\"75\">200<\/td>\n<\/tr>\n<tr>\n<td width=\"94\">132<\/td>\n<td width=\"75\">1+11<\/td>\n<td width=\"56\">12<\/td>\n<td width=\"94\">2,2 \u00b10,1<\/td>\n<td width=\"103\">1.8\/5.5<\/td>\n<td width=\"94\">2.0<\/td>\n<td width=\"75\">14,0 \u00b10,5<\/td>\n<td width=\"75\">215<\/td>\n<\/tr>\n<tr>\n<td width=\"94\">144<\/td>\n<td width=\"75\">1+12<\/td>\n<td width=\"56\">12<\/td>\n<td width=\"94\">2,2 \u00b10,1<\/td>\n<td width=\"103\">2.0\/6.4<\/td>\n<td width=\"94\">2.0<\/td>\n<td width=\"75\">15,0 \u00b10,5<\/td>\n<td width=\"75\">235<\/td>\n<\/tr>\n<tr>\n<td width=\"94\">192<\/td>\n<td width=\"75\">1+6+12<\/td>\n<td width=\"56\">12<\/td>\n<td width=\"94\">2,2 \u00b10,1<\/td>\n<td width=\"103\">2.2\/2.2<\/td>\n<td width=\"94\">2.0<\/td>\n<td width=\"75\">14,7 \u00b10,5<\/td>\n<td width=\"75\">245<\/td>\n<\/tr>\n<tr>\n<td width=\"94\">216<\/td>\n<td width=\"75\">1+6+12<\/td>\n<td width=\"56\">12<\/td>\n<td width=\"94\">2,2 \u00b10,1<\/td>\n<td width=\"103\">2.2\/2.2<\/td>\n<td width=\"94\">2.0<\/td>\n<td width=\"75\">14,7 \u00b10,5<\/td>\n<td width=\"75\">248<\/td>\n<\/tr>\n<tr>\n<td width=\"94\">288<\/td>\n<td width=\"75\">1+9+15<\/td>\n<td width=\"56\">12<\/td>\n<td width=\"94\">2,2 \u00b1 0,1<\/td>\n<td width=\"103\">2.2\/4.2<\/td>\n<td width=\"94\">2.0<\/td>\n<td width=\"75\">16,7 \u00b10,5<\/td>\n<td width=\"75\">310<\/td>\n<\/tr>\n<\/tbody>\n<\/table>\n<p>&nbsp;<\/p>\n<p><strong><b>Param\u00e8tre Mat\u00e9riau du c\u00e2ble<\/b><\/strong><\/p>\n<table>\n<tbody>\n<tr>\n<td colspan=\"2\" width=\"232\"><strong>Article<\/strong><\/td>\n<td width=\"438\"><strong>Param\u00e8tres<\/strong><\/td>\n<\/tr>\n<tr>\n<td rowspan=\"2\" width=\"129\">Tube l\u00e2che<\/td>\n<td width=\"102\">Mat\u00e9riel<\/td>\n<td width=\"438\">PBT<\/td>\n<\/tr>\n<tr>\n<td width=\"102\">Couleur<\/td>\n<td width=\"438\">Spectre de couleurs complet<\/td>\n<\/tr>\n<tr>\n<td rowspan=\"2\" width=\"129\">Remplisseur<\/td>\n<td width=\"102\">Mat\u00e9riel<\/td>\n<td width=\"438\">PE<\/td>\n<\/tr>\n<tr>\n<td width=\"102\">Couleur<\/td>\n<td width=\"438\">Noir<\/td>\n<\/tr>\n<tr>\n<td width=\"129\">CSM<\/td>\n<td width=\"102\">Mat\u00e9riel<\/td>\n<td width=\"438\">Fil d'acier de phosphatation<\/td>\n<\/tr>\n<tr>\n<td width=\"129\">Blind\u00e9<\/td>\n<td width=\"102\">Mat\u00e9riel<\/td>\n<td width=\"438\">Ruban d'acier ondul\u00e9<\/td>\n<\/tr>\n<tr>\n<td rowspan=\"2\" width=\"129\">Veste ext\u00e9rieure<\/td>\n<td width=\"102\">Mat\u00e9riel<\/td>\n<td width=\"438\">LSZH<\/td>\n<\/tr>\n<tr>\n<td width=\"102\">Couleur<\/td>\n<td width=\"438\">Noir<\/td>\n<\/tr>\n<\/tbody>\n<\/table>\n<p>&nbsp;<\/p>\n<p><strong><b>Performances M\u00e9caniques et Environnementales<\/b><\/strong><\/p>\n<table>\n<tbody>\n<tr>\n<td width=\"221\"><strong>Article<\/strong><\/td>\n<td width=\"206\"><strong>Sommaire<\/strong><\/td>\n<td width=\"245\"><strong>Valeur<\/strong><\/td>\n<\/tr>\n<tr>\n<td rowspan=\"2\" width=\"221\">Max. charge de traction<\/td>\n<td width=\"206\">Court terme<\/td>\n<td width=\"245\">Souche de fibre 1 500 N\u22640,6%<\/td>\n<\/tr>\n<tr>\n<td width=\"206\">\u00c0 long terme<\/td>\n<td width=\"245\">700N<\/td>\n<\/tr>\n<tr>\n<td rowspan=\"2\" width=\"221\">Max. r\u00e9sistance \u00e0 l'\u00e9crasement<\/td>\n<td width=\"206\">Court terme<\/td>\n<td width=\"245\">1000N\/100mm<\/td>\n<\/tr>\n<tr>\n<td width=\"206\">\u00c0 long terme<\/td>\n<td width=\"245\">300N\/100mm<\/td>\n<\/tr>\n<tr>\n<td width=\"221\">Torsion<\/td>\n<td colspan=\"2\" width=\"451\">Charge : 150 N ; nombre de cycles : 10 ; angle de torsion : \u00b1 180\u00b0 Aucune att\u00e9nuation suppl\u00e9mentaire \u00e9vidente, aucune rupture de fibre et aucun dommage au c\u00e2ble.<\/td>\n<\/tr>\n<tr>\n<td width=\"221\">Impact<\/td>\n<td colspan=\"2\" width=\"451\">\u00c9nergie d'impact : 450 g \u00d7 1 m ; rayon de la t\u00eate du marteau : 12,5 mm ; nombre d'impacts : 5 ; Aucune att\u00e9nuation suppl\u00e9mentaire \u00e9vidente, aucune rupture de fibre et aucun dommage au c\u00e2ble.<\/td>\n<\/tr>\n<tr>\n<td rowspan=\"2\" width=\"221\">Min. rayon de courbure<\/td>\n<td width=\"206\">Installation<\/td>\n<td width=\"245\">20 x diam\u00e8tre du c\u00e2ble<\/td>\n<\/tr>\n<tr>\n<td width=\"206\">Op\u00e9ration<\/td>\n<td width=\"245\">10 x diam\u00e8tre du c\u00e2ble<\/td>\n<\/tr>\n<tr>\n<td rowspan=\"3\" width=\"221\">Plage de temp\u00e9rature<\/td>\n<td width=\"206\">Op\u00e9ration<\/td>\n<td width=\"245\">-40 \u2103 ~ +70 \u2103<\/td>\n<\/tr>\n<tr>\n<td width=\"206\">Installation<\/td>\n<td width=\"245\">-20 \u2103 ~ +60 \u2103<\/td>\n<\/tr>\n<tr>\n<td width=\"206\">Stockage\/transport<\/td>\n<td width=\"245\">-40 \u2103 ~ +70 \u2103<\/td>\n<\/tr>\n<\/tbody>\n<\/table>\n<p>&nbsp;<\/p>\n<p><strong><b>Param\u00e8tres techniques de la fibre optique <\/b><\/strong><\/p>\n<table>\n<tbody>\n<tr>\n<td colspan=\"2\" width=\"254\"><strong>Style fibre<\/strong><\/td>\n<td width=\"94\"><strong>Unit\u00e9<\/strong><\/td>\n<td width=\"94\"><strong>SM9\/125<\/strong><\/td>\n<td width=\"103\"><strong>MM50\/125<\/strong><\/td>\n<td width=\"122\"><strong>MM62,5\/125<\/strong><\/td>\n<\/tr>\n<tr>\n<td colspan=\"2\" width=\"254\">\u00c9tat<\/td>\n<td width=\"94\">nm<\/td>\n<td width=\"94\">1310\/1550<\/td>\n<td width=\"103\">850\/1300<\/td>\n<td width=\"122\">850\/1300<\/td>\n<\/tr>\n<tr>\n<td colspan=\"2\" width=\"254\">Att\u00e9nuation<\/td>\n<td width=\"94\">dB\/km<\/td>\n<td width=\"94\">\u22640,34\/0,2<\/td>\n<td width=\"103\">\u22643,0\/1,0<\/td>\n<td width=\"122\">\u22643,0\/1,0<\/td>\n<\/tr>\n<tr>\n<td rowspan=\"2\" width=\"141\">Dispersion<\/td>\n<td width=\"113\">1310 nm<\/td>\n<td width=\"94\">Ps\/(nm*km)<\/td>\n<td width=\"94\">\u226418<\/td>\n<td width=\"103\">\u2026..<\/td>\n<td width=\"122\">\u2026..<\/td>\n<\/tr>\n<tr>\n<td width=\"113\">1550 nm<\/td>\n<td width=\"94\">Ps\/(nm*km)<\/td>\n<td width=\"94\">\u226422<\/td>\n<td width=\"103\">\u2026..<\/td>\n<td width=\"122\">\u2026..<\/td>\n<\/tr>\n<tr>\n<td rowspan=\"2\" width=\"141\">Bande passante<\/td>\n<td width=\"113\">850 nm<\/td>\n<td width=\"94\">MHz. KM<\/td>\n<td width=\"94\">\u2026..<\/td>\n<td width=\"103\">\u2267400<\/td>\n<td width=\"122\">\u2267160<\/td>\n<\/tr>\n<tr>\n<td width=\"113\">1300 nm<\/td>\n<td width=\"94\">MHz. KM<\/td>\n<td width=\"94\">\u2026..<\/td>\n<td width=\"103\">\u2267800<\/td>\n<td width=\"122\">\u2267500<\/td>\n<\/tr>\n<tr>\n<td colspan=\"2\" width=\"254\">Longueur d'onde \u00e0 dispersion nulle<\/td>\n<td width=\"94\">nm<\/td>\n<td width=\"94\">\u22671302,<\/p>\n<p>\u22641322<\/td>\n<td width=\"103\">\u2026..<\/td>\n<td width=\"122\">\u2026..<\/td>\n<\/tr>\n<tr>\n<td colspan=\"2\" width=\"254\">Pente de dispersion nulle<\/td>\n<td width=\"94\">nm<\/td>\n<td width=\"94\">\u22640,091<\/td>\n<td width=\"103\">\u2026..<\/td>\n<td width=\"122\">\u2026..<\/td>\n<\/tr>\n<tr>\n<td colspan=\"2\" width=\"254\">Fibre individuelle maximale PMD<\/td>\n<td width=\"94\"><\/td>\n<td width=\"94\">\u22640,2<\/td>\n<td width=\"103\">\u2026..<\/td>\n<td width=\"122\">\u2026..<\/td>\n<\/tr>\n<tr>\n<td colspan=\"2\" width=\"254\">Valeur du lien de conception PMD<\/td>\n<td width=\"94\">Ps(nm2*km)<\/td>\n<td width=\"94\">\u22640,08<\/td>\n<td width=\"103\">\u2026..<\/td>\n<td width=\"122\">\u2026..<\/td>\n<\/tr>\n<tr>\n<td colspan=\"2\" width=\"254\">Longueur d'onde de coupure de la fibre \u03bbc<\/td>\n<td width=\"94\">nm<\/td>\n<td width=\"94\">\u22671180,<\/p>\n<p>\u22641330<\/td>\n<td width=\"103\">\u2026..<\/td>\n<td width=\"122\">\u2026..<\/td>\n<\/tr>\n<tr>\n<td colspan=\"2\" width=\"254\">Longueur d'onde de coupure du c\u00e2ble \u03bbcc<\/td>\n<td width=\"94\">nm<\/td>\n<td width=\"94\">\u22641260<\/td>\n<td width=\"103\">\u2026..<\/td>\n<td width=\"122\">\u2026..<\/td>\n<\/tr>\n<tr>\n<td rowspan=\"2\" width=\"141\">MFD<\/td>\n<td width=\"113\">1310 nm<\/td>\n<td width=\"94\">euh<\/td>\n<td width=\"94\">9,2 \u00b1 0,4<\/td>\n<td width=\"103\">\u2026..<\/td>\n<td width=\"122\">\u2026..<\/td>\n<\/tr>\n<tr>\n<td width=\"113\">1550 nm<\/td>\n<td width=\"94\">euh<\/td>\n<td width=\"94\">10,4 \u00b1 0,8<\/td>\n<td width=\"103\">\u2026..<\/td>\n<td width=\"122\">\u2026..<\/td>\n<\/tr>\n<tr>\n<td colspan=\"2\" width=\"254\">Ouverture num\u00e9rique (NA)<\/td>\n<td width=\"94\"><\/td>\n<td width=\"94\">\u2026\u2026<\/td>\n<td width=\"103\">0,200 \u00b1 0,015<\/td>\n<td width=\"122\">0,275 \u00b1 0,015<\/td>\n<\/tr>\n<tr>\n<td colspan=\"2\" width=\"254\">Pas (moyenne de la mesure bidirectionnelle)<\/td>\n<td width=\"94\">dB<\/td>\n<td width=\"94\">\u22640,05<\/td>\n<td width=\"103\">\u22640,10<\/td>\n<td width=\"122\">\u22640,10<\/td>\n<\/tr>\n<tr>\n<td colspan=\"2\" width=\"254\">Irr\u00e9gularit\u00e9s sur la longueur des fibres et discontinuit\u00e9 ponctuelle<\/td>\n<td width=\"94\">dB<\/td>\n<td width=\"94\">\u22640,05<\/td>\n<td width=\"103\">\u22640,10<\/td>\n<td width=\"122\">\u22640,10<\/td>\n<\/tr>\n<tr>\n<td colspan=\"2\" width=\"254\">Coefficient de r\u00e9trodiffusion de diff\u00e9rence<\/td>\n<td width=\"94\">dB\/km<\/td>\n<td width=\"94\">\u22640,03<\/td>\n<td width=\"103\">\u22640,08<\/td>\n<td width=\"122\">\u22640,10<\/td>\n<\/tr>\n<tr>\n<td colspan=\"2\" width=\"254\">Uniformit\u00e9 de l'att\u00e9nuation<\/td>\n<td width=\"94\">dB\/km<\/td>\n<td width=\"94\">\u22640,01<\/td>\n<td width=\"103\">\u2026\u2026.<\/td>\n<td width=\"122\">\u2026\u2026.<\/td>\n<\/tr>\n<tr>\n<td colspan=\"2\" width=\"254\">Diam\u00e8tre du noyau<\/td>\n<td width=\"94\">euh<\/td>\n<td width=\"94\">\u2026\u2026<\/td>\n<td width=\"103\">50 \u00b1 1,0<\/td>\n<td width=\"122\">62,5\u00b12,5<\/td>\n<\/tr>\n<tr>\n<td colspan=\"2\" width=\"254\">Diam\u00e8tre du bardage<\/td>\n<td width=\"94\">euh<\/td>\n<td width=\"94\">125,0 \u00b1 0,1<\/td>\n<td width=\"103\">125,0 \u00b1 0,1<\/td>\n<td width=\"122\">125,0 \u00b1 0,1<\/td>\n<\/tr>\n<tr>\n<td colspan=\"2\" width=\"254\">Non-circularit\u00e9 du rev\u00eatement<\/td>\n<td width=\"94\">%<\/td>\n<td width=\"94\">\u22641,0<\/td>\n<td width=\"103\">\u22641,0<\/td>\n<td width=\"122\">\u22641,0<\/td>\n<\/tr>\n<tr>\n<td colspan=\"2\" width=\"254\">Diam\u00e8tre du rev\u00eatement<\/td>\n<td width=\"94\">euh<\/td>\n<td width=\"94\">242 \u00b1 7<\/td>\n<td width=\"103\">242 \u00b1 7<\/td>\n<td width=\"122\">242 \u00b1 7<\/td>\n<\/tr>\n<tr>\n<td colspan=\"2\" width=\"254\">Erreur de concentricit\u00e9 du rev\u00eatement\/pinsonnier<\/td>\n<td width=\"94\">euh<\/td>\n<td width=\"94\">\u226412,0<\/td>\n<td width=\"103\">\u226412,0<\/td>\n<td width=\"122\">\u226412,0<\/td>\n<\/tr>\n<tr>\n<td colspan=\"2\" width=\"254\">Non circularit\u00e9 du rev\u00eatement<\/td>\n<td width=\"94\">%<\/td>\n<td width=\"94\">\u22646,0<\/td>\n<td width=\"103\">\u22646,0<\/td>\n<td width=\"122\">\u22646,0<\/td>\n<\/tr>\n<tr>\n<td colspan=\"2\" width=\"254\">Erreur de concentricit\u00e9 noyau\/gaine<\/td>\n<td width=\"94\">euh<\/td>\n<td width=\"94\">\u22640,6<\/td>\n<td width=\"103\">\u22641,5<\/td>\n<td width=\"122\">\u22641,5<\/td>\n<\/tr>\n<tr>\n<td colspan=\"2\" width=\"254\">Boucle (rayon)<\/td>\n<td width=\"94\">euh<\/td>\n<td width=\"94\">\u22644<\/td>\n<td width=\"103\">\u2026..<\/td>\n<td width=\"122\">\u2026..<\/td>\n<\/tr>\n<\/tbody>\n<\/table>","protected":false},"excerpt":{"rendered":"<p>Dans le c\u00e2ble LSZH 24F Stranded Loose Tube Armored (GYHTSH) d'OMC, une couche de coussin en fil d'acier et PE (si n\u00e9cessaire) est situ\u00e9e au centre du noyau en tant qu'\u00e9l\u00e9ment de r\u00e9sistance m\u00e9tallique. Les fibres monomodes\/multimodes sont positionn\u00e9es dans le tube l\u00e2che, qui est constitu\u00e9 de mat\u00e9riaux PBT et rempli de compos\u00e9 de remplissage. Le tube l\u00e2che est recouvert de ruban en acier ondul\u00e9. Enfin, la gaine en mat\u00e9riaux LSZH est recouverte pour garantir [\u2026]<\/p>","protected":false},"featured_media":11098,"comment_status":"closed","ping_status":"closed","template":"","meta":{"site-sidebar-layout":"default","site-content-layout":"","ast-site-content-layout":"default","site-content-style":"default","site-sidebar-style":"default","ast-global-header-display":"","ast-banner-title-visibility":"","ast-main-header-display":"","ast-hfb-above-header-display":"","ast-hfb-below-header-display":"","ast-hfb-mobile-header-display":"","site-post-title":"","ast-breadcrumbs-content":"","ast-featured-img":"","footer-sml-layout":"","theme-transparent-header-meta":"default","adv-header-id-meta":"","stick-header-meta":"default","header-above-stick-meta":"","header-main-stick-meta":"","header-below-stick-meta":"","astra-migrate-meta-layouts":"set","ast-page-background-enabled":"default","ast-page-background-meta":{"desktop":{"background-color":"var(--ast-global-color-4)","background-image":"","background-repeat":"repeat","background-position":"center center","background-size":"auto","background-attachment":"scroll","background-type":"","background-media":"","overlay-type":"","overlay-color":"","overlay-gradient":""},"tablet":{"background-color":"","background-image":"","background-repeat":"repeat","background-position":"center center","background-size":"auto","background-attachment":"scroll","background-type":"","background-media":"","overlay-type":"","overlay-color":"","overlay-gradient":""},"mobile":{"background-color":"","background-image":"","background-repeat":"repeat","background-position":"center center","background-size":"auto","background-attachment":"scroll","background-type":"","background-media":"","overlay-type":"","overlay-color":"","overlay-gradient":""}},"ast-content-background-meta":{"desktop":{"background-color":"var(--ast-global-color-5)","background-image":"","background-repeat":"repeat","background-position":"center center","background-size":"auto","background-attachment":"scroll","background-type":"","background-media":"","overlay-type":"","overlay-color":"","overlay-gradient":""},"tablet":{"background-color":"var(--ast-global-color-5)","background-image":"","background-repeat":"repeat","background-position":"center center","background-size":"auto","background-attachment":"scroll","background-type":"","background-media":"","overlay-type":"","overlay-color":"","overlay-gradient":""},"mobile":{"background-color":"var(--ast-global-color-5)","background-image":"","background-repeat":"repeat","background-position":"center center","background-size":"auto","background-attachment":"scroll","background-type":"","background-media":"","overlay-type":"","overlay-color":"","overlay-gradient":""}}},"product_cat":[139,124],"product_tag":[],"class_list":{"0":"post-11097","1":"product","2":"type-product","3":"status-publish","4":"has-post-thumbnail","6":"product_cat-armored-outdoor-cable","7":"product_cat-outdoor-cable","8":"desktop-align-left","9":"tablet-align-left","10":"mobile-align-left","11":"ast-product-gallery-layout-horizontal-slider","12":"ast-product-tabs-layout-horizontal","14":"first","15":"instock","16":"shipping-taxable","17":"product-type-simple"},"acf":[],"_links":{"self":[{"href":"https:\/\/www.omccable.com\/fr\/wp-json\/wp\/v2\/product\/11097","targetHints":{"allow":["GET"]}}],"collection":[{"href":"https:\/\/www.omccable.com\/fr\/wp-json\/wp\/v2\/product"}],"about":[{"href":"https:\/\/www.omccable.com\/fr\/wp-json\/wp\/v2\/types\/product"}],"replies":[{"embeddable":true,"href":"https:\/\/www.omccable.com\/fr\/wp-json\/wp\/v2\/comments?post=11097"}],"version-history":[{"count":2,"href":"https:\/\/www.omccable.com\/fr\/wp-json\/wp\/v2\/product\/11097\/revisions"}],"predecessor-version":[{"id":11101,"href":"https:\/\/www.omccable.com\/fr\/wp-json\/wp\/v2\/product\/11097\/revisions\/11101"}],"wp:featuredmedia":[{"embeddable":true,"href":"https:\/\/www.omccable.com\/fr\/wp-json\/wp\/v2\/media\/11098"}],"wp:attachment":[{"href":"https:\/\/www.omccable.com\/fr\/wp-json\/wp\/v2\/media?parent=11097"}],"wp:term":[{"taxonomy":"product_cat","embeddable":true,"href":"https:\/\/www.omccable.com\/fr\/wp-json\/wp\/v2\/product_cat?post=11097"},{"taxonomy":"product_tag","embeddable":true,"href":"https:\/\/www.omccable.com\/fr\/wp-json\/wp\/v2\/product_tag?post=11097"}],"curies":[{"name":"wp","href":"https:\/\/api.w.org\/{rel}","templated":true}]}}