{"id":11084,"date":"2024-06-24T16:10:42","date_gmt":"2024-06-24T08:10:42","guid":{"rendered":"https:\/\/www.omccable.com\/?post_type=product&#038;p=11084"},"modified":"2024-06-24T16:10:42","modified_gmt":"2024-06-24T08:10:42","slug":"2-12f-double-sheath-unitube-armored-cable-gjfxtkv53","status":"publish","type":"product","link":"https:\/\/www.omccable.com\/fr\/produit\/2-12f-double-sheath-unitube-armored-cable-gjfxtkv53\/","title":{"rendered":"C\u00e2ble blind\u00e9 Unitube \u00e0 double gaine 2-12F (GJFXTKV53)"},"content":{"rendered":"<p>Dans le <strong><b>C\u00e2ble blind\u00e9 Unitube \u00e0 double gaine 2-12F (GJFXTKV53) Fil de verre PE<\/b><\/strong>\u00a0Dans le c\u00e2ble, les fibres monomodes\/multimodes sont positionn\u00e9es dans le tube l\u00e2che, qui est constitu\u00e9 de mat\u00e9riaux PBT et rempli de compos\u00e9 de remplissage. Le tube l\u00e2che est recouvert de <strong><b>Fil de verre bloquant l'eau<\/b><\/strong>\u00a0. <strong><b>Ruban blind\u00e9 en acier et double gaine PE<\/b><\/strong>\u00a0Veste en mat\u00e9riaux pour garantir la compacit\u00e9 et les performances longitudinales de blocage de l'eau.<\/p>\n<p>&nbsp;<\/p>\n<p><strong><b>Couleur standard de la fibre et du tube<\/b><\/strong><\/p>\n<p>Le code couleur de chaque fibre doit \u00eatre conforme au tableau ci-dessous :<\/p>\n<table>\n<tbody>\n<tr>\n<td width=\"168\">Non.<\/td>\n<td width=\"86\">1<\/td>\n<td width=\"82\">2<\/td>\n<td width=\"82\">3<\/td>\n<td width=\"82\">4<\/td>\n<td width=\"82\">5<\/td>\n<td width=\"75\">6<\/td>\n<\/tr>\n<tr>\n<td width=\"168\">Couleur<\/td>\n<td width=\"86\">Bleu<\/td>\n<td width=\"82\">Orange<\/td>\n<td width=\"82\">Vert<\/td>\n<td width=\"82\">Brun<\/td>\n<td width=\"82\">Ardoise<\/td>\n<td width=\"75\">Blanc<\/td>\n<\/tr>\n<tr>\n<td width=\"168\">Non.<\/td>\n<td width=\"86\">7<\/td>\n<td width=\"82\">8<\/td>\n<td width=\"82\">9<\/td>\n<td width=\"82\">10<\/td>\n<td width=\"82\">11<\/td>\n<td width=\"75\">12<\/td>\n<\/tr>\n<tr>\n<td width=\"168\">Couleur<\/td>\n<td width=\"86\">Rouge<\/td>\n<td width=\"82\">Noir<\/td>\n<td width=\"82\">Jaune<\/td>\n<td width=\"82\">Violette<\/td>\n<td width=\"82\">Rose<\/td>\n<td width=\"75\">Aqua<\/td>\n<\/tr>\n<\/tbody>\n<\/table>\n<p>&nbsp;<\/p>\n<p><strong><b>C\u00e2ble<\/b><\/strong><strong><b>\u00a0Param\u00e8tre de structure<\/b><\/strong><\/p>\n<table>\n<tbody>\n<tr>\n<td width=\"247\">Article<\/td>\n<td width=\"94\">Sommaire<\/td>\n<td width=\"66\">Unit\u00e9<\/td>\n<td colspan=\"4\" width=\"255\">Valeur<\/td>\n<\/tr>\n<tr>\n<td width=\"247\">Nombre de fibres<\/td>\n<td width=\"94\">Nombre<\/td>\n<td width=\"66\">\/<\/td>\n<td width=\"66\">4<\/td>\n<td width=\"66\">6<\/td>\n<td width=\"66\">8<\/td>\n<td width=\"56\">12<\/td>\n<\/tr>\n<tr>\n<td width=\"247\">Type de fibre<\/td>\n<td width=\"94\">\/<\/td>\n<td width=\"66\">\/<\/td>\n<td colspan=\"4\" width=\"255\">OS1, OS2,OM1,OM2,OM3,OM4<\/td>\n<\/tr>\n<tr>\n<td width=\"247\">Fibres par tube<\/td>\n<td width=\"94\">Compter<\/td>\n<td width=\"66\">\/<\/td>\n<td width=\"66\">4<\/td>\n<td width=\"66\">6<\/td>\n<td width=\"66\">8<\/td>\n<td width=\"56\">12<\/td>\n<\/tr>\n<tr>\n<td width=\"247\">Barri\u00e8re contre l'humidit\u00e9<\/td>\n<td width=\"94\">\/<\/td>\n<td width=\"66\">\/<\/td>\n<td colspan=\"4\" width=\"255\">Syst\u00e8me de blocage d'eau<\/td>\n<\/tr>\n<tr>\n<td rowspan=\"3\" width=\"247\">Tube l\u00e2che<\/td>\n<td width=\"94\">Mat\u00e9riel<\/td>\n<td width=\"66\">\/<\/td>\n<td colspan=\"4\" width=\"255\">PBT<\/td>\n<\/tr>\n<tr>\n<td width=\"94\">Diam\u00e8tre<\/td>\n<td width=\"66\">mm<\/td>\n<td colspan=\"2\" width=\"132\">2,0 \u00b1 0,1<\/td>\n<td colspan=\"2\" width=\"122\">2,2 \u00b1 0,1<\/td>\n<\/tr>\n<tr>\n<td width=\"94\">Couleur<\/td>\n<td width=\"66\">\/<\/td>\n<td colspan=\"4\" width=\"255\">Nature<\/td>\n<\/tr>\n<tr>\n<td rowspan=\"2\" width=\"247\">Membre de force<\/td>\n<td width=\"94\">Mat\u00e9riel<\/td>\n<td width=\"66\">\/<\/td>\n<td colspan=\"4\" width=\"255\">Fil de verre<\/td>\n<\/tr>\n<tr>\n<td width=\"94\">Diam\u00e8tre<\/td>\n<td width=\"66\">\/<\/td>\n<td colspan=\"4\" width=\"255\">1680D<\/td>\n<\/tr>\n<tr>\n<td width=\"247\">Renfort p\u00e9riph\u00e9rique<\/td>\n<td width=\"94\">Mat\u00e9riel<\/td>\n<td width=\"66\">\/<\/td>\n<td colspan=\"4\" width=\"255\">Ruban d'acier ondul\u00e9<\/td>\n<\/tr>\n<tr>\n<td rowspan=\"3\" width=\"247\">Gaine int\u00e9rieure<\/td>\n<td width=\"94\">mat\u00e9riel<\/td>\n<td width=\"66\">\/<\/td>\n<td colspan=\"4\" width=\"255\">PE<\/td>\n<\/tr>\n<tr>\n<td width=\"94\">\u00c9paisseur<\/td>\n<td width=\"66\">mm<\/td>\n<td colspan=\"4\" width=\"255\">1,20 \u00b1 0,2 mm<\/td>\n<\/tr>\n<tr>\n<td width=\"94\">Couleur<\/td>\n<td width=\"66\">\/<\/td>\n<td colspan=\"4\" width=\"255\">Noir<\/td>\n<\/tr>\n<tr>\n<td rowspan=\"3\" width=\"247\">Gaine ext\u00e9rieure<\/td>\n<td width=\"94\">mat\u00e9riel<\/td>\n<td width=\"66\">\/<\/td>\n<td colspan=\"4\" width=\"255\">PE<\/td>\n<\/tr>\n<tr>\n<td width=\"94\">\u00c9paisseur<\/td>\n<td width=\"66\">mm<\/td>\n<td colspan=\"4\" width=\"255\">1,60 \u00b1 0,2 mm<\/td>\n<\/tr>\n<tr>\n<td width=\"94\">Couleur<\/td>\n<td width=\"66\">\/<\/td>\n<td colspan=\"4\" width=\"255\">Noir<\/td>\n<\/tr>\n<tr>\n<td rowspan=\"2\" width=\"247\">Att\u00e9nuation (apr\u00e8s c\u00e2ble)<\/td>\n<td width=\"94\">1310 nm<\/td>\n<td width=\"66\">dB\/km<\/td>\n<td colspan=\"4\" width=\"255\">\u00a30.36<\/td>\n<\/tr>\n<tr>\n<td width=\"94\">1550 nm<\/td>\n<td width=\"66\">dB\/km<\/td>\n<td colspan=\"4\" width=\"255\">\u00a30.22<\/td>\n<\/tr>\n<tr>\n<td width=\"247\">Diam\u00e8tre du c\u00e2ble<\/td>\n<td width=\"94\">\u00b10,3<\/td>\n<td width=\"66\">mm<\/td>\n<td colspan=\"4\" width=\"255\">\u00a0\u00a0\u00a0\u00a0\u00a0\u00a0\u00a012<\/td>\n<\/tr>\n<tr>\n<td width=\"247\">Poids du c\u00e2ble<\/td>\n<td width=\"94\">\u00b15%<\/td>\n<td width=\"66\">kg\/km<\/td>\n<td colspan=\"4\" width=\"255\">\u00a0\u00a0\u00a0\u00a0\u00a0\u00a0\u00a0\u00a0105<\/td>\n<\/tr>\n<\/tbody>\n<\/table>\n<p>&nbsp;<\/p>\n<p><strong><b>Performances M\u00e9caniques et Environnementales<\/b><\/strong><\/p>\n<table>\n<tbody>\n<tr>\n<td width=\"221\"><strong>Article<\/strong><\/td>\n<td width=\"206\"><strong>Sommaire<\/strong><\/td>\n<td width=\"236\"><strong>Valeur<\/strong><\/td>\n<\/tr>\n<tr>\n<td rowspan=\"2\" width=\"221\">Max. charge de traction<\/td>\n<td width=\"206\">Court terme<\/td>\n<td width=\"236\">Souche de fibre 3000N\u22640,6%<\/td>\n<\/tr>\n<tr>\n<td width=\"206\">\u00c0 long terme<\/td>\n<td width=\"236\">1500N<\/td>\n<\/tr>\n<tr>\n<td rowspan=\"2\" width=\"221\">Max. r\u00e9sistance \u00e0 l'\u00e9crasement<\/td>\n<td width=\"206\">Court terme<\/td>\n<td width=\"236\">3000N\/100mm<\/td>\n<\/tr>\n<tr>\n<td width=\"206\">\u00c0 long terme<\/td>\n<td width=\"236\">1000N\/100mm<\/td>\n<\/tr>\n<tr>\n<td rowspan=\"2\" width=\"221\">Min. rayon de courbure<\/td>\n<td width=\"206\">Installation<\/td>\n<td width=\"236\">20 x diam\u00e8tre du c\u00e2ble<\/td>\n<\/tr>\n<tr>\n<td width=\"206\">Op\u00e9ration<\/td>\n<td width=\"236\">10 x diam\u00e8tre du c\u00e2ble<\/td>\n<\/tr>\n<tr>\n<td rowspan=\"3\" width=\"221\">Plage de temp\u00e9rature<\/td>\n<td width=\"206\">Op\u00e9ration<\/td>\n<td width=\"236\">-40 \u2103 ~ +70 \u2103<\/td>\n<\/tr>\n<tr>\n<td width=\"206\">Installation<\/td>\n<td width=\"236\">-20 \u2103 ~ +60 \u2103<\/td>\n<\/tr>\n<tr>\n<td width=\"206\">Stockage\/transport<\/td>\n<td width=\"236\">-40 \u2103 ~ +70 \u2103<\/td>\n<\/tr>\n<\/tbody>\n<\/table>\n<p>&nbsp;<\/p>\n<p><strong><b>Param\u00e8tres techniques de la fibre optique <\/b><\/strong><\/p>\n<table>\n<tbody>\n<tr>\n<td colspan=\"3\" width=\"252\"><strong>Style fibre<\/strong><\/td>\n<td width=\"85\"><strong>Unit\u00e9<\/strong><\/td>\n<td width=\"94\"><strong>SM9\/125<\/strong><\/td>\n<td width=\"103\"><strong>MM50\/125<\/strong><\/td>\n<td width=\"122\"><strong>MM62,5\/125<\/strong><\/td>\n<\/tr>\n<tr>\n<td colspan=\"3\" width=\"252\">\u00e9tat<\/td>\n<td width=\"85\">nm<\/td>\n<td width=\"94\">1310\/1550<\/td>\n<td width=\"103\">850\/1300<\/td>\n<td width=\"122\">850\/1300<\/td>\n<\/tr>\n<tr>\n<td colspan=\"3\" width=\"252\">att\u00e9nuation<\/td>\n<td width=\"85\">dB\/km<\/td>\n<td width=\"94\">\u22640,34\/0,2<\/td>\n<td width=\"103\">\u22643,0\/1,0<\/td>\n<td width=\"122\">\u22643,0\/1,0<\/td>\n<\/tr>\n<tr>\n<td colspan=\"2\" rowspan=\"2\" width=\"140\">Dispersion<\/td>\n<td width=\"112\">1310 nm<\/td>\n<td width=\"85\">Ps\/(nm*km)<\/td>\n<td width=\"94\">\u226418<\/td>\n<td width=\"103\">\u2026..<\/td>\n<td width=\"122\">\u2026..<\/td>\n<\/tr>\n<tr>\n<td width=\"112\">1550 nm<\/td>\n<td width=\"85\">Ps\/(nm*km)<\/td>\n<td width=\"94\">\u226422<\/td>\n<td width=\"103\">\u2026..<\/td>\n<td width=\"122\">\u2026..<\/td>\n<\/tr>\n<tr>\n<td colspan=\"2\" rowspan=\"2\" width=\"140\">Bande passante<\/td>\n<td width=\"112\">850 nm<\/td>\n<td width=\"85\">MHz. KM<\/td>\n<td width=\"94\">\u2026..<\/td>\n<td width=\"103\">\u2267400<\/td>\n<td width=\"122\">\u2267160<\/td>\n<\/tr>\n<tr>\n<td width=\"112\">1300 nm<\/td>\n<td width=\"85\">MHz. KM<\/td>\n<td width=\"94\">\u2026..<\/td>\n<td width=\"103\">\u2267800<\/td>\n<td width=\"122\">\u2267500<\/td>\n<\/tr>\n<tr>\n<td colspan=\"3\" width=\"252\">Longueur d'onde \u00e0 dispersion nulle<\/td>\n<td width=\"85\">nm<\/td>\n<td width=\"94\">\u22671302,<\/p>\n<p>\u22641322<\/td>\n<td width=\"103\">\u2026..<\/td>\n<td width=\"122\">\u2026..<\/td>\n<\/tr>\n<tr>\n<td colspan=\"3\" width=\"252\">Pente de dispersion nulle<\/td>\n<td width=\"85\">nm<\/td>\n<td width=\"94\">\u22640,091<\/td>\n<td width=\"103\">\u2026..<\/td>\n<td width=\"122\">\u2026..<\/td>\n<\/tr>\n<tr>\n<td colspan=\"3\" width=\"252\">Fibre individuelle maximale PMD<\/td>\n<td width=\"85\">&nbsp;<\/td>\n<td width=\"94\">\u22640,2<\/td>\n<td width=\"103\">\u2026..<\/td>\n<td width=\"122\">\u2026..<\/td>\n<\/tr>\n<tr>\n<td colspan=\"3\" width=\"252\">Valeur du lien de conception PMD<\/td>\n<td width=\"85\">Ps(nm2*km)<\/td>\n<td width=\"94\">\u22640,08<\/td>\n<td width=\"103\">\u2026..<\/td>\n<td width=\"122\">\u2026..<\/td>\n<\/tr>\n<tr>\n<td colspan=\"3\" width=\"252\">Longueur d'onde de coupure de la fibre \u03bbc<\/td>\n<td width=\"85\">nm<\/td>\n<td width=\"94\">\u22671180,<\/p>\n<p>\u22641330<\/td>\n<td width=\"103\">\u2026..<\/td>\n<td width=\"122\">\u2026..<\/td>\n<\/tr>\n<tr>\n<td colspan=\"3\" width=\"252\">Longueur d'onde de coupure du c\u00e2ble \u03bbcc<\/td>\n<td width=\"85\">nm<\/td>\n<td width=\"94\">\u22641260<\/td>\n<td width=\"103\">\u2026..<\/td>\n<td width=\"122\">\u2026..<\/td>\n<\/tr>\n<tr>\n<td rowspan=\"2\" width=\"135\">MFD<\/td>\n<td colspan=\"2\" width=\"117\">1310 nm<\/td>\n<td width=\"85\">euh<\/td>\n<td width=\"94\">9,2 \u00b1 0,4<\/td>\n<td width=\"103\">\u2026..<\/td>\n<td width=\"122\">\u2026..<\/td>\n<\/tr>\n<tr>\n<td colspan=\"2\" width=\"117\">1550 nm<\/td>\n<td width=\"85\">euh<\/td>\n<td width=\"94\">10,4 \u00b1 0,8<\/td>\n<td width=\"103\">\u2026..<\/td>\n<td width=\"122\">\u2026..<\/td>\n<\/tr>\n<tr>\n<td colspan=\"3\" width=\"252\">Ouverture num\u00e9rique (NA)<\/td>\n<td width=\"85\">&nbsp;<\/td>\n<td width=\"94\">\u2026\u2026<\/td>\n<td width=\"103\">0,200 \u00b1 0,015<\/td>\n<td width=\"122\">0,275 \u00b1 0,015<\/td>\n<\/tr>\n<tr>\n<td colspan=\"3\" width=\"252\">Pas (moyenne de la mesure bidirectionnelle)<\/td>\n<td width=\"85\">dB<\/td>\n<td width=\"94\">\u22640,05<\/td>\n<td width=\"103\">\u22640,10<\/td>\n<td width=\"122\">\u22640,10<\/td>\n<\/tr>\n<tr>\n<td colspan=\"3\" width=\"252\">Irr\u00e9gularit\u00e9s sur la longueur des fibres et discontinuit\u00e9 ponctuelle<\/td>\n<td width=\"85\">dB<\/td>\n<td width=\"94\">\u22640,05<\/td>\n<td width=\"103\">\u22640,10<\/td>\n<td width=\"122\">\u22640,10<\/td>\n<\/tr>\n<tr>\n<td colspan=\"3\" width=\"252\">Coefficient de r\u00e9trodiffusion de diff\u00e9rence<\/td>\n<td width=\"85\">dB\/km<\/td>\n<td width=\"94\">\u22640,03<\/td>\n<td width=\"103\">\u22640,08<\/td>\n<td width=\"122\">\u22640,10<\/td>\n<\/tr>\n<tr>\n<td colspan=\"3\" width=\"252\">Uniformit\u00e9 de l'att\u00e9nuation<\/td>\n<td width=\"85\">dB\/km<\/td>\n<td width=\"94\">\u22640,01<\/td>\n<td width=\"103\">\u2026\u2026.<\/td>\n<td width=\"122\">\u2026\u2026.<\/td>\n<\/tr>\n<tr>\n<td colspan=\"3\" width=\"252\">Diam\u00e8tre du noyau<\/td>\n<td width=\"85\">euh<\/td>\n<td width=\"94\">\u2026\u2026<\/td>\n<td width=\"103\">50 \u00b1 1,0<\/td>\n<td width=\"122\">62,5\u00b12,5<\/td>\n<\/tr>\n<tr>\n<td colspan=\"3\" width=\"252\">Diam\u00e8tre du bardage<\/td>\n<td width=\"85\">euh<\/td>\n<td width=\"94\">125,0 \u00b1 0,1<\/td>\n<td width=\"103\">125,0 \u00b1 0,1<\/td>\n<td width=\"122\">125,0 \u00b1 0,1<\/td>\n<\/tr>\n<tr>\n<td colspan=\"3\" width=\"252\">Non-circularit\u00e9 du rev\u00eatement<\/td>\n<td width=\"85\">%<\/td>\n<td width=\"94\">\u22641,0<\/td>\n<td width=\"103\">\u22641,0<\/td>\n<td width=\"122\">\u22641,0<\/td>\n<\/tr>\n<tr>\n<td colspan=\"3\" width=\"252\">Diam\u00e8tre du rev\u00eatement<\/td>\n<td width=\"85\">euh<\/td>\n<td width=\"94\">242 \u00b1 7<\/td>\n<td width=\"103\">242 \u00b1 7<\/td>\n<td width=\"122\">242 \u00b1 7<\/td>\n<\/tr>\n<tr>\n<td colspan=\"3\" width=\"252\">Erreur de concentricit\u00e9 du rev\u00eatement\/pinsonnier<\/td>\n<td width=\"85\">euh<\/td>\n<td width=\"94\">\u226412,0<\/td>\n<td width=\"103\">\u226412,0<\/td>\n<td width=\"122\">\u226412,0<\/td>\n<\/tr>\n<tr>\n<td colspan=\"3\" width=\"252\">Non circularit\u00e9 du rev\u00eatement<\/td>\n<td width=\"85\">%<\/td>\n<td width=\"94\">\u22646,0<\/td>\n<td width=\"103\">\u22646,0<\/td>\n<td width=\"122\">\u22646,0<\/td>\n<\/tr>\n<tr>\n<td colspan=\"3\" width=\"252\">Erreur de concentricit\u00e9 noyau\/gaine<\/td>\n<td width=\"85\">euh<\/td>\n<td width=\"94\">\u22640,6<\/td>\n<td width=\"103\">\u22641,5<\/td>\n<td width=\"122\">\u22641,5<\/td>\n<\/tr>\n<tr>\n<td colspan=\"3\" width=\"252\">Boucle (rayon)<\/td>\n<td width=\"85\">euh<\/td>\n<td width=\"94\">\u22644<\/td>\n<td width=\"103\">\u2026..<\/td>\n<td width=\"122\">\u2026..<\/td>\n<\/tr>\n<\/tbody>\n<\/table>","protected":false},"excerpt":{"rendered":"<p>Dans le c\u00e2ble PE en fil de verre \u00e0 double gaine Unitube Armored Cable (GJFXTKV53) 2-12F d'OMC, les fibres monomodes\/multimodes sont positionn\u00e9es dans le tube l\u00e2che, qui est compos\u00e9 de mat\u00e9riaux PBT et rempli de compos\u00e9 de remplissage. Le tube l\u00e2che est recouvert de fil de verre bloquant l'eau. Ruban blind\u00e9 en acier et gaine en mat\u00e9riaux PE \u00e0 double gaine pour garantir la compacit\u00e9 et les performances longitudinales de blocage de l'eau. [\u2026]<\/p>","protected":false},"featured_media":11086,"comment_status":"closed","ping_status":"closed","template":"","meta":{"site-sidebar-layout":"default","site-content-layout":"","ast-site-content-layout":"default","site-content-style":"default","site-sidebar-style":"default","ast-global-header-display":"","ast-banner-title-visibility":"","ast-main-header-display":"","ast-hfb-above-header-display":"","ast-hfb-below-header-display":"","ast-hfb-mobile-header-display":"","site-post-title":"","ast-breadcrumbs-content":"","ast-featured-img":"","footer-sml-layout":"","theme-transparent-header-meta":"default","adv-header-id-meta":"","stick-header-meta":"default","header-above-stick-meta":"","header-main-stick-meta":"","header-below-stick-meta":"","astra-migrate-meta-layouts":"set","ast-page-background-enabled":"default","ast-page-background-meta":{"desktop":{"background-color":"var(--ast-global-color-4)","background-image":"","background-repeat":"repeat","background-position":"center center","background-size":"auto","background-attachment":"scroll","background-type":"","background-media":"","overlay-type":"","overlay-color":"","overlay-gradient":""},"tablet":{"background-color":"","background-image":"","background-repeat":"repeat","background-position":"center center","background-size":"auto","background-attachment":"scroll","background-type":"","background-media":"","overlay-type":"","overlay-color":"","overlay-gradient":""},"mobile":{"background-color":"","background-image":"","background-repeat":"repeat","background-position":"center center","background-size":"auto","background-attachment":"scroll","background-type":"","background-media":"","overlay-type":"","overlay-color":"","overlay-gradient":""}},"ast-content-background-meta":{"desktop":{"background-color":"var(--ast-global-color-5)","background-image":"","background-repeat":"repeat","background-position":"center center","background-size":"auto","background-attachment":"scroll","background-type":"","background-media":"","overlay-type":"","overlay-color":"","overlay-gradient":""},"tablet":{"background-color":"var(--ast-global-color-5)","background-image":"","background-repeat":"repeat","background-position":"center center","background-size":"auto","background-attachment":"scroll","background-type":"","background-media":"","overlay-type":"","overlay-color":"","overlay-gradient":""},"mobile":{"background-color":"var(--ast-global-color-5)","background-image":"","background-repeat":"repeat","background-position":"center center","background-size":"auto","background-attachment":"scroll","background-type":"","background-media":"","overlay-type":"","overlay-color":"","overlay-gradient":""}}},"product_cat":[139,124],"product_tag":[],"class_list":{"0":"post-11084","1":"product","2":"type-product","3":"status-publish","4":"has-post-thumbnail","6":"product_cat-armored-outdoor-cable","7":"product_cat-outdoor-cable","8":"desktop-align-left","9":"tablet-align-left","10":"mobile-align-left","11":"ast-product-gallery-layout-horizontal-slider","12":"ast-product-tabs-layout-horizontal","14":"first","15":"instock","16":"shipping-taxable","17":"product-type-simple"},"acf":[],"_links":{"self":[{"href":"https:\/\/www.omccable.com\/fr\/wp-json\/wp\/v2\/product\/11084","targetHints":{"allow":["GET"]}}],"collection":[{"href":"https:\/\/www.omccable.com\/fr\/wp-json\/wp\/v2\/product"}],"about":[{"href":"https:\/\/www.omccable.com\/fr\/wp-json\/wp\/v2\/types\/product"}],"replies":[{"embeddable":true,"href":"https:\/\/www.omccable.com\/fr\/wp-json\/wp\/v2\/comments?post=11084"}],"version-history":[{"count":1,"href":"https:\/\/www.omccable.com\/fr\/wp-json\/wp\/v2\/product\/11084\/revisions"}],"predecessor-version":[{"id":11087,"href":"https:\/\/www.omccable.com\/fr\/wp-json\/wp\/v2\/product\/11084\/revisions\/11087"}],"wp:featuredmedia":[{"embeddable":true,"href":"https:\/\/www.omccable.com\/fr\/wp-json\/wp\/v2\/media\/11086"}],"wp:attachment":[{"href":"https:\/\/www.omccable.com\/fr\/wp-json\/wp\/v2\/media?parent=11084"}],"wp:term":[{"taxonomy":"product_cat","embeddable":true,"href":"https:\/\/www.omccable.com\/fr\/wp-json\/wp\/v2\/product_cat?post=11084"},{"taxonomy":"product_tag","embeddable":true,"href":"https:\/\/www.omccable.com\/fr\/wp-json\/wp\/v2\/product_tag?post=11084"}],"curies":[{"name":"wp","href":"https:\/\/api.w.org\/{rel}","templated":true}]}}