{"id":11073,"date":"2024-06-21T17:10:42","date_gmt":"2024-06-21T09:10:42","guid":{"rendered":"https:\/\/www.omccable.com\/?post_type=product&#038;p=11073"},"modified":"2024-06-21T17:10:42","modified_gmt":"2024-06-21T09:10:42","slug":"2-12f-unitube-armored-cable-gyxtp-glass-yarn-pe","status":"publish","type":"product","link":"https:\/\/www.omccable.com\/fr\/produit\/2-12f-unitube-armored-cable-gyxtp-glass-yarn-pe\/","title":{"rendered":"C\u00e2ble blind\u00e9 Unitube 2-12F (GYXTP) Fil de verre PE"},"content":{"rendered":"<p>Dans le <strong><b>C\u00e2ble blind\u00e9 Unitube 2-12F (GYXTP) Fil de verre PE<\/b><\/strong>, les fibres monomodes\/multimodes sont positionn\u00e9es dans le tube l\u00e2che, qui est constitu\u00e9 de mat\u00e9riaux PBT et rempli de compos\u00e9 de remplissage. Le tube l\u00e2che est recouvert de <strong><b>Fil de verre bloquant l'eau<\/b><\/strong>\u00a0. <strong><b>Bande blind\u00e9e en acier et PE<\/b><\/strong>\u00a0Mat\u00e9riaux pour garantir la compacit\u00e9 et les performances longitudinales de blocage de l'eau. En m\u00eame temps. Deux fils d'acier parall\u00e8les sont int\u00e9gr\u00e9s dans la gaine ext\u00e9rieure pour offrir une haute r\u00e9sistance.<\/p>\n<p>&nbsp;<\/p>\n<p><strong><b>Couleur standard de la fibre et du tube<\/b><\/strong><\/p>\n<p>Le code couleur de chaque fibre doit \u00eatre conforme au tableau ci-dessous :<\/p>\n<table>\n<tbody>\n<tr>\n<td width=\"168\">Non.<\/td>\n<td width=\"86\">1<\/td>\n<td width=\"82\">2<\/td>\n<td width=\"82\">3<\/td>\n<td width=\"82\">4<\/td>\n<td width=\"82\">5<\/td>\n<td width=\"75\">6<\/td>\n<\/tr>\n<tr>\n<td width=\"168\">Couleur<\/td>\n<td width=\"86\">Bleu<\/td>\n<td width=\"82\">Orange<\/td>\n<td width=\"82\">Vert<\/td>\n<td width=\"82\">Brun<\/td>\n<td width=\"82\">Ardoise<\/td>\n<td width=\"75\">Blanc<\/td>\n<\/tr>\n<tr>\n<td width=\"168\">Non.<\/td>\n<td width=\"86\">7<\/td>\n<td width=\"82\">8<\/td>\n<td width=\"82\">9<\/td>\n<td width=\"82\">10<\/td>\n<td width=\"82\">11<\/td>\n<td width=\"75\">12<\/td>\n<\/tr>\n<tr>\n<td width=\"168\">Couleur<\/td>\n<td width=\"86\">Rouge<\/td>\n<td width=\"82\">Noir<\/td>\n<td width=\"82\">Jaune<\/td>\n<td width=\"82\">Violette<\/td>\n<td width=\"82\">Rose<\/td>\n<td width=\"75\">Aqua<\/td>\n<\/tr>\n<\/tbody>\n<\/table>\n<p>&nbsp;<\/p>\n<p><strong><b>C\u00e2ble<\/b><\/strong><strong><b>\u00a0Param\u00e8tre de structure<\/b><\/strong><\/p>\n<table>\n<tbody>\n<tr>\n<td width=\"247\">Article<\/td>\n<td width=\"103\">Sommaire<\/td>\n<td width=\"75\">Unit\u00e9<\/td>\n<td colspan=\"4\" width=\"236\">Valeur<\/td>\n<\/tr>\n<tr>\n<td width=\"247\">Nombre de fibres<\/td>\n<td width=\"103\">Nombre<\/td>\n<td width=\"75\">\/<\/td>\n<td width=\"56\">4<\/td>\n<td width=\"56\">6<\/td>\n<td width=\"56\">8<\/td>\n<td width=\"66\">12<\/td>\n<\/tr>\n<tr>\n<td width=\"247\">Type de fibre<\/td>\n<td width=\"103\">\/<\/td>\n<td width=\"75\">\/<\/td>\n<td colspan=\"4\" width=\"236\">SMG652D;OM2,OM3,OM4<\/td>\n<\/tr>\n<tr>\n<td width=\"247\">Fibres par tube<\/td>\n<td width=\"103\">Compter<\/td>\n<td width=\"75\">\/<\/td>\n<td width=\"56\">4<\/td>\n<td width=\"56\">6<\/td>\n<td width=\"56\">8<\/td>\n<td width=\"66\">12<\/td>\n<\/tr>\n<tr>\n<td rowspan=\"3\" width=\"247\">Tube l\u00e2che<\/td>\n<td width=\"103\">Mat\u00e9riel<\/td>\n<td width=\"75\">\/<\/td>\n<td colspan=\"4\" width=\"236\">PBT<\/td>\n<\/tr>\n<tr>\n<td width=\"103\">Diam\u00e8tre<\/td>\n<td width=\"75\">mm<\/td>\n<td colspan=\"4\" width=\"236\">2,0 \u00b1 0,1<\/td>\n<\/tr>\n<tr>\n<td width=\"103\">Couleur<\/td>\n<td width=\"75\">\/<\/td>\n<td colspan=\"4\" width=\"236\">Nature<\/td>\n<\/tr>\n<tr>\n<td rowspan=\"2\" width=\"247\">Membre de force<\/td>\n<td width=\"103\">Mat\u00e9riel<\/td>\n<td width=\"75\">\/<\/td>\n<td colspan=\"4\" width=\"236\">PRF<\/td>\n<\/tr>\n<tr>\n<td width=\"103\">Diam\u00e8tre<\/td>\n<td width=\"75\">mm<\/td>\n<td colspan=\"4\" width=\"236\">1.0*2<\/td>\n<\/tr>\n<tr>\n<td width=\"247\">Blocage de l'eau<\/td>\n<td width=\"103\">Mat\u00e9riel<\/td>\n<td width=\"75\">\/<\/td>\n<td colspan=\"4\" width=\"236\">Compos\u00e9 bloquant l\u2019eau<\/td>\n<\/tr>\n<tr>\n<td width=\"247\">Renfort p\u00e9riph\u00e9rique<\/td>\n<td width=\"103\">Mat\u00e9riel<\/td>\n<td width=\"75\">\/<\/td>\n<td colspan=\"4\" width=\"236\">Ruban d'acier ondul\u00e9<\/td>\n<\/tr>\n<tr>\n<td rowspan=\"2\" width=\"247\">Att\u00e9nuation (apr\u00e8s c\u00e2ble)<\/td>\n<td width=\"103\">1310 nm<\/td>\n<td width=\"75\">dB\/km<\/td>\n<td colspan=\"4\" width=\"236\">0.36<\/td>\n<\/tr>\n<tr>\n<td width=\"103\">1550 nm<\/td>\n<td width=\"75\">dB\/km<\/td>\n<td colspan=\"4\" width=\"236\">0.22<\/td>\n<\/tr>\n<tr>\n<td rowspan=\"2\" width=\"247\">Gaine ext\u00e9rieure<\/td>\n<td width=\"103\">mat\u00e9riel<\/td>\n<td width=\"75\">\/<\/td>\n<td colspan=\"4\" width=\"236\">PE<\/td>\n<\/tr>\n<tr>\n<td width=\"103\">Couleur<\/td>\n<td width=\"75\">\/<\/td>\n<td colspan=\"4\" width=\"236\">Noir<\/td>\n<\/tr>\n<tr>\n<td width=\"247\">Diam\u00e8tre du c\u00e2ble<\/td>\n<td width=\"103\">\u00b10,3<\/td>\n<td width=\"75\">mm<\/td>\n<td colspan=\"4\" width=\"236\">7.5<\/td>\n<\/tr>\n<tr>\n<td width=\"247\">Poids du c\u00e2ble<\/td>\n<td width=\"103\">\u00b15%<\/td>\n<td width=\"75\">kg\/km<\/td>\n<td colspan=\"4\" width=\"236\">51<\/td>\n<\/tr>\n<\/tbody>\n<\/table>\n<p>&nbsp;<\/p>\n<p><strong><b>Performances M\u00e9caniques et Environnementales<\/b><\/strong><\/p>\n<table>\n<tbody>\n<tr>\n<td width=\"221\"><strong>Article<\/strong><\/td>\n<td width=\"206\"><strong>Sommaire<\/strong><\/td>\n<td width=\"236\"><strong>Valeur<\/strong><\/td>\n<\/tr>\n<tr>\n<td rowspan=\"2\" width=\"221\">Max. charge de traction<\/td>\n<td width=\"206\">Court terme<\/td>\n<td width=\"236\">Souche de fibre 1200N\u22640,6%<\/td>\n<\/tr>\n<tr>\n<td width=\"206\">\u00c0 long terme<\/td>\n<td width=\"236\">400N<\/td>\n<\/tr>\n<tr>\n<td rowspan=\"2\" width=\"221\">Max. r\u00e9sistance \u00e0 l'\u00e9crasement<\/td>\n<td width=\"206\">Court terme<\/td>\n<td width=\"236\">1000N\/100mm<\/td>\n<\/tr>\n<tr>\n<td width=\"206\">\u00c0 long terme<\/td>\n<td width=\"236\">300N\/100mm<\/td>\n<\/tr>\n<tr>\n<td rowspan=\"2\" width=\"221\">Min. rayon de courbure<\/td>\n<td width=\"206\">Installation<\/td>\n<td width=\"236\">20 x diam\u00e8tre du c\u00e2ble<\/td>\n<\/tr>\n<tr>\n<td width=\"206\">Op\u00e9ration<\/td>\n<td width=\"236\">10 x diam\u00e8tre du c\u00e2ble<\/td>\n<\/tr>\n<tr>\n<td rowspan=\"3\" width=\"221\">Plage de temp\u00e9rature<\/td>\n<td width=\"206\">Op\u00e9ration<\/td>\n<td width=\"236\">-40 \u2103 ~ +70 \u2103<\/td>\n<\/tr>\n<tr>\n<td width=\"206\">Installation<\/td>\n<td width=\"236\">-20 \u2103 ~ +60 \u2103<\/td>\n<\/tr>\n<tr>\n<td width=\"206\">Stockage\/transport<\/td>\n<td width=\"236\">-40 \u2103 ~ +70 \u2103<\/td>\n<\/tr>\n<\/tbody>\n<\/table>\n<p>&nbsp;<\/p>\n<p><strong><b>Param\u00e8tres techniques de la fibre optique-SMF<\/b><\/strong><\/p>\n<table>\n<tbody>\n<tr>\n<td colspan=\"2\" rowspan=\"2\" width=\"320\"><strong>Article<\/strong><\/td>\n<td rowspan=\"2\" width=\"85\"><strong>Unit\u00e9<\/strong><\/td>\n<td width=\"264\"><strong>Sp\u00e9cification<\/strong><\/td>\n<\/tr>\n<tr>\n<td width=\"264\">G. 652D<\/td>\n<\/tr>\n<tr>\n<td rowspan=\"2\" width=\"207\">Diam\u00e8tre du champ de mode<\/td>\n<td width=\"113\">1310 nm<\/td>\n<td width=\"85\">nm<\/td>\n<td width=\"264\">9,2 \u00b1 0,4<\/td>\n<\/tr>\n<tr>\n<td width=\"113\">1550 nm<\/td>\n<td width=\"85\">nm<\/td>\n<td width=\"264\">10,4 \u00b1 0,5<\/td>\n<\/tr>\n<tr>\n<td colspan=\"2\" width=\"320\">Diam\u00e8tre du bardage<\/td>\n<td width=\"85\">nm<\/td>\n<td width=\"264\">125,0 \u00b1 0,7<\/td>\n<\/tr>\n<tr>\n<td colspan=\"2\" width=\"320\">Non-circularit\u00e9 du rev\u00eatement<\/td>\n<td width=\"85\">%<\/td>\n<td width=\"264\">\u22641,0<\/td>\n<\/tr>\n<tr>\n<td colspan=\"2\" width=\"320\">Erreur de concentricit\u00e9 du noyau<\/td>\n<td width=\"85\">nm<\/td>\n<td width=\"264\">\u22640,6<\/td>\n<\/tr>\n<tr>\n<td colspan=\"2\" width=\"320\">Diam\u00e8tre du rev\u00eatement<\/td>\n<td width=\"85\">nm<\/td>\n<td width=\"264\">242 \u00b1 7<\/td>\n<\/tr>\n<tr>\n<td colspan=\"2\" width=\"320\">Erreur de concentricit\u00e9 du rev\u00eatement\/bardage<\/td>\n<td width=\"85\">nm<\/td>\n<td width=\"264\">\u226412<\/td>\n<\/tr>\n<tr>\n<td colspan=\"2\" width=\"320\">Longueur d'onde de coupure du c\u00e2ble \u03bbcc<\/td>\n<td width=\"85\">nm<\/td>\n<td width=\"264\">\u2264 1260<\/td>\n<\/tr>\n<tr>\n<td rowspan=\"2\" width=\"207\">Att\u00e9nuation<\/td>\n<td width=\"113\">1310 nm<\/td>\n<td width=\"85\">dB\/km<\/td>\n<td width=\"264\">\u22640,35<\/td>\n<\/tr>\n<tr>\n<td width=\"113\">1550 nm<\/td>\n<td width=\"85\">dB\/km<\/td>\n<td width=\"264\">\u22640,21<\/td>\n<\/tr>\n<\/tbody>\n<\/table>","protected":false},"excerpt":{"rendered":"<p>Dans le fil de verre PE 2-12F Unitube Armored Cable (GYXTP) d'OMC, les fibres monomodes\/multimodes sont positionn\u00e9es dans le tube l\u00e2che, qui est constitu\u00e9 de mat\u00e9riaux PBT et rempli de compos\u00e9 de remplissage. Le tube l\u00e2che est recouvert de fil de verre bloquant l'eau. Ruban blind\u00e9 en acier et mat\u00e9riaux PE pour garantir la compacit\u00e9 et les performances longitudinales de blocage de l'eau. En m\u00eame temps. [\u2026]<\/p>","protected":false},"featured_media":11075,"comment_status":"closed","ping_status":"closed","template":"","meta":{"site-sidebar-layout":"default","site-content-layout":"","ast-site-content-layout":"default","site-content-style":"default","site-sidebar-style":"default","ast-global-header-display":"","ast-banner-title-visibility":"","ast-main-header-display":"","ast-hfb-above-header-display":"","ast-hfb-below-header-display":"","ast-hfb-mobile-header-display":"","site-post-title":"","ast-breadcrumbs-content":"","ast-featured-img":"","footer-sml-layout":"","theme-transparent-header-meta":"default","adv-header-id-meta":"","stick-header-meta":"default","header-above-stick-meta":"","header-main-stick-meta":"","header-below-stick-meta":"","astra-migrate-meta-layouts":"set","ast-page-background-enabled":"default","ast-page-background-meta":{"desktop":{"background-color":"var(--ast-global-color-4)","background-image":"","background-repeat":"repeat","background-position":"center center","background-size":"auto","background-attachment":"scroll","background-type":"","background-media":"","overlay-type":"","overlay-color":"","overlay-gradient":""},"tablet":{"background-color":"","background-image":"","background-repeat":"repeat","background-position":"center center","background-size":"auto","background-attachment":"scroll","background-type":"","background-media":"","overlay-type":"","overlay-color":"","overlay-gradient":""},"mobile":{"background-color":"","background-image":"","background-repeat":"repeat","background-position":"center center","background-size":"auto","background-attachment":"scroll","background-type":"","background-media":"","overlay-type":"","overlay-color":"","overlay-gradient":""}},"ast-content-background-meta":{"desktop":{"background-color":"var(--ast-global-color-5)","background-image":"","background-repeat":"repeat","background-position":"center center","background-size":"auto","background-attachment":"scroll","background-type":"","background-media":"","overlay-type":"","overlay-color":"","overlay-gradient":""},"tablet":{"background-color":"var(--ast-global-color-5)","background-image":"","background-repeat":"repeat","background-position":"center center","background-size":"auto","background-attachment":"scroll","background-type":"","background-media":"","overlay-type":"","overlay-color":"","overlay-gradient":""},"mobile":{"background-color":"var(--ast-global-color-5)","background-image":"","background-repeat":"repeat","background-position":"center center","background-size":"auto","background-attachment":"scroll","background-type":"","background-media":"","overlay-type":"","overlay-color":"","overlay-gradient":""}}},"product_cat":[139,124],"product_tag":[],"class_list":{"0":"post-11073","1":"product","2":"type-product","3":"status-publish","4":"has-post-thumbnail","6":"product_cat-armored-outdoor-cable","7":"product_cat-outdoor-cable","8":"desktop-align-left","9":"tablet-align-left","10":"mobile-align-left","11":"ast-product-gallery-layout-horizontal-slider","12":"ast-product-tabs-layout-horizontal","14":"first","15":"instock","16":"shipping-taxable","17":"product-type-simple"},"acf":[],"_links":{"self":[{"href":"https:\/\/www.omccable.com\/fr\/wp-json\/wp\/v2\/product\/11073","targetHints":{"allow":["GET"]}}],"collection":[{"href":"https:\/\/www.omccable.com\/fr\/wp-json\/wp\/v2\/product"}],"about":[{"href":"https:\/\/www.omccable.com\/fr\/wp-json\/wp\/v2\/types\/product"}],"replies":[{"embeddable":true,"href":"https:\/\/www.omccable.com\/fr\/wp-json\/wp\/v2\/comments?post=11073"}],"version-history":[{"count":1,"href":"https:\/\/www.omccable.com\/fr\/wp-json\/wp\/v2\/product\/11073\/revisions"}],"predecessor-version":[{"id":11076,"href":"https:\/\/www.omccable.com\/fr\/wp-json\/wp\/v2\/product\/11073\/revisions\/11076"}],"wp:featuredmedia":[{"embeddable":true,"href":"https:\/\/www.omccable.com\/fr\/wp-json\/wp\/v2\/media\/11075"}],"wp:attachment":[{"href":"https:\/\/www.omccable.com\/fr\/wp-json\/wp\/v2\/media?parent=11073"}],"wp:term":[{"taxonomy":"product_cat","embeddable":true,"href":"https:\/\/www.omccable.com\/fr\/wp-json\/wp\/v2\/product_cat?post=11073"},{"taxonomy":"product_tag","embeddable":true,"href":"https:\/\/www.omccable.com\/fr\/wp-json\/wp\/v2\/product_tag?post=11073"}],"curies":[{"name":"wp","href":"https:\/\/api.w.org\/{rel}","templated":true}]}}