{"id":11043,"date":"2024-06-11T14:29:07","date_gmt":"2024-06-11T06:29:07","guid":{"rendered":"https:\/\/www.omccable.com\/?post_type=product&#038;p=11043"},"modified":"2024-06-11T14:29:07","modified_gmt":"2024-06-11T06:29:07","slug":"8-144f-aerial-self-supporting-fig-8-stranded-loose-tube-no-armored-cable-gyfc8y","status":"publish","type":"product","link":"https:\/\/www.omccable.com\/fr\/produit\/8-144f-aerial-self-supporting-fig-8-stranded-loose-tube-no-armored-cable-gyfc8y\/","title":{"rendered":"8-144F Antenne autoportante Fig 8 C\u00e2ble toronn\u00e9 \u00e0 tube libre non blind\u00e9 GYFC8Y"},"content":{"rendered":"<p>Dans le <strong><b>8-144F Antenne autoportante Fig 8 C\u00e2ble toronn\u00e9 \u00e0 tube libre non blind\u00e9 GYFC8Y<\/b><\/strong>, UN <strong><b>Fil FRP<\/b><\/strong>, parfois gain\u00e9 de poly\u00e9thyl\u00e8ne (PE), est situ\u00e9 au centre du noyau en tant qu'\u00e9l\u00e9ment de renforcement non m\u00e9tallique. Les fibres monomodes\/multimodes sont positionn\u00e9es dans le tube l\u00e2che, qui est constitu\u00e9 de mat\u00e9riaux PBT et rempli de compos\u00e9 de remplissage. Le tube l\u00e2che est recouvert de mat\u00e9riaux HDPE pour garantir la compacit\u00e9 et les performances longitudinales de blocage de l'eau.<\/p>\n<p>&nbsp;<\/p>\n<p><strong><b>Couleur standard de la fibre et du tube<\/b><\/strong><\/p>\n<p>Le code couleur de chaque fibre doit \u00eatre conforme au tableau ci-dessous :<\/p>\n<table>\n<tbody>\n<tr>\n<td width=\"165\">Non.<\/td>\n<td width=\"78\">1<\/td>\n<td width=\"75\">2<\/td>\n<td width=\"75\">3<\/td>\n<td width=\"75\">4<\/td>\n<td width=\"75\">5<\/td>\n<td width=\"69\">6<\/td>\n<\/tr>\n<tr>\n<td width=\"165\">Couleur<\/td>\n<td width=\"78\">Bleu<\/td>\n<td width=\"75\">Orange<\/td>\n<td width=\"75\">Vert<\/td>\n<td width=\"75\">Brun<\/td>\n<td width=\"75\">Ardoise<\/td>\n<td width=\"69\">Blanc<\/td>\n<\/tr>\n<tr>\n<td width=\"165\">Non.<\/td>\n<td width=\"78\">7<\/td>\n<td width=\"75\">8<\/td>\n<td width=\"75\">9<\/td>\n<td width=\"75\">10<\/td>\n<td width=\"75\">11<\/td>\n<td width=\"69\">12<\/td>\n<\/tr>\n<tr>\n<td width=\"165\">Couleur<\/td>\n<td width=\"78\">Rouge<\/td>\n<td width=\"75\">Noir<\/td>\n<td width=\"75\">Jaune<\/td>\n<td width=\"75\">Violette<\/td>\n<td width=\"75\">Rose<\/td>\n<td width=\"69\">Aqua<\/td>\n<\/tr>\n<\/tbody>\n<\/table>\n<p>&nbsp;<\/p>\n<p><strong><b>C\u00e2ble<\/b><\/strong><strong><b>\u00a0Param\u00e8tre de structure<\/b><\/strong><\/p>\n<table>\n<tbody>\n<tr>\n<td width=\"160\"><strong>Article<\/strong><\/td>\n<td width=\"113\"><strong>Sommaire<\/strong><\/td>\n<td width=\"66\"><strong>Unit\u00e9<\/strong><\/td>\n<td colspan=\"7\" width=\"380\"><strong>Valeur<\/strong><\/td>\n<\/tr>\n<tr>\n<td width=\"160\">Nombre de fibres<\/td>\n<td width=\"113\">Nombre<\/td>\n<td width=\"66\">\/<\/td>\n<td width=\"47\">8<\/td>\n<td width=\"37\">12<\/td>\n<td width=\"66\">24<\/td>\n<td width=\"75\">48<\/td>\n<td width=\"74\">96<\/td>\n<td colspan=\"2\" width=\"78\">144<\/td>\n<\/tr>\n<tr>\n<td width=\"160\">Type de fibre<\/td>\n<td width=\"113\">\/<\/td>\n<td width=\"66\">\/<\/td>\n<td colspan=\"7\" width=\"380\">G652D<\/td>\n<\/tr>\n<tr>\n<td width=\"160\">Structure du c\u00e2ble<\/td>\n<td width=\"113\">\/<\/td>\n<td width=\"66\">\/<\/td>\n<td width=\"47\">1+6<\/td>\n<td width=\"37\">1+6<\/td>\n<td width=\"66\">1+6<\/td>\n<td width=\"75\">1+6<\/td>\n<td width=\"74\">1+8<\/td>\n<td colspan=\"2\" width=\"78\">1+12<\/td>\n<\/tr>\n<tr>\n<td width=\"160\">Fibres par tube<\/td>\n<td width=\"113\">Compter<\/td>\n<td width=\"66\">\/<\/td>\n<td width=\"47\">8<\/td>\n<td width=\"37\">6<\/td>\n<td width=\"66\">8<\/td>\n<td width=\"75\">8<\/td>\n<td width=\"74\">12<\/td>\n<td colspan=\"2\" width=\"78\">12<\/td>\n<\/tr>\n<tr>\n<td rowspan=\"2\" width=\"160\">Tube l\u00e2che<\/td>\n<td width=\"113\">Mat\u00e9riel<\/td>\n<td width=\"66\">\/<\/td>\n<td colspan=\"7\" width=\"380\">PBT<\/td>\n<\/tr>\n<tr>\n<td width=\"113\">Diam\u00e8tre nominal<\/td>\n<td width=\"66\">mm<\/td>\n<td width=\"47\">1.9<\/td>\n<td width=\"37\">1.9<\/td>\n<td width=\"66\">1.9<\/td>\n<td width=\"75\">1.9<\/td>\n<td width=\"74\">2.0<\/td>\n<td colspan=\"2\" width=\"78\">2.0<\/td>\n<\/tr>\n<tr>\n<td rowspan=\"3\" width=\"160\">Membre de la force centrale<\/td>\n<td width=\"113\">Mat\u00e9riel<\/td>\n<td width=\"66\">\/<\/td>\n<td colspan=\"7\" width=\"380\">Couche de coussin FRP<\/td>\n<\/tr>\n<tr>\n<td width=\"113\">Diam\u00e8tre nominal<\/td>\n<td width=\"66\">mm<\/td>\n<td width=\"47\">2.0<\/td>\n<td width=\"37\">2.0<\/td>\n<td width=\"66\">2.0<\/td>\n<td width=\"75\">2.0<\/td>\n<td width=\"74\">2.0<\/td>\n<td colspan=\"2\" width=\"78\">3.4<\/td>\n<\/tr>\n<tr>\n<td width=\"113\">Coussin PE<\/td>\n<td width=\"66\">mm<\/td>\n<td width=\"47\">\u2013<\/td>\n<td width=\"37\">\u2013<\/td>\n<td width=\"66\">\u2013<\/td>\n<td width=\"75\">\u2013<\/td>\n<td width=\"74\">3,3 \u00b1 0,2<\/td>\n<td colspan=\"2\" width=\"78\">6,1 \u00b1 0,2<\/td>\n<\/tr>\n<tr>\n<td width=\"160\">Syst\u00e8me de blocage d'eau<\/td>\n<td colspan=\"2\" width=\"179\">Mat\u00e9riel<\/td>\n<td colspan=\"7\" width=\"380\">Fil bloquant l'eau + ruban bloquant l'eau<\/td>\n<\/tr>\n<tr>\n<td width=\"160\">Fils de messagerie<\/td>\n<td width=\"113\">Nominal<\/p>\n<p>Dimensions<\/td>\n<td width=\"66\">&nbsp;<\/td>\n<td colspan=\"7\" width=\"380\">Toron en acier galvanis\u00e9 7 * 1,0<\/p>\n<p>Rev\u00eatement de zinc \u2265122 g\/m\u00b2<\/td>\n<\/tr>\n<tr>\n<td rowspan=\"2\" width=\"160\">Att\u00e9nuation (apr\u00e8s c\u00e2ble)<\/td>\n<td width=\"113\">1310 nm<\/td>\n<td width=\"66\">dB\/km<\/td>\n<td colspan=\"7\" width=\"380\">\u00a30.38<\/td>\n<\/tr>\n<tr>\n<td width=\"113\">1550 nm<\/td>\n<td width=\"66\">dB\/km<\/td>\n<td colspan=\"7\" width=\"380\">\u00a30.25<\/td>\n<\/tr>\n<tr>\n<td width=\"160\">Cordon de d\u00e9chirure<\/td>\n<td colspan=\"2\" width=\"179\">Nombre<\/td>\n<td colspan=\"7\" width=\"380\">2*Rouge<\/td>\n<\/tr>\n<tr>\n<td width=\"160\">Rayure<\/td>\n<td colspan=\"2\" width=\"179\">Nombre<\/td>\n<td colspan=\"7\" width=\"380\">1 * jaune<\/td>\n<\/tr>\n<tr>\n<td rowspan=\"3\" width=\"160\">Gaine<\/td>\n<td colspan=\"2\" width=\"179\">Mat\u00e9riel<\/td>\n<td colspan=\"7\" width=\"380\">PEHD<\/td>\n<\/tr>\n<tr>\n<td colspan=\"2\" width=\"179\">Couleur<\/td>\n<td colspan=\"7\" width=\"380\">Noir<\/td>\n<\/tr>\n<tr>\n<td width=\"113\">\u00e9paisseur<\/td>\n<td width=\"66\">mm<\/td>\n<td colspan=\"7\" width=\"380\">Nominale : 1,6<\/td>\n<\/tr>\n<tr>\n<td width=\"160\">Diam\u00e8tre du c\u00e2ble<\/td>\n<td width=\"113\">\u00b11,0<\/td>\n<td width=\"66\">mm<\/td>\n<td colspan=\"4\" width=\"226\">9.4*16.9<\/td>\n<td colspan=\"2\" width=\"75\">10.9*18.4<\/td>\n<td width=\"77\">13.7*21.2<\/td>\n<\/tr>\n<tr>\n<td width=\"160\">Poids du c\u00e2ble<\/td>\n<td width=\"113\">\u00b110%<\/td>\n<td width=\"66\">kg\/km<\/td>\n<td colspan=\"4\" width=\"226\">136<\/td>\n<td colspan=\"2\" width=\"75\">160<\/td>\n<td width=\"77\">219<\/td>\n<\/tr>\n<\/tbody>\n<\/table>\n<p><strong><b>\u00a0<\/b><\/strong><\/p>\n<p><strong><b>Performances M\u00e9caniques et Environnementales<\/b><\/strong><\/p>\n<table>\n<tbody>\n<tr>\n<td width=\"229\"><strong>Article<\/strong><\/td>\n<td width=\"270\"><strong>Sommaire<\/strong><\/td>\n<td width=\"221\"><strong>Valeur<\/strong><\/td>\n<\/tr>\n<tr>\n<td width=\"229\">Max. charge de traction<\/td>\n<td width=\"270\">Court terme<\/td>\n<td width=\"221\">2000N (d\u00e9formation des fibres\u22640,6%)<\/td>\n<\/tr>\n<tr>\n<td rowspan=\"2\" width=\"229\"><strong>\u00a0<\/strong><\/p>\n<p>Max. r\u00e9sistance \u00e0 l'\u00e9crasement<\/td>\n<td width=\"270\">Court terme<\/td>\n<td width=\"221\">1 000 N\/100 mm<\/td>\n<\/tr>\n<tr>\n<td width=\"270\">\u00c0 long terme<\/td>\n<td width=\"221\">300 N\/100 mm<\/td>\n<\/tr>\n<tr>\n<td rowspan=\"2\" width=\"229\">Min. rayon de courbure<\/td>\n<td width=\"270\">Installation<\/td>\n<td width=\"221\">20x diam\u00e8tre du c\u00e2ble<\/td>\n<\/tr>\n<tr>\n<td width=\"270\">Op\u00e9ration<\/td>\n<td width=\"221\">10 x diam\u00e8tre du c\u00e2ble<\/td>\n<\/tr>\n<tr>\n<td rowspan=\"3\" width=\"229\">Plage de temp\u00e9rature<\/td>\n<td width=\"270\">Op\u00e9ration<\/td>\n<td width=\"221\">-20 \u2103 ~ +60 \u2103<\/td>\n<\/tr>\n<tr>\n<td width=\"270\">Installation<\/td>\n<td width=\"221\">-40 \u2103 ~ +70 \u2103<\/td>\n<\/tr>\n<tr>\n<td width=\"270\">Stockage\/transport<\/td>\n<td width=\"221\">-40 \u2103 ~ +60 \u2103<\/td>\n<\/tr>\n<\/tbody>\n<\/table>\n<p>&nbsp;<\/p>\n<p><strong><b>Param\u00e8tres techniques de la fibre optique-SMF<\/b><\/strong><\/p>\n<table>\n<tbody>\n<tr>\n<td width=\"195\"><strong>Article<\/strong><\/td>\n<td width=\"292\"><strong>Sommaire<\/strong><\/td>\n<td width=\"232\"><strong>Valeur<\/strong><\/td>\n<\/tr>\n<tr>\n<td rowspan=\"2\" width=\"195\">Att\u00e9nuation<\/td>\n<td width=\"292\">@1310nm<\/td>\n<td width=\"232\">\u22640,35dB\/km<\/td>\n<\/tr>\n<tr>\n<td width=\"292\">@1550nm<\/td>\n<td width=\"232\">\u22640,21dB\/km<\/td>\n<\/tr>\n<tr>\n<td rowspan=\"3\" width=\"195\">Dispersion<\/td>\n<td width=\"292\">@1288nm~1339nm<\/td>\n<td width=\"232\">\u22643,5ps\/(nm\u00b7km)<\/td>\n<\/tr>\n<tr>\n<td width=\"292\">@1550nm<\/td>\n<td width=\"232\">\u226418 ps\/(nm\u00b7km)<\/td>\n<\/tr>\n<tr>\n<td width=\"292\">@1625nm<\/td>\n<td width=\"232\">\u226422ps\/(nm\u00b7km)<\/td>\n<\/tr>\n<tr>\n<td colspan=\"2\" width=\"487\">Longueur d'onde \u00e0 dispersion nulle<\/td>\n<td width=\"232\">1 300 nm ~ 1 324 nm<\/td>\n<\/tr>\n<tr>\n<td colspan=\"2\" width=\"487\">Pente \u00e0 dispersion nulle<\/td>\n<td width=\"232\">\u22640,092ps\/(nm<sup>2<\/sup>\u00b7km)<\/td>\n<\/tr>\n<tr>\n<td rowspan=\"2\" width=\"195\">Diam\u00e8tre du champ de mode (MFD)<\/td>\n<td width=\"292\">@1310nm<\/td>\n<td width=\"232\">9,2\u00b10,7\u03bcm<\/td>\n<\/tr>\n<tr>\n<td width=\"292\">@1550nm<\/td>\n<td width=\"232\">10,4\u00b10,5\u03bcm<\/td>\n<\/tr>\n<tr>\n<td colspan=\"2\" width=\"487\">Longueur d'onde de coupure du c\u00e2ble \u03bbcc(nm)<\/td>\n<td width=\"232\">\u22641260nm<\/td>\n<\/tr>\n<tr>\n<td colspan=\"2\" width=\"487\">Dispersion de polarisation du lien (PMDQ)<\/td>\n<td width=\"232\">\u22640,2ps\/km<sup>1\/2<\/sup><\/td>\n<\/tr>\n<tr>\n<td colspan=\"3\" width=\"720\">Caract\u00e9ristiques g\u00e9om\u00e9triques<\/td>\n<\/tr>\n<tr>\n<td colspan=\"2\" width=\"487\">Diam\u00e8tre du bardage<\/td>\n<td width=\"232\">125 \u00b1 0,7 \u03bcm<\/td>\n<\/tr>\n<tr>\n<td colspan=\"2\" width=\"487\">Non-circularit\u00e9 du rev\u00eatement<\/td>\n<td width=\"232\">\u22641%<\/td>\n<\/tr>\n<tr>\n<td colspan=\"2\" width=\"487\">Erreur de concentricit\u00e9 noyau\/gaine<\/td>\n<td width=\"232\">\u22640,8 \u03bcm<\/td>\n<\/tr>\n<tr>\n<td colspan=\"2\" width=\"487\">Diam\u00e8tre de fibre avec rev\u00eatement (non color\u00e9)<\/td>\n<td width=\"232\">250 \u00b1 10 \u03bcm<\/td>\n<\/tr>\n<tr>\n<td colspan=\"2\" width=\"487\">Erreur de concentricit\u00e9 du rev\u00eatement\/du rev\u00eatement<\/td>\n<td width=\"232\">\u226412,0 \u03bcm<\/td>\n<\/tr>\n<\/tbody>\n<\/table>","protected":false},"excerpt":{"rendered":"<p>Dans le c\u00e2ble a\u00e9rien autoportant 8-144F Fig 8 toronn\u00e9 non blind\u00e9 GYFC8Y d'OMC, un fil FRP, parfois gain\u00e9 de poly\u00e9thyl\u00e8ne (PE), est situ\u00e9 au centre de l'\u00e2me en tant qu'\u00e9l\u00e9ment de renforcement non m\u00e9tallique. Les fibres monomodes\/multimodes sont positionn\u00e9es dans le tube l\u00e2che, qui est constitu\u00e9 de mat\u00e9riaux PBT et rempli de compos\u00e9 de remplissage. Le tube l\u00e2che est recouvert [\u2026]<\/p>","protected":false},"featured_media":11045,"comment_status":"closed","ping_status":"closed","template":"","meta":{"site-sidebar-layout":"default","site-content-layout":"","ast-site-content-layout":"default","site-content-style":"default","site-sidebar-style":"default","ast-global-header-display":"","ast-banner-title-visibility":"","ast-main-header-display":"","ast-hfb-above-header-display":"","ast-hfb-below-header-display":"","ast-hfb-mobile-header-display":"","site-post-title":"","ast-breadcrumbs-content":"","ast-featured-img":"","footer-sml-layout":"","theme-transparent-header-meta":"default","adv-header-id-meta":"","stick-header-meta":"default","header-above-stick-meta":"","header-main-stick-meta":"","header-below-stick-meta":"","astra-migrate-meta-layouts":"set","ast-page-background-enabled":"default","ast-page-background-meta":{"desktop":{"background-color":"var(--ast-global-color-4)","background-image":"","background-repeat":"repeat","background-position":"center center","background-size":"auto","background-attachment":"scroll","background-type":"","background-media":"","overlay-type":"","overlay-color":"","overlay-gradient":""},"tablet":{"background-color":"","background-image":"","background-repeat":"repeat","background-position":"center center","background-size":"auto","background-attachment":"scroll","background-type":"","background-media":"","overlay-type":"","overlay-color":"","overlay-gradient":""},"mobile":{"background-color":"","background-image":"","background-repeat":"repeat","background-position":"center center","background-size":"auto","background-attachment":"scroll","background-type":"","background-media":"","overlay-type":"","overlay-color":"","overlay-gradient":""}},"ast-content-background-meta":{"desktop":{"background-color":"var(--ast-global-color-5)","background-image":"","background-repeat":"repeat","background-position":"center center","background-size":"auto","background-attachment":"scroll","background-type":"","background-media":"","overlay-type":"","overlay-color":"","overlay-gradient":""},"tablet":{"background-color":"var(--ast-global-color-5)","background-image":"","background-repeat":"repeat","background-position":"center center","background-size":"auto","background-attachment":"scroll","background-type":"","background-media":"","overlay-type":"","overlay-color":"","overlay-gradient":""},"mobile":{"background-color":"var(--ast-global-color-5)","background-image":"","background-repeat":"repeat","background-position":"center center","background-size":"auto","background-attachment":"scroll","background-type":"","background-media":"","overlay-type":"","overlay-color":"","overlay-gradient":""}}},"product_cat":[140,124],"product_tag":[],"class_list":{"0":"post-11043","1":"product","2":"type-product","3":"status-publish","4":"has-post-thumbnail","6":"product_cat-no-armored-cable","7":"product_cat-outdoor-cable","8":"desktop-align-left","9":"tablet-align-left","10":"mobile-align-left","11":"ast-product-gallery-layout-horizontal-slider","12":"ast-product-tabs-layout-horizontal","14":"first","15":"instock","16":"shipping-taxable","17":"product-type-simple"},"acf":[],"_links":{"self":[{"href":"https:\/\/www.omccable.com\/fr\/wp-json\/wp\/v2\/product\/11043","targetHints":{"allow":["GET"]}}],"collection":[{"href":"https:\/\/www.omccable.com\/fr\/wp-json\/wp\/v2\/product"}],"about":[{"href":"https:\/\/www.omccable.com\/fr\/wp-json\/wp\/v2\/types\/product"}],"replies":[{"embeddable":true,"href":"https:\/\/www.omccable.com\/fr\/wp-json\/wp\/v2\/comments?post=11043"}],"version-history":[{"count":1,"href":"https:\/\/www.omccable.com\/fr\/wp-json\/wp\/v2\/product\/11043\/revisions"}],"predecessor-version":[{"id":11046,"href":"https:\/\/www.omccable.com\/fr\/wp-json\/wp\/v2\/product\/11043\/revisions\/11046"}],"wp:featuredmedia":[{"embeddable":true,"href":"https:\/\/www.omccable.com\/fr\/wp-json\/wp\/v2\/media\/11045"}],"wp:attachment":[{"href":"https:\/\/www.omccable.com\/fr\/wp-json\/wp\/v2\/media?parent=11043"}],"wp:term":[{"taxonomy":"product_cat","embeddable":true,"href":"https:\/\/www.omccable.com\/fr\/wp-json\/wp\/v2\/product_cat?post=11043"},{"taxonomy":"product_tag","embeddable":true,"href":"https:\/\/www.omccable.com\/fr\/wp-json\/wp\/v2\/product_tag?post=11043"}],"curies":[{"name":"wp","href":"https:\/\/api.w.org\/{rel}","templated":true}]}}