{"id":11039,"date":"2024-06-11T14:19:10","date_gmt":"2024-06-11T06:19:10","guid":{"rendered":"https:\/\/www.omccable.com\/?post_type=product&#038;p=11039"},"modified":"2024-06-11T14:19:11","modified_gmt":"2024-06-11T06:19:11","slug":"12-432f-stranded-loose-tube-no-armored-outdoor-cable-gyfht6y","status":"publish","type":"product","link":"https:\/\/www.omccable.com\/fr\/produit\/12-432f-stranded-loose-tube-no-armored-outdoor-cable-gyfht6y\/","title":{"rendered":"C\u00e2ble ext\u00e9rieur non blind\u00e9 \u00e0 tube libre toronn\u00e9 12-432F-GYFHT6Y"},"content":{"rendered":"<p>Dans le<strong><b>\u00a0<\/b><\/strong><strong><b>C\u00e2ble ext\u00e9rieur non blind\u00e9 \u00e0 tube libre toronn\u00e9 12-432F-GYFHT6Y<\/b><\/strong>, UN <strong><b>Fil FRP<\/b><\/strong>, parfois gain\u00e9 de poly\u00e9thyl\u00e8ne (PE), est situ\u00e9 au centre du noyau en tant qu'\u00e9l\u00e9ment de renforcement non m\u00e9tallique. Les fibres monomodes\/multimodes sont positionn\u00e9es dans le tube l\u00e2che, qui est constitu\u00e9 de mat\u00e9riaux PBT et rempli de compos\u00e9 de remplissage. Le tube l\u00e2che est recouvert de mat\u00e9riaux HDPE pour garantir la compacit\u00e9 et les performances longitudinales de blocage de l'eau.<\/p>\n<p>&nbsp;<\/p>\n<p><strong><b>Couleur standard de la fibre et du tube<\/b><\/strong><\/p>\n<p>Le code couleur de chaque fibre doit \u00eatre conforme au tableau ci-dessous :<\/p>\n<table>\n<tbody>\n<tr>\n<td width=\"183\">Non.<\/td>\n<td width=\"87\">1<\/td>\n<td width=\"83\">2<\/td>\n<td width=\"83\">3<\/td>\n<td width=\"83\">4<\/td>\n<td width=\"83\">5<\/td>\n<td width=\"76\">6<\/td>\n<\/tr>\n<tr>\n<td width=\"183\">Couleur<\/td>\n<td width=\"87\">Bleu<\/td>\n<td width=\"83\">Orange<\/td>\n<td width=\"83\">Vert<\/td>\n<td width=\"83\">Brun<\/td>\n<td width=\"83\">Ardoise<\/td>\n<td width=\"76\">Blanc<\/td>\n<\/tr>\n<tr>\n<td width=\"183\">Non.<\/td>\n<td width=\"87\">7<\/td>\n<td width=\"83\">8<\/td>\n<td width=\"83\">9<\/td>\n<td width=\"83\">10<\/td>\n<td width=\"83\">11<\/td>\n<td width=\"76\">12<\/td>\n<\/tr>\n<tr>\n<td width=\"183\">Couleur<\/td>\n<td width=\"87\">Rouge<\/td>\n<td width=\"83\">Noir<\/td>\n<td width=\"83\">Jaune<\/td>\n<td width=\"83\">Violette<\/td>\n<td width=\"83\">Rose<\/td>\n<td width=\"76\">Aqua<\/td>\n<\/tr>\n<\/tbody>\n<\/table>\n<p>&nbsp;<\/p>\n<p><strong><b>Param\u00e8tre de structure<\/b><\/strong><\/p>\n<table>\n<tbody>\n<tr>\n<td width=\"180\"><strong>Article<\/strong><\/td>\n<td width=\"85\"><strong>Sommaire<\/strong><\/td>\n<td width=\"56\"><strong>Unit\u00e9<\/strong><\/td>\n<td colspan=\"9\" width=\"389\"><strong>Valeur<\/strong><\/td>\n<\/tr>\n<tr>\n<td width=\"180\">Nombre de fibres<\/td>\n<td width=\"85\">Nombre<\/td>\n<td width=\"56\">\/<\/td>\n<td width=\"94\">24-72<\/td>\n<td colspan=\"2\" width=\"75\">96<\/td>\n<td colspan=\"3\" width=\"75\">144<\/td>\n<td colspan=\"2\" width=\"75\">288<\/td>\n<td width=\"68\">432<\/td>\n<\/tr>\n<tr>\n<td width=\"180\">Type de fibre<\/td>\n<td width=\"85\">\/<\/td>\n<td width=\"56\">\/<\/td>\n<td colspan=\"9\" width=\"389\">G652D<\/td>\n<\/tr>\n<tr>\n<td width=\"180\">Structure du c\u00e2ble<\/td>\n<td width=\"85\">\/<\/td>\n<td width=\"56\">\/<\/td>\n<td width=\"94\">1+6<\/td>\n<td colspan=\"2\" width=\"75\">1+8<\/td>\n<td colspan=\"3\" width=\"75\">1+12<\/td>\n<td colspan=\"2\" width=\"75\">1+9+15<\/td>\n<td width=\"68\">1+6+12<\/td>\n<\/tr>\n<tr>\n<td width=\"180\">Fibres par tube<\/td>\n<td width=\"85\">Compter<\/td>\n<td width=\"56\">\/<\/td>\n<td colspan=\"8\" width=\"321\">12<\/td>\n<td width=\"68\">24<\/td>\n<\/tr>\n<tr>\n<td rowspan=\"2\" width=\"180\">Tube l\u00e2che<\/td>\n<td width=\"85\">Mat\u00e9riel<\/td>\n<td width=\"56\">\/<\/td>\n<td colspan=\"9\" width=\"389\">PBT<\/td>\n<\/tr>\n<tr>\n<td width=\"85\">Nominal<\/p>\n<p>Diam\u00e8tre<\/td>\n<td width=\"56\">mm<\/td>\n<td width=\"94\">2.3<\/td>\n<td colspan=\"2\" width=\"75\">2.1<\/td>\n<td colspan=\"3\" width=\"75\">2.1<\/td>\n<td colspan=\"2\" width=\"75\">2.1<\/td>\n<td width=\"68\">2.8<\/td>\n<\/tr>\n<tr>\n<td rowspan=\"3\" width=\"180\">Membre de la force centrale<\/td>\n<td width=\"85\">Mat\u00e9riel<\/td>\n<td width=\"56\">\/<\/td>\n<td colspan=\"9\" width=\"389\">Couche de coussin FRP et PE (si n\u00e9cessaire)<\/td>\n<\/tr>\n<tr>\n<td width=\"85\">Nominal<\/p>\n<p>Diam\u00e8tre<\/td>\n<td width=\"56\">mm<\/td>\n<td width=\"94\">2.5<\/td>\n<td colspan=\"2\" width=\"75\">2.8<\/td>\n<td colspan=\"3\" width=\"75\">3.0<\/td>\n<td colspan=\"2\" width=\"75\">3.0<\/td>\n<td width=\"68\">3.0<\/td>\n<\/tr>\n<tr>\n<td width=\"85\">Coussin PE<\/p>\n<p>couche<\/td>\n<td width=\"56\">mm<\/td>\n<td width=\"94\">\u2013<\/td>\n<td colspan=\"2\" width=\"75\">3,5 \u00b1 0,2<\/td>\n<td colspan=\"3\" width=\"75\">6,3 \u00b1 0,2<\/td>\n<td colspan=\"2\" width=\"75\">4,2 \u00b1 0,2<\/td>\n<td width=\"68\">&nbsp;<\/td>\n<\/tr>\n<tr>\n<td width=\"180\">Blocage de l'eau<\/td>\n<td colspan=\"2\" width=\"141\">Mat\u00e9riel<\/td>\n<td colspan=\"9\" width=\"389\">Ruban bloquant l'eau<\/td>\n<\/tr>\n<tr>\n<td width=\"180\">Membre de force p\u00e9riph\u00e9rique<\/td>\n<td colspan=\"2\" width=\"141\">Mat\u00e9riel<\/td>\n<td colspan=\"9\" width=\"389\">Fils de verre<\/td>\n<\/tr>\n<tr>\n<td rowspan=\"2\" width=\"180\">Gaine<\/td>\n<td colspan=\"2\" width=\"141\">Mat\u00e9riel<\/td>\n<td colspan=\"9\" width=\"389\">PEHD<\/td>\n<\/tr>\n<tr>\n<td width=\"85\">\u00e9paisseur<\/td>\n<td width=\"56\">mm<\/td>\n<td colspan=\"9\" width=\"389\">nom:1.5<\/td>\n<\/tr>\n<tr>\n<td width=\"180\">Diam\u00e8tre du c\u00e2ble<\/td>\n<td width=\"85\">\u00b15%<\/td>\n<td width=\"56\">mm<\/td>\n<td colspan=\"2\" width=\"100\">10.5<\/td>\n<td colspan=\"2\" width=\"72\">11.1<\/td>\n<td width=\"72\">13.9<\/td>\n<td colspan=\"2\" width=\"72\">16.2<\/td>\n<td colspan=\"2\" width=\"72\">17.8<\/td>\n<\/tr>\n<tr>\n<td width=\"180\">Poids du c\u00e2ble<\/td>\n<td width=\"85\">\u00b110%<\/td>\n<td width=\"56\">kg\/km<\/td>\n<td colspan=\"2\" width=\"100\">91<\/td>\n<td colspan=\"2\" width=\"72\">104<\/td>\n<td width=\"72\">158<\/td>\n<td colspan=\"2\" width=\"72\">210<\/td>\n<td colspan=\"2\" width=\"72\">241<\/td>\n<\/tr>\n<\/tbody>\n<\/table>\n<p><strong><b>\u00a0<\/b><\/strong><\/p>\n<p><strong><b>Performances M\u00e9caniques et Environnementales<\/b><\/strong><\/p>\n<table>\n<tbody>\n<tr>\n<td width=\"221\"><strong>Article<\/strong><\/td>\n<td width=\"270\"><strong>Sommaire<\/strong><\/td>\n<td width=\"221\"><strong>Valeur<\/strong><\/td>\n<\/tr>\n<tr>\n<td width=\"221\">Max. charge de traction<\/td>\n<td width=\"270\">Court terme<\/td>\n<td width=\"221\">2 500 N (d\u00e9formation des fibres \u2264 0,6 %)<\/td>\n<\/tr>\n<tr>\n<td width=\"221\">Max. r\u00e9sistance \u00e0 l'\u00e9crasement<\/td>\n<td width=\"270\">Court terme<\/td>\n<td width=\"221\">1 500 N\/100 mm<\/td>\n<\/tr>\n<tr>\n<td rowspan=\"2\" width=\"221\">Min. rayon de courbure<\/td>\n<td width=\"270\">Installation<\/td>\n<td width=\"221\">20x diam\u00e8tre du c\u00e2ble<\/td>\n<\/tr>\n<tr>\n<td width=\"270\">Op\u00e9ration<\/td>\n<td width=\"221\">10 x diam\u00e8tre du c\u00e2ble<\/td>\n<\/tr>\n<tr>\n<td rowspan=\"3\" width=\"221\">Plage de temp\u00e9rature<\/td>\n<td width=\"270\">Op\u00e9ration<\/td>\n<td width=\"221\">-40 \u2103 ~ +70 \u2103<\/td>\n<\/tr>\n<tr>\n<td width=\"270\">Installation<\/td>\n<td width=\"221\">-20 \u2103 ~ +60 \u2103<\/td>\n<\/tr>\n<tr>\n<td width=\"270\">Stockage\/transport<\/td>\n<td width=\"221\">-40 \u2103 ~ +70 \u2103<\/td>\n<\/tr>\n<\/tbody>\n<\/table>\n<p>&nbsp;<\/p>\n<p><strong><b>Param\u00e8tres techniques de la fibre optique-SMF<\/b><\/strong><\/p>\n<table>\n<tbody>\n<tr>\n<td colspan=\"2\" rowspan=\"2\" width=\"344\"><strong>Article<\/strong><\/td>\n<td rowspan=\"2\" width=\"150\"><strong>Unit\u00e9<\/strong><\/td>\n<td width=\"224\"><strong>Sp\u00e9cification<\/strong><\/td>\n<\/tr>\n<tr>\n<td width=\"224\">G. 652D<\/td>\n<\/tr>\n<tr>\n<td rowspan=\"2\" width=\"222\">Diam\u00e8tre du champ de mode<\/td>\n<td width=\"121\">1310 nm<\/td>\n<td width=\"150\">nm<\/td>\n<td width=\"224\">9,2 \u00b1 0,4<\/td>\n<\/tr>\n<tr>\n<td width=\"121\">1550 nm<\/td>\n<td width=\"150\">nm<\/td>\n<td width=\"224\">10,4 \u00b1 0,5<\/td>\n<\/tr>\n<tr>\n<td colspan=\"2\" width=\"344\">Diam\u00e8tre du bardage<\/td>\n<td width=\"150\">nm<\/td>\n<td width=\"224\">125,0 \u00b1 0,7<\/td>\n<\/tr>\n<tr>\n<td colspan=\"2\" width=\"344\">Non-circularit\u00e9 du rev\u00eatement<\/td>\n<td width=\"150\">%<\/td>\n<td width=\"224\">\u22641,0<\/td>\n<\/tr>\n<tr>\n<td colspan=\"2\" width=\"344\">Erreur de concentricit\u00e9 du noyau<\/td>\n<td width=\"150\">nm<\/td>\n<td width=\"224\">\u22640,6<\/td>\n<\/tr>\n<tr>\n<td colspan=\"2\" width=\"344\">Diam\u00e8tre du rev\u00eatement<\/td>\n<td width=\"150\">nm<\/td>\n<td width=\"224\">242 \u00b1 7<\/td>\n<\/tr>\n<tr>\n<td colspan=\"2\" width=\"344\">Erreur de concentricit\u00e9 du rev\u00eatement\/bardage<\/td>\n<td width=\"150\">nm<\/td>\n<td width=\"224\">\u226412<\/td>\n<\/tr>\n<tr>\n<td colspan=\"2\" width=\"344\">Longueur d'onde de coupure du c\u00e2ble \u03bbcc<\/td>\n<td width=\"150\">nm<\/td>\n<td width=\"224\">\u2264 1260<\/td>\n<\/tr>\n<tr>\n<td rowspan=\"2\" width=\"222\">Att\u00e9nuation<\/td>\n<td width=\"121\">1310 nm<\/td>\n<td width=\"150\">dB\/km<\/td>\n<td width=\"224\">\u22640,35<\/td>\n<\/tr>\n<tr>\n<td width=\"121\">1550 nm<\/td>\n<td width=\"150\">dB\/km<\/td>\n<td width=\"224\">\u22640,21<\/td>\n<\/tr>\n<\/tbody>\n<\/table>","protected":false},"excerpt":{"rendered":"<p>Dans le c\u00e2ble ext\u00e9rieur toronn\u00e9 \u00e0 tube libre non arm\u00e9 GYFHT6Y 12-432F d'OMC, un fil FRP, parfois gain\u00e9 de poly\u00e9thyl\u00e8ne (PE), est situ\u00e9 au centre de l'\u00e2me en tant qu'\u00e9l\u00e9ment de renforcement non m\u00e9tallique. Les fibres monomodes\/multimodes sont positionn\u00e9es dans le tube l\u00e2che, qui est constitu\u00e9 de mat\u00e9riaux PBT et rempli de compos\u00e9 de remplissage. Le tube l\u00e2che est recouvert de mat\u00e9riaux HDPE pour garantir [\u2026]<\/p>","protected":false},"featured_media":11041,"comment_status":"closed","ping_status":"closed","template":"","meta":{"site-sidebar-layout":"default","site-content-layout":"","ast-site-content-layout":"default","site-content-style":"default","site-sidebar-style":"default","ast-global-header-display":"","ast-banner-title-visibility":"","ast-main-header-display":"","ast-hfb-above-header-display":"","ast-hfb-below-header-display":"","ast-hfb-mobile-header-display":"","site-post-title":"","ast-breadcrumbs-content":"","ast-featured-img":"","footer-sml-layout":"","theme-transparent-header-meta":"default","adv-header-id-meta":"","stick-header-meta":"default","header-above-stick-meta":"","header-main-stick-meta":"","header-below-stick-meta":"","astra-migrate-meta-layouts":"set","ast-page-background-enabled":"default","ast-page-background-meta":{"desktop":{"background-color":"var(--ast-global-color-4)","background-image":"","background-repeat":"repeat","background-position":"center center","background-size":"auto","background-attachment":"scroll","background-type":"","background-media":"","overlay-type":"","overlay-color":"","overlay-gradient":""},"tablet":{"background-color":"","background-image":"","background-repeat":"repeat","background-position":"center center","background-size":"auto","background-attachment":"scroll","background-type":"","background-media":"","overlay-type":"","overlay-color":"","overlay-gradient":""},"mobile":{"background-color":"","background-image":"","background-repeat":"repeat","background-position":"center center","background-size":"auto","background-attachment":"scroll","background-type":"","background-media":"","overlay-type":"","overlay-color":"","overlay-gradient":""}},"ast-content-background-meta":{"desktop":{"background-color":"var(--ast-global-color-5)","background-image":"","background-repeat":"repeat","background-position":"center center","background-size":"auto","background-attachment":"scroll","background-type":"","background-media":"","overlay-type":"","overlay-color":"","overlay-gradient":""},"tablet":{"background-color":"var(--ast-global-color-5)","background-image":"","background-repeat":"repeat","background-position":"center center","background-size":"auto","background-attachment":"scroll","background-type":"","background-media":"","overlay-type":"","overlay-color":"","overlay-gradient":""},"mobile":{"background-color":"var(--ast-global-color-5)","background-image":"","background-repeat":"repeat","background-position":"center center","background-size":"auto","background-attachment":"scroll","background-type":"","background-media":"","overlay-type":"","overlay-color":"","overlay-gradient":""}}},"product_cat":[140,124],"product_tag":[],"class_list":{"0":"post-11039","1":"product","2":"type-product","3":"status-publish","4":"has-post-thumbnail","6":"product_cat-no-armored-cable","7":"product_cat-outdoor-cable","8":"desktop-align-left","9":"tablet-align-left","10":"mobile-align-left","11":"ast-product-gallery-layout-horizontal-slider","12":"ast-product-tabs-layout-horizontal","14":"first","15":"instock","16":"shipping-taxable","17":"product-type-simple"},"acf":[],"_links":{"self":[{"href":"https:\/\/www.omccable.com\/fr\/wp-json\/wp\/v2\/product\/11039","targetHints":{"allow":["GET"]}}],"collection":[{"href":"https:\/\/www.omccable.com\/fr\/wp-json\/wp\/v2\/product"}],"about":[{"href":"https:\/\/www.omccable.com\/fr\/wp-json\/wp\/v2\/types\/product"}],"replies":[{"embeddable":true,"href":"https:\/\/www.omccable.com\/fr\/wp-json\/wp\/v2\/comments?post=11039"}],"version-history":[{"count":1,"href":"https:\/\/www.omccable.com\/fr\/wp-json\/wp\/v2\/product\/11039\/revisions"}],"predecessor-version":[{"id":11042,"href":"https:\/\/www.omccable.com\/fr\/wp-json\/wp\/v2\/product\/11039\/revisions\/11042"}],"wp:featuredmedia":[{"embeddable":true,"href":"https:\/\/www.omccable.com\/fr\/wp-json\/wp\/v2\/media\/11041"}],"wp:attachment":[{"href":"https:\/\/www.omccable.com\/fr\/wp-json\/wp\/v2\/media?parent=11039"}],"wp:term":[{"taxonomy":"product_cat","embeddable":true,"href":"https:\/\/www.omccable.com\/fr\/wp-json\/wp\/v2\/product_cat?post=11039"},{"taxonomy":"product_tag","embeddable":true,"href":"https:\/\/www.omccable.com\/fr\/wp-json\/wp\/v2\/product_tag?post=11039"}],"curies":[{"name":"wp","href":"https:\/\/api.w.org\/{rel}","templated":true}]}}