{"id":11019,"date":"2024-06-11T13:23:57","date_gmt":"2024-06-11T05:23:57","guid":{"rendered":"https:\/\/www.omccable.com\/?post_type=product&#038;p=11019"},"modified":"2024-06-11T13:23:57","modified_gmt":"2024-06-11T05:23:57","slug":"12-48f-stranded-loose-tube-no-armored-outdoor-cable-gyftzy","status":"publish","type":"product","link":"https:\/\/www.omccable.com\/fr\/produit\/12-48f-stranded-loose-tube-no-armored-outdoor-cable-gyftzy\/","title":{"rendered":"C\u00e2ble ext\u00e9rieur non blind\u00e9 \u00e0 tube libre toronn\u00e9 12-48F-GYFTZY"},"content":{"rendered":"<p>Dans le <strong><b>C\u00e2ble ext\u00e9rieur non blind\u00e9 \u00e0 tube libre toronn\u00e9 12-48F-GYFTZY,<\/b><\/strong>\u00a0A <strong><b>Fil FRP<\/b><\/strong>, parfois gain\u00e9 de poly\u00e9thyl\u00e8ne (PE), est situ\u00e9 au centre du noyau en tant qu'\u00e9l\u00e9ment de renforcement non m\u00e9tallique. Les fibres monomodes\/multimodes sont positionn\u00e9es dans le tube l\u00e2che, qui est constitu\u00e9 de mat\u00e9riaux PBT et rempli de compos\u00e9 de remplissage. Le tube l\u00e2che est recouvert de <strong><b>LSZH<\/b><\/strong><strong><b>\u00a0mat\u00e9riaux<\/b><\/strong>\u00a0pour garantir la compacit\u00e9 et les performances longitudinales de blocage de l'eau.<\/p>\n<p>&nbsp;<\/p>\n<p><strong><b>Couleur standard de la fibre et du tube<\/b><\/strong><\/p>\n<p>Le code couleur des fibres et tubes individuels doit \u00eatre conforme au tableau ci-dessous :<\/p>\n<table>\n<tbody>\n<tr>\n<td width=\"187\">Non.<\/td>\n<td width=\"89\">1<\/td>\n<td width=\"85\">2<\/td>\n<td width=\"85\">3<\/td>\n<td width=\"85\">4<\/td>\n<td width=\"85\">5<\/td>\n<td width=\"78\">6<\/td>\n<\/tr>\n<tr>\n<td width=\"187\">Couleur<\/td>\n<td width=\"89\">Bleu<\/td>\n<td width=\"85\">Orange<\/td>\n<td width=\"85\">Vert<\/td>\n<td width=\"85\">Brun<\/td>\n<td width=\"85\">Ardoise<\/td>\n<td width=\"78\">Blanc<\/td>\n<\/tr>\n<tr>\n<td width=\"187\">Non.<\/td>\n<td width=\"89\">7<\/td>\n<td width=\"85\">8<\/td>\n<td width=\"85\">9<\/td>\n<td width=\"85\">10<\/td>\n<td width=\"85\">11<\/td>\n<td width=\"78\">12<\/td>\n<\/tr>\n<tr>\n<td width=\"187\">Couleur<\/td>\n<td width=\"89\">Rouge<\/td>\n<td width=\"85\">Noir<\/td>\n<td width=\"85\">Jaune<\/td>\n<td width=\"85\">Violette<\/td>\n<td width=\"85\">Rose<\/td>\n<td width=\"78\">Aqua<\/td>\n<\/tr>\n<\/tbody>\n<\/table>\n<p>&nbsp;<\/p>\n<p><strong><b>Param\u00e8tre de structure<\/b><\/strong><\/p>\n<table>\n<tbody>\n<tr>\n<td width=\"170\"><strong>Article<\/strong><\/td>\n<td width=\"138\"><strong>Sommaire<\/strong><\/td>\n<td width=\"52\"><strong>Unit\u00e9<\/strong><\/td>\n<td colspan=\"2\" width=\"330\"><strong>Valeur<\/strong><\/td>\n<\/tr>\n<tr>\n<td width=\"170\">Nombre de fibres<\/td>\n<td width=\"138\">Nombre<\/td>\n<td width=\"52\">\/<\/td>\n<td width=\"175\">\u00a0\u00a0\u00a0\u00a0\u00a0\u00a0\u00a0\u00a0\u00a0\u00a024<\/td>\n<td width=\"154\">\u00a0\u00a0\u00a0\u00a0\u00a0\u00a0\u00a0\u00a048<\/td>\n<\/tr>\n<tr>\n<td width=\"170\">Type de fibre<\/td>\n<td width=\"138\">\/<\/td>\n<td width=\"52\">\/<\/td>\n<td colspan=\"2\" width=\"330\">\u00a0\u00a0\u00a0\u00a0\u00a0\u00a0\u00a0\u00a0\u00a0\u00a0\u00a0\u00a0SM\/OM2\/OM3\/OM4<\/td>\n<\/tr>\n<tr>\n<td width=\"170\">Structure du c\u00e2ble<\/td>\n<td width=\"138\">\/<\/td>\n<td width=\"52\">\/<\/td>\n<td colspan=\"2\" width=\"330\">1+6<\/td>\n<\/tr>\n<tr>\n<td width=\"170\">Fibres par tube<\/td>\n<td width=\"138\">Compter<\/td>\n<td width=\"52\">\/<\/td>\n<td width=\"175\">4<\/td>\n<td width=\"154\">8<\/td>\n<\/tr>\n<tr>\n<td rowspan=\"2\" width=\"170\">Tube l\u00e2che<\/td>\n<td width=\"138\">Mat\u00e9riel<\/td>\n<td width=\"52\">\/<\/td>\n<td colspan=\"2\" width=\"330\">PBT<\/td>\n<\/tr>\n<tr>\n<td width=\"138\">Diam\u00e8tre nominal<\/td>\n<td width=\"52\">mm<\/td>\n<td width=\"175\">1.8<\/td>\n<td width=\"154\">2.2<\/td>\n<\/tr>\n<tr>\n<td rowspan=\"3\" width=\"170\">Membre de la force centrale<\/td>\n<td width=\"138\">Mat\u00e9riel<\/td>\n<td width=\"52\">\/<\/td>\n<td colspan=\"2\" width=\"330\">Couche de coussin FRP &amp; PE (si besoin)<\/td>\n<\/tr>\n<tr>\n<td width=\"138\">Diam\u00e8tre nominal<\/td>\n<td width=\"52\">mm<\/td>\n<td width=\"175\">2.2<\/td>\n<td width=\"154\">2.2<\/td>\n<\/tr>\n<tr>\n<td width=\"138\">Couche de coussin en PE<\/td>\n<td width=\"52\">mm<\/td>\n<td colspan=\"2\" width=\"330\">\u2013<\/td>\n<\/tr>\n<tr>\n<td rowspan=\"2\" width=\"170\">Gaine<\/td>\n<td colspan=\"2\" width=\"190\">Mat\u00e9riel<\/td>\n<td colspan=\"2\" width=\"330\">LSZH<\/td>\n<\/tr>\n<tr>\n<td colspan=\"2\" width=\"190\">Couleur<\/td>\n<td colspan=\"2\" width=\"330\">Noir<\/td>\n<\/tr>\n<tr>\n<td rowspan=\"2\" width=\"170\">Att\u00e9nuation (apr\u00e8s c\u00e2ble)<\/td>\n<td width=\"138\">850 nm<\/td>\n<td width=\"52\">dB\/km<\/td>\n<td colspan=\"2\" width=\"330\">\u00a33.5<\/td>\n<\/tr>\n<tr>\n<td width=\"138\">1300 nm<\/td>\n<td width=\"52\">dB\/km<\/td>\n<td colspan=\"2\" width=\"330\">\u00a31.5<\/td>\n<\/tr>\n<tr>\n<td width=\"170\">Diam\u00e8tre du c\u00e2ble<\/td>\n<td width=\"138\">\u00b15%<\/td>\n<td width=\"52\">mm<\/td>\n<td width=\"175\">\u00a0\u00a0\u00a0\u00a0\u00a0\u00a0\u00a0\u00a0\u00a09.4<\/td>\n<td width=\"154\">\u00a0\u00a0\u00a0\u00a0\u00a0\u00a0\u00a0\u00a010.1<\/td>\n<\/tr>\n<tr>\n<td width=\"170\">Poids du c\u00e2ble<\/td>\n<td width=\"138\">\u00b110%<\/td>\n<td width=\"52\">kg\/km<\/td>\n<td width=\"175\">\u00a0\u00a0\u00a0\u00a0\u00a0\u00a0\u00a0\u00a0\u00a096<\/td>\n<td width=\"154\">\u00a0\u00a0\u00a0\u00a0\u00a0\u00a0\u00a0\u00a0\u00a0115<\/td>\n<\/tr>\n<\/tbody>\n<\/table>\n<p><strong><b>\u00a0<\/b><\/strong><\/p>\n<p><strong><b>Performances M\u00e9caniques et Environnementales<\/b><\/strong><\/p>\n<table>\n<tbody>\n<tr>\n<td width=\"221\"><strong>Article<\/strong><\/td>\n<td width=\"205\"><strong>Sommaire<\/strong><\/td>\n<td width=\"264\"><strong>Valeur<\/strong><\/td>\n<\/tr>\n<tr>\n<td rowspan=\"2\" width=\"221\">Max. charge de traction<\/td>\n<td width=\"205\">Court terme<\/td>\n<td width=\"264\">1 500 N (souche de fibre\u22640,6%)<\/td>\n<\/tr>\n<tr>\n<td width=\"205\">Long terme<\/td>\n<td width=\"264\">600 N<\/td>\n<\/tr>\n<tr>\n<td rowspan=\"2\" width=\"221\">Max. r\u00e9sistance \u00e0 l'\u00e9crasement<\/td>\n<td width=\"205\">Court terme<\/td>\n<td width=\"264\">1000N\/100mm<\/td>\n<\/tr>\n<tr>\n<td width=\"205\">Long terme<\/td>\n<td width=\"264\">300N<\/td>\n<\/tr>\n<tr>\n<td rowspan=\"2\" width=\"221\">Min. rayon de courbure<\/td>\n<td width=\"205\">Installation<\/td>\n<td width=\"264\">25 x diam\u00e8tre du c\u00e2ble<\/td>\n<\/tr>\n<tr>\n<td width=\"205\">Op\u00e9ration<\/td>\n<td width=\"264\">12,5 x diam\u00e8tre du c\u00e2ble<\/td>\n<\/tr>\n<tr>\n<td rowspan=\"3\" width=\"221\">Plage de temp\u00e9rature<\/td>\n<td width=\"205\">Op\u00e9ration<\/td>\n<td width=\"264\">-40 \u2103 ~ +70 \u2103<\/td>\n<\/tr>\n<tr>\n<td width=\"205\">Installation<\/td>\n<td width=\"264\">-20 \u2103 ~ +60 \u2103<\/td>\n<\/tr>\n<tr>\n<td width=\"205\">Stockage\/transport<\/td>\n<td width=\"264\">-40 \u2103 ~ +70 \u2103<\/td>\n<\/tr>\n<\/tbody>\n<\/table>\n<p>&nbsp;<\/p>\n<p><strong><b>Param\u00e8tres techniques de la fibre optique-SMF<\/b><\/strong><\/p>\n<table>\n<tbody>\n<tr>\n<td colspan=\"2\" rowspan=\"2\" width=\"335\"><strong>Article<\/strong><\/td>\n<td rowspan=\"2\" width=\"146\"><strong>Unit\u00e9<\/strong><\/td>\n<td width=\"218\"><strong>Sp\u00e9cification<\/strong><\/td>\n<\/tr>\n<tr>\n<td width=\"218\">G.652D<\/td>\n<\/tr>\n<tr>\n<td rowspan=\"2\" width=\"216\">Diam\u00e8tre du champ de mode<\/td>\n<td width=\"118\">1310 nm<\/td>\n<td width=\"146\">nm<\/td>\n<td width=\"218\">9,2 \u00b1 0,4<\/td>\n<\/tr>\n<tr>\n<td width=\"118\">1550 nm<\/td>\n<td width=\"146\">nm<\/td>\n<td width=\"218\">10,4 \u00b1 0,5<\/td>\n<\/tr>\n<tr>\n<td colspan=\"2\" width=\"335\">Diam\u00e8tre du bardage<\/td>\n<td width=\"146\">nm<\/td>\n<td width=\"218\">125,0 \u00b1 0,7<\/td>\n<\/tr>\n<tr>\n<td colspan=\"2\" width=\"335\">Non-circularit\u00e9 du rev\u00eatement<\/td>\n<td width=\"146\">%<\/td>\n<td width=\"218\">\u22641,0<\/td>\n<\/tr>\n<tr>\n<td colspan=\"2\" width=\"335\">Erreur de concentricit\u00e9 du noyau<\/td>\n<td width=\"146\">nm<\/td>\n<td width=\"218\">\u22640,6<\/td>\n<\/tr>\n<tr>\n<td colspan=\"2\" width=\"335\">Diam\u00e8tre du rev\u00eatement<\/td>\n<td width=\"146\">nm<\/td>\n<td width=\"218\">242 \u00b1 7<\/td>\n<\/tr>\n<tr>\n<td colspan=\"2\" width=\"335\">Erreur de concentricit\u00e9 du rev\u00eatement\/bardage<\/td>\n<td width=\"146\">nm<\/td>\n<td width=\"218\">\u226412<\/td>\n<\/tr>\n<tr>\n<td colspan=\"2\" width=\"335\">Longueur d'onde de coupure du c\u00e2ble \u03bbcc<\/td>\n<td width=\"146\">nm<\/td>\n<td width=\"218\">\u2264 1260<\/td>\n<\/tr>\n<tr>\n<td rowspan=\"2\" width=\"216\">Att\u00e9nuation<\/td>\n<td width=\"118\">1310 nm<\/td>\n<td width=\"146\">dB\/km<\/td>\n<td width=\"218\">\u22640,35<\/td>\n<\/tr>\n<tr>\n<td width=\"118\">1550 nm<\/td>\n<td width=\"146\">dB\/km<\/td>\n<td width=\"218\">\u22640,21<\/td>\n<\/tr>\n<\/tbody>\n<\/table>","protected":false},"excerpt":{"rendered":"<p>Dans le c\u00e2ble ext\u00e9rieur toronn\u00e9 sans armure GYFTZY 12-48F d'OMC, un fil FRP, parfois gain\u00e9 de poly\u00e9thyl\u00e8ne (PE), est situ\u00e9 au centre de l'\u00e2me en tant qu'\u00e9l\u00e9ment de renforcement non m\u00e9tallique. Les fibres monomodes\/multimodes sont positionn\u00e9es dans le tube l\u00e2che, qui est constitu\u00e9 de mat\u00e9riaux PBT et rempli de compos\u00e9 de remplissage. Le tube l\u00e2che est recouvert de mat\u00e9riaux LSZH pour garantir [\u2026]<\/p>","protected":false},"featured_media":11021,"comment_status":"closed","ping_status":"closed","template":"","meta":{"site-sidebar-layout":"default","site-content-layout":"","ast-site-content-layout":"default","site-content-style":"default","site-sidebar-style":"default","ast-global-header-display":"","ast-banner-title-visibility":"","ast-main-header-display":"","ast-hfb-above-header-display":"","ast-hfb-below-header-display":"","ast-hfb-mobile-header-display":"","site-post-title":"","ast-breadcrumbs-content":"","ast-featured-img":"","footer-sml-layout":"","theme-transparent-header-meta":"default","adv-header-id-meta":"","stick-header-meta":"default","header-above-stick-meta":"","header-main-stick-meta":"","header-below-stick-meta":"","astra-migrate-meta-layouts":"set","ast-page-background-enabled":"default","ast-page-background-meta":{"desktop":{"background-color":"var(--ast-global-color-4)","background-image":"","background-repeat":"repeat","background-position":"center center","background-size":"auto","background-attachment":"scroll","background-type":"","background-media":"","overlay-type":"","overlay-color":"","overlay-gradient":""},"tablet":{"background-color":"","background-image":"","background-repeat":"repeat","background-position":"center center","background-size":"auto","background-attachment":"scroll","background-type":"","background-media":"","overlay-type":"","overlay-color":"","overlay-gradient":""},"mobile":{"background-color":"","background-image":"","background-repeat":"repeat","background-position":"center center","background-size":"auto","background-attachment":"scroll","background-type":"","background-media":"","overlay-type":"","overlay-color":"","overlay-gradient":""}},"ast-content-background-meta":{"desktop":{"background-color":"var(--ast-global-color-5)","background-image":"","background-repeat":"repeat","background-position":"center center","background-size":"auto","background-attachment":"scroll","background-type":"","background-media":"","overlay-type":"","overlay-color":"","overlay-gradient":""},"tablet":{"background-color":"var(--ast-global-color-5)","background-image":"","background-repeat":"repeat","background-position":"center center","background-size":"auto","background-attachment":"scroll","background-type":"","background-media":"","overlay-type":"","overlay-color":"","overlay-gradient":""},"mobile":{"background-color":"var(--ast-global-color-5)","background-image":"","background-repeat":"repeat","background-position":"center center","background-size":"auto","background-attachment":"scroll","background-type":"","background-media":"","overlay-type":"","overlay-color":"","overlay-gradient":""}}},"product_cat":[140,124],"product_tag":[],"class_list":{"0":"post-11019","1":"product","2":"type-product","3":"status-publish","4":"has-post-thumbnail","6":"product_cat-no-armored-cable","7":"product_cat-outdoor-cable","8":"desktop-align-left","9":"tablet-align-left","10":"mobile-align-left","11":"ast-product-gallery-layout-horizontal-slider","12":"ast-product-tabs-layout-horizontal","14":"first","15":"instock","16":"shipping-taxable","17":"product-type-simple"},"acf":[],"_links":{"self":[{"href":"https:\/\/www.omccable.com\/fr\/wp-json\/wp\/v2\/product\/11019","targetHints":{"allow":["GET"]}}],"collection":[{"href":"https:\/\/www.omccable.com\/fr\/wp-json\/wp\/v2\/product"}],"about":[{"href":"https:\/\/www.omccable.com\/fr\/wp-json\/wp\/v2\/types\/product"}],"replies":[{"embeddable":true,"href":"https:\/\/www.omccable.com\/fr\/wp-json\/wp\/v2\/comments?post=11019"}],"version-history":[{"count":1,"href":"https:\/\/www.omccable.com\/fr\/wp-json\/wp\/v2\/product\/11019\/revisions"}],"predecessor-version":[{"id":11022,"href":"https:\/\/www.omccable.com\/fr\/wp-json\/wp\/v2\/product\/11019\/revisions\/11022"}],"wp:featuredmedia":[{"embeddable":true,"href":"https:\/\/www.omccable.com\/fr\/wp-json\/wp\/v2\/media\/11021"}],"wp:attachment":[{"href":"https:\/\/www.omccable.com\/fr\/wp-json\/wp\/v2\/media?parent=11019"}],"wp:term":[{"taxonomy":"product_cat","embeddable":true,"href":"https:\/\/www.omccable.com\/fr\/wp-json\/wp\/v2\/product_cat?post=11019"},{"taxonomy":"product_tag","embeddable":true,"href":"https:\/\/www.omccable.com\/fr\/wp-json\/wp\/v2\/product_tag?post=11019"}],"curies":[{"name":"wp","href":"https:\/\/api.w.org\/{rel}","templated":true}]}}