{"id":10991,"date":"2024-06-11T11:48:47","date_gmt":"2024-06-11T03:48:47","guid":{"rendered":"https:\/\/www.omccable.com\/?post_type=product&#038;p=10991"},"modified":"2025-07-28T10:34:50","modified_gmt":"2025-07-28T02:34:50","slug":"1-12cores-unitube-no-armored-cable-gyfxty-pe","status":"publish","type":"product","link":"https:\/\/www.omccable.com\/fr\/produit\/1-12cores-unitube-no-armored-cable-gyfxty-pe\/","title":{"rendered":"C\u00e2ble Unitube non blind\u00e9 1-12 c\u0153urs (GYFXTY) PE"},"content":{"rendered":"<p>Le c\u00e2ble Unitube non blind\u00e9 (GYFXTY) d'OMC est une sorte de c\u00e2ble ext\u00e9rieur non blind\u00e9, g\u00e9n\u00e9ralement d'une capacit\u00e9 maximale de 12F. Ainsi, 1 \u00e0 12 fibres monomodes sont positionn\u00e9es dans le tube l\u00e2che qui est fait de mat\u00e9riaux PBT et rempli de compos\u00e9 de remplissage. Le tube l\u00e2che est recouvert d'une couche de ruban adh\u00e9sif bloquant l'eau. Enfin, une gaine en poly\u00e9thyl\u00e8ne (PE) durable est ajout\u00e9e pour cr\u00e9er une section transversale ronde du c\u00e2ble et apporter une protection suppl\u00e9mentaire \u00e0 l'\u00e2me du c\u00e2ble. Dans le m\u00eame temps, afin d'offrir une r\u00e9sistance \u00e9lev\u00e9e \u00e0 la traction, deux fils d'acier torsad\u00e9s sont int\u00e9gr\u00e9s dans la gaine PE.<\/p>\n<p>&nbsp;<\/p>\n<p><strong><b>Couleur standard de la fibre et du tube<\/b><\/strong><\/p>\n<p>Le code couleur de chaque fibre doit \u00eatre conforme au tableau ci-dessous :<\/p>\n<table>\n<tbody>\n<tr>\n<td width=\"179\">Non.<\/td>\n<td width=\"86\">1<\/td>\n<td width=\"82\">2<\/td>\n<td width=\"82\">3<\/td>\n<td width=\"82\">4<\/td>\n<td width=\"82\">5<\/td>\n<td width=\"75\">6<\/td>\n<\/tr>\n<tr>\n<td width=\"179\">Couleur<\/td>\n<td width=\"86\">Bleu<\/td>\n<td width=\"82\">Orange<\/td>\n<td width=\"82\">Vert<\/td>\n<td width=\"82\">Brun<\/td>\n<td width=\"82\">Ardoise<\/td>\n<td width=\"75\">Blanc<\/td>\n<\/tr>\n<tr>\n<td width=\"179\">Non.<\/td>\n<td width=\"86\">7<\/td>\n<td width=\"82\">8<\/td>\n<td width=\"82\">9<\/td>\n<td width=\"82\">10<\/td>\n<td width=\"82\">11<\/td>\n<td width=\"75\">12<\/td>\n<\/tr>\n<tr>\n<td width=\"179\">Couleur<\/td>\n<td width=\"86\">Rouge<\/td>\n<td width=\"82\">Noir<\/td>\n<td width=\"82\">Jaune<\/td>\n<td width=\"82\">Violette<\/td>\n<td width=\"82\">Rose<\/td>\n<td width=\"75\">Aqua<\/td>\n<\/tr>\n<\/tbody>\n<\/table>\n<p>&nbsp;<\/p>\n<p><strong><b>C\u00e2ble<\/b><\/strong><strong><b>\u00a0Param\u00e8tre de structure<\/b><\/strong><\/p>\n<table>\n<tbody>\n<tr>\n<td colspan=\"2\" width=\"312\"><strong>Articles<\/strong><\/td>\n<td width=\"358\"><strong>Descriptif<\/strong><\/td>\n<\/tr>\n<tr>\n<td colspan=\"2\" width=\"312\">Nombre de fibres<\/td>\n<td width=\"358\">1-12F<\/td>\n<\/tr>\n<tr>\n<td colspan=\"2\" width=\"312\">Diam\u00e8tre du c\u00e2ble<\/td>\n<td width=\"358\">6,1 \u00b1 0,3 mm<\/td>\n<\/tr>\n<tr>\n<td width=\"163\">Fibre<\/td>\n<td width=\"149\">tapez<\/td>\n<td width=\"358\">G65A2<\/td>\n<\/tr>\n<tr>\n<td rowspan=\"2\" width=\"163\">\u00c9l\u00e9ment de force \u00e0 tube l\u00e2che<\/td>\n<td width=\"149\">mat\u00e9riel<\/td>\n<td width=\"358\">PBT 2,0 mm de diam\u00e8tre ext\u00e9rieur<\/td>\n<\/tr>\n<tr>\n<td width=\"149\">mat\u00e9riel<\/td>\n<td width=\"358\">Fil d'acier 0,4*3-0,86 mm<\/td>\n<\/tr>\n<tr>\n<td rowspan=\"4\" width=\"163\">Gaine ext\u00e9rieure<\/td>\n<td width=\"149\">mat\u00e9riel<\/td>\n<td width=\"358\">PE<\/td>\n<\/tr>\n<tr>\n<td width=\"149\">R\u00e9sistance di\u00e9lectrique de la gaine<\/td>\n<td width=\"358\">La gaine ext\u00e9rieure comprend deux \u00e9l\u00e9ments de r\u00e9sistance en acier pos\u00e9s en parall\u00e8le et peuvent r\u00e9sister \u00e0 un test d'\u00e9tincelle par rapport aux \u00e9l\u00e9ments de r\u00e9sistance en acier \u00e0 une tension de 8 kV sans aucune panne<\/td>\n<\/tr>\n<tr>\n<td width=\"149\">\u00c9paisseur<\/td>\n<td width=\"358\">1,9 \u00b1 0,1 mm<\/td>\n<\/tr>\n<tr>\n<td width=\"149\">couleur<\/td>\n<td width=\"358\">Noir avec une bande jaune<\/td>\n<\/tr>\n<\/tbody>\n<\/table>\n<p><strong><b>\u00a0<\/b><\/strong><\/p>\n<p><strong><b>Performances M\u00e9caniques et Environnementales<\/b><\/strong><\/p>\n<table>\n<tbody>\n<tr>\n<td width=\"228\"><strong>Article<\/strong><\/td>\n<td width=\"206\"><strong>Sommaire<\/strong><\/td>\n<td width=\"236\"><strong>Valeur<\/strong><\/td>\n<\/tr>\n<tr>\n<td rowspan=\"2\" width=\"228\">Max. charge de traction<\/td>\n<td width=\"206\">Court terme<\/td>\n<td width=\"236\">Souche de fibre 1200N\u22640,6%<\/td>\n<\/tr>\n<tr>\n<td width=\"206\">\u00c0 long terme<\/td>\n<td width=\"236\">300N<\/td>\n<\/tr>\n<tr>\n<td rowspan=\"2\" width=\"228\">Max. r\u00e9sistance \u00e0 l'\u00e9crasement<\/td>\n<td width=\"206\">Court terme<\/td>\n<td width=\"236\">1000N\/100mm<\/td>\n<\/tr>\n<tr>\n<td width=\"206\">\u00c0 long terme<\/td>\n<td width=\"236\">300N\/100mm<\/td>\n<\/tr>\n<tr>\n<td rowspan=\"2\" width=\"228\">Min. rayon de courbure<\/td>\n<td width=\"206\">Installation<\/td>\n<td width=\"236\">20 x diam\u00e8tre du c\u00e2ble<\/td>\n<\/tr>\n<tr>\n<td width=\"206\">Op\u00e9ration<\/td>\n<td width=\"236\">10 x diam\u00e8tre du c\u00e2ble<\/td>\n<\/tr>\n<tr>\n<td rowspan=\"3\" width=\"228\">Plage de temp\u00e9rature<\/td>\n<td width=\"206\">Op\u00e9ration<\/td>\n<td width=\"236\">-40 \u2103 ~ +70 \u2103<\/td>\n<\/tr>\n<tr>\n<td width=\"206\">Installation<\/td>\n<td width=\"236\">-20 \u2103 ~ +60 \u2103<\/td>\n<\/tr>\n<tr>\n<td width=\"206\">Stockage\/transport<\/td>\n<td width=\"236\">-40 \u2103 ~ +70 \u2103<\/td>\n<\/tr>\n<\/tbody>\n<\/table>\n<p>&nbsp;<\/p>\n<p><strong><b>Param\u00e8tres techniques de la fibre optique-SMF<\/b><\/strong><\/p>\n<table>\n<tbody>\n<tr>\n<td colspan=\"2\" rowspan=\"2\" width=\"320\"><strong>Article<\/strong><\/td>\n<td rowspan=\"2\" width=\"85\"><strong>Unit\u00e9<\/strong><\/td>\n<td width=\"264\"><strong>Sp\u00e9cification<\/strong><\/td>\n<\/tr>\n<tr>\n<td width=\"264\">G. 657A2<\/td>\n<\/tr>\n<tr>\n<td rowspan=\"2\" width=\"207\">Diam\u00e8tre du champ de mode<\/td>\n<td width=\"113\">1310 nm<\/td>\n<td width=\"85\">nm<\/td>\n<td width=\"264\">9,2 \u00b1 0,4<\/td>\n<\/tr>\n<tr>\n<td width=\"113\">1550 nm<\/td>\n<td width=\"85\">nm<\/td>\n<td width=\"264\">10,4 \u00b1 0,5<\/td>\n<\/tr>\n<tr>\n<td colspan=\"2\" width=\"320\">Diam\u00e8tre du bardage<\/td>\n<td width=\"85\">nm<\/td>\n<td width=\"264\">125,0 \u00b1 0,7<\/td>\n<\/tr>\n<tr>\n<td colspan=\"2\" width=\"320\">Non-circularit\u00e9 du rev\u00eatement<\/td>\n<td width=\"85\">%<\/td>\n<td width=\"264\">\u22641,0<\/td>\n<\/tr>\n<tr>\n<td colspan=\"2\" width=\"320\">Erreur de concentricit\u00e9 du noyau<\/td>\n<td width=\"85\">nm<\/td>\n<td width=\"264\">\u22640,6<\/td>\n<\/tr>\n<tr>\n<td colspan=\"2\" width=\"320\">Diam\u00e8tre du rev\u00eatement<\/td>\n<td width=\"85\">nm<\/td>\n<td width=\"264\">242 \u00b1 7<\/td>\n<\/tr>\n<tr>\n<td colspan=\"2\" width=\"320\">Erreur de concentricit\u00e9 du rev\u00eatement\/bardage<\/td>\n<td width=\"85\">nm<\/td>\n<td width=\"264\">\u226412<\/td>\n<\/tr>\n<tr>\n<td colspan=\"2\" width=\"320\">Longueur d'onde de coupure du c\u00e2ble \u03bbcc<\/td>\n<td width=\"85\">nm<\/td>\n<td width=\"264\">\u2264 1260<\/td>\n<\/tr>\n<tr>\n<td rowspan=\"2\" width=\"207\">Att\u00e9nuation<\/td>\n<td width=\"113\">1310 nm<\/td>\n<td width=\"85\">dB\/km<\/td>\n<td width=\"264\">\u22640,35<\/td>\n<\/tr>\n<tr>\n<td width=\"113\">1550 nm<\/td>\n<td width=\"85\">dB\/km<\/td>\n<td width=\"264\">\u22640,21<\/td>\n<\/tr>\n<\/tbody>\n<\/table>","protected":false},"excerpt":{"rendered":"<p>Le c\u00e2ble Unitube non blind\u00e9 (GYFXTY) d'OMC est une sorte de c\u00e2ble ext\u00e9rieur non blind\u00e9, g\u00e9n\u00e9ralement d'une capacit\u00e9 maximale de 12F. Ainsi, 1 \u00e0 12 fibres monomodes sont positionn\u00e9es dans le tube l\u00e2che qui est fait de mat\u00e9riaux PBT et rempli de compos\u00e9 de remplissage. Le tube l\u00e2che est recouvert d\u2019une couche de ruban adh\u00e9sif bloquant l\u2019eau. Enfin, un durable [\u2026]<\/p>","protected":false},"featured_media":10993,"comment_status":"closed","ping_status":"closed","template":"","meta":{"site-sidebar-layout":"default","site-content-layout":"","ast-site-content-layout":"default","site-content-style":"default","site-sidebar-style":"default","ast-global-header-display":"","ast-banner-title-visibility":"","ast-main-header-display":"","ast-hfb-above-header-display":"","ast-hfb-below-header-display":"","ast-hfb-mobile-header-display":"","site-post-title":"","ast-breadcrumbs-content":"","ast-featured-img":"","footer-sml-layout":"","theme-transparent-header-meta":"default","adv-header-id-meta":"","stick-header-meta":"default","header-above-stick-meta":"","header-main-stick-meta":"","header-below-stick-meta":"","astra-migrate-meta-layouts":"set","ast-page-background-enabled":"default","ast-page-background-meta":{"desktop":{"background-color":"var(--ast-global-color-4)","background-image":"","background-repeat":"repeat","background-position":"center center","background-size":"auto","background-attachment":"scroll","background-type":"","background-media":"","overlay-type":"","overlay-color":"","overlay-gradient":""},"tablet":{"background-color":"","background-image":"","background-repeat":"repeat","background-position":"center center","background-size":"auto","background-attachment":"scroll","background-type":"","background-media":"","overlay-type":"","overlay-color":"","overlay-gradient":""},"mobile":{"background-color":"","background-image":"","background-repeat":"repeat","background-position":"center center","background-size":"auto","background-attachment":"scroll","background-type":"","background-media":"","overlay-type":"","overlay-color":"","overlay-gradient":""}},"ast-content-background-meta":{"desktop":{"background-color":"var(--ast-global-color-5)","background-image":"","background-repeat":"repeat","background-position":"center center","background-size":"auto","background-attachment":"scroll","background-type":"","background-media":"","overlay-type":"","overlay-color":"","overlay-gradient":""},"tablet":{"background-color":"var(--ast-global-color-5)","background-image":"","background-repeat":"repeat","background-position":"center center","background-size":"auto","background-attachment":"scroll","background-type":"","background-media":"","overlay-type":"","overlay-color":"","overlay-gradient":""},"mobile":{"background-color":"var(--ast-global-color-5)","background-image":"","background-repeat":"repeat","background-position":"center center","background-size":"auto","background-attachment":"scroll","background-type":"","background-media":"","overlay-type":"","overlay-color":"","overlay-gradient":""}}},"product_cat":[140,124],"product_tag":[],"class_list":{"0":"post-10991","1":"product","2":"type-product","3":"status-publish","4":"has-post-thumbnail","6":"product_cat-no-armored-cable","7":"product_cat-outdoor-cable","8":"desktop-align-left","9":"tablet-align-left","10":"mobile-align-left","11":"ast-product-gallery-layout-horizontal-slider","12":"ast-product-tabs-layout-horizontal","14":"first","15":"instock","16":"shipping-taxable","17":"product-type-simple"},"acf":[],"_links":{"self":[{"href":"https:\/\/www.omccable.com\/fr\/wp-json\/wp\/v2\/product\/10991","targetHints":{"allow":["GET"]}}],"collection":[{"href":"https:\/\/www.omccable.com\/fr\/wp-json\/wp\/v2\/product"}],"about":[{"href":"https:\/\/www.omccable.com\/fr\/wp-json\/wp\/v2\/types\/product"}],"replies":[{"embeddable":true,"href":"https:\/\/www.omccable.com\/fr\/wp-json\/wp\/v2\/comments?post=10991"}],"version-history":[{"count":2,"href":"https:\/\/www.omccable.com\/fr\/wp-json\/wp\/v2\/product\/10991\/revisions"}],"predecessor-version":[{"id":13291,"href":"https:\/\/www.omccable.com\/fr\/wp-json\/wp\/v2\/product\/10991\/revisions\/13291"}],"wp:featuredmedia":[{"embeddable":true,"href":"https:\/\/www.omccable.com\/fr\/wp-json\/wp\/v2\/media\/10993"}],"wp:attachment":[{"href":"https:\/\/www.omccable.com\/fr\/wp-json\/wp\/v2\/media?parent=10991"}],"wp:term":[{"taxonomy":"product_cat","embeddable":true,"href":"https:\/\/www.omccable.com\/fr\/wp-json\/wp\/v2\/product_cat?post=10991"},{"taxonomy":"product_tag","embeddable":true,"href":"https:\/\/www.omccable.com\/fr\/wp-json\/wp\/v2\/product_tag?post=10991"}],"curies":[{"name":"wp","href":"https:\/\/api.w.org\/{rel}","templated":true}]}}