{"id":10974,"date":"2024-06-04T10:35:47","date_gmt":"2024-06-04T02:35:47","guid":{"rendered":"https:\/\/www.omccable.com\/?post_type=product&#038;p=10974"},"modified":"2024-06-04T10:35:48","modified_gmt":"2024-06-04T02:35:48","slug":"2-12f-asu-cable","status":"publish","type":"product","link":"https:\/\/www.omccable.com\/fr\/produit\/2-12f-asu-cable\/","title":{"rendered":"C\u00e2ble ASU 2-12F"},"content":{"rendered":"<table style=\"font-size: 16px; font-style: normal;\">\n<tbody>\n<tr>\n<td width=\"133\"><strong>Article<\/strong><\/td>\n<td width=\"125\"><strong>Sommaire<\/strong><\/td>\n<td width=\"52\"><strong>Unit\u00e9<\/strong><\/td>\n<td colspan=\"2\" width=\"400\"><strong>Valeur<\/strong><\/td>\n<\/tr>\n<tr>\n<td width=\"133\">Nombre de fibres<\/td>\n<td width=\"125\">Nombre<\/td>\n<td width=\"52\">\/<\/td>\n<td width=\"200\">4-12<\/td>\n<td width=\"200\">4-12<\/td>\n<\/tr>\n<tr>\n<td width=\"133\">Tube l\u00e2che<\/td>\n<td width=\"125\">Diam\u00e8tre nominal<\/td>\n<td width=\"52\">mm<\/td>\n<td width=\"200\">2.0<\/td>\n<td width=\"200\">2.0<\/td>\n<\/tr>\n<tr>\n<td rowspan=\"2\" width=\"133\">Force centrale<\/p>\n<p>membre<\/td>\n<td width=\"125\">Mat\u00e9riel<\/td>\n<td width=\"52\">\/<\/td>\n<td colspan=\"2\" width=\"400\">PRF<\/td>\n<\/tr>\n<tr>\n<td width=\"125\">Diam\u00e8tre nominal<\/td>\n<td width=\"52\">mm<\/td>\n<td width=\"200\">2.0<\/td>\n<td width=\"200\">2.4<\/td>\n<\/tr>\n<tr>\n<td width=\"133\">Diam\u00e8tre du c\u00e2ble<\/td>\n<td width=\"125\">\u00b10,3mm<\/td>\n<td width=\"52\">mm<\/td>\n<td width=\"200\">6.5<\/td>\n<td width=\"200\">7.5<\/td>\n<\/tr>\n<tr>\n<td width=\"133\">Poids du c\u00e2ble<\/td>\n<td width=\"125\">\u00b110%<\/td>\n<td width=\"52\">kg\/km<\/td>\n<td width=\"200\">41<\/td>\n<td width=\"200\">55<\/td>\n<\/tr>\n<tr>\n<td width=\"133\">Max. charge de traction<\/td>\n<td width=\"125\">Court terme<\/td>\n<td width=\"52\">N<\/td>\n<td width=\"200\">1 800 \uff08Souche de fibres\u22640,6 \uff05\uff09<\/td>\n<td width=\"200\">2 500 (souche de fibre \u2264 0,6 %).<\/td>\n<\/tr>\n<\/tbody>\n<\/table>\n<p>&nbsp;<\/p>\n<p><strong><b>Couleur standard de la fibre et du tube<\/b><\/strong><\/p>\n<p>Le code couleur des tubes et des fibres individuelles doit \u00eatre conforme au tableau ci-dessous :<\/p>\n<table>\n<tbody>\n<tr>\n<td width=\"183\">Non.<\/td>\n<td width=\"82\">1<\/td>\n<td width=\"82\">2<\/td>\n<td width=\"82\">3<\/td>\n<td width=\"82\">4<\/td>\n<td width=\"82\">5<\/td>\n<td width=\"80\">6<\/td>\n<\/tr>\n<tr>\n<td width=\"183\">Couleur<\/td>\n<td width=\"82\">Bleu<\/td>\n<td width=\"82\">Orange<\/td>\n<td width=\"82\">Vert<\/td>\n<td width=\"82\">Brun<\/td>\n<td width=\"82\">Ardoise<\/td>\n<td width=\"80\">Blanc<\/td>\n<\/tr>\n<tr>\n<td width=\"183\">Non.<\/td>\n<td width=\"82\">7<\/td>\n<td width=\"82\">8<\/td>\n<td width=\"82\">9<\/td>\n<td width=\"82\">10<\/td>\n<td width=\"82\">11<\/td>\n<td width=\"80\">12<\/td>\n<\/tr>\n<tr>\n<td width=\"183\">Couleur<\/td>\n<td width=\"82\">Rouge<\/td>\n<td width=\"82\">Noir<\/td>\n<td width=\"82\">Jaune<\/td>\n<td width=\"82\">Violette<\/td>\n<td width=\"82\">Rose<\/td>\n<td width=\"80\">Aqua<\/td>\n<\/tr>\n<\/tbody>\n<\/table>\n<p>&nbsp;<\/p>\n<p><strong><b>Performances M\u00e9caniques et Environnementales<\/b><\/strong><\/p>\n<table>\n<tbody>\n<tr>\n<td width=\"221\"><strong>Article<\/strong><\/td>\n<td width=\"270\"><strong>Sommaire<\/strong><\/td>\n<td width=\"221\"><strong>Valeur<\/strong><\/td>\n<\/tr>\n<tr>\n<td rowspan=\"3\" width=\"221\"><strong>\u00a0<\/strong><\/p>\n<p>Plage de temp\u00e9rature<\/td>\n<td width=\"270\">Op\u00e9ration<\/td>\n<td width=\"221\">-40 \u2103 ~ +70 \u2103<\/td>\n<\/tr>\n<tr>\n<td width=\"270\">Installation<\/td>\n<td width=\"221\">-20 \u2103 ~ +60 \u2103<\/td>\n<\/tr>\n<tr>\n<td width=\"270\">Stockage\/transport<\/td>\n<td width=\"221\">-40 \u2103 ~ +70 \u2103<\/td>\n<\/tr>\n<tr>\n<td rowspan=\"2\" width=\"221\"><strong>\u00a0<\/strong><\/p>\n<p>Min. rayon de courbure<\/td>\n<td width=\"270\">Installation<\/td>\n<td width=\"221\">25 x diam\u00e8tre du c\u00e2ble<\/td>\n<\/tr>\n<tr>\n<td width=\"270\">Op\u00e9ration<\/td>\n<td width=\"221\">12,5 x diam\u00e8tre du c\u00e2ble<\/td>\n<\/tr>\n<\/tbody>\n<\/table>\n<p><strong><b>\u00a0<\/b><\/strong><\/p>\n<p><strong><b>Param\u00e8tres techniques de la fibre optique-SMF<\/b><\/strong><\/p>\n<table>\n<tbody>\n<tr>\n<td colspan=\"2\" rowspan=\"2\" width=\"457\"><strong>Article<\/strong><\/td>\n<td rowspan=\"2\" width=\"84\"><strong>Unit\u00e9<\/strong><\/td>\n<td width=\"169\"><strong>Sp\u00e9cification<\/strong><\/td>\n<\/tr>\n<tr>\n<td width=\"169\">G. 652D<\/td>\n<\/tr>\n<tr>\n<td rowspan=\"2\" width=\"324\">Diam\u00e8tre du champ de mode<\/td>\n<td width=\"132\">1310 nm<\/td>\n<td width=\"84\">mm<\/td>\n<td width=\"169\">9,2 \u00b1 0,4<\/td>\n<\/tr>\n<tr>\n<td width=\"132\">1550 nm<\/td>\n<td width=\"84\">mm<\/td>\n<td width=\"169\">10,4 \u00b1 0,5<\/td>\n<\/tr>\n<tr>\n<td colspan=\"2\" width=\"457\">Diam\u00e8tre du bardage<\/td>\n<td width=\"84\">mm<\/td>\n<td width=\"169\">125,0 \u00b1 0,7<\/td>\n<\/tr>\n<tr>\n<td colspan=\"2\" width=\"457\">Non-circularit\u00e9 du rev\u00eatement<\/td>\n<td width=\"84\">%<\/td>\n<td width=\"169\">\u00a31.0<\/td>\n<\/tr>\n<tr>\n<td colspan=\"2\" width=\"457\">Erreur de concentricit\u00e9 du noyau<\/td>\n<td width=\"84\">mm<\/td>\n<td width=\"169\">\u00a30.6<\/td>\n<\/tr>\n<tr>\n<td colspan=\"2\" width=\"457\">Diam\u00e8tre du rev\u00eatement<\/td>\n<td width=\"84\">mm<\/td>\n<td width=\"169\">242 \u00b1 7<\/td>\n<\/tr>\n<tr>\n<td colspan=\"2\" width=\"457\">Erreur de concentricit\u00e9 du rev\u00eatement\/bardage<\/td>\n<td width=\"84\">mm<\/td>\n<td width=\"169\">\u00a312<\/td>\n<\/tr>\n<tr>\n<td colspan=\"2\" width=\"457\">Longueur d'onde de coupure du c\u00e2ble \u03bbcc<\/td>\n<td width=\"84\">nm<\/td>\n<td width=\"169\">\u00a3\u00a01260<\/td>\n<\/tr>\n<tr>\n<td rowspan=\"2\" width=\"324\">Att\u00e9nuation<\/td>\n<td width=\"132\">1310 nm<\/td>\n<td width=\"84\">dB\/km<\/td>\n<td width=\"169\">\u00a30.35<\/td>\n<\/tr>\n<tr>\n<td width=\"132\">1550 nm<\/td>\n<td width=\"84\">dB\/km<\/td>\n<td width=\"169\">\u00a30.21<\/td>\n<\/tr>\n<\/tbody>\n<\/table>","protected":false},"excerpt":{"rendered":"<p>Contenu de l'article Valeur unitaire Nombre de fibres Nombre \/ 4-12 4-12 Diam\u00e8tre nominal du tube libre mm 2,0 2,0 Mat\u00e9riau de l'\u00e9l\u00e9ment de renforcement central \/ FRP Diam\u00e8tre nominal mm 2,0 2,4 Diam\u00e8tre du c\u00e2ble \u00b10,3 mm mm 6,5 7,5 Poids du c\u00e2ble \u00b110% kg\/km 41 55 Max. charge de traction \u00c0 court terme N 1800 (d\u00e9formation des fibres \u2264 0,6 %) 2 500 (d\u00e9formation des fibres \u2264 0,6 %) Couleur standard de la fibre et du tube Le code couleur des tubes et des fibres individuelles, [\u2026]<\/p>","protected":false},"featured_media":10977,"comment_status":"closed","ping_status":"closed","template":"","meta":{"site-sidebar-layout":"default","site-content-layout":"","ast-site-content-layout":"default","site-content-style":"default","site-sidebar-style":"default","ast-global-header-display":"","ast-banner-title-visibility":"","ast-main-header-display":"","ast-hfb-above-header-display":"","ast-hfb-below-header-display":"","ast-hfb-mobile-header-display":"","site-post-title":"","ast-breadcrumbs-content":"","ast-featured-img":"","footer-sml-layout":"","theme-transparent-header-meta":"default","adv-header-id-meta":"","stick-header-meta":"default","header-above-stick-meta":"","header-main-stick-meta":"","header-below-stick-meta":"","astra-migrate-meta-layouts":"set","ast-page-background-enabled":"default","ast-page-background-meta":{"desktop":{"background-color":"var(--ast-global-color-4)","background-image":"","background-repeat":"repeat","background-position":"center center","background-size":"auto","background-attachment":"scroll","background-type":"","background-media":"","overlay-type":"","overlay-color":"","overlay-gradient":""},"tablet":{"background-color":"","background-image":"","background-repeat":"repeat","background-position":"center center","background-size":"auto","background-attachment":"scroll","background-type":"","background-media":"","overlay-type":"","overlay-color":"","overlay-gradient":""},"mobile":{"background-color":"","background-image":"","background-repeat":"repeat","background-position":"center center","background-size":"auto","background-attachment":"scroll","background-type":"","background-media":"","overlay-type":"","overlay-color":"","overlay-gradient":""}},"ast-content-background-meta":{"desktop":{"background-color":"var(--ast-global-color-5)","background-image":"","background-repeat":"repeat","background-position":"center center","background-size":"auto","background-attachment":"scroll","background-type":"","background-media":"","overlay-type":"","overlay-color":"","overlay-gradient":""},"tablet":{"background-color":"var(--ast-global-color-5)","background-image":"","background-repeat":"repeat","background-position":"center center","background-size":"auto","background-attachment":"scroll","background-type":"","background-media":"","overlay-type":"","overlay-color":"","overlay-gradient":""},"mobile":{"background-color":"var(--ast-global-color-5)","background-image":"","background-repeat":"repeat","background-position":"center center","background-size":"auto","background-attachment":"scroll","background-type":"","background-media":"","overlay-type":"","overlay-color":"","overlay-gradient":""}}},"product_cat":[125,143],"product_tag":[],"class_list":{"0":"post-10974","1":"product","2":"type-product","3":"status-publish","4":"has-post-thumbnail","6":"product_cat-adss-cable","7":"product_cat-asu-cable","8":"desktop-align-left","9":"tablet-align-left","10":"mobile-align-left","11":"ast-product-gallery-layout-horizontal-slider","12":"ast-product-tabs-layout-horizontal","14":"first","15":"instock","16":"shipping-taxable","17":"product-type-simple"},"acf":[],"_links":{"self":[{"href":"https:\/\/www.omccable.com\/fr\/wp-json\/wp\/v2\/product\/10974","targetHints":{"allow":["GET"]}}],"collection":[{"href":"https:\/\/www.omccable.com\/fr\/wp-json\/wp\/v2\/product"}],"about":[{"href":"https:\/\/www.omccable.com\/fr\/wp-json\/wp\/v2\/types\/product"}],"replies":[{"embeddable":true,"href":"https:\/\/www.omccable.com\/fr\/wp-json\/wp\/v2\/comments?post=10974"}],"version-history":[{"count":1,"href":"https:\/\/www.omccable.com\/fr\/wp-json\/wp\/v2\/product\/10974\/revisions"}],"predecessor-version":[{"id":10978,"href":"https:\/\/www.omccable.com\/fr\/wp-json\/wp\/v2\/product\/10974\/revisions\/10978"}],"wp:featuredmedia":[{"embeddable":true,"href":"https:\/\/www.omccable.com\/fr\/wp-json\/wp\/v2\/media\/10977"}],"wp:attachment":[{"href":"https:\/\/www.omccable.com\/fr\/wp-json\/wp\/v2\/media?parent=10974"}],"wp:term":[{"taxonomy":"product_cat","embeddable":true,"href":"https:\/\/www.omccable.com\/fr\/wp-json\/wp\/v2\/product_cat?post=10974"},{"taxonomy":"product_tag","embeddable":true,"href":"https:\/\/www.omccable.com\/fr\/wp-json\/wp\/v2\/product_tag?post=10974"}],"curies":[{"name":"wp","href":"https:\/\/api.w.org\/{rel}","templated":true}]}}