{"id":10970,"date":"2024-06-04T10:32:52","date_gmt":"2024-06-04T02:32:52","guid":{"rendered":"https:\/\/www.omccable.com\/?post_type=product&#038;p=10970"},"modified":"2025-08-30T11:32:04","modified_gmt":"2025-08-30T03:32:04","slug":"6000n-4-432cores-adss-cable-double-sheath","status":"publish","type":"product","link":"https:\/\/www.omccable.com\/fr\/produit\/6000n-4-432cores-adss-cable-double-sheath\/","title":{"rendered":"C\u00e2ble ADSS 6000N 4-432 c\u0153urs - Double gaine"},"content":{"rendered":"<p>ADSS signifie All-Dielectric Self-Supporting Cable, ce qui signifie qu'il peut \u00eatre install\u00e9 sans avoir besoin de composants m\u00e9talliques ou de structures de support suppl\u00e9mentaires. Cette conception unique permet aux c\u00e2bles ADSS d'\u00eatre enfil\u00e9s entre les poteaux \u00e9lectriques sans compromettre leur int\u00e9grit\u00e9 ou leurs performances, ce qui en fait un choix populaire dans les zones sujettes \u00e0 des conditions m\u00e9t\u00e9orologiques difficiles.<\/p>\n<p>OMC peut proposer des c\u00e2bles ADSS de 4 \u00e0 432 c\u0153urs avec diff\u00e9rentes longueurs de port\u00e9e de 50 m \u00e0 1 200 m. En tant que fournisseur fiable de c\u00e2bles \u00e0 fibres optiques, OMC peut offrir un service de personnalisation et OEM \u00e0 nos clients.<\/p>\n<p>&nbsp;<\/p>\n<p><strong><b>Caract\u00e9ristiques et avantages<\/b><\/strong><\/p>\n<p>Structure non m\u00e9tallique, bonne isolation, protection contre la foudre<\/p>\n<p>Le fil d'aramide poss\u00e8de une excellente technologie de production, une force uniforme, d'excellentes performances de contrainte-d\u00e9formation, une excellente r\u00e9sistance aux tirs et les meilleures performances anti-corrosion \u00e9lectrique<\/p>\n<p>Aucune construction de panne d'\u00e9lectricit\u00e9, une panne de ligne \u00e9lectrique n'affecte pas la transmission normale du c\u00e2ble optique<\/p>\n<p>Forme lisse, de sorte que le c\u00e2ble ait des performances a\u00e9rodynamiques sup\u00e9rieures<\/p>\n<p>&nbsp;<\/p>\n<p><strong><b>Structure du c\u00e2ble<\/b><\/strong><\/p>\n<table>\n<tbody>\n<tr>\n<td width=\"110\"><strong>Article<\/strong><\/td>\n<td colspan=\"2\" width=\"120\"><strong>Sommaire<\/strong><\/td>\n<td width=\"62\"><strong>Unit\u00e9<\/strong><\/td>\n<td colspan=\"10\" width=\"418\"><strong>Valeur<\/strong><\/td>\n<\/tr>\n<tr>\n<td width=\"110\">Nombre de fibres<\/td>\n<td colspan=\"2\" width=\"120\">Nombre<\/td>\n<td width=\"62\">\/<\/td>\n<td width=\"62\">4-8<\/td>\n<td colspan=\"2\" width=\"70\">12-72<\/td>\n<td width=\"72\">96<\/td>\n<td colspan=\"3\" width=\"70\">144<\/td>\n<td colspan=\"2\" width=\"70\">288<\/td>\n<td width=\"72\">432<\/td>\n<\/tr>\n<tr>\n<td width=\"110\">Type de fibre<\/td>\n<td colspan=\"2\" width=\"120\">\/<\/td>\n<td width=\"62\">\/<\/td>\n<td colspan=\"10\" width=\"418\">G652D<\/td>\n<\/tr>\n<tr>\n<td width=\"110\">Structure du c\u00e2ble<\/td>\n<td colspan=\"2\" width=\"120\">\/<\/td>\n<td width=\"62\">\/<\/td>\n<td width=\"62\">1+6<\/td>\n<td colspan=\"2\" width=\"70\">1+6<\/td>\n<td width=\"72\">1+8<\/td>\n<td colspan=\"3\" width=\"70\">1+12<\/td>\n<td colspan=\"2\" width=\"70\">1+9+15<\/td>\n<td width=\"72\">1+6+12<\/td>\n<\/tr>\n<tr>\n<td width=\"110\">Fibres par tube<\/td>\n<td colspan=\"2\" width=\"120\">Compter<\/td>\n<td width=\"62\">\/<\/td>\n<td width=\"62\">4-8<\/td>\n<td colspan=\"2\" width=\"70\">12<\/td>\n<td width=\"72\">12<\/td>\n<td colspan=\"3\" width=\"70\">12<\/td>\n<td colspan=\"2\" width=\"70\">12<\/td>\n<td width=\"72\">24<\/td>\n<\/tr>\n<tr>\n<td width=\"110\">Couleur des fibres<\/td>\n<td colspan=\"2\" width=\"120\">\/<\/td>\n<td width=\"62\">\/<\/td>\n<td colspan=\"10\" width=\"418\">Bleu, Orange, Vert, Marron, Gris, Blanc, Rouge, Noir, Jaune, Violet, Rose, Aqua, Bleu*, Orange*, Vert*, Marron*, Gris*, Blanc*,<\/p>\n<p>Rouge*\u3001Naturel*\u3001Jaune*\u3001Violet*\u3001Rose*\u3001Aqua*\uff0c\uff08* : Marquage \u00e0 points noirs\uff09<\/td>\n<\/tr>\n<tr>\n<td width=\"110\">Remplisseur<\/td>\n<td colspan=\"2\" width=\"120\">Mat\u00e9riel<\/td>\n<td width=\"62\">\/<\/td>\n<td colspan=\"10\" width=\"418\">PP<\/td>\n<\/tr>\n<tr>\n<td rowspan=\"3\" width=\"110\"><strong>\u00a0<\/strong><\/p>\n<p><strong>\u00a0<\/strong><\/p>\n<p><strong>\u00a0<\/strong><\/p>\n<p><strong>\u00a0<\/strong><\/p>\n<p><strong>\u00a0<\/strong><\/p>\n<p>Tube l\u00e2che<\/td>\n<td colspan=\"2\" width=\"120\">Mat\u00e9riel<\/td>\n<td width=\"62\">\/<\/td>\n<td colspan=\"10\" width=\"418\">PBT<\/td>\n<\/tr>\n<tr>\n<td colspan=\"2\" width=\"120\">Diam\u00e8tre nominal<\/td>\n<td width=\"62\">mm<\/td>\n<td colspan=\"9\" width=\"346\">2.2<\/td>\n<td width=\"72\">2.8<\/td>\n<\/tr>\n<tr>\n<td colspan=\"2\" width=\"120\">couleur<\/td>\n<td width=\"62\">\/<\/td>\n<td colspan=\"10\" width=\"418\">4-144F : Bleu, Orange, Vert, Marron, Gris, Blanc, Rouge, Noir, Jaune, Violet, Rose, Aqua<\/p>\n<p>288F\uff1aBleu\u3001Orange\u3001Vert\u3001Marron\u3001Gris\u3001Blanc\u3001Rouge\u3001Noir\u3001Jaune\u3001Violet\u3001Rose\u3001Aqua\u3001Bleu*\u3001Orange*\u3001Vert*\u3001Marron*\u3001Gris*\u3001Blanc*\u3001Rouge*\u3001Nature*\u3001Jaune*\u3001Violet*\u3001Rose*\u3001Aqua*\uff08* : Rayure (couleur : noir)\uff09<\/p>\n<p>432F : Bleu, Orange, Vert, Marron, Gris, Blanc, Rouge, Noir, Jaune, Violet, Rose, Aqua, Bleu*, Orange*, Vert*, Marron*,<\/p>\n<p>Gris*\u3001Blanc*\uff08*  : Rayure (couleur : noir)\uff09<\/td>\n<\/tr>\n<tr>\n<td rowspan=\"3\" width=\"110\">Membre de la force centrale<\/td>\n<td colspan=\"2\" width=\"120\">Mat\u00e9riel<\/td>\n<td width=\"62\">\/<\/td>\n<td colspan=\"10\" width=\"418\">Couche de coussin FRP &amp; PE (si besoin)<\/td>\n<\/tr>\n<tr>\n<td colspan=\"2\" width=\"120\">Diam\u00e8tre nominal<\/td>\n<td width=\"62\">mm<\/td>\n<td width=\"62\">2.4<\/td>\n<td colspan=\"2\" width=\"70\">2.4<\/td>\n<td width=\"72\">3.0<\/td>\n<td colspan=\"3\" width=\"70\">3.0<\/td>\n<td colspan=\"2\" width=\"70\">3.0<\/td>\n<td width=\"72\">2.8<\/td>\n<\/tr>\n<tr>\n<td colspan=\"2\" width=\"120\">Couche de coussin en PE<\/td>\n<td width=\"62\">mm<\/td>\n<td width=\"62\">\u2013<\/td>\n<td colspan=\"2\" width=\"70\">\u2013<\/td>\n<td width=\"72\">3,8 \u00b1 0,2<\/td>\n<td colspan=\"3\" width=\"70\">6,7 \u00b1 0,2<\/td>\n<td colspan=\"2\" width=\"70\">4,2 \u00b1 0,2<\/td>\n<td width=\"72\">\u2013<\/td>\n<\/tr>\n<tr>\n<td width=\"110\">Blocage de l'eau<\/td>\n<td colspan=\"3\" width=\"182\">Mat\u00e9riel<\/td>\n<td colspan=\"10\" width=\"418\">Ruban bloquant l'eau<\/td>\n<\/tr>\n<tr>\n<td width=\"110\">Force p\u00e9riph\u00e9rique<\/p>\n<p>membre<\/td>\n<td colspan=\"3\" width=\"182\">Mat\u00e9riel<\/td>\n<td colspan=\"10\" width=\"418\">Fil d'aramide<\/td>\n<\/tr>\n<tr>\n<td width=\"110\">Cordon de d\u00e9chirure<\/td>\n<td colspan=\"3\" width=\"182\">Nombre<\/td>\n<td colspan=\"10\" width=\"418\">3<\/td>\n<\/tr>\n<tr>\n<td rowspan=\"2\" width=\"110\">Gaine int\u00e9rieure<\/td>\n<td colspan=\"3\" width=\"182\">Mat\u00e9riel<\/td>\n<td colspan=\"10\" width=\"418\">PEHD<\/td>\n<\/tr>\n<tr>\n<td colspan=\"3\" width=\"182\">Couleur<\/td>\n<td colspan=\"10\" width=\"418\">Noir<\/td>\n<\/tr>\n<tr>\n<td rowspan=\"3\" width=\"110\">Gaine ext\u00e9rieure<\/td>\n<td colspan=\"3\" width=\"182\">Mat\u00e9riel<\/td>\n<td colspan=\"10\" width=\"418\">PEHD<\/td>\n<\/tr>\n<tr>\n<td colspan=\"3\" width=\"182\">Couleur<\/td>\n<td colspan=\"10\" width=\"418\">Noir<\/td>\n<\/tr>\n<tr>\n<td colspan=\"3\" width=\"182\">\u00c9paisseur (mm)<\/td>\n<td colspan=\"10\" width=\"418\">Nom : 2.2<\/td>\n<\/tr>\n<tr>\n<td rowspan=\"2\" width=\"110\">Att\u00e9nuation<\/p>\n<p>(apr\u00e8s le c\u00e2ble)<\/td>\n<td width=\"91\">1310 nm<\/td>\n<td colspan=\"2\" width=\"91\">dB\/km<\/td>\n<td colspan=\"10\" width=\"418\">\u00a30.36<\/td>\n<\/tr>\n<tr>\n<td width=\"91\">1550 nm<\/td>\n<td colspan=\"2\" width=\"91\">dB\/km<\/td>\n<td colspan=\"10\" width=\"418\">\u00a30.22<\/td>\n<\/tr>\n<tr>\n<td width=\"110\">Diam\u00e8tre du c\u00e2ble<\/td>\n<td width=\"91\">\u00b15%<\/td>\n<td colspan=\"2\" width=\"91\">mm<\/td>\n<td colspan=\"2\" width=\"66\">13.8<\/td>\n<td width=\"66\">13.8<\/td>\n<td colspan=\"2\" width=\"76\">15.2<\/td>\n<td width=\"65\">18.0<\/td>\n<td colspan=\"2\" width=\"66\">20.7<\/td>\n<td colspan=\"2\" width=\"77\">21.3<\/td>\n<\/tr>\n<tr>\n<td width=\"110\">Poids du c\u00e2ble<\/td>\n<td width=\"91\">\u00b110%<\/td>\n<td colspan=\"2\" width=\"91\">kg\/km<\/td>\n<td colspan=\"2\" width=\"66\">148<\/td>\n<td width=\"66\">149<\/td>\n<td colspan=\"2\" width=\"76\">182<\/td>\n<td width=\"65\">251<\/td>\n<td colspan=\"2\" width=\"66\">328<\/td>\n<td colspan=\"2\" width=\"77\">340<\/td>\n<\/tr>\n<tr>\n<td width=\"110\">Affaissement<\/td>\n<td width=\"91\">\/<\/td>\n<td colspan=\"2\" width=\"91\">%<\/td>\n<td colspan=\"10\" width=\"418\">1<\/td>\n<\/tr>\n<tr>\n<td width=\"110\">\u00e9paisseur de gla\u00e7age<\/td>\n<td width=\"91\">\/<\/td>\n<td colspan=\"2\" width=\"91\">mm<\/td>\n<td colspan=\"10\" width=\"418\">5mm<\/td>\n<\/tr>\n<tr>\n<td width=\"110\">vitesse du vent<\/td>\n<td width=\"91\">\/<\/td>\n<td colspan=\"2\" width=\"91\">MS<\/td>\n<td colspan=\"10\" width=\"418\">2,8 m\/s (maximum 34 m\/s)<\/td>\n<\/tr>\n<\/tbody>\n<\/table>\n<p><strong><b>\u00a0<\/b><\/strong><\/p>\n<p><strong><b>Couleur standard de la fibre et du tube<\/b><\/strong><\/p>\n<p>Le code couleur des tubes et des fibres individuelles doit \u00eatre conforme au tableau ci-dessous :<\/p>\n<table>\n<tbody>\n<tr>\n<td width=\"193\">Non.<\/td>\n<td width=\"86\">1<\/td>\n<td width=\"86\">2<\/td>\n<td width=\"86\">3<\/td>\n<td width=\"86\">4<\/td>\n<td width=\"86\">5<\/td>\n<td width=\"85\">6<\/td>\n<\/tr>\n<tr>\n<td width=\"193\">Couleur<\/td>\n<td width=\"86\">Bleu<\/td>\n<td width=\"86\">Orange<\/td>\n<td width=\"86\">Vert<\/td>\n<td width=\"86\">Brun<\/td>\n<td width=\"86\">Ardoise<\/td>\n<td width=\"85\">Blanc<\/td>\n<\/tr>\n<tr>\n<td width=\"193\">Non.<\/td>\n<td width=\"86\">7<\/td>\n<td width=\"86\">8<\/td>\n<td width=\"86\">9<\/td>\n<td width=\"86\">10<\/td>\n<td width=\"86\">11<\/td>\n<td width=\"85\">12<\/td>\n<\/tr>\n<tr>\n<td width=\"193\">Couleur<\/td>\n<td width=\"86\">Rouge<\/td>\n<td width=\"86\">Noir<\/td>\n<td width=\"86\">Jaune<\/td>\n<td width=\"86\">Violette<\/td>\n<td width=\"86\">Rose<\/td>\n<td width=\"85\">Aqua<\/td>\n<\/tr>\n<\/tbody>\n<\/table>\n<p>&nbsp;<\/p>\n<p><strong><b>Performances M\u00e9caniques et Environnementales<\/b><\/strong><\/p>\n<table>\n<tbody>\n<tr>\n<td width=\"221\"><strong>Article<\/strong><\/td>\n<td width=\"270\"><strong>Sommaire<\/strong><\/td>\n<td width=\"209\"><strong>Valeur<\/strong><\/td>\n<\/tr>\n<tr>\n<td width=\"221\">Max. charge de traction<\/td>\n<td width=\"270\">Court terme<\/td>\n<td width=\"209\">6000N (souche de fibre\u22640,33%)<\/td>\n<\/tr>\n<tr>\n<td width=\"221\">Max. r\u00e9sistance \u00e0 l'\u00e9crasement<\/td>\n<td width=\"270\">Court terme<\/td>\n<td width=\"209\">3000N\/100mm<\/td>\n<\/tr>\n<tr>\n<td rowspan=\"2\" width=\"221\">Min. rayon de courbure<\/td>\n<td width=\"270\">Installation<\/td>\n<td width=\"209\">20x diam\u00e8tre de c\u00e2ble<\/td>\n<\/tr>\n<tr>\n<td width=\"270\">Op\u00e9ration<\/td>\n<td width=\"209\">10 x diam\u00e8tre du c\u00e2ble<\/td>\n<\/tr>\n<tr>\n<td rowspan=\"3\" width=\"221\">&nbsp;<\/p>\n<p>Plage de temp\u00e9rature<\/td>\n<td width=\"270\">Op\u00e9ration<\/td>\n<td width=\"209\">-40 \u2103 ~ +70 \u2103<\/td>\n<\/tr>\n<tr>\n<td width=\"270\">Installation<\/td>\n<td width=\"209\">-40 \u2103 ~ +55 \u2103<\/td>\n<\/tr>\n<tr>\n<td width=\"270\">Stockage\/transport<\/td>\n<td width=\"209\">-40 \u2103 ~ +70 \u2103<\/td>\n<\/tr>\n<\/tbody>\n<\/table>\n<p>&nbsp;<\/p>\n<p><strong><b>Param\u00e8tres techniques de la fibre optique-SMF<\/b><\/strong><\/p>\n<table>\n<tbody>\n<tr>\n<td colspan=\"2\" rowspan=\"2\" width=\"457\"><strong>Article<\/strong><\/td>\n<td rowspan=\"2\" width=\"84\"><strong>Unit\u00e9<\/strong><\/td>\n<td width=\"167\"><strong>Sp\u00e9cification<\/strong><\/td>\n<\/tr>\n<tr>\n<td width=\"167\">G. 652D<\/td>\n<\/tr>\n<tr>\n<td rowspan=\"2\" width=\"322\">Diam\u00e8tre du champ de mode<\/td>\n<td width=\"135\">1310 nm<\/td>\n<td width=\"84\">mm<\/td>\n<td width=\"167\">9,2 \u00b1 0,4<\/td>\n<\/tr>\n<tr>\n<td width=\"135\">1550 nm<\/td>\n<td width=\"84\">mm<\/td>\n<td width=\"167\">10,4 \u00b1 0,5<\/td>\n<\/tr>\n<tr>\n<td colspan=\"2\" width=\"457\">Diam\u00e8tre du bardage<\/td>\n<td width=\"84\">mm<\/td>\n<td width=\"167\">125,0 \u00b1 0,7<\/td>\n<\/tr>\n<tr>\n<td colspan=\"2\" width=\"457\">Non-circularit\u00e9 du rev\u00eatement<\/td>\n<td width=\"84\">%<\/td>\n<td width=\"167\">\u00a31.0<\/td>\n<\/tr>\n<tr>\n<td colspan=\"2\" width=\"457\">Erreur de concentricit\u00e9 du noyau<\/td>\n<td width=\"84\">mm<\/td>\n<td width=\"167\">\u00a30.6<\/td>\n<\/tr>\n<tr>\n<td colspan=\"2\" width=\"457\">Diam\u00e8tre du rev\u00eatement<\/td>\n<td width=\"84\">mm<\/td>\n<td width=\"167\">242 \u00b1 7<\/td>\n<\/tr>\n<tr>\n<td colspan=\"2\" width=\"457\">Erreur de concentricit\u00e9 du rev\u00eatement\/bardage<\/td>\n<td width=\"84\">mm<\/td>\n<td width=\"167\">\u00a312<\/td>\n<\/tr>\n<tr>\n<td colspan=\"2\" width=\"457\">Longueur d'onde de coupure du c\u00e2ble \u03bbcc<\/td>\n<td width=\"84\">nm<\/td>\n<td width=\"167\">\u00a3\u00a01260<\/td>\n<\/tr>\n<tr>\n<td rowspan=\"2\" width=\"322\">Att\u00e9nuation<\/td>\n<td width=\"135\">1310 nm<\/td>\n<td width=\"84\">dB\/km<\/td>\n<td width=\"167\">\u00a30.35<\/td>\n<\/tr>\n<tr>\n<td width=\"135\">1550 nm<\/td>\n<td width=\"84\">dB\/km<\/td>\n<td width=\"167\">\u00a30.21<\/td>\n<\/tr>\n<\/tbody>\n<\/table>","protected":false},"excerpt":{"rendered":"<p>ADSS signifie All-Dielectric Self-Supporting Cable, ce qui signifie qu'il peut \u00eatre install\u00e9 sans avoir besoin de composants m\u00e9talliques ou de structures de support suppl\u00e9mentaires. Cette conception unique permet aux c\u00e2bles ADSS d'\u00eatre enfil\u00e9s entre les poteaux \u00e9lectriques sans compromettre leur int\u00e9grit\u00e9 ou leurs performances, ce qui en fait un choix populaire dans les zones sujettes \u00e0 des conditions m\u00e9t\u00e9orologiques difficiles. OMC peut offrir 4 \u00e0 432 c\u0153urs [\u2026]<\/p>","protected":false},"featured_media":10972,"comment_status":"closed","ping_status":"closed","template":"","meta":{"site-sidebar-layout":"default","site-content-layout":"","ast-site-content-layout":"default","site-content-style":"default","site-sidebar-style":"default","ast-global-header-display":"","ast-banner-title-visibility":"","ast-main-header-display":"","ast-hfb-above-header-display":"","ast-hfb-below-header-display":"","ast-hfb-mobile-header-display":"","site-post-title":"","ast-breadcrumbs-content":"","ast-featured-img":"","footer-sml-layout":"","theme-transparent-header-meta":"default","adv-header-id-meta":"","stick-header-meta":"default","header-above-stick-meta":"","header-main-stick-meta":"","header-below-stick-meta":"","astra-migrate-meta-layouts":"set","ast-page-background-enabled":"default","ast-page-background-meta":{"desktop":{"background-color":"var(--ast-global-color-4)","background-image":"","background-repeat":"repeat","background-position":"center center","background-size":"auto","background-attachment":"scroll","background-type":"","background-media":"","overlay-type":"","overlay-color":"","overlay-gradient":""},"tablet":{"background-color":"","background-image":"","background-repeat":"repeat","background-position":"center center","background-size":"auto","background-attachment":"scroll","background-type":"","background-media":"","overlay-type":"","overlay-color":"","overlay-gradient":""},"mobile":{"background-color":"","background-image":"","background-repeat":"repeat","background-position":"center center","background-size":"auto","background-attachment":"scroll","background-type":"","background-media":"","overlay-type":"","overlay-color":"","overlay-gradient":""}},"ast-content-background-meta":{"desktop":{"background-color":"var(--ast-global-color-5)","background-image":"","background-repeat":"repeat","background-position":"center center","background-size":"auto","background-attachment":"scroll","background-type":"","background-media":"","overlay-type":"","overlay-color":"","overlay-gradient":""},"tablet":{"background-color":"var(--ast-global-color-5)","background-image":"","background-repeat":"repeat","background-position":"center center","background-size":"auto","background-attachment":"scroll","background-type":"","background-media":"","overlay-type":"","overlay-color":"","overlay-gradient":""},"mobile":{"background-color":"var(--ast-global-color-5)","background-image":"","background-repeat":"repeat","background-position":"center center","background-size":"auto","background-attachment":"scroll","background-type":"","background-media":"","overlay-type":"","overlay-color":"","overlay-gradient":""}}},"product_cat":[125,142],"product_tag":[],"class_list":{"0":"post-10970","1":"product","2":"type-product","3":"status-publish","4":"has-post-thumbnail","6":"product_cat-adss-cable","7":"product_cat-adss-cabledouble-sheath","8":"desktop-align-left","9":"tablet-align-left","10":"mobile-align-left","11":"ast-product-gallery-layout-horizontal-slider","12":"ast-product-tabs-layout-horizontal","14":"first","15":"instock","16":"shipping-taxable","17":"product-type-simple"},"acf":[],"_links":{"self":[{"href":"https:\/\/www.omccable.com\/fr\/wp-json\/wp\/v2\/product\/10970","targetHints":{"allow":["GET"]}}],"collection":[{"href":"https:\/\/www.omccable.com\/fr\/wp-json\/wp\/v2\/product"}],"about":[{"href":"https:\/\/www.omccable.com\/fr\/wp-json\/wp\/v2\/types\/product"}],"replies":[{"embeddable":true,"href":"https:\/\/www.omccable.com\/fr\/wp-json\/wp\/v2\/comments?post=10970"}],"version-history":[{"count":2,"href":"https:\/\/www.omccable.com\/fr\/wp-json\/wp\/v2\/product\/10970\/revisions"}],"predecessor-version":[{"id":13311,"href":"https:\/\/www.omccable.com\/fr\/wp-json\/wp\/v2\/product\/10970\/revisions\/13311"}],"wp:featuredmedia":[{"embeddable":true,"href":"https:\/\/www.omccable.com\/fr\/wp-json\/wp\/v2\/media\/10972"}],"wp:attachment":[{"href":"https:\/\/www.omccable.com\/fr\/wp-json\/wp\/v2\/media?parent=10970"}],"wp:term":[{"taxonomy":"product_cat","embeddable":true,"href":"https:\/\/www.omccable.com\/fr\/wp-json\/wp\/v2\/product_cat?post=10970"},{"taxonomy":"product_tag","embeddable":true,"href":"https:\/\/www.omccable.com\/fr\/wp-json\/wp\/v2\/product_tag?post=10970"}],"curies":[{"name":"wp","href":"https:\/\/api.w.org\/{rel}","templated":true}]}}