{"id":10939,"date":"2024-06-03T15:20:18","date_gmt":"2024-06-03T07:20:18","guid":{"rendered":"https:\/\/www.omccable.com\/?post_type=product&#038;p=10939"},"modified":"2025-08-30T11:31:22","modified_gmt":"2025-08-30T03:31:22","slug":"50m-span-6496cores-sm-adss-cable-double-sheath","status":"publish","type":"product","link":"https:\/\/www.omccable.com\/fr\/produit\/50m-span-6496cores-sm-adss-cable-double-sheath\/","title":{"rendered":"C\u00e2ble SM ADSS de 50 m d'envergure, 64 et 96 c\u0153urs, double gaine"},"content":{"rendered":"<p>Le c\u00e2ble ADSS \u00e0 96 c\u0153urs d'OMC est utilis\u00e9 avec une structure de c\u00e2ble \u00e0 double gaine et un corps de c\u00e2ble \u00e0 1 + 8 tubes pour construire ce c\u00e2ble d'installation a\u00e9rienne ext\u00e9rieure de bonne performance.<\/p>\n<p>La structure ADSS des c\u00e2bles optiques adopte une structure torsad\u00e9e \u00e0 tube l\u00e2che. Des fibres optiques de 250 \u00b5m sont ins\u00e9r\u00e9es dans un tube l\u00e2che en polyester \u00e0 haut module et remplies d'\u00e9l\u00e9ments de renforcement non m\u00e9talliques (FRP) autour du centre du c\u00e2ble pour former un noyau rond. L'espace dans le noyau est rempli d'une pommade bloquant l'eau. Deux couches de fil d'aramide sont torsad\u00e9es pour renforcer le fil. Enfin, une gaine en poly\u00e9thyl\u00e8ne (PE) est extrud\u00e9e.<\/p>\n<p>Ces c\u00e2bles ADSS offrent des performances d'autosupport fiables pour des distances allant jusqu'\u00e0 50 m. Comme son nom l'indique, aucun fil de support ou messager n'est requis, l'installation se fait donc en un seul passage, faisant de l'ADSS un moyen \u00e9conomique et simple de construire un r\u00e9seau de fibre optique.<\/p>\n<p>&nbsp;<\/p>\n<p><strong><b>Caract\u00e9ristiques et avantages<\/b><\/strong><\/p>\n<p>Structure non m\u00e9tallique, bonne isolation, protection contre la foudre<\/p>\n<p>Le fil d'aramide poss\u00e8de une excellente technologie de production, une force uniforme, d'excellentes performances de contrainte-d\u00e9formation, une excellente r\u00e9sistance aux tirs et les meilleures performances anti-corrosion \u00e9lectrique<\/p>\n<p>Aucune construction de panne d'\u00e9lectricit\u00e9, une panne de ligne \u00e9lectrique n'affecte pas la transmission normale du c\u00e2ble optique<\/p>\n<p>Forme lisse, de sorte que le c\u00e2ble ait des performances a\u00e9rodynamiques sup\u00e9rieures<\/p>\n<p>&nbsp;<\/p>\n<p><strong><b>Structure du c\u00e2ble<\/b><\/strong><\/p>\n<table>\n<tbody>\n<tr>\n<td width=\"179\"><strong>Article<\/strong><\/td>\n<td width=\"128\"><strong>Sommaire<\/strong><\/td>\n<td width=\"58\"><strong>Unit\u00e9<\/strong><\/td>\n<td colspan=\"2\" width=\"345\"><strong>Valeur<\/strong><\/td>\n<\/tr>\n<tr>\n<td width=\"179\">Nombre de fibres<\/td>\n<td width=\"128\">Nombre<\/td>\n<td width=\"58\">\/<\/td>\n<td width=\"172\">64<\/td>\n<td width=\"172\">96<\/td>\n<\/tr>\n<tr>\n<td width=\"179\">Type de fibre<\/td>\n<td width=\"128\">\/<\/td>\n<td width=\"58\">\/<\/td>\n<td colspan=\"2\" width=\"345\">G652D<\/td>\n<\/tr>\n<tr>\n<td width=\"179\">Structure du c\u00e2ble<\/td>\n<td width=\"128\">\/<\/td>\n<td width=\"58\">\/<\/td>\n<td width=\"172\">1+8<\/td>\n<td width=\"172\">1+12<\/td>\n<\/tr>\n<tr>\n<td width=\"179\">Fibres par tube<\/td>\n<td width=\"128\">Compter<\/td>\n<td width=\"58\">\/<\/td>\n<td colspan=\"2\" width=\"345\">8<\/td>\n<\/tr>\n<tr>\n<td rowspan=\"3\" width=\"179\"><strong>\u00a0<\/strong><\/p>\n<p><strong>\u00a0<\/strong><\/p>\n<p>Tube l\u00e2che<\/td>\n<td width=\"128\">Mat\u00e9riel<\/td>\n<td width=\"58\">\/<\/td>\n<td colspan=\"2\" width=\"345\">PBT<\/td>\n<\/tr>\n<tr>\n<td width=\"128\">Diam\u00e8tre nominal<\/td>\n<td width=\"58\">mm<\/td>\n<td colspan=\"2\" width=\"345\">2.2<\/td>\n<\/tr>\n<tr>\n<td width=\"128\">Couleur<\/td>\n<td width=\"58\">\/<\/td>\n<td colspan=\"2\" width=\"345\">Bleu, Orange, Vert, Marron, Gris, Blanc, Rouge,<\/p>\n<p>Noir, Jaune, Violet, Rose, Aqua<\/td>\n<\/tr>\n<tr>\n<td rowspan=\"2\" width=\"179\"><strong>\u00a0<\/strong><\/p>\n<p>Membre de la force centrale<\/td>\n<td width=\"128\">Mat\u00e9riel<\/td>\n<td width=\"58\">\/<\/td>\n<td colspan=\"2\" width=\"345\">Couche de coussin FRP &amp;PE<\/td>\n<\/tr>\n<tr>\n<td width=\"128\">Diam\u00e8tre nominal<\/td>\n<td width=\"58\">mm<\/td>\n<td width=\"172\">2.4\/3.8<\/td>\n<td width=\"172\">2.6\/6.6<\/td>\n<\/tr>\n<tr>\n<td width=\"179\">Blocage de l'eau<\/td>\n<td width=\"128\">Mat\u00e9riel<\/td>\n<td width=\"58\">\/<\/td>\n<td colspan=\"2\" width=\"345\">Fil et ruban bloquant l'eau<\/td>\n<\/tr>\n<tr>\n<td width=\"179\">Membre de force p\u00e9riph\u00e9rique<\/td>\n<td width=\"128\">Mat\u00e9riel<\/td>\n<td width=\"58\">\/<\/td>\n<td colspan=\"2\" width=\"345\">Fil aramide<\/td>\n<\/tr>\n<tr>\n<td rowspan=\"3\" width=\"179\"><strong>\u00a0<\/strong><\/p>\n<p>Gaine int\u00e9rieure<\/td>\n<td width=\"128\">Mat\u00e9riel<\/td>\n<td width=\"58\">\/<\/td>\n<td colspan=\"2\" width=\"345\">MDPE<\/td>\n<\/tr>\n<tr>\n<td width=\"128\">Couleur<\/td>\n<td width=\"58\">\/<\/td>\n<td colspan=\"2\" width=\"345\">Noir<\/td>\n<\/tr>\n<tr>\n<td width=\"128\">\u00c9paisseur moyenne<\/td>\n<td width=\"58\">mm<\/td>\n<td colspan=\"2\" width=\"345\">0.7<\/td>\n<\/tr>\n<tr>\n<td rowspan=\"3\" width=\"179\"><strong>\u00a0<\/strong><\/p>\n<p>Gaine ext\u00e9rieure<\/td>\n<td width=\"128\">Mat\u00e9riel<\/td>\n<td width=\"58\">\/<\/td>\n<td colspan=\"2\" width=\"345\">MDPE<\/td>\n<\/tr>\n<tr>\n<td width=\"128\">Couleur<\/td>\n<td width=\"58\">\/<\/td>\n<td colspan=\"2\" width=\"345\">Noir<\/td>\n<\/tr>\n<tr>\n<td width=\"128\">\u00c9paisseur moyenne<\/td>\n<td width=\"58\">mm<\/td>\n<td colspan=\"2\" width=\"345\">1.6<\/td>\n<\/tr>\n<tr>\n<td rowspan=\"2\" width=\"179\"><strong>\u00a0<\/strong><\/p>\n<p>Att\u00e9nuation (Apr\u00e8s c\u00e2ble)<\/td>\n<td width=\"128\">1310 nm<\/td>\n<td width=\"58\">dB\/km<\/td>\n<td colspan=\"2\" width=\"345\">\u00a30.36<\/td>\n<\/tr>\n<tr>\n<td width=\"128\">1550 nm<\/td>\n<td width=\"58\">dB\/km<\/td>\n<td colspan=\"2\" width=\"345\">\u00a30.22<\/td>\n<\/tr>\n<tr>\n<td width=\"179\">Diam\u00e8tre du c\u00e2ble<\/td>\n<td width=\"128\">\u00b15%<\/td>\n<td width=\"58\">mm<\/td>\n<td width=\"172\">13.3<\/td>\n<td width=\"172\">16.1<\/td>\n<\/tr>\n<tr>\n<td width=\"179\">Poids du c\u00e2ble<\/td>\n<td width=\"128\">\u00b17%<\/td>\n<td width=\"58\">kg\/km<\/td>\n<td width=\"172\">135<\/td>\n<td width=\"172\">197<\/td>\n<\/tr>\n<tr>\n<td width=\"179\">Port\u00e9e appropri\u00e9e<\/td>\n<td width=\"128\">\/<\/td>\n<td width=\"58\">m<\/td>\n<td colspan=\"2\" width=\"345\">50<\/td>\n<\/tr>\n<tr>\n<td width=\"179\">Affaissement<\/td>\n<td width=\"128\">\/<\/td>\n<td width=\"58\">%<\/td>\n<td colspan=\"2\" width=\"345\">1<\/td>\n<\/tr>\n<tr>\n<td width=\"179\">\u00c9paisseur du givrage<\/td>\n<td width=\"128\">\/<\/td>\n<td width=\"58\">mm<\/td>\n<td colspan=\"2\" width=\"345\">0<\/td>\n<\/tr>\n<tr>\n<td width=\"179\">Vitesse du vent<\/td>\n<td width=\"128\">\/<\/td>\n<td width=\"58\">MS<\/td>\n<td colspan=\"2\" width=\"345\">25<\/td>\n<\/tr>\n<\/tbody>\n<\/table>\n<p><strong><b>\u00a0<\/b><\/strong><\/p>\n<p><strong><b>Couleur standard de la fibre et du tube<\/b><\/strong><\/p>\n<p>Le code couleur des tubes et des fibres individuelles doit \u00eatre conforme au tableau ci-dessous :<\/p>\n<table>\n<tbody>\n<tr>\n<td width=\"183\">Non.<\/td>\n<td width=\"82\">1<\/td>\n<td width=\"82\">2<\/td>\n<td width=\"82\">3<\/td>\n<td width=\"82\">4<\/td>\n<td width=\"82\">5<\/td>\n<td width=\"80\">6<\/td>\n<\/tr>\n<tr>\n<td width=\"183\">Couleur<\/td>\n<td width=\"82\">Bleu<\/td>\n<td width=\"82\">Orange<\/td>\n<td width=\"82\">Vert<\/td>\n<td width=\"82\">Brun<\/td>\n<td width=\"82\">Ardoise<\/td>\n<td width=\"80\">Blanc<\/td>\n<\/tr>\n<tr>\n<td width=\"183\">Non.<\/td>\n<td width=\"82\">7<\/td>\n<td width=\"82\">8<\/td>\n<td width=\"82\">9<\/td>\n<td width=\"82\">10<\/td>\n<td width=\"82\">11<\/td>\n<td width=\"80\">12<\/td>\n<\/tr>\n<tr>\n<td width=\"183\">Couleur<\/td>\n<td width=\"82\">Rouge<\/td>\n<td width=\"82\">Noir<\/td>\n<td width=\"82\">Jaune<\/td>\n<td width=\"82\">Violette<\/td>\n<td width=\"82\">Rose<\/td>\n<td width=\"80\">Aqua<\/td>\n<\/tr>\n<\/tbody>\n<\/table>\n<p>&nbsp;<\/p>\n<p><strong><b>Performances M\u00e9caniques et Environnementales<\/b><\/strong><\/p>\n<table>\n<tbody>\n<tr>\n<td width=\"221\"><strong>Article<\/strong><\/td>\n<td width=\"270\"><strong>Sommaire<\/strong><\/td>\n<td width=\"221\"><strong>Valeur<\/strong><\/td>\n<\/tr>\n<tr>\n<td width=\"221\">Max. charge de traction (64 noyaux)<\/td>\n<td width=\"270\">Tension maximale autoris\u00e9e<\/td>\n<td width=\"221\">2 000 N (d\u00e9formation des fibres \u22640,33 %)<\/td>\n<\/tr>\n<tr>\n<td width=\"221\">Max. charge de traction (96 noyaux)<\/td>\n<td width=\"270\">Tension maximale autoris\u00e9e<\/td>\n<td width=\"221\">2 300 N (d\u00e9formation des fibres \u22640,33 %)<\/td>\n<\/tr>\n<tr>\n<td rowspan=\"2\" width=\"221\"><strong>\u00a0<\/strong><\/p>\n<p>Max. r\u00e9sistance \u00e0 l'\u00e9crasement<\/td>\n<td width=\"270\">Court terme<\/td>\n<td width=\"221\">2 200 N\/100 mm<\/td>\n<\/tr>\n<tr>\n<td width=\"270\">\u00c0 long terme<\/td>\n<td width=\"221\">700N<\/td>\n<\/tr>\n<tr>\n<td rowspan=\"2\" width=\"221\"><strong>\u00a0<\/strong><\/p>\n<p>Min. rayon de courbure<\/td>\n<td width=\"270\">Installation<\/td>\n<td width=\"221\">25 x diam\u00e8tre du c\u00e2ble<\/td>\n<\/tr>\n<tr>\n<td width=\"270\">Op\u00e9ration<\/td>\n<td width=\"221\">15 x diam\u00e8tre du c\u00e2ble<\/td>\n<\/tr>\n<tr>\n<td rowspan=\"3\" width=\"221\"><strong>\u00a0<\/strong><\/p>\n<p>Plage de temp\u00e9rature<\/td>\n<td width=\"270\">Op\u00e9ration<\/td>\n<td width=\"221\">-40 \u2103 ~ +70 \u2103<\/td>\n<\/tr>\n<tr>\n<td width=\"270\">Installation<\/td>\n<td width=\"221\">-20 \u2103 ~ +60 \u2103<\/td>\n<\/tr>\n<tr>\n<td width=\"270\">Stockage\/transport<\/td>\n<td width=\"221\">-40 \u2103 ~ +70 \u2103<\/td>\n<\/tr>\n<\/tbody>\n<\/table>\n<p><strong><b>\u00a0<\/b><\/strong><\/p>\n<p><strong><b>Param\u00e8tres techniques de la fibre optique-SMF<\/b><\/strong><\/p>\n<table>\n<tbody>\n<tr>\n<td colspan=\"2\" rowspan=\"2\" width=\"457\">Article<\/td>\n<td rowspan=\"2\" width=\"84\">Unit\u00e9<\/td>\n<td width=\"169\">Sp\u00e9cification<\/td>\n<\/tr>\n<tr>\n<td width=\"169\">G. 652D<\/td>\n<\/tr>\n<tr>\n<td rowspan=\"2\" width=\"324\">Diam\u00e8tre du champ de mode<\/td>\n<td width=\"132\">1310 nm<\/td>\n<td width=\"84\">mm<\/td>\n<td width=\"169\">9,2 \u00b1 0,4<\/td>\n<\/tr>\n<tr>\n<td width=\"132\">1550 nm<\/td>\n<td width=\"84\">mm<\/td>\n<td width=\"169\">10,4 \u00b1 0,5<\/td>\n<\/tr>\n<tr>\n<td colspan=\"2\" width=\"457\">Diam\u00e8tre du bardage<\/td>\n<td width=\"84\">mm<\/td>\n<td width=\"169\">125,0 \u00b1 0,7<\/td>\n<\/tr>\n<tr>\n<td colspan=\"2\" width=\"457\">Non-circularit\u00e9 du rev\u00eatement<\/td>\n<td width=\"84\">%<\/td>\n<td width=\"169\">\u00a31.0<\/td>\n<\/tr>\n<tr>\n<td colspan=\"2\" width=\"457\">Erreur de concentricit\u00e9 du noyau<\/td>\n<td width=\"84\">mm<\/td>\n<td width=\"169\">\u00a30.6<\/td>\n<\/tr>\n<tr>\n<td colspan=\"2\" width=\"457\">Diam\u00e8tre du rev\u00eatement<\/td>\n<td width=\"84\">mm<\/td>\n<td width=\"169\">242 \u00b1 7<\/td>\n<\/tr>\n<tr>\n<td colspan=\"2\" width=\"457\">Erreur de concentricit\u00e9 du rev\u00eatement\/bardage<\/td>\n<td width=\"84\">mm<\/td>\n<td width=\"169\">\u00a312<\/td>\n<\/tr>\n<tr>\n<td colspan=\"2\" width=\"457\">Longueur d'onde de coupure du c\u00e2ble \u03bbcc<\/td>\n<td width=\"84\">nm<\/td>\n<td width=\"169\">\u00a3\u00a01260<\/td>\n<\/tr>\n<tr>\n<td rowspan=\"2\" width=\"324\">Att\u00e9nuation<\/td>\n<td width=\"132\">1310 nm<\/td>\n<td width=\"84\">dB\/km<\/td>\n<td width=\"169\">\u00a30.35<\/td>\n<\/tr>\n<tr>\n<td width=\"132\">1550 nm<\/td>\n<td width=\"84\">dB\/km<\/td>\n<td width=\"169\">\u00a30.21<\/td>\n<\/tr>\n<\/tbody>\n<\/table>","protected":false},"excerpt":{"rendered":"<p>Le c\u00e2ble ADSS \u00e0 96 c\u0153urs d'OMC est utilis\u00e9 avec une structure de c\u00e2ble \u00e0 double gaine et un corps de c\u00e2ble \u00e0 1 + 8 tubes pour construire ce c\u00e2ble d'installation a\u00e9rienne ext\u00e9rieure de bonne performance. La structure ADSS des c\u00e2bles optiques adopte une structure torsad\u00e9e \u00e0 tube l\u00e2che. Des fibres optiques de 250 \u00b5m sont ins\u00e9r\u00e9es dans un tube l\u00e2che en polyester \u00e0 haut module et rempli d'\u00e9l\u00e9ments de renforcement non m\u00e9talliques (FRP) autour [\u2026]<\/p>","protected":false},"featured_media":10943,"comment_status":"closed","ping_status":"closed","template":"","meta":{"site-sidebar-layout":"default","site-content-layout":"","ast-site-content-layout":"default","site-content-style":"default","site-sidebar-style":"default","ast-global-header-display":"","ast-banner-title-visibility":"","ast-main-header-display":"","ast-hfb-above-header-display":"","ast-hfb-below-header-display":"","ast-hfb-mobile-header-display":"","site-post-title":"","ast-breadcrumbs-content":"","ast-featured-img":"","footer-sml-layout":"","theme-transparent-header-meta":"default","adv-header-id-meta":"","stick-header-meta":"default","header-above-stick-meta":"","header-main-stick-meta":"","header-below-stick-meta":"","astra-migrate-meta-layouts":"set","ast-page-background-enabled":"default","ast-page-background-meta":{"desktop":{"background-color":"var(--ast-global-color-4)","background-image":"","background-repeat":"repeat","background-position":"center center","background-size":"auto","background-attachment":"scroll","background-type":"","background-media":"","overlay-type":"","overlay-color":"","overlay-gradient":""},"tablet":{"background-color":"","background-image":"","background-repeat":"repeat","background-position":"center center","background-size":"auto","background-attachment":"scroll","background-type":"","background-media":"","overlay-type":"","overlay-color":"","overlay-gradient":""},"mobile":{"background-color":"","background-image":"","background-repeat":"repeat","background-position":"center center","background-size":"auto","background-attachment":"scroll","background-type":"","background-media":"","overlay-type":"","overlay-color":"","overlay-gradient":""}},"ast-content-background-meta":{"desktop":{"background-color":"var(--ast-global-color-5)","background-image":"","background-repeat":"repeat","background-position":"center center","background-size":"auto","background-attachment":"scroll","background-type":"","background-media":"","overlay-type":"","overlay-color":"","overlay-gradient":""},"tablet":{"background-color":"var(--ast-global-color-5)","background-image":"","background-repeat":"repeat","background-position":"center center","background-size":"auto","background-attachment":"scroll","background-type":"","background-media":"","overlay-type":"","overlay-color":"","overlay-gradient":""},"mobile":{"background-color":"var(--ast-global-color-5)","background-image":"","background-repeat":"repeat","background-position":"center center","background-size":"auto","background-attachment":"scroll","background-type":"","background-media":"","overlay-type":"","overlay-color":"","overlay-gradient":""}}},"product_cat":[125,142],"product_tag":[],"class_list":{"0":"post-10939","1":"product","2":"type-product","3":"status-publish","4":"has-post-thumbnail","6":"product_cat-adss-cable","7":"product_cat-adss-cabledouble-sheath","8":"desktop-align-left","9":"tablet-align-left","10":"mobile-align-left","11":"ast-product-gallery-layout-horizontal-slider","12":"ast-product-tabs-layout-horizontal","14":"first","15":"instock","16":"shipping-taxable","17":"product-type-simple"},"acf":[],"_links":{"self":[{"href":"https:\/\/www.omccable.com\/fr\/wp-json\/wp\/v2\/product\/10939","targetHints":{"allow":["GET"]}}],"collection":[{"href":"https:\/\/www.omccable.com\/fr\/wp-json\/wp\/v2\/product"}],"about":[{"href":"https:\/\/www.omccable.com\/fr\/wp-json\/wp\/v2\/types\/product"}],"replies":[{"embeddable":true,"href":"https:\/\/www.omccable.com\/fr\/wp-json\/wp\/v2\/comments?post=10939"}],"version-history":[{"count":2,"href":"https:\/\/www.omccable.com\/fr\/wp-json\/wp\/v2\/product\/10939\/revisions"}],"predecessor-version":[{"id":13310,"href":"https:\/\/www.omccable.com\/fr\/wp-json\/wp\/v2\/product\/10939\/revisions\/13310"}],"wp:featuredmedia":[{"embeddable":true,"href":"https:\/\/www.omccable.com\/fr\/wp-json\/wp\/v2\/media\/10943"}],"wp:attachment":[{"href":"https:\/\/www.omccable.com\/fr\/wp-json\/wp\/v2\/media?parent=10939"}],"wp:term":[{"taxonomy":"product_cat","embeddable":true,"href":"https:\/\/www.omccable.com\/fr\/wp-json\/wp\/v2\/product_cat?post=10939"},{"taxonomy":"product_tag","embeddable":true,"href":"https:\/\/www.omccable.com\/fr\/wp-json\/wp\/v2\/product_tag?post=10939"}],"curies":[{"name":"wp","href":"https:\/\/api.w.org\/{rel}","templated":true}]}}