{"id":10935,"date":"2024-06-03T14:33:41","date_gmt":"2024-06-03T06:33:41","guid":{"rendered":"https:\/\/www.omccable.com\/?post_type=product&#038;p=10935"},"modified":"2025-08-30T11:28:47","modified_gmt":"2025-08-30T03:28:47","slug":"200m-span-24f48f-sm-adss-cable-single-sheath","status":"publish","type":"product","link":"https:\/\/www.omccable.com\/fr\/produit\/200m-span-24f48f-sm-adss-cable-single-sheath\/","title":{"rendered":"C\u00e2ble SM ADSS de 200 m de port\u00e9e 24F et 48F - Gaine unique"},"content":{"rendered":"<p>Le c\u00e2ble SM ADSS 24F et 96F d'OMC est utilis\u00e9 avec une structure de c\u00e2ble \u00e0 gaine unique pour construire ce c\u00e2ble d'installation a\u00e9rienne ext\u00e9rieure de bonne performance. Ces c\u00e2bles ADSS offrent des performances d'autosupport fiables pour des distances allant jusqu'\u00e0 200 m. Le c\u00e2ble ADSS est donc id\u00e9al pour une installation dans des environnements de distribution et de transmission, m\u00eame lorsque des installations sous tension sont n\u00e9cessaires. Comme son nom l'indique, aucun fil de support ou messager n'est requis, l'installation se fait donc en un seul passage, faisant de l'ADSS un moyen \u00e9conomique et simple de construire un r\u00e9seau de fibre optique.<\/p>\n<p>&nbsp;<\/p>\n<p><strong><b>Caract\u00e9ristiques et avantages<\/b><\/strong><\/p>\n<p>Structure non m\u00e9tallique, bonne isolation, protection contre la foudre<\/p>\n<p>Le fil d'aramide poss\u00e8de une excellente technologie de production, une force uniforme, d'excellentes performances de contrainte-d\u00e9formation, une excellente r\u00e9sistance aux tirs et les meilleures performances anti-corrosion \u00e9lectrique<\/p>\n<p>Aucune construction de panne d'\u00e9lectricit\u00e9, une panne de ligne \u00e9lectrique n'affecte pas la transmission normale du c\u00e2ble optique<\/p>\n<p>Forme lisse, de sorte que le c\u00e2ble ait des performances a\u00e9rodynamiques sup\u00e9rieures<\/p>\n<p>&nbsp;<\/p>\n<p><strong><b>Structure du c\u00e2ble<\/b><\/strong><\/p>\n<table>\n<tbody>\n<tr>\n<td width=\"110\"><strong>Article<\/strong><\/td>\n<td width=\"89\"><strong>Sommaire<\/strong><\/td>\n<td colspan=\"2\" width=\"122\"><strong>Unit\u00e9<\/strong><\/td>\n<td colspan=\"3\" width=\"389\"><strong>Valeur<\/strong><\/td>\n<\/tr>\n<tr>\n<td width=\"110\">Nombre de fibres<\/td>\n<td width=\"89\">Nombre<\/td>\n<td colspan=\"2\" width=\"122\">\/<\/td>\n<td width=\"158\">24<\/td>\n<td colspan=\"2\" width=\"231\">48<\/td>\n<\/tr>\n<tr>\n<td width=\"110\">Type de fibre<\/td>\n<td width=\"89\">\/<\/td>\n<td colspan=\"2\" width=\"122\">\/<\/td>\n<td colspan=\"3\" width=\"389\">G652D<\/td>\n<\/tr>\n<tr>\n<td width=\"110\">Structure du c\u00e2ble<\/td>\n<td width=\"89\">\/<\/td>\n<td colspan=\"2\" width=\"122\">\/<\/td>\n<td width=\"158\">1+6<\/td>\n<td colspan=\"2\" width=\"231\">1+6<\/td>\n<\/tr>\n<tr>\n<td width=\"110\">Fibres par tube<\/td>\n<td width=\"89\">Compter<\/td>\n<td colspan=\"2\" width=\"122\">\/<\/td>\n<td width=\"158\">6<\/td>\n<td colspan=\"2\" width=\"231\">12<\/td>\n<\/tr>\n<tr>\n<td rowspan=\"3\" width=\"110\">&nbsp;<\/p>\n<p>Tube l\u00e2che<\/td>\n<td width=\"89\">Mat\u00e9riel<\/td>\n<td colspan=\"2\" width=\"122\">\/<\/td>\n<td colspan=\"3\" width=\"389\">PBT<\/td>\n<\/tr>\n<tr>\n<td width=\"89\">Nominal<\/p>\n<p>Diam\u00e8tre<\/td>\n<td colspan=\"2\" width=\"122\">mm<\/td>\n<td width=\"158\">2.3<\/td>\n<td colspan=\"2\" width=\"231\">2.3<\/td>\n<\/tr>\n<tr>\n<td width=\"89\">couleur<\/td>\n<td colspan=\"2\" width=\"122\">\/<\/td>\n<td colspan=\"3\" width=\"389\">Bleu, Orange, Vert, Marron, Gris, Blanc, Rouge, Noir, Jaune, Violet, Rose, Aqua<\/td>\n<\/tr>\n<tr>\n<td rowspan=\"3\" width=\"110\">Membre de la force centrale<\/td>\n<td width=\"89\">Mat\u00e9riel<\/td>\n<td colspan=\"2\" width=\"122\">\/<\/td>\n<td colspan=\"3\" width=\"389\">Couche de coussin FRP &amp;PE<\/td>\n<\/tr>\n<tr>\n<td width=\"89\">Nominal<\/p>\n<p>Diam\u00e8tre<\/td>\n<td colspan=\"2\" width=\"122\">mm<\/td>\n<td width=\"158\">2.5<\/td>\n<td colspan=\"2\" width=\"231\">2.5<\/td>\n<\/tr>\n<tr>\n<td width=\"89\">Coussin PE<\/td>\n<td colspan=\"2\" width=\"122\">mm<\/td>\n<td colspan=\"3\" width=\"389\">\u2013<\/td>\n<\/tr>\n<tr>\n<td width=\"110\">Blocage de l'eau<\/td>\n<td colspan=\"3\" width=\"212\">Mat\u00e9riel<\/td>\n<td colspan=\"3\" width=\"389\">Fil et ruban bloquant l'eau<\/td>\n<\/tr>\n<tr>\n<td width=\"110\">P\u00e9riph\u00e9rique<\/p>\n<p>membre de force<\/td>\n<td colspan=\"3\" width=\"212\">Mat\u00e9riel<\/td>\n<td colspan=\"3\" width=\"389\">Fil aramide<\/td>\n<\/tr>\n<tr>\n<td rowspan=\"3\" width=\"110\">Gaine<\/td>\n<td colspan=\"3\" width=\"212\">Mat\u00e9riel<\/td>\n<td colspan=\"3\" width=\"389\">PEHD<\/td>\n<\/tr>\n<tr>\n<td colspan=\"3\" width=\"212\">Couleur<\/td>\n<td colspan=\"3\" width=\"389\">Noir<\/td>\n<\/tr>\n<tr>\n<td colspan=\"2\" width=\"117\">\u00c9paisseur<\/td>\n<td width=\"94\">Mm<\/td>\n<td colspan=\"3\" width=\"389\">Nominale : 1,7<\/td>\n<\/tr>\n<tr>\n<td rowspan=\"2\" width=\"110\">Att\u00e9nuation<\/p>\n<p>(apr\u00e8s le c\u00e2ble)<\/td>\n<td colspan=\"2\" width=\"117\">1310 nm<\/td>\n<td width=\"94\">dB\/km<\/td>\n<td colspan=\"3\" width=\"389\">\u00a30.36<\/td>\n<\/tr>\n<tr>\n<td colspan=\"2\" width=\"117\">1550 nm<\/td>\n<td width=\"94\">dB\/km<\/td>\n<td colspan=\"3\" width=\"389\">\u00a30.22<\/td>\n<\/tr>\n<tr>\n<td width=\"110\">Diam\u00e8tre du c\u00e2ble<\/td>\n<td colspan=\"2\" width=\"117\">\u00b15%<\/td>\n<td width=\"94\">mm<\/td>\n<td colspan=\"2\" width=\"194\">11.5<\/td>\n<td width=\"194\">11.5<\/td>\n<\/tr>\n<tr>\n<td width=\"110\">Poids du c\u00e2ble<\/td>\n<td colspan=\"2\" width=\"117\">\u00b110%<\/td>\n<td width=\"94\">kg\/km<\/td>\n<td colspan=\"2\" width=\"194\">101<\/td>\n<td width=\"194\">104<\/td>\n<\/tr>\n<\/tbody>\n<\/table>\n<p><strong><b>\u00a0<\/b><\/strong><\/p>\n<p><strong><b>Couleur standard de la fibre et du tube<\/b><\/strong><\/p>\n<p>Le code couleur des tubes et des fibres individuelles doit \u00eatre conforme au tableau ci-dessous :<\/p>\n<p>&nbsp;<\/p>\n<table>\n<tbody>\n<tr>\n<td width=\"183\">Non.<\/td>\n<td width=\"82\">1<\/td>\n<td width=\"82\">2<\/td>\n<td width=\"82\">3<\/td>\n<td width=\"82\">4<\/td>\n<td width=\"82\">5<\/td>\n<td width=\"80\">6<\/td>\n<\/tr>\n<tr>\n<td width=\"183\">Couleur<\/td>\n<td width=\"82\">Bleu<\/td>\n<td width=\"82\">Orange<\/td>\n<td width=\"82\">Vert<\/td>\n<td width=\"82\">Brun<\/td>\n<td width=\"82\">Ardoise<\/td>\n<td width=\"80\">Blanc<\/td>\n<\/tr>\n<tr>\n<td width=\"183\">Non.<\/td>\n<td width=\"82\">7<\/td>\n<td width=\"82\">8<\/td>\n<td width=\"82\">9<\/td>\n<td width=\"82\">10<\/td>\n<td width=\"82\">11<\/td>\n<td width=\"80\">12<\/td>\n<\/tr>\n<tr>\n<td width=\"183\">Couleur<\/td>\n<td width=\"82\">Rouge<\/td>\n<td width=\"82\">Noir<\/td>\n<td width=\"82\">Jaune<\/td>\n<td width=\"82\">Violette<\/td>\n<td width=\"82\">Rose<\/td>\n<td width=\"80\">Aqua<\/td>\n<\/tr>\n<\/tbody>\n<\/table>\n<p>&nbsp;<\/p>\n<p><strong><b>Performances M\u00e9caniques et Environnementales<\/b><\/strong><\/p>\n<table>\n<tbody>\n<tr>\n<td width=\"221\"><strong>Article<\/strong><\/td>\n<td width=\"217\"><strong>Sommaire<\/strong><\/td>\n<td width=\"273\"><strong>Valeur<\/strong><\/td>\n<\/tr>\n<tr>\n<td width=\"221\">Max. charge de traction<\/td>\n<td width=\"217\">Tension maximale autoris\u00e9e<\/td>\n<td width=\"273\">Souche de fibre 6 000 N\u22640,33 %<\/td>\n<\/tr>\n<tr>\n<td width=\"221\">Max. r\u00e9sistance \u00e0 l'\u00e9crasement<\/td>\n<td width=\"217\">Court terme<\/td>\n<td width=\"273\">2 000 N\/100 mm<\/td>\n<\/tr>\n<tr>\n<td rowspan=\"2\" width=\"221\"><strong>\u00a0<\/strong><\/p>\n<p>Min. rayon de courbure<\/td>\n<td width=\"217\">Installation<\/td>\n<td width=\"273\">25 x diam\u00e8tre du c\u00e2ble<\/td>\n<\/tr>\n<tr>\n<td width=\"217\">Op\u00e9ration<\/td>\n<td width=\"273\">12,5 x diam\u00e8tre du c\u00e2ble<\/td>\n<\/tr>\n<tr>\n<td rowspan=\"3\" width=\"221\"><strong>\u00a0<\/strong><\/p>\n<p>Plage de temp\u00e9rature<\/td>\n<td width=\"217\">Op\u00e9ration<\/td>\n<td width=\"273\">-40 \u2103 ~ +70 \u2103<\/td>\n<\/tr>\n<tr>\n<td width=\"217\">Installation<\/td>\n<td width=\"273\">-20 \u2103 ~ +60 \u2103<\/td>\n<\/tr>\n<tr>\n<td width=\"217\">Stockage\/transport<\/td>\n<td width=\"273\">-40 \u2103 ~ +70 \u2103<\/td>\n<\/tr>\n<\/tbody>\n<\/table>\n<p>&nbsp;<\/p>\n<p><strong><b>Param\u00e8tres techniques de la fibre optique-SMF<\/b><\/strong><\/p>\n<table>\n<tbody>\n<tr>\n<td colspan=\"2\" rowspan=\"2\" width=\"457\"><strong>Article<\/strong><\/td>\n<td rowspan=\"2\" width=\"84\"><strong>Unit\u00e9<\/strong><\/td>\n<td width=\"169\"><strong>Sp\u00e9cification<\/strong><\/td>\n<\/tr>\n<tr>\n<td width=\"169\">G. 652D<\/td>\n<\/tr>\n<tr>\n<td rowspan=\"2\" width=\"324\">Diam\u00e8tre du champ de mode<\/td>\n<td width=\"132\">1310 nm<\/td>\n<td width=\"84\">mm<\/td>\n<td width=\"169\">9,2 \u00b1 0,4<\/td>\n<\/tr>\n<tr>\n<td width=\"132\">1550 nm<\/td>\n<td width=\"84\">mm<\/td>\n<td width=\"169\">10,4 \u00b1 0,5<\/td>\n<\/tr>\n<tr>\n<td colspan=\"2\" width=\"457\">Diam\u00e8tre du bardage<\/td>\n<td width=\"84\">mm<\/td>\n<td width=\"169\">125,0 \u00b1 0,7<\/td>\n<\/tr>\n<tr>\n<td colspan=\"2\" width=\"457\">Non-circularit\u00e9 du rev\u00eatement<\/td>\n<td width=\"84\">%<\/td>\n<td width=\"169\">\u00a31.0<\/td>\n<\/tr>\n<tr>\n<td colspan=\"2\" width=\"457\">Erreur de concentricit\u00e9 du noyau<\/td>\n<td width=\"84\">mm<\/td>\n<td width=\"169\">\u00a30.6<\/td>\n<\/tr>\n<tr>\n<td colspan=\"2\" width=\"457\">Diam\u00e8tre du rev\u00eatement<\/td>\n<td width=\"84\">mm<\/td>\n<td width=\"169\">242 \u00b1 7<\/td>\n<\/tr>\n<tr>\n<td colspan=\"2\" width=\"457\">Erreur de concentricit\u00e9 du rev\u00eatement\/bardage<\/td>\n<td width=\"84\">mm<\/td>\n<td width=\"169\">\u00a312<\/td>\n<\/tr>\n<tr>\n<td colspan=\"2\" width=\"457\">Longueur d'onde de coupure du c\u00e2ble \u03bbcc<\/td>\n<td width=\"84\">nm<\/td>\n<td width=\"169\">\u00a3\u00a01260<\/td>\n<\/tr>\n<tr>\n<td rowspan=\"2\" width=\"324\">Att\u00e9nuation<\/td>\n<td width=\"132\">1310 nm<\/td>\n<td width=\"84\">dB\/km<\/td>\n<td width=\"169\">\u00a30.35<\/td>\n<\/tr>\n<tr>\n<td width=\"132\">1550 nm<\/td>\n<td width=\"84\">dB\/km<\/td>\n<td width=\"169\">\u00a30.21<\/td>\n<\/tr>\n<\/tbody>\n<\/table>","protected":false},"excerpt":{"rendered":"<p>Le c\u00e2ble SM ADSS 24F et 96F d'OMC est utilis\u00e9 avec une structure de c\u00e2ble \u00e0 gaine unique pour construire ce c\u00e2ble d'installation a\u00e9rienne ext\u00e9rieure de bonne performance. Ces c\u00e2bles ADSS offrent des performances d'autosupport fiables pour des distances allant jusqu'\u00e0 200 m. Le c\u00e2ble ADSS est donc id\u00e9al pour une installation dans des environnements de distribution et de transmission, m\u00eame lorsque des installations sous tension sont n\u00e9cessaires. Comme c'est [\u2026]<\/p>","protected":false},"featured_media":10937,"comment_status":"closed","ping_status":"closed","template":"","meta":{"site-sidebar-layout":"default","site-content-layout":"","ast-site-content-layout":"default","site-content-style":"default","site-sidebar-style":"default","ast-global-header-display":"","ast-banner-title-visibility":"","ast-main-header-display":"","ast-hfb-above-header-display":"","ast-hfb-below-header-display":"","ast-hfb-mobile-header-display":"","site-post-title":"","ast-breadcrumbs-content":"","ast-featured-img":"","footer-sml-layout":"","theme-transparent-header-meta":"default","adv-header-id-meta":"","stick-header-meta":"default","header-above-stick-meta":"","header-main-stick-meta":"","header-below-stick-meta":"","astra-migrate-meta-layouts":"set","ast-page-background-enabled":"default","ast-page-background-meta":{"desktop":{"background-color":"var(--ast-global-color-4)","background-image":"","background-repeat":"repeat","background-position":"center center","background-size":"auto","background-attachment":"scroll","background-type":"","background-media":"","overlay-type":"","overlay-color":"","overlay-gradient":""},"tablet":{"background-color":"","background-image":"","background-repeat":"repeat","background-position":"center center","background-size":"auto","background-attachment":"scroll","background-type":"","background-media":"","overlay-type":"","overlay-color":"","overlay-gradient":""},"mobile":{"background-color":"","background-image":"","background-repeat":"repeat","background-position":"center center","background-size":"auto","background-attachment":"scroll","background-type":"","background-media":"","overlay-type":"","overlay-color":"","overlay-gradient":""}},"ast-content-background-meta":{"desktop":{"background-color":"var(--ast-global-color-5)","background-image":"","background-repeat":"repeat","background-position":"center center","background-size":"auto","background-attachment":"scroll","background-type":"","background-media":"","overlay-type":"","overlay-color":"","overlay-gradient":""},"tablet":{"background-color":"var(--ast-global-color-5)","background-image":"","background-repeat":"repeat","background-position":"center center","background-size":"auto","background-attachment":"scroll","background-type":"","background-media":"","overlay-type":"","overlay-color":"","overlay-gradient":""},"mobile":{"background-color":"var(--ast-global-color-5)","background-image":"","background-repeat":"repeat","background-position":"center center","background-size":"auto","background-attachment":"scroll","background-type":"","background-media":"","overlay-type":"","overlay-color":"","overlay-gradient":""}}},"product_cat":[125,141],"product_tag":[],"class_list":{"0":"post-10935","1":"product","2":"type-product","3":"status-publish","4":"has-post-thumbnail","6":"product_cat-adss-cable","7":"product_cat-adss-cablesingle-sheath","8":"desktop-align-left","9":"tablet-align-left","10":"mobile-align-left","11":"ast-product-gallery-layout-horizontal-slider","12":"ast-product-tabs-layout-horizontal","14":"first","15":"instock","16":"shipping-taxable","17":"product-type-simple"},"acf":[],"_links":{"self":[{"href":"https:\/\/www.omccable.com\/fr\/wp-json\/wp\/v2\/product\/10935","targetHints":{"allow":["GET"]}}],"collection":[{"href":"https:\/\/www.omccable.com\/fr\/wp-json\/wp\/v2\/product"}],"about":[{"href":"https:\/\/www.omccable.com\/fr\/wp-json\/wp\/v2\/types\/product"}],"replies":[{"embeddable":true,"href":"https:\/\/www.omccable.com\/fr\/wp-json\/wp\/v2\/comments?post=10935"}],"version-history":[{"count":2,"href":"https:\/\/www.omccable.com\/fr\/wp-json\/wp\/v2\/product\/10935\/revisions"}],"predecessor-version":[{"id":13307,"href":"https:\/\/www.omccable.com\/fr\/wp-json\/wp\/v2\/product\/10935\/revisions\/13307"}],"wp:featuredmedia":[{"embeddable":true,"href":"https:\/\/www.omccable.com\/fr\/wp-json\/wp\/v2\/media\/10937"}],"wp:attachment":[{"href":"https:\/\/www.omccable.com\/fr\/wp-json\/wp\/v2\/media?parent=10935"}],"wp:term":[{"taxonomy":"product_cat","embeddable":true,"href":"https:\/\/www.omccable.com\/fr\/wp-json\/wp\/v2\/product_cat?post=10935"},{"taxonomy":"product_tag","embeddable":true,"href":"https:\/\/www.omccable.com\/fr\/wp-json\/wp\/v2\/product_tag?post=10935"}],"curies":[{"name":"wp","href":"https:\/\/api.w.org\/{rel}","templated":true}]}}