{"id":10927,"date":"2024-06-01T10:40:15","date_gmt":"2024-06-01T02:40:15","guid":{"rendered":"https:\/\/www.omccable.com\/?post_type=product&#038;p=10927"},"modified":"2025-08-30T11:37:48","modified_gmt":"2025-08-30T03:37:48","slug":"80m-span-24f48f-sm-adss-cable-single-sheath","status":"publish","type":"product","link":"https:\/\/www.omccable.com\/fr\/produit\/80m-span-24f48f-sm-adss-cable-single-sheath\/","title":{"rendered":"C\u00e2ble SM ADSS de 80 m de port\u00e9e 24F et 48F - Gaine unique"},"content":{"rendered":"<p>Le c\u00e2ble ADSS \u00e0 12 et 24 c\u0153urs est le c\u00e2ble ADSS le plus populaire. Il est utilis\u00e9 avec une structure de c\u00e2ble \u00e0 gaine unique, un corps de c\u00e2ble 1+2+4 tubes pour construire ce c\u00e2ble d'installation a\u00e9rienne ext\u00e9rieure de bonne performance.<\/p>\n<p>La structure ADSS des c\u00e2bles optiques adopte une structure torsad\u00e9e \u00e0 tube l\u00e2che. Des fibres optiques de 250 \u00b5m sont ins\u00e9r\u00e9es dans un tube l\u00e2che en polyester \u00e0 haut module et remplies d'\u00e9l\u00e9ments de renforcement non m\u00e9talliques (FRP) autour du centre du c\u00e2ble pour former un noyau rond. L'espace dans le noyau est rempli d'une pommade bloquant l'eau. Deux couches de fil d'aramide sont torsad\u00e9es pour renforcer le fil, puis 2 pi\u00e8ces de Ripcords positionn\u00e9es sous une gaine en poly\u00e9thyl\u00e8ne (PE).<\/p>\n<p>Ces c\u00e2bles ADSS offrent des performances d'autosupport fiables pour des distances allant jusqu'\u00e0 80 m.<\/p>\n<p>Comme son nom l\u2019indique, l\u2019ADSS ne contient aucun composant m\u00e9tallique. Cela le rend l\u00e9ger, non conducteur et r\u00e9sistant aux interf\u00e9rences \u00e9lectromagn\u00e9tiques. Sa conception di\u00e9lectrique lui permet d'\u00eatre install\u00e9 directement le long des lignes \u00e9lectriques \u00e0 haute tension sans risque de danger \u00e9lectrique, c'est pourquoi il est devenu un choix privil\u00e9gi\u00e9 pour les services publics d'\u00e9lectricit\u00e9 et les op\u00e9rateurs de t\u00e9l\u00e9communications du monde entier.<\/p>\n<p>&nbsp;<\/p>\n<p><strong><b>Caract\u00e9ristiques et avantages<\/b><\/strong><\/p>\n<p>Structure non m\u00e9tallique, bonne isolation, protection contre la foudre<\/p>\n<p>Le fil d'aramide poss\u00e8de une excellente technologie de production, une force uniforme, d'excellentes performances de contrainte-d\u00e9formation, une excellente r\u00e9sistance aux tirs et les meilleures performances anti-corrosion \u00e9lectrique<\/p>\n<p>Aucune construction de panne d'\u00e9lectricit\u00e9, une panne de ligne \u00e9lectrique n'affecte pas la transmission normale du c\u00e2ble optique<\/p>\n<p>Forme lisse, de sorte que le c\u00e2ble ait des performances a\u00e9rodynamiques sup\u00e9rieures<\/p>\n<p>&nbsp;<\/p>\n<p><strong><b>Structure du c\u00e2ble<\/b><\/strong><\/p>\n<table>\n<tbody>\n<tr>\n<td width=\"179\"><strong>Article<\/strong><\/td>\n<td width=\"145\"><strong>Sommaire<\/strong><\/td>\n<td width=\"55\"><strong>Unit\u00e9<\/strong><\/td>\n<td colspan=\"2\" width=\"331\"><strong>Valeur<\/strong><\/td>\n<\/tr>\n<tr>\n<td width=\"179\">Nombre de fibres<\/td>\n<td width=\"145\">Nombre<\/td>\n<td width=\"55\">\/<\/td>\n<td width=\"165\">24<\/td>\n<td width=\"165\">48<\/td>\n<\/tr>\n<tr>\n<td width=\"179\">Type de fibre<\/td>\n<td width=\"145\">\/<\/td>\n<td width=\"55\">\/<\/td>\n<td colspan=\"2\" width=\"331\">G652D<\/td>\n<\/tr>\n<tr>\n<td width=\"179\">Structure du c\u00e2ble<\/td>\n<td width=\"145\">\/<\/td>\n<td width=\"55\">\/<\/td>\n<td colspan=\"2\" width=\"331\">1+5<\/td>\n<\/tr>\n<tr>\n<td width=\"179\">Fibres par tube<\/td>\n<td width=\"145\">Comptes<\/td>\n<td width=\"55\">\/<\/td>\n<td width=\"165\">6<\/td>\n<td width=\"165\">12<\/td>\n<\/tr>\n<tr>\n<td rowspan=\"3\" width=\"179\"><strong>\u00a0<\/strong><\/p>\n<p><strong>\u00a0<\/strong><\/p>\n<p>Tube l\u00e2che<\/td>\n<td width=\"145\">Mat\u00e9riel<\/td>\n<td width=\"55\">\/<\/td>\n<td colspan=\"2\" width=\"331\">PBT<\/td>\n<\/tr>\n<tr>\n<td width=\"145\">Diam\u00e8tre nominal<\/td>\n<td width=\"55\">mm<\/td>\n<td width=\"165\">1.9<\/td>\n<td width=\"165\">2.1<\/td>\n<\/tr>\n<tr>\n<td width=\"145\">couleur<\/td>\n<td width=\"55\">\/<\/td>\n<td colspan=\"2\" width=\"331\">Bleu, Orange, Vert, Marron, Gris, Blanc, Rouge,<\/p>\n<p>Noir, Jaune, Violet, Rose, Aqua<\/td>\n<\/tr>\n<tr>\n<td rowspan=\"3\" width=\"179\"><strong>\u00a0<\/strong><\/p>\n<p>Membre de la force centrale<\/td>\n<td width=\"145\">Mat\u00e9riel<\/td>\n<td width=\"55\">\/<\/td>\n<td colspan=\"2\" width=\"331\">Couche de coussin FRP &amp;PE (si besoin)<\/td>\n<\/tr>\n<tr>\n<td width=\"145\">Diam\u00e8tre nominal<\/td>\n<td width=\"55\">mm<\/td>\n<td width=\"165\">1.5<\/td>\n<td width=\"165\">1.6<\/td>\n<\/tr>\n<tr>\n<td width=\"145\">Coussin PE<\/td>\n<td width=\"55\">mm<\/td>\n<td colspan=\"2\" width=\"331\">\u2013<\/td>\n<\/tr>\n<tr>\n<td width=\"179\">Blocage de l'eau<\/td>\n<td colspan=\"2\" width=\"200\">Mat\u00e9riel<\/td>\n<td colspan=\"2\" width=\"331\">Fil et ruban bloquant l'eau<\/td>\n<\/tr>\n<tr>\n<td width=\"179\">Membre de force p\u00e9riph\u00e9rique<\/td>\n<td colspan=\"2\" width=\"200\">Mat\u00e9riel<\/td>\n<td colspan=\"2\" width=\"331\">Fil aramide<\/td>\n<\/tr>\n<tr>\n<td rowspan=\"3\" width=\"179\"><strong>\u00a0<\/strong><\/p>\n<p>Gaine<\/td>\n<td colspan=\"2\" width=\"200\">Mat\u00e9riel<\/td>\n<td colspan=\"2\" width=\"331\">PEHD<\/td>\n<\/tr>\n<tr>\n<td colspan=\"2\" width=\"200\">Couleur<\/td>\n<td colspan=\"2\" width=\"331\">Brun<\/td>\n<\/tr>\n<tr>\n<td width=\"145\">Diam\u00e8tre ext\u00e9rieur<\/td>\n<td width=\"55\">mm<\/td>\n<td colspan=\"2\" width=\"331\">Nominale : 1,4<\/td>\n<\/tr>\n<tr>\n<td rowspan=\"2\" width=\"179\"><strong>\u00a0<\/strong><\/p>\n<p>Att\u00e9nuation (apr\u00e8s c\u00e2ble)<\/td>\n<td width=\"145\">1310 nm<\/td>\n<td width=\"55\">dB\/km<\/td>\n<td colspan=\"2\" width=\"331\">\u00a30.36<\/td>\n<\/tr>\n<tr>\n<td width=\"145\">1550 nm<\/td>\n<td width=\"55\">dB\/km<\/td>\n<td colspan=\"2\" width=\"331\">\u00a30.22<\/td>\n<\/tr>\n<tr>\n<td width=\"179\">Diam\u00e8tre du c\u00e2ble<\/td>\n<td width=\"145\">\u00b15%<\/td>\n<td width=\"55\">mm<\/td>\n<td width=\"165\">8.9<\/td>\n<td width=\"165\">9.2<\/td>\n<\/tr>\n<tr>\n<td width=\"179\">Poids du c\u00e2ble<\/td>\n<td width=\"145\">\u00b110%<\/td>\n<td width=\"55\">kg\/km<\/td>\n<td width=\"165\">60<\/td>\n<td width=\"165\">64<\/td>\n<\/tr>\n<tr>\n<td width=\"179\">Port\u00e9e appropri\u00e9e<\/td>\n<td width=\"145\">\/<\/td>\n<td width=\"55\">m<\/td>\n<td colspan=\"2\" width=\"331\">80<\/td>\n<\/tr>\n<tr>\n<td width=\"179\">Affaissement<\/td>\n<td width=\"145\">\/<\/td>\n<td width=\"55\">%<\/td>\n<td colspan=\"2\" width=\"331\">1.0<\/td>\n<\/tr>\n<tr>\n<td width=\"179\">\u00e9paisseur de gla\u00e7age<\/td>\n<td width=\"145\">\/<\/td>\n<td width=\"55\">mm<\/td>\n<td colspan=\"2\" width=\"331\">0<\/td>\n<\/tr>\n<tr>\n<td width=\"179\">vitesse du vent<\/td>\n<td width=\"145\">\/<\/td>\n<td width=\"55\">MS<\/td>\n<td colspan=\"2\" width=\"331\">25<\/td>\n<\/tr>\n<\/tbody>\n<\/table>\n<p>&nbsp;<\/p>\n<p><strong><b>Couleur standard de la fibre et du tube<\/b><\/strong><\/p>\n<p>Le code couleur des tubes et des fibres individuelles doit \u00eatre conforme au tableau ci-dessous :<\/p>\n<table>\n<tbody>\n<tr>\n<td width=\"183\">Non.<\/td>\n<td width=\"82\">1<\/td>\n<td width=\"82\">2<\/td>\n<td width=\"82\">3<\/td>\n<td width=\"82\">4<\/td>\n<td width=\"82\">5<\/td>\n<td width=\"80\">6<\/td>\n<\/tr>\n<tr>\n<td width=\"183\">Couleur<\/td>\n<td width=\"82\">Bleu<\/td>\n<td width=\"82\">Orange<\/td>\n<td width=\"82\">Vert<\/td>\n<td width=\"82\">Brun<\/td>\n<td width=\"82\">Ardoise<\/td>\n<td width=\"80\">Blanc<\/td>\n<\/tr>\n<tr>\n<td width=\"183\">Non.<\/td>\n<td width=\"82\">7<\/td>\n<td width=\"82\">8<\/td>\n<td width=\"82\">9<\/td>\n<td width=\"82\">10<\/td>\n<td width=\"82\">11<\/td>\n<td width=\"80\">12<\/td>\n<\/tr>\n<tr>\n<td width=\"183\">Couleur<\/td>\n<td width=\"82\">Rouge<\/td>\n<td width=\"82\">Noir<\/td>\n<td width=\"82\">Jaune<\/td>\n<td width=\"82\">Violette<\/td>\n<td width=\"82\">Rose<\/td>\n<td width=\"80\">Aqua<\/td>\n<\/tr>\n<\/tbody>\n<\/table>\n<p>&nbsp;<\/p>\n<p><strong><b>Performances M\u00e9caniques et Environnementales<\/b><\/strong><\/p>\n<table>\n<tbody>\n<tr>\n<td width=\"221\"><strong>Article<\/strong><\/td>\n<td width=\"270\"><strong>Sommaire<\/strong><\/td>\n<td width=\"221\"><strong>Valeur<\/strong><\/td>\n<\/tr>\n<tr>\n<td width=\"221\">Max. charge de traction<\/td>\n<td width=\"270\">Tension maximale autoris\u00e9e<\/td>\n<td width=\"221\">Souche de fibre 1400N\u22640,33 %<\/td>\n<\/tr>\n<tr>\n<td rowspan=\"2\" width=\"221\">Max. r\u00e9sistance \u00e0 l'\u00e9crasement<\/td>\n<td width=\"270\">Court terme<\/td>\n<td width=\"221\">1 000 N\/100 mm<\/td>\n<\/tr>\n<tr>\n<td width=\"270\">\u00c0 long terme<\/td>\n<td width=\"221\">300N\/100mm<\/td>\n<\/tr>\n<tr>\n<td rowspan=\"2\" width=\"221\"><strong>\u00a0<\/strong><\/p>\n<p>Min. rayon de courbure<\/td>\n<td width=\"270\">Installation<\/td>\n<td width=\"221\">25 x diam\u00e8tre du c\u00e2ble<\/td>\n<\/tr>\n<tr>\n<td width=\"270\">Op\u00e9ration<\/td>\n<td width=\"221\">15 x diam\u00e8tre du c\u00e2ble<\/td>\n<\/tr>\n<tr>\n<td rowspan=\"3\" width=\"221\"><strong>\u00a0<\/strong><\/p>\n<p>Plage de temp\u00e9rature<\/td>\n<td width=\"270\">Op\u00e9ration<\/td>\n<td width=\"221\">-40 \u2103 ~ +70 \u2103<\/td>\n<\/tr>\n<tr>\n<td width=\"270\">Installation<\/td>\n<td width=\"221\">-20 \u2103 ~ +60 \u2103<\/td>\n<\/tr>\n<tr>\n<td width=\"270\">Stockage\/transport<\/td>\n<td width=\"221\">-40 \u2103 ~ +70 \u2103<\/td>\n<\/tr>\n<\/tbody>\n<\/table>\n<p><strong><b>\u00a0<\/b><\/strong><\/p>\n<p><strong><b>Param\u00e8tres techniques de la fibre optique-SMF<\/b><\/strong><\/p>\n<table>\n<tbody>\n<tr>\n<td colspan=\"2\" rowspan=\"2\" width=\"457\">Article<\/td>\n<td rowspan=\"2\" width=\"84\">Unit\u00e9<\/td>\n<td width=\"169\">Sp\u00e9cification<\/td>\n<\/tr>\n<tr>\n<td width=\"169\">G. 652D<\/td>\n<\/tr>\n<tr>\n<td rowspan=\"2\" width=\"324\">Diam\u00e8tre du champ de mode<\/td>\n<td width=\"132\">1310 nm<\/td>\n<td width=\"84\">mm<\/td>\n<td width=\"169\">9,2 \u00b1 0,4<\/td>\n<\/tr>\n<tr>\n<td width=\"132\">1550 nm<\/td>\n<td width=\"84\">mm<\/td>\n<td width=\"169\">10,4 \u00b1 0,5<\/td>\n<\/tr>\n<tr>\n<td colspan=\"2\" width=\"457\">Diam\u00e8tre du bardage<\/td>\n<td width=\"84\">mm<\/td>\n<td width=\"169\">125,0 \u00b1 0,7<\/td>\n<\/tr>\n<tr>\n<td colspan=\"2\" width=\"457\">Non-circularit\u00e9 du rev\u00eatement<\/td>\n<td width=\"84\">%<\/td>\n<td width=\"169\">\u00a31.0<\/td>\n<\/tr>\n<tr>\n<td colspan=\"2\" width=\"457\">Erreur de concentricit\u00e9 du noyau<\/td>\n<td width=\"84\">mm<\/td>\n<td width=\"169\">\u00a30.6<\/td>\n<\/tr>\n<tr>\n<td colspan=\"2\" width=\"457\">Diam\u00e8tre du rev\u00eatement<\/td>\n<td width=\"84\">mm<\/td>\n<td width=\"169\">242 \u00b1 7<\/td>\n<\/tr>\n<tr>\n<td colspan=\"2\" width=\"457\">Erreur de concentricit\u00e9 du rev\u00eatement\/bardage<\/td>\n<td width=\"84\">mm<\/td>\n<td width=\"169\">\u00a312<\/td>\n<\/tr>\n<tr>\n<td colspan=\"2\" width=\"457\">Longueur d'onde de coupure du c\u00e2ble \u03bbcc<\/td>\n<td width=\"84\">nm<\/td>\n<td width=\"169\">\u00a3\u00a01260<\/td>\n<\/tr>\n<tr>\n<td rowspan=\"2\" width=\"324\">Att\u00e9nuation<\/td>\n<td width=\"132\">1310 nm<\/td>\n<td width=\"84\">dB\/km<\/td>\n<td width=\"169\">\u00a30.35<\/td>\n<\/tr>\n<tr>\n<td width=\"132\">1550 nm<\/td>\n<td width=\"84\">dB\/km<\/td>\n<td width=\"169\">\u00a30.21<\/td>\n<\/tr>\n<\/tbody>\n<\/table>","protected":false},"excerpt":{"rendered":"<p>Le c\u00e2ble ADSS \u00e0 12 et 24 c\u0153urs est le c\u00e2ble ADSS le plus populaire. Il est utilis\u00e9 avec une structure de c\u00e2ble \u00e0 gaine unique, un corps de c\u00e2ble 1+2+4 tubes pour construire ce c\u00e2ble d'installation a\u00e9rienne ext\u00e9rieure de bonne performance. La structure ADSS des c\u00e2bles optiques adopte une structure torsad\u00e9e \u00e0 tube l\u00e2che. Des fibres optiques de 250 \u00b5m sont ins\u00e9r\u00e9es dans un tube libre en polyester \u00e0 haut module et rempli de [\u2026]<\/p>","protected":false},"featured_media":10929,"comment_status":"closed","ping_status":"closed","template":"","meta":{"site-sidebar-layout":"default","site-content-layout":"","ast-site-content-layout":"default","site-content-style":"default","site-sidebar-style":"default","ast-global-header-display":"","ast-banner-title-visibility":"","ast-main-header-display":"","ast-hfb-above-header-display":"","ast-hfb-below-header-display":"","ast-hfb-mobile-header-display":"","site-post-title":"","ast-breadcrumbs-content":"","ast-featured-img":"","footer-sml-layout":"","theme-transparent-header-meta":"default","adv-header-id-meta":"","stick-header-meta":"default","header-above-stick-meta":"","header-main-stick-meta":"","header-below-stick-meta":"","astra-migrate-meta-layouts":"set","ast-page-background-enabled":"default","ast-page-background-meta":{"desktop":{"background-color":"var(--ast-global-color-4)","background-image":"","background-repeat":"repeat","background-position":"center center","background-size":"auto","background-attachment":"scroll","background-type":"","background-media":"","overlay-type":"","overlay-color":"","overlay-gradient":""},"tablet":{"background-color":"","background-image":"","background-repeat":"repeat","background-position":"center center","background-size":"auto","background-attachment":"scroll","background-type":"","background-media":"","overlay-type":"","overlay-color":"","overlay-gradient":""},"mobile":{"background-color":"","background-image":"","background-repeat":"repeat","background-position":"center center","background-size":"auto","background-attachment":"scroll","background-type":"","background-media":"","overlay-type":"","overlay-color":"","overlay-gradient":""}},"ast-content-background-meta":{"desktop":{"background-color":"var(--ast-global-color-5)","background-image":"","background-repeat":"repeat","background-position":"center center","background-size":"auto","background-attachment":"scroll","background-type":"","background-media":"","overlay-type":"","overlay-color":"","overlay-gradient":""},"tablet":{"background-color":"var(--ast-global-color-5)","background-image":"","background-repeat":"repeat","background-position":"center center","background-size":"auto","background-attachment":"scroll","background-type":"","background-media":"","overlay-type":"","overlay-color":"","overlay-gradient":""},"mobile":{"background-color":"var(--ast-global-color-5)","background-image":"","background-repeat":"repeat","background-position":"center center","background-size":"auto","background-attachment":"scroll","background-type":"","background-media":"","overlay-type":"","overlay-color":"","overlay-gradient":""}}},"product_cat":[125,141,168],"product_tag":[],"class_list":{"0":"post-10927","1":"product","2":"type-product","3":"status-publish","4":"has-post-thumbnail","6":"product_cat-adss-cable","7":"product_cat-adss-cablesingle-sheath","8":"product_cat-recommended-products","9":"desktop-align-left","10":"tablet-align-left","11":"mobile-align-left","12":"ast-product-gallery-layout-horizontal-slider","13":"ast-product-tabs-layout-horizontal","15":"first","16":"instock","17":"shipping-taxable","18":"product-type-simple"},"acf":[],"_links":{"self":[{"href":"https:\/\/www.omccable.com\/fr\/wp-json\/wp\/v2\/product\/10927","targetHints":{"allow":["GET"]}}],"collection":[{"href":"https:\/\/www.omccable.com\/fr\/wp-json\/wp\/v2\/product"}],"about":[{"href":"https:\/\/www.omccable.com\/fr\/wp-json\/wp\/v2\/types\/product"}],"replies":[{"embeddable":true,"href":"https:\/\/www.omccable.com\/fr\/wp-json\/wp\/v2\/comments?post=10927"}],"version-history":[{"count":2,"href":"https:\/\/www.omccable.com\/fr\/wp-json\/wp\/v2\/product\/10927\/revisions"}],"predecessor-version":[{"id":13316,"href":"https:\/\/www.omccable.com\/fr\/wp-json\/wp\/v2\/product\/10927\/revisions\/13316"}],"wp:featuredmedia":[{"embeddable":true,"href":"https:\/\/www.omccable.com\/fr\/wp-json\/wp\/v2\/media\/10929"}],"wp:attachment":[{"href":"https:\/\/www.omccable.com\/fr\/wp-json\/wp\/v2\/media?parent=10927"}],"wp:term":[{"taxonomy":"product_cat","embeddable":true,"href":"https:\/\/www.omccable.com\/fr\/wp-json\/wp\/v2\/product_cat?post=10927"},{"taxonomy":"product_tag","embeddable":true,"href":"https:\/\/www.omccable.com\/fr\/wp-json\/wp\/v2\/product_tag?post=10927"}],"curies":[{"name":"wp","href":"https:\/\/api.w.org\/{rel}","templated":true}]}}