{"id":10793,"date":"2024-05-04T15:42:26","date_gmt":"2024-05-04T07:42:26","guid":{"rendered":"https:\/\/www.omccable.com\/?post_type=product&#038;p=10793"},"modified":"2024-07-27T11:30:28","modified_gmt":"2024-07-27T03:30:28","slug":"1f-5-0mm-sm-ftth-drop-cable-lszh-double-sheath","status":"publish","type":"product","link":"https:\/\/www.omccable.com\/fr\/produit\/1f-5-0mm-sm-ftth-drop-cable-lszh-double-sheath\/","title":{"rendered":"C\u00e2ble de d\u00e9rivation SM FTTH 1F 5,0 mm LSZH -Double gaine 400N"},"content":{"rendered":"<p>Le c\u00e2ble de d\u00e9rivation SM FTTH 1F 5,0 mm Le c\u00e2ble LSZH \u00e0 double gaine utilise un sous-c\u00e2ble OD de 2,0 mm comme support de communication optique, le sous-c\u00e2ble est envelopp\u00e9 d'une couche de fil d'aramide comme unit\u00e9s de renforcement et le c\u00e2ble est compl\u00e9t\u00e9 par une gaine LSZH.<\/p>\n<p>&nbsp;<\/p>\n<p><strong><b>Normes<\/b><\/strong><\/p>\n<p>Conforme \u00e0 la norme GR-409, CEI 60794-2-10\/11, r\u00e9pond aux exigences de l'approbation UL pour OFNR et OFNP.<\/p>\n<p>&nbsp;<\/p>\n<p><strong><b>Sp\u00e9cification<\/b><\/strong><\/p>\n<table>\n<tbody>\n<tr>\n<td colspan=\"2\" width=\"425\"><strong>Articles<\/strong><\/td>\n<td width=\"255\"><strong>Descriptif<\/strong><\/td>\n<\/tr>\n<tr>\n<td colspan=\"2\" width=\"425\">Nombre de fibres<\/td>\n<td width=\"255\">1F<\/td>\n<\/tr>\n<tr>\n<td colspan=\"2\" width=\"425\">Type de fibre<\/td>\n<td width=\"255\">G657A2 et G657B3<\/td>\n<\/tr>\n<tr>\n<td rowspan=\"3\" width=\"272\">Tampon semi-serr\u00e9<\/td>\n<td width=\"153\">Mat\u00e9riel<\/td>\n<td width=\"255\">PVC&amp;LSZH<\/td>\n<\/tr>\n<tr>\n<td width=\"153\">Diam\u00e8tre<\/td>\n<td width=\"255\">0,9 \u00b1 0,05 mm<\/td>\n<\/tr>\n<tr>\n<td width=\"153\">Couleurs<\/td>\n<td width=\"255\">Blanc<\/td>\n<\/tr>\n<tr>\n<td width=\"272\">Membre de force<\/td>\n<td width=\"153\">Mat\u00e9riel<\/td>\n<td width=\"255\">Fil d'aramide + fil de verre E<\/td>\n<\/tr>\n<tr>\n<td rowspan=\"3\" width=\"272\">Gaine int\u00e9rieure<\/td>\n<td width=\"153\">Mat\u00e9riel<\/td>\n<td width=\"255\">LSZH<\/td>\n<\/tr>\n<tr>\n<td width=\"153\">Couleur<\/td>\n<td width=\"255\">Blanc<\/td>\n<\/tr>\n<tr>\n<td width=\"153\">Diam\u00e8tre<\/td>\n<td width=\"255\">1,8-2,0 mm<\/td>\n<\/tr>\n<tr>\n<td rowspan=\"3\" width=\"272\">Gaine ext\u00e9rieure<\/td>\n<td width=\"153\">Mat\u00e9riel<\/td>\n<td width=\"255\">LSZH (protection UV)<\/td>\n<\/tr>\n<tr>\n<td width=\"153\">Couleur<\/td>\n<td width=\"255\">Noir<\/td>\n<\/tr>\n<tr>\n<td width=\"153\">Diam\u00e8tre<\/td>\n<td width=\"255\">5,0 \u00b1 0,2 mm<\/td>\n<\/tr>\n<tr>\n<td colspan=\"2\" width=\"425\">Poids du c\u00e2ble<\/td>\n<td width=\"255\">23,7 kg\/km<\/td>\n<\/tr>\n<\/tbody>\n<\/table>\n<p>&nbsp;<\/p>\n<p><strong><b>PARAM\u00c8TRES M\u00c9CANIQUES DU C\u00c2BLE<\/b><\/strong><\/p>\n<table>\n<tbody>\n<tr>\n<td width=\"207\"><strong>Article<\/strong><\/td>\n<td width=\"216\"><strong>Sommaire<\/strong><\/td>\n<td width=\"256\"><strong>Valeur<\/strong><\/td>\n<\/tr>\n<tr>\n<td rowspan=\"2\" width=\"207\">Charge de traction<\/td>\n<td width=\"216\">Court terme<\/td>\n<td width=\"256\">Souche de fibre 400N\u22640,33 %<\/td>\n<\/tr>\n<tr>\n<td width=\"216\">\u00c0 long terme<\/td>\n<td width=\"256\">200N<\/td>\n<\/tr>\n<tr>\n<td rowspan=\"2\" width=\"207\">R\u00e9sistance \u00e0 l'\u00e9crasement<\/td>\n<td width=\"216\">Court terme<\/td>\n<td width=\"256\">500<\/td>\n<\/tr>\n<tr>\n<td width=\"216\">\u00c0 long terme<\/td>\n<td width=\"256\">100<\/td>\n<\/tr>\n<tr>\n<td rowspan=\"2\" width=\"207\">Min. rayon de courbure<\/td>\n<td width=\"216\">Installation<\/td>\n<td width=\"256\">20 x diam\u00e8tre du c\u00e2ble<\/td>\n<\/tr>\n<tr>\n<td width=\"216\">Op\u00e9ration<\/td>\n<td width=\"256\">10 x diam\u00e8tre du c\u00e2ble<\/td>\n<\/tr>\n<\/tbody>\n<\/table>\n<p><strong>\u00a0<\/strong><\/p>\n<p><strong><b>PARAM\u00c8TRES ENVIRONNEMENTAUX<\/b><\/strong><\/p>\n<table>\n<tbody>\n<tr>\n<td width=\"168\"><strong>Article<\/strong><\/td>\n<td width=\"264\"><strong>Norme<\/strong><\/td>\n<td width=\"257\"><strong>Sp\u00e9cification<\/strong><\/td>\n<\/tr>\n<tr>\n<td rowspan=\"2\" width=\"168\">Environnemental<\/td>\n<td width=\"264\">CEI-60794-1-22-F5B<\/td>\n<td width=\"257\">Aucune p\u00e9n\u00e9tration d'eau<\/td>\n<\/tr>\n<tr>\n<td width=\"264\">CEI-60794-1-22-F9<\/td>\n<td width=\"257\">\u22640,1dB\/km maximum. changement d'att\u00e9nuation autoris\u00e9<\/td>\n<\/tr>\n<tr>\n<td width=\"168\">Plage de temp\u00e9rature d'application<\/td>\n<td width=\"264\">Plage de temp\u00e9rature d'application \u2103<\/td>\n<td width=\"257\">Fonctionnement :  \u2013 10 \u2103 ~ +70 \u2103<\/p>\n<p>Installation :  -40 \u2103 ~ +70 \u2103<\/p>\n<p>Stockage\/transport :  \u2013 40 \u2103 ~ +70 \u2103<\/td>\n<\/tr>\n<\/tbody>\n<\/table>\n<p>&nbsp;<\/p>\n<p><strong><b>Type et propri\u00e9t\u00e9s de la fibre optique<\/b><\/strong><\/p>\n<table>\n<tbody>\n<tr>\n<td rowspan=\"2\" width=\"186\"><strong><b>Param\u00e8tre<\/b><\/strong><\/td>\n<td rowspan=\"2\" width=\"95\"><strong><b>Conditions<\/b><\/strong><\/td>\n<td rowspan=\"2\" width=\"84\"><strong><b>Unit\u00e9s<\/b><\/strong><\/td>\n<td colspan=\"4\" width=\"328\"><strong><b>Valeur<\/b><\/strong><\/td>\n<\/tr>\n<tr>\n<td width=\"84\"><strong><b>G652D<\/b><\/strong><\/td>\n<td width=\"84\"><strong><b>G657A1<\/b><\/strong><\/td>\n<td width=\"84\"><strong><b>G657A2<\/b><\/strong><\/td>\n<td width=\"75\"><strong><b>G657B3<\/b><\/strong><\/td>\n<\/tr>\n<tr>\n<td colspan=\"3\" width=\"366\"><strong><b>Sp\u00e9cification optique<\/b><\/strong><\/td>\n<td colspan=\"4\" width=\"328\"><strong><b>\u3000<\/b><\/strong><\/td>\n<\/tr>\n<tr>\n<td rowspan=\"4\" width=\"186\">Att\u00e9nuation<\/td>\n<td width=\"95\">1310 nm<\/td>\n<td width=\"84\">dB\/km<\/td>\n<td width=\"84\">\u22640,350<\/td>\n<td width=\"84\">\u22640,350<\/td>\n<td width=\"84\">\u22640,350<\/td>\n<td width=\"75\">\u22640,350<\/td>\n<\/tr>\n<tr>\n<td width=\"95\">1383 nm<\/td>\n<td width=\"84\">dB\/km<\/td>\n<td width=\"84\">\u22640,330<\/td>\n<td width=\"84\">\u22640,350<\/td>\n<td width=\"84\">\u22640,350<\/td>\n<td width=\"75\">\u22640,350<\/td>\n<\/tr>\n<tr>\n<td width=\"95\">1550 nm<\/td>\n<td width=\"84\">dB\/km<\/td>\n<td width=\"84\">\u22640,210<\/td>\n<td width=\"84\">\u22640,210<\/td>\n<td width=\"84\">\u22640,210<\/td>\n<td width=\"75\">\u22640,210<\/td>\n<\/tr>\n<tr>\n<td width=\"95\">1625 nm<\/td>\n<td width=\"84\">dB\/km<\/td>\n<td width=\"84\">\u22640,240<\/td>\n<td width=\"84\">\u22640,230<\/td>\n<td width=\"84\">\u22640,230<\/td>\n<td width=\"75\">\u22640,230<\/td>\n<\/tr>\n<tr>\n<td rowspan=\"3\" width=\"186\">Att\u00e9nuation par rapport \u00e0 la longueur d'onde<\/td>\n<td width=\"95\">1310 nm VS. 1 285-1 330 nm<\/td>\n<td width=\"84\">dB\/km<\/td>\n<td width=\"84\">\u22640,04<\/td>\n<td width=\"84\">\u22640,04<\/td>\n<td width=\"84\">\u22640,05<\/td>\n<td width=\"75\">\u22640,03<\/td>\n<\/tr>\n<tr>\n<td width=\"95\">1550 nm VS. 1525-1575 nm<\/td>\n<td width=\"84\">dB\/km<\/td>\n<td width=\"84\">\u22640,03<\/td>\n<td width=\"84\">\u22640,03<\/td>\n<td width=\"84\">\u22640,04<\/td>\n<td width=\"75\">\u22640,02<\/td>\n<\/tr>\n<tr>\n<td width=\"95\">1550 nm VS. 1 480-1 580 nm<\/td>\n<td width=\"84\">dB\/km<\/td>\n<td width=\"84\">\u22640,04<\/td>\n<td width=\"84\">\u2013<\/td>\n<td width=\"84\">\u2013<\/td>\n<td width=\"75\">\u2013<\/td>\n<\/tr>\n<tr>\n<td width=\"186\">Longueur d'onde \u00e0 dispersion nulle<\/td>\n<td rowspan=\"2\" width=\"95\">\\<\/td>\n<td width=\"84\">nm<\/td>\n<td width=\"84\">1300-1324<\/td>\n<td width=\"84\">1300-1324<\/td>\n<td width=\"84\">1300-1324<\/td>\n<td width=\"75\">1300-1324<\/td>\n<\/tr>\n<tr>\n<td width=\"186\">Pente de dispersion nulle<\/td>\n<td width=\"84\">ps\/(nm<sup>2<\/sup>\u00b7km)<\/td>\n<td width=\"84\">0.073-0.092<\/td>\n<td width=\"84\">0.073-0.092<\/td>\n<td width=\"84\">0.073-0.092<\/td>\n<td width=\"75\">\u22640,092<\/td>\n<\/tr>\n<tr>\n<td rowspan=\"2\" width=\"186\">Dispersion<\/td>\n<td width=\"95\">1550 nm<\/td>\n<td width=\"84\">ps\/(nm\u00b7km)<\/td>\n<td width=\"84\">13.3-18.6<\/td>\n<td width=\"84\">13.3-18.6<\/td>\n<td width=\"84\">13.3-18.6<\/td>\n<td width=\"75\"><\/td>\n<\/tr>\n<tr>\n<td width=\"95\">1625 nm<\/td>\n<td width=\"84\">ps\/(nm\u00b7km)<\/td>\n<td width=\"84\">17.2-23.7<\/td>\n<td width=\"84\">17.2-23.7<\/td>\n<td width=\"84\">17.2-23.7<\/td>\n<td width=\"75\"><\/td>\n<\/tr>\n<tr>\n<td colspan=\"2\" width=\"281\">Dispersion du mode de polarisation (PMD)<\/td>\n<td width=\"84\">ps\/\u221akm<\/td>\n<td width=\"84\">\u22640,2<\/td>\n<td width=\"84\">\u22640,2<\/td>\n<td width=\"84\">\u22640,2<\/td>\n<td width=\"75\">\u22640,2<\/td>\n<\/tr>\n<tr>\n<td width=\"186\">Longueur d'onde de coupure \u03bbcc<\/td>\n<td width=\"95\">\u2013<\/td>\n<td width=\"84\">nm<\/td>\n<td width=\"84\">\u22641260<\/td>\n<td width=\"84\">\u22641260<\/td>\n<td width=\"84\">\u22641260<\/td>\n<td width=\"75\">\u22641260<\/td>\n<\/tr>\n<tr>\n<td rowspan=\"2\" width=\"186\">Diam\u00e8tre du champ de mode (MFD)<\/td>\n<td width=\"95\">1310 nm<\/td>\n<td width=\"84\">\u00b5m<\/td>\n<td width=\"84\">9,2 \u00b1 0,4<\/td>\n<td width=\"84\">9,2 \u00b1 0,4<\/td>\n<td width=\"84\">8,6 \u00b1 0,4<\/td>\n<td width=\"75\">8,6 \u00b1 0,4<\/td>\n<\/tr>\n<tr>\n<td width=\"95\">1550 nm<\/td>\n<td width=\"84\">\u00b5m<\/td>\n<td width=\"84\">10,4 \u00b1 0,5<\/td>\n<td width=\"84\">10,4 \u00b1 0,5<\/td>\n<td width=\"84\">9,6 \u00b1 0,5<\/td>\n<td width=\"75\">9,6 \u00b1 0,5<\/td>\n<\/tr>\n<tr>\n<td rowspan=\"2\" width=\"186\">Discontinuit\u00e9 d'att\u00e9nuation<\/td>\n<td width=\"95\">1310 nm<\/td>\n<td width=\"84\">dB<\/td>\n<td width=\"84\">\u22640,03<\/td>\n<td width=\"84\">\u22640,03<\/td>\n<td width=\"84\">\u22640,03<\/td>\n<td width=\"75\">\u22640,03<\/td>\n<\/tr>\n<tr>\n<td width=\"95\">1550 nm<\/td>\n<td width=\"84\">dB<\/td>\n<td width=\"84\">\u22640,03<\/td>\n<td width=\"84\">\u22640,03<\/td>\n<td width=\"84\">\u22640,03<\/td>\n<td width=\"75\">\u22640,03<\/td>\n<\/tr>\n<tr>\n<td rowspan=\"2\" width=\"186\">Att\u00e9nuation bidirectionnelle<\/td>\n<td width=\"95\">1310 nm<\/td>\n<td width=\"84\">dB\/km<\/td>\n<td width=\"84\">\u22640,04<\/td>\n<td width=\"84\"><\/td>\n<td width=\"84\"><\/td>\n<td width=\"75\">\u22640,05<\/td>\n<\/tr>\n<tr>\n<td width=\"95\">1550 nm<\/td>\n<td width=\"84\">dB\/km<\/td>\n<td width=\"84\">\u22640,04<\/td>\n<td width=\"84\"><\/td>\n<td width=\"84\"><\/td>\n<td width=\"75\">\u22640,05<\/td>\n<\/tr>\n<tr>\n<td colspan=\"3\" width=\"366\"><strong><b>G\u00e9om\u00e9trique<\/b><\/strong><\/td>\n<td colspan=\"4\" width=\"328\"><\/td>\n<\/tr>\n<tr>\n<td colspan=\"2\" width=\"281\">Diam\u00e8tre du rev\u00eatement<\/td>\n<td width=\"84\">\u00b5m<\/td>\n<td width=\"84\">125 \u00b1 0,7<\/td>\n<td width=\"84\">125 \u00b1 0,7<\/td>\n<td width=\"84\">125 \u00b1 0,7<\/td>\n<td width=\"75\">125 \u00b1 0,7<\/td>\n<\/tr>\n<tr>\n<td colspan=\"2\" width=\"281\">Non-circularit\u00e9 du rev\u00eatement<\/td>\n<td width=\"84\">%<\/td>\n<td width=\"84\">\u22641,0<\/td>\n<td width=\"84\">\u22641,0<\/td>\n<td width=\"84\">\u22640,8<\/td>\n<td width=\"75\">\u22640,7<\/td>\n<\/tr>\n<tr>\n<td colspan=\"2\" width=\"281\">Erreur de concentricit\u00e9 noyau\/gaine<\/td>\n<td width=\"84\">\u00b5m<\/td>\n<td width=\"84\">\u22640,6<\/td>\n<td width=\"84\">\u22640,5<\/td>\n<td width=\"84\">\u22640,5<\/td>\n<td width=\"75\">\u22640,5<\/td>\n<\/tr>\n<tr>\n<td colspan=\"2\" rowspan=\"2\" width=\"281\">Diam\u00e8tre du rev\u00eatement (non color\u00e9)<\/td>\n<td width=\"84\">\u00b5m<\/td>\n<td colspan=\"4\" width=\"328\">242 \u00b1 7 (standard)<\/td>\n<\/tr>\n<tr>\n<td width=\"84\">\u00b5m<\/td>\n<td colspan=\"4\" width=\"328\">200 \u00b1 10 (facultatif)<\/td>\n<\/tr>\n<tr>\n<td colspan=\"2\" width=\"281\">Erreur de concentricit\u00e9 du rev\u00eatement\/rev\u00eatement<\/td>\n<td width=\"84\">\u00b5m<\/td>\n<td width=\"84\">\u226412<\/td>\n<td width=\"84\">\u226412<\/td>\n<td width=\"84\">\u226412<\/td>\n<td width=\"75\">\u226412<\/td>\n<\/tr>\n<tr>\n<td colspan=\"2\" width=\"281\">Boucler<\/td>\n<td width=\"84\">m<\/td>\n<td width=\"84\">\u22654<\/td>\n<td width=\"84\">\u22654<\/td>\n<td width=\"84\">\u22654<\/td>\n<td width=\"75\">\u22654<\/td>\n<\/tr>\n<tr>\n<td colspan=\"3\" width=\"366\"><strong><b>Environnemental (1 550 nm, 1 625 nm)<\/b><\/strong><\/td>\n<td colspan=\"4\" width=\"328\"><\/td>\n<\/tr>\n<tr>\n<td width=\"186\">Cyclisme de temp\u00e9rature<\/td>\n<td width=\"95\">-60\u2103 \u00e0 +85\u2103<\/td>\n<td width=\"84\">dB\/km<\/td>\n<td width=\"84\">\u22640,03<\/td>\n<td width=\"84\">\u22640,05<\/td>\n<td width=\"84\">\u22640,05<\/td>\n<td width=\"75\">\u22640,05<\/td>\n<\/tr>\n<tr>\n<td width=\"186\">Haute temp\u00e9rature et<\/p>\n<p>Humidit\u00e9 \u00e9lev\u00e9e<\/td>\n<td width=\"95\">85 \u2103, 85% RH, 30 jours<\/td>\n<td width=\"84\">dB\/km<\/td>\n<td width=\"84\">\u22640,03<\/td>\n<td width=\"84\">\u22640,05<\/td>\n<td width=\"84\">\u22640,05<\/td>\n<td width=\"75\">\u22640,05<\/td>\n<\/tr>\n<tr>\n<td width=\"186\">Immersion dans l'eau<\/td>\n<td width=\"95\">23\u2103, 30 jours<\/td>\n<td width=\"84\">dB\/km<\/td>\n<td width=\"84\">\u22640,03<\/td>\n<td width=\"84\">\u22640,05<\/td>\n<td width=\"84\">\u22640,05<\/td>\n<td width=\"75\">\u22640,05<\/td>\n<\/tr>\n<tr>\n<td width=\"186\">Vieillissement \u00e0 haute temp\u00e9rature<\/td>\n<td width=\"95\">85 \u2103, 30 jours<\/td>\n<td width=\"84\">dB\/km<\/td>\n<td width=\"84\">\u22640,03<\/td>\n<td width=\"84\">\u22640,05<\/td>\n<td width=\"84\">\u22640,05<\/td>\n<td width=\"75\">\u22640,05<\/td>\n<\/tr>\n<\/tbody>\n<\/table>","protected":false},"excerpt":{"rendered":"<p>Le c\u00e2ble de d\u00e9rivation SM FTTH 1F 5,0 mm Le c\u00e2ble LSZH \u00e0 double gaine utilise un sous-c\u00e2ble OD de 2,0 mm comme support de communication optique, le sous-c\u00e2ble est envelopp\u00e9 d'une couche de fil d'aramide comme unit\u00e9s de renforcement et le c\u00e2ble est compl\u00e9t\u00e9 par une gaine LSZH.   Normes Conforme \u00e0 la norme GR-409, CEI 60794-2-10\/11, r\u00e9pond aux exigences de l'approbation UL pour OFNR et OFNP.   [\u2026]<\/p>","protected":false},"featured_media":10795,"comment_status":"closed","ping_status":"closed","template":"","meta":{"site-sidebar-layout":"default","site-content-layout":"","ast-site-content-layout":"default","site-content-style":"default","site-sidebar-style":"default","ast-global-header-display":"","ast-banner-title-visibility":"","ast-main-header-display":"","ast-hfb-above-header-display":"","ast-hfb-below-header-display":"","ast-hfb-mobile-header-display":"","site-post-title":"","ast-breadcrumbs-content":"","ast-featured-img":"","footer-sml-layout":"","theme-transparent-header-meta":"default","adv-header-id-meta":"","stick-header-meta":"default","header-above-stick-meta":"","header-main-stick-meta":"","header-below-stick-meta":"","astra-migrate-meta-layouts":"set","ast-page-background-enabled":"default","ast-page-background-meta":{"desktop":{"background-color":"var(--ast-global-color-4)","background-image":"","background-repeat":"repeat","background-position":"center center","background-size":"auto","background-attachment":"scroll","background-type":"","background-media":"","overlay-type":"","overlay-color":"","overlay-gradient":""},"tablet":{"background-color":"","background-image":"","background-repeat":"repeat","background-position":"center center","background-size":"auto","background-attachment":"scroll","background-type":"","background-media":"","overlay-type":"","overlay-color":"","overlay-gradient":""},"mobile":{"background-color":"","background-image":"","background-repeat":"repeat","background-position":"center center","background-size":"auto","background-attachment":"scroll","background-type":"","background-media":"","overlay-type":"","overlay-color":"","overlay-gradient":""}},"ast-content-background-meta":{"desktop":{"background-color":"var(--ast-global-color-5)","background-image":"","background-repeat":"repeat","background-position":"center center","background-size":"auto","background-attachment":"scroll","background-type":"","background-media":"","overlay-type":"","overlay-color":"","overlay-gradient":""},"tablet":{"background-color":"var(--ast-global-color-5)","background-image":"","background-repeat":"repeat","background-position":"center center","background-size":"auto","background-attachment":"scroll","background-type":"","background-media":"","overlay-type":"","overlay-color":"","overlay-gradient":""},"mobile":{"background-color":"var(--ast-global-color-5)","background-image":"","background-repeat":"repeat","background-position":"center center","background-size":"auto","background-attachment":"scroll","background-type":"","background-media":"","overlay-type":"","overlay-color":"","overlay-gradient":""}}},"product_cat":[165,122],"product_tag":[],"class_list":{"0":"post-10793","1":"product","2":"type-product","3":"status-publish","4":"has-post-thumbnail","6":"product_cat-double-sheath-ftth-drop-cable","7":"product_cat-ftth-drop-cable","8":"desktop-align-left","9":"tablet-align-left","10":"mobile-align-left","11":"ast-product-gallery-layout-horizontal-slider","12":"ast-product-tabs-layout-horizontal","14":"first","15":"instock","16":"shipping-taxable","17":"product-type-simple"},"acf":[],"_links":{"self":[{"href":"https:\/\/www.omccable.com\/fr\/wp-json\/wp\/v2\/product\/10793","targetHints":{"allow":["GET"]}}],"collection":[{"href":"https:\/\/www.omccable.com\/fr\/wp-json\/wp\/v2\/product"}],"about":[{"href":"https:\/\/www.omccable.com\/fr\/wp-json\/wp\/v2\/types\/product"}],"replies":[{"embeddable":true,"href":"https:\/\/www.omccable.com\/fr\/wp-json\/wp\/v2\/comments?post=10793"}],"version-history":[{"count":4,"href":"https:\/\/www.omccable.com\/fr\/wp-json\/wp\/v2\/product\/10793\/revisions"}],"predecessor-version":[{"id":11872,"href":"https:\/\/www.omccable.com\/fr\/wp-json\/wp\/v2\/product\/10793\/revisions\/11872"}],"wp:featuredmedia":[{"embeddable":true,"href":"https:\/\/www.omccable.com\/fr\/wp-json\/wp\/v2\/media\/10795"}],"wp:attachment":[{"href":"https:\/\/www.omccable.com\/fr\/wp-json\/wp\/v2\/media?parent=10793"}],"wp:term":[{"taxonomy":"product_cat","embeddable":true,"href":"https:\/\/www.omccable.com\/fr\/wp-json\/wp\/v2\/product_cat?post=10793"},{"taxonomy":"product_tag","embeddable":true,"href":"https:\/\/www.omccable.com\/fr\/wp-json\/wp\/v2\/product_tag?post=10793"}],"curies":[{"name":"wp","href":"https:\/\/api.w.org\/{rel}","templated":true}]}}