{"id":10789,"date":"2024-05-04T15:29:12","date_gmt":"2024-05-04T07:29:12","guid":{"rendered":"https:\/\/www.omccable.com\/?post_type=product&#038;p=10789"},"modified":"2024-07-27T11:29:16","modified_gmt":"2024-07-27T03:29:16","slug":"1f-4-8mm-sm-ftth-drop-cable-lszh-double-sheath","status":"publish","type":"product","link":"https:\/\/www.omccable.com\/fr\/produit\/1f-4-8mm-sm-ftth-drop-cable-lszh-double-sheath\/","title":{"rendered":"C\u00e2ble de d\u00e9rivation SM FTTH 1F 4,8 mm LSZH -Double gaine"},"content":{"rendered":"<p>Le c\u00e2ble de d\u00e9rivation SM FTTH 1F 4,5 mm Le c\u00e2ble LSZH \u00e0 double gaine utilise un sous-c\u00e2ble de 2,0 mm de diam\u00e8tre ext\u00e9rieur comme support de communication optique, le sous-c\u00e2ble est envelopp\u00e9 d'une couche de fil d'aramide comme unit\u00e9s de renforcement et le c\u00e2ble est compl\u00e9t\u00e9 par une gaine LSZH.<\/p>\n<p>&nbsp;<\/p>\n<p><strong><b>Normes<\/b><\/strong><\/p>\n<p>Conforme \u00e0 la norme GR-409, CEI 60794-2-10\/11, r\u00e9pond aux exigences de l'approbation UL pour OFNR et OFNP.<\/p>\n<p>&nbsp;<\/p>\n<p><strong><b>Sp\u00e9cification<\/b><\/strong><\/p>\n<table>\n<tbody>\n<tr>\n<td colspan=\"2\" width=\"424\"><strong>Articles<\/strong><\/td>\n<td width=\"254\"><strong>Descriptif<\/strong><\/td>\n<\/tr>\n<tr>\n<td colspan=\"2\" width=\"424\">Nombre de fibres<\/td>\n<td width=\"254\">1F<\/td>\n<\/tr>\n<tr>\n<td colspan=\"2\" width=\"424\">Type de fibre<\/td>\n<td width=\"254\">G657A2 et G657B3<\/td>\n<\/tr>\n<tr>\n<td rowspan=\"3\" width=\"271\">Tampon semi-serr\u00e9<\/td>\n<td width=\"152\">Mat\u00e9riel<\/td>\n<td width=\"254\">PVC&amp;LSZH<\/td>\n<\/tr>\n<tr>\n<td width=\"152\">Diam\u00e8tre<\/td>\n<td width=\"254\">0,9 \u00b1 0,05 mm<\/td>\n<\/tr>\n<tr>\n<td width=\"152\">Couleurs<\/td>\n<td width=\"254\">Blanc et bleu<\/td>\n<\/tr>\n<tr>\n<td width=\"271\">Membre de force<\/td>\n<td width=\"152\">Mat\u00e9riel<\/td>\n<td width=\"254\">Fil d'aramide + fil de verre E<\/td>\n<\/tr>\n<tr>\n<td rowspan=\"3\" width=\"271\">Gaine int\u00e9rieure<\/td>\n<td width=\"152\">Mat\u00e9riel<\/td>\n<td width=\"254\">LSZH<\/td>\n<\/tr>\n<tr>\n<td width=\"152\">Couleur<\/td>\n<td width=\"254\">Blanc et Jaune<\/td>\n<\/tr>\n<tr>\n<td width=\"152\">Diam\u00e8tre<\/td>\n<td width=\"254\">1,8-2,0 mm<\/td>\n<\/tr>\n<tr>\n<td rowspan=\"3\" width=\"271\">Gaine ext\u00e9rieure<\/td>\n<td width=\"152\">Mat\u00e9riel<\/td>\n<td width=\"254\">LSZH<\/td>\n<\/tr>\n<tr>\n<td width=\"152\">Couleur<\/td>\n<td width=\"254\">Noir<\/td>\n<\/tr>\n<tr>\n<td width=\"152\">Diam\u00e8tre<\/td>\n<td width=\"254\">4,8 \u00b1 0,2 mm<\/td>\n<\/tr>\n<tr>\n<td colspan=\"2\" width=\"424\">Poids du c\u00e2ble<\/td>\n<td width=\"254\">23,7 kg\/km<\/td>\n<\/tr>\n<\/tbody>\n<\/table>\n<p>&nbsp;<\/p>\n<p><strong><em><b><i>PARAM\u00c8TRES M\u00c9CANIQUES DU C\u00c2BLE<\/i><\/b><\/em><\/strong><\/p>\n<table>\n<tbody>\n<tr>\n<td width=\"207\"><strong>Article<\/strong><\/td>\n<td width=\"216\"><strong>Sommaire<\/strong><\/td>\n<td width=\"256\"><strong>Valeur<\/strong><\/td>\n<\/tr>\n<tr>\n<td rowspan=\"2\" width=\"207\">Charge de traction<\/td>\n<td width=\"216\">Court terme<\/td>\n<td width=\"256\">Souche de fibre 250N\u22640,33 %<\/td>\n<\/tr>\n<tr>\n<td width=\"216\">\u00c0 long terme<\/td>\n<td width=\"256\">100N<\/td>\n<\/tr>\n<tr>\n<td rowspan=\"2\" width=\"207\">R\u00e9sistance \u00e0 l'\u00e9crasement<\/td>\n<td width=\"216\">Court terme<\/td>\n<td width=\"256\">500<\/td>\n<\/tr>\n<tr>\n<td width=\"216\">\u00c0 long terme<\/td>\n<td width=\"256\">100<\/td>\n<\/tr>\n<tr>\n<td rowspan=\"2\" width=\"207\">Min. rayon de courbure<\/td>\n<td width=\"216\">Installation<\/td>\n<td width=\"256\">20 x diam\u00e8tre du c\u00e2ble<\/td>\n<\/tr>\n<tr>\n<td width=\"216\">Op\u00e9ration<\/td>\n<td width=\"256\">10 x diam\u00e8tre du c\u00e2ble<\/td>\n<\/tr>\n<\/tbody>\n<\/table>\n<p><strong><em><i>\u00a0<\/i><\/em><\/strong><\/p>\n<p><strong><em><b><i>PARAM\u00c8TRES ENVIRONNEMENTAUX<\/i><\/b><\/em><\/strong><\/p>\n<table>\n<tbody>\n<tr>\n<td width=\"168\"><strong><em><i>Article<\/i><\/em><\/strong><\/td>\n<td width=\"264\"><strong><em><i>Norme<\/i><\/em><\/strong><\/td>\n<td width=\"257\"><strong><em><i>Sp\u00e9cification<\/i><\/em><\/strong><\/td>\n<\/tr>\n<tr>\n<td rowspan=\"2\" width=\"168\"><em><i>Environnemental<\/i><\/em><\/td>\n<td width=\"264\"><em><i>CEI-60794-1-22-F5B<\/i><\/em><\/td>\n<td width=\"257\"><em><i>Aucune p\u00e9n\u00e9tration d'eau<\/i><\/em><\/td>\n<\/tr>\n<tr>\n<td width=\"264\"><em><i>CEI-60794-1-22-F9<\/i><\/em><\/td>\n<td width=\"257\"><em><i>\u22640,1dB\/km maximum. changement d'att\u00e9nuation autoris\u00e9<\/i><\/em><\/td>\n<\/tr>\n<tr>\n<td width=\"168\"><em><i>Plage de temp\u00e9rature d'application<\/i><\/em><\/td>\n<td width=\"264\"><em><i>Plage de temp\u00e9rature d'application<\/i><\/em><em><i>\u2103<\/i><\/em><\/td>\n<td width=\"257\"><em><i>Op\u00e9ration :  \u2013 10<\/i><\/em><em><i>\u2103<\/i><\/em><em><i>\u00a0~ +<\/i><\/em><em><i>7<\/i><\/em><em><i>0<\/i><\/em><em><i>\u2103<\/i><\/em><\/p>\n<p><em><i>Installation: \u00a0<\/i><\/em><em><i>\u2013<\/i><\/em><em><i>4<\/i><\/em><em><i>0 \u2103<\/i><\/em><em><i>\u00a0~ +70<\/i><\/em><em><i>\u2103<\/i><\/em><\/p>\n<p><em><i>Stockage\/transport :  \u2013 <\/i><\/em><em><i>4<\/i><\/em><em><i>0<\/i><\/em><em><i>\u2103<\/i><\/em><em><i>\u00a0~ +<\/i><\/em><em><i>7<\/i><\/em><em><i>0<\/i><\/em><em><i>\u2103<\/i><\/em><\/td>\n<\/tr>\n<\/tbody>\n<\/table>\n<p>&nbsp;<\/p>\n<p><strong><em><b><i>Type et propri\u00e9t\u00e9s de la fibre optique<\/i><\/b><\/em><\/strong><\/p>\n<table>\n<tbody>\n<tr>\n<td rowspan=\"2\" width=\"186\"><strong><em><b><i>Param\u00e8tre<\/i><\/b><\/em><\/strong><\/td>\n<td rowspan=\"2\" width=\"95\"><strong><em><b><i>Conditions<\/i><\/b><\/em><\/strong><\/td>\n<td rowspan=\"2\" width=\"84\"><strong><em><b><i>Unit\u00e9s<\/i><\/b><\/em><\/strong><\/td>\n<td colspan=\"4\" width=\"328\"><strong><em><b><i>Valeur<\/i><\/b><\/em><\/strong><\/td>\n<\/tr>\n<tr>\n<td width=\"84\"><strong><em><b><i>G652D<\/i><\/b><\/em><\/strong><\/td>\n<td width=\"84\"><strong><em><b><i>G657A1<\/i><\/b><\/em><\/strong><\/td>\n<td width=\"84\"><strong><em><b><i>G657A2<\/i><\/b><\/em><\/strong><\/td>\n<td width=\"75\"><strong><em><b><i>G657B3<\/i><\/b><\/em><\/strong><\/td>\n<\/tr>\n<tr>\n<td colspan=\"3\" width=\"366\"><strong><em><b><i>Sp\u00e9cification optique<\/i><\/b><\/em><\/strong><\/td>\n<td colspan=\"4\" width=\"328\"><strong><em><b><i>\u3000<\/i><\/b><\/em><\/strong><\/td>\n<\/tr>\n<tr>\n<td rowspan=\"4\" width=\"186\"><em><i>Att\u00e9nuation<\/i><\/em><\/td>\n<td width=\"95\"><em><i>1310 nm<\/i><\/em><\/td>\n<td width=\"84\"><em><i>dB\/km<\/i><\/em><\/td>\n<td width=\"84\"><em><i>\u22640,350<\/i><\/em><\/td>\n<td width=\"84\"><em><i>\u22640,350<\/i><\/em><\/td>\n<td width=\"84\"><em><i>\u22640,350<\/i><\/em><\/td>\n<td width=\"75\"><em><i>\u22640,350<\/i><\/em><\/td>\n<\/tr>\n<tr>\n<td width=\"95\"><em><i>1383 nm<\/i><\/em><\/td>\n<td width=\"84\"><em><i>dB\/km<\/i><\/em><\/td>\n<td width=\"84\"><em><i>\u2264<\/i><\/em><em><i>0.330<\/i><\/em><\/td>\n<td width=\"84\"><em><i>\u2264<\/i><\/em><em><i>0.350<\/i><\/em><\/td>\n<td width=\"84\"><em><i>\u2264<\/i><\/em><em><i>0.350<\/i><\/em><\/td>\n<td width=\"75\"><em><i>\u2264<\/i><\/em><em><i>0.350<\/i><\/em><\/td>\n<\/tr>\n<tr>\n<td width=\"95\"><em><i>1550 nm<\/i><\/em><\/td>\n<td width=\"84\"><em><i>dB\/km<\/i><\/em><\/td>\n<td width=\"84\"><em><i>\u2264<\/i><\/em><em><i>0.210<\/i><\/em><\/td>\n<td width=\"84\"><em><i>\u2264<\/i><\/em><em><i>0.210<\/i><\/em><\/td>\n<td width=\"84\"><em><i>\u2264<\/i><\/em><em><i>0.210<\/i><\/em><\/td>\n<td width=\"75\"><em><i>\u2264<\/i><\/em><em><i>0.210<\/i><\/em><\/td>\n<\/tr>\n<tr>\n<td width=\"95\"><em><i>1625 nm<\/i><\/em><\/td>\n<td width=\"84\"><em><i>dB\/km<\/i><\/em><\/td>\n<td width=\"84\"><em><i>\u2264<\/i><\/em><em><i>0.240<\/i><\/em><\/td>\n<td width=\"84\"><em><i>\u2264<\/i><\/em><em><i>0.230<\/i><\/em><\/td>\n<td width=\"84\"><em><i>\u2264<\/i><\/em><em><i>0.230<\/i><\/em><\/td>\n<td width=\"75\"><em><i>\u2264<\/i><\/em><em><i>0.230<\/i><\/em><\/td>\n<\/tr>\n<tr>\n<td rowspan=\"3\" width=\"186\"><em><i>Att\u00e9nuation par rapport \u00e0 la longueur d'onde<\/i><\/em><\/td>\n<td width=\"95\"><em><i>1310 nm VS. 1 285-1 330 nm<\/i><\/em><\/td>\n<td width=\"84\"><em><i>dB\/km<\/i><\/em><\/td>\n<td width=\"84\"><em><i>\u2264<\/i><\/em><em><i>0.04<\/i><\/em><\/td>\n<td width=\"84\"><em><i>\u2264<\/i><\/em><em><i>0.04<\/i><\/em><\/td>\n<td width=\"84\"><em><i>\u2264<\/i><\/em><em><i>0.05<\/i><\/em><\/td>\n<td width=\"75\"><em><i>\u2264<\/i><\/em><em><i>0.03<\/i><\/em><\/td>\n<\/tr>\n<tr>\n<td width=\"95\"><em><i>1550 nm VS. 1525-1575 nm<\/i><\/em><\/td>\n<td width=\"84\"><em><i>dB\/km<\/i><\/em><\/td>\n<td width=\"84\"><em><i>\u2264<\/i><\/em><em><i>0.03<\/i><\/em><\/td>\n<td width=\"84\"><em><i>\u2264<\/i><\/em><em><i>0.03<\/i><\/em><\/td>\n<td width=\"84\"><em><i>\u2264<\/i><\/em><em><i>0.04<\/i><\/em><\/td>\n<td width=\"75\"><em><i>\u2264<\/i><\/em><em><i>0.02<\/i><\/em><\/td>\n<\/tr>\n<tr>\n<td width=\"95\"><em><i>1550 nm VS. 1 480-1 580 nm<\/i><\/em><\/td>\n<td width=\"84\"><em><i>dB\/km<\/i><\/em><\/td>\n<td width=\"84\"><em><i>\u2264<\/i><\/em><em><i>0.04<\/i><\/em><\/td>\n<td width=\"84\"><em><i>\u2013<\/i><\/em><\/td>\n<td width=\"84\"><em><i>\u2013<\/i><\/em><\/td>\n<td width=\"75\"><em><i>\u2013<\/i><\/em><\/td>\n<\/tr>\n<tr>\n<td width=\"186\"><em><i>Longueur d'onde \u00e0 dispersion nulle<\/i><\/em><\/td>\n<td rowspan=\"2\" width=\"95\"><em><i>\\<\/i><\/em><\/td>\n<td width=\"84\"><em><i>nm<\/i><\/em><\/td>\n<td width=\"84\"><em><i>1300-1324<\/i><\/em><\/td>\n<td width=\"84\"><em><i>1300-1324<\/i><\/em><\/td>\n<td width=\"84\"><em><i>1300-1324<\/i><\/em><\/td>\n<td width=\"75\"><em><i>1300-1324<\/i><\/em><\/td>\n<\/tr>\n<tr>\n<td width=\"186\"><em><i>Pente de dispersion nulle<\/i><\/em><\/td>\n<td width=\"84\"><em><i>ps\/(nm<\/i><\/em><em><sup><i>2<\/i><\/sup><\/em><em><i>\u00b7km)<\/i><\/em><\/td>\n<td width=\"84\"><em><i>0.073-0.092<\/i><\/em><\/td>\n<td width=\"84\"><em><i>0.073-0.092<\/i><\/em><\/td>\n<td width=\"84\"><em><i>0.073-0.092<\/i><\/em><\/td>\n<td width=\"75\"><em><i>\u2264<\/i><\/em><em><i>0.092<\/i><\/em><\/td>\n<\/tr>\n<tr>\n<td rowspan=\"2\" width=\"186\"><em><i>Dispersion<\/i><\/em><\/td>\n<td width=\"95\"><em><i>1550 nm<\/i><\/em><\/td>\n<td width=\"84\"><em><i>ps\/(nm\u00b7km)<\/i><\/em><\/td>\n<td width=\"84\"><em><i>13.3-18.6<\/i><\/em><\/td>\n<td width=\"84\"><em><i>13.3-18.6<\/i><\/em><\/td>\n<td width=\"84\"><em><i>13.3-18.6<\/i><\/em><\/td>\n<td width=\"75\"><em><i>\u3000<\/i><\/em><\/td>\n<\/tr>\n<tr>\n<td width=\"95\"><em><i>1625 nm<\/i><\/em><\/td>\n<td width=\"84\"><em><i>ps\/(nm\u00b7km)<\/i><\/em><\/td>\n<td width=\"84\"><em><i>17.2-23.7<\/i><\/em><\/td>\n<td width=\"84\"><em><i>17.2-23.7<\/i><\/em><\/td>\n<td width=\"84\"><em><i>17.2-23.7<\/i><\/em><\/td>\n<td width=\"75\"><em><i>\u3000<\/i><\/em><\/td>\n<\/tr>\n<tr>\n<td colspan=\"2\" width=\"281\"><em><i>Dispersion du mode de polarisation (PMD)<\/i><\/em><\/td>\n<td width=\"84\"><em><i>ps\/\u221akm<\/i><\/em><\/td>\n<td width=\"84\"><em><i>\u2264<\/i><\/em><em><i>0.2<\/i><\/em><\/td>\n<td width=\"84\"><em><i>\u2264<\/i><\/em><em><i>0.2<\/i><\/em><\/td>\n<td width=\"84\"><em><i>\u2264<\/i><\/em><em><i>0.2<\/i><\/em><\/td>\n<td width=\"75\"><em><i>\u2264<\/i><\/em><em><i>0.2<\/i><\/em><\/td>\n<\/tr>\n<tr>\n<td width=\"186\"><em><i>Longueur d'onde de coupure \u03bbcc<\/i><\/em><\/td>\n<td width=\"95\"><em><i>\u2013<\/i><\/em><\/td>\n<td width=\"84\"><em><i>nm<\/i><\/em><\/td>\n<td width=\"84\"><em><i>\u2264<\/i><\/em><em><i>1260<\/i><\/em><\/td>\n<td width=\"84\"><em><i>\u2264<\/i><\/em><em><i>1260<\/i><\/em><\/td>\n<td width=\"84\"><em><i>\u2264<\/i><\/em><em><i>1260<\/i><\/em><\/td>\n<td width=\"75\"><em><i>\u2264<\/i><\/em><em><i>1260<\/i><\/em><\/td>\n<\/tr>\n<tr>\n<td rowspan=\"2\" width=\"186\"><em><i>Diam\u00e8tre du champ de mode (MFD)<\/i><\/em><\/td>\n<td width=\"95\"><em><i>1310 nm<\/i><\/em><\/td>\n<td width=\"84\"><em><i>\u00b5m<\/i><\/em><\/td>\n<td width=\"84\"><em><i>9,2 \u00b1 0,4<\/i><\/em><\/td>\n<td width=\"84\"><em><i>9,2 \u00b1 0,4<\/i><\/em><\/td>\n<td width=\"84\"><em><i>8,6 \u00b1 0,4<\/i><\/em><\/td>\n<td width=\"75\"><em><i>8,6 \u00b1 0,4<\/i><\/em><\/td>\n<\/tr>\n<tr>\n<td width=\"95\"><em><i>1550 nm<\/i><\/em><\/td>\n<td width=\"84\"><em><i>\u00b5m<\/i><\/em><\/td>\n<td width=\"84\"><em><i>10,4 \u00b1 0,5<\/i><\/em><\/td>\n<td width=\"84\"><em><i>10,4 \u00b1 0,5<\/i><\/em><\/td>\n<td width=\"84\"><em><i>9,6 \u00b1 0,5<\/i><\/em><\/td>\n<td width=\"75\"><em><i>9,6 \u00b1 0,5<\/i><\/em><\/td>\n<\/tr>\n<tr>\n<td rowspan=\"2\" width=\"186\"><em><i>Discontinuit\u00e9 d'att\u00e9nuation<\/i><\/em><\/td>\n<td width=\"95\"><em><i>1310 nm<\/i><\/em><\/td>\n<td width=\"84\"><em><i>dB<\/i><\/em><\/td>\n<td width=\"84\"><em><i>\u2264<\/i><\/em><em><i>0.03<\/i><\/em><\/td>\n<td width=\"84\"><em><i>\u2264<\/i><\/em><em><i>0.03<\/i><\/em><\/td>\n<td width=\"84\"><em><i>\u2264<\/i><\/em><em><i>0.03<\/i><\/em><\/td>\n<td width=\"75\"><em><i>\u2264<\/i><\/em><em><i>0.03<\/i><\/em><\/td>\n<\/tr>\n<tr>\n<td width=\"95\"><em><i>1550 nm<\/i><\/em><\/td>\n<td width=\"84\"><em><i>dB<\/i><\/em><\/td>\n<td width=\"84\"><em><i>\u2264<\/i><\/em><em><i>0.03<\/i><\/em><\/td>\n<td width=\"84\"><em><i>\u2264<\/i><\/em><em><i>0.03<\/i><\/em><\/td>\n<td width=\"84\"><em><i>\u2264<\/i><\/em><em><i>0.03<\/i><\/em><\/td>\n<td width=\"75\"><em><i>\u2264<\/i><\/em><em><i>0.03<\/i><\/em><\/td>\n<\/tr>\n<tr>\n<td rowspan=\"2\" width=\"186\"><em><i>Att\u00e9nuation bidirectionnelle<\/i><\/em><\/td>\n<td width=\"95\"><em><i>1310 nm<\/i><\/em><\/td>\n<td width=\"84\"><em><i>dB\/km<\/i><\/em><\/td>\n<td width=\"84\"><em><i>\u2264<\/i><\/em><em><i>0.04<\/i><\/em><\/td>\n<td width=\"84\"><em><i>\u3000<\/i><\/em><\/td>\n<td width=\"84\"><em><i>\u3000<\/i><\/em><\/td>\n<td width=\"75\"><em><i>\u2264<\/i><\/em><em><i>0.05<\/i><\/em><\/td>\n<\/tr>\n<tr>\n<td width=\"95\"><em><i>1550 nm<\/i><\/em><\/td>\n<td width=\"84\"><em><i>dB\/km<\/i><\/em><\/td>\n<td width=\"84\"><em><i>\u2264<\/i><\/em><em><i>0.04<\/i><\/em><\/td>\n<td width=\"84\"><em><i>\u3000<\/i><\/em><\/td>\n<td width=\"84\"><em><i>\u3000<\/i><\/em><\/td>\n<td width=\"75\"><em><i>\u2264<\/i><\/em><em><i>0.05<\/i><\/em><\/td>\n<\/tr>\n<tr>\n<td colspan=\"3\" width=\"366\"><strong><em><b><i>G\u00e9om\u00e9trique<\/i><\/b><\/em><\/strong><\/td>\n<td colspan=\"4\" width=\"328\"><em><i>\u3000<\/i><\/em><\/td>\n<\/tr>\n<tr>\n<td colspan=\"2\" width=\"281\"><em><i>Diam\u00e8tre du rev\u00eatement<\/i><\/em><\/td>\n<td width=\"84\"><em><i>\u00b5m<\/i><\/em><\/td>\n<td width=\"84\"><em><i>125 \u00b1 0,7<\/i><\/em><\/td>\n<td width=\"84\"><em><i>125 \u00b1 0,7<\/i><\/em><\/td>\n<td width=\"84\"><em><i>125 \u00b1 0,7<\/i><\/em><\/td>\n<td width=\"75\"><em><i>125 \u00b1 0,7<\/i><\/em><\/td>\n<\/tr>\n<tr>\n<td colspan=\"2\" width=\"281\"><em><i>Non-circularit\u00e9 du rev\u00eatement<\/i><\/em><\/td>\n<td width=\"84\"><em><i>%<\/i><\/em><\/td>\n<td width=\"84\"><em><i>\u22641,0<\/i><\/em><\/td>\n<td width=\"84\"><em><i>\u22641,0<\/i><\/em><\/td>\n<td width=\"84\"><em><i>\u22640,8<\/i><\/em><\/td>\n<td width=\"75\"><em><i>\u22640,7<\/i><\/em><\/td>\n<\/tr>\n<tr>\n<td colspan=\"2\" width=\"281\"><em><i>Erreur de concentricit\u00e9 noyau\/gaine<\/i><\/em><\/td>\n<td width=\"84\"><em><i>\u00b5m<\/i><\/em><\/td>\n<td width=\"84\"><em><i>\u22640,6<\/i><\/em><\/td>\n<td width=\"84\"><em><i>\u22640,5<\/i><\/em><\/td>\n<td width=\"84\"><em><i>\u22640,5<\/i><\/em><\/td>\n<td width=\"75\"><em><i>\u22640,5<\/i><\/em><\/td>\n<\/tr>\n<tr>\n<td colspan=\"2\" rowspan=\"2\" width=\"281\"><em><i>Diam\u00e8tre du rev\u00eatement (non color\u00e9)<\/i><\/em><\/td>\n<td width=\"84\"><em><i>\u00b5m<\/i><\/em><\/td>\n<td colspan=\"4\" width=\"328\"><em><i>242 \u00b1 7 (standard)<\/i><\/em><\/td>\n<\/tr>\n<tr>\n<td width=\"84\"><em><i>\u00b5m<\/i><\/em><\/td>\n<td colspan=\"4\" width=\"328\"><em><i>200 \u00b1 10 (facultatif)<\/i><\/em><\/td>\n<\/tr>\n<tr>\n<td colspan=\"2\" width=\"281\"><em><i>Erreur de concentricit\u00e9 du rev\u00eatement\/rev\u00eatement<\/i><\/em><\/td>\n<td width=\"84\"><em><i>\u00b5m<\/i><\/em><\/td>\n<td width=\"84\"><em><i>\u226412<\/i><\/em><\/td>\n<td width=\"84\"><em><i>\u226412<\/i><\/em><\/td>\n<td width=\"84\"><em><i>\u226412<\/i><\/em><\/td>\n<td width=\"75\"><em><i>\u226412<\/i><\/em><\/td>\n<\/tr>\n<tr>\n<td colspan=\"2\" width=\"281\"><em><i>Boucler<\/i><\/em><\/td>\n<td width=\"84\"><em><i>m<\/i><\/em><\/td>\n<td width=\"84\"><em><i>\u22654<\/i><\/em><\/td>\n<td width=\"84\"><em><i>\u22654<\/i><\/em><\/td>\n<td width=\"84\"><em><i>\u22654<\/i><\/em><\/td>\n<td width=\"75\"><em><i>\u22654<\/i><\/em><\/td>\n<\/tr>\n<tr>\n<td colspan=\"3\" width=\"366\"><strong><em><b><i>Environnemental (1 550 nm, 1 625 nm)<\/i><\/b><\/em><\/strong><\/td>\n<td colspan=\"4\" width=\"328\"><em><i>\u3000<\/i><\/em><\/td>\n<\/tr>\n<tr>\n<td width=\"186\"><em><i>Cyclisme de temp\u00e9rature<\/i><\/em><\/td>\n<td width=\"95\"><em><i>-60\u2103 \u00e0 +85\u2103<\/i><\/em><\/td>\n<td width=\"84\"><em><i>dB\/km<\/i><\/em><\/td>\n<td width=\"84\"><em><i>\u22640,03<\/i><\/em><\/td>\n<td width=\"84\"><em><i>\u22640,05<\/i><\/em><\/td>\n<td width=\"84\"><em><i>\u22640,05<\/i><\/em><\/td>\n<td width=\"75\"><em><i>\u22640,05<\/i><\/em><\/td>\n<\/tr>\n<tr>\n<td width=\"186\"><em><i>\u00c9lev\u00e9<\/i><\/em><em><i>\u00a0Temp\u00e9rature &amp;<\/i><\/em><\/p>\n<p><em><i>\u00c9lev\u00e9 <\/i><\/em><em><i>Humidit\u00e9<\/i><\/em><\/td>\n<td width=\"95\"><em><i>85 \u2103, 85% RH, 30 jours<\/i><\/em><\/td>\n<td width=\"84\"><em><i>dB\/km<\/i><\/em><\/td>\n<td width=\"84\"><em><i>\u22640,03<\/i><\/em><\/td>\n<td width=\"84\"><em><i>\u22640,05<\/i><\/em><\/td>\n<td width=\"84\"><em><i>\u22640,05<\/i><\/em><\/td>\n<td width=\"75\"><em><i>\u22640,05<\/i><\/em><\/td>\n<\/tr>\n<tr>\n<td width=\"186\"><em><i>Immersion dans l'eau<\/i><\/em><\/td>\n<td width=\"95\"><em><i>23\u2103, 30 jours<\/i><\/em><\/td>\n<td width=\"84\"><em><i>dB\/km<\/i><\/em><\/td>\n<td width=\"84\"><em><i>\u22640,03<\/i><\/em><\/td>\n<td width=\"84\"><em><i>\u22640,05<\/i><\/em><\/td>\n<td width=\"84\"><em><i>\u22640,05<\/i><\/em><\/td>\n<td width=\"75\"><em><i>\u22640,05<\/i><\/em><\/td>\n<\/tr>\n<tr>\n<td width=\"186\"><em><i>Vieillissement \u00e0 haute temp\u00e9rature<\/i><\/em><\/td>\n<td width=\"95\"><em><i>85 \u2103, 30 jours<\/i><\/em><\/td>\n<td width=\"84\"><em><i>dB\/km<\/i><\/em><\/td>\n<td width=\"84\"><em><i>\u22640,03<\/i><\/em><\/td>\n<td width=\"84\"><em><i>\u22640,05<\/i><\/em><\/td>\n<td width=\"84\"><em><i>\u22640,05<\/i><\/em><\/td>\n<td width=\"75\"><em><i>\u22640,05<\/i><\/em><\/td>\n<\/tr>\n<\/tbody>\n<\/table>","protected":false},"excerpt":{"rendered":"<p>Le c\u00e2ble de d\u00e9rivation SM FTTH 1F 4,5 mm Le c\u00e2ble LSZH \u00e0 double gaine utilise un sous-c\u00e2ble de 2,0 mm de diam\u00e8tre ext\u00e9rieur comme support de communication optique, le sous-c\u00e2ble est envelopp\u00e9 d'une couche de fil d'aramide comme unit\u00e9s de renforcement et le c\u00e2ble est compl\u00e9t\u00e9 par une gaine LSZH.   Normes Conforme \u00e0 la norme GR-409, CEI 60794-2-10\/11, r\u00e9pond aux exigences de l'approbation UL pour OFNR et OFNP.   [\u2026]<\/p>","protected":false},"featured_media":10791,"comment_status":"closed","ping_status":"closed","template":"","meta":{"site-sidebar-layout":"default","site-content-layout":"","ast-site-content-layout":"default","site-content-style":"default","site-sidebar-style":"default","ast-global-header-display":"","ast-banner-title-visibility":"","ast-main-header-display":"","ast-hfb-above-header-display":"","ast-hfb-below-header-display":"","ast-hfb-mobile-header-display":"","site-post-title":"","ast-breadcrumbs-content":"","ast-featured-img":"","footer-sml-layout":"","theme-transparent-header-meta":"default","adv-header-id-meta":"","stick-header-meta":"default","header-above-stick-meta":"","header-main-stick-meta":"","header-below-stick-meta":"","astra-migrate-meta-layouts":"set","ast-page-background-enabled":"default","ast-page-background-meta":{"desktop":{"background-color":"var(--ast-global-color-4)","background-image":"","background-repeat":"repeat","background-position":"center center","background-size":"auto","background-attachment":"scroll","background-type":"","background-media":"","overlay-type":"","overlay-color":"","overlay-gradient":""},"tablet":{"background-color":"","background-image":"","background-repeat":"repeat","background-position":"center center","background-size":"auto","background-attachment":"scroll","background-type":"","background-media":"","overlay-type":"","overlay-color":"","overlay-gradient":""},"mobile":{"background-color":"","background-image":"","background-repeat":"repeat","background-position":"center center","background-size":"auto","background-attachment":"scroll","background-type":"","background-media":"","overlay-type":"","overlay-color":"","overlay-gradient":""}},"ast-content-background-meta":{"desktop":{"background-color":"var(--ast-global-color-5)","background-image":"","background-repeat":"repeat","background-position":"center center","background-size":"auto","background-attachment":"scroll","background-type":"","background-media":"","overlay-type":"","overlay-color":"","overlay-gradient":""},"tablet":{"background-color":"var(--ast-global-color-5)","background-image":"","background-repeat":"repeat","background-position":"center center","background-size":"auto","background-attachment":"scroll","background-type":"","background-media":"","overlay-type":"","overlay-color":"","overlay-gradient":""},"mobile":{"background-color":"var(--ast-global-color-5)","background-image":"","background-repeat":"repeat","background-position":"center center","background-size":"auto","background-attachment":"scroll","background-type":"","background-media":"","overlay-type":"","overlay-color":"","overlay-gradient":""}}},"product_cat":[165,122],"product_tag":[],"class_list":{"0":"post-10789","1":"product","2":"type-product","3":"status-publish","4":"has-post-thumbnail","6":"product_cat-double-sheath-ftth-drop-cable","7":"product_cat-ftth-drop-cable","8":"desktop-align-left","9":"tablet-align-left","10":"mobile-align-left","11":"ast-product-gallery-layout-horizontal-slider","12":"ast-product-tabs-layout-horizontal","14":"first","15":"instock","16":"shipping-taxable","17":"product-type-simple"},"acf":[],"_links":{"self":[{"href":"https:\/\/www.omccable.com\/fr\/wp-json\/wp\/v2\/product\/10789","targetHints":{"allow":["GET"]}}],"collection":[{"href":"https:\/\/www.omccable.com\/fr\/wp-json\/wp\/v2\/product"}],"about":[{"href":"https:\/\/www.omccable.com\/fr\/wp-json\/wp\/v2\/types\/product"}],"replies":[{"embeddable":true,"href":"https:\/\/www.omccable.com\/fr\/wp-json\/wp\/v2\/comments?post=10789"}],"version-history":[{"count":3,"href":"https:\/\/www.omccable.com\/fr\/wp-json\/wp\/v2\/product\/10789\/revisions"}],"predecessor-version":[{"id":11869,"href":"https:\/\/www.omccable.com\/fr\/wp-json\/wp\/v2\/product\/10789\/revisions\/11869"}],"wp:featuredmedia":[{"embeddable":true,"href":"https:\/\/www.omccable.com\/fr\/wp-json\/wp\/v2\/media\/10791"}],"wp:attachment":[{"href":"https:\/\/www.omccable.com\/fr\/wp-json\/wp\/v2\/media?parent=10789"}],"wp:term":[{"taxonomy":"product_cat","embeddable":true,"href":"https:\/\/www.omccable.com\/fr\/wp-json\/wp\/v2\/product_cat?post=10789"},{"taxonomy":"product_tag","embeddable":true,"href":"https:\/\/www.omccable.com\/fr\/wp-json\/wp\/v2\/product_tag?post=10789"}],"curies":[{"name":"wp","href":"https:\/\/api.w.org\/{rel}","templated":true}]}}