{"id":10771,"date":"2024-05-04T14:36:33","date_gmt":"2024-05-04T06:36:33","guid":{"rendered":"https:\/\/www.omccable.com\/?post_type=product&#038;p=10771"},"modified":"2025-07-28T09:52:43","modified_gmt":"2025-07-28T01:52:43","slug":"1f-fig-8-self-supporting-ftth-drop-cable-3-0x5-4mm-2","status":"publish","type":"product","link":"https:\/\/www.omccable.com\/fr\/produit\/1f-fig-8-self-supporting-ftth-drop-cable-3-0x5-4mm-2\/","title":{"rendered":"1F Fig 8 C\u00e2ble de d\u00e9rivation FTTH autoportant 3,0 \u00d7 5,4 mm 2"},"content":{"rendered":"<p>1F Fig 8 Le c\u00e2ble de d\u00e9rivation FTTH autoportant est une sorte de c\u00e2ble de d\u00e9rivation FTTH autoportant pour l'installation a\u00e9rienne. Une section ronde de 3,0 mm de diam\u00e8tre ext\u00e9rieur constitue la partie principale du c\u00e2ble \u00e0 fibre optique. L\u2019\u00e9l\u00e9ment autoportant est un faisceau de fils d\u2019aramide qui offre une r\u00e9sistance \u00e9lev\u00e9e \u00e0 la traction tout en conservant la flexibilit\u00e9 du c\u00e2ble. Il s'agit donc d'un c\u00e2ble FTTH enti\u00e8rement di\u00e9lectrique avec d'excellentes performances de traction pour les solutions de c\u00e2blage FTTH a\u00e9rien.<\/p>\n<p>&nbsp;<\/p>\n<p><strong><b>Param\u00e8tres du c\u00e2ble<\/b><\/strong><\/p>\n<table>\n<tbody>\n<tr>\n<td colspan=\"2\" width=\"346\"><strong><b>Articles<\/b><\/strong><\/td>\n<td width=\"354\"><strong><b>Caract\u00e9ristiques<\/b><\/strong><\/td>\n<\/tr>\n<tr>\n<td colspan=\"2\" width=\"346\">Nombre de fibres<\/td>\n<td width=\"354\">1<\/td>\n<\/tr>\n<tr>\n<td rowspan=\"3\" width=\"169\">Fibre tampon semi-serr\u00e9e<\/td>\n<td width=\"177\">Dimensions<\/td>\n<td width=\"354\">0,87 \u00b1 0,05 mm<\/td>\n<\/tr>\n<tr>\n<td width=\"177\">Mat\u00e9riel<\/td>\n<td width=\"354\">PVC&amp;LSZH<\/td>\n<\/tr>\n<tr>\n<td width=\"177\">Couleur<\/td>\n<td width=\"354\">Bleu<\/td>\n<\/tr>\n<tr>\n<td rowspan=\"3\" width=\"169\">Veste<\/td>\n<td width=\"177\">Dimensions<\/td>\n<td width=\"354\">(2,1 \u00b1 0,1) mm \u00d7 (2,9 \u00b1 0,1) mm \u2014 (5,4 \u00b1 0,15) mm<\/td>\n<\/tr>\n<tr>\n<td width=\"177\">Mat\u00e9riel<\/td>\n<td width=\"354\">LSZH avec protection UV<\/td>\n<\/tr>\n<tr>\n<td width=\"177\">Couleur<\/td>\n<td width=\"354\">Noir<\/td>\n<\/tr>\n<tr>\n<td colspan=\"2\" width=\"346\">Membre de force<\/td>\n<td width=\"354\">Fil d'aramide (1500D*6)<\/td>\n<\/tr>\n<tr>\n<td colspan=\"2\" width=\"346\">Membre autonome<\/td>\n<td width=\"354\">Fil de verre (600D*2+300D*1)<\/td>\n<\/tr>\n<tr>\n<td colspan=\"2\" width=\"346\">Poids du c\u00e2ble<\/td>\n<td width=\"354\">14Kg\/Km environ<\/td>\n<\/tr>\n<\/tbody>\n<\/table>\n<p><strong><b>\u00a0<\/b><\/strong><\/p>\n<p><strong>Caract\u00e9ristiques m\u00e9caniques<\/strong><\/p>\n<table>\n<tbody>\n<tr>\n<td width=\"374\"><strong><b>Articles<\/b><\/strong><\/td>\n<td width=\"132\"><strong><b>Unir<\/b><\/strong><\/td>\n<td width=\"190\"><strong><b>Caract\u00e9ristiques<\/b><\/strong><\/td>\n<\/tr>\n<tr>\n<td width=\"374\">Tension (Long terme)<\/td>\n<td width=\"132\">N<\/td>\n<td width=\"190\">300<\/td>\n<\/tr>\n<tr>\n<td width=\"374\">Tension (court terme)<\/td>\n<td width=\"132\">N<\/td>\n<td width=\"190\">600<\/td>\n<\/tr>\n<tr>\n<td width=\"374\">\u00c9crasement (Long terme)<\/td>\n<td width=\"132\">N\/10cm<\/td>\n<td width=\"190\">100<\/td>\n<\/tr>\n<tr>\n<td width=\"374\">Coup de c\u0153ur (court terme)<\/td>\n<td width=\"132\">N\/10cm<\/td>\n<td width=\"190\">500<\/td>\n<\/tr>\n<tr>\n<td width=\"374\">Min. Rayon de courbure (dynamique)<\/td>\n<td width=\"132\">mm<\/td>\n<td width=\"190\">20D<\/td>\n<\/tr>\n<tr>\n<td width=\"374\">Min. Rayon de courbure (statique)<\/td>\n<td width=\"132\">mm<\/td>\n<td width=\"190\">10D<\/td>\n<\/tr>\n<\/tbody>\n<\/table>\n<p><strong>\u00a0<\/strong><\/p>\n<p><strong>PARAM\u00c8TRES ENVIRONNEMENTAUX<\/strong><\/p>\n<table>\n<tbody>\n<tr>\n<td width=\"198\"><strong>Article<\/strong><\/td>\n<td width=\"226\"><strong>Norme<\/strong><\/td>\n<td width=\"273\"><strong>Sp\u00e9cification<\/strong><\/td>\n<\/tr>\n<tr>\n<td rowspan=\"2\" width=\"198\">Environnemental<\/td>\n<td width=\"226\">CEI-60794-1-22-F5B<\/td>\n<td width=\"273\">Aucune p\u00e9n\u00e9tration d'eau<\/td>\n<\/tr>\n<tr>\n<td width=\"226\">CEI-60794-1-22-F9<\/td>\n<td width=\"273\">\u22640,1dB\/km maximum. changement d'att\u00e9nuation autoris\u00e9<\/td>\n<\/tr>\n<tr>\n<td width=\"198\">Plage de temp\u00e9rature d'application<\/td>\n<td width=\"226\">Plage de temp\u00e9rature d'application \u2103<\/td>\n<td width=\"273\">Fonctionnement :  \u2013 10 \u2103 ~ +70 \u2103<\/p>\n<p>Installation :  -40 \u2103 ~ +70 \u2103<\/p>\n<p>Stockage\/transport :  \u2013 40 \u2103 ~ +70 \u2103<\/td>\n<\/tr>\n<\/tbody>\n<\/table>\n<p>&nbsp;<\/p>\n<p><strong>Candidature<\/strong><\/p>\n<p>Application a\u00e9rienne ext\u00e9rieure<\/p>\n<p>Utilis\u00e9 dans les projets FTTH<\/p>\n<p>Routes optiques \u00e0 grande vitesse dans le b\u00e2timent<\/p>\n<p>Exploitation de r\u00e9seaux optiques haute performance<\/p>\n<p><strong>C\u00e2ble<\/strong><strong>\u00a0Marquage<\/strong><\/p>\n<p><strong>Marque Date de fabrication (AN\/MT)  Mod\u00e8le  Nombre de noyaux  Cat\u00e9gorie  support  Nombre de bobine  M\u00e8tre (xxxxM)<\/strong><\/p>\n<p>&nbsp;<\/p>\n<p>*LE MARQUAGE OEM EST DISPONIBLE, Le marquage peut \u00eatre modifi\u00e9 selon les exigences du client.<\/p>\n<p><strong>\u00a0<\/strong><\/p>\n<p><strong>Type et propri\u00e9t\u00e9s de la fibre optique<\/strong><\/p>\n<table>\n<tbody>\n<tr>\n<td rowspan=\"2\" width=\"107\"><strong><b>Param\u00e8tre<\/b><\/strong><\/td>\n<td rowspan=\"2\" width=\"138\"><strong><b>Conditions<\/b><\/strong><\/td>\n<td rowspan=\"2\" width=\"90\"><strong><b>Unit\u00e9s<\/b><\/strong><\/td>\n<td colspan=\"4\" width=\"344\"><strong><b>Valeur<\/b><\/strong><\/td>\n<\/tr>\n<tr>\n<td width=\"87\"><strong><b>G652D<\/b><\/strong><\/td>\n<td width=\"87\"><strong><b>G657A1<\/b><\/strong><\/td>\n<td width=\"87\"><strong><b>G657A2<\/b><\/strong><\/td>\n<td width=\"80\"><strong><b>G657B3<\/b><\/strong><\/td>\n<\/tr>\n<tr>\n<td colspan=\"3\" width=\"336\"><strong><b>Sp\u00e9cification optique<\/b><\/strong><\/td>\n<td colspan=\"4\" width=\"344\"><\/td>\n<\/tr>\n<tr>\n<td rowspan=\"6\" width=\"107\">Att\u00e9nuation<\/td>\n<td width=\"138\">850 nm<\/td>\n<td width=\"90\">dB\/km<\/td>\n<td width=\"87\">\u2013<\/td>\n<td width=\"87\">\u2013<\/td>\n<td width=\"87\">\u2013<\/td>\n<td width=\"80\">\u2013<\/td>\n<\/tr>\n<tr>\n<td width=\"138\">1300 nm<\/td>\n<td width=\"90\">dB\/km<\/td>\n<td width=\"87\">\u2013<\/td>\n<td width=\"87\">\u2013<\/td>\n<td width=\"87\">\u2013<\/td>\n<td width=\"80\">\u2013<\/td>\n<\/tr>\n<tr>\n<td width=\"138\">1310 nm<\/td>\n<td width=\"90\">dB\/km<\/td>\n<td width=\"87\">\u2264 0,350<\/td>\n<td width=\"87\">\u2264 0,350<\/td>\n<td width=\"87\">\u2264 0,350<\/td>\n<td width=\"80\">\u2264 0,350<\/td>\n<\/tr>\n<tr>\n<td width=\"138\">1383 nm<\/td>\n<td width=\"90\">dB\/km<\/td>\n<td width=\"87\">\u2264 0,330<\/td>\n<td width=\"87\">\u2264 0,350<\/td>\n<td width=\"87\">\u2264 0,350<\/td>\n<td width=\"80\">\u2264 0,350<\/td>\n<\/tr>\n<tr>\n<td width=\"138\">1550 nm<\/td>\n<td width=\"90\">dB\/km<\/td>\n<td width=\"87\">\u2264 0,210<\/td>\n<td width=\"87\">\u2264 0,210<\/td>\n<td width=\"87\">\u2264 0,210<\/td>\n<td width=\"80\">\u2264 0,210<\/td>\n<\/tr>\n<tr>\n<td width=\"138\">1625 nm<\/td>\n<td width=\"90\">dB\/km<\/td>\n<td width=\"87\">\u2264 0,240<\/td>\n<td width=\"87\">\u2264 0,230<\/td>\n<td width=\"87\">\u2264 0,230<\/td>\n<td width=\"80\">\u2264 0,230<\/td>\n<\/tr>\n<tr>\n<td rowspan=\"3\" width=\"107\">Att\u00e9nuation par rapport \u00e0 la longueur d'onde<\/td>\n<td width=\"138\">1310 nm VS. 1 285-1 330 nm<\/td>\n<td width=\"90\">dB\/km<\/td>\n<td width=\"87\">\u2264 0,04<\/td>\n<td width=\"87\">\u2264 0,04<\/td>\n<td width=\"87\">\u2264 0,05<\/td>\n<td width=\"80\">\u2264 0,03<\/td>\n<\/tr>\n<tr>\n<td width=\"138\">1550 nm VS. 1525-1575 nm<\/td>\n<td width=\"90\">dB\/km<\/td>\n<td width=\"87\">\u2264 0,03<\/td>\n<td width=\"87\">\u2264 0,03<\/td>\n<td width=\"87\">\u2264 0,04<\/td>\n<td width=\"80\">\u2264 0,02<\/td>\n<\/tr>\n<tr>\n<td width=\"138\">1550 nm VS. 1 480-1 580 nm<\/td>\n<td width=\"90\">dB\/km<\/td>\n<td width=\"87\">\u2264 0,04<\/td>\n<td width=\"87\">\u2013<\/td>\n<td width=\"87\">\u2013<\/td>\n<td width=\"80\">\u2013<\/td>\n<\/tr>\n<tr>\n<td width=\"107\">Longueur d'onde \u00e0 dispersion nulle<\/td>\n<td rowspan=\"2\" width=\"138\">\\<\/td>\n<td width=\"90\">nm<\/td>\n<td width=\"87\">1300-1324<\/td>\n<td width=\"87\">1300-1324<\/td>\n<td width=\"87\">1300-1324<\/td>\n<td width=\"80\">1300-1324<\/td>\n<\/tr>\n<tr>\n<td width=\"107\">Pente de dispersion nulle<\/td>\n<td width=\"90\">ps\/(nm2\u00b7km)<\/td>\n<td width=\"87\">0.073-0.092<\/td>\n<td width=\"87\">0.073-0.092<\/td>\n<td width=\"87\">0.073-0.092<\/td>\n<td width=\"80\">\u2264 0,092<\/td>\n<\/tr>\n<tr>\n<td rowspan=\"2\" width=\"107\">Dispersion<\/td>\n<td width=\"138\">1550 nm<\/td>\n<td width=\"90\">ps\/(nm\u00b7km)<\/td>\n<td width=\"87\">13.3-18.6<\/td>\n<td width=\"87\">13.3-18.6<\/td>\n<td width=\"87\">13.3-18.6<\/td>\n<td width=\"80\"><\/td>\n<\/tr>\n<tr>\n<td width=\"138\">1625 nm<\/td>\n<td width=\"90\">ps\/(nm\u00b7km)<\/td>\n<td width=\"87\">17.2-23.7<\/td>\n<td width=\"87\">17.2-23.7<\/td>\n<td width=\"87\">17.2-23.7<\/td>\n<td width=\"80\"><\/td>\n<\/tr>\n<tr>\n<td colspan=\"2\" width=\"245\">Dispersion du mode de polarisation (PMD)<\/td>\n<td width=\"90\">ps\/\u221akm<\/td>\n<td width=\"87\">\u22640,2<\/td>\n<td width=\"87\">\u22640,2<\/td>\n<td width=\"87\">\u22640,2<\/td>\n<td width=\"80\">\u22640,2<\/td>\n<\/tr>\n<tr>\n<td width=\"107\">Longueur d'onde de coupure \u03bbcc<\/td>\n<td width=\"138\">\u2013<\/td>\n<td width=\"90\">nm<\/td>\n<td width=\"87\">\u22641260<\/td>\n<td width=\"87\">\u22641260<\/td>\n<td width=\"87\">\u22641260<\/td>\n<td width=\"80\">\u22641260<\/td>\n<\/tr>\n<tr>\n<td rowspan=\"2\" width=\"107\">Diam\u00e8tre du champ de mode (MFD)<\/td>\n<td width=\"138\">1310 nm<\/td>\n<td width=\"90\">\u00b5m<\/td>\n<td width=\"87\">9,2 \u00b1 0,4<\/td>\n<td width=\"87\">9,2 \u00b1 0,4<\/td>\n<td width=\"87\">8,6 \u00b1 0,4<\/td>\n<td width=\"80\">8,6 \u00b1 0,4<\/td>\n<\/tr>\n<tr>\n<td width=\"138\">1550 nm<\/td>\n<td width=\"90\">\u00b5m<\/td>\n<td width=\"87\">10,4 \u00b1 0,5<\/td>\n<td width=\"87\">10,4 \u00b1 0,5<\/td>\n<td width=\"87\">9,6 \u00b1 0,5<\/td>\n<td width=\"80\">9,6 \u00b1 0,5<\/td>\n<\/tr>\n<tr>\n<td rowspan=\"2\" width=\"107\">Discontinuit\u00e9 d'att\u00e9nuation<\/td>\n<td width=\"138\">1310 nm<\/td>\n<td width=\"90\">dB<\/td>\n<td width=\"87\">\u22640,03<\/td>\n<td width=\"87\">\u22640,03<\/td>\n<td width=\"87\">\u22640,03<\/td>\n<td width=\"80\">\u22640,03<\/td>\n<\/tr>\n<tr>\n<td width=\"138\">1550 nm<\/td>\n<td width=\"90\">dB<\/td>\n<td width=\"87\">\u22640,03<\/td>\n<td width=\"87\">\u22640,03<\/td>\n<td width=\"87\">\u22640,03<\/td>\n<td width=\"80\">\u22640,03<\/td>\n<\/tr>\n<tr>\n<td rowspan=\"2\" width=\"107\">Att\u00e9nuation bidirectionnelle<\/td>\n<td width=\"138\">1310 nm<\/td>\n<td width=\"90\">dB\/km<\/td>\n<td width=\"87\">\u22640,04<\/td>\n<td width=\"87\"><\/td>\n<td width=\"87\"><\/td>\n<td width=\"80\">\u22640,05<\/td>\n<\/tr>\n<tr>\n<td width=\"138\">1550 nm<\/td>\n<td width=\"90\">dB\/km<\/td>\n<td width=\"87\">\u22640,04<\/td>\n<td width=\"87\"><\/td>\n<td width=\"87\"><\/td>\n<td width=\"80\">\u22640,05<\/td>\n<\/tr>\n<tr>\n<td colspan=\"3\" width=\"336\"><strong><b>G\u00e9om\u00e9trique<\/b><\/strong><\/td>\n<td colspan=\"4\" width=\"344\"><\/td>\n<\/tr>\n<tr>\n<td colspan=\"2\" width=\"245\">Diam\u00e8tre du rev\u00eatement<\/td>\n<td width=\"90\">\u00b5m<\/td>\n<td width=\"87\">125 \u00b1 0,7<\/td>\n<td width=\"87\">125 \u00b1 0,7<\/td>\n<td width=\"87\">125 \u00b1 0,7<\/td>\n<td width=\"80\">125 \u00b1 0,7<\/td>\n<\/tr>\n<tr>\n<td colspan=\"2\" width=\"245\">Non-circularit\u00e9 du rev\u00eatement<\/td>\n<td width=\"90\">%<\/td>\n<td width=\"87\">\u22641,0<\/td>\n<td width=\"87\">\u22641,0<\/td>\n<td width=\"87\">\u22640,8<\/td>\n<td width=\"80\">\u22640,7<\/td>\n<\/tr>\n<tr>\n<td colspan=\"2\" width=\"245\">Erreur de concentricit\u00e9 noyau\/gaine<\/td>\n<td width=\"90\">\u00b5m<\/td>\n<td width=\"87\">\u22640,6<\/td>\n<td width=\"87\">\u22640,5<\/td>\n<td width=\"87\">\u22640,5<\/td>\n<td width=\"80\">\u22640,5<\/td>\n<\/tr>\n<tr>\n<td colspan=\"2\" rowspan=\"2\" width=\"245\">Diam\u00e8tre du rev\u00eatement (non color\u00e9)<\/td>\n<td width=\"90\">\u00b5m<\/td>\n<td colspan=\"4\" width=\"344\">242 \u00b1 7 (standard)<\/td>\n<\/tr>\n<tr>\n<td width=\"90\">\u00b5m<\/td>\n<td colspan=\"4\" width=\"344\">200 \u00b1 10 (facultatif)<\/td>\n<\/tr>\n<tr>\n<td colspan=\"2\" width=\"245\">Erreur de concentricit\u00e9 du rev\u00eatement\/rev\u00eatement<\/td>\n<td width=\"90\">\u00b5m<\/td>\n<td width=\"87\">\u226412<\/td>\n<td width=\"87\">\u226412<\/td>\n<td width=\"87\">\u226412<\/td>\n<td width=\"80\">\u226412<\/td>\n<\/tr>\n<tr>\n<td colspan=\"2\" width=\"245\">Boucler<\/td>\n<td width=\"90\">m<\/td>\n<td width=\"87\">\u22654<\/td>\n<td width=\"87\">\u22654<\/td>\n<td width=\"87\">\u22654<\/td>\n<td width=\"80\">\u22654<\/td>\n<\/tr>\n<tr>\n<td colspan=\"3\" width=\"336\"><strong><b>Environnemental (1 550 nm, 1 625 nm)<\/b><\/strong><\/td>\n<td colspan=\"4\" width=\"344\"><\/td>\n<\/tr>\n<tr>\n<td width=\"107\">Cyclisme de temp\u00e9rature<\/td>\n<td width=\"138\">-60\u2103 \u00e0 +85\u2103<\/td>\n<td width=\"90\">dB\/km<\/td>\n<td width=\"87\">\u22640,03<\/td>\n<td width=\"87\">\u22640,05<\/td>\n<td width=\"87\">\u22640,05<\/td>\n<td width=\"80\">\u22640,05<\/td>\n<\/tr>\n<tr>\n<td width=\"107\">Haute temp\u00e9rature et<\/p>\n<p>Humidit\u00e9 \u00e9lev\u00e9e<\/td>\n<td width=\"138\">85 \u2103, 85% RH, 30 jours<\/td>\n<td width=\"90\">dB\/km<\/td>\n<td width=\"87\">\u22640,03<\/td>\n<td width=\"87\">\u22640,05<\/td>\n<td width=\"87\">\u22640,05<\/td>\n<td width=\"80\">\u22640,05<\/td>\n<\/tr>\n<tr>\n<td width=\"107\">Immersion dans l'eau<\/td>\n<td width=\"138\">23\u2103, 30 jours<\/td>\n<td width=\"90\">dB\/km<\/td>\n<td width=\"87\">\u22640,03<\/td>\n<td width=\"87\">\u22640,05<\/td>\n<td width=\"87\">\u22640,05<\/td>\n<td width=\"80\">\u22640,05<\/td>\n<\/tr>\n<tr>\n<td width=\"107\">Vieillissement \u00e0 haute temp\u00e9rature<\/td>\n<td width=\"138\">85 \u2103, 30 jours<\/td>\n<td width=\"90\">dB\/km<\/td>\n<td width=\"87\">\u22640,03<\/td>\n<td width=\"87\">\u22640,05<\/td>\n<td width=\"87\">\u22640,05<\/td>\n<td width=\"80\">\u22640,05<\/td>\n<\/tr>\n<\/tbody>\n<\/table>","protected":false},"excerpt":{"rendered":"<p>1F Fig 8 Le c\u00e2ble de d\u00e9rivation FTTH autoportant est une sorte de c\u00e2ble de d\u00e9rivation FTTH autoportant pour l'installation a\u00e9rienne. Une section ronde de 3,0 mm de diam\u00e8tre ext\u00e9rieur constitue la partie principale du c\u00e2ble \u00e0 fibre optique. L\u2019\u00e9l\u00e9ment autoportant est un faisceau de fils d\u2019aramide qui offre une r\u00e9sistance \u00e9lev\u00e9e \u00e0 la traction tout en conservant la flexibilit\u00e9 du c\u00e2ble. C\u2019est donc [\u2026]<\/p>","protected":false},"featured_media":10772,"comment_status":"closed","ping_status":"closed","template":"","meta":{"site-sidebar-layout":"default","site-content-layout":"","ast-site-content-layout":"default","site-content-style":"default","site-sidebar-style":"default","ast-global-header-display":"","ast-banner-title-visibility":"","ast-main-header-display":"","ast-hfb-above-header-display":"","ast-hfb-below-header-display":"","ast-hfb-mobile-header-display":"","site-post-title":"","ast-breadcrumbs-content":"","ast-featured-img":"","footer-sml-layout":"","theme-transparent-header-meta":"default","adv-header-id-meta":"","stick-header-meta":"default","header-above-stick-meta":"","header-main-stick-meta":"","header-below-stick-meta":"","astra-migrate-meta-layouts":"set","ast-page-background-enabled":"default","ast-page-background-meta":{"desktop":{"background-color":"var(--ast-global-color-4)","background-image":"","background-repeat":"repeat","background-position":"center center","background-size":"auto","background-attachment":"scroll","background-type":"","background-media":"","overlay-type":"","overlay-color":"","overlay-gradient":""},"tablet":{"background-color":"","background-image":"","background-repeat":"repeat","background-position":"center center","background-size":"auto","background-attachment":"scroll","background-type":"","background-media":"","overlay-type":"","overlay-color":"","overlay-gradient":""},"mobile":{"background-color":"","background-image":"","background-repeat":"repeat","background-position":"center center","background-size":"auto","background-attachment":"scroll","background-type":"","background-media":"","overlay-type":"","overlay-color":"","overlay-gradient":""}},"ast-content-background-meta":{"desktop":{"background-color":"var(--ast-global-color-5)","background-image":"","background-repeat":"repeat","background-position":"center center","background-size":"auto","background-attachment":"scroll","background-type":"","background-media":"","overlay-type":"","overlay-color":"","overlay-gradient":""},"tablet":{"background-color":"var(--ast-global-color-5)","background-image":"","background-repeat":"repeat","background-position":"center center","background-size":"auto","background-attachment":"scroll","background-type":"","background-media":"","overlay-type":"","overlay-color":"","overlay-gradient":""},"mobile":{"background-color":"var(--ast-global-color-5)","background-image":"","background-repeat":"repeat","background-position":"center center","background-size":"auto","background-attachment":"scroll","background-type":"","background-media":"","overlay-type":"","overlay-color":"","overlay-gradient":""}}},"product_cat":[164,122],"product_tag":[],"class_list":{"0":"post-10771","1":"product","2":"type-product","3":"status-publish","4":"has-post-thumbnail","6":"product_cat-fig-8-aerial-ftth-drop-cable","7":"product_cat-ftth-drop-cable","8":"desktop-align-left","9":"tablet-align-left","10":"mobile-align-left","11":"ast-product-gallery-layout-horizontal-slider","12":"ast-product-tabs-layout-horizontal","14":"first","15":"instock","16":"shipping-taxable","17":"product-type-simple"},"acf":[],"_links":{"self":[{"href":"https:\/\/www.omccable.com\/fr\/wp-json\/wp\/v2\/product\/10771","targetHints":{"allow":["GET"]}}],"collection":[{"href":"https:\/\/www.omccable.com\/fr\/wp-json\/wp\/v2\/product"}],"about":[{"href":"https:\/\/www.omccable.com\/fr\/wp-json\/wp\/v2\/types\/product"}],"replies":[{"embeddable":true,"href":"https:\/\/www.omccable.com\/fr\/wp-json\/wp\/v2\/comments?post=10771"}],"version-history":[{"count":3,"href":"https:\/\/www.omccable.com\/fr\/wp-json\/wp\/v2\/product\/10771\/revisions"}],"predecessor-version":[{"id":13266,"href":"https:\/\/www.omccable.com\/fr\/wp-json\/wp\/v2\/product\/10771\/revisions\/13266"}],"wp:featuredmedia":[{"embeddable":true,"href":"https:\/\/www.omccable.com\/fr\/wp-json\/wp\/v2\/media\/10772"}],"wp:attachment":[{"href":"https:\/\/www.omccable.com\/fr\/wp-json\/wp\/v2\/media?parent=10771"}],"wp:term":[{"taxonomy":"product_cat","embeddable":true,"href":"https:\/\/www.omccable.com\/fr\/wp-json\/wp\/v2\/product_cat?post=10771"},{"taxonomy":"product_tag","embeddable":true,"href":"https:\/\/www.omccable.com\/fr\/wp-json\/wp\/v2\/product_tag?post=10771"}],"curies":[{"name":"wp","href":"https:\/\/api.w.org\/{rel}","templated":true}]}}