{"id":10758,"date":"2024-05-04T14:00:26","date_gmt":"2024-05-04T06:00:26","guid":{"rendered":"https:\/\/www.omccable.com\/?post_type=product&#038;p=10758"},"modified":"2024-07-27T11:21:24","modified_gmt":"2024-07-27T03:21:24","slug":"1f-4f-4-5mm-lszh-ftth-drop-cable-g657a2-1000n","status":"publish","type":"product","link":"https:\/\/www.omccable.com\/fr\/produit\/1f-4f-4-5mm-lszh-ftth-drop-cable-g657a2-1000n\/","title":{"rendered":"C\u00e2ble de d\u00e9rivation LSZH FTTH 1F-4F 4,5 mm G657A2 500N"},"content":{"rendered":"<p>Il s'agit d'un c\u00e2ble souple rond de 4,5 mm utilis\u00e9 pour le projet FTTH.<\/p>\n<p>&nbsp;<\/p>\n<p><strong>Structure et param\u00e8tre du c\u00e2ble<\/strong><\/p>\n<p>Remarque : les dimensions et les valeurs sans tol\u00e9rances sont des valeurs nominales<\/p>\n<table>\n<tbody>\n<tr>\n<td width=\"122\"><strong><b>Article<\/b><\/strong><\/td>\n<td width=\"139\"><strong><b>Sommaire<\/b><\/strong><\/td>\n<td width=\"54\"><strong><b>Unit\u00e9<\/b><\/strong><\/td>\n<td colspan=\"3\" width=\"324\"><strong><b>Valeur<\/b><\/strong><\/td>\n<\/tr>\n<tr>\n<td rowspan=\"3\" width=\"122\">Fibre optique<\/td>\n<td width=\"139\">num\u00e9ro de mod\u00e8le<\/td>\n<td width=\"54\">\/<\/td>\n<td colspan=\"3\" width=\"324\">G657A2<\/td>\n<\/tr>\n<tr>\n<td width=\"139\">num\u00e9ro<\/td>\n<td width=\"54\">\/<\/td>\n<td width=\"147\">1<\/td>\n<td width=\"88\">2<\/td>\n<td width=\"88\">4<\/td>\n<\/tr>\n<tr>\n<td width=\"139\">Couleur<\/td>\n<td width=\"54\">\/<\/td>\n<td colspan=\"3\" width=\"324\">Nature\u3001nature\u3001nature\u3001nature<\/td>\n<\/tr>\n<tr>\n<td rowspan=\"3\" width=\"122\">Tampon serr\u00e9<\/td>\n<td width=\"139\">couleur<\/td>\n<td width=\"54\">\/<\/td>\n<td colspan=\"3\" width=\"324\">Bleu, orange, vert, marron<\/td>\n<\/tr>\n<tr>\n<td width=\"139\">mat\u00e9riel<\/td>\n<td width=\"54\">\/<\/td>\n<td colspan=\"3\" width=\"324\">LSZH<\/td>\n<\/tr>\n<tr>\n<td width=\"139\">diam\u00e8tre<\/td>\n<td width=\"54\">mm<\/td>\n<td colspan=\"3\" width=\"324\">0,9 \u00b1 0,05<\/td>\n<\/tr>\n<tr>\n<td rowspan=\"2\" width=\"122\">Membre de force<\/td>\n<td width=\"139\">Mat\u00e9riel<\/td>\n<td width=\"54\">1<\/td>\n<td colspan=\"3\" width=\"324\">Fil d'aramide<\/td>\n<\/tr>\n<tr>\n<td width=\"139\">Mat\u00e9riel<\/td>\n<td width=\"54\">2<\/td>\n<td colspan=\"3\" width=\"324\">Fil de fibre de verre<\/td>\n<\/tr>\n<tr>\n<td rowspan=\"3\" width=\"122\">Veste ext\u00e9rieure<\/td>\n<td width=\"139\">Diam\u00e8tre<\/td>\n<td width=\"54\">mm<\/td>\n<td colspan=\"3\" width=\"324\">4,5 \u00b1 0,3<\/td>\n<\/tr>\n<tr>\n<td width=\"139\">Mat\u00e9riel<\/td>\n<td width=\"54\">\/<\/td>\n<td colspan=\"3\" width=\"324\">LSZH<\/td>\n<\/tr>\n<tr>\n<td width=\"139\">Couleur<\/td>\n<td width=\"54\">\/<\/td>\n<td colspan=\"3\" width=\"324\">blanc<\/td>\n<\/tr>\n<tr>\n<td colspan=\"2\" width=\"262\">Att\u00e9nuation du c\u00e2ble<\/td>\n<td width=\"54\">dB\/km<\/td>\n<td colspan=\"3\" width=\"324\">\u2266 0,4 \u00e0 1 310 nm, \u2266 0,3 \u00e0 1 550 nm<\/td>\n<\/tr>\n<tr>\n<td colspan=\"2\" width=\"262\">Poids du c\u00e2ble (environ)<\/td>\n<td width=\"54\">kg\/km<\/td>\n<td width=\"147\">21.9<\/td>\n<td width=\"88\">23<\/td>\n<td width=\"88\">25<\/td>\n<\/tr>\n<\/tbody>\n<\/table>\n<p>&nbsp;<\/p>\n<p><strong><b>Type et propri\u00e9t\u00e9s de la fibre optique<\/b><\/strong><\/p>\n<table>\n<tbody>\n<tr>\n<td rowspan=\"2\" width=\"186\"><strong><b>Param\u00e8tre<\/b><\/strong><\/td>\n<td rowspan=\"2\" width=\"95\"><strong><b>Conditions<\/b><\/strong><\/td>\n<td rowspan=\"2\" width=\"84\"><strong><b>Unit\u00e9s<\/b><\/strong><\/td>\n<td colspan=\"4\" width=\"328\"><strong><b>Valeur<\/b><\/strong><\/td>\n<\/tr>\n<tr>\n<td width=\"84\"><strong><b>G652D<\/b><\/strong><\/td>\n<td width=\"84\"><strong><b>G657A1<\/b><\/strong><\/td>\n<td width=\"84\"><strong><b>G657A2<\/b><\/strong><\/td>\n<td width=\"75\"><strong><b>G657B3<\/b><\/strong><\/td>\n<\/tr>\n<tr>\n<td colspan=\"3\" width=\"366\"><strong><b>Sp\u00e9cification optique<\/b><\/strong><\/td>\n<td colspan=\"4\" width=\"328\"><strong><b>\u3000<\/b><\/strong><\/td>\n<\/tr>\n<tr>\n<td rowspan=\"4\" width=\"186\">Att\u00e9nuation<\/td>\n<td width=\"95\">1310 nm<\/td>\n<td width=\"84\">dB\/km<\/td>\n<td width=\"84\">\u22640,350<\/td>\n<td width=\"84\">\u22640,350<\/td>\n<td width=\"84\">\u22640,350<\/td>\n<td width=\"75\">\u22640,350<\/td>\n<\/tr>\n<tr>\n<td width=\"95\">1383 nm<\/td>\n<td width=\"84\">dB\/km<\/td>\n<td width=\"84\">\u22640,330<\/td>\n<td width=\"84\">\u22640,350<\/td>\n<td width=\"84\">\u22640,350<\/td>\n<td width=\"75\">\u22640,350<\/td>\n<\/tr>\n<tr>\n<td width=\"95\">1550 nm<\/td>\n<td width=\"84\">dB\/km<\/td>\n<td width=\"84\">\u22640,210<\/td>\n<td width=\"84\">\u22640,210<\/td>\n<td width=\"84\">\u22640,210<\/td>\n<td width=\"75\">\u22640,210<\/td>\n<\/tr>\n<tr>\n<td width=\"95\">1625 nm<\/td>\n<td width=\"84\">dB\/km<\/td>\n<td width=\"84\">\u22640,240<\/td>\n<td width=\"84\">\u22640,230<\/td>\n<td width=\"84\">\u22640,230<\/td>\n<td width=\"75\">\u22640,230<\/td>\n<\/tr>\n<tr>\n<td rowspan=\"3\" width=\"186\">Att\u00e9nuation par rapport \u00e0 la longueur d'onde<\/td>\n<td width=\"95\">1310 nm VS. 1 285-1 330 nm<\/td>\n<td width=\"84\">dB\/km<\/td>\n<td width=\"84\">\u22640,04<\/td>\n<td width=\"84\">\u22640,04<\/td>\n<td width=\"84\">\u22640,05<\/td>\n<td width=\"75\">\u22640,03<\/td>\n<\/tr>\n<tr>\n<td width=\"95\">1550 nm VS. 1525-1575 nm<\/td>\n<td width=\"84\">dB\/km<\/td>\n<td width=\"84\">\u22640,03<\/td>\n<td width=\"84\">\u22640,03<\/td>\n<td width=\"84\">\u22640,04<\/td>\n<td width=\"75\">\u22640,02<\/td>\n<\/tr>\n<tr>\n<td width=\"95\">1550 nm VS. 1 480-1 580 nm<\/td>\n<td width=\"84\">dB\/km<\/td>\n<td width=\"84\">\u22640,04<\/td>\n<td width=\"84\">\u2013<\/td>\n<td width=\"84\">\u2013<\/td>\n<td width=\"75\">\u2013<\/td>\n<\/tr>\n<tr>\n<td width=\"186\">Longueur d'onde \u00e0 dispersion nulle<\/td>\n<td rowspan=\"2\" width=\"95\">\\<\/td>\n<td width=\"84\">nm<\/td>\n<td width=\"84\">1300-1324<\/td>\n<td width=\"84\">1300-1324<\/td>\n<td width=\"84\">1300-1324<\/td>\n<td width=\"75\">1300-1324<\/td>\n<\/tr>\n<tr>\n<td width=\"186\">Pente de dispersion nulle<\/td>\n<td width=\"84\">ps\/(nm<sup>2<\/sup>\u00b7km)<\/td>\n<td width=\"84\">0.073-0.092<\/td>\n<td width=\"84\">0.073-0.092<\/td>\n<td width=\"84\">0.073-0.092<\/td>\n<td width=\"75\">\u22640,092<\/td>\n<\/tr>\n<tr>\n<td rowspan=\"2\" width=\"186\">Dispersion<\/td>\n<td width=\"95\">1550 nm<\/td>\n<td width=\"84\">ps\/(nm\u00b7km)<\/td>\n<td width=\"84\">13.3-18.6<\/td>\n<td width=\"84\">13.3-18.6<\/td>\n<td width=\"84\">13.3-18.6<\/td>\n<td width=\"75\">&nbsp;<\/td>\n<\/tr>\n<tr>\n<td width=\"95\">1625 nm<\/td>\n<td width=\"84\">ps\/(nm\u00b7km)<\/td>\n<td width=\"84\">17.2-23.7<\/td>\n<td width=\"84\">17.2-23.7<\/td>\n<td width=\"84\">17.2-23.7<\/td>\n<td width=\"75\">&nbsp;<\/td>\n<\/tr>\n<tr>\n<td colspan=\"2\" width=\"281\">Dispersion du mode de polarisation (PMD)<\/td>\n<td width=\"84\">ps\/\u221akm<\/td>\n<td width=\"84\">\u22640,2<\/td>\n<td width=\"84\">\u22640,2<\/td>\n<td width=\"84\">\u22640,2<\/td>\n<td width=\"75\">\u22640,2<\/td>\n<\/tr>\n<tr>\n<td width=\"186\">Longueur d'onde de coupure \u03bbcc<\/td>\n<td width=\"95\">\u2013<\/td>\n<td width=\"84\">nm<\/td>\n<td width=\"84\">\u22641260<\/td>\n<td width=\"84\">\u22641260<\/td>\n<td width=\"84\">\u22641260<\/td>\n<td width=\"75\">\u22641260<\/td>\n<\/tr>\n<tr>\n<td rowspan=\"2\" width=\"186\">Diam\u00e8tre du champ de mode (MFD)<\/td>\n<td width=\"95\">1310 nm<\/td>\n<td width=\"84\">\u00b5m<\/td>\n<td width=\"84\">9,2 \u00b1 0,4<\/td>\n<td width=\"84\">9,2 \u00b1 0,4<\/td>\n<td width=\"84\">8,6 \u00b1 0,4<\/td>\n<td width=\"75\">8,6 \u00b1 0,4<\/td>\n<\/tr>\n<tr>\n<td width=\"95\">1550 nm<\/td>\n<td width=\"84\">\u00b5m<\/td>\n<td width=\"84\">10,4 \u00b1 0,5<\/td>\n<td width=\"84\">10,4 \u00b1 0,5<\/td>\n<td width=\"84\">9,6 \u00b1 0,5<\/td>\n<td width=\"75\">9,6 \u00b1 0,5<\/td>\n<\/tr>\n<tr>\n<td rowspan=\"2\" width=\"186\">Discontinuit\u00e9 d'att\u00e9nuation<\/td>\n<td width=\"95\">1310 nm<\/td>\n<td width=\"84\">dB<\/td>\n<td width=\"84\">\u22640,03<\/td>\n<td width=\"84\">\u22640,03<\/td>\n<td width=\"84\">\u22640,03<\/td>\n<td width=\"75\">\u22640,03<\/td>\n<\/tr>\n<tr>\n<td width=\"95\">1550 nm<\/td>\n<td width=\"84\">dB<\/td>\n<td width=\"84\">\u22640,03<\/td>\n<td width=\"84\">\u22640,03<\/td>\n<td width=\"84\">\u22640,03<\/td>\n<td width=\"75\">\u22640,03<\/td>\n<\/tr>\n<tr>\n<td rowspan=\"2\" width=\"186\">Att\u00e9nuation bidirectionnelle<\/td>\n<td width=\"95\">1310 nm<\/td>\n<td width=\"84\">dB\/km<\/td>\n<td width=\"84\">\u22640,04<\/td>\n<td width=\"84\">&nbsp;<\/td>\n<td width=\"84\">&nbsp;<\/td>\n<td width=\"75\">\u22640,05<\/td>\n<\/tr>\n<tr>\n<td width=\"95\">1550 nm<\/td>\n<td width=\"84\">dB\/km<\/td>\n<td width=\"84\">\u22640,04<\/td>\n<td width=\"84\">&nbsp;<\/td>\n<td width=\"84\">&nbsp;<\/td>\n<td width=\"75\">\u22640,05<\/td>\n<\/tr>\n<tr>\n<td colspan=\"3\" width=\"366\"><strong><b>G\u00e9om\u00e9trique<\/b><\/strong><\/td>\n<td colspan=\"4\" width=\"328\">&nbsp;<\/td>\n<\/tr>\n<tr>\n<td colspan=\"2\" width=\"281\">Diam\u00e8tre du rev\u00eatement<\/td>\n<td width=\"84\">\u00b5m<\/td>\n<td width=\"84\">125 \u00b1 0,7<\/td>\n<td width=\"84\">125 \u00b1 0,7<\/td>\n<td width=\"84\">125 \u00b1 0,7<\/td>\n<td width=\"75\">125 \u00b1 0,7<\/td>\n<\/tr>\n<tr>\n<td colspan=\"2\" width=\"281\">Non-circularit\u00e9 du rev\u00eatement<\/td>\n<td width=\"84\">%<\/td>\n<td width=\"84\">\u22641,0<\/td>\n<td width=\"84\">\u22641,0<\/td>\n<td width=\"84\">\u22640,8<\/td>\n<td width=\"75\">\u22640,7<\/td>\n<\/tr>\n<tr>\n<td colspan=\"2\" width=\"281\">Erreur de concentricit\u00e9 noyau\/gaine<\/td>\n<td width=\"84\">\u00b5m<\/td>\n<td width=\"84\">\u22640,6<\/td>\n<td width=\"84\">\u22640,5<\/td>\n<td width=\"84\">\u22640,5<\/td>\n<td width=\"75\">\u22640,5<\/td>\n<\/tr>\n<tr>\n<td colspan=\"2\" rowspan=\"2\" width=\"281\">Diam\u00e8tre du rev\u00eatement (non color\u00e9)<\/td>\n<td width=\"84\">\u00b5m<\/td>\n<td colspan=\"4\" width=\"328\">242 \u00b1 7 (standard)<\/td>\n<\/tr>\n<tr>\n<td width=\"84\">\u00b5m<\/td>\n<td colspan=\"4\" width=\"328\">200 \u00b1 10 (facultatif)<\/td>\n<\/tr>\n<tr>\n<td colspan=\"2\" width=\"281\">Erreur de concentricit\u00e9 du rev\u00eatement\/rev\u00eatement<\/td>\n<td width=\"84\">\u00b5m<\/td>\n<td width=\"84\">\u226412<\/td>\n<td width=\"84\">\u226412<\/td>\n<td width=\"84\">\u226412<\/td>\n<td width=\"75\">\u226412<\/td>\n<\/tr>\n<tr>\n<td colspan=\"2\" width=\"281\">Boucler<\/td>\n<td width=\"84\">m<\/td>\n<td width=\"84\">\u22654<\/td>\n<td width=\"84\">\u22654<\/td>\n<td width=\"84\">\u22654<\/td>\n<td width=\"75\">\u22654<\/td>\n<\/tr>\n<tr>\n<td colspan=\"3\" width=\"366\"><strong><b>Environnemental (1 550 nm, 1 625 nm)<\/b><\/strong><\/td>\n<td colspan=\"4\" width=\"328\">&nbsp;<\/td>\n<\/tr>\n<tr>\n<td width=\"186\">Cyclisme de temp\u00e9rature<\/td>\n<td width=\"95\">-60\u2103 \u00e0 +85\u2103<\/td>\n<td width=\"84\">dB\/km<\/td>\n<td width=\"84\">\u22640,03<\/td>\n<td width=\"84\">\u22640,05<\/td>\n<td width=\"84\">\u22640,05<\/td>\n<td width=\"75\">\u22640,05<\/td>\n<\/tr>\n<tr>\n<td width=\"186\">Haute temp\u00e9rature et<\/p>\n<p>Humidit\u00e9 \u00e9lev\u00e9e<\/td>\n<td width=\"95\">85 \u2103, 85% RH, 30 jours<\/td>\n<td width=\"84\">dB\/km<\/td>\n<td width=\"84\">\u22640,03<\/td>\n<td width=\"84\">\u22640,05<\/td>\n<td width=\"84\">\u22640,05<\/td>\n<td width=\"75\">\u22640,05<\/td>\n<\/tr>\n<tr>\n<td width=\"186\">Immersion dans l'eau<\/td>\n<td width=\"95\">23\u2103, 30 jours<\/td>\n<td width=\"84\">dB\/km<\/td>\n<td width=\"84\">\u22640,03<\/td>\n<td width=\"84\">\u22640,05<\/td>\n<td width=\"84\">\u22640,05<\/td>\n<td width=\"75\">\u22640,05<\/td>\n<\/tr>\n<tr>\n<td width=\"186\">Vieillissement \u00e0 haute temp\u00e9rature<\/td>\n<td width=\"95\">85 \u2103, 30 jours<\/td>\n<td width=\"84\">dB\/km<\/td>\n<td width=\"84\">\u22640,03<\/td>\n<td width=\"84\">\u22640,05<\/td>\n<td width=\"84\">\u22640,05<\/td>\n<td width=\"75\">\u22640,05<\/td>\n<\/tr>\n<\/tbody>\n<\/table>\n<p>&nbsp;<\/p>\n<p><strong><b>PARAM\u00c8TRES M\u00c9CANIQUES DU C\u00c2BLE<\/b><\/strong><\/p>\n<table>\n<tbody>\n<tr>\n<td width=\"178\"><strong>Article<\/strong><\/td>\n<td width=\"216\"><strong>Sommaire<\/strong><\/td>\n<td width=\"275\"><strong>Valeur<\/strong><\/td>\n<\/tr>\n<tr>\n<td rowspan=\"2\" width=\"178\">Charge de traction<\/td>\n<td width=\"216\">Court terme<\/td>\n<td width=\"275\">Souche de fibre 500N\u22640,33 %<\/td>\n<\/tr>\n<tr>\n<td width=\"216\">\u00c0 long terme<\/td>\n<td width=\"275\">200N<\/td>\n<\/tr>\n<tr>\n<td rowspan=\"2\" width=\"178\">R\u00e9sistance \u00e0 l'\u00e9crasement<\/td>\n<td width=\"216\">Court terme<\/td>\n<td width=\"275\">750<\/td>\n<\/tr>\n<tr>\n<td width=\"216\">\u00c0 long terme<\/td>\n<td width=\"275\">300<\/td>\n<\/tr>\n<tr>\n<td rowspan=\"2\" width=\"178\">Min. rayon de courbure<\/td>\n<td width=\"216\">Installation<\/td>\n<td width=\"275\">25 x diam\u00e8tre du c\u00e2ble<\/td>\n<\/tr>\n<tr>\n<td width=\"216\">Op\u00e9ration<\/td>\n<td width=\"275\">12,5 x diam\u00e8tre du c\u00e2ble<\/td>\n<\/tr>\n<\/tbody>\n<\/table>\n<p><strong>\u00a0<\/strong><\/p>\n<p><strong><b>PARAM\u00c8TRES ENVIRONNEMENTAUX<\/b><\/strong><\/p>\n<table>\n<tbody>\n<tr>\n<td width=\"122\"><strong>Article<\/strong><\/td>\n<td width=\"264\"><strong>Norme<\/strong><\/td>\n<td width=\"289\"><strong>Sp\u00e9cification<\/strong><\/td>\n<\/tr>\n<tr>\n<td rowspan=\"2\" width=\"122\">Environnemental<\/td>\n<td width=\"264\">CEI-60794-1-22-F5B<\/td>\n<td width=\"289\">Aucune p\u00e9n\u00e9tration d'eau<\/td>\n<\/tr>\n<tr>\n<td width=\"264\">CEI-60794-1-22-F9<\/td>\n<td width=\"289\">\u22640,1dB\/km maximum. changement d'att\u00e9nuation autoris\u00e9<\/td>\n<\/tr>\n<tr>\n<td width=\"122\">Plage de temp\u00e9rature d'application<\/td>\n<td width=\"264\">Plage de temp\u00e9rature d'application<\/p>\n<p>\u2103<\/td>\n<td width=\"289\">Fonctionnement :  \u2013 10 \u2103 ~ +70 \u2103<\/p>\n<p>Installation :  -40 \u2103 ~ +70 \u2103<\/p>\n<p>Stockage\/transport :  \u2013 40 \u2103 ~ +70 \u2103<\/td>\n<\/tr>\n<\/tbody>\n<\/table>\n<p><strong>\u00a0<\/strong><\/p>\n<p><strong><b>Candidature<\/b><\/strong><\/p>\n<p>Application a\u00e9rienne ext\u00e9rieure<\/p>\n<p>Utilis\u00e9 dans les projets FTTH<\/p>\n<p>Routes optiques \u00e0 grande vitesse dans le b\u00e2timent<\/p>\n<p>Exploitation de r\u00e9seaux optiques haute performance<\/p>\n<p><strong><b>Bobine<\/b><\/strong><strong><b>\u00a0Caract\u00e9ristiques<\/b><\/strong>: LOT, MARQUE, date de fabrication, sp\u00e9cifications du produit, donn\u00e9es de tests de qualit\u00e9<\/p>","protected":false},"excerpt":{"rendered":"<p>Il s'agit d'un c\u00e2ble souple rond de 4,5 mm utilis\u00e9 pour le projet FTTH.   Structure et param\u00e8tre du c\u00e2ble Remarque : les tailles et les valeurs sans tol\u00e9rances sont des valeurs nominales. Contenu de l'article Valeur unitaire Num\u00e9ro de mod\u00e8le de la fibre optique \/ Num\u00e9ro G657A2 \/ 1 2 4 Couleur \/ Nature\u3001nature\u3001nature\u3001nature Couleur du tampon serr\u00e9 \/ Bleu, orange, vert, mat\u00e9riau marron \/ Diam\u00e8tre LSZH mm [\u2026]<\/p>","protected":false},"featured_media":10760,"comment_status":"closed","ping_status":"closed","template":"","meta":{"site-sidebar-layout":"default","site-content-layout":"","ast-site-content-layout":"default","site-content-style":"default","site-sidebar-style":"default","ast-global-header-display":"","ast-banner-title-visibility":"","ast-main-header-display":"","ast-hfb-above-header-display":"","ast-hfb-below-header-display":"","ast-hfb-mobile-header-display":"","site-post-title":"","ast-breadcrumbs-content":"","ast-featured-img":"","footer-sml-layout":"","theme-transparent-header-meta":"default","adv-header-id-meta":"","stick-header-meta":"default","header-above-stick-meta":"","header-main-stick-meta":"","header-below-stick-meta":"","astra-migrate-meta-layouts":"set","ast-page-background-enabled":"default","ast-page-background-meta":{"desktop":{"background-color":"var(--ast-global-color-4)","background-image":"","background-repeat":"repeat","background-position":"center center","background-size":"auto","background-attachment":"scroll","background-type":"","background-media":"","overlay-type":"","overlay-color":"","overlay-gradient":""},"tablet":{"background-color":"","background-image":"","background-repeat":"repeat","background-position":"center center","background-size":"auto","background-attachment":"scroll","background-type":"","background-media":"","overlay-type":"","overlay-color":"","overlay-gradient":""},"mobile":{"background-color":"","background-image":"","background-repeat":"repeat","background-position":"center center","background-size":"auto","background-attachment":"scroll","background-type":"","background-media":"","overlay-type":"","overlay-color":"","overlay-gradient":""}},"ast-content-background-meta":{"desktop":{"background-color":"var(--ast-global-color-5)","background-image":"","background-repeat":"repeat","background-position":"center center","background-size":"auto","background-attachment":"scroll","background-type":"","background-media":"","overlay-type":"","overlay-color":"","overlay-gradient":""},"tablet":{"background-color":"var(--ast-global-color-5)","background-image":"","background-repeat":"repeat","background-position":"center center","background-size":"auto","background-attachment":"scroll","background-type":"","background-media":"","overlay-type":"","overlay-color":"","overlay-gradient":""},"mobile":{"background-color":"var(--ast-global-color-5)","background-image":"","background-repeat":"repeat","background-position":"center center","background-size":"auto","background-attachment":"scroll","background-type":"","background-media":"","overlay-type":"","overlay-color":"","overlay-gradient":""}}},"product_cat":[122,132],"product_tag":[],"class_list":{"0":"post-10758","1":"product","2":"type-product","3":"status-publish","4":"has-post-thumbnail","6":"product_cat-ftth-drop-cable","7":"product_cat-round-ftth-drop-cable","8":"desktop-align-left","9":"tablet-align-left","10":"mobile-align-left","11":"ast-product-gallery-layout-horizontal-slider","12":"ast-product-tabs-layout-horizontal","14":"first","15":"instock","16":"shipping-taxable","17":"product-type-simple"},"acf":[],"_links":{"self":[{"href":"https:\/\/www.omccable.com\/fr\/wp-json\/wp\/v2\/product\/10758","targetHints":{"allow":["GET"]}}],"collection":[{"href":"https:\/\/www.omccable.com\/fr\/wp-json\/wp\/v2\/product"}],"about":[{"href":"https:\/\/www.omccable.com\/fr\/wp-json\/wp\/v2\/types\/product"}],"replies":[{"embeddable":true,"href":"https:\/\/www.omccable.com\/fr\/wp-json\/wp\/v2\/comments?post=10758"}],"version-history":[{"count":4,"href":"https:\/\/www.omccable.com\/fr\/wp-json\/wp\/v2\/product\/10758\/revisions"}],"predecessor-version":[{"id":11859,"href":"https:\/\/www.omccable.com\/fr\/wp-json\/wp\/v2\/product\/10758\/revisions\/11859"}],"wp:featuredmedia":[{"embeddable":true,"href":"https:\/\/www.omccable.com\/fr\/wp-json\/wp\/v2\/media\/10760"}],"wp:attachment":[{"href":"https:\/\/www.omccable.com\/fr\/wp-json\/wp\/v2\/media?parent=10758"}],"wp:term":[{"taxonomy":"product_cat","embeddable":true,"href":"https:\/\/www.omccable.com\/fr\/wp-json\/wp\/v2\/product_cat?post=10758"},{"taxonomy":"product_tag","embeddable":true,"href":"https:\/\/www.omccable.com\/fr\/wp-json\/wp\/v2\/product_tag?post=10758"}],"curies":[{"name":"wp","href":"https:\/\/api.w.org\/{rel}","templated":true}]}}