{"id":10746,"date":"2024-05-04T10:10:03","date_gmt":"2024-05-04T02:10:03","guid":{"rendered":"https:\/\/www.omccable.com\/?post_type=product&#038;p=10746"},"modified":"2024-12-09T08:57:16","modified_gmt":"2024-12-09T00:57:16","slug":"1f-3-0mm-tpu-ftth-drop-cable-1000n","status":"publish","type":"product","link":"https:\/\/www.omccable.com\/fr\/produit\/1f-3-0mm-tpu-ftth-drop-cable-1000n\/","title":{"rendered":"C\u00e2ble de d\u00e9rivation FTTH TPU 1F 3,0 mm-1000N"},"content":{"rendered":"<p>Il s'agit d'un c\u00e2ble souple rond de 3,0 mm utilis\u00e9 pour le projet FTTH.<\/p>\n<p>&nbsp;<\/p>\n<p><strong>Structure et param\u00e8tre du c\u00e2ble<\/strong><\/p>\n<table>\n<tbody>\n<tr>\n<td width=\"159\"><strong>Article<\/strong><\/td>\n<td width=\"118\"><strong>Sommaire<\/strong><\/td>\n<td width=\"75\"><strong>Unit\u00e9<\/strong><\/td>\n<td width=\"349\"><strong>V<\/strong><strong>valeur<\/strong><\/td>\n<\/tr>\n<tr>\n<td width=\"159\">Fibre optique<\/td>\n<td width=\"118\">Nombre de fibres<\/td>\n<td width=\"75\">\/<\/td>\n<td width=\"349\">1 c\u0153ur (monomode) G657B3<\/td>\n<\/tr>\n<tr>\n<td width=\"159\">Membre de force<\/td>\n<td width=\"118\">Mat\u00e9riel<\/td>\n<td width=\"75\">\/<\/td>\n<td width=\"349\">Fibre d'aramide<\/td>\n<\/tr>\n<tr>\n<td rowspan=\"2\" width=\"159\">Tampon serr\u00e9<\/td>\n<td width=\"118\">Mat\u00e9riel<\/td>\n<td width=\"75\">\/<\/td>\n<td width=\"349\">LSZH Bleu<\/td>\n<\/tr>\n<tr>\n<td width=\"118\">Diam\u00e8tre<\/td>\n<td width=\"75\">mm<\/td>\n<td width=\"349\">0,85 \u00b1 0,05<\/td>\n<\/tr>\n<tr>\n<td rowspan=\"3\" width=\"159\">Veste ext\u00e9rieure<\/td>\n<td width=\"118\">Diam\u00e8tre<\/td>\n<td width=\"75\">mm<\/td>\n<td width=\"349\">3,0 \u00b1 0,2<\/td>\n<\/tr>\n<tr>\n<td width=\"118\">Mat\u00e9riel<\/td>\n<td width=\"75\">\/<\/td>\n<td width=\"349\">TPU<\/td>\n<\/tr>\n<tr>\n<td width=\"118\">Couleur<\/td>\n<td width=\"75\">\/<\/td>\n<td width=\"349\">Noir<\/td>\n<\/tr>\n<tr>\n<td colspan=\"2\" width=\"277\">Att\u00e9nuation du c\u00e2ble<\/td>\n<td width=\"75\">dB\/km<\/td>\n<td width=\"349\">\u2266 0,35 \u00e0 1 310 nm, \u2266 0,21 \u00e0 1 550 nm<\/td>\n<\/tr>\n<tr>\n<td colspan=\"2\" width=\"277\">Poids du c\u00e2ble (environ)<\/td>\n<td width=\"75\">kg\/km<\/td>\n<td width=\"349\">8.2<\/td>\n<\/tr>\n<tr>\n<td colspan=\"2\" width=\"277\">Intervalle de marquage<\/td>\n<td width=\"75\">\/<\/td>\n<td width=\"349\">Tous les 1 m\u00e8tre<\/td>\n<\/tr>\n<tr>\n<td colspan=\"2\" width=\"277\">CONFORMIT\u00c9<\/td>\n<td width=\"75\">\/<\/td>\n<td width=\"349\">UIT-T G.657A2, CEI 60794-1-21 ;<\/p>\n<p>CEI 60794-1-22, M\u00e9thode, F5<\/td>\n<\/tr>\n<tr>\n<td colspan=\"2\" width=\"277\">Min. rayon de courbure (sans messager)<\/td>\n<td width=\"75\">mm<\/td>\n<td width=\"349\">Statique : 30 mm ; Dynamique : 60 mm<\/td>\n<\/tr>\n<tr>\n<td colspan=\"2\" width=\"277\">Dur\u00e9e de vie<\/td>\n<td width=\"75\">Ann\u00e9e<\/td>\n<td width=\"349\">25<\/td>\n<\/tr>\n<\/tbody>\n<\/table>\n<p>Remarque : les dimensions et les valeurs sans tol\u00e9rances sont des valeurs nominales<\/p>\n<p>&nbsp;<\/p>\n<p><strong><b>Type et propri\u00e9t\u00e9s de la fibre optique<\/b><\/strong><\/p>\n<table>\n<tbody>\n<tr>\n<td colspan=\"2\" rowspan=\"2\" width=\"415\"><strong>Article<\/strong><\/td>\n<td rowspan=\"2\" width=\"119\"><strong>Unit\u00e9<\/strong><\/td>\n<td width=\"163\"><strong>Sp\u00e9cification<\/strong><\/td>\n<\/tr>\n<tr>\n<td width=\"163\">G.657B3<\/td>\n<\/tr>\n<tr>\n<td rowspan=\"2\" width=\"317\">Diam\u00e8tre du champ de mode<\/td>\n<td width=\"97\">1310 nm<\/td>\n<td width=\"119\">mm<\/td>\n<td width=\"163\">8,6 \u00b1 0,4<\/td>\n<\/tr>\n<tr>\n<td width=\"97\">1550 nm<\/td>\n<td width=\"119\">mm<\/td>\n<td width=\"163\">9,6 \u00b1 0,5<\/td>\n<\/tr>\n<tr>\n<td colspan=\"2\" width=\"415\">Diam\u00e8tre du bardage<\/td>\n<td width=\"119\">mm<\/td>\n<td width=\"163\">125,0 \u00b1 0,7<\/td>\n<\/tr>\n<tr>\n<td colspan=\"2\" width=\"415\">Non-circularit\u00e9 du rev\u00eatement<\/td>\n<td width=\"119\">%<\/td>\n<td width=\"163\">\u00a31.0<\/td>\n<\/tr>\n<tr>\n<td colspan=\"2\" width=\"415\">Erreur de concentricit\u00e9 du noyau<\/td>\n<td width=\"119\">mm<\/td>\n<td width=\"163\">\u00a30.5<\/td>\n<\/tr>\n<tr>\n<td colspan=\"2\" width=\"415\">Diam\u00e8tre du rev\u00eatement<\/td>\n<td width=\"119\">mm<\/td>\n<td width=\"163\">242 \u00b1 7<\/td>\n<\/tr>\n<tr>\n<td colspan=\"2\" width=\"415\">Erreur de concentricit\u00e9 du rev\u00eatement\/bardage<\/td>\n<td width=\"119\">mm<\/td>\n<td width=\"163\">\u00a312<\/td>\n<\/tr>\n<tr>\n<td colspan=\"2\" width=\"415\">Longueur d'onde de coupure du c\u00e2ble<\/td>\n<td width=\"119\">nm<\/td>\n<td width=\"163\">\u00a3\u00a01260<\/td>\n<\/tr>\n<tr>\n<td colspan=\"2\" width=\"415\">\u03bb Fonctionnement<\/td>\n<td width=\"119\">nm<\/td>\n<td width=\"163\">1270-1610<\/td>\n<\/tr>\n<tr>\n<td rowspan=\"4\" width=\"317\">&nbsp;<\/p>\n<p>Param\u00e8tre de dispersion chromatique<\/td>\n<td width=\"97\">\u03bb0 min<\/td>\n<td width=\"119\">nm<\/td>\n<td width=\"163\">1300<\/td>\n<\/tr>\n<tr>\n<td width=\"97\">\u03bb0 maximum<\/td>\n<td width=\"119\">nm<\/td>\n<td width=\"163\">1324<\/td>\n<\/tr>\n<tr>\n<td width=\"97\">S0 min<\/td>\n<td width=\"119\">ps\/(nm\u00b2xkm)<\/td>\n<td width=\"163\">0.073<\/td>\n<\/tr>\n<tr>\n<td width=\"97\">S0 max<\/td>\n<td width=\"119\">ps\/(nm\u00b2xkm)<\/td>\n<td width=\"163\">0.092<\/td>\n<\/tr>\n<tr>\n<td rowspan=\"2\" width=\"317\">Coefficient d'att\u00e9nuation<\/td>\n<td width=\"97\">1310 nm<\/td>\n<td width=\"119\">dB\/km<\/td>\n<td width=\"163\">\u00a30.35<\/td>\n<\/tr>\n<tr>\n<td width=\"97\">1550 nm<\/td>\n<td width=\"119\">dB\/km<\/td>\n<td width=\"163\">\u00a30.21<\/td>\n<\/tr>\n<tr>\n<td rowspan=\"2\" width=\"317\">Perte de macro-courbure (1 tour, rayon 15 mm)<\/td>\n<td width=\"97\">1550 nm<\/td>\n<td width=\"119\">dB\/km<\/td>\n<td width=\"163\">\u00a30.4<\/td>\n<\/tr>\n<tr>\n<td width=\"97\">1625 nm<\/td>\n<td width=\"119\">dB\/km<\/td>\n<td width=\"163\">\u00a30.8<\/td>\n<\/tr>\n<tr>\n<td colspan=\"2\" width=\"415\">Niveau de contrainte de preuve<\/td>\n<td width=\"119\">kpsi<\/td>\n<td width=\"163\">\u2265100<\/td>\n<\/tr>\n<\/tbody>\n<\/table>\n<p>&nbsp;<\/p>\n<p><strong><b>PARAM\u00c8TRES M\u00c9CANIQUES<\/b><\/strong><\/p>\n<table>\n<tbody>\n<tr>\n<td width=\"362\"><strong><b>Articles<\/b><\/strong><\/td>\n<td width=\"128\"><strong><b>Unir<\/b><\/strong><\/td>\n<td width=\"184\"><strong><b>Caract\u00e9ristiques<\/b><\/strong><\/td>\n<\/tr>\n<tr>\n<td width=\"362\">Tension (Long terme)<\/td>\n<td width=\"128\">N<\/td>\n<td width=\"184\">1000<\/td>\n<\/tr>\n<tr>\n<td width=\"362\">Tension (court terme)<\/td>\n<td width=\"128\">N<\/td>\n<td width=\"184\">500<\/td>\n<\/tr>\n<tr>\n<td width=\"362\">\u00c9crasement (Long terme)<\/td>\n<td width=\"128\">N\/10cm<\/td>\n<td width=\"184\">250<\/td>\n<\/tr>\n<tr>\n<td width=\"362\">Coup de c\u0153ur (court terme)<\/td>\n<td width=\"128\">N\/10cm<\/td>\n<td width=\"184\">500<\/td>\n<\/tr>\n<tr>\n<td width=\"362\">Min. Rayon de courbure (dynamique)<\/td>\n<td width=\"128\">mm<\/td>\n<td width=\"184\">20D<\/td>\n<\/tr>\n<tr>\n<td width=\"362\">Min. Rayon de courbure (statique)<\/td>\n<td width=\"128\">mm<\/td>\n<td width=\"184\">10D<\/td>\n<\/tr>\n<\/tbody>\n<\/table>\n<p><strong>\u00a0<\/strong><\/p>\n<p><strong><b>PARAM\u00c8TRES ENVIRONNEMENTAUX<\/b><\/strong><\/p>\n<table>\n<tbody>\n<tr>\n<td width=\"207\"><strong>Article<\/strong><\/td>\n<td width=\"207\"><strong>Norme<\/strong><\/td>\n<td width=\"283\"><strong>Sp\u00e9cification<\/strong><\/td>\n<\/tr>\n<tr>\n<td rowspan=\"2\" width=\"207\">Environnemental<\/td>\n<td width=\"207\">CEI-60794-1-22-F5B<\/td>\n<td width=\"283\">Aucune p\u00e9n\u00e9tration d'eau<\/td>\n<\/tr>\n<tr>\n<td width=\"207\">CEI-60794-1-22-F9<\/td>\n<td width=\"283\">\u22640,1dB\/km maximum. changement d'att\u00e9nuation autoris\u00e9<\/td>\n<\/tr>\n<tr>\n<td width=\"207\">Plage de temp\u00e9rature d'application<\/td>\n<td width=\"207\">Plage de temp\u00e9rature d'application \u2103<\/td>\n<td width=\"283\">Fonctionnement :  \u2013 10 \u2103 ~ +70 \u2103<\/p>\n<p>Installation :  -40 \u2103 ~ +70 \u2103<\/p>\n<p>Stockage\/transport :  \u2013 40 \u2103 ~ +70 \u2103<\/td>\n<\/tr>\n<\/tbody>\n<\/table>\n<p><strong><b>C\u00e2ble<\/b><\/strong><strong><b>\u00a0Marquage<\/b><\/strong><\/p>\n<p><strong>Marque Date de fabrication (AN\/MT)  Mod\u00e8le  Nombre de noyaux  Cat\u00e9gorie  support  Nombre de bobine  M\u00e8tre (xxxxM)<\/strong><\/p>\n<p><strong>\u00a0<\/strong><\/p>\n<p>*LE MARQUAGE OEM EST DISPONIBLE, Le marquage peut \u00eatre modifi\u00e9 en fonction des exigences du client.<\/p>\n<p><strong>\u00a0<\/strong><\/p>\n<p><strong><b>Candidature<\/b><\/strong><\/p>\n<p>Application a\u00e9rienne ext\u00e9rieure<\/p>\n<p>Utilis\u00e9 dans les projets FTTH<\/p>\n<p>Routes optiques \u00e0 grande vitesse dans le b\u00e2timent<\/p>\n<p>Exploitation de r\u00e9seaux optiques haute performance<\/p>","protected":false},"excerpt":{"rendered":"<p>Il s'agit d'un c\u00e2ble souple rond de 3,0 mm utilis\u00e9 pour le projet FTTH.   Structure et param\u00e8tre du c\u00e2ble Contenu de l'article Valeur unitaire Fibre optique Nombre de fibres \/ 1 c\u0153ur (monomode) G657B3 Mat\u00e9riau de l'\u00e9l\u00e9ment de force \/ Fibre aramide Tampon \u00e9tanche Mat\u00e9riau \/ LSZH Bleu Diam\u00e8tre mm 0,85 \u00b1 0,05 Diam\u00e8tre de la gaine ext\u00e9rieure mm 3,0 \u00b1 0,2 Mat\u00e9riau \/ TPU Couleur \/ Noir Att\u00e9nuation du c\u00e2ble [\u2026]<\/p>","protected":false},"featured_media":10748,"comment_status":"closed","ping_status":"closed","template":"","meta":{"site-sidebar-layout":"default","site-content-layout":"","ast-site-content-layout":"default","site-content-style":"default","site-sidebar-style":"default","ast-global-header-display":"","ast-banner-title-visibility":"","ast-main-header-display":"","ast-hfb-above-header-display":"","ast-hfb-below-header-display":"","ast-hfb-mobile-header-display":"","site-post-title":"","ast-breadcrumbs-content":"","ast-featured-img":"","footer-sml-layout":"","theme-transparent-header-meta":"default","adv-header-id-meta":"","stick-header-meta":"default","header-above-stick-meta":"","header-main-stick-meta":"","header-below-stick-meta":"","astra-migrate-meta-layouts":"set","ast-page-background-enabled":"default","ast-page-background-meta":{"desktop":{"background-color":"var(--ast-global-color-4)","background-image":"","background-repeat":"repeat","background-position":"center center","background-size":"auto","background-attachment":"scroll","background-type":"","background-media":"","overlay-type":"","overlay-color":"","overlay-gradient":""},"tablet":{"background-color":"","background-image":"","background-repeat":"repeat","background-position":"center center","background-size":"auto","background-attachment":"scroll","background-type":"","background-media":"","overlay-type":"","overlay-color":"","overlay-gradient":""},"mobile":{"background-color":"","background-image":"","background-repeat":"repeat","background-position":"center center","background-size":"auto","background-attachment":"scroll","background-type":"","background-media":"","overlay-type":"","overlay-color":"","overlay-gradient":""}},"ast-content-background-meta":{"desktop":{"background-color":"var(--ast-global-color-5)","background-image":"","background-repeat":"repeat","background-position":"center center","background-size":"auto","background-attachment":"scroll","background-type":"","background-media":"","overlay-type":"","overlay-color":"","overlay-gradient":""},"tablet":{"background-color":"var(--ast-global-color-5)","background-image":"","background-repeat":"repeat","background-position":"center center","background-size":"auto","background-attachment":"scroll","background-type":"","background-media":"","overlay-type":"","overlay-color":"","overlay-gradient":""},"mobile":{"background-color":"var(--ast-global-color-5)","background-image":"","background-repeat":"repeat","background-position":"center center","background-size":"auto","background-attachment":"scroll","background-type":"","background-media":"","overlay-type":"","overlay-color":"","overlay-gradient":""}}},"product_cat":[122,132],"product_tag":[],"class_list":{"0":"post-10746","1":"product","2":"type-product","3":"status-publish","4":"has-post-thumbnail","6":"product_cat-ftth-drop-cable","7":"product_cat-round-ftth-drop-cable","8":"desktop-align-left","9":"tablet-align-left","10":"mobile-align-left","11":"ast-product-gallery-layout-horizontal-slider","12":"ast-product-tabs-layout-horizontal","14":"first","15":"instock","16":"shipping-taxable","17":"product-type-simple"},"acf":[],"_links":{"self":[{"href":"https:\/\/www.omccable.com\/fr\/wp-json\/wp\/v2\/product\/10746","targetHints":{"allow":["GET"]}}],"collection":[{"href":"https:\/\/www.omccable.com\/fr\/wp-json\/wp\/v2\/product"}],"about":[{"href":"https:\/\/www.omccable.com\/fr\/wp-json\/wp\/v2\/types\/product"}],"replies":[{"embeddable":true,"href":"https:\/\/www.omccable.com\/fr\/wp-json\/wp\/v2\/comments?post=10746"}],"version-history":[{"count":3,"href":"https:\/\/www.omccable.com\/fr\/wp-json\/wp\/v2\/product\/10746\/revisions"}],"predecessor-version":[{"id":12786,"href":"https:\/\/www.omccable.com\/fr\/wp-json\/wp\/v2\/product\/10746\/revisions\/12786"}],"wp:featuredmedia":[{"embeddable":true,"href":"https:\/\/www.omccable.com\/fr\/wp-json\/wp\/v2\/media\/10748"}],"wp:attachment":[{"href":"https:\/\/www.omccable.com\/fr\/wp-json\/wp\/v2\/media?parent=10746"}],"wp:term":[{"taxonomy":"product_cat","embeddable":true,"href":"https:\/\/www.omccable.com\/fr\/wp-json\/wp\/v2\/product_cat?post=10746"},{"taxonomy":"product_tag","embeddable":true,"href":"https:\/\/www.omccable.com\/fr\/wp-json\/wp\/v2\/product_tag?post=10746"}],"curies":[{"name":"wp","href":"https:\/\/api.w.org\/{rel}","templated":true}]}}