{"id":10717,"date":"2024-04-30T13:25:01","date_gmt":"2024-04-30T05:25:01","guid":{"rendered":"https:\/\/www.omccable.com\/?post_type=product&#038;p=10717"},"modified":"2024-04-30T13:27:20","modified_gmt":"2024-04-30T05:27:20","slug":"10717","status":"publish","type":"product","link":"https:\/\/www.omccable.com\/fr\/produit\/10717\/","title":{"rendered":"C\u00e2ble plat ton\u00e9rable 1-12F 4,0 \u00d7 10,1 mm-tube l\u00e2che"},"content":{"rendered":"<p>Le c\u00e2ble Toneable Flat Drop d'OMC permet une installation et une terminaison FTTx (Fiber-To-The-X) faciles en utilisant le mat\u00e9riel et les m\u00e9thodes existants pour les livraisons vers les maisons et les entreprises. Son profil plat est compatible avec les pinces \u00e0 coin \u00e9conomiques pour les port\u00e9es a\u00e9riennes autoportantes jusqu'\u00e0 300 pieds, en fonction de la charge environnementale. Une version tout di\u00e9lectrique<\/p>\n<p>\u00e9limine le besoin de liaison et de mise \u00e0 la terre. Une version tonique ajoute un conducteur 24 AWG qui offre une capacit\u00e9 de localisation souterraine, attach\u00e9 par une bande pour une s\u00e9paration facile et d\u00e9tachable du c\u00e2ble - l'option la plus populaire pour une installation souterraine et polyvalente.<\/p>\n<p><strong><b>\u00a0<\/b><\/strong><\/p>\n<p><strong><b>Conception \u00e0 double usage :<\/b><\/strong><\/p>\n<ul>\n<li>Le c\u00e2ble complet est utilis\u00e9 comme chute ext\u00e9rieure<\/li>\n<li>La sous-unit\u00e9 int\u00e9rieure est un tube PBTLoose 2,0 mm<\/li>\n<li>c\u00e2ble simplex avec fibre tampon serr\u00e9e de 900 microns<\/li>\n<\/ul>\n<p>&nbsp;<\/p>\n<p><strong><b>Tout di\u00e9lectrique ou tonique<\/b><\/strong><\/p>\n<ul>\n<li>La version enti\u00e8rement di\u00e9lectrique \u00e9limine le besoin de liaison ou de mise \u00e0 la terre<\/li>\n<li>Le fil de tonalit\u00e9 24 AWG en option se s\u00e9pare facilement du c\u00e2ble<\/li>\n<\/ul>\n<p>&nbsp;<\/p>\n<p><strong><b>Technologie de blocage de l'eau s\u00e8che<\/b><\/strong><\/p>\n<ul>\n<li>Permet une pr\u00e9paration et une terminaison rapides des c\u00e2bles<\/li>\n<li>Les mat\u00e9riaux bloquant l'eau s'enl\u00e8vent facilement<\/li>\n<\/ul>\n<p>&nbsp;<\/p>\n<p><strong><b>Conception polyvalente<\/b><\/strong><\/p>\n<ul>\n<li>Le c\u00e2ble ext\u00e9rieur robuste r\u00e9siste aux conditions difficiles de l'installation ext\u00e9rieure<\/li>\n<li>Le c\u00e2ble ext\u00e9rieur se retire facilement pour les segments qui vont \u00e0 l'int\u00e9rieur<\/li>\n<li>La sous-unit\u00e9 Simplex est compacte et homologu\u00e9e UL pour une utilisation en int\u00e9rieur, tampon \u00e9tanche de 900 microns pour une connexion facile<\/li>\n<li>Peut \u00eatre utilis\u00e9 par voie a\u00e9rienne ou dans un conduit<\/li>\n<\/ul>\n<p>&nbsp;<\/p>\n<p><strong><b>Conception d'\u00e9l\u00e9ments \u00e0 double r\u00e9sistance<\/b><\/strong><\/p>\n<ul>\n<li>S'adapte \u00e0 une pince \u00e0 coin standard (pince en P)<\/li>\n<li>Enti\u00e8rement autonome<\/li>\n<li>Une excellente alternative l\u00e0 o\u00f9 les \u00e9l\u00e9ments de renforcement en acier ne sont pas autoris\u00e9s<\/li>\n<\/ul>\n<p>&nbsp;<\/p>\n<p><strong><b>Gaine ext\u00e9rieure en poly\u00e9thyl\u00e8ne de densit\u00e9 moyenne<\/b><\/strong><\/p>\n<ul>\n<li>Installation \u00e0 faible friction<\/li>\n<li>Excellente protection contre les risques environnementaux<\/li>\n<\/ul>\n<p>&nbsp;<\/p>\n<p><strong><b>Marquages \u200b\u200bde gaine<\/b><\/strong><\/p>\n<ul>\n<li>Fournit une identification positive et une v\u00e9rification de la longueur<\/li>\n<li>Impression personnalis\u00e9e disponible<\/li>\n<\/ul>\n<p><strong><b>\u00a0<\/b><\/strong><\/p>\n<p><b><\/b><strong>C\u00e2ble<\/strong><strong>structures<\/strong><strong>\u00a0<\/strong><strong>et<\/strong><strong>\u00a0<\/strong><strong>param\u00e8tre<\/strong><\/p>\n<table>\n<tbody>\n<tr>\n<td width=\"144\"><strong>Article<\/strong><\/td>\n<td width=\"111\"><strong>Sommaire<\/strong><\/td>\n<td width=\"85\"><strong>Unit\u00e9<\/strong><\/td>\n<td width=\"369\"><strong>Valeur<\/strong><\/td>\n<\/tr>\n<tr>\n<td width=\"144\"><strong>\u00a0<\/strong><\/p>\n<p>Fibre optique<\/td>\n<td width=\"111\">num\u00e9ro de mod\u00e8le<\/td>\n<td width=\"85\">\/<\/td>\n<td width=\"369\">G657A1\/G657A2<\/td>\n<\/tr>\n<tr>\n<td width=\"144\"><\/td>\n<td width=\"111\">num\u00e9ro<\/td>\n<td width=\"85\">\/<\/td>\n<td width=\"369\">1<\/td>\n<\/tr>\n<tr>\n<td width=\"144\"><\/td>\n<td width=\"111\">Couleur<\/td>\n<td width=\"85\">\/<\/td>\n<td width=\"369\">bleu<\/td>\n<\/tr>\n<tr>\n<td width=\"144\">Membre de force<\/td>\n<td width=\"111\">Mat\u00e9riel<\/td>\n<td width=\"85\">\/<\/td>\n<td width=\"369\">PRF<\/td>\n<\/tr>\n<tr>\n<td width=\"144\"><\/td>\n<td width=\"111\">Diam\u00e8tre<\/td>\n<td width=\"85\">mm<\/td>\n<td width=\"369\">1.6<\/td>\n<\/tr>\n<tr>\n<td width=\"144\"><strong>\u00a0<\/strong><\/p>\n<p>Tube l\u00e2che<\/td>\n<td width=\"111\">Diam\u00e8tre<\/td>\n<td width=\"85\">mm<\/td>\n<td width=\"369\">2,0 \u00b1 0,1<\/td>\n<\/tr>\n<tr>\n<td width=\"144\"><\/td>\n<td width=\"111\">Mat\u00e9riel<\/td>\n<td width=\"85\">\/<\/td>\n<td width=\"369\">PBT<\/td>\n<\/tr>\n<tr>\n<td width=\"144\"><\/td>\n<td width=\"111\">Couleur<\/td>\n<td width=\"85\">\/<\/td>\n<td width=\"369\">blanc<\/td>\n<\/tr>\n<tr>\n<td width=\"144\"><strong>\u00a0<\/strong><\/p>\n<p>Veste ext\u00e9rieure<\/td>\n<td width=\"111\">Diam\u00e8tre<\/td>\n<td width=\"85\">mm<\/td>\n<td width=\"369\">4,0 \u00b1 0,3 * 10,1 \u00b1 0,5<\/td>\n<\/tr>\n<tr>\n<td width=\"144\"><\/td>\n<td width=\"111\">Mat\u00e9riel<\/td>\n<td width=\"85\">\/<\/td>\n<td width=\"369\">PEHD<\/td>\n<\/tr>\n<tr>\n<td width=\"144\"><\/td>\n<td width=\"111\">Couleur<\/td>\n<td width=\"85\">\/<\/td>\n<td width=\"369\">Noir<\/td>\n<\/tr>\n<tr>\n<td width=\"144\">Cordon de d\u00e9chirure<\/td>\n<td width=\"111\">Mat\u00e9riel<\/td>\n<td width=\"85\">\/<\/td>\n<td width=\"369\">\/<\/td>\n<\/tr>\n<tr>\n<td width=\"144\">fil de support<\/td>\n<td width=\"111\">Mat\u00e9riel<\/td>\n<td width=\"85\">\/<\/td>\n<td width=\"369\">conducteur en cuivre<\/td>\n<\/tr>\n<tr>\n<td width=\"144\"><\/td>\n<td width=\"111\">Diam\u00e8tre<\/td>\n<td width=\"85\"><\/td>\n<td width=\"369\">0.5<\/td>\n<\/tr>\n<tr>\n<td width=\"144\">Performances de traction<\/td>\n<td width=\"111\">Court terme<\/td>\n<td width=\"85\">N<\/td>\n<td width=\"369\">1350N (d\u00e9formation des fibres \u22640,8%)<\/td>\n<\/tr>\n<tr>\n<td width=\"144\"><\/td>\n<td width=\"111\">\u00c0 long terme<\/td>\n<td width=\"85\">N<\/td>\n<td width=\"369\">500<\/td>\n<\/tr>\n<tr>\n<td width=\"144\">\u00c9craser<\/td>\n<td width=\"111\">Court terme<\/td>\n<td width=\"85\">N\/100mm<\/td>\n<td width=\"369\">1000<\/td>\n<\/tr>\n<tr>\n<td width=\"144\"><\/td>\n<td width=\"111\">\u00c0 long terme<\/td>\n<td width=\"85\">N\/100mm<\/td>\n<td width=\"369\">300<\/td>\n<\/tr>\n<tr>\n<td colspan=\"2\" width=\"256\">Att\u00e9nuation du c\u00e2ble<\/td>\n<td width=\"85\">dB\/km<\/td>\n<td width=\"369\">\u2266 0,4 \u00e0 1 310 nm, \u2266 0,3 \u00e0 1 550 nm<\/td>\n<\/tr>\n<tr>\n<td colspan=\"2\" width=\"256\">Poids du c\u00e2ble (environ)<\/td>\n<td width=\"85\">kg\/km<\/td>\n<td width=\"369\">42.3<\/td>\n<\/tr>\n<\/tbody>\n<\/table>","protected":false},"excerpt":{"rendered":"<p>Le c\u00e2ble Toneable Flat Drop d'OMC permet une installation et une terminaison FTTx (Fiber-To-The-X) faciles en utilisant le mat\u00e9riel et les m\u00e9thodes existants pour les livraisons vers les maisons et les entreprises. Son profil plat est compatible avec les pinces \u00e0 coin \u00e9conomiques pour les port\u00e9es a\u00e9riennes autoportantes jusqu'\u00e0 300 pieds, en fonction de la charge environnementale. Une version enti\u00e8rement di\u00e9lectrique \u00e9limine le besoin de liaison et de mise \u00e0 la terre. UN [\u2026]<\/p>","protected":false},"featured_media":10719,"comment_status":"closed","ping_status":"closed","template":"","meta":{"site-sidebar-layout":"default","site-content-layout":"","ast-site-content-layout":"default","site-content-style":"default","site-sidebar-style":"default","ast-global-header-display":"","ast-banner-title-visibility":"","ast-main-header-display":"","ast-hfb-above-header-display":"","ast-hfb-below-header-display":"","ast-hfb-mobile-header-display":"","site-post-title":"","ast-breadcrumbs-content":"","ast-featured-img":"","footer-sml-layout":"","theme-transparent-header-meta":"default","adv-header-id-meta":"","stick-header-meta":"default","header-above-stick-meta":"","header-main-stick-meta":"","header-below-stick-meta":"","astra-migrate-meta-layouts":"set","ast-page-background-enabled":"default","ast-page-background-meta":{"desktop":{"background-color":"var(--ast-global-color-4)","background-image":"","background-repeat":"repeat","background-position":"center center","background-size":"auto","background-attachment":"scroll","background-type":"","background-media":"","overlay-type":"","overlay-color":"","overlay-gradient":""},"tablet":{"background-color":"","background-image":"","background-repeat":"repeat","background-position":"center center","background-size":"auto","background-attachment":"scroll","background-type":"","background-media":"","overlay-type":"","overlay-color":"","overlay-gradient":""},"mobile":{"background-color":"","background-image":"","background-repeat":"repeat","background-position":"center center","background-size":"auto","background-attachment":"scroll","background-type":"","background-media":"","overlay-type":"","overlay-color":"","overlay-gradient":""}},"ast-content-background-meta":{"desktop":{"background-color":"var(--ast-global-color-5)","background-image":"","background-repeat":"repeat","background-position":"center center","background-size":"auto","background-attachment":"scroll","background-type":"","background-media":"","overlay-type":"","overlay-color":"","overlay-gradient":""},"tablet":{"background-color":"var(--ast-global-color-5)","background-image":"","background-repeat":"repeat","background-position":"center center","background-size":"auto","background-attachment":"scroll","background-type":"","background-media":"","overlay-type":"","overlay-color":"","overlay-gradient":""},"mobile":{"background-color":"var(--ast-global-color-5)","background-image":"","background-repeat":"repeat","background-position":"center center","background-size":"auto","background-attachment":"scroll","background-type":"","background-media":"","overlay-type":"","overlay-color":"","overlay-gradient":""}}},"product_cat":[122,133],"product_tag":[],"class_list":{"0":"post-10717","1":"product","2":"type-product","3":"status-publish","4":"has-post-thumbnail","6":"product_cat-ftth-drop-cable","7":"product_cat-toneable-flat-drop-cable","8":"desktop-align-left","9":"tablet-align-left","10":"mobile-align-left","11":"ast-product-gallery-layout-horizontal-slider","12":"ast-product-tabs-layout-horizontal","14":"first","15":"instock","16":"shipping-taxable","17":"product-type-simple"},"acf":[],"_links":{"self":[{"href":"https:\/\/www.omccable.com\/fr\/wp-json\/wp\/v2\/product\/10717","targetHints":{"allow":["GET"]}}],"collection":[{"href":"https:\/\/www.omccable.com\/fr\/wp-json\/wp\/v2\/product"}],"about":[{"href":"https:\/\/www.omccable.com\/fr\/wp-json\/wp\/v2\/types\/product"}],"replies":[{"embeddable":true,"href":"https:\/\/www.omccable.com\/fr\/wp-json\/wp\/v2\/comments?post=10717"}],"version-history":[{"count":3,"href":"https:\/\/www.omccable.com\/fr\/wp-json\/wp\/v2\/product\/10717\/revisions"}],"predecessor-version":[{"id":11783,"href":"https:\/\/www.omccable.com\/fr\/wp-json\/wp\/v2\/product\/10717\/revisions\/11783"}],"wp:featuredmedia":[{"embeddable":true,"href":"https:\/\/www.omccable.com\/fr\/wp-json\/wp\/v2\/media\/10719"}],"wp:attachment":[{"href":"https:\/\/www.omccable.com\/fr\/wp-json\/wp\/v2\/media?parent=10717"}],"wp:term":[{"taxonomy":"product_cat","embeddable":true,"href":"https:\/\/www.omccable.com\/fr\/wp-json\/wp\/v2\/product_cat?post=10717"},{"taxonomy":"product_tag","embeddable":true,"href":"https:\/\/www.omccable.com\/fr\/wp-json\/wp\/v2\/product_tag?post=10717"}],"curies":[{"name":"wp","href":"https:\/\/api.w.org\/{rel}","templated":true}]}}