{"id":10702,"date":"2024-04-30T10:22:44","date_gmt":"2024-04-30T02:22:44","guid":{"rendered":"https:\/\/www.omccable.com\/?post_type=product&#038;p=10702"},"modified":"2024-07-25T11:16:30","modified_gmt":"2024-07-25T03:16:30","slug":"2f-universal-flat-drop-dielectric-cable-3-0mm-unitube","status":"publish","type":"product","link":"https:\/\/www.omccable.com\/fr\/produit\/2f-universal-flat-drop-dielectric-cable-3-0mm-unitube\/","title":{"rendered":"C\u00e2ble de d\u00e9rivation plat FTTH enti\u00e8rement di\u00e9lectrique 2F -4,5 \u00d7 8,0 mm"},"content":{"rendered":"<p><strong><b>C\u00e2ble de d\u00e9rivation plat FTTH enti\u00e8rement di\u00e9lectrique 2F -4,5 \u00d7 8,0 mm <\/b><\/strong>utilise une structure plate papillon, dont l'unit\u00e9 de fibre optique est positionn\u00e9e au centre. Deux \u00e9l\u00e9ments de renforcement parall\u00e8les en plastique renforc\u00e9 de fibres (FRP) sont plac\u00e9s des deux c\u00f4t\u00e9s. Ensuite, le c\u00e2ble est compl\u00e9t\u00e9 par une gaine PE.<\/p>\n<p><strong><b>C\u00e2ble de d\u00e9rivation plat FTTH enti\u00e8rement di\u00e9lectrique<\/b><\/strong>\u00a0a une bande passante beaucoup plus grande pour transporter des donn\u00e9es et est moins sensible aux interf\u00e9rences que les c\u00e2bles \u00e0 fibre optique int\u00e9rieurs courants. Avec des caract\u00e9ristiques de petit diam\u00e8tre, r\u00e9sistantes \u00e0 l\u2019eau, souples et pliables, il est facile \u00e0 d\u00e9ployer et \u00e0 entretenir. De plus, l'\u00e9l\u00e9ment de renfort non m\u00e9tallique peut fournir une protection contre la foudre et des interf\u00e9rences anti-\u00e9lectromagn\u00e9tiques.<\/p>\n<p><strong><b>C\u00e2ble de d\u00e9rivation plat FTTH enti\u00e8rement di\u00e9lectrique<\/b><\/strong>\u00a0sont id\u00e9aux pour le c\u00e2blage int\u00e9rieur, le c\u00e2blage direct des utilisateurs finaux et l'acc\u00e8s au r\u00e9seau.<\/p>\n<p>&nbsp;<\/p>\n<p><strong>Fonctionnalit\u00e9<\/strong><\/p>\n<ul>\n<li>Bonnes performances d'\u00e9tanch\u00e9it\u00e9<\/li>\n<li>La fibre sp\u00e9ciale \u00e0 faible sensibilit\u00e9 aux courbures offre une bande passante \u00e9lev\u00e9e et d'excellentes propri\u00e9t\u00e9s de transmission de communication<\/li>\n<li>Deux \u00e9l\u00e9ments de r\u00e9sistance parall\u00e8les en FRP assurent de bonnes performances de r\u00e9sistance \u00e0 l'\u00e9crasement pour prot\u00e9ger la fibre<\/li>\n<li>Structure simple, l\u00e9g\u00e8ret\u00e9 et grande praticabilit\u00e9<\/li>\n<li>Nouvelle conception de fl\u00fbte, d\u00e9nudage et \u00e9pissure faciles, simplifie l'installation et la maintenance<\/li>\n<li>Gaine \u00e0 faible fum\u00e9e, sans halog\u00e8ne et ignifuge<\/li>\n<\/ul>\n<p>&nbsp;<\/p>\n<p><strong>Sp\u00e9cification du c\u00e2ble<\/strong><strong>:<\/strong><\/p>\n<table>\n<tbody>\n<tr>\n<td width=\"176\"><strong><b>Nombre de fibres <\/b><\/strong><\/td>\n<td colspan=\"2\" width=\"503\">2F<\/td>\n<\/tr>\n<tr>\n<td width=\"176\"><strong><b>Type de fibre<\/b><\/strong><\/td>\n<td colspan=\"2\" width=\"503\">G657A2<\/td>\n<\/tr>\n<tr>\n<td width=\"176\"><strong><b>membre de la force<\/b><\/strong><\/td>\n<td width=\"78\">mat\u00e9riel<\/td>\n<td width=\"425\">\u02781,6 FRP*2<\/td>\n<\/tr>\n<tr>\n<td rowspan=\"3\" width=\"176\"><strong><b>Gaine int\u00e9rieure<\/b><\/strong><\/td>\n<td width=\"78\">mat\u00e9riel<\/td>\n<td width=\"425\">LSZH<\/td>\n<\/tr>\n<tr>\n<td width=\"78\">couleur<\/td>\n<td width=\"425\">Blanc<\/td>\n<\/tr>\n<tr>\n<td width=\"78\">diam\u00e8tre<\/td>\n<td width=\"425\">\u04242,9 \u00b1 0,1 mm<\/td>\n<\/tr>\n<tr>\n<td rowspan=\"3\" width=\"176\"><strong><b>Gaine ext\u00e9rieure<\/b><\/strong><\/td>\n<td width=\"78\">mat\u00e9riel<\/td>\n<td width=\"425\">PE<\/td>\n<\/tr>\n<tr>\n<td width=\"78\">couleur<\/td>\n<td width=\"425\">Noir<\/td>\n<\/tr>\n<tr>\n<td width=\"78\">diam\u00e8tre<\/td>\n<td width=\"425\">(4,5 \u00d7 8,0) \u00b1 0,2 mm<\/td>\n<\/tr>\n<\/tbody>\n<\/table>\n<p>&nbsp;<\/p>\n<p><strong>Principales performances m\u00e9caniques et environnementales<\/strong><\/p>\n<table>\n<tbody>\n<tr>\n<td rowspan=\"2\" width=\"224\"><strong><b>Rayon de courbure minimum (mm)<\/b><\/strong><\/td>\n<td width=\"187\">Long terme<\/td>\n<td width=\"268\">10D<\/td>\n<\/tr>\n<tr>\n<td width=\"187\">Court terme<\/td>\n<td width=\"268\">20D<\/td>\n<\/tr>\n<tr>\n<td rowspan=\"2\" width=\"224\"><strong><b>R\u00e9sistance \u00e0 la traction maximale (N)<\/b><\/strong><\/td>\n<td width=\"187\">Long terme<\/td>\n<td width=\"268\">500<\/td>\n<\/tr>\n<tr>\n<td width=\"187\">Court terme<\/td>\n<td width=\"268\">1350<\/td>\n<\/tr>\n<tr>\n<td width=\"224\"><strong><b>Charge d'\u00e9crasement (N\/100 mm)<\/b><\/strong><\/td>\n<td colspan=\"2\" width=\"455\">Equipe courte 1000 et \u00e9quipe longue 300<\/td>\n<\/tr>\n<tr>\n<td width=\"224\"><strong><b>Temp\u00e9rature de fonctionnement <\/b><\/strong><strong><b>\uff08\u2103\uff09<\/b><\/strong><\/td>\n<td colspan=\"2\" width=\"455\">-40+60<\/td>\n<\/tr>\n<tr>\n<td width=\"224\"><strong><b>Temp\u00e9rature de stockage <\/b><\/strong><strong><b>\uff08\u2103\uff09<\/b><\/strong><\/td>\n<td colspan=\"2\" width=\"455\">-40+60<\/td>\n<\/tr>\n<\/tbody>\n<\/table>\n<p><strong>\u00a0<\/strong><\/p>\n<p><strong>Caract\u00e9ristique des fibres<\/strong><\/p>\n<table>\n<tbody>\n<tr>\n<td rowspan=\"2\" width=\"167\"><strong><b>Param\u00e8tre<\/b><\/strong><\/td>\n<td rowspan=\"2\" width=\"96\"><strong><b>Conditions<\/b><\/strong><\/td>\n<td rowspan=\"2\" width=\"85\"><strong><b>Unit\u00e9s<\/b><\/strong><\/td>\n<td colspan=\"4\" width=\"330\"><strong><b>Valeur<\/b><\/strong><\/td>\n<\/tr>\n<tr>\n<td width=\"85\"><strong><b>G652D<\/b><\/strong><\/td>\n<td width=\"85\"><strong><b>G657A1<\/b><\/strong><\/td>\n<td width=\"85\"><strong><b>G657A2<\/b><\/strong><\/td>\n<td width=\"75\"><strong><b>G657B3<\/b><\/strong><\/td>\n<\/tr>\n<tr>\n<td colspan=\"3\" width=\"349\"><strong><b>Sp\u00e9cification optique<\/b><\/strong><\/td>\n<td colspan=\"4\" width=\"330\"><strong><b>\u3000<\/b><\/strong><\/td>\n<\/tr>\n<tr>\n<td rowspan=\"4\" width=\"167\">Att\u00e9nuation<\/td>\n<td width=\"96\">1310 nm<\/td>\n<td width=\"85\">dB\/km<\/td>\n<td width=\"85\">\u22640,350<\/td>\n<td width=\"85\">\u22640,350<\/td>\n<td width=\"85\">\u22640,350<\/td>\n<td width=\"75\">\u22640,350<\/td>\n<\/tr>\n<tr>\n<td width=\"96\">1383 nm<\/td>\n<td width=\"85\">dB\/km<\/td>\n<td width=\"85\">\u22640,330<\/td>\n<td width=\"85\">\u22640,350<\/td>\n<td width=\"85\">\u22640,350<\/td>\n<td width=\"75\">\u22640,350<\/td>\n<\/tr>\n<tr>\n<td width=\"96\">1550 nm<\/td>\n<td width=\"85\">dB\/km<\/td>\n<td width=\"85\">\u22640,210<\/td>\n<td width=\"85\">\u22640,210<\/td>\n<td width=\"85\">\u22640,210<\/td>\n<td width=\"75\">\u22640,210<\/td>\n<\/tr>\n<tr>\n<td width=\"96\">1625 nm<\/td>\n<td width=\"85\">dB\/km<\/td>\n<td width=\"85\">\u22640,240<\/td>\n<td width=\"85\">\u22640,230<\/td>\n<td width=\"85\">\u22640,230<\/td>\n<td width=\"75\">\u22640,230<\/td>\n<\/tr>\n<tr>\n<td rowspan=\"3\" width=\"167\">Att\u00e9nuation par rapport \u00e0 la longueur d'onde<\/td>\n<td width=\"96\">1310 nm VS. 1 285-1 330 nm<\/td>\n<td width=\"85\">dB\/km<\/td>\n<td width=\"85\">\u22640,04<\/td>\n<td width=\"85\">\u22640,04<\/td>\n<td width=\"85\">\u22640,05<\/td>\n<td width=\"75\">\u22640,03<\/td>\n<\/tr>\n<tr>\n<td width=\"96\">1550 nm VS. 1525-1575 nm<\/td>\n<td width=\"85\">dB\/km<\/td>\n<td width=\"85\">\u22640,03<\/td>\n<td width=\"85\">\u22640,03<\/td>\n<td width=\"85\">\u22640,04<\/td>\n<td width=\"75\">\u22640,02<\/td>\n<\/tr>\n<tr>\n<td width=\"96\">1550 nm VS. 1 480-1 580 nm<\/td>\n<td width=\"85\">dB\/km<\/td>\n<td width=\"85\">\u22640,04<\/td>\n<td width=\"85\">\u2013<\/td>\n<td width=\"85\">\u2013<\/td>\n<td width=\"75\">\u2013<\/td>\n<\/tr>\n<tr>\n<td width=\"167\">Longueur d'onde \u00e0 dispersion nulle<\/td>\n<td rowspan=\"2\" width=\"96\">\\<\/td>\n<td width=\"85\">nm<\/td>\n<td width=\"85\">1300-1324<\/td>\n<td width=\"85\">1300-1324<\/td>\n<td width=\"85\">1300-1324<\/td>\n<td width=\"75\">1300-1324<\/td>\n<\/tr>\n<tr>\n<td width=\"167\">Pente de dispersion nulle<\/td>\n<td width=\"85\">ps\/(nm<sup>2<\/sup>\u00b7km)<\/td>\n<td width=\"85\">0.073-0.092<\/td>\n<td width=\"85\">0.073-0.092<\/td>\n<td width=\"85\">0.073-0.092<\/td>\n<td width=\"75\">\u22640,092<\/td>\n<\/tr>\n<tr>\n<td rowspan=\"2\" width=\"167\">Dispersion<\/td>\n<td width=\"96\">1550 nm<\/td>\n<td width=\"85\">ps\/(nm\u00b7km)<\/td>\n<td width=\"85\">13.3-18.6<\/td>\n<td width=\"85\">13.3-18.6<\/td>\n<td width=\"85\">13.3-18.6<\/td>\n<td width=\"75\">&nbsp;<\/td>\n<\/tr>\n<tr>\n<td width=\"96\">1625 nm<\/td>\n<td width=\"85\">ps\/(nm\u00b7km)<\/td>\n<td width=\"85\">17.2-23.7<\/td>\n<td width=\"85\">17.2-23.7<\/td>\n<td width=\"85\">17.2-23.7<\/td>\n<td width=\"75\">&nbsp;<\/td>\n<\/tr>\n<tr>\n<td colspan=\"2\" width=\"264\">Dispersion du mode de polarisation (PMD)<\/td>\n<td width=\"85\">ps\/\u221akm<\/td>\n<td width=\"85\">\u22640,2<\/td>\n<td width=\"85\">\u22640,2<\/td>\n<td width=\"85\">\u22640,2<\/td>\n<td width=\"75\">\u22640,2<\/td>\n<\/tr>\n<tr>\n<td width=\"167\">Longueur d'onde de coupure \u03bbcc<\/td>\n<td width=\"96\">\u2013<\/td>\n<td width=\"85\">nm<\/td>\n<td width=\"85\">\u22641260<\/td>\n<td width=\"85\">\u22641260<\/td>\n<td width=\"85\">\u22641260<\/td>\n<td width=\"75\">\u22641260<\/td>\n<\/tr>\n<tr>\n<td rowspan=\"2\" width=\"167\">Diam\u00e8tre du champ de mode (MFD)<\/td>\n<td width=\"96\">1310 nm<\/td>\n<td width=\"85\">\u00b5m<\/td>\n<td width=\"85\">9,2 \u00b1 0,4<\/td>\n<td width=\"85\">9,2 \u00b1 0,4<\/td>\n<td width=\"85\">8,6 \u00b1 0,4<\/td>\n<td width=\"75\">8,6 \u00b1 0,4<\/td>\n<\/tr>\n<tr>\n<td width=\"96\">1550 nm<\/td>\n<td width=\"85\">\u00b5m<\/td>\n<td width=\"85\">10,4 \u00b1 0,5<\/td>\n<td width=\"85\">10,4 \u00b1 0,5<\/td>\n<td width=\"85\">9,6 \u00b1 0,5<\/td>\n<td width=\"75\">9,6 \u00b1 0,5<\/td>\n<\/tr>\n<tr>\n<td rowspan=\"2\" width=\"167\">Discontinuit\u00e9 d'att\u00e9nuation<\/td>\n<td width=\"96\">1310 nm<\/td>\n<td width=\"85\">dB<\/td>\n<td width=\"85\">\u22640,03<\/td>\n<td width=\"85\">\u22640,03<\/td>\n<td width=\"85\">\u22640,03<\/td>\n<td width=\"75\">\u22640,03<\/td>\n<\/tr>\n<tr>\n<td width=\"96\">1550 nm<\/td>\n<td width=\"85\">dB<\/td>\n<td width=\"85\">\u22640,03<\/td>\n<td width=\"85\">\u22640,03<\/td>\n<td width=\"85\">\u22640,03<\/td>\n<td width=\"75\">\u22640,03<\/td>\n<\/tr>\n<tr>\n<td rowspan=\"2\" width=\"167\">Att\u00e9nuation bidirectionnelle<\/td>\n<td width=\"96\">1310 nm<\/td>\n<td width=\"85\">dB\/km<\/td>\n<td width=\"85\">\u22640,04<\/td>\n<td width=\"85\">&nbsp;<\/td>\n<td width=\"85\">&nbsp;<\/td>\n<td width=\"75\">\u22640,05<\/td>\n<\/tr>\n<tr>\n<td width=\"96\">1550 nm<\/td>\n<td width=\"85\">dB\/km<\/td>\n<td width=\"85\">\u22640,04<\/td>\n<td width=\"85\">&nbsp;<\/td>\n<td width=\"85\">&nbsp;<\/td>\n<td width=\"75\">\u22640,05<\/td>\n<\/tr>\n<tr>\n<td colspan=\"3\" width=\"349\"><strong><b>G\u00e9om\u00e9trique<\/b><\/strong><\/td>\n<td colspan=\"4\" width=\"330\">&nbsp;<\/td>\n<\/tr>\n<tr>\n<td colspan=\"2\" width=\"264\">Diam\u00e8tre du rev\u00eatement<\/td>\n<td width=\"85\">\u00b5m<\/td>\n<td width=\"85\">125 \u00b1 0,7<\/td>\n<td width=\"85\">125 \u00b1 0,7<\/td>\n<td width=\"85\">125 \u00b1 0,7<\/td>\n<td width=\"75\">125 \u00b1 0,7<\/td>\n<\/tr>\n<tr>\n<td colspan=\"2\" width=\"264\">Non-circularit\u00e9 du rev\u00eatement<\/td>\n<td width=\"85\">%<\/td>\n<td width=\"85\">\u22641,0<\/td>\n<td width=\"85\">\u22641,0<\/td>\n<td width=\"85\">\u22640,8<\/td>\n<td width=\"75\">\u22640,7<\/td>\n<\/tr>\n<tr>\n<td colspan=\"2\" width=\"264\">Erreur de concentricit\u00e9 noyau\/gaine<\/td>\n<td width=\"85\">\u00b5m<\/td>\n<td width=\"85\">\u22640,6<\/td>\n<td width=\"85\">\u22640,5<\/td>\n<td width=\"85\">\u22640,5<\/td>\n<td width=\"75\">\u22640,5<\/td>\n<\/tr>\n<tr>\n<td colspan=\"2\" rowspan=\"2\" width=\"264\">Diam\u00e8tre du rev\u00eatement (non color\u00e9)<\/td>\n<td width=\"85\">\u00b5m<\/td>\n<td colspan=\"4\" width=\"330\">242 \u00b1 7 (standard)<\/td>\n<\/tr>\n<tr>\n<td width=\"85\">\u00b5m<\/td>\n<td colspan=\"4\" width=\"330\">200 \u00b1 10 (facultatif)<\/td>\n<\/tr>\n<tr>\n<td colspan=\"2\" width=\"264\">Erreur de concentricit\u00e9 du rev\u00eatement\/rev\u00eatement<\/td>\n<td width=\"85\">\u00b5m<\/td>\n<td width=\"85\">\u226412<\/td>\n<td width=\"85\">\u226412<\/td>\n<td width=\"85\">\u226412<\/td>\n<td width=\"75\">\u226412<\/td>\n<\/tr>\n<tr>\n<td colspan=\"2\" width=\"264\">Boucler<\/td>\n<td width=\"85\">m<\/td>\n<td width=\"85\">\u22654<\/td>\n<td width=\"85\">\u22654<\/td>\n<td width=\"85\">\u22654<\/td>\n<td width=\"75\">\u22654<\/td>\n<\/tr>\n<tr>\n<td colspan=\"3\" width=\"349\"><strong><b>Environnemental (1 550 nm, 1 625 nm)<\/b><\/strong><\/td>\n<td colspan=\"4\" width=\"330\">&nbsp;<\/td>\n<\/tr>\n<tr>\n<td width=\"167\">Cyclisme de temp\u00e9rature<\/td>\n<td width=\"96\">-60\u2103 \u00e0 +85\u2103<\/td>\n<td width=\"85\">dB\/km<\/td>\n<td width=\"85\">\u22640,03<\/td>\n<td width=\"85\">\u22640,05<\/td>\n<td width=\"85\">\u22640,05<\/td>\n<td width=\"75\">\u22640,05<\/td>\n<\/tr>\n<tr>\n<td width=\"167\">Haute temp\u00e9rature et<\/p>\n<p>Humidit\u00e9 \u00e9lev\u00e9e<\/td>\n<td width=\"96\">85 \u2103, 85% RH, 30 jours<\/td>\n<td width=\"85\">dB\/km<\/td>\n<td width=\"85\">\u22640,03<\/td>\n<td width=\"85\">\u22640,05<\/td>\n<td width=\"85\">\u22640,05<\/td>\n<td width=\"75\">\u22640,05<\/td>\n<\/tr>\n<tr>\n<td width=\"167\">Immersion dans l'eau<\/td>\n<td width=\"96\">23\u2103, 30 jours<\/td>\n<td width=\"85\">dB\/km<\/td>\n<td width=\"85\">\u22640,03<\/td>\n<td width=\"85\">\u22640,05<\/td>\n<td width=\"85\">\u22640,05<\/td>\n<td width=\"75\">\u22640,05<\/td>\n<\/tr>\n<tr>\n<td width=\"167\">Vieillissement \u00e0 haute temp\u00e9rature<\/td>\n<td width=\"96\">85 \u2103, 30 jours<\/td>\n<td width=\"85\">dB\/km<\/td>\n<td width=\"85\">\u22640,03<\/td>\n<td width=\"85\">\u22640,05<\/td>\n<td width=\"85\">\u22640,05<\/td>\n<td width=\"75\">\u22640,05<\/td>\n<\/tr>\n<\/tbody>\n<\/table>\n<p>&nbsp;<\/p>\n<p><strong>Demande :<\/strong><\/p>\n<p>R\u00e9seau d'acc\u00e8s<\/p>\n<p>R\u00e9seau local (LAN)<\/p>\n<p>C\u00e2blage direct des utilisateurs finaux<\/p>\n<p>Syst\u00e8me de communication \u00e0 fibre optique<\/p>\n<p>C\u00e2blage et distribution int\u00e9rieur FTTH (fibre jusqu'au domicile)<\/p>\n<p>&nbsp;<\/p>\n<p><strong>Utilisation id\u00e9ale du c\u00e2ble de d\u00e9rivation FTTH int\u00e9rieur plat Butterfly<\/strong><\/p>\n<p>Le c\u00e2ble de d\u00e9rivation int\u00e9rieur plat Butterfly est largement utilis\u00e9 dans le syst\u00e8me de r\u00e9seau fibre optique domestique (FTTH), qui peut connecter directement la ligne de communication du LAN aux utilisateurs finaux. Le c\u00e2ble plat Butterfly utilise une fibre sp\u00e9ciale \u00e0 faible sensibilit\u00e9 \u00e0 la courbure pour fournir une bande passante \u00e9lev\u00e9e et une excellente transmission de communication. Il est tr\u00e8s appropri\u00e9 pour le c\u00e2blage int\u00e9rieur, le c\u00e2blage direct des utilisateurs finaux et l'acc\u00e8s au r\u00e9seau.<\/p>\n<p><img fetchpriority=\"high\" decoding=\"async\" class=\"alignnone size-full wp-image-11754\" src=\"https:\/\/www.omccable.com\/wp-content\/uploads\/2024\/04\/FTTH-DROP-CABLE.png\" alt=\"FTTH DROP CABLE\" width=\"1100\" height=\"452\" srcset=\"https:\/\/www.omccable.com\/wp-content\/uploads\/2024\/04\/FTTH-DROP-CABLE.png 1100w, https:\/\/www.omccable.com\/wp-content\/uploads\/2024\/04\/FTTH-DROP-CABLE-300x123.png 300w, https:\/\/www.omccable.com\/wp-content\/uploads\/2024\/04\/FTTH-DROP-CABLE-800x329.png 800w, https:\/\/www.omccable.com\/wp-content\/uploads\/2024\/04\/FTTH-DROP-CABLE-768x316.png 768w\" sizes=\"(max-width: 1100px) 100vw, 1100px\" \/><\/p>","protected":false},"excerpt":{"rendered":"<p>Le c\u00e2ble de d\u00e9rivation plat FTTH 2F enti\u00e8rement di\u00e9lectrique -4,5 \u00d7 8,0 mm utilise une structure plate en forme de papillon, dont l'unit\u00e9 de fibre optique est positionn\u00e9e au centre. Deux \u00e9l\u00e9ments de renforcement parall\u00e8les en plastique renforc\u00e9 de fibres (FRP) sont plac\u00e9s des deux c\u00f4t\u00e9s. Ensuite, le c\u00e2ble est compl\u00e9t\u00e9 par une gaine PE. Tous les c\u00e2bles plats di\u00e9lectriques FTTH ont une bande passante beaucoup plus grande pour transporter [\u2026]<\/p>","protected":false},"featured_media":11757,"comment_status":"closed","ping_status":"closed","template":"","meta":{"site-sidebar-layout":"default","site-content-layout":"","ast-site-content-layout":"default","site-content-style":"default","site-sidebar-style":"default","ast-global-header-display":"","ast-banner-title-visibility":"","ast-main-header-display":"","ast-hfb-above-header-display":"","ast-hfb-below-header-display":"","ast-hfb-mobile-header-display":"","site-post-title":"","ast-breadcrumbs-content":"","ast-featured-img":"","footer-sml-layout":"","theme-transparent-header-meta":"default","adv-header-id-meta":"","stick-header-meta":"default","header-above-stick-meta":"","header-main-stick-meta":"","header-below-stick-meta":"","astra-migrate-meta-layouts":"set","ast-page-background-enabled":"default","ast-page-background-meta":{"desktop":{"background-color":"var(--ast-global-color-4)","background-image":"","background-repeat":"repeat","background-position":"center center","background-size":"auto","background-attachment":"scroll","background-type":"","background-media":"","overlay-type":"","overlay-color":"","overlay-gradient":""},"tablet":{"background-color":"","background-image":"","background-repeat":"repeat","background-position":"center center","background-size":"auto","background-attachment":"scroll","background-type":"","background-media":"","overlay-type":"","overlay-color":"","overlay-gradient":""},"mobile":{"background-color":"","background-image":"","background-repeat":"repeat","background-position":"center center","background-size":"auto","background-attachment":"scroll","background-type":"","background-media":"","overlay-type":"","overlay-color":"","overlay-gradient":""}},"ast-content-background-meta":{"desktop":{"background-color":"var(--ast-global-color-5)","background-image":"","background-repeat":"repeat","background-position":"center center","background-size":"auto","background-attachment":"scroll","background-type":"","background-media":"","overlay-type":"","overlay-color":"","overlay-gradient":""},"tablet":{"background-color":"var(--ast-global-color-5)","background-image":"","background-repeat":"repeat","background-position":"center center","background-size":"auto","background-attachment":"scroll","background-type":"","background-media":"","overlay-type":"","overlay-color":"","overlay-gradient":""},"mobile":{"background-color":"var(--ast-global-color-5)","background-image":"","background-repeat":"repeat","background-position":"center center","background-size":"auto","background-attachment":"scroll","background-type":"","background-media":"","overlay-type":"","overlay-color":"","overlay-gradient":""}}},"product_cat":[131,122],"product_tag":[],"class_list":{"0":"post-10702","1":"product","2":"type-product","3":"status-publish","4":"has-post-thumbnail","6":"product_cat-all-dielectric-flat-drop-cable","7":"product_cat-ftth-drop-cable","8":"desktop-align-left","9":"tablet-align-left","10":"mobile-align-left","11":"ast-product-gallery-layout-horizontal-slider","12":"ast-product-tabs-layout-horizontal","14":"first","15":"instock","16":"shipping-taxable","17":"product-type-simple"},"acf":[],"_links":{"self":[{"href":"https:\/\/www.omccable.com\/fr\/wp-json\/wp\/v2\/product\/10702","targetHints":{"allow":["GET"]}}],"collection":[{"href":"https:\/\/www.omccable.com\/fr\/wp-json\/wp\/v2\/product"}],"about":[{"href":"https:\/\/www.omccable.com\/fr\/wp-json\/wp\/v2\/types\/product"}],"replies":[{"embeddable":true,"href":"https:\/\/www.omccable.com\/fr\/wp-json\/wp\/v2\/comments?post=10702"}],"version-history":[{"count":3,"href":"https:\/\/www.omccable.com\/fr\/wp-json\/wp\/v2\/product\/10702\/revisions"}],"predecessor-version":[{"id":11759,"href":"https:\/\/www.omccable.com\/fr\/wp-json\/wp\/v2\/product\/10702\/revisions\/11759"}],"wp:featuredmedia":[{"embeddable":true,"href":"https:\/\/www.omccable.com\/fr\/wp-json\/wp\/v2\/media\/11757"}],"wp:attachment":[{"href":"https:\/\/www.omccable.com\/fr\/wp-json\/wp\/v2\/media?parent=10702"}],"wp:term":[{"taxonomy":"product_cat","embeddable":true,"href":"https:\/\/www.omccable.com\/fr\/wp-json\/wp\/v2\/product_cat?post=10702"},{"taxonomy":"product_tag","embeddable":true,"href":"https:\/\/www.omccable.com\/fr\/wp-json\/wp\/v2\/product_tag?post=10702"}],"curies":[{"name":"wp","href":"https:\/\/api.w.org\/{rel}","templated":true}]}}