{"id":10676,"date":"2024-04-29T14:33:26","date_gmt":"2024-04-29T06:33:26","guid":{"rendered":"https:\/\/www.omccable.com\/?post_type=product&#038;p=10676"},"modified":"2025-07-28T10:30:00","modified_gmt":"2025-07-28T02:30:00","slug":"1-4f-ftth-single-armored-outdoor-drop-cable","status":"publish","type":"product","link":"https:\/\/www.omccable.com\/fr\/produit\/1-4f-ftth-single-armored-outdoor-drop-cable\/","title":{"rendered":"C\u00e2ble de d\u00e9rivation ext\u00e9rieur \u00e0 simple blindage FTTH 1-4F"},"content":{"rendered":"<p>Le c\u00e2ble de d\u00e9rivation pour conduit ext\u00e9rieur FTTH \u00e0 simple blindage, \u00e9galement appel\u00e9 c\u00e2ble \u00e0 fibre optique ou c\u00e2ble \u00e0 fibre souterrain, est g\u00e9n\u00e9ralement mis en \u0153uvre en le pla\u00e7ant \u00e0 l'int\u00e9rieur de conduits souterrains, et le<br \/>\nles conduits sont normalement enterr\u00e9s dans le sol. Pour construire le c\u00e2ble, un c\u00e2ble de d\u00e9rivation int\u00e9rieur FTTH de type arc est plac\u00e9 au milieu du c\u00e2ble. Afin de s'adapter \u00e0 l'installation de conduits souterrains, un ruban bloquant l'eau et un tube blind\u00e9 en aluminium recouvrent le c\u00e2ble de d\u00e9rivation de 2 x 3 mm. Enfin, une gaine en poly\u00e9thyl\u00e8ne (PE) durable est ajout\u00e9e pour cr\u00e9er une section transversale ronde du c\u00e2ble et apporter une protection suppl\u00e9mentaire \u00e0 l'\u00e2me du c\u00e2ble.<\/p>\n<p><strong>\u00a0<\/strong><\/p>\n<p><strong>Fonctionnalit\u00e9 <\/strong><strong>\u00a0<\/strong><\/p>\n<ul>\n<li>Souple et flexible, bonne performance de flexion<\/li>\n<li>Le ruban imperm\u00e9able emp\u00eache la p\u00e9n\u00e9tration de l'eau dans le c\u00e2ble<\/li>\n<li>Le ruban en plastique AL rend le c\u00e2ble r\u00e9sistant \u00e0 l'\u00e9crasement et \u00e0 l'humidit\u00e9<\/li>\n<li>L'\u00e9l\u00e9ment de r\u00e9sistance FRP am\u00e9liore la r\u00e9sistance \u00e0 la traction, la gaine int\u00e9rieure et ext\u00e9rieure ignifuge LSZH a de bonnes performances ignifuges<\/li>\n<li>La fibre sp\u00e9ciale \u00e0 faible sensibilit\u00e9 aux courbures offre une bande passante \u00e9lev\u00e9e et d'excellentes propri\u00e9t\u00e9s de transmission de communication<\/li>\n<li>Structure simple, l\u00e9g\u00e8ret\u00e9 et grande praticabilit\u00e9<\/li>\n<li>Nouvelle conception de fl\u00fbte, d\u00e9nudage et \u00e9pissure faciles, simplifie l'installation et la maintenance<\/li>\n<\/ul>\n<p>&nbsp;<\/p>\n<p><strong>Donn\u00e9es techniques du c\u00e2ble<\/strong><strong>:<\/strong><\/p>\n<table>\n<tbody>\n<tr>\n<td width=\"288\"><strong><b>Nombre de fibres<\/b><\/strong><\/td>\n<td width=\"142\"><strong><b>1F<\/b><\/strong><\/td>\n<td width=\"126\"><strong><b>2F<\/b><\/strong><\/td>\n<td width=\"105\"><strong><b>4F<\/b><\/strong><\/td>\n<\/tr>\n<tr>\n<td width=\"288\">Membre de force 1<\/td>\n<td colspan=\"3\" width=\"374\">GFRP\/KFRP<\/td>\n<\/tr>\n<tr>\n<td><\/td>\n<td colspan=\"3\" width=\"374\">0,5 mm<\/td>\n<\/tr>\n<tr>\n<td width=\"288\">Membre de force 2<\/td>\n<td colspan=\"3\" width=\"374\">Fil GFRP\/KFRP\/acier massif<\/td>\n<\/tr>\n<tr>\n<td><\/td>\n<td width=\"142\">0,5 mm<\/td>\n<td width=\"126\">0,5 mm<\/td>\n<td width=\"105\">0,5 mm<\/td>\n<\/tr>\n<tr>\n<td width=\"288\">Diam\u00e8tre du c\u00e2ble (mm) env.<\/td>\n<td width=\"142\">7,0 \u00b1 0,4 mm<\/td>\n<td width=\"126\">7,0 \u00b1 0,4 mm<\/td>\n<td width=\"105\">7,0 \u00b1 0,4 mm<\/td>\n<\/tr>\n<tr>\n<td width=\"288\">Poids du c\u00e2ble (kg\/km) Environ<\/td>\n<td width=\"142\">40<\/td>\n<td width=\"126\">40<\/td>\n<td width=\"105\">40<\/td>\n<\/tr>\n<tr>\n<td width=\"288\">R\u00e9sistance \u00e0 la traction \u00e0 court\/long terme (N)<\/td>\n<td colspan=\"3\" width=\"374\">1000\/500<\/td>\n<\/tr>\n<tr>\n<td width=\"288\">R\u00e9sistance \u00e0 l'\u00e9crasement court\/long terme (N\/100mm)<\/td>\n<td colspan=\"3\" width=\"374\">1000\/500<\/td>\n<\/tr>\n<tr>\n<td width=\"288\">Plage de temp\u00e9rature de fonctionnement (\u00b0C)<\/td>\n<td colspan=\"3\" width=\"374\">-40\u00b0C ~+70\u00b0C<\/td>\n<\/tr>\n<\/tbody>\n<\/table>\n<p>&nbsp;<\/p>\n<p><strong>Principales performances m\u00e9caniques et environnementales<\/strong><\/p>\n<table>\n<tbody>\n<tr>\n<td width=\"159\"><strong><b>Articles<\/b><\/strong><\/td>\n<td width=\"175\"><strong><b>Norme d'essai<\/b><\/strong><\/td>\n<td width=\"160\"><strong><b>Valeur sp\u00e9cifi\u00e9e<\/b><\/strong><\/td>\n<td width=\"167\"><strong><b>Exigences<\/b><\/strong><\/td>\n<\/tr>\n<tr>\n<td width=\"159\">Tensions<\/td>\n<td width=\"175\">CEI 60794-1-2-E1<\/td>\n<td width=\"160\">Voir Donn\u00e9es techniques<\/td>\n<td width=\"167\">Att\u00e9nuation suppl\u00e9mentaire :<\/p>\n<p>\u22640,4dB apr\u00e8s test<\/td>\n<\/tr>\n<tr>\n<td width=\"159\">\u00c9craser<\/td>\n<td width=\"175\">CEI 60794-1-2-E3<\/td>\n<td width=\"160\">Voir Donn\u00e9es techniques<\/td>\n<td width=\"167\">Att\u00e9nuation suppl\u00e9mentaire :<\/p>\n<p>\u22640,4dB apr\u00e8s test<\/td>\n<\/tr>\n<tr>\n<td width=\"159\">Impact<\/td>\n<td width=\"175\">CEI 60794-1-2-E4<\/td>\n<td width=\"160\">R=300mm, 10Nm,<\/p>\n<p>un sur 3 endroits diff\u00e9rents<\/td>\n<td width=\"167\">Att\u00e9nuation suppl\u00e9mentaire :<\/p>\n<p>\u22640,4dB apr\u00e8s test<\/td>\n<\/tr>\n<tr>\n<td width=\"159\">Flexion r\u00e9p\u00e9t\u00e9e<\/td>\n<td width=\"175\">CEI 60794-1-2-E6<\/td>\n<td width=\"160\">R=30H<\/td>\n<td width=\"167\">Att\u00e9nuation suppl\u00e9mentaire :<\/p>\n<p>\u22640,4dB apr\u00e8s test<\/td>\n<\/tr>\n<tr>\n<td width=\"159\">Cyclisme de temp\u00e9rature<\/td>\n<td width=\"175\">CEI 60794-1-2-F1<\/td>\n<td width=\"160\">-40\u00b0C ~+70\u00b0C<\/td>\n<td width=\"167\">Changement d'att\u00e9nuation :<\/p>\n<p>\u22640,4dB\/km apr\u00e8s test<\/td>\n<\/tr>\n<\/tbody>\n<\/table>\n<p>&nbsp;<\/p>\n<p><strong><b>Param\u00e8tres techniques de la fibre optique-SM<\/b><\/strong><\/p>\n<table>\n<tbody>\n<tr>\n<td rowspan=\"2\" width=\"167\"><strong><b>Param\u00e8tre<\/b><\/strong><\/td>\n<td rowspan=\"2\" width=\"96\"><strong><b>Conditions<\/b><\/strong><\/td>\n<td rowspan=\"2\" width=\"85\"><strong><b>Unit\u00e9s<\/b><\/strong><\/td>\n<td colspan=\"4\" width=\"330\"><strong><b>Valeur<\/b><\/strong><\/td>\n<\/tr>\n<tr>\n<td width=\"85\"><strong><b>G652D<\/b><\/strong><\/td>\n<td width=\"85\"><strong><b>G657A1<\/b><\/strong><\/td>\n<td width=\"85\"><strong><b>G657A2<\/b><\/strong><\/td>\n<td width=\"75\"><strong><b>G657B3<\/b><\/strong><\/td>\n<\/tr>\n<tr>\n<td colspan=\"3\" width=\"349\"><strong><b>Sp\u00e9cification optique<\/b><\/strong><\/td>\n<td colspan=\"4\" width=\"330\"><strong><b>\u3000<\/b><\/strong><\/td>\n<\/tr>\n<tr>\n<td rowspan=\"4\" width=\"167\">Att\u00e9nuation<\/td>\n<td width=\"96\">1310 nm<\/td>\n<td width=\"85\">dB\/km<\/td>\n<td width=\"85\">\u22640,350<\/td>\n<td width=\"85\">\u22640,350<\/td>\n<td width=\"85\">\u22640,350<\/td>\n<td width=\"75\">\u22640,350<\/td>\n<\/tr>\n<tr>\n<td width=\"96\">1383 nm<\/td>\n<td width=\"85\">dB\/km<\/td>\n<td width=\"85\">\u22640,330<\/td>\n<td width=\"85\">\u22640,350<\/td>\n<td width=\"85\">\u22640,350<\/td>\n<td width=\"75\">\u22640,350<\/td>\n<\/tr>\n<tr>\n<td width=\"96\">1550 nm<\/td>\n<td width=\"85\">dB\/km<\/td>\n<td width=\"85\">\u22640,210<\/td>\n<td width=\"85\">\u22640,210<\/td>\n<td width=\"85\">\u22640,210<\/td>\n<td width=\"75\">\u22640,210<\/td>\n<\/tr>\n<tr>\n<td width=\"96\">1625 nm<\/td>\n<td width=\"85\">dB\/km<\/td>\n<td width=\"85\">\u22640,240<\/td>\n<td width=\"85\">\u22640,230<\/td>\n<td width=\"85\">\u22640,230<\/td>\n<td width=\"75\">\u22640,230<\/td>\n<\/tr>\n<tr>\n<td rowspan=\"3\" width=\"167\">Att\u00e9nuation par rapport \u00e0 la longueur d'onde<\/td>\n<td width=\"96\">1310 nm VS. 1 285-1 330 nm<\/td>\n<td width=\"85\">dB\/km<\/td>\n<td width=\"85\">\u22640,04<\/td>\n<td width=\"85\">\u22640,04<\/td>\n<td width=\"85\">\u22640,05<\/td>\n<td width=\"75\">\u22640,03<\/td>\n<\/tr>\n<tr>\n<td width=\"96\">1550 nm VS. 1525-1575 nm<\/td>\n<td width=\"85\">dB\/km<\/td>\n<td width=\"85\">\u22640,03<\/td>\n<td width=\"85\">\u22640,03<\/td>\n<td width=\"85\">\u22640,04<\/td>\n<td width=\"75\">\u22640,02<\/td>\n<\/tr>\n<tr>\n<td width=\"96\">1550 nm VS. 1 480-1 580 nm<\/td>\n<td width=\"85\">dB\/km<\/td>\n<td width=\"85\">\u22640,04<\/td>\n<td width=\"85\">\u2013<\/td>\n<td width=\"85\">\u2013<\/td>\n<td width=\"75\">\u2013<\/td>\n<\/tr>\n<tr>\n<td width=\"167\">Longueur d'onde \u00e0 dispersion nulle<\/td>\n<td rowspan=\"2\" width=\"96\">\\<\/td>\n<td width=\"85\">nm<\/td>\n<td width=\"85\">1300-1324<\/td>\n<td width=\"85\">1300-1324<\/td>\n<td width=\"85\">1300-1324<\/td>\n<td width=\"75\">1300-1324<\/td>\n<\/tr>\n<tr>\n<td width=\"167\">Pente de dispersion nulle<\/td>\n<td width=\"85\">ps\/(nm<sup>2<\/sup>\u00b7km)<\/td>\n<td width=\"85\">0.073-0.092<\/td>\n<td width=\"85\">0.073-0.092<\/td>\n<td width=\"85\">0.073-0.092<\/td>\n<td width=\"75\">\u22640,092<\/td>\n<\/tr>\n<tr>\n<td rowspan=\"2\" width=\"167\">Dispersion<\/td>\n<td width=\"96\">1550 nm<\/td>\n<td width=\"85\">ps\/(nm\u00b7km)<\/td>\n<td width=\"85\">13.3-18.6<\/td>\n<td width=\"85\">13.3-18.6<\/td>\n<td width=\"85\">13.3-18.6<\/td>\n<td width=\"75\"><\/td>\n<\/tr>\n<tr>\n<td width=\"96\">1625 nm<\/td>\n<td width=\"85\">ps\/(nm\u00b7km)<\/td>\n<td width=\"85\">17.2-23.7<\/td>\n<td width=\"85\">17.2-23.7<\/td>\n<td width=\"85\">17.2-23.7<\/td>\n<td width=\"75\"><\/td>\n<\/tr>\n<tr>\n<td colspan=\"2\" width=\"264\">Dispersion du mode de polarisation (PMD)<\/td>\n<td width=\"85\">ps\/\u221akm<\/td>\n<td width=\"85\">\u22640,2<\/td>\n<td width=\"85\">\u22640,2<\/td>\n<td width=\"85\">\u22640,2<\/td>\n<td width=\"75\">\u22640,2<\/td>\n<\/tr>\n<tr>\n<td width=\"167\">Longueur d'onde de coupure \u03bbcc<\/td>\n<td width=\"96\">\u2013<\/td>\n<td width=\"85\">nm<\/td>\n<td width=\"85\">\u22641260<\/td>\n<td width=\"85\">\u22641260<\/td>\n<td width=\"85\">\u22641260<\/td>\n<td width=\"75\">\u22641260<\/td>\n<\/tr>\n<tr>\n<td rowspan=\"2\" width=\"167\">Diam\u00e8tre du champ de mode (MFD)<\/td>\n<td width=\"96\">1310 nm<\/td>\n<td width=\"85\">\u00b5m<\/td>\n<td width=\"85\">9,2 \u00b1 0,4<\/td>\n<td width=\"85\">9,2 \u00b1 0,4<\/td>\n<td width=\"85\">8,6 \u00b1 0,4<\/td>\n<td width=\"75\">8,6 \u00b1 0,4<\/td>\n<\/tr>\n<tr>\n<td width=\"96\">1550 nm<\/td>\n<td width=\"85\">\u00b5m<\/td>\n<td width=\"85\">10,4 \u00b1 0,5<\/td>\n<td width=\"85\">10,4 \u00b1 0,5<\/td>\n<td width=\"85\">9,6 \u00b1 0,5<\/td>\n<td width=\"75\">9,6 \u00b1 0,5<\/td>\n<\/tr>\n<tr>\n<td rowspan=\"2\" width=\"167\">Discontinuit\u00e9 d'att\u00e9nuation<\/td>\n<td width=\"96\">1310 nm<\/td>\n<td width=\"85\">dB<\/td>\n<td width=\"85\">\u22640,03<\/td>\n<td width=\"85\">\u22640,03<\/td>\n<td width=\"85\">\u22640,03<\/td>\n<td width=\"75\">\u22640,03<\/td>\n<\/tr>\n<tr>\n<td width=\"96\">1550 nm<\/td>\n<td width=\"85\">dB<\/td>\n<td width=\"85\">\u22640,03<\/td>\n<td width=\"85\">\u22640,03<\/td>\n<td width=\"85\">\u22640,03<\/td>\n<td width=\"75\">\u22640,03<\/td>\n<\/tr>\n<tr>\n<td rowspan=\"2\" width=\"167\">Att\u00e9nuation bidirectionnelle<\/td>\n<td width=\"96\">1310 nm<\/td>\n<td width=\"85\">dB\/km<\/td>\n<td width=\"85\">\u22640,04<\/td>\n<td width=\"85\"><\/td>\n<td width=\"85\"><\/td>\n<td width=\"75\">\u22640,05<\/td>\n<\/tr>\n<tr>\n<td width=\"96\">1550 nm<\/td>\n<td width=\"85\">dB\/km<\/td>\n<td width=\"85\">\u22640,04<\/td>\n<td width=\"85\"><\/td>\n<td width=\"85\"><\/td>\n<td width=\"75\">\u22640,05<\/td>\n<\/tr>\n<tr>\n<td colspan=\"3\" width=\"349\"><strong><b>G\u00e9om\u00e9trique<\/b><\/strong><\/td>\n<td colspan=\"4\" width=\"330\"><\/td>\n<\/tr>\n<tr>\n<td colspan=\"2\" width=\"264\">Diam\u00e8tre du rev\u00eatement<\/td>\n<td width=\"85\">\u00b5m<\/td>\n<td width=\"85\">125 \u00b1 0,7<\/td>\n<td width=\"85\">125 \u00b1 0,7<\/td>\n<td width=\"85\">125 \u00b1 0,7<\/td>\n<td width=\"75\">125 \u00b1 0,7<\/td>\n<\/tr>\n<tr>\n<td colspan=\"2\" width=\"264\">Non-circularit\u00e9 du rev\u00eatement<\/td>\n<td width=\"85\">%<\/td>\n<td width=\"85\">\u22641,0<\/td>\n<td width=\"85\">\u22641,0<\/td>\n<td width=\"85\">\u22640,8<\/td>\n<td width=\"75\">\u22640,7<\/td>\n<\/tr>\n<tr>\n<td colspan=\"2\" width=\"264\">Erreur de concentricit\u00e9 noyau\/gaine<\/td>\n<td width=\"85\">\u00b5m<\/td>\n<td width=\"85\">\u22640,6<\/td>\n<td width=\"85\">\u22640,5<\/td>\n<td width=\"85\">\u22640,5<\/td>\n<td width=\"75\">\u22640,5<\/td>\n<\/tr>\n<tr>\n<td colspan=\"2\" rowspan=\"2\" width=\"264\">Diam\u00e8tre du rev\u00eatement (non color\u00e9)<\/td>\n<td width=\"85\">\u00b5m<\/td>\n<td colspan=\"4\" width=\"330\">242 \u00b1 7 (standard)<\/td>\n<\/tr>\n<tr>\n<td width=\"85\">\u00b5m<\/td>\n<td colspan=\"4\" width=\"330\">200 \u00b1 10 (facultatif)<\/td>\n<\/tr>\n<tr>\n<td colspan=\"2\" width=\"264\">Erreur de concentricit\u00e9 du rev\u00eatement\/rev\u00eatement<\/td>\n<td width=\"85\">\u00b5m<\/td>\n<td width=\"85\">\u226412<\/td>\n<td width=\"85\">\u226412<\/td>\n<td width=\"85\">\u226412<\/td>\n<td width=\"75\">\u226412<\/td>\n<\/tr>\n<tr>\n<td colspan=\"2\" width=\"264\">Boucler<\/td>\n<td width=\"85\">m<\/td>\n<td width=\"85\">\u22654<\/td>\n<td width=\"85\">\u22654<\/td>\n<td width=\"85\">\u22654<\/td>\n<td width=\"75\">\u22654<\/td>\n<\/tr>\n<tr>\n<td colspan=\"3\" width=\"349\"><strong><b>Environnemental (1 550 nm, 1 625 nm)<\/b><\/strong><\/td>\n<td colspan=\"4\" width=\"330\"><\/td>\n<\/tr>\n<tr>\n<td width=\"167\">Cyclisme de temp\u00e9rature<\/td>\n<td width=\"96\">-60\u2103 \u00e0 +85\u2103<\/td>\n<td width=\"85\">dB\/km<\/td>\n<td width=\"85\">\u22640,03<\/td>\n<td width=\"85\">\u22640,05<\/td>\n<td width=\"85\">\u22640,05<\/td>\n<td width=\"75\">\u22640,05<\/td>\n<\/tr>\n<tr>\n<td width=\"167\">Haute temp\u00e9rature et<\/p>\n<p>Humidit\u00e9 \u00e9lev\u00e9e<\/td>\n<td width=\"96\">85 \u2103, 85% RH, 30 jours<\/td>\n<td width=\"85\">dB\/km<\/td>\n<td width=\"85\">\u22640,03<\/td>\n<td width=\"85\">\u22640,05<\/td>\n<td width=\"85\">\u22640,05<\/td>\n<td width=\"75\">\u22640,05<\/td>\n<\/tr>\n<tr>\n<td width=\"167\">Immersion dans l'eau<\/td>\n<td width=\"96\">23\u2103, 30 jours<\/td>\n<td width=\"85\">dB\/km<\/td>\n<td width=\"85\">\u22640,03<\/td>\n<td width=\"85\">\u22640,05<\/td>\n<td width=\"85\">\u22640,05<\/td>\n<td width=\"75\">\u22640,05<\/td>\n<\/tr>\n<tr>\n<td width=\"167\">Vieillissement \u00e0 haute temp\u00e9rature<\/td>\n<td width=\"96\">85 \u2103, 30 jours<\/td>\n<td width=\"85\">dB\/km<\/td>\n<td width=\"85\">\u22640,03<\/td>\n<td width=\"85\">\u22640,05<\/td>\n<td width=\"85\">\u22640,05<\/td>\n<td width=\"75\">\u22640,05<\/td>\n<\/tr>\n<\/tbody>\n<\/table>\n<p>&nbsp;<\/p>\n<p><strong>Demande :<\/strong><\/p>\n<p>Utilis\u00e9 dans le c\u00e2blage d'acc\u00e8s aux antennes et aux conduits<\/p>\n<p>Peut \u00eatre install\u00e9 dans un petit environnement de flexion<\/p>\n<p>Convient pour la connexion entre l'int\u00e9rieur et l'ext\u00e9rieur<\/p>\n<p>Sp\u00e9cialement utilis\u00e9 l\u00e0 o\u00f9 de bonnes performances d'isolation sont attendues<\/p>\n<p>&nbsp;<\/p>\n<p><strong>Solution id\u00e9ale pour l'utilisation de c\u00e2bles de d\u00e9rivation FTTH<\/strong><\/p>\n<p>Avec une gaine int\u00e9rieure et ext\u00e9rieure \u00e0 faible fum\u00e9e, sans halog\u00e8ne et ignifuge, ce c\u00e2ble peut \u00eatre particuli\u00e8rement utilis\u00e9 dans le c\u00e2blage d'antenne et d'acc\u00e8s aux conduits, adapt\u00e9 \u00e0 la connexion entre l'int\u00e9rieur et l'ext\u00e9rieur. Il peut \u00e9galement \u00eatre directement connect\u00e9 \u00e0 un \u00e9quipement de communication.<\/p>\n<p><img fetchpriority=\"high\" decoding=\"async\" class=\"alignnone size-full wp-image-10681\" src=\"https:\/\/www.omccable.com\/wp-content\/uploads\/2024\/04\/20161029115342_347.jpg\" alt=\"1-4F FTTH Single-Armored outdoor drop cable\" width=\"1100\" height=\"467\" srcset=\"https:\/\/www.omccable.com\/wp-content\/uploads\/2024\/04\/20161029115342_347.jpg 1100w, https:\/\/www.omccable.com\/wp-content\/uploads\/2024\/04\/20161029115342_347-300x127.jpg 300w, https:\/\/www.omccable.com\/wp-content\/uploads\/2024\/04\/20161029115342_347-800x340.jpg 800w, https:\/\/www.omccable.com\/wp-content\/uploads\/2024\/04\/20161029115342_347-768x326.jpg 768w\" sizes=\"(max-width: 1100px) 100vw, 1100px\" \/><\/p>","protected":false},"excerpt":{"rendered":"<p>Le c\u00e2ble de d\u00e9rivation pour conduit ext\u00e9rieur FTTH \u00e0 blindage unique, \u00e9galement appel\u00e9 c\u00e2ble \u00e0 fibre optique ou c\u00e2ble \u00e0 fibre souterrain, est g\u00e9n\u00e9ralement mis en \u0153uvre en le pla\u00e7ant \u00e0 l'int\u00e9rieur de conduits souterrains, et les conduits sont normalement enterr\u00e9s dans le sol. Pour construire le c\u00e2ble, un c\u00e2ble de d\u00e9rivation int\u00e9rieur FTTH de type arc est plac\u00e9 au milieu du c\u00e2ble. En ordre [\u2026]<\/p>","protected":false},"featured_media":11829,"comment_status":"closed","ping_status":"closed","template":"","meta":{"site-sidebar-layout":"default","site-content-layout":"","ast-site-content-layout":"default","site-content-style":"default","site-sidebar-style":"default","ast-global-header-display":"","ast-banner-title-visibility":"","ast-main-header-display":"","ast-hfb-above-header-display":"","ast-hfb-below-header-display":"","ast-hfb-mobile-header-display":"","site-post-title":"","ast-breadcrumbs-content":"","ast-featured-img":"","footer-sml-layout":"","theme-transparent-header-meta":"default","adv-header-id-meta":"","stick-header-meta":"default","header-above-stick-meta":"","header-main-stick-meta":"","header-below-stick-meta":"","astra-migrate-meta-layouts":"set","ast-page-background-enabled":"default","ast-page-background-meta":{"desktop":{"background-color":"var(--ast-global-color-4)","background-image":"","background-repeat":"repeat","background-position":"center center","background-size":"auto","background-attachment":"scroll","background-type":"","background-media":"","overlay-type":"","overlay-color":"","overlay-gradient":""},"tablet":{"background-color":"","background-image":"","background-repeat":"repeat","background-position":"center center","background-size":"auto","background-attachment":"scroll","background-type":"","background-media":"","overlay-type":"","overlay-color":"","overlay-gradient":""},"mobile":{"background-color":"","background-image":"","background-repeat":"repeat","background-position":"center center","background-size":"auto","background-attachment":"scroll","background-type":"","background-media":"","overlay-type":"","overlay-color":"","overlay-gradient":""}},"ast-content-background-meta":{"desktop":{"background-color":"var(--ast-global-color-5)","background-image":"","background-repeat":"repeat","background-position":"center center","background-size":"auto","background-attachment":"scroll","background-type":"","background-media":"","overlay-type":"","overlay-color":"","overlay-gradient":""},"tablet":{"background-color":"var(--ast-global-color-5)","background-image":"","background-repeat":"repeat","background-position":"center center","background-size":"auto","background-attachment":"scroll","background-type":"","background-media":"","overlay-type":"","overlay-color":"","overlay-gradient":""},"mobile":{"background-color":"var(--ast-global-color-5)","background-image":"","background-repeat":"repeat","background-position":"center center","background-size":"auto","background-attachment":"scroll","background-type":"","background-media":"","overlay-type":"","overlay-color":"","overlay-gradient":""}}},"product_cat":[136,122],"product_tag":[],"class_list":{"0":"post-10676","1":"product","2":"type-product","3":"status-publish","4":"has-post-thumbnail","6":"product_cat-1-4cores-single-armored-outdoor-ftth-drop-cable","7":"product_cat-ftth-drop-cable","8":"desktop-align-left","9":"tablet-align-left","10":"mobile-align-left","11":"ast-product-gallery-layout-horizontal-slider","12":"ast-product-tabs-layout-horizontal","14":"first","15":"instock","16":"shipping-taxable","17":"product-type-simple"},"acf":[],"_links":{"self":[{"href":"https:\/\/www.omccable.com\/fr\/wp-json\/wp\/v2\/product\/10676","targetHints":{"allow":["GET"]}}],"collection":[{"href":"https:\/\/www.omccable.com\/fr\/wp-json\/wp\/v2\/product"}],"about":[{"href":"https:\/\/www.omccable.com\/fr\/wp-json\/wp\/v2\/types\/product"}],"replies":[{"embeddable":true,"href":"https:\/\/www.omccable.com\/fr\/wp-json\/wp\/v2\/comments?post=10676"}],"version-history":[{"count":7,"href":"https:\/\/www.omccable.com\/fr\/wp-json\/wp\/v2\/product\/10676\/revisions"}],"predecessor-version":[{"id":13287,"href":"https:\/\/www.omccable.com\/fr\/wp-json\/wp\/v2\/product\/10676\/revisions\/13287"}],"wp:featuredmedia":[{"embeddable":true,"href":"https:\/\/www.omccable.com\/fr\/wp-json\/wp\/v2\/media\/11829"}],"wp:attachment":[{"href":"https:\/\/www.omccable.com\/fr\/wp-json\/wp\/v2\/media?parent=10676"}],"wp:term":[{"taxonomy":"product_cat","embeddable":true,"href":"https:\/\/www.omccable.com\/fr\/wp-json\/wp\/v2\/product_cat?post=10676"},{"taxonomy":"product_tag","embeddable":true,"href":"https:\/\/www.omccable.com\/fr\/wp-json\/wp\/v2\/product_tag?post=10676"}],"curies":[{"name":"wp","href":"https:\/\/api.w.org\/{rel}","templated":true}]}}