{"id":10656,"date":"2024-04-29T09:32:01","date_gmt":"2024-04-29T01:32:01","guid":{"rendered":"https:\/\/www.omccable.com\/?post_type=product&#038;p=10656"},"modified":"2025-07-28T10:38:06","modified_gmt":"2025-07-28T02:38:06","slug":"4-cores-aerial-self-support-ftth-drop-cable-solid-wirefrp","status":"publish","type":"product","link":"https:\/\/www.omccable.com\/fr\/produit\/4-cores-aerial-self-support-ftth-drop-cable-solid-wirefrp\/","title":{"rendered":"C\u00e2ble de d\u00e9rivation FTTH autoportant \u00e0 4 noyaux - Fil solide + FRP"},"content":{"rendered":"<p>Le c\u00e2ble de d\u00e9rivation FTTH autoportant \u00e0 4 noyaux est un c\u00e2ble de d\u00e9rivation FTTH ext\u00e9rieur multi-fibres. La section transversale est en forme de papillon. 4 pi\u00e8ces de fibres SM sont situ\u00e9es au centre g\u00e9om\u00e9trique de la forme en forme de papillon. L'\u00e9l\u00e9ment de renforcement est situ\u00e9 au centre des deux cercles et la structure m\u00e9tallique ou non m\u00e9tallique peut \u00eatre utilis\u00e9e. Il peut donc s'agir d'un fil d'acier GFRP, KFRP. En raison de l'installation a\u00e9rienne. Un fil de message m\u00e9tallique doit \u00eatre ajout\u00e9 au c\u00e2ble \u00e0 des fins de haute r\u00e9sistance. Enfin, une gaine LSZH durable est ajout\u00e9e pour cr\u00e9er une section transversale de c\u00e2ble plate et apporter une protection suppl\u00e9mentaire \u00e0 l'\u00e2me du c\u00e2ble.<\/p>\n<p>&nbsp;<\/p>\n<p><strong><b>Caract\u00e9ristiques<\/b><\/strong><\/p>\n<p>Structure autoportante, l\u00e9g\u00e8re, facile \u00e0 installer<\/p>\n<p>La fibre sp\u00e9ciale \u00e0 faible sensibilit\u00e9 aux courbures offre une bande passante \u00e9lev\u00e9e et d'excellentes propri\u00e9t\u00e9s de transmission de communication<\/p>\n<p>Le fil d'acier, en tant qu'\u00e9l\u00e9ment de renforcement suppl\u00e9mentaire, pr\u00e9sente une r\u00e9sistance \u00e9lev\u00e9e \u00e0 la traction<\/p>\n<p>Deux \u00e9l\u00e9ments de r\u00e9sistance parall\u00e8les en FRP assurent de bonnes performances de r\u00e9sistance \u00e0 l'\u00e9crasement pour prot\u00e9ger la fibre<\/p>\n<p>Structure simple, l\u00e9g\u00e8ret\u00e9 et grande praticabilit\u00e9<\/p>\n<p>Le nombre de fibres est de 1 \u00e0 12 c\u0153urs, il peut s'agir d'autres c\u0153urs de fibres sur demande.<\/p>\n<p>Nouvelle conception de fl\u00fbte, d\u00e9nudage et \u00e9pissure faciles, simplifie l'installation et la maintenance<\/p>\n<p>Gaine LSZH durable et ignifuge, faible d\u00e9gagement de fum\u00e9e et sans halog\u00e8ne<\/p>\n<p>&nbsp;<\/p>\n<p><strong>Donn\u00e9es techniques<\/strong><strong>:<\/strong><\/p>\n<table>\n<tbody>\n<tr>\n<td width=\"253\">Nombre de fibres<\/td>\n<td width=\"367\">4F<\/td>\n<\/tr>\n<tr>\n<td rowspan=\"2\" width=\"253\">Membre de force autonome<\/td>\n<td width=\"367\">Fil d'acier massif\/fil d'acier toronn\u00e9<\/td>\n<\/tr>\n<tr>\n<td width=\"367\">1,0 mm<\/td>\n<\/tr>\n<tr>\n<td rowspan=\"2\" width=\"253\">Membre de force<\/td>\n<td width=\"367\">Fil FRP\/KFRP\/acier massif<\/td>\n<\/tr>\n<tr>\n<td width=\"367\">0,45-0,52 mm<\/td>\n<\/tr>\n<tr>\n<td width=\"253\">Diam\u00e8tre du c\u00e2ble (mm) env.<\/td>\n<td width=\"367\">2,0*5,2(\u00b10,1)<\/td>\n<\/tr>\n<tr>\n<td width=\"253\">Poids du c\u00e2ble (kg\/km) Environ<\/td>\n<td width=\"367\">20\/21.5<\/td>\n<\/tr>\n<tr>\n<td width=\"253\">R\u00e9sistance \u00e0 la traction \u00e0 court\/long terme (N)<\/td>\n<td width=\"367\">600\/300<\/td>\n<\/tr>\n<tr>\n<td width=\"253\">R\u00e9sistance \u00e0 l'\u00e9crasement court\/long terme (N\/100mm)<\/td>\n<td width=\"367\">22001000<\/td>\n<\/tr>\n<tr>\n<td width=\"253\">Plage de temp\u00e9rature de fonctionnement (\u00b0C)<\/td>\n<td width=\"367\">-40\u00b0C ~+70\u00b0C<\/td>\n<\/tr>\n<\/tbody>\n<\/table>\n<p>&nbsp;<\/p>\n<p><strong>Principales performances m\u00e9caniques et environnementales<\/strong><\/p>\n<table>\n<tbody>\n<tr>\n<td width=\"139\">Articles<\/td>\n<td width=\"151\">Norme d'essai<\/td>\n<td width=\"151\">Valeur sp\u00e9cifi\u00e9e<\/td>\n<td width=\"160\">Exigences<\/td>\n<\/tr>\n<tr>\n<td width=\"139\">Tensions<\/td>\n<td width=\"151\">CEI 60794-1-2-E1<\/td>\n<td width=\"151\">Voir Donn\u00e9es techniques<\/td>\n<td width=\"160\">Att\u00e9nuation suppl\u00e9mentaire :<\/p>\n<p>\u22640,4dB apr\u00e8s test<\/td>\n<\/tr>\n<tr>\n<td width=\"139\">\u00c9craser<\/td>\n<td width=\"151\">CEI 60794-1-2-E3<\/td>\n<td width=\"151\">Voir Donn\u00e9es techniques<\/td>\n<td width=\"160\">Att\u00e9nuation suppl\u00e9mentaire :<\/p>\n<p>\u22640,4dB apr\u00e8s test<\/td>\n<\/tr>\n<tr>\n<td width=\"139\">Impact<\/td>\n<td width=\"151\">CEI 60794-1-2-E4<\/td>\n<td width=\"151\">R=300mm, 10Nm,<\/p>\n<p>un sur 3 endroits diff\u00e9rents<\/td>\n<td width=\"160\">Att\u00e9nuation suppl\u00e9mentaire :<\/p>\n<p>\u22640,4dB apr\u00e8s test<\/td>\n<\/tr>\n<tr>\n<td width=\"139\">Flexion r\u00e9p\u00e9t\u00e9e<\/td>\n<td width=\"151\">CEI 60794-1-2-E6<\/td>\n<td width=\"151\">R=30H<\/td>\n<td width=\"160\">Att\u00e9nuation suppl\u00e9mentaire :<\/p>\n<p>\u22640,4dB apr\u00e8s test<\/td>\n<\/tr>\n<tr>\n<td width=\"139\">Cyclisme de temp\u00e9rature<\/td>\n<td width=\"151\">CEI 60794-1-2-F1<\/td>\n<td width=\"151\">-40 \u2103 ~ + 70 \u2103<\/td>\n<td width=\"160\">Changement d'att\u00e9nuation :<\/p>\n<p>\u22640,4dB\/km apr\u00e8s test<\/td>\n<\/tr>\n<\/tbody>\n<\/table>\n<p>&nbsp;<\/p>\n<p><strong><b>Param\u00e8tres techniques de la fibre optique-SM<\/b><\/strong><\/p>\n<table>\n<tbody>\n<tr>\n<td rowspan=\"2\" width=\"167\"><strong><b>Param\u00e8tre<\/b><\/strong><\/td>\n<td rowspan=\"2\" width=\"96\"><strong><b>Conditions<\/b><\/strong><\/td>\n<td rowspan=\"2\" width=\"85\"><strong><b>Unit\u00e9s<\/b><\/strong><\/td>\n<td colspan=\"4\" width=\"330\"><strong><b>Valeur<\/b><\/strong><\/td>\n<\/tr>\n<tr>\n<td width=\"85\"><strong><b>G652D<\/b><\/strong><\/td>\n<td width=\"85\"><strong><b>G657A1<\/b><\/strong><\/td>\n<td width=\"85\"><strong><b>G657A2<\/b><\/strong><\/td>\n<td width=\"75\"><strong><b>G657B3<\/b><\/strong><\/td>\n<\/tr>\n<tr>\n<td colspan=\"3\" width=\"349\"><strong><b>Sp\u00e9cification optique<\/b><\/strong><\/td>\n<td colspan=\"4\" width=\"330\"><strong><b>\u3000<\/b><\/strong><\/td>\n<\/tr>\n<tr>\n<td rowspan=\"4\" width=\"167\">Att\u00e9nuation<\/td>\n<td width=\"96\">1310 nm<\/td>\n<td width=\"85\">dB\/km<\/td>\n<td width=\"85\">\u22640,350<\/td>\n<td width=\"85\">\u22640,350<\/td>\n<td width=\"85\">\u22640,350<\/td>\n<td width=\"75\">\u22640,350<\/td>\n<\/tr>\n<tr>\n<td width=\"96\">1383 nm<\/td>\n<td width=\"85\">dB\/km<\/td>\n<td width=\"85\">\u22640,330<\/td>\n<td width=\"85\">\u22640,350<\/td>\n<td width=\"85\">\u22640,350<\/td>\n<td width=\"75\">\u22640,350<\/td>\n<\/tr>\n<tr>\n<td width=\"96\">1550 nm<\/td>\n<td width=\"85\">dB\/km<\/td>\n<td width=\"85\">\u22640,210<\/td>\n<td width=\"85\">\u22640,210<\/td>\n<td width=\"85\">\u22640,210<\/td>\n<td width=\"75\">\u22640,210<\/td>\n<\/tr>\n<tr>\n<td width=\"96\">1625 nm<\/td>\n<td width=\"85\">dB\/km<\/td>\n<td width=\"85\">\u22640,240<\/td>\n<td width=\"85\">\u22640,230<\/td>\n<td width=\"85\">\u22640,230<\/td>\n<td width=\"75\">\u22640,230<\/td>\n<\/tr>\n<tr>\n<td rowspan=\"3\" width=\"167\">Att\u00e9nuation par rapport \u00e0 la longueur d'onde<\/td>\n<td width=\"96\">1310 nm VS. 1 285-1 330 nm<\/td>\n<td width=\"85\">dB\/km<\/td>\n<td width=\"85\">\u22640,04<\/td>\n<td width=\"85\">\u22640,04<\/td>\n<td width=\"85\">\u22640,05<\/td>\n<td width=\"75\">\u22640,03<\/td>\n<\/tr>\n<tr>\n<td width=\"96\">1550 nm VS. 1525-1575 nm<\/td>\n<td width=\"85\">dB\/km<\/td>\n<td width=\"85\">\u22640,03<\/td>\n<td width=\"85\">\u22640,03<\/td>\n<td width=\"85\">\u22640,04<\/td>\n<td width=\"75\">\u22640,02<\/td>\n<\/tr>\n<tr>\n<td width=\"96\">1550 nm VS. 1 480-1 580 nm<\/td>\n<td width=\"85\">dB\/km<\/td>\n<td width=\"85\">\u22640,04<\/td>\n<td width=\"85\">\u2013<\/td>\n<td width=\"85\">\u2013<\/td>\n<td width=\"75\">\u2013<\/td>\n<\/tr>\n<tr>\n<td width=\"167\">Longueur d'onde \u00e0 dispersion nulle<\/td>\n<td rowspan=\"2\" width=\"96\">\\<\/td>\n<td width=\"85\">nm<\/td>\n<td width=\"85\">1300-1324<\/td>\n<td width=\"85\">1300-1324<\/td>\n<td width=\"85\">1300-1324<\/td>\n<td width=\"75\">1300-1324<\/td>\n<\/tr>\n<tr>\n<td width=\"167\">Pente de dispersion nulle<\/td>\n<td width=\"85\">ps\/(nm<sup>2<\/sup>\u00b7km)<\/td>\n<td width=\"85\">0.073-0.092<\/td>\n<td width=\"85\">0.073-0.092<\/td>\n<td width=\"85\">0.073-0.092<\/td>\n<td width=\"75\">\u22640,092<\/td>\n<\/tr>\n<tr>\n<td rowspan=\"2\" width=\"167\">Dispersion<\/td>\n<td width=\"96\">1550 nm<\/td>\n<td width=\"85\">ps\/(nm\u00b7km)<\/td>\n<td width=\"85\">13.3-18.6<\/td>\n<td width=\"85\">13.3-18.6<\/td>\n<td width=\"85\">13.3-18.6<\/td>\n<td width=\"75\"><\/td>\n<\/tr>\n<tr>\n<td width=\"96\">1625 nm<\/td>\n<td width=\"85\">ps\/(nm\u00b7km)<\/td>\n<td width=\"85\">17.2-23.7<\/td>\n<td width=\"85\">17.2-23.7<\/td>\n<td width=\"85\">17.2-23.7<\/td>\n<td width=\"75\"><\/td>\n<\/tr>\n<tr>\n<td colspan=\"2\" width=\"264\">Dispersion du mode de polarisation (PMD)<\/td>\n<td width=\"85\">ps\/\u221akm<\/td>\n<td width=\"85\">\u22640,2<\/td>\n<td width=\"85\">\u22640,2<\/td>\n<td width=\"85\">\u22640,2<\/td>\n<td width=\"75\">\u22640,2<\/td>\n<\/tr>\n<tr>\n<td width=\"167\">Longueur d'onde de coupure \u03bbcc<\/td>\n<td width=\"96\">\u2013<\/td>\n<td width=\"85\">nm<\/td>\n<td width=\"85\">\u22641260<\/td>\n<td width=\"85\">\u22641260<\/td>\n<td width=\"85\">\u22641260<\/td>\n<td width=\"75\">\u22641260<\/td>\n<\/tr>\n<tr>\n<td rowspan=\"2\" width=\"167\">Diam\u00e8tre du champ de mode (MFD)<\/td>\n<td width=\"96\">1310 nm<\/td>\n<td width=\"85\">\u00b5m<\/td>\n<td width=\"85\">9,2 \u00b1 0,4<\/td>\n<td width=\"85\">9,2 \u00b1 0,4<\/td>\n<td width=\"85\">8,6 \u00b1 0,4<\/td>\n<td width=\"75\">8,6 \u00b1 0,4<\/td>\n<\/tr>\n<tr>\n<td width=\"96\">1550 nm<\/td>\n<td width=\"85\">\u00b5m<\/td>\n<td width=\"85\">10,4 \u00b1 0,5<\/td>\n<td width=\"85\">10,4 \u00b1 0,5<\/td>\n<td width=\"85\">9,6 \u00b1 0,5<\/td>\n<td width=\"75\">9,6 \u00b1 0,5<\/td>\n<\/tr>\n<tr>\n<td rowspan=\"2\" width=\"167\">Discontinuit\u00e9 d'att\u00e9nuation<\/td>\n<td width=\"96\">1310 nm<\/td>\n<td width=\"85\">dB<\/td>\n<td width=\"85\">\u22640,03<\/td>\n<td width=\"85\">\u22640,03<\/td>\n<td width=\"85\">\u22640,03<\/td>\n<td width=\"75\">\u22640,03<\/td>\n<\/tr>\n<tr>\n<td width=\"96\">1550 nm<\/td>\n<td width=\"85\">dB<\/td>\n<td width=\"85\">\u22640,03<\/td>\n<td width=\"85\">\u22640,03<\/td>\n<td width=\"85\">\u22640,03<\/td>\n<td width=\"75\">\u22640,03<\/td>\n<\/tr>\n<tr>\n<td rowspan=\"2\" width=\"167\">Att\u00e9nuation bidirectionnelle<\/td>\n<td width=\"96\">1310 nm<\/td>\n<td width=\"85\">dB\/km<\/td>\n<td width=\"85\">\u22640,04<\/td>\n<td width=\"85\"><\/td>\n<td width=\"85\"><\/td>\n<td width=\"75\">\u22640,05<\/td>\n<\/tr>\n<tr>\n<td width=\"96\">1550 nm<\/td>\n<td width=\"85\">dB\/km<\/td>\n<td width=\"85\">\u22640,04<\/td>\n<td width=\"85\"><\/td>\n<td width=\"85\"><\/td>\n<td width=\"75\">\u22640,05<\/td>\n<\/tr>\n<tr>\n<td colspan=\"3\" width=\"349\"><strong><b>G\u00e9om\u00e9trique<\/b><\/strong><\/td>\n<td colspan=\"4\" width=\"330\"><\/td>\n<\/tr>\n<tr>\n<td colspan=\"2\" width=\"264\">Diam\u00e8tre du rev\u00eatement<\/td>\n<td width=\"85\">\u00b5m<\/td>\n<td width=\"85\">125 \u00b1 0,7<\/td>\n<td width=\"85\">125 \u00b1 0,7<\/td>\n<td width=\"85\">125 \u00b1 0,7<\/td>\n<td width=\"75\">125 \u00b1 0,7<\/td>\n<\/tr>\n<tr>\n<td colspan=\"2\" width=\"264\">Non-circularit\u00e9 du rev\u00eatement<\/td>\n<td width=\"85\">%<\/td>\n<td width=\"85\">\u22641,0<\/td>\n<td width=\"85\">\u22641,0<\/td>\n<td width=\"85\">\u22640,8<\/td>\n<td width=\"75\">\u22640,7<\/td>\n<\/tr>\n<tr>\n<td colspan=\"2\" width=\"264\">Erreur de concentricit\u00e9 noyau\/gaine<\/td>\n<td width=\"85\">\u00b5m<\/td>\n<td width=\"85\">\u22640,6<\/td>\n<td width=\"85\">\u22640,5<\/td>\n<td width=\"85\">\u22640,5<\/td>\n<td width=\"75\">\u22640,5<\/td>\n<\/tr>\n<tr>\n<td colspan=\"2\" rowspan=\"2\" width=\"264\">Diam\u00e8tre du rev\u00eatement (non color\u00e9)<\/td>\n<td width=\"85\">\u00b5m<\/td>\n<td colspan=\"4\" width=\"330\">242 \u00b1 7 (standard)<\/td>\n<\/tr>\n<tr>\n<td width=\"85\">\u00b5m<\/td>\n<td colspan=\"4\" width=\"330\">200 \u00b1 10 (facultatif)<\/td>\n<\/tr>\n<tr>\n<td colspan=\"2\" width=\"264\">Erreur de concentricit\u00e9 du rev\u00eatement\/rev\u00eatement<\/td>\n<td width=\"85\">\u00b5m<\/td>\n<td width=\"85\">\u226412<\/td>\n<td width=\"85\">\u226412<\/td>\n<td width=\"85\">\u226412<\/td>\n<td width=\"75\">\u226412<\/td>\n<\/tr>\n<tr>\n<td colspan=\"2\" width=\"264\">Boucler<\/td>\n<td width=\"85\">m<\/td>\n<td width=\"85\">\u22654<\/td>\n<td width=\"85\">\u22654<\/td>\n<td width=\"85\">\u22654<\/td>\n<td width=\"75\">\u22654<\/td>\n<\/tr>\n<tr>\n<td colspan=\"3\" width=\"349\"><strong><b>Environnemental (1 550 nm, 1 625 nm)<\/b><\/strong><\/td>\n<td colspan=\"4\" width=\"330\"><\/td>\n<\/tr>\n<tr>\n<td width=\"167\">Cyclisme de temp\u00e9rature<\/td>\n<td width=\"96\">-60\u2103 \u00e0 +85\u2103<\/td>\n<td width=\"85\">dB\/km<\/td>\n<td width=\"85\">\u22640,03<\/td>\n<td width=\"85\">\u22640,05<\/td>\n<td width=\"85\">\u22640,05<\/td>\n<td width=\"75\">\u22640,05<\/td>\n<\/tr>\n<tr>\n<td width=\"167\">Haute temp\u00e9rature et<\/p>\n<p>Humidit\u00e9 \u00e9lev\u00e9e<\/td>\n<td width=\"96\">85 \u2103, 85% RH, 30 jours<\/td>\n<td width=\"85\">dB\/km<\/td>\n<td width=\"85\">\u22640,03<\/td>\n<td width=\"85\">\u22640,05<\/td>\n<td width=\"85\">\u22640,05<\/td>\n<td width=\"75\">\u22640,05<\/td>\n<\/tr>\n<tr>\n<td width=\"167\">Immersion dans l'eau<\/td>\n<td width=\"96\">23\u2103, 30 jours<\/td>\n<td width=\"85\">dB\/km<\/td>\n<td width=\"85\">\u22640,03<\/td>\n<td width=\"85\">\u22640,05<\/td>\n<td width=\"85\">\u22640,05<\/td>\n<td width=\"75\">\u22640,05<\/td>\n<\/tr>\n<tr>\n<td width=\"167\">Vieillissement \u00e0 haute temp\u00e9rature<\/td>\n<td width=\"96\">85 \u2103, 30 jours<\/td>\n<td width=\"85\">dB\/km<\/td>\n<td width=\"85\">\u22640,03<\/td>\n<td width=\"85\">\u22640,05<\/td>\n<td width=\"85\">\u22640,05<\/td>\n<td width=\"75\">\u22640,05<\/td>\n<\/tr>\n<\/tbody>\n<\/table>\n<p>&nbsp;<\/p>\n<p><strong>Demande :<\/strong><\/p>\n<p>R\u00e9seau d'acc\u00e8s<\/p>\n<p>R\u00e9seau local (LAN)<\/p>\n<p>C\u00e2blage direct des utilisateurs finaux<\/p>\n<p>Syst\u00e8me de communication \u00e0 fibre optique<\/p>\n<p>C\u00e2blage et distribution int\u00e9rieur FTTH (fibre jusqu'au domicile)<\/p>\n<p>&nbsp;<\/p>\n<p><strong>Utilisation id\u00e9ale du c\u00e2ble de d\u00e9rivation FTTH int\u00e9rieur plat Butterfly<\/strong><\/p>\n<p>Le c\u00e2ble de d\u00e9rivation int\u00e9rieur plat Butterfly est largement utilis\u00e9 dans le syst\u00e8me de r\u00e9seau fibre optique domestique (FTTH), qui peut connecter directement la ligne de communication du LAN aux utilisateurs finaux. Le c\u00e2ble plat Butterfly utilise une fibre sp\u00e9ciale \u00e0 faible sensibilit\u00e9 \u00e0 la courbure pour fournir une bande passante \u00e9lev\u00e9e et une excellente transmission de communication. Il est tr\u00e8s appropri\u00e9 pour le c\u00e2blage int\u00e9rieur, le c\u00e2blage direct des utilisateurs finaux et l'acc\u00e8s au r\u00e9seau.<\/p>\n<p><img fetchpriority=\"high\" decoding=\"async\" class=\"alignnone size-full wp-image-10659\" src=\"https:\/\/www.omccable.com\/wp-content\/uploads\/2024\/04\/20161029120811_101-5.jpg\" alt=\"4 cores FTTH Aerial Self-support Drop cable\" width=\"1100\" height=\"494\" srcset=\"https:\/\/www.omccable.com\/wp-content\/uploads\/2024\/04\/20161029120811_101-5.jpg 1100w, https:\/\/www.omccable.com\/wp-content\/uploads\/2024\/04\/20161029120811_101-5-300x135.jpg 300w, https:\/\/www.omccable.com\/wp-content\/uploads\/2024\/04\/20161029120811_101-5-800x359.jpg 800w, https:\/\/www.omccable.com\/wp-content\/uploads\/2024\/04\/20161029120811_101-5-768x345.jpg 768w\" sizes=\"(max-width: 1100px) 100vw, 1100px\" \/><\/p>","protected":false},"excerpt":{"rendered":"<p>Le c\u00e2ble de d\u00e9rivation FTTH autoportant \u00e0 4 noyaux est un c\u00e2ble de d\u00e9rivation FTTH ext\u00e9rieur multi-fibres. La section transversale est en forme de papillon. 4 pi\u00e8ces de fibres SM sont situ\u00e9es au centre g\u00e9om\u00e9trique de la forme en forme de papillon. L'\u00e9l\u00e9ment de renfort est situ\u00e9 au centre des deux cercles, et la structure m\u00e9tallique ou non m\u00e9tallique peut \u00eatre utilis\u00e9e, ils [\u2026]<\/p>","protected":false},"featured_media":10658,"comment_status":"closed","ping_status":"closed","template":"","meta":{"site-sidebar-layout":"default","site-content-layout":"","ast-site-content-layout":"default","site-content-style":"default","site-sidebar-style":"default","ast-global-header-display":"","ast-banner-title-visibility":"","ast-main-header-display":"","ast-hfb-above-header-display":"","ast-hfb-below-header-display":"","ast-hfb-mobile-header-display":"","site-post-title":"","ast-breadcrumbs-content":"","ast-featured-img":"","footer-sml-layout":"","theme-transparent-header-meta":"default","adv-header-id-meta":"","stick-header-meta":"default","header-above-stick-meta":"","header-main-stick-meta":"","header-below-stick-meta":"","astra-migrate-meta-layouts":"set","ast-page-background-enabled":"default","ast-page-background-meta":{"desktop":{"background-color":"var(--ast-global-color-4)","background-image":"","background-repeat":"repeat","background-position":"center center","background-size":"auto","background-attachment":"scroll","background-type":"","background-media":"","overlay-type":"","overlay-color":"","overlay-gradient":""},"tablet":{"background-color":"","background-image":"","background-repeat":"repeat","background-position":"center center","background-size":"auto","background-attachment":"scroll","background-type":"","background-media":"","overlay-type":"","overlay-color":"","overlay-gradient":""},"mobile":{"background-color":"","background-image":"","background-repeat":"repeat","background-position":"center center","background-size":"auto","background-attachment":"scroll","background-type":"","background-media":"","overlay-type":"","overlay-color":"","overlay-gradient":""}},"ast-content-background-meta":{"desktop":{"background-color":"var(--ast-global-color-5)","background-image":"","background-repeat":"repeat","background-position":"center center","background-size":"auto","background-attachment":"scroll","background-type":"","background-media":"","overlay-type":"","overlay-color":"","overlay-gradient":""},"tablet":{"background-color":"var(--ast-global-color-5)","background-image":"","background-repeat":"repeat","background-position":"center center","background-size":"auto","background-attachment":"scroll","background-type":"","background-media":"","overlay-type":"","overlay-color":"","overlay-gradient":""},"mobile":{"background-color":"var(--ast-global-color-5)","background-image":"","background-repeat":"repeat","background-position":"center center","background-size":"auto","background-attachment":"scroll","background-type":"","background-media":"","overlay-type":"","overlay-color":"","overlay-gradient":""}}},"product_cat":[135,122],"product_tag":[],"class_list":{"0":"post-10656","1":"product","2":"type-product","3":"status-publish","4":"has-post-thumbnail","6":"product_cat-aerial-self-support-ftth-drop-cable","7":"product_cat-ftth-drop-cable","8":"desktop-align-left","9":"tablet-align-left","10":"mobile-align-left","11":"ast-product-gallery-layout-horizontal-slider","12":"ast-product-tabs-layout-horizontal","14":"first","15":"instock","16":"shipping-taxable","17":"product-type-simple"},"acf":[],"_links":{"self":[{"href":"https:\/\/www.omccable.com\/fr\/wp-json\/wp\/v2\/product\/10656","targetHints":{"allow":["GET"]}}],"collection":[{"href":"https:\/\/www.omccable.com\/fr\/wp-json\/wp\/v2\/product"}],"about":[{"href":"https:\/\/www.omccable.com\/fr\/wp-json\/wp\/v2\/types\/product"}],"replies":[{"embeddable":true,"href":"https:\/\/www.omccable.com\/fr\/wp-json\/wp\/v2\/comments?post=10656"}],"version-history":[{"count":4,"href":"https:\/\/www.omccable.com\/fr\/wp-json\/wp\/v2\/product\/10656\/revisions"}],"predecessor-version":[{"id":13293,"href":"https:\/\/www.omccable.com\/fr\/wp-json\/wp\/v2\/product\/10656\/revisions\/13293"}],"wp:featuredmedia":[{"embeddable":true,"href":"https:\/\/www.omccable.com\/fr\/wp-json\/wp\/v2\/media\/10658"}],"wp:attachment":[{"href":"https:\/\/www.omccable.com\/fr\/wp-json\/wp\/v2\/media?parent=10656"}],"wp:term":[{"taxonomy":"product_cat","embeddable":true,"href":"https:\/\/www.omccable.com\/fr\/wp-json\/wp\/v2\/product_cat?post=10656"},{"taxonomy":"product_tag","embeddable":true,"href":"https:\/\/www.omccable.com\/fr\/wp-json\/wp\/v2\/product_tag?post=10656"}],"curies":[{"name":"wp","href":"https:\/\/api.w.org\/{rel}","templated":true}]}}