{"id":10638,"date":"2024-04-29T09:11:54","date_gmt":"2024-04-29T01:11:54","guid":{"rendered":"https:\/\/www.omccable.com\/?post_type=product&#038;p=10638"},"modified":"2025-07-28T10:46:00","modified_gmt":"2025-07-28T02:46:00","slug":"1f-aerial-self-support-ftth-drop-cable-stranded-wirefrp","status":"publish","type":"product","link":"https:\/\/www.omccable.com\/fr\/produit\/1f-aerial-self-support-ftth-drop-cable-stranded-wirefrp\/","title":{"rendered":"C\u00e2ble de d\u00e9rivation FTTH autoportant d'antenne 1F \u2013 Fil toronn\u00e9 + FRP"},"content":{"rendered":"<p>Le c\u00e2ble de d\u00e9rivation FTTH autosupport a\u00e9rien 1F d'OMC est un c\u00e2ble de d\u00e9rivation FTTH ext\u00e9rieur \u00e0 haute r\u00e9sistance. Pour construire le c\u00e2ble, la fibre SM G657A1 ou G657A2 est situ\u00e9e au centre g\u00e9om\u00e9trique de la forme en forme de papillon. Deux tiges parall\u00e8les en plastique renforc\u00e9 de fibre de verre (GFRP) sont plac\u00e9es diam\u00e9tralement oppos\u00e9es de chaque c\u00f4t\u00e9 de l'\u00e2me de la fibre. Afin de r\u00e9aliser une installation a\u00e9rienne. Un fil de message m\u00e9tallique toronn\u00e9 est ajout\u00e9 au c\u00e2ble \u00e0 des fins de haute r\u00e9sistance. Enfin, une gaine LSZH noire durable et anti-UV est ajout\u00e9e pour cr\u00e9er une section transversale de c\u00e2ble plate et apporter une protection suppl\u00e9mentaire \u00e0 l'\u00e2me du c\u00e2ble.<\/p>\n<p>&nbsp;<\/p>\n<p><strong>Caract\u00e9ristiques<\/strong><\/p>\n<p>Structure autoportante, l\u00e9g\u00e8re, facile \u00e0 installer<\/p>\n<p>La fibre sp\u00e9ciale \u00e0 faible sensibilit\u00e9 aux courbures offre une bande passante \u00e9lev\u00e9e et d'excellentes propri\u00e9t\u00e9s de transmission de communication<\/p>\n<p>Le fil d'acier, en tant qu'\u00e9l\u00e9ment de renforcement suppl\u00e9mentaire, pr\u00e9sente une r\u00e9sistance \u00e9lev\u00e9e \u00e0 la traction<\/p>\n<p>Deux \u00e9l\u00e9ments de r\u00e9sistance parall\u00e8les en FRP assurent de bonnes performances de r\u00e9sistance \u00e0 l'\u00e9crasement pour prot\u00e9ger la fibre<\/p>\n<p>Structure simple, l\u00e9g\u00e8ret\u00e9 et grande praticabilit\u00e9<\/p>\n<p>Le nombre de fibres est de 1 \u00e0 12 c\u0153urs, il peut s'agir d'autres c\u0153urs de fibres sur demande.<\/p>\n<p>Nouvelle conception de fl\u00fbte, d\u00e9nudage et \u00e9pissure faciles, simplifie l'installation et la maintenance<\/p>\n<p>Gaine LSZH durable et ignifuge, faible d\u00e9gagement de fum\u00e9e et sans halog\u00e8ne<\/p>\n<p>&nbsp;<\/p>\n<p><strong>C\u00e2ble<\/strong><strong>\u00a0<\/strong><strong>structures<\/strong><strong>\u00a0<\/strong><strong>et<\/strong><strong>\u00a0<\/strong><strong>param\u00e8tre<\/strong><\/p>\n<table>\n<tbody>\n<tr>\n<td width=\"166\"><strong>Article<\/strong><\/td>\n<td width=\"114\"><strong>Sommaire<\/strong><\/td>\n<td width=\"85\"><strong>Unit\u00e9<\/strong><\/td>\n<td width=\"345\"><strong>Valeur<\/strong><\/td>\n<\/tr>\n<tr>\n<td rowspan=\"3\" width=\"166\"><strong>\u00a0<\/strong><\/p>\n<p>Fibre optique<\/td>\n<td width=\"114\">num\u00e9ro de mod\u00e8le<\/td>\n<td width=\"85\">\/<\/td>\n<td width=\"345\">G657A2<\/td>\n<\/tr>\n<tr>\n<td width=\"114\">num\u00e9ro<\/td>\n<td width=\"85\">\/<\/td>\n<td width=\"345\">1F (monomode)<\/td>\n<\/tr>\n<tr>\n<td width=\"114\">Couleur<\/td>\n<td width=\"85\">\/<\/td>\n<td width=\"345\">Bleu<\/td>\n<\/tr>\n<tr>\n<td colspan=\"2\" width=\"280\">Type de c\u00e2ble<\/td>\n<td width=\"85\">\/<\/td>\n<td width=\"345\">C\u00e2ble de d\u00e9rivation mini figure 8<\/td>\n<\/tr>\n<tr>\n<td rowspan=\"2\" width=\"166\">Membre de force<\/td>\n<td width=\"114\">Mat\u00e9riel<\/td>\n<td width=\"85\">\/<\/td>\n<td width=\"345\">PRF<\/td>\n<\/tr>\n<tr>\n<td width=\"114\">Diam\u00e8tre<\/td>\n<td width=\"85\">mm<\/td>\n<td width=\"345\">0.5<\/td>\n<\/tr>\n<tr>\n<td rowspan=\"2\" width=\"166\">Fil de messagerie<\/td>\n<td width=\"114\">Mat\u00e9riel<\/td>\n<td width=\"85\">\/<\/td>\n<td width=\"345\">Fil d'acier galvanis\u00e9 (20 g\/m\u00b2)<\/td>\n<\/tr>\n<tr>\n<td width=\"114\">Diam\u00e8tre<\/td>\n<td width=\"85\">mm<\/td>\n<td width=\"345\">(7*0,33 mm)-1,0 mm<\/td>\n<\/tr>\n<tr>\n<td rowspan=\"3\" width=\"166\"><strong>\u00a0<\/strong><\/p>\n<p>Veste ext\u00e9rieure<\/td>\n<td width=\"114\">Diam\u00e8tre<\/td>\n<td width=\"85\">mm<\/td>\n<td width=\"345\">2,0 \u00b1 0,1 * 5,2 \u00b1 0,2<\/td>\n<\/tr>\n<tr>\n<td width=\"114\">Mat\u00e9riel<\/td>\n<td width=\"85\">\/<\/td>\n<td width=\"345\">LSZH avec UV \/ \u22650,4 mm<\/td>\n<\/tr>\n<tr>\n<td width=\"114\">Couleur<\/td>\n<td width=\"85\">\/<\/td>\n<td width=\"345\">Noir<\/td>\n<\/tr>\n<tr>\n<td rowspan=\"2\" width=\"166\">Performances de traction<\/td>\n<td width=\"114\">Court terme<\/td>\n<td width=\"85\">N<\/td>\n<td width=\"345\">800 (souche de fibre \u2264 0,41 TP3T)<\/td>\n<\/tr>\n<tr>\n<td width=\"114\">\u00c0 long terme<\/td>\n<td width=\"85\">N<\/td>\n<td width=\"345\">400<\/td>\n<\/tr>\n<tr>\n<td rowspan=\"2\" width=\"166\">\u00c9craser<\/td>\n<td width=\"114\">Court terme<\/td>\n<td width=\"85\">N\/100mm<\/td>\n<td width=\"345\">2200<\/td>\n<\/tr>\n<tr>\n<td width=\"114\">\u00c0 long terme<\/td>\n<td width=\"85\">N\/100mm<\/td>\n<td width=\"345\">1000<\/td>\n<\/tr>\n<tr>\n<td colspan=\"2\" width=\"280\">Tension d'installation<\/td>\n<td width=\"85\">kN<\/td>\n<td width=\"345\">1.3<\/td>\n<\/tr>\n<tr>\n<td colspan=\"2\" width=\"280\">Att\u00e9nuation du c\u00e2ble<\/td>\n<td width=\"85\">dB\/km<\/td>\n<td width=\"345\">\u2266 0,4 \u00e0 1 310 nm, \u2266 0,3 \u00e0 1 550 nm<\/td>\n<\/tr>\n<tr>\n<td colspan=\"2\" width=\"280\">Poids du c\u00e2ble (environ) \u00b1 10%<\/td>\n<td width=\"85\">kg\/km<\/td>\n<td width=\"345\">17.6<\/td>\n<\/tr>\n<tr>\n<td colspan=\"2\" width=\"280\">Intervalle de marquage<\/td>\n<td width=\"85\">\/<\/td>\n<td width=\"345\">Tous les 1 m\u00e8tres<\/td>\n<\/tr>\n<tr>\n<td colspan=\"2\" width=\"280\">affaissement<\/td>\n<td width=\"85\">\/<\/td>\n<td width=\"345\">1%<\/td>\n<\/tr>\n<tr>\n<td colspan=\"2\" width=\"280\">NESC<\/td>\n<td width=\"85\">\/<\/td>\n<td width=\"345\">Moyen<\/td>\n<\/tr>\n<tr>\n<td colspan=\"2\" width=\"280\">CONFORMIT\u00c9<\/td>\n<td width=\"85\">\/<\/td>\n<td width=\"345\">UIT-T G.657 A2, CEI 60794-1-21<\/p>\n<p>CEI 60794-1-22, m\u00e9thode, F5<\/td>\n<\/tr>\n<\/tbody>\n<\/table>\n<p><strong>\u00a0<\/strong><\/p>\n<p><strong>\u00a0<\/strong><\/p>\n<p>Remarque : les tailles et les valeurs sans tol\u00e9rances sont des valeurs nominales<\/p>\n<h1><strong><b>Caract\u00e9ristique<\/b><\/strong><strong><b>\u00a0<\/b><\/strong><strong><b>de<\/b><\/strong><strong><b>\u00a0<\/b><\/strong><strong><b>Optique<\/b><\/strong><strong><b>\u00a0<\/b><\/strong><strong><b>C\u00e2ble<\/b><\/strong><\/h1>\n<ul>\n<li>rayon de courbure (sans messager)Statique : 10 mm<\/li>\n<\/ul>\n<p>Dynamique : 20 mm<\/p>\n<ul>\n<li>Plage de temp\u00e9rature d'application<\/li>\n<\/ul>\n<p>Fonctionnement : -20 \u2103 ~ +60 \u2103 Installation : -20 \u2103 ~ +60 \u2103 Stockage\/transport : -20 \u2103 ~ +60 \u2103<\/p>\n<p>&nbsp;<\/p>\n<p>Fibre optique G657A2 Caract\u00e9ristique<\/p>\n<table>\n<tbody>\n<tr>\n<td colspan=\"2\" rowspan=\"2\" width=\"457\"><strong>Article<\/strong><\/td>\n<td rowspan=\"2\" width=\"84\"><strong>Unit\u00e9<\/strong><\/td>\n<td width=\"169\"><strong>Sp\u00e9cification<\/strong><\/td>\n<\/tr>\n<tr>\n<td width=\"169\">G. 657A2<\/td>\n<\/tr>\n<tr>\n<td rowspan=\"2\" width=\"325\">Diam\u00e8tre du champ de mode<\/td>\n<td width=\"132\">1310 nm<\/td>\n<td width=\"84\">mm<\/td>\n<td width=\"169\">8,6 \u00b1 0,4<\/td>\n<\/tr>\n<tr>\n<td width=\"132\">1550 nm<\/td>\n<td width=\"84\">mm<\/td>\n<td width=\"169\">9,6 \u00b1 0,5<\/td>\n<\/tr>\n<tr>\n<td colspan=\"2\" width=\"457\">Diam\u00e8tre du bardage<\/td>\n<td width=\"84\">mm<\/td>\n<td width=\"169\">125,0 \u00b1 0,7<\/td>\n<\/tr>\n<tr>\n<td colspan=\"2\" width=\"457\">Non-circularit\u00e9 du rev\u00eatement<\/td>\n<td width=\"84\">%<\/td>\n<td width=\"169\">\u00a30.8<\/td>\n<\/tr>\n<tr>\n<td colspan=\"2\" width=\"457\">Erreur de concentricit\u00e9 du noyau<\/td>\n<td width=\"84\">mm<\/td>\n<td width=\"169\">\u00a30.5<\/td>\n<\/tr>\n<tr>\n<td colspan=\"2\" width=\"457\">Diam\u00e8tre du rev\u00eatement<\/td>\n<td width=\"84\">mm<\/td>\n<td width=\"169\">242 \u00b1 7<\/td>\n<\/tr>\n<tr>\n<td colspan=\"2\" width=\"457\">Erreur de concentricit\u00e9 du rev\u00eatement\/bardage<\/td>\n<td width=\"84\">mm<\/td>\n<td width=\"169\">\u00a312<\/td>\n<\/tr>\n<tr>\n<td colspan=\"2\" width=\"457\">Longueur d'onde de coupure du c\u00e2ble<\/td>\n<td width=\"84\">nm<\/td>\n<td width=\"169\">\u00a3\u00a01260<\/td>\n<\/tr>\n<tr>\n<td rowspan=\"2\" width=\"325\">Coefficient d'att\u00e9nuation<\/td>\n<td width=\"132\">1310 nm<\/td>\n<td width=\"84\">dB\/km<\/td>\n<td width=\"169\">\u00a30.35<\/td>\n<\/tr>\n<tr>\n<td width=\"132\">1550 nm<\/td>\n<td width=\"84\">dB\/km<\/td>\n<td width=\"169\">\u00a30.21<\/td>\n<\/tr>\n<tr>\n<td rowspan=\"2\" width=\"325\">Perte de macro-courbure (\u00d815 mm \u00d7 1 )<\/td>\n<td width=\"132\">1550 nm<\/td>\n<td width=\"84\">dB<\/td>\n<td width=\"169\">\u00a30.4<\/td>\n<\/tr>\n<tr>\n<td width=\"132\">1625 nm<\/td>\n<td width=\"84\">dB<\/td>\n<td width=\"169\">\u00a30.8<\/td>\n<\/tr>\n<\/tbody>\n<\/table>\n<p>Les autres param\u00e8tres sont conformes \u00e0 la norme ITU-T G.657<\/p>\n<p>G657A1 Caract\u00e9ristique de la fibre optique<\/p>\n<table>\n<tbody>\n<tr>\n<td colspan=\"2\" rowspan=\"2\" width=\"457\"><strong>Article<\/strong><\/td>\n<td rowspan=\"2\" width=\"84\"><strong>Unit\u00e9<\/strong><\/td>\n<td width=\"169\"><strong>Sp\u00e9cification<\/strong><\/td>\n<\/tr>\n<tr>\n<td width=\"169\">G. 657A1<\/td>\n<\/tr>\n<tr>\n<td rowspan=\"2\" width=\"325\">Diam\u00e8tre du champ de mode<\/td>\n<td width=\"132\">1310 nm<\/td>\n<td width=\"84\">mm<\/td>\n<td width=\"169\">9,2 \u00b1 0,4<\/td>\n<\/tr>\n<tr>\n<td width=\"132\">1550 nm<\/td>\n<td width=\"84\">mm<\/td>\n<td width=\"169\">10,4 \u00b1 0,5<\/td>\n<\/tr>\n<tr>\n<td colspan=\"2\" width=\"457\">Diam\u00e8tre du bardage<\/td>\n<td width=\"84\">mm<\/td>\n<td width=\"169\">125,0 \u00b1 0,7<\/td>\n<\/tr>\n<tr>\n<td colspan=\"2\" width=\"457\">Non-circularit\u00e9 du rev\u00eatement<\/td>\n<td width=\"84\">%<\/td>\n<td width=\"169\">\u00a31.0<\/td>\n<\/tr>\n<tr>\n<td colspan=\"2\" width=\"457\">Erreur de concentricit\u00e9 du noyau<\/td>\n<td width=\"84\">mm<\/td>\n<td width=\"169\">\u00a30.5<\/td>\n<\/tr>\n<tr>\n<td colspan=\"2\" width=\"457\">Diam\u00e8tre du rev\u00eatement<\/td>\n<td width=\"84\">mm<\/td>\n<td width=\"169\">242 \u00b1 7<\/td>\n<\/tr>\n<tr>\n<td colspan=\"2\" width=\"457\">Erreur de concentricit\u00e9 du rev\u00eatement\/bardage<\/td>\n<td width=\"84\">mm<\/td>\n<td width=\"169\">\u00a312<\/td>\n<\/tr>\n<tr>\n<td colspan=\"2\" width=\"457\">Longueur d'onde de coupure du c\u00e2ble<\/td>\n<td width=\"84\">nm<\/td>\n<td width=\"169\">\u00a3\u00a01260<\/td>\n<\/tr>\n<tr>\n<td rowspan=\"2\" width=\"325\">Att\u00e9nuation<\/td>\n<td width=\"132\">1310 nm<\/td>\n<td width=\"84\">dB\/km<\/td>\n<td width=\"169\">\u00a30.35<\/td>\n<\/tr>\n<tr>\n<td width=\"132\">1550 nm<\/td>\n<td width=\"84\">dB\/km<\/td>\n<td width=\"169\">\u00a30.21<\/td>\n<\/tr>\n<tr>\n<td rowspan=\"2\" width=\"325\">Perte de macro-courbure (\u00d820 mm \u00d7 1)<\/td>\n<td width=\"132\">1550 nm<\/td>\n<td width=\"84\">dB<\/td>\n<td width=\"169\">\u00a30.75<\/td>\n<\/tr>\n<tr>\n<td width=\"132\">1625 nm<\/td>\n<td width=\"84\">dB<\/td>\n<td width=\"169\">\u00a31.5<\/td>\n<\/tr>\n<\/tbody>\n<\/table>\n<p>Les autres param\u00e8tres sont conformes \u00e0 la norme ITU-T G.657<\/p>\n<p>&nbsp;<\/p>\n<p><strong>Candidature<\/strong><\/p>\n<p>Application a\u00e9rienne ext\u00e9rieure<\/p>\n<p>Utilis\u00e9 dans les projets FTTH<\/p>\n<p>Routes optiques \u00e0 grande vitesse dans le b\u00e2timent<\/p>\n<p>Exploitation de r\u00e9seaux optiques haute performance<\/p>\n<p>&nbsp;<\/p>\n<p><strong>Solution id\u00e9ale en utilisant un c\u00e2ble de d\u00e9rivation FTTH autoportant<\/strong><\/p>\n<p>Un r\u00e9seau FTTH de grande capacit\u00e9 vous offre la possibilit\u00e9 de cr\u00e9er un avantage concurrentiel et de maintenir un r\u00e9seau \u00e9co-durable qui consomme moins d\u2019\u00e9nergie. Avec une structure simple et un poids l\u00e9ger, le c\u00e2ble de d\u00e9rivation FTTH autoportant est fortement recommand\u00e9 pour la connexion du c\u00e2blage ext\u00e9rieur et int\u00e9rieur.<\/p>\n<p><img fetchpriority=\"high\" decoding=\"async\" class=\"alignnone size-full wp-image-10642\" src=\"https:\/\/www.omccable.com\/wp-content\/uploads\/2024\/04\/20161029120811_101-2.jpg\" alt=\"1F Aerial Self-support FTTH Drop cable--Stranded wire+FRP\" width=\"1100\" height=\"494\" srcset=\"https:\/\/www.omccable.com\/wp-content\/uploads\/2024\/04\/20161029120811_101-2.jpg 1100w, https:\/\/www.omccable.com\/wp-content\/uploads\/2024\/04\/20161029120811_101-2-300x135.jpg 300w, https:\/\/www.omccable.com\/wp-content\/uploads\/2024\/04\/20161029120811_101-2-800x359.jpg 800w, https:\/\/www.omccable.com\/wp-content\/uploads\/2024\/04\/20161029120811_101-2-768x345.jpg 768w\" sizes=\"(max-width: 1100px) 100vw, 1100px\" \/><\/p>","protected":false},"excerpt":{"rendered":"<p>Le c\u00e2ble de d\u00e9rivation FTTH autosupport a\u00e9rien 1F d'OMC est un c\u00e2ble de d\u00e9rivation FTTH ext\u00e9rieur \u00e0 haute r\u00e9sistance. Pour construire le c\u00e2ble, la fibre SM G657A1 ou G657A2 est situ\u00e9e au centre g\u00e9om\u00e9trique de la forme en forme de papillon. Deux tiges parall\u00e8les en plastique renforc\u00e9 de fibre de verre (GFRP) sont plac\u00e9es diam\u00e9tralement oppos\u00e9es de chaque c\u00f4t\u00e9 de l'\u00e2me de la fibre. Afin de [\u2026]<\/p>","protected":false},"featured_media":10639,"comment_status":"closed","ping_status":"closed","template":"","meta":{"site-sidebar-layout":"default","site-content-layout":"","ast-site-content-layout":"default","site-content-style":"default","site-sidebar-style":"default","ast-global-header-display":"","ast-banner-title-visibility":"","ast-main-header-display":"","ast-hfb-above-header-display":"","ast-hfb-below-header-display":"","ast-hfb-mobile-header-display":"","site-post-title":"","ast-breadcrumbs-content":"","ast-featured-img":"","footer-sml-layout":"","theme-transparent-header-meta":"default","adv-header-id-meta":"","stick-header-meta":"default","header-above-stick-meta":"","header-main-stick-meta":"","header-below-stick-meta":"","astra-migrate-meta-layouts":"set","ast-page-background-enabled":"default","ast-page-background-meta":{"desktop":{"background-color":"var(--ast-global-color-4)","background-image":"","background-repeat":"repeat","background-position":"center center","background-size":"auto","background-attachment":"scroll","background-type":"","background-media":"","overlay-type":"","overlay-color":"","overlay-gradient":""},"tablet":{"background-color":"","background-image":"","background-repeat":"repeat","background-position":"center center","background-size":"auto","background-attachment":"scroll","background-type":"","background-media":"","overlay-type":"","overlay-color":"","overlay-gradient":""},"mobile":{"background-color":"","background-image":"","background-repeat":"repeat","background-position":"center center","background-size":"auto","background-attachment":"scroll","background-type":"","background-media":"","overlay-type":"","overlay-color":"","overlay-gradient":""}},"ast-content-background-meta":{"desktop":{"background-color":"var(--ast-global-color-5)","background-image":"","background-repeat":"repeat","background-position":"center center","background-size":"auto","background-attachment":"scroll","background-type":"","background-media":"","overlay-type":"","overlay-color":"","overlay-gradient":""},"tablet":{"background-color":"var(--ast-global-color-5)","background-image":"","background-repeat":"repeat","background-position":"center center","background-size":"auto","background-attachment":"scroll","background-type":"","background-media":"","overlay-type":"","overlay-color":"","overlay-gradient":""},"mobile":{"background-color":"var(--ast-global-color-5)","background-image":"","background-repeat":"repeat","background-position":"center center","background-size":"auto","background-attachment":"scroll","background-type":"","background-media":"","overlay-type":"","overlay-color":"","overlay-gradient":""}}},"product_cat":[135,122,168],"product_tag":[],"class_list":{"0":"post-10638","1":"product","2":"type-product","3":"status-publish","4":"has-post-thumbnail","6":"product_cat-aerial-self-support-ftth-drop-cable","7":"product_cat-ftth-drop-cable","8":"product_cat-recommended-products","9":"desktop-align-left","10":"tablet-align-left","11":"mobile-align-left","12":"ast-product-gallery-layout-horizontal-slider","13":"ast-product-tabs-layout-horizontal","15":"first","16":"instock","17":"shipping-taxable","18":"product-type-simple"},"acf":[],"_links":{"self":[{"href":"https:\/\/www.omccable.com\/fr\/wp-json\/wp\/v2\/product\/10638","targetHints":{"allow":["GET"]}}],"collection":[{"href":"https:\/\/www.omccable.com\/fr\/wp-json\/wp\/v2\/product"}],"about":[{"href":"https:\/\/www.omccable.com\/fr\/wp-json\/wp\/v2\/types\/product"}],"replies":[{"embeddable":true,"href":"https:\/\/www.omccable.com\/fr\/wp-json\/wp\/v2\/comments?post=10638"}],"version-history":[{"count":2,"href":"https:\/\/www.omccable.com\/fr\/wp-json\/wp\/v2\/product\/10638\/revisions"}],"predecessor-version":[{"id":13298,"href":"https:\/\/www.omccable.com\/fr\/wp-json\/wp\/v2\/product\/10638\/revisions\/13298"}],"wp:featuredmedia":[{"embeddable":true,"href":"https:\/\/www.omccable.com\/fr\/wp-json\/wp\/v2\/media\/10639"}],"wp:attachment":[{"href":"https:\/\/www.omccable.com\/fr\/wp-json\/wp\/v2\/media?parent=10638"}],"wp:term":[{"taxonomy":"product_cat","embeddable":true,"href":"https:\/\/www.omccable.com\/fr\/wp-json\/wp\/v2\/product_cat?post=10638"},{"taxonomy":"product_tag","embeddable":true,"href":"https:\/\/www.omccable.com\/fr\/wp-json\/wp\/v2\/product_tag?post=10638"}],"curies":[{"name":"wp","href":"https:\/\/api.w.org\/{rel}","templated":true}]}}