{"id":10579,"date":"2024-04-26T15:57:04","date_gmt":"2024-04-26T07:57:04","guid":{"rendered":"https:\/\/www.omccable.com\/?post_type=product&#038;p=10579"},"modified":"2025-07-28T10:29:03","modified_gmt":"2025-07-28T02:29:03","slug":"1-core-2x3mm-butterfly-flat-ftth-drop-cable","status":"publish","type":"product","link":"https:\/\/www.omccable.com\/fr\/produit\/1-core-2x3mm-butterfly-flat-ftth-drop-cable\/","title":{"rendered":"C\u00e2ble de d\u00e9rivation FTTH plat papillon 1 noyau 2x3mm"},"content":{"rendered":"<p>Le c\u00e2ble de d\u00e9rivation FTTH plat papillon \u00e0 1 noyau 2x3 mm est un c\u00e2ble \u00e0 structure plate de type arc. Des unit\u00e9s de fibre optique SM G657A1 ou G657A2 sont positionn\u00e9es au centre. Deux tiges parall\u00e8les en plastique renforc\u00e9 de fibres (FRP) sont plac\u00e9es diam\u00e9tralement oppos\u00e9es de chaque c\u00f4t\u00e9 du noyau de fibre. Les tiges des \u00e9l\u00e9ments de renforcement et l'\u00e2me de la fibre sont ensuite encapsul\u00e9es dans une gaine LSZH durable pour cr\u00e9er une section transversale de c\u00e2ble plate et apporter une protection suppl\u00e9mentaire \u00e0 l'\u00e2me du c\u00e2ble.<\/p>\n<p>Ce c\u00e2ble de d\u00e9rivation int\u00e9rieur FTTH est con\u00e7u pour les installations de fibre optique \u00e0 domicile.<\/p>\n<p>&nbsp;<\/p>\n<p><strong>Fonctionnalit\u00e9<\/strong><\/p>\n<ul>\n<li>Bonnes performances d'\u00e9tanch\u00e9it\u00e9<\/li>\n<li>La fibre sp\u00e9ciale \u00e0 faible sensibilit\u00e9 aux courbures offre une bande passante \u00e9lev\u00e9e et d'excellentes propri\u00e9t\u00e9s de transmission de communication<\/li>\n<li>Deux \u00e9l\u00e9ments de r\u00e9sistance parall\u00e8les en FRP assurent de bonnes performances de r\u00e9sistance \u00e0 l'\u00e9crasement pour prot\u00e9ger la fibre<\/li>\n<li>Structure simple, l\u00e9g\u00e8ret\u00e9 et grande praticabilit\u00e9<\/li>\n<li>Le nombre de fibres est de 1 \u00e0 12 c\u0153urs, il peut s'agir d'autres c\u0153urs de fibres sur demande.<\/li>\n<li>Nouvelle conception de fl\u00fbte, d\u00e9nudage et \u00e9pissure faciles, simplifie l'installation et la maintenance<\/li>\n<li>Gaine \u00e0 faible fum\u00e9e, sans halog\u00e8ne et ignifuge<\/li>\n<\/ul>\n<p>&nbsp;<\/p>\n<p><strong>Sp\u00e9cification du c\u00e2ble<\/strong><strong>:<\/strong><\/p>\n<table style=\"font-size: 16px; font-style: normal;\">\n<tbody>\n<tr>\n<td width=\"290\">Nombre de fibres<\/td>\n<td width=\"386\">1F<\/td>\n<\/tr>\n<tr>\n<td rowspan=\"2\" width=\"290\">Membre de force<\/td>\n<td width=\"386\">FRP\/ fil d'acier<\/td>\n<\/tr>\n<tr>\n<td width=\"386\">0,45-0,52 mm<\/td>\n<\/tr>\n<tr>\n<td width=\"290\">Diam\u00e8tre du c\u00e2ble (mm) env.<\/td>\n<td width=\"386\">2,0*3,0(\u00b10,1)<\/td>\n<\/tr>\n<tr>\n<td width=\"290\">Poids du c\u00e2ble (kg\/km) Environ<\/td>\n<td width=\"386\">7\/10<\/td>\n<\/tr>\n<tr>\n<td width=\"290\">R\u00e9sistance \u00e0 la traction \u00e0 court\/long terme (N)<\/td>\n<td width=\"386\">200\/100 pour \u00e9l\u00e9ment de renfort en fil d'acier<\/p>\n<p>80\/40 pour \u00e9l\u00e9ment de renfort en fil FRP<\/td>\n<\/tr>\n<tr>\n<td width=\"290\">R\u00e9sistance \u00e0 l'\u00e9crasement court\/long terme (N\/100mm)<\/td>\n<td width=\"386\">1000\/500<\/td>\n<\/tr>\n<tr>\n<td width=\"290\">Plage de temp\u00e9rature de fonctionnement (\u00b0C)<\/td>\n<td width=\"386\">-40\u00b0C ~+70\u00b0C<\/td>\n<\/tr>\n<\/tbody>\n<\/table>\n<p>&nbsp;<\/p>\n<p><strong>Principales performances m\u00e9caniques et environnementales<\/strong><\/p>\n<table>\n<tbody>\n<tr>\n<td width=\"151\">Articles<\/td>\n<td width=\"164\">Norme d'essai<\/td>\n<td width=\"164\">Valeur sp\u00e9cifi\u00e9e<\/td>\n<td width=\"198\">Exigences<\/td>\n<\/tr>\n<tr>\n<td width=\"151\">Tensions<\/td>\n<td width=\"164\">CEI 60794-1-2-E1<\/td>\n<td width=\"164\">Voir Donn\u00e9es techniques<\/td>\n<td width=\"198\">Att\u00e9nuation suppl\u00e9mentaire :<\/p>\n<p>\u22640,4dB apr\u00e8s test<\/td>\n<\/tr>\n<tr>\n<td width=\"151\">R\u00e9sistance \u00e0 l'\u00e9crasement<\/td>\n<td width=\"164\">CEI 60794-1-2-E3<\/td>\n<td width=\"164\">Voir Donn\u00e9es techniques<\/td>\n<td width=\"198\">Att\u00e9nuation suppl\u00e9mentaire :<\/p>\n<p>\u22640,4dB apr\u00e8s test<\/td>\n<\/tr>\n<tr>\n<td width=\"151\">Impact<\/td>\n<td width=\"164\">CEI 60794-1-2-E4<\/td>\n<td width=\"164\">R=300mm, 10Nm,<\/p>\n<p>un sur 3 endroits diff\u00e9rents<\/td>\n<td width=\"198\">Att\u00e9nuation suppl\u00e9mentaire :<\/p>\n<p>\u22640,4dB apr\u00e8s test<\/td>\n<\/tr>\n<tr>\n<td width=\"151\">Flexion r\u00e9p\u00e9t\u00e9e<\/td>\n<td width=\"164\">CEI 60794-1-2-E6<\/td>\n<td width=\"164\">R=30H<\/td>\n<td width=\"198\">Att\u00e9nuation suppl\u00e9mentaire :<\/p>\n<p>\u22640,4dB apr\u00e8s test<\/td>\n<\/tr>\n<tr>\n<td width=\"151\">Cyclisme de temp\u00e9rature<\/td>\n<td width=\"164\">CEI 60794-1-2-F1<\/td>\n<td width=\"164\">-20 \u2103~+60 \u2103<\/td>\n<td width=\"198\">Changement d'att\u00e9nuation :<\/p>\n<p>\u22640,4dB\/km apr\u00e8s test<\/td>\n<\/tr>\n<tr>\n<td width=\"151\">Torsion<\/td>\n<td width=\"164\">CEI 60794-1-2 M\u00e9thode E7<\/td>\n<td width=\"164\"><\/td>\n<td width=\"198\">Aucun changement \u00e9vident apr\u00e8s le test<\/td>\n<\/tr>\n<tr>\n<td width=\"151\">Courbure du c\u00e2ble<\/td>\n<td width=\"164\">CEI 60794-1-2 M\u00e9thode E11<\/td>\n<td width=\"164\"><\/td>\n<td width=\"198\">Aucun changement \u00e9vident apr\u00e8s le test<\/td>\n<\/tr>\n<\/tbody>\n<\/table>\n<p><strong>\u00a0<\/strong><\/p>\n<p><strong>Caract\u00e9ristique des fibres<\/strong><\/p>\n<table>\n<tbody>\n<tr>\n<td rowspan=\"2\" width=\"167\"><strong><b>Param\u00e8tre<\/b><\/strong><\/td>\n<td rowspan=\"2\" width=\"96\"><strong><b>Conditions<\/b><\/strong><\/td>\n<td rowspan=\"2\" width=\"85\"><strong><b>Unit\u00e9s<\/b><\/strong><\/td>\n<td colspan=\"4\" width=\"330\"><strong><b>Valeur<\/b><\/strong><\/td>\n<\/tr>\n<tr>\n<td width=\"85\"><strong><b>G652D<\/b><\/strong><\/td>\n<td width=\"85\"><strong><b>G657A1<\/b><\/strong><\/td>\n<td width=\"85\"><strong><b>G657A2<\/b><\/strong><\/td>\n<td width=\"75\"><strong><b>G657B3<\/b><\/strong><\/td>\n<\/tr>\n<tr>\n<td colspan=\"3\" width=\"349\"><strong><b>Sp\u00e9cification optique<\/b><\/strong><\/td>\n<td colspan=\"4\" width=\"330\"><strong><b>\u3000<\/b><\/strong><\/td>\n<\/tr>\n<tr>\n<td rowspan=\"4\" width=\"167\">Att\u00e9nuation<\/td>\n<td width=\"96\">1310 nm<\/td>\n<td width=\"85\">dB\/km<\/td>\n<td width=\"85\">\u22640,350<\/td>\n<td width=\"85\">\u22640,350<\/td>\n<td width=\"85\">\u22640,350<\/td>\n<td width=\"75\">\u22640,350<\/td>\n<\/tr>\n<tr>\n<td width=\"96\">1383 nm<\/td>\n<td width=\"85\">dB\/km<\/td>\n<td width=\"85\">\u22640,330<\/td>\n<td width=\"85\">\u22640,350<\/td>\n<td width=\"85\">\u22640,350<\/td>\n<td width=\"75\">\u22640,350<\/td>\n<\/tr>\n<tr>\n<td width=\"96\">1550 nm<\/td>\n<td width=\"85\">dB\/km<\/td>\n<td width=\"85\">\u22640,210<\/td>\n<td width=\"85\">\u22640,210<\/td>\n<td width=\"85\">\u22640,210<\/td>\n<td width=\"75\">\u22640,210<\/td>\n<\/tr>\n<tr>\n<td width=\"96\">1625 nm<\/td>\n<td width=\"85\">dB\/km<\/td>\n<td width=\"85\">\u22640,240<\/td>\n<td width=\"85\">\u22640,230<\/td>\n<td width=\"85\">\u22640,230<\/td>\n<td width=\"75\">\u22640,230<\/td>\n<\/tr>\n<tr>\n<td rowspan=\"3\" width=\"167\">Att\u00e9nuation par rapport \u00e0 la longueur d'onde<\/td>\n<td width=\"96\">1310 nm VS. 1 285-1 330 nm<\/td>\n<td width=\"85\">dB\/km<\/td>\n<td width=\"85\">\u22640,04<\/td>\n<td width=\"85\">\u22640,04<\/td>\n<td width=\"85\">\u22640,05<\/td>\n<td width=\"75\">\u22640,03<\/td>\n<\/tr>\n<tr>\n<td width=\"96\">1550 nm VS. 1525-1575 nm<\/td>\n<td width=\"85\">dB\/km<\/td>\n<td width=\"85\">\u22640,03<\/td>\n<td width=\"85\">\u22640,03<\/td>\n<td width=\"85\">\u22640,04<\/td>\n<td width=\"75\">\u22640,02<\/td>\n<\/tr>\n<tr>\n<td width=\"96\">1550 nm VS. 1 480-1 580 nm<\/td>\n<td width=\"85\">dB\/km<\/td>\n<td width=\"85\">\u22640,04<\/td>\n<td width=\"85\">\u2013<\/td>\n<td width=\"85\">\u2013<\/td>\n<td width=\"75\">\u2013<\/td>\n<\/tr>\n<tr>\n<td width=\"167\">Longueur d'onde \u00e0 dispersion nulle<\/td>\n<td rowspan=\"2\" width=\"96\">\\<\/td>\n<td width=\"85\">nm<\/td>\n<td width=\"85\">1300-1324<\/td>\n<td width=\"85\">1300-1324<\/td>\n<td width=\"85\">1300-1324<\/td>\n<td width=\"75\">1300-1324<\/td>\n<\/tr>\n<tr>\n<td width=\"167\">Pente de dispersion nulle<\/td>\n<td width=\"85\">ps\/(nm<sup>2<\/sup>\u00b7km)<\/td>\n<td width=\"85\">0.073-0.092<\/td>\n<td width=\"85\">0.073-0.092<\/td>\n<td width=\"85\">0.073-0.092<\/td>\n<td width=\"75\">\u22640,092<\/td>\n<\/tr>\n<tr>\n<td rowspan=\"2\" width=\"167\">Dispersion<\/td>\n<td width=\"96\">1550 nm<\/td>\n<td width=\"85\">ps\/(nm\u00b7km)<\/td>\n<td width=\"85\">13.3-18.6<\/td>\n<td width=\"85\">13.3-18.6<\/td>\n<td width=\"85\">13.3-18.6<\/td>\n<td width=\"75\"><\/td>\n<\/tr>\n<tr>\n<td width=\"96\">1625 nm<\/td>\n<td width=\"85\">ps\/(nm\u00b7km)<\/td>\n<td width=\"85\">17.2-23.7<\/td>\n<td width=\"85\">17.2-23.7<\/td>\n<td width=\"85\">17.2-23.7<\/td>\n<td width=\"75\"><\/td>\n<\/tr>\n<tr>\n<td colspan=\"2\" width=\"264\">Dispersion du mode de polarisation (PMD)<\/td>\n<td width=\"85\">ps\/\u221akm<\/td>\n<td width=\"85\">\u22640,2<\/td>\n<td width=\"85\">\u22640,2<\/td>\n<td width=\"85\">\u22640,2<\/td>\n<td width=\"75\">\u22640,2<\/td>\n<\/tr>\n<tr>\n<td width=\"167\">Longueur d'onde de coupure \u03bbcc<\/td>\n<td width=\"96\">\u2013<\/td>\n<td width=\"85\">nm<\/td>\n<td width=\"85\">\u22641260<\/td>\n<td width=\"85\">\u22641260<\/td>\n<td width=\"85\">\u22641260<\/td>\n<td width=\"75\">\u22641260<\/td>\n<\/tr>\n<tr>\n<td rowspan=\"2\" width=\"167\">Diam\u00e8tre du champ de mode (MFD)<\/td>\n<td width=\"96\">1310 nm<\/td>\n<td width=\"85\">\u00b5m<\/td>\n<td width=\"85\">9,2 \u00b1 0,4<\/td>\n<td width=\"85\">9,2 \u00b1 0,4<\/td>\n<td width=\"85\">8,6 \u00b1 0,4<\/td>\n<td width=\"75\">8,6 \u00b1 0,4<\/td>\n<\/tr>\n<tr>\n<td width=\"96\">1550 nm<\/td>\n<td width=\"85\">\u00b5m<\/td>\n<td width=\"85\">10,4 \u00b1 0,5<\/td>\n<td width=\"85\">10,4 \u00b1 0,5<\/td>\n<td width=\"85\">9,6 \u00b1 0,5<\/td>\n<td width=\"75\">9,6 \u00b1 0,5<\/td>\n<\/tr>\n<tr>\n<td rowspan=\"2\" width=\"167\">Discontinuit\u00e9 d'att\u00e9nuation<\/td>\n<td width=\"96\">1310 nm<\/td>\n<td width=\"85\">dB<\/td>\n<td width=\"85\">\u22640,03<\/td>\n<td width=\"85\">\u22640,03<\/td>\n<td width=\"85\">\u22640,03<\/td>\n<td width=\"75\">\u22640,03<\/td>\n<\/tr>\n<tr>\n<td width=\"96\">1550 nm<\/td>\n<td width=\"85\">dB<\/td>\n<td width=\"85\">\u22640,03<\/td>\n<td width=\"85\">\u22640,03<\/td>\n<td width=\"85\">\u22640,03<\/td>\n<td width=\"75\">\u22640,03<\/td>\n<\/tr>\n<tr>\n<td rowspan=\"2\" width=\"167\">Att\u00e9nuation bidirectionnelle<\/td>\n<td width=\"96\">1310 nm<\/td>\n<td width=\"85\">dB\/km<\/td>\n<td width=\"85\">\u22640,04<\/td>\n<td width=\"85\"><\/td>\n<td width=\"85\"><\/td>\n<td width=\"75\">\u22640,05<\/td>\n<\/tr>\n<tr>\n<td width=\"96\">1550 nm<\/td>\n<td width=\"85\">dB\/km<\/td>\n<td width=\"85\">\u22640,04<\/td>\n<td width=\"85\"><\/td>\n<td width=\"85\"><\/td>\n<td width=\"75\">\u22640,05<\/td>\n<\/tr>\n<tr>\n<td colspan=\"3\" width=\"349\"><strong><b>G\u00e9om\u00e9trique<\/b><\/strong><\/td>\n<td colspan=\"4\" width=\"330\"><\/td>\n<\/tr>\n<tr>\n<td colspan=\"2\" width=\"264\">Diam\u00e8tre du rev\u00eatement<\/td>\n<td width=\"85\">\u00b5m<\/td>\n<td width=\"85\">125 \u00b1 0,7<\/td>\n<td width=\"85\">125 \u00b1 0,7<\/td>\n<td width=\"85\">125 \u00b1 0,7<\/td>\n<td width=\"75\">125 \u00b1 0,7<\/td>\n<\/tr>\n<tr>\n<td colspan=\"2\" width=\"264\">Non-circularit\u00e9 du rev\u00eatement<\/td>\n<td width=\"85\">%<\/td>\n<td width=\"85\">\u22641,0<\/td>\n<td width=\"85\">\u22641,0<\/td>\n<td width=\"85\">\u22640,8<\/td>\n<td width=\"75\">\u22640,7<\/td>\n<\/tr>\n<tr>\n<td colspan=\"2\" width=\"264\">Erreur de concentricit\u00e9 noyau\/gaine<\/td>\n<td width=\"85\">\u00b5m<\/td>\n<td width=\"85\">\u22640,6<\/td>\n<td width=\"85\">\u22640,5<\/td>\n<td width=\"85\">\u22640,5<\/td>\n<td width=\"75\">\u22640,5<\/td>\n<\/tr>\n<tr>\n<td colspan=\"2\" rowspan=\"2\" width=\"264\">Diam\u00e8tre du rev\u00eatement (non color\u00e9)<\/td>\n<td width=\"85\">\u00b5m<\/td>\n<td colspan=\"4\" width=\"330\">242 \u00b1 7 (standard)<\/td>\n<\/tr>\n<tr>\n<td width=\"85\">\u00b5m<\/td>\n<td colspan=\"4\" width=\"330\">200 \u00b1 10 (facultatif)<\/td>\n<\/tr>\n<tr>\n<td colspan=\"2\" width=\"264\">Erreur de concentricit\u00e9 du rev\u00eatement\/rev\u00eatement<\/td>\n<td width=\"85\">\u00b5m<\/td>\n<td width=\"85\">\u226412<\/td>\n<td width=\"85\">\u226412<\/td>\n<td width=\"85\">\u226412<\/td>\n<td width=\"75\">\u226412<\/td>\n<\/tr>\n<tr>\n<td colspan=\"2\" width=\"264\">Boucler<\/td>\n<td width=\"85\">m<\/td>\n<td width=\"85\">\u22654<\/td>\n<td width=\"85\">\u22654<\/td>\n<td width=\"85\">\u22654<\/td>\n<td width=\"75\">\u22654<\/td>\n<\/tr>\n<tr>\n<td colspan=\"3\" width=\"349\"><strong><b>Environnemental (1 550 nm, 1 625 nm)<\/b><\/strong><\/td>\n<td colspan=\"4\" width=\"330\"><\/td>\n<\/tr>\n<tr>\n<td width=\"167\">Cyclisme de temp\u00e9rature<\/td>\n<td width=\"96\">-60\u2103 \u00e0 +85\u2103<\/td>\n<td width=\"85\">dB\/km<\/td>\n<td width=\"85\">\u22640,03<\/td>\n<td width=\"85\">\u22640,05<\/td>\n<td width=\"85\">\u22640,05<\/td>\n<td width=\"75\">\u22640,05<\/td>\n<\/tr>\n<tr>\n<td width=\"167\">Haute temp\u00e9rature et<\/p>\n<p>Humidit\u00e9 \u00e9lev\u00e9e<\/td>\n<td width=\"96\">85 \u2103, 85% RH, 30 jours<\/td>\n<td width=\"85\">dB\/km<\/td>\n<td width=\"85\">\u22640,03<\/td>\n<td width=\"85\">\u22640,05<\/td>\n<td width=\"85\">\u22640,05<\/td>\n<td width=\"75\">\u22640,05<\/td>\n<\/tr>\n<tr>\n<td width=\"167\">Immersion dans l'eau<\/td>\n<td width=\"96\">23\u2103, 30 jours<\/td>\n<td width=\"85\">dB\/km<\/td>\n<td width=\"85\">\u22640,03<\/td>\n<td width=\"85\">\u22640,05<\/td>\n<td width=\"85\">\u22640,05<\/td>\n<td width=\"75\">\u22640,05<\/td>\n<\/tr>\n<tr>\n<td width=\"167\">Vieillissement \u00e0 haute temp\u00e9rature<\/td>\n<td width=\"96\">85 \u2103, 30 jours<\/td>\n<td width=\"85\">dB\/km<\/td>\n<td width=\"85\">\u22640,03<\/td>\n<td width=\"85\">\u22640,05<\/td>\n<td width=\"85\">\u22640,05<\/td>\n<td width=\"75\">\u22640,05<\/td>\n<\/tr>\n<\/tbody>\n<\/table>\n<p>&nbsp;<\/p>\n<p><strong>Demande :<\/strong><\/p>\n<p>R\u00e9seau d'acc\u00e8s<\/p>\n<p>R\u00e9seau local (LAN)<\/p>\n<p>C\u00e2blage direct des utilisateurs finaux<\/p>\n<p>Syst\u00e8me de communication \u00e0 fibre optique<\/p>\n<p>C\u00e2blage et distribution int\u00e9rieur FTTH (fibre jusqu'au domicile)<\/p>\n<p>&nbsp;<\/p>\n<p><strong>Utilisation id\u00e9ale du c\u00e2ble de d\u00e9rivation FTTH int\u00e9rieur plat Butterfly<\/strong><\/p>\n<p>Le c\u00e2ble de d\u00e9rivation int\u00e9rieur plat Butterfly est largement utilis\u00e9 dans le syst\u00e8me de r\u00e9seau fibre optique domestique (FTTH), qui peut connecter directement la ligne de communication du LAN aux utilisateurs finaux. Le c\u00e2ble plat Butterfly utilise une fibre sp\u00e9ciale \u00e0 faible sensibilit\u00e9 \u00e0 la courbure pour fournir une bande passante \u00e9lev\u00e9e et une excellente transmission de communication. Il est tr\u00e8s appropri\u00e9 pour le c\u00e2blage int\u00e9rieur, le c\u00e2blage direct des utilisateurs finaux et l'acc\u00e8s au r\u00e9seau.<\/p>\n<p><img fetchpriority=\"high\" decoding=\"async\" class=\"alignnone size-full wp-image-10588\" src=\"https:\/\/www.omccable.com\/wp-content\/uploads\/2024\/04\/20161031140453_334.jpg\" alt=\"1 core 2x3mm Butterfly flat FTTH drop cable\" width=\"1100\" height=\"452\" srcset=\"https:\/\/www.omccable.com\/wp-content\/uploads\/2024\/04\/20161031140453_334.jpg 1100w, https:\/\/www.omccable.com\/wp-content\/uploads\/2024\/04\/20161031140453_334-300x123.jpg 300w, https:\/\/www.omccable.com\/wp-content\/uploads\/2024\/04\/20161031140453_334-800x329.jpg 800w, https:\/\/www.omccable.com\/wp-content\/uploads\/2024\/04\/20161031140453_334-768x316.jpg 768w\" sizes=\"(max-width: 1100px) 100vw, 1100px\" \/><\/p>","protected":false},"excerpt":{"rendered":"<p>Le c\u00e2ble de d\u00e9rivation FTTH plat papillon \u00e0 1 noyau 2x3 mm est un c\u00e2ble \u00e0 structure plate de type arc. Des unit\u00e9s de fibre optique SM G657A1 ou G657A2 sont positionn\u00e9es au centre. Deux tiges parall\u00e8les en plastique renforc\u00e9 de fibres (FRP) sont plac\u00e9es diam\u00e9tralement oppos\u00e9es de chaque c\u00f4t\u00e9 du noyau de fibre. Les tiges de l'\u00e9l\u00e9ment de renforcement et le noyau en fibre sont ensuite encapsul\u00e9s [\u2026]<\/p>","protected":false},"featured_media":10581,"comment_status":"closed","ping_status":"closed","template":"","meta":{"site-sidebar-layout":"default","site-content-layout":"","ast-site-content-layout":"default","site-content-style":"default","site-sidebar-style":"default","ast-global-header-display":"","ast-banner-title-visibility":"","ast-main-header-display":"","ast-hfb-above-header-display":"","ast-hfb-below-header-display":"","ast-hfb-mobile-header-display":"","site-post-title":"","ast-breadcrumbs-content":"","ast-featured-img":"","footer-sml-layout":"","theme-transparent-header-meta":"default","adv-header-id-meta":"","stick-header-meta":"default","header-above-stick-meta":"","header-main-stick-meta":"","header-below-stick-meta":"","astra-migrate-meta-layouts":"set","ast-page-background-enabled":"default","ast-page-background-meta":{"desktop":{"background-color":"var(--ast-global-color-4)","background-image":"","background-repeat":"repeat","background-position":"center center","background-size":"auto","background-attachment":"scroll","background-type":"","background-media":"","overlay-type":"","overlay-color":"","overlay-gradient":""},"tablet":{"background-color":"","background-image":"","background-repeat":"repeat","background-position":"center center","background-size":"auto","background-attachment":"scroll","background-type":"","background-media":"","overlay-type":"","overlay-color":"","overlay-gradient":""},"mobile":{"background-color":"","background-image":"","background-repeat":"repeat","background-position":"center center","background-size":"auto","background-attachment":"scroll","background-type":"","background-media":"","overlay-type":"","overlay-color":"","overlay-gradient":""}},"ast-content-background-meta":{"desktop":{"background-color":"var(--ast-global-color-5)","background-image":"","background-repeat":"repeat","background-position":"center center","background-size":"auto","background-attachment":"scroll","background-type":"","background-media":"","overlay-type":"","overlay-color":"","overlay-gradient":""},"tablet":{"background-color":"var(--ast-global-color-5)","background-image":"","background-repeat":"repeat","background-position":"center center","background-size":"auto","background-attachment":"scroll","background-type":"","background-media":"","overlay-type":"","overlay-color":"","overlay-gradient":""},"mobile":{"background-color":"var(--ast-global-color-5)","background-image":"","background-repeat":"repeat","background-position":"center center","background-size":"auto","background-attachment":"scroll","background-type":"","background-media":"","overlay-type":"","overlay-color":"","overlay-gradient":""}}},"product_cat":[134,122],"product_tag":[],"class_list":{"0":"post-10579","1":"product","2":"type-product","3":"status-publish","4":"has-post-thumbnail","6":"product_cat-butterfly-flat-ftth-drop-cable","7":"product_cat-ftth-drop-cable","8":"desktop-align-left","9":"tablet-align-left","10":"mobile-align-left","11":"ast-product-gallery-layout-horizontal-slider","12":"ast-product-tabs-layout-horizontal","14":"first","15":"instock","16":"shipping-taxable","17":"product-type-simple"},"acf":[],"_links":{"self":[{"href":"https:\/\/www.omccable.com\/fr\/wp-json\/wp\/v2\/product\/10579","targetHints":{"allow":["GET"]}}],"collection":[{"href":"https:\/\/www.omccable.com\/fr\/wp-json\/wp\/v2\/product"}],"about":[{"href":"https:\/\/www.omccable.com\/fr\/wp-json\/wp\/v2\/types\/product"}],"replies":[{"embeddable":true,"href":"https:\/\/www.omccable.com\/fr\/wp-json\/wp\/v2\/comments?post=10579"}],"version-history":[{"count":10,"href":"https:\/\/www.omccable.com\/fr\/wp-json\/wp\/v2\/product\/10579\/revisions"}],"predecessor-version":[{"id":13286,"href":"https:\/\/www.omccable.com\/fr\/wp-json\/wp\/v2\/product\/10579\/revisions\/13286"}],"wp:featuredmedia":[{"embeddable":true,"href":"https:\/\/www.omccable.com\/fr\/wp-json\/wp\/v2\/media\/10581"}],"wp:attachment":[{"href":"https:\/\/www.omccable.com\/fr\/wp-json\/wp\/v2\/media?parent=10579"}],"wp:term":[{"taxonomy":"product_cat","embeddable":true,"href":"https:\/\/www.omccable.com\/fr\/wp-json\/wp\/v2\/product_cat?post=10579"},{"taxonomy":"product_tag","embeddable":true,"href":"https:\/\/www.omccable.com\/fr\/wp-json\/wp\/v2\/product_tag?post=10579"}],"curies":[{"name":"wp","href":"https:\/\/api.w.org\/{rel}","templated":true}]}}