{"id":12751,"date":"2024-11-30T11:15:13","date_gmt":"2024-11-30T03:15:13","guid":{"rendered":"https:\/\/www.omccable.com\/?post_type=product&#038;p=12751"},"modified":"2024-11-30T11:15:14","modified_gmt":"2024-11-30T03:15:14","slug":"1f-0-9mm-invisible-fttr-cable","status":"publish","type":"product","link":"https:\/\/www.omccable.com\/es\/producto\/1f-0-9mm-invisible-fttr-cable\/","title":{"rendered":"Cable FTTR invisible 1F de 0,9 mm"},"content":{"rendered":"<p>El cable FTTR invisible 1F de 0,9 mm se produce a medida que la fibra est\u00e1 recubierta por un material amortiguador de PVC. La selecci\u00f3n de fibra de alta calidad, equipos de producci\u00f3n espec\u00edficos y matrices dise\u00f1adas con precisi\u00f3n logran el mejor rendimiento del producto.<\/p>\n<p>&nbsp;<\/p>\n<p><strong><b>F<\/b><\/strong><strong><b>caracter\u00edsticas:<\/b><\/strong><\/p>\n<ul>\n<li>Seleccione fibra de calidad para garantizar un excelente rendimiento de transmisi\u00f3n<\/li>\n<li>Adoptar un estricto control de procesos y materias primas para garantizar una vida \u00fatil de 15 a\u00f1os<\/li>\n<li>Buena uniformidad del di\u00e1metro de la fibra amortiguadora y excelente capacidad de decapado.<\/li>\n<li>Buen rendimiento de retardante de llama. Peque\u00f1o radio de curvatura.<\/li>\n<li>Excelente desempe\u00f1o mec\u00e1nico y ambiental.<\/li>\n<li>Fibra desnuda coloreada disponible<\/li>\n<\/ul>\n<p>&nbsp;<\/p>\n<p><strong><b>Cable<\/b><\/strong><strong><b>\u00a0Par\u00e1metro de estructura<\/b><\/strong><\/p>\n<table>\n<tbody>\n<tr>\n<td width=\"174\"><strong>Tipo de fibra<\/strong><\/td>\n<td width=\"489\">G657A1,G657A2,G657B3<\/td>\n<\/tr>\n<tr>\n<td width=\"174\"><strong>Tipo almacenado en b\u00fafer<\/strong><\/td>\n<td width=\"489\">Amortiguador estrecho<\/td>\n<\/tr>\n<tr>\n<td width=\"174\"><strong>Material del abrigo<\/strong><\/td>\n<td width=\"489\">PVC (Transparente)<\/td>\n<\/tr>\n<tr>\n<td width=\"174\"><strong>OD(um)<\/strong><\/td>\n<td width=\"489\">900<\/td>\n<\/tr>\n<tr>\n<td width=\"174\"><strong>Radio de curvatura m\u00ednimo<\/strong><\/td>\n<td width=\"489\">Din\u00e1mico 20D; Est\u00e1tico 10D (espera G657)<\/td>\n<\/tr>\n<tr>\n<td width=\"174\"><strong>Color del revestimiento<\/strong><\/td>\n<td width=\"489\">Transparente<\/td>\n<\/tr>\n<\/tbody>\n<\/table>\n<p>&nbsp;<\/p>\n<p><strong><b>Desempe\u00f1o mec\u00e1nico y ambiental<\/b><\/strong><\/p>\n<table>\n<tbody>\n<tr>\n<td width=\"151\"><strong>Art\u00edculo<\/strong><\/td>\n<td width=\"284\"><strong>Contenido<\/strong><\/td>\n<td width=\"236\"><strong>Valor<\/strong><\/td>\n<\/tr>\n<tr>\n<td rowspan=\"3\" width=\"151\">M\u00e1x. carga de tracci\u00f3n<\/td>\n<td width=\"284\">Corto plazo<\/td>\n<td width=\"236\">10N P\u00e9rdida adicional\u22640,03<\/td>\n<\/tr>\n<tr>\n<td width=\"284\">Fuerza de falla por tracci\u00f3n<\/td>\n<td width=\"236\">\u226565N<\/td>\n<\/tr>\n<tr>\n<td width=\"284\">Largo plazo<\/td>\n<td width=\"236\">5N P\u00e9rdida adicional\u22640,03<\/td>\n<\/tr>\n<tr>\n<td rowspan=\"2\" width=\"151\">M\u00e1x. resistencia al aplastamiento<\/td>\n<td width=\"284\">Corto plazo<\/td>\n<td width=\"236\">500N\/100mm<\/td>\n<\/tr>\n<tr>\n<td width=\"284\">Largo plazo<\/td>\n<td width=\"236\">100N\/100mm<\/td>\n<\/tr>\n<tr>\n<td rowspan=\"2\" width=\"151\">M\u00edn. radio de curvatura<\/td>\n<td width=\"284\">Instalaci\u00f3n<\/td>\n<td width=\"236\">10 x di\u00e1metro del cable<\/td>\n<\/tr>\n<tr>\n<td width=\"284\">Operaci\u00f3n<\/td>\n<td width=\"236\">5 x di\u00e1metro del cable<\/td>\n<\/tr>\n<tr>\n<td rowspan=\"3\" width=\"151\">Rango de temperatura<\/td>\n<td width=\"284\">Operaci\u00f3n<\/td>\n<td width=\"236\">-40\u2103 ~ +70\u2103<\/td>\n<\/tr>\n<tr>\n<td width=\"284\">Instalaci\u00f3n<\/td>\n<td width=\"236\">-20\u2103 ~ +60\u2103<\/td>\n<\/tr>\n<tr>\n<td width=\"284\">Almacenamiento\/transporte<\/td>\n<td width=\"236\">-40\u2103 ~ +70\u2103<\/td>\n<\/tr>\n<tr>\n<td width=\"151\">Impacto<\/td>\n<td colspan=\"2\" width=\"520\">0.5J 3 veces, No se ve ninguna grieta en la cubierta del cable, P\u00e9rdida adicional\u22640.4dB@1550nm<\/td>\n<\/tr>\n<tr>\n<td width=\"151\">Repetir doblado<\/td>\n<td colspan=\"2\" width=\"520\">5N 200 veces, sin grietas visuales en la funda del cable, p\u00e9rdida adicional \u22640,4 dB a 1550 nm<\/td>\n<\/tr>\n<tr>\n<td width=\"151\">Torsi\u00f3n<\/td>\n<td colspan=\"2\" width=\"520\">5N\u00b1180\u00b020 veces, sin grietas visuales en la funda del cable, p\u00e9rdida adicional \u22640,4 dB a 1550 nm<\/td>\n<\/tr>\n<\/tbody>\n<\/table>\n<p>&nbsp;<\/p>\n<p><strong><b>Solicitud<\/b><\/strong><\/p>\n<p>Se utiliza principalmente como cable de cableado en la secci\u00f3n de acceso de usuarios de fibra a la sala (FTTR) y otras redes de acceso \u00f3ptico (FTTx). Se puede ensamblar con conectores SC&amp;LC y proporciona a los instaladores una t\u00e9cnica r\u00e1pida y sencilla para implementar fibra sin problemas alrededor de z\u00f3calos, ventanas y molduras, manteni\u00e9ndola firmemente en su lugar y casi invisible para el observador casual.<\/p>\n<p>&nbsp;<\/p>\n<p><strong><b>Par\u00e1metros t\u00e9cnicos de fibra \u00f3ptica-SM<\/b><\/strong><\/p>\n<table>\n<tbody>\n<tr>\n<td rowspan=\"2\" width=\"188\"><strong><b>Par\u00e1metro<\/b><\/strong><\/td>\n<td rowspan=\"2\" width=\"117\"><strong><b>Condiciones<\/b><\/strong><\/td>\n<td rowspan=\"2\" width=\"86\"><strong><b>Unidades<\/b><\/strong><\/td>\n<td colspan=\"4\" width=\"301\"><strong><b>Valor<\/b><\/strong><\/td>\n<\/tr>\n<tr>\n<td width=\"80\"><strong><b>G652D<\/b><\/strong><\/td>\n<td width=\"69\"><strong><b>G657A1<\/b><\/strong><\/td>\n<td width=\"74\"><strong><b>G657A2<\/b><\/strong><\/td>\n<td width=\"77\"><strong><b>G657B3<\/b><\/strong><\/td>\n<\/tr>\n<tr>\n<td colspan=\"3\" width=\"392\"><strong><b>Especificaci\u00f3n \u00f3ptica<\/b><\/strong><\/td>\n<td colspan=\"4\" width=\"301\">&nbsp;<\/td>\n<\/tr>\n<tr>\n<td rowspan=\"6\" width=\"188\">Atenuaci\u00f3n<\/td>\n<td width=\"117\">850 nm<\/td>\n<td width=\"86\">dB\/km<\/td>\n<td width=\"80\">\u2013<\/td>\n<td width=\"69\">\u2013<\/td>\n<td width=\"74\">\u2013<\/td>\n<td width=\"77\">\u2013<\/td>\n<\/tr>\n<tr>\n<td width=\"117\">1300 nm<\/td>\n<td width=\"86\">dB\/km<\/td>\n<td width=\"80\">\u2013<\/td>\n<td width=\"69\">\u2013<\/td>\n<td width=\"74\">\u2013<\/td>\n<td width=\"77\">\u2013<\/td>\n<\/tr>\n<tr>\n<td width=\"117\">1310 nm<\/td>\n<td width=\"86\">dB\/km<\/td>\n<td width=\"80\">\u2264 0,350<\/td>\n<td width=\"69\">\u2264 0,350<\/td>\n<td width=\"74\">\u2264 0,350<\/td>\n<td width=\"77\">\u2264 0,350<\/td>\n<\/tr>\n<tr>\n<td width=\"117\">1383 nm<\/td>\n<td width=\"86\">dB\/km<\/td>\n<td width=\"80\">\u2264 0,330<\/td>\n<td width=\"69\">\u2264 0,350<\/td>\n<td width=\"74\">\u2264 0,350<\/td>\n<td width=\"77\">\u2264 0,350<\/td>\n<\/tr>\n<tr>\n<td width=\"117\">1550 nm<\/td>\n<td width=\"86\">dB\/km<\/td>\n<td width=\"80\">\u2264 0,210<\/td>\n<td width=\"69\">\u2264 0,210<\/td>\n<td width=\"74\">\u2264 0,210<\/td>\n<td width=\"77\">\u2264 0,210<\/td>\n<\/tr>\n<tr>\n<td width=\"117\">1625 nan\u00f3metro<\/td>\n<td width=\"86\">dB\/km<\/td>\n<td width=\"80\">\u2264 0,240<\/td>\n<td width=\"69\">\u2264 0,230<\/td>\n<td width=\"74\">\u2264 0,230<\/td>\n<td width=\"77\">\u2264 0,230<\/td>\n<\/tr>\n<tr>\n<td rowspan=\"3\" width=\"188\">Atenuaci\u00f3n frente a longitud de onda<\/td>\n<td width=\"117\">1310 nm VS. 1285-1330 nan\u00f3metro<\/td>\n<td width=\"86\">dB\/km<\/td>\n<td width=\"80\">\u2264 0,04<\/td>\n<td width=\"69\">\u2264 0,04<\/td>\n<td width=\"74\">\u2264 0,05<\/td>\n<td width=\"77\">\u2264 0,03<\/td>\n<\/tr>\n<tr>\n<td width=\"117\">1550 nm VS. 1525-1575 nan\u00f3metro<\/td>\n<td width=\"86\">dB\/km<\/td>\n<td width=\"80\">\u2264 0,03<\/td>\n<td width=\"69\">\u2264 0,03<\/td>\n<td width=\"74\">\u2264 0,04<\/td>\n<td width=\"77\">\u2264 0,02<\/td>\n<\/tr>\n<tr>\n<td width=\"117\">1550 nm VS. 1480-1580 nan\u00f3metro<\/td>\n<td width=\"86\">dB\/km<\/td>\n<td width=\"80\">\u2264 0,04<\/td>\n<td width=\"69\">\u2013<\/td>\n<td width=\"74\">\u2013<\/td>\n<td width=\"77\">\u2013<\/td>\n<\/tr>\n<tr>\n<td width=\"188\">Longitud de onda de dispersi\u00f3n cero<\/td>\n<td rowspan=\"2\" width=\"117\">\u2013<\/td>\n<td width=\"86\">nm<\/td>\n<td width=\"80\">1300-1324<\/td>\n<td width=\"69\">1300-1324<\/td>\n<td width=\"74\">1300-1324<\/td>\n<td width=\"77\">1300-1324<\/td>\n<\/tr>\n<tr>\n<td width=\"188\">Pendiente de dispersi\u00f3n cero<\/td>\n<td width=\"86\">ps\/(nm<sup>2<\/sup>\u00b7km)<\/td>\n<td width=\"80\">0.073-0.092<\/td>\n<td width=\"69\">0.073-0.092<\/td>\n<td width=\"74\">0.073-0.092<\/td>\n<td width=\"77\">\u2264 0,092<\/td>\n<\/tr>\n<tr>\n<td rowspan=\"2\" width=\"188\">Dispersi\u00f3n<\/td>\n<td width=\"117\">1550 nm<\/td>\n<td width=\"86\">ps\/(nm\u00b7km)<\/td>\n<td width=\"80\">13.3-18.6<\/td>\n<td width=\"69\">13.3-18.6<\/td>\n<td width=\"74\">13.3-18.6<\/td>\n<td width=\"77\">&nbsp;<\/td>\n<\/tr>\n<tr>\n<td width=\"117\">1625 nan\u00f3metro<\/td>\n<td width=\"86\">ps\/(nm\u00b7km)<\/td>\n<td width=\"80\">17.2-23.7<\/td>\n<td width=\"69\">17.2-23.7<\/td>\n<td width=\"74\">17.2-23.7<\/td>\n<td width=\"77\">&nbsp;<\/td>\n<\/tr>\n<tr>\n<td colspan=\"2\" width=\"305\">Dispersi\u00f3n del modo de polarizaci\u00f3n (PMD)<\/td>\n<td width=\"86\">ps\/\u221akm<\/td>\n<td width=\"80\">\u22640,2<\/td>\n<td width=\"69\">\u22640,2<\/td>\n<td width=\"74\">\u22640,2<\/td>\n<td width=\"77\">\u22640,2<\/td>\n<\/tr>\n<tr>\n<td width=\"188\">Longitud de onda de corte \u03bbcc<\/td>\n<td width=\"117\">\u2013<\/td>\n<td width=\"86\">nm<\/td>\n<td width=\"80\">\u22641260<\/td>\n<td width=\"69\">\u22641260<\/td>\n<td width=\"74\">\u22641260<\/td>\n<td width=\"77\">\u22641260<\/td>\n<\/tr>\n<tr>\n<td rowspan=\"2\" width=\"188\">Di\u00e1metro de campo modal (MFD)<\/td>\n<td width=\"117\">1310 nm<\/td>\n<td width=\"86\">\u00b5m<\/td>\n<td width=\"80\">9,2\u00b10,4<\/td>\n<td width=\"69\">9,2\u00b10,4<\/td>\n<td width=\"74\">8,6\u00b10,4<\/td>\n<td width=\"77\">8,6\u00b10,4<\/td>\n<\/tr>\n<tr>\n<td width=\"117\">1550 nm<\/td>\n<td width=\"86\">\u00b5m<\/td>\n<td width=\"80\">10,4\u00b10,5<\/td>\n<td width=\"69\">10,4\u00b10,5<\/td>\n<td width=\"74\">9,6\u00b10,5<\/td>\n<td width=\"77\">9,6\u00b10,5<\/td>\n<\/tr>\n<tr>\n<td rowspan=\"2\" width=\"188\">Discontinuidad de atenuaci\u00f3n<\/td>\n<td width=\"117\">1310 nm<\/td>\n<td width=\"86\">dB<\/td>\n<td width=\"80\">\u22640,03<\/td>\n<td width=\"69\">\u22640,03<\/td>\n<td width=\"74\">\u22640,03<\/td>\n<td width=\"77\">\u22640,03<\/td>\n<\/tr>\n<tr>\n<td width=\"117\">1550 nm<\/td>\n<td width=\"86\">dB<\/td>\n<td width=\"80\">\u22640,03<\/td>\n<td width=\"69\">\u22640,03<\/td>\n<td width=\"74\">\u22640,03<\/td>\n<td width=\"77\">\u22640,03<\/td>\n<\/tr>\n<tr>\n<td rowspan=\"2\" width=\"188\">Atenuaci\u00f3n bidireccional<\/td>\n<td width=\"117\">1310 nm<\/td>\n<td width=\"86\">dB\/km<\/td>\n<td width=\"80\">\u22640,04<\/td>\n<td width=\"69\">&nbsp;<\/td>\n<td width=\"74\">&nbsp;<\/td>\n<td width=\"77\">\u22640,05<\/td>\n<\/tr>\n<tr>\n<td width=\"117\">1550 nm<\/td>\n<td width=\"86\">dB\/km<\/td>\n<td width=\"80\">\u22640,04<\/td>\n<td width=\"69\">&nbsp;<\/td>\n<td width=\"74\">&nbsp;<\/td>\n<td width=\"77\">\u22640,05<\/td>\n<\/tr>\n<tr>\n<td colspan=\"3\" width=\"392\"><strong><b>Geom\u00e9trico<\/b><\/strong><\/td>\n<td colspan=\"4\" width=\"301\">&nbsp;<\/td>\n<\/tr>\n<tr>\n<td colspan=\"2\" width=\"305\">Di\u00e1metro del revestimiento<\/td>\n<td width=\"86\">\u00b5m<\/td>\n<td width=\"80\">125\u00b10,7<\/td>\n<td width=\"69\">125\u00b10,7<\/td>\n<td width=\"74\">125\u00b10,7<\/td>\n<td width=\"77\">125\u00b10,7<\/td>\n<\/tr>\n<tr>\n<td colspan=\"2\" width=\"305\">No circularidad del revestimiento<\/td>\n<td width=\"86\">%<\/td>\n<td width=\"80\">\u22641,0<\/td>\n<td width=\"69\">\u22641,0<\/td>\n<td width=\"74\">\u22640,8<\/td>\n<td width=\"77\">\u22640,7<\/td>\n<\/tr>\n<tr>\n<td colspan=\"2\" width=\"305\">Error de concentricidad del n\u00facleo\/revestimiento<\/td>\n<td width=\"86\">\u00b5m<\/td>\n<td width=\"80\">\u22640,6<\/td>\n<td width=\"69\">\u22640,5<\/td>\n<td width=\"74\">\u22640,5<\/td>\n<td width=\"77\">\u22640,5<\/td>\n<\/tr>\n<tr>\n<td colspan=\"2\" rowspan=\"2\" width=\"305\">Di\u00e1metro del revestimiento (sin color)<\/td>\n<td width=\"86\">\u00b5m<\/td>\n<td colspan=\"4\" width=\"301\">242\u00b17 (est\u00e1ndar)<\/td>\n<\/tr>\n<tr>\n<td width=\"86\">\u00b5m<\/td>\n<td colspan=\"4\" width=\"301\">200\u00b110 (opcional)<\/td>\n<\/tr>\n<tr>\n<td colspan=\"2\" width=\"305\">Error de concentricidad del revestimiento\/revestimiento<\/td>\n<td width=\"86\">\u00b5m<\/td>\n<td width=\"80\">\u226412<\/td>\n<td width=\"69\">\u226412<\/td>\n<td width=\"74\">\u226412<\/td>\n<td width=\"77\">\u226412<\/td>\n<\/tr>\n<tr>\n<td colspan=\"2\" width=\"305\">Rizado<\/td>\n<td width=\"86\">m<\/td>\n<td width=\"80\">\u22654<\/td>\n<td width=\"69\">\u22654<\/td>\n<td width=\"74\">\u22654<\/td>\n<td width=\"77\">\u22654<\/td>\n<\/tr>\n<tr>\n<td colspan=\"3\" width=\"392\"><strong><b>Ambiental (1550 nm, 1625 nm)<\/b><\/strong><\/td>\n<td colspan=\"4\" width=\"301\">&nbsp;<\/td>\n<\/tr>\n<tr>\n<td width=\"188\">Ciclos de temperatura<\/td>\n<td width=\"117\">-60 \u2103 a +85 \u2103<\/td>\n<td width=\"86\">dB\/km<\/td>\n<td width=\"80\">\u22640,03<\/td>\n<td width=\"69\">\u22640,05<\/td>\n<td width=\"74\">\u22640,05<\/td>\n<td width=\"77\">\u22640,05<\/td>\n<\/tr>\n<tr>\n<td width=\"188\">Alta temperatura y<\/p>\n<p>Alta humedad<\/td>\n<td width=\"117\">85 \u2103, 85% RH, 30 d\u00edas<\/td>\n<td width=\"86\">dB\/km<\/td>\n<td width=\"80\">\u22640,03<\/td>\n<td width=\"69\">\u22640,05<\/td>\n<td width=\"74\">\u22640,05<\/td>\n<td width=\"77\">\u22640,05<\/td>\n<\/tr>\n<tr>\n<td width=\"188\">Inmersi\u00f3n en agua<\/td>\n<td width=\"117\">23 \u2103, 30 d\u00edas<\/td>\n<td width=\"86\">dB\/km<\/td>\n<td width=\"80\">\u22640,03<\/td>\n<td width=\"69\">\u22640,05<\/td>\n<td width=\"74\">\u22640,05<\/td>\n<td width=\"77\">\u22640,05<\/td>\n<\/tr>\n<tr>\n<td width=\"188\">Envejecimiento a alta temperatura<\/td>\n<td width=\"117\">85 \u2103, 30 d\u00edas<\/td>\n<td width=\"86\">dB\/km<\/td>\n<td width=\"80\">\u22640,03<\/td>\n<td width=\"69\">\u22640,05<\/td>\n<td width=\"74\">\u22640,05<\/td>\n<td width=\"77\">\u22640,05<\/td>\n<\/tr>\n<\/tbody>\n<\/table>","protected":false},"excerpt":{"rendered":"<p>El cable FTTR invisible 1F de 0,9 mm se produce a medida que la fibra est\u00e1 recubierta por un material amortiguador de PVC. La selecci\u00f3n de fibra de alta calidad, equipos de producci\u00f3n espec\u00edficos y matrices dise\u00f1adas con precisi\u00f3n logran el mejor rendimiento del producto.   Caracter\u00edsticas: Seleccione fibra de calidad para garantizar un excelente rendimiento de transmisi\u00f3n. Adopte un estricto control de procesos y materias primas para garantizar la vida \u00fatil de [\u2026]<\/p>","protected":false},"featured_media":12756,"comment_status":"closed","ping_status":"closed","template":"","meta":{"site-sidebar-layout":"default","site-content-layout":"","ast-site-content-layout":"default","site-content-style":"default","site-sidebar-style":"default","ast-global-header-display":"","ast-banner-title-visibility":"","ast-main-header-display":"","ast-hfb-above-header-display":"","ast-hfb-below-header-display":"","ast-hfb-mobile-header-display":"","site-post-title":"","ast-breadcrumbs-content":"","ast-featured-img":"","footer-sml-layout":"","theme-transparent-header-meta":"default","adv-header-id-meta":"","stick-header-meta":"default","header-above-stick-meta":"","header-main-stick-meta":"","header-below-stick-meta":"","astra-migrate-meta-layouts":"set","ast-page-background-enabled":"default","ast-page-background-meta":{"desktop":{"background-color":"var(--ast-global-color-4)","background-image":"","background-repeat":"repeat","background-position":"center center","background-size":"auto","background-attachment":"scroll","background-type":"","background-media":"","overlay-type":"","overlay-color":"","overlay-gradient":""},"tablet":{"background-color":"","background-image":"","background-repeat":"repeat","background-position":"center center","background-size":"auto","background-attachment":"scroll","background-type":"","background-media":"","overlay-type":"","overlay-color":"","overlay-gradient":""},"mobile":{"background-color":"","background-image":"","background-repeat":"repeat","background-position":"center center","background-size":"auto","background-attachment":"scroll","background-type":"","background-media":"","overlay-type":"","overlay-color":"","overlay-gradient":""}},"ast-content-background-meta":{"desktop":{"background-color":"var(--ast-global-color-5)","background-image":"","background-repeat":"repeat","background-position":"center center","background-size":"auto","background-attachment":"scroll","background-type":"","background-media":"","overlay-type":"","overlay-color":"","overlay-gradient":""},"tablet":{"background-color":"var(--ast-global-color-5)","background-image":"","background-repeat":"repeat","background-position":"center center","background-size":"auto","background-attachment":"scroll","background-type":"","background-media":"","overlay-type":"","overlay-color":"","overlay-gradient":""},"mobile":{"background-color":"var(--ast-global-color-5)","background-image":"","background-repeat":"repeat","background-position":"center center","background-size":"auto","background-attachment":"scroll","background-type":"","background-media":"","overlay-type":"","overlay-color":"","overlay-gradient":""}}},"product_cat":[169],"product_tag":[],"class_list":{"0":"post-12751","1":"product","2":"type-product","3":"status-publish","4":"has-post-thumbnail","6":"product_cat-fttr-cable","7":"desktop-align-left","8":"tablet-align-left","9":"mobile-align-left","10":"ast-product-gallery-layout-horizontal-slider","11":"ast-product-tabs-layout-horizontal","13":"first","14":"instock","15":"shipping-taxable","16":"product-type-simple"},"acf":[],"_links":{"self":[{"href":"https:\/\/www.omccable.com\/es\/wp-json\/wp\/v2\/product\/12751","targetHints":{"allow":["GET"]}}],"collection":[{"href":"https:\/\/www.omccable.com\/es\/wp-json\/wp\/v2\/product"}],"about":[{"href":"https:\/\/www.omccable.com\/es\/wp-json\/wp\/v2\/types\/product"}],"replies":[{"embeddable":true,"href":"https:\/\/www.omccable.com\/es\/wp-json\/wp\/v2\/comments?post=12751"}],"version-history":[{"count":2,"href":"https:\/\/www.omccable.com\/es\/wp-json\/wp\/v2\/product\/12751\/revisions"}],"predecessor-version":[{"id":12758,"href":"https:\/\/www.omccable.com\/es\/wp-json\/wp\/v2\/product\/12751\/revisions\/12758"}],"wp:featuredmedia":[{"embeddable":true,"href":"https:\/\/www.omccable.com\/es\/wp-json\/wp\/v2\/media\/12756"}],"wp:attachment":[{"href":"https:\/\/www.omccable.com\/es\/wp-json\/wp\/v2\/media?parent=12751"}],"wp:term":[{"taxonomy":"product_cat","embeddable":true,"href":"https:\/\/www.omccable.com\/es\/wp-json\/wp\/v2\/product_cat?post=12751"},{"taxonomy":"product_tag","embeddable":true,"href":"https:\/\/www.omccable.com\/es\/wp-json\/wp\/v2\/product_tag?post=12751"}],"curies":[{"name":"wp","href":"https:\/\/api.w.org\/{rel}","templated":true}]}}