{"id":11842,"date":"2024-07-26T15:50:19","date_gmt":"2024-07-26T07:50:19","guid":{"rendered":"https:\/\/www.omccable.com\/?post_type=product&#038;p=11842"},"modified":"2025-07-28T10:30:59","modified_gmt":"2025-07-28T02:30:59","slug":"1-4cores-no-armored-round-duct-ftth-drop-cable","status":"publish","type":"product","link":"https:\/\/www.omccable.com\/es\/producto\/1-4cores-no-armored-round-duct-ftth-drop-cable\/","title":{"rendered":"Cable de acometida FTTH de conducto redondo no blindado de 1-4 n\u00facleos"},"content":{"rendered":"<p>El cable de bajada para exteriores FTTH para conductos, que tambi\u00e9n se denomina cable de fibra para conductos o cable de fibra subterr\u00e1neo, generalmente se implementa coloc\u00e1ndolo dentro de conductos subterr\u00e1neos, y el<br \/>\nLos conductos normalmente est\u00e1n enterrados en el suelo. Para construir el cable, se coloca un cable de bajada interior FTTH tipo arco en el medio del cable. Para adaptarse a la instalaci\u00f3n de conductos subterr\u00e1neos, se agrega una cubierta LSZH duradera para crear una secci\u00f3n transversal de cable redonda y brindar protecci\u00f3n adicional al n\u00facleo del cable.<\/p>\n<p><strong>\u00a0<\/strong><\/p>\n<p><strong>Caracter\u00edstica <\/strong><strong>\u00a0<\/strong><\/p>\n<ul>\n<li>Suave y flexible, buen rendimiento de flexi\u00f3n<\/li>\n<li>La cinta impermeable evita la entrada de agua en el cable<\/li>\n<li>El miembro de resistencia de FRP mejora la resistencia a la tracci\u00f3n, la cubierta interior y exterior ign\u00edfuga LSZH tiene un buen rendimiento ign\u00edfugo.<\/li>\n<li>La fibra especial de baja sensibilidad a la flexi\u00f3n proporciona un gran ancho de banda y una excelente propiedad de transmisi\u00f3n de comunicaciones<\/li>\n<li>Estructura simple, peso ligero y alta practicabilidad<\/li>\n<li>Nuevo dise\u00f1o de flauta, f\u00e1cil de pelar y empalmar, simplifica la instalaci\u00f3n y el mantenimiento<\/li>\n<\/ul>\n<p>&nbsp;<\/p>\n<p><strong>Datos t\u00e9cnicos del cable<\/strong><strong>:<\/strong><\/p>\n<table>\n<tbody>\n<tr>\n<td width=\"128\"><strong><b>Art\u00edculo<\/b><\/strong><\/td>\n<td width=\"140\"><strong><b>Contenido<\/b><\/strong><\/td>\n<td width=\"81\"><strong><b>Unidad<\/b><\/strong><\/td>\n<td width=\"349\"><strong><b>Valor<\/b><\/strong><\/td>\n<\/tr>\n<tr>\n<td width=\"128\">Fibra \u00f3ptica<\/td>\n<td width=\"140\">\/<\/td>\n<td width=\"81\">\/<\/td>\n<td width=\"349\">1-4<\/td>\n<\/tr>\n<tr>\n<td rowspan=\"4\" width=\"128\">Subcable<\/td>\n<td width=\"140\">Miembro de fuerza<\/td>\n<td width=\"81\">\/<\/td>\n<td width=\"349\">0,5*2 FRP<\/td>\n<\/tr>\n<tr>\n<td width=\"140\">Color de la chaqueta<\/td>\n<td width=\"81\">\/<\/td>\n<td width=\"349\">Negro<\/td>\n<\/tr>\n<tr>\n<td width=\"140\">Material de la chaqueta<\/td>\n<td width=\"81\">\/<\/td>\n<td width=\"349\">LSZH<\/td>\n<\/tr>\n<tr>\n<td width=\"140\">Di\u00e1metro (mm)<\/td>\n<td width=\"81\">mil\u00edmetros<\/td>\n<td width=\"349\">2,0\u00b10,1*3,0\u00b10,1<\/td>\n<\/tr>\n<tr>\n<td rowspan=\"3\" width=\"128\">Chaqueta exterior<\/td>\n<td width=\"140\">Di\u00e1metro<\/td>\n<td width=\"81\">mil\u00edmetros<\/td>\n<td width=\"349\">5,0\u00b10,3<\/td>\n<\/tr>\n<tr>\n<td width=\"140\">Materiales<\/td>\n<td width=\"81\">\/<\/td>\n<td width=\"349\">LSZH<\/td>\n<\/tr>\n<tr>\n<td width=\"140\">Color<\/td>\n<td width=\"81\">\/<\/td>\n<td width=\"349\">Negro<\/td>\n<\/tr>\n<tr>\n<td width=\"128\">Miembro de fuerza<\/td>\n<td width=\"140\">\/<\/td>\n<td width=\"81\">\/<\/td>\n<td width=\"349\">hilo de poli\u00e9ster<\/td>\n<\/tr>\n<tr>\n<td colspan=\"2\" width=\"269\">Atenuaci\u00f3n del cable<\/td>\n<td width=\"81\">dB\/km<\/td>\n<td width=\"349\">\u2266 0,40 a 1310 nm, \u2266 0,30 a 1550 nm<\/td>\n<\/tr>\n<tr>\n<td colspan=\"2\" width=\"269\">Peso del cable (aprox.)<\/td>\n<td width=\"81\">kg\/km<\/td>\n<td width=\"349\">24.9<\/td>\n<\/tr>\n<\/tbody>\n<\/table>\n<p><strong>\u00a0<\/strong><\/p>\n<p><strong><b>Desempe\u00f1o mec\u00e1nico y ambiental<\/b><\/strong><\/p>\n<table>\n<tbody>\n<tr>\n<td width=\"216\"><strong>Art\u00edculo<\/strong><\/td>\n<td width=\"216\"><strong>Contenido<\/strong><\/td>\n<td width=\"275\"><strong>Valor<\/strong><\/td>\n<\/tr>\n<tr>\n<td rowspan=\"2\" width=\"216\">Carga de tracci\u00f3n<\/td>\n<td width=\"216\">Corto plazo<\/td>\n<td width=\"275\">Deformaci\u00f3n de fibra 80N\u22640,33%<\/td>\n<\/tr>\n<tr>\n<td width=\"216\">Largo plazo<\/td>\n<td width=\"275\">40N<\/td>\n<\/tr>\n<tr>\n<td rowspan=\"2\" width=\"216\">Resistencia al aplastamiento<\/td>\n<td width=\"216\">Corto plazo<\/td>\n<td width=\"275\">1000<\/td>\n<\/tr>\n<tr>\n<td width=\"216\">Largo plazo<\/td>\n<td width=\"275\">300<\/td>\n<\/tr>\n<tr>\n<td rowspan=\"2\" width=\"216\">M\u00edn. radio de curvatura<\/td>\n<td width=\"216\">Instalaci\u00f3n<\/td>\n<td width=\"275\">25 x di\u00e1metro del cable<\/td>\n<\/tr>\n<tr>\n<td width=\"216\">Operaci\u00f3n<\/td>\n<td width=\"275\">12,5 x di\u00e1metro del cable<\/td>\n<\/tr>\n<tr>\n<td rowspan=\"3\" width=\"216\">Rango de temperatura<\/td>\n<td width=\"216\">Operaci\u00f3n<\/td>\n<td width=\"275\">-40\u2103 ~ +70\u2103<\/td>\n<\/tr>\n<tr>\n<td width=\"216\">Instalaci\u00f3n<\/td>\n<td width=\"275\">-20\u2103 ~ +60\u2103<\/td>\n<\/tr>\n<tr>\n<td width=\"216\">Almacenamiento\/transporte<\/td>\n<td width=\"275\">-40\u2103 ~ +70\u2103<\/td>\n<\/tr>\n<\/tbody>\n<\/table>\n<p><strong>\u00a0<\/strong><\/p>\n<p><strong>Solicitud:<\/strong><\/p>\n<p>Utilizado en cableado de acceso a\u00e9reo y a conductos<\/p>\n<p>Se puede instalar en entornos de flexi\u00f3n peque\u00f1os<\/p>\n<p>Adecuado para la conexi\u00f3n entre interior y exterior<\/p>\n<p>Se utiliza especialmente donde se espera un buen rendimiento de aislamiento<\/p>\n<p>&nbsp;<\/p>\n<p><strong>Soluci\u00f3n ideal para el uso de cables de acometida FTTH<\/strong><\/p>\n<p>Con cubierta interior y exterior baja en humo, libre de hal\u00f3genos y retardante de llama, este cable se puede utilizar especialmente en cableado a\u00e9reo y de acceso a ductos, adecuado para la conexi\u00f3n entre interior y exterior. Tambi\u00e9n se puede terminar conectando directamente a equipos de comunicaci\u00f3n.<\/p>\n<p><img fetchpriority=\"high\" decoding=\"async\" class=\"alignnone size-full wp-image-11844\" src=\"https:\/\/www.omccable.com\/wp-content\/uploads\/2024\/07\/FTTH.png\" alt=\"\" width=\"1025\" height=\"397\" srcset=\"https:\/\/www.omccable.com\/wp-content\/uploads\/2024\/07\/FTTH.png 1025w, https:\/\/www.omccable.com\/wp-content\/uploads\/2024\/07\/FTTH-300x116.png 300w, https:\/\/www.omccable.com\/wp-content\/uploads\/2024\/07\/FTTH-800x310.png 800w, https:\/\/www.omccable.com\/wp-content\/uploads\/2024\/07\/FTTH-768x297.png 768w\" sizes=\"(max-width: 1025px) 100vw, 1025px\" \/><\/p>\n<p>&nbsp;<\/p>","protected":false},"excerpt":{"rendered":"<p>El cable de bajada exterior FTTH para conductos, que tambi\u00e9n se denomina cable de fibra para conductos o cable de fibra subterr\u00e1neo, generalmente se implementa coloc\u00e1ndolo dentro de conductos subterr\u00e1neos, y los conductos normalmente est\u00e1n enterrados en el suelo. Para construir el cable, se coloca un cable de bajada interior FTTH tipo arco en el medio del cable. Con el fin de [\u2026]<\/p>","protected":false},"featured_media":11848,"comment_status":"closed","ping_status":"closed","template":"","meta":{"site-sidebar-layout":"default","site-content-layout":"","ast-site-content-layout":"default","site-content-style":"default","site-sidebar-style":"default","ast-global-header-display":"","ast-banner-title-visibility":"","ast-main-header-display":"","ast-hfb-above-header-display":"","ast-hfb-below-header-display":"","ast-hfb-mobile-header-display":"","site-post-title":"","ast-breadcrumbs-content":"","ast-featured-img":"","footer-sml-layout":"","theme-transparent-header-meta":"default","adv-header-id-meta":"","stick-header-meta":"default","header-above-stick-meta":"","header-main-stick-meta":"","header-below-stick-meta":"","astra-migrate-meta-layouts":"set","ast-page-background-enabled":"default","ast-page-background-meta":{"desktop":{"background-color":"var(--ast-global-color-4)","background-image":"","background-repeat":"repeat","background-position":"center center","background-size":"auto","background-attachment":"scroll","background-type":"","background-media":"","overlay-type":"","overlay-color":"","overlay-gradient":""},"tablet":{"background-color":"","background-image":"","background-repeat":"repeat","background-position":"center center","background-size":"auto","background-attachment":"scroll","background-type":"","background-media":"","overlay-type":"","overlay-color":"","overlay-gradient":""},"mobile":{"background-color":"","background-image":"","background-repeat":"repeat","background-position":"center center","background-size":"auto","background-attachment":"scroll","background-type":"","background-media":"","overlay-type":"","overlay-color":"","overlay-gradient":""}},"ast-content-background-meta":{"desktop":{"background-color":"var(--ast-global-color-5)","background-image":"","background-repeat":"repeat","background-position":"center center","background-size":"auto","background-attachment":"scroll","background-type":"","background-media":"","overlay-type":"","overlay-color":"","overlay-gradient":""},"tablet":{"background-color":"var(--ast-global-color-5)","background-image":"","background-repeat":"repeat","background-position":"center center","background-size":"auto","background-attachment":"scroll","background-type":"","background-media":"","overlay-type":"","overlay-color":"","overlay-gradient":""},"mobile":{"background-color":"var(--ast-global-color-5)","background-image":"","background-repeat":"repeat","background-position":"center center","background-size":"auto","background-attachment":"scroll","background-type":"","background-media":"","overlay-type":"","overlay-color":"","overlay-gradient":""}}},"product_cat":[167,122],"product_tag":[],"class_list":{"0":"post-11842","1":"product","2":"type-product","3":"status-publish","4":"has-post-thumbnail","6":"product_cat-1-4cores-no-armored-round-duct-ftth-drop-cable","7":"product_cat-ftth-drop-cable","8":"desktop-align-left","9":"tablet-align-left","10":"mobile-align-left","11":"ast-product-gallery-layout-horizontal-slider","12":"ast-product-tabs-layout-horizontal","14":"first","15":"instock","16":"shipping-taxable","17":"product-type-simple"},"acf":[],"_links":{"self":[{"href":"https:\/\/www.omccable.com\/es\/wp-json\/wp\/v2\/product\/11842","targetHints":{"allow":["GET"]}}],"collection":[{"href":"https:\/\/www.omccable.com\/es\/wp-json\/wp\/v2\/product"}],"about":[{"href":"https:\/\/www.omccable.com\/es\/wp-json\/wp\/v2\/types\/product"}],"replies":[{"embeddable":true,"href":"https:\/\/www.omccable.com\/es\/wp-json\/wp\/v2\/comments?post=11842"}],"version-history":[{"count":3,"href":"https:\/\/www.omccable.com\/es\/wp-json\/wp\/v2\/product\/11842\/revisions"}],"predecessor-version":[{"id":13288,"href":"https:\/\/www.omccable.com\/es\/wp-json\/wp\/v2\/product\/11842\/revisions\/13288"}],"wp:featuredmedia":[{"embeddable":true,"href":"https:\/\/www.omccable.com\/es\/wp-json\/wp\/v2\/media\/11848"}],"wp:attachment":[{"href":"https:\/\/www.omccable.com\/es\/wp-json\/wp\/v2\/media?parent=11842"}],"wp:term":[{"taxonomy":"product_cat","embeddable":true,"href":"https:\/\/www.omccable.com\/es\/wp-json\/wp\/v2\/product_cat?post=11842"},{"taxonomy":"product_tag","embeddable":true,"href":"https:\/\/www.omccable.com\/es\/wp-json\/wp\/v2\/product_tag?post=11842"}],"curies":[{"name":"wp","href":"https:\/\/api.w.org\/{rel}","templated":true}]}}