{"id":11715,"date":"2024-07-24T10:48:11","date_gmt":"2024-07-24T02:48:11","guid":{"rendered":"https:\/\/www.omccable.com\/?post_type=product&#038;p=11715"},"modified":"2024-07-24T14:33:09","modified_gmt":"2024-07-24T06:33:09","slug":"hybrid-2f-om312awg-cable","status":"publish","type":"product","link":"https:\/\/www.omccable.com\/es\/producto\/hybrid-2f-om312awg-cable\/","title":{"rendered":"Cable h\u00edbrido 2F OM3 y 12AWG"},"content":{"rendered":"<p>El cable h\u00edbrido blindado de 2 fibras y 12 AWG de OMC es un cable de nuevo dise\u00f1o que contiene 2 cables de fibra de subunidad y 2 cables de cobre s\u00f3lido. Un alambre de FRP, a veces revestido con polietileno (PE), se encuentra en el centro del n\u00facleo como miembro de resistencia no met\u00e1lico. Luego se aplica la armadura APL y se cubre la chaqueta de materiales de PE para garantizar la compacidad y el rendimiento longitudinal de bloqueo de agua.<\/p>\n<p>&nbsp;<\/p>\n<p><strong>Detalle de productos:<\/strong><\/p>\n<table>\n<tbody>\n<tr>\n<td colspan=\"2\" width=\"361\"><strong><b>Elementos<\/b><\/strong><\/td>\n<td width=\"304\"><strong><b>Especificaciones<\/b><\/strong><\/td>\n<\/tr>\n<tr>\n<td colspan=\"2\" width=\"361\">Recuento de fibras<\/td>\n<td width=\"304\">2<\/td>\n<\/tr>\n<tr>\n<td rowspan=\"3\" width=\"185\">Fibra con amortiguaci\u00f3n ajustada<\/td>\n<td width=\"176\">Dimensi\u00f3n<\/td>\n<td width=\"304\">850\u00b150\u03bcm<\/td>\n<\/tr>\n<tr>\n<td width=\"176\">Materiales<\/td>\n<td width=\"304\">PVC<\/td>\n<\/tr>\n<tr>\n<td width=\"176\">Color<\/td>\n<td width=\"304\">Blanco<\/td>\n<\/tr>\n<tr>\n<td rowspan=\"5\" width=\"185\">Subunidad de cable<\/td>\n<td width=\"176\">Dimensi\u00f3n<\/td>\n<td width=\"304\">4,1 \u00b1 0,1 mm<\/td>\n<\/tr>\n<tr>\n<td width=\"176\">Materiales<\/td>\n<td width=\"304\">LSZH<\/td>\n<\/tr>\n<tr>\n<td width=\"176\">Color<\/td>\n<td width=\"304\">Agua<\/td>\n<\/tr>\n<tr>\n<td width=\"176\">Miembro de fuerza<\/td>\n<td width=\"304\">Kevlar<\/td>\n<\/tr>\n<tr>\n<td width=\"176\">Marcas de impresi\u00f3n<\/td>\n<td width=\"304\">\u30081\u3009\u3001\u30082\u3009<\/td>\n<\/tr>\n<tr>\n<td rowspan=\"2\" width=\"185\">Miembro de fuerza central<\/td>\n<td width=\"176\">Dimensi\u00f3n<\/td>\n<td width=\"304\">1,8 mm<\/td>\n<\/tr>\n<tr>\n<td width=\"176\">Materiales<\/td>\n<td width=\"304\">FRP<\/td>\n<\/tr>\n<tr>\n<td rowspan=\"2\" width=\"185\">Unidad el\u00e9ctrica<\/td>\n<td width=\"176\">Alambre de cobre<\/td>\n<td width=\"304\">12AWG<\/td>\n<\/tr>\n<tr>\n<td width=\"176\">Dimensi\u00f3n<\/td>\n<td width=\"304\">4,1 mm \u00b1 0,1 mm<\/td>\n<\/tr>\n<tr>\n<td rowspan=\"3\" width=\"185\">Chaqueta exterior<\/td>\n<td width=\"176\">Dimensi\u00f3n<\/td>\n<td width=\"304\">14,7 \u00b1 0,4 mm<\/td>\n<\/tr>\n<tr>\n<td width=\"176\">Materiales<\/td>\n<td width=\"304\">educaci\u00f3n f\u00edsica<\/td>\n<\/tr>\n<tr>\n<td width=\"176\">Color<\/td>\n<td width=\"304\">Negro<\/td>\n<\/tr>\n<\/tbody>\n<\/table>\n<p>&nbsp;<\/p>\n<p><strong>Caracter\u00edsticas mec\u00e1nicas y ambientales<\/strong><\/p>\n<table>\n<tbody>\n<tr>\n<td width=\"362\"><strong><b>Elementos<\/b><\/strong><\/td>\n<td width=\"128\"><strong><b>Unirnos<\/b><\/strong><\/td>\n<td width=\"184\"><strong><b>Especificaciones<\/b><\/strong><\/td>\n<\/tr>\n<tr>\n<td width=\"362\">Tensi\u00f3n (largo plazo)<\/td>\n<td width=\"128\">N<\/td>\n<td width=\"184\">300<\/td>\n<\/tr>\n<tr>\n<td width=\"362\">Tensi\u00f3n (corto plazo)<\/td>\n<td width=\"128\">N<\/td>\n<td width=\"184\">600<\/td>\n<\/tr>\n<tr>\n<td width=\"362\">Aplastar (largo plazo)<\/td>\n<td width=\"128\">N\/10cm<\/td>\n<td width=\"184\">300<\/td>\n<\/tr>\n<tr>\n<td width=\"362\">Aplastar (corto plazo)<\/td>\n<td width=\"128\">N\/10cm<\/td>\n<td width=\"184\">1000<\/td>\n<\/tr>\n<tr>\n<td width=\"362\">M\u00edn. Radio de curvatura (din\u00e1mico)<\/td>\n<td width=\"128\">mil\u00edmetros<\/td>\n<td width=\"184\">20D<\/td>\n<\/tr>\n<tr>\n<td width=\"362\">M\u00edn. Radio de curvatura (est\u00e1tico)<\/td>\n<td width=\"128\">mil\u00edmetros<\/td>\n<td width=\"184\">10D<\/td>\n<\/tr>\n<tr>\n<td width=\"362\">Temperatura de instalaci\u00f3n<\/td>\n<td width=\"128\">\u2103<\/td>\n<td width=\"184\">-10\uff5e+50<\/td>\n<\/tr>\n<tr>\n<td width=\"362\">Temperatura de funcionamiento<\/td>\n<td width=\"128\">\u2103<\/td>\n<td width=\"184\">-20\uff5e+60<\/td>\n<\/tr>\n<tr>\n<td width=\"362\">Temperatura de almacenamiento<\/td>\n<td width=\"128\">\u2103<\/td>\n<td width=\"184\">-20\uff5e+60<\/td>\n<\/tr>\n<\/tbody>\n<\/table>\n<p>&nbsp;<\/p>\n<p><strong><b>Par\u00e1metros t\u00e9cnicos de fibra \u00f3ptica-SM<\/b><\/strong><\/p>\n<table>\n<tbody>\n<tr>\n<td rowspan=\"2\" width=\"167\"><strong><b>Par\u00e1metro<\/b><\/strong><\/td>\n<td rowspan=\"2\" width=\"96\"><strong><b>Condiciones<\/b><\/strong><\/td>\n<td rowspan=\"2\" width=\"85\"><strong><b>Unidades<\/b><\/strong><\/td>\n<td colspan=\"4\" width=\"330\"><strong><b>Valor<\/b><\/strong><\/td>\n<\/tr>\n<tr>\n<td width=\"85\"><strong><b>G652D<\/b><\/strong><\/td>\n<td width=\"85\"><strong><b>G657A1<\/b><\/strong><\/td>\n<td width=\"85\"><strong><b>G657A2<\/b><\/strong><\/td>\n<td width=\"75\"><strong><b>G657B3<\/b><\/strong><\/td>\n<\/tr>\n<tr>\n<td colspan=\"3\" width=\"349\"><strong><b>Especificaci\u00f3n \u00f3ptica<\/b><\/strong><\/td>\n<td colspan=\"4\" width=\"330\"><strong><b>\u3000<\/b><\/strong><\/td>\n<\/tr>\n<tr>\n<td rowspan=\"4\" width=\"167\">Atenuaci\u00f3n<\/td>\n<td width=\"96\">1310 nm<\/td>\n<td width=\"85\">dB\/km<\/td>\n<td width=\"85\">\u22640,350<\/td>\n<td width=\"85\">\u22640,350<\/td>\n<td width=\"85\">\u22640,350<\/td>\n<td width=\"75\">\u22640,350<\/td>\n<\/tr>\n<tr>\n<td width=\"96\">1383 nm<\/td>\n<td width=\"85\">dB\/km<\/td>\n<td width=\"85\">\u22640,330<\/td>\n<td width=\"85\">\u22640,350<\/td>\n<td width=\"85\">\u22640,350<\/td>\n<td width=\"75\">\u22640,350<\/td>\n<\/tr>\n<tr>\n<td width=\"96\">1550 nm<\/td>\n<td width=\"85\">dB\/km<\/td>\n<td width=\"85\">\u22640,210<\/td>\n<td width=\"85\">\u22640,210<\/td>\n<td width=\"85\">\u22640,210<\/td>\n<td width=\"75\">\u22640,210<\/td>\n<\/tr>\n<tr>\n<td width=\"96\">1625 nan\u00f3metro<\/td>\n<td width=\"85\">dB\/km<\/td>\n<td width=\"85\">\u22640,240<\/td>\n<td width=\"85\">\u22640,230<\/td>\n<td width=\"85\">\u22640,230<\/td>\n<td width=\"75\">\u22640,230<\/td>\n<\/tr>\n<tr>\n<td rowspan=\"3\" width=\"167\">Atenuaci\u00f3n frente a longitud de onda<\/td>\n<td width=\"96\">1310 nm VS. 1285-1330 nan\u00f3metro<\/td>\n<td width=\"85\">dB\/km<\/td>\n<td width=\"85\">\u22640,04<\/td>\n<td width=\"85\">\u22640,04<\/td>\n<td width=\"85\">\u22640,05<\/td>\n<td width=\"75\">\u22640,03<\/td>\n<\/tr>\n<tr>\n<td width=\"96\">1550 nm VS. 1525-1575 nan\u00f3metro<\/td>\n<td width=\"85\">dB\/km<\/td>\n<td width=\"85\">\u22640,03<\/td>\n<td width=\"85\">\u22640,03<\/td>\n<td width=\"85\">\u22640,04<\/td>\n<td width=\"75\">\u22640,02<\/td>\n<\/tr>\n<tr>\n<td width=\"96\">1550 nm VS. 1480-1580 nan\u00f3metro<\/td>\n<td width=\"85\">dB\/km<\/td>\n<td width=\"85\">\u22640,04<\/td>\n<td width=\"85\">\u2013<\/td>\n<td width=\"85\">\u2013<\/td>\n<td width=\"75\">\u2013<\/td>\n<\/tr>\n<tr>\n<td width=\"167\">Longitud de onda de dispersi\u00f3n cero<\/td>\n<td rowspan=\"2\" width=\"96\">\\<\/td>\n<td width=\"85\">nm<\/td>\n<td width=\"85\">1300-1324<\/td>\n<td width=\"85\">1300-1324<\/td>\n<td width=\"85\">1300-1324<\/td>\n<td width=\"75\">1300-1324<\/td>\n<\/tr>\n<tr>\n<td width=\"167\">Pendiente de dispersi\u00f3n cero<\/td>\n<td width=\"85\">ps\/(nm<sup>2<\/sup>\u00b7km)<\/td>\n<td width=\"85\">0.073-0.092<\/td>\n<td width=\"85\">0.073-0.092<\/td>\n<td width=\"85\">0.073-0.092<\/td>\n<td width=\"75\">\u22640,092<\/td>\n<\/tr>\n<tr>\n<td rowspan=\"2\" width=\"167\">Dispersi\u00f3n<\/td>\n<td width=\"96\">1550 nm<\/td>\n<td width=\"85\">ps\/(nm\u00b7km)<\/td>\n<td width=\"85\">13.3-18.6<\/td>\n<td width=\"85\">13.3-18.6<\/td>\n<td width=\"85\">13.3-18.6<\/td>\n<td width=\"75\"><\/td>\n<\/tr>\n<tr>\n<td width=\"96\">1625 nan\u00f3metro<\/td>\n<td width=\"85\">ps\/(nm\u00b7km)<\/td>\n<td width=\"85\">17.2-23.7<\/td>\n<td width=\"85\">17.2-23.7<\/td>\n<td width=\"85\">17.2-23.7<\/td>\n<td width=\"75\"><\/td>\n<\/tr>\n<tr>\n<td colspan=\"2\" width=\"264\">Dispersi\u00f3n del modo de polarizaci\u00f3n (PMD)<\/td>\n<td width=\"85\">ps\/\u221akm<\/td>\n<td width=\"85\">\u22640,2<\/td>\n<td width=\"85\">\u22640,2<\/td>\n<td width=\"85\">\u22640,2<\/td>\n<td width=\"75\">\u22640,2<\/td>\n<\/tr>\n<tr>\n<td width=\"167\">Longitud de onda de corte \u03bbcc<\/td>\n<td width=\"96\">\u2013<\/td>\n<td width=\"85\">nm<\/td>\n<td width=\"85\">\u22641260<\/td>\n<td width=\"85\">\u22641260<\/td>\n<td width=\"85\">\u22641260<\/td>\n<td width=\"75\">\u22641260<\/td>\n<\/tr>\n<tr>\n<td rowspan=\"2\" width=\"167\">Di\u00e1metro de campo modal (MFD)<\/td>\n<td width=\"96\">1310 nm<\/td>\n<td width=\"85\">\u00b5m<\/td>\n<td width=\"85\">9,2\u00b10,4<\/td>\n<td width=\"85\">9,2\u00b10,4<\/td>\n<td width=\"85\">8,6\u00b10,4<\/td>\n<td width=\"75\">8,6\u00b10,4<\/td>\n<\/tr>\n<tr>\n<td width=\"96\">1550 nm<\/td>\n<td width=\"85\">\u00b5m<\/td>\n<td width=\"85\">10,4\u00b10,5<\/td>\n<td width=\"85\">10,4\u00b10,5<\/td>\n<td width=\"85\">9,6\u00b10,5<\/td>\n<td width=\"75\">9,6\u00b10,5<\/td>\n<\/tr>\n<tr>\n<td rowspan=\"2\" width=\"167\">Discontinuidad de atenuaci\u00f3n<\/td>\n<td width=\"96\">1310 nm<\/td>\n<td width=\"85\">dB<\/td>\n<td width=\"85\">\u22640,03<\/td>\n<td width=\"85\">\u22640,03<\/td>\n<td width=\"85\">\u22640,03<\/td>\n<td width=\"75\">\u22640,03<\/td>\n<\/tr>\n<tr>\n<td width=\"96\">1550 nm<\/td>\n<td width=\"85\">dB<\/td>\n<td width=\"85\">\u22640,03<\/td>\n<td width=\"85\">\u22640,03<\/td>\n<td width=\"85\">\u22640,03<\/td>\n<td width=\"75\">\u22640,03<\/td>\n<\/tr>\n<tr>\n<td rowspan=\"2\" width=\"167\">Atenuaci\u00f3n bidireccional<\/td>\n<td width=\"96\">1310 nm<\/td>\n<td width=\"85\">dB\/km<\/td>\n<td width=\"85\">\u22640,04<\/td>\n<td width=\"85\"><\/td>\n<td width=\"85\"><\/td>\n<td width=\"75\">\u22640,05<\/td>\n<\/tr>\n<tr>\n<td width=\"96\">1550 nm<\/td>\n<td width=\"85\">dB\/km<\/td>\n<td width=\"85\">\u22640,04<\/td>\n<td width=\"85\"><\/td>\n<td width=\"85\"><\/td>\n<td width=\"75\">\u22640,05<\/td>\n<\/tr>\n<tr>\n<td colspan=\"3\" width=\"349\"><strong><b>Geom\u00e9trico<\/b><\/strong><\/td>\n<td colspan=\"4\" width=\"330\"><\/td>\n<\/tr>\n<tr>\n<td colspan=\"2\" width=\"264\">Di\u00e1metro del revestimiento<\/td>\n<td width=\"85\">\u00b5m<\/td>\n<td width=\"85\">125\u00b10,7<\/td>\n<td width=\"85\">125\u00b10,7<\/td>\n<td width=\"85\">125\u00b10,7<\/td>\n<td width=\"75\">125\u00b10,7<\/td>\n<\/tr>\n<tr>\n<td colspan=\"2\" width=\"264\">No circularidad del revestimiento<\/td>\n<td width=\"85\">%<\/td>\n<td width=\"85\">\u22641,0<\/td>\n<td width=\"85\">\u22641,0<\/td>\n<td width=\"85\">\u22640,8<\/td>\n<td width=\"75\">\u22640,7<\/td>\n<\/tr>\n<tr>\n<td colspan=\"2\" width=\"264\">Error de concentricidad del n\u00facleo\/revestimiento<\/td>\n<td width=\"85\">\u00b5m<\/td>\n<td width=\"85\">\u22640,6<\/td>\n<td width=\"85\">\u22640,5<\/td>\n<td width=\"85\">\u22640,5<\/td>\n<td width=\"75\">\u22640,5<\/td>\n<\/tr>\n<tr>\n<td colspan=\"2\" rowspan=\"2\" width=\"264\">Di\u00e1metro del revestimiento (sin color)<\/td>\n<td width=\"85\">\u00b5m<\/td>\n<td colspan=\"4\" width=\"330\">242\u00b17 (est\u00e1ndar)<\/td>\n<\/tr>\n<tr>\n<td width=\"85\">\u00b5m<\/td>\n<td colspan=\"4\" width=\"330\">200\u00b110 (opcional)<\/td>\n<\/tr>\n<tr>\n<td colspan=\"2\" width=\"264\">Error de concentricidad del revestimiento\/revestimiento<\/td>\n<td width=\"85\">\u00b5m<\/td>\n<td width=\"85\">\u226412<\/td>\n<td width=\"85\">\u226412<\/td>\n<td width=\"85\">\u226412<\/td>\n<td width=\"75\">\u226412<\/td>\n<\/tr>\n<tr>\n<td colspan=\"2\" width=\"264\">Rizado<\/td>\n<td width=\"85\">m<\/td>\n<td width=\"85\">\u22654<\/td>\n<td width=\"85\">\u22654<\/td>\n<td width=\"85\">\u22654<\/td>\n<td width=\"75\">\u22654<\/td>\n<\/tr>\n<tr>\n<td colspan=\"3\" width=\"349\"><strong><b>Ambiental (1550 nm, 1625 nm)<\/b><\/strong><\/td>\n<td colspan=\"4\" width=\"330\"><\/td>\n<\/tr>\n<tr>\n<td width=\"167\">Ciclos de temperatura<\/td>\n<td width=\"96\">-60 \u2103 a +85 \u2103<\/td>\n<td width=\"85\">dB\/km<\/td>\n<td width=\"85\">\u22640,03<\/td>\n<td width=\"85\">\u22640,05<\/td>\n<td width=\"85\">\u22640,05<\/td>\n<td width=\"75\">\u22640,05<\/td>\n<\/tr>\n<tr>\n<td width=\"167\">Alta temperatura y<\/p>\n<p>Alta humedad<\/td>\n<td width=\"96\">85 \u2103, 85% RH, 30 d\u00edas<\/td>\n<td width=\"85\">dB\/km<\/td>\n<td width=\"85\">\u22640,03<\/td>\n<td width=\"85\">\u22640,05<\/td>\n<td width=\"85\">\u22640,05<\/td>\n<td width=\"75\">\u22640,05<\/td>\n<\/tr>\n<tr>\n<td width=\"167\">Inmersi\u00f3n en agua<\/td>\n<td width=\"96\">23 \u2103, 30 d\u00edas<\/td>\n<td width=\"85\">dB\/km<\/td>\n<td width=\"85\">\u22640,03<\/td>\n<td width=\"85\">\u22640,05<\/td>\n<td width=\"85\">\u22640,05<\/td>\n<td width=\"75\">\u22640,05<\/td>\n<\/tr>\n<tr>\n<td width=\"167\">Envejecimiento a alta temperatura<\/td>\n<td width=\"96\">85 \u2103, 30 d\u00edas<\/td>\n<td width=\"85\">dB\/km<\/td>\n<td width=\"85\">\u22640,03<\/td>\n<td width=\"85\">\u22640,05<\/td>\n<td width=\"85\">\u22640,05<\/td>\n<td width=\"75\">\u22640,05<\/td>\n<\/tr>\n<\/tbody>\n<\/table>\n<p><strong><b>\u00a0<\/b><\/strong><\/p>\n<p><strong><b>Par\u00e1metros t\u00e9cnicos de fibra \u00f3ptica-MM<\/b><\/strong><\/p>\n<table>\n<tbody>\n<tr>\n<td rowspan=\"2\" width=\"188\"><strong><b>Caracter\u00edsticas<\/b><\/strong><\/td>\n<td rowspan=\"2\" width=\"90\"><strong><b>Condiciones<\/b><\/strong><\/td>\n<td rowspan=\"2\" width=\"70\"><strong><b>unidad<\/b><\/strong><\/td>\n<td colspan=\"5\" width=\"351\"><strong><b>Valor<\/b><\/strong><\/td>\n<\/tr>\n<tr>\n<td width=\"93\"><strong><b>OM1<\/b><\/strong><\/td>\n<td width=\"91\"><strong><b>OM2<\/b><\/strong><\/td>\n<td width=\"57\"><strong><b>OM2+<\/b><\/strong><\/td>\n<td width=\"53\"><strong><b>OM3<\/b><\/strong><\/td>\n<td width=\"54\"><strong><b>OM4<\/b><\/strong><\/td>\n<\/tr>\n<tr>\n<td colspan=\"8\" width=\"700\"><strong><b>\u00d3ptico <\/b><\/strong><strong><b>Caracter\u00edsticas<\/b><\/strong><\/td>\n<\/tr>\n<tr>\n<td rowspan=\"2\" width=\"188\">Atenuaci\u00f3n<\/td>\n<td width=\"90\">850 nm<\/td>\n<td width=\"70\">dB\/km<\/td>\n<td width=\"93\">\u22642,70~\u22643,00<\/td>\n<td width=\"91\">\u22642,50<\/td>\n<td width=\"57\">\u22642,50<\/td>\n<td width=\"53\">\u22642,50<\/td>\n<td width=\"54\">\u22642,50<\/td>\n<\/tr>\n<tr>\n<td width=\"90\">1300nm<\/td>\n<td width=\"70\">dB\/km<\/td>\n<td width=\"93\">\u22640,60~\u22641,00<\/td>\n<td width=\"91\">\u22640,70<\/td>\n<td width=\"57\">\u22640,70<\/td>\n<td width=\"53\">\u22640,70<\/td>\n<td width=\"54\">\u22640,70<\/td>\n<\/tr>\n<tr>\n<td rowspan=\"2\" width=\"188\">Ancho de banda modal m\u00ednimo<\/td>\n<td width=\"90\">850 nm<\/td>\n<td width=\"70\">MHz.km<\/td>\n<td width=\"93\">\u2265200~\u2265100<\/td>\n<td width=\"91\">\u2265500~\u2265200<\/td>\n<td width=\"57\">\u2013<\/td>\n<td width=\"53\">\u2013<\/td>\n<td width=\"54\">\u2013<\/td>\n<\/tr>\n<tr>\n<td width=\"90\">1300nm<\/td>\n<td width=\"70\">MHz.km<\/td>\n<td width=\"93\">\u2265600~\u2265160<\/td>\n<td width=\"91\">\u22651200~\u2265400<\/td>\n<td width=\"57\">\u2013<\/td>\n<td width=\"53\">\u2013<\/td>\n<td width=\"54\">\u2013<\/td>\n<\/tr>\n<tr>\n<td rowspan=\"2\" width=\"188\">Ancho de banda de lanzamiento sobrecargado<\/td>\n<td width=\"90\">850 nm<\/td>\n<td width=\"70\">MHz.km<\/td>\n<td width=\"93\">\u2013<\/td>\n<td width=\"91\">\u2013<\/td>\n<td width=\"57\">\u2265700<\/td>\n<td width=\"53\">\u22651500<\/td>\n<td width=\"54\">\u22653500<\/td>\n<\/tr>\n<tr>\n<td width=\"90\">1300nm<\/td>\n<td width=\"70\">MHz.km<\/td>\n<td width=\"93\">\u2013<\/td>\n<td width=\"91\">\u2013<\/td>\n<td width=\"57\">\u2265500<\/td>\n<td width=\"53\">\u2265500<\/td>\n<td width=\"54\">\u2265500<\/td>\n<\/tr>\n<tr>\n<td width=\"188\">Ancho de banda modal efectivo<\/td>\n<td width=\"90\">850 nm<\/td>\n<td width=\"70\">MHz.km<\/td>\n<td width=\"93\">\u2013<\/td>\n<td width=\"91\">\u2013<\/td>\n<td width=\"57\">\u2265950<\/td>\n<td width=\"53\">\u22652000<\/td>\n<td width=\"54\">\u22654700<\/td>\n<\/tr>\n<tr>\n<td width=\"188\">Apertura num\u00e9rica<\/td>\n<td width=\"90\"><\/td>\n<td width=\"70\"><\/td>\n<td width=\"93\">0,275\u00b10,015<\/td>\n<td colspan=\"4\" width=\"257\">0.18~0.215<\/td>\n<\/tr>\n<tr>\n<td width=\"188\">Longitud del enlace Ethernet de 10 Gb\/s<\/td>\n<td width=\"90\"><\/td>\n<td width=\"70\">M<\/td>\n<td width=\"93\">\u2013<\/td>\n<td width=\"91\">\u2013<\/td>\n<td width=\"57\">150<\/td>\n<td width=\"53\">300<\/td>\n<td width=\"54\">550<\/td>\n<\/tr>\n<tr>\n<td colspan=\"8\" width=\"700\"><strong><b>Caracter\u00edsticas de retrodispersi\u00f3n (1300 nm)<\/b><\/strong><\/td>\n<\/tr>\n<tr>\n<td colspan=\"2\" width=\"279\">Irregularidades en la longitud de las fibras y discontinuidad de los puntos<\/td>\n<td width=\"70\">dB<\/td>\n<td colspan=\"5\" width=\"351\">\u22640,1<\/td>\n<\/tr>\n<tr>\n<td colspan=\"2\" width=\"279\">Uniformidad de atenuaci\u00f3n<\/td>\n<td width=\"70\">dB<\/td>\n<td colspan=\"5\" width=\"351\">\u22640,1<\/td>\n<\/tr>\n<tr>\n<td colspan=\"2\" width=\"279\">Paso (Media de bidireccional(medici\u00f3n)<\/td>\n<td width=\"70\">dB\/km<\/td>\n<td colspan=\"5\" width=\"351\">\u22640,1<\/td>\n<\/tr>\n<tr>\n<td colspan=\"8\" width=\"700\"><strong><b>Geometr\u00eda <\/b><\/strong><strong><b>Caracter\u00edsticas<\/b><\/strong><\/td>\n<\/tr>\n<tr>\n<td colspan=\"2\" width=\"279\">Di\u00e1metro del n\u00facleo<\/td>\n<td width=\"70\">\u00b5m<\/td>\n<td width=\"93\">62,5\u00b12,5<\/td>\n<td colspan=\"4\" width=\"257\">50\u00b12,5<\/td>\n<\/tr>\n<tr>\n<td colspan=\"2\" width=\"279\">No circularidad central<\/td>\n<td width=\"70\">%<\/td>\n<td colspan=\"5\" width=\"351\">\u22645,0<\/td>\n<\/tr>\n<tr>\n<td colspan=\"2\" width=\"279\">Di\u00e1metro del revestimiento<\/td>\n<td width=\"70\">\u00b5m<\/td>\n<td colspan=\"5\" width=\"351\">124,3\u00b10,7<\/td>\n<\/tr>\n<tr>\n<td colspan=\"2\" width=\"279\">Falta de circularidad del revestimiento<\/td>\n<td width=\"70\">%<\/td>\n<td colspan=\"5\" width=\"351\">\u22642,0<\/td>\n<\/tr>\n<tr>\n<td colspan=\"2\" width=\"279\">Error de concentricidad del n\u00facleo\/revestimiento<\/td>\n<td width=\"70\">\u00b5m<\/td>\n<td colspan=\"5\" width=\"351\">\u22641,5<\/td>\n<\/tr>\n<tr>\n<td colspan=\"2\" width=\"279\">Di\u00e1metro del revestimiento<\/td>\n<td width=\"70\">\u00b5m<\/td>\n<td colspan=\"5\" width=\"351\">245\u00b110<\/td>\n<\/tr>\n<tr>\n<td colspan=\"2\" width=\"279\">Error de concentricidad de revestimiento\/revestimiento<\/td>\n<td width=\"70\">\u00b5m<\/td>\n<td colspan=\"5\" width=\"351\">\u226412,0<\/td>\n<\/tr>\n<tr>\n<td colspan=\"2\" width=\"279\">Longitud de entrega<\/td>\n<td width=\"70\">km\/carrete<\/td>\n<td colspan=\"5\" width=\"351\">\uff5e16.8<\/td>\n<\/tr>\n<tr>\n<td colspan=\"8\" width=\"700\"><strong><b>Caracter\u00edsticas ambientales (850 nm y 1300 nm)<\/b><\/strong><\/td>\n<\/tr>\n<tr>\n<td width=\"188\">Atenuaci\u00f3n inducida por la dependencia de la temperatura<\/td>\n<td width=\"90\">-60\u2103\uff5e+85\u2103<\/td>\n<td width=\"70\">dB\/km<\/td>\n<td colspan=\"5\" width=\"351\">\u22640,10<\/td>\n<\/tr>\n<tr>\n<td width=\"188\">Temperatura-humedad            atenuaci\u00f3n deducida por ciclos<\/td>\n<td width=\"90\">-10 \u2103 ~ +85 \u2103, 98%RH<\/td>\n<td width=\"70\">dB\/km<\/td>\n<td colspan=\"5\" width=\"351\">\u22640,10<\/td>\n<\/tr>\n<tr>\n<td width=\"188\">Dependencia del empapado de agua  atenuaci\u00f3n inducida<\/td>\n<td width=\"90\">23 \u2103 \u00b1 2 \u2103, 30 d\u00edas<\/td>\n<td width=\"70\">dB\/km<\/td>\n<td colspan=\"5\" width=\"351\">\u22640,10<\/td>\n<\/tr>\n<tr>\n<td width=\"188\">Dependencia del calor h\u00famedo  atenuaci\u00f3n inducida<\/td>\n<td width=\"90\">85 \u2103 \u00b1 2 \u2103 y 85%RH, 30 d\u00edas<\/td>\n<td width=\"70\">dB\/km<\/td>\n<td colspan=\"5\" width=\"351\">\u22640,10<\/td>\n<\/tr>\n<tr>\n<td width=\"188\">Envejecimiento por calor seco<\/td>\n<td width=\"90\">85\u2103\u00b12\u2103<\/td>\n<td width=\"70\">dB\/km<\/td>\n<td colspan=\"5\" width=\"351\">\u22640,10<\/td>\n<\/tr>\n<\/tbody>\n<\/table>","protected":false},"excerpt":{"rendered":"<p>El cable h\u00edbrido blindado de 2 fibras y 12 AWG de OMC es un cable de nuevo dise\u00f1o que contiene 2 cables de fibra de subunidad y 2 cables de cobre s\u00f3lido. Un alambre de FRP, a veces revestido con polietileno (PE), se encuentra en el centro del n\u00facleo como miembro de resistencia no met\u00e1lico. Luego se aplica la armadura APL y se cubre la chaqueta de materiales de PE para garantizar [\u2026]<\/p>","protected":false},"featured_media":11725,"comment_status":"closed","ping_status":"closed","template":"","meta":{"site-sidebar-layout":"default","site-content-layout":"","ast-site-content-layout":"default","site-content-style":"default","site-sidebar-style":"default","ast-global-header-display":"","ast-banner-title-visibility":"","ast-main-header-display":"","ast-hfb-above-header-display":"","ast-hfb-below-header-display":"","ast-hfb-mobile-header-display":"","site-post-title":"","ast-breadcrumbs-content":"","ast-featured-img":"","footer-sml-layout":"","theme-transparent-header-meta":"default","adv-header-id-meta":"","stick-header-meta":"default","header-above-stick-meta":"","header-main-stick-meta":"","header-below-stick-meta":"","astra-migrate-meta-layouts":"set","ast-page-background-enabled":"default","ast-page-background-meta":{"desktop":{"background-color":"var(--ast-global-color-4)","background-image":"","background-repeat":"repeat","background-position":"center center","background-size":"auto","background-attachment":"scroll","background-type":"","background-media":"","overlay-type":"","overlay-color":"","overlay-gradient":""},"tablet":{"background-color":"","background-image":"","background-repeat":"repeat","background-position":"center center","background-size":"auto","background-attachment":"scroll","background-type":"","background-media":"","overlay-type":"","overlay-color":"","overlay-gradient":""},"mobile":{"background-color":"","background-image":"","background-repeat":"repeat","background-position":"center center","background-size":"auto","background-attachment":"scroll","background-type":"","background-media":"","overlay-type":"","overlay-color":"","overlay-gradient":""}},"ast-content-background-meta":{"desktop":{"background-color":"var(--ast-global-color-5)","background-image":"","background-repeat":"repeat","background-position":"center center","background-size":"auto","background-attachment":"scroll","background-type":"","background-media":"","overlay-type":"","overlay-color":"","overlay-gradient":""},"tablet":{"background-color":"var(--ast-global-color-5)","background-image":"","background-repeat":"repeat","background-position":"center center","background-size":"auto","background-attachment":"scroll","background-type":"","background-media":"","overlay-type":"","overlay-color":"","overlay-gradient":""},"mobile":{"background-color":"var(--ast-global-color-5)","background-image":"","background-repeat":"repeat","background-position":"center center","background-size":"auto","background-attachment":"scroll","background-type":"","background-media":"","overlay-type":"","overlay-color":"","overlay-gradient":""}}},"product_cat":[160,159,130],"product_tag":[],"class_list":{"0":"post-11715","1":"product","2":"type-product","3":"status-publish","4":"has-post-thumbnail","6":"product_cat-fiber-electronic-cable","7":"product_cat-fibercopper-cable","8":"product_cat-hybrid-cable","9":"desktop-align-left","10":"tablet-align-left","11":"mobile-align-left","12":"ast-product-gallery-layout-horizontal-slider","13":"ast-product-tabs-layout-horizontal","15":"first","16":"instock","17":"shipping-taxable","18":"product-type-simple"},"acf":[],"_links":{"self":[{"href":"https:\/\/www.omccable.com\/es\/wp-json\/wp\/v2\/product\/11715","targetHints":{"allow":["GET"]}}],"collection":[{"href":"https:\/\/www.omccable.com\/es\/wp-json\/wp\/v2\/product"}],"about":[{"href":"https:\/\/www.omccable.com\/es\/wp-json\/wp\/v2\/types\/product"}],"replies":[{"embeddable":true,"href":"https:\/\/www.omccable.com\/es\/wp-json\/wp\/v2\/comments?post=11715"}],"version-history":[{"count":2,"href":"https:\/\/www.omccable.com\/es\/wp-json\/wp\/v2\/product\/11715\/revisions"}],"predecessor-version":[{"id":11726,"href":"https:\/\/www.omccable.com\/es\/wp-json\/wp\/v2\/product\/11715\/revisions\/11726"}],"wp:featuredmedia":[{"embeddable":true,"href":"https:\/\/www.omccable.com\/es\/wp-json\/wp\/v2\/media\/11725"}],"wp:attachment":[{"href":"https:\/\/www.omccable.com\/es\/wp-json\/wp\/v2\/media?parent=11715"}],"wp:term":[{"taxonomy":"product_cat","embeddable":true,"href":"https:\/\/www.omccable.com\/es\/wp-json\/wp\/v2\/product_cat?post=11715"},{"taxonomy":"product_tag","embeddable":true,"href":"https:\/\/www.omccable.com\/es\/wp-json\/wp\/v2\/product_tag?post=11715"}],"curies":[{"name":"wp","href":"https:\/\/api.w.org\/{rel}","templated":true}]}}