{"id":11667,"date":"2024-07-22T14:55:34","date_gmt":"2024-07-22T06:55:34","guid":{"rendered":"https:\/\/www.omccable.com\/?post_type=product&#038;p=11667"},"modified":"2024-07-22T14:55:34","modified_gmt":"2024-07-22T06:55:34","slug":"12f-double-sheath-micro-fiber-cable-5-0mm","status":"publish","type":"product","link":"https:\/\/www.omccable.com\/es\/producto\/12f-double-sheath-micro-fiber-cable-5-0mm\/","title":{"rendered":"12F Cable Micro Fibra Doble Vaina 5.0mm"},"content":{"rendered":"<p>En la OMC <strong><b>12F Cable Micro Fibra Doble Vaina 5<\/b><\/strong><strong><b>.<\/b><\/strong><strong><b>0 mm<\/b><\/strong>, 12 piezas de fibra secundaria monomodo\/multimodo de 250 um codificada por colores como medio de comunicaci\u00f3n \u00f3ptica, las fibras desnudas envueltas con una capa de hilo de aramida m\u00e1s un LSZH como funda interior. Luego, una capa de hilo de aramida cubri\u00f3 la chaqueta interior. Para ofrecer una mejor protecci\u00f3n. Agregamos una funda m\u00e1s de LSZH para terminar el cable.<\/p>\n<p>&nbsp;<\/p>\n<p><strong><b>Caracter\u00edsticas<\/b><\/strong><strong><b>\uff1a<\/b><\/strong><\/p>\n<p>Construcci\u00f3n no met\u00e1lica<\/p>\n<p>Di\u00e1metro exterior peque\u00f1o, Ligero, F\u00e1cil de pelar, Baja atenuaci\u00f3n, F\u00edsicamente suave<\/p>\n<p>Resistencia a la tracci\u00f3n y estabilidad de transmisi\u00f3n de se\u00f1ales a largo plazo mejoradas por el componente de hilo de aramida<\/p>\n<p>Conveniente para la instalaci\u00f3n, operaci\u00f3n y mantenimiento<\/p>\n<p>&nbsp;<\/p>\n<p><strong>Color de la funda exterior<\/strong><\/p>\n<table>\n<tbody>\n<tr>\n<td width=\"109\"><strong><b>Modo de fibra<\/b><\/strong><\/td>\n<td width=\"107\">SM<\/td>\n<td width=\"98\">SM<\/td>\n<td width=\"99\">SM<\/td>\n<td width=\"89\">SM<\/td>\n<td width=\"108\">OM2<\/td>\n<td width=\"74\">OM3<\/td>\n<\/tr>\n<tr>\n<td width=\"109\"><strong><b>Color<\/b><\/strong><\/td>\n<td width=\"107\">Amarillo<\/td>\n<td width=\"98\">Azul<\/td>\n<td width=\"99\">Blanco<\/td>\n<td width=\"89\">Marfil<\/td>\n<td width=\"108\">Naranja<\/td>\n<td width=\"74\">Agua<\/td>\n<\/tr>\n<tr>\n<td width=\"109\"><strong><b>Modo de fibra<\/b><\/strong><\/td>\n<td width=\"107\">OM4<\/td>\n<td width=\"98\">OM4<\/td>\n<td width=\"99\">OM4<\/td>\n<td width=\"89\">OM4<\/td>\n<td width=\"108\">OM5<\/td>\n<td width=\"74\">OM1<\/td>\n<\/tr>\n<tr>\n<td width=\"109\"><strong><b>Color<\/b><\/strong><\/td>\n<td width=\"107\">Magenta<\/td>\n<td width=\"98\">P\u00farpura<\/td>\n<td width=\"99\">Agua<\/td>\n<td width=\"89\">Violeta<\/td>\n<td width=\"108\">Verde lim\u00f3n<\/td>\n<td width=\"74\">Naranja<\/td>\n<\/tr>\n<\/tbody>\n<\/table>\n<p>&nbsp;<\/p>\n<p><strong>Rendimiento retardante de llama<\/strong><\/p>\n<table>\n<tbody>\n<tr>\n<td width=\"120\"><strong><b>Cable<\/b><\/strong><strong><b>\u00a0materiales<\/b><\/strong><\/td>\n<td width=\"567\"><strong><b>Est\u00e1ndar<\/b><\/strong><\/td>\n<\/tr>\n<tr>\n<td width=\"120\">LSZH<\/td>\n<td width=\"567\">CPR: Bca, Cca, Dca, Eca o IEC60332-1, IEC 60332-3 Seg\u00fan demanda del cliente<\/td>\n<\/tr>\n<tr>\n<td width=\"120\">PVC<\/td>\n<td width=\"567\">UL-94V0<\/td>\n<\/tr>\n<\/tbody>\n<\/table>\n<p><strong>\u00a0<\/strong><\/p>\n<p><strong>Detalle de productos:<\/strong><\/p>\n<table>\n<tbody>\n<tr>\n<td colspan=\"2\" width=\"249\"><strong><b>Art\u00edculo<\/b><\/strong><\/td>\n<td width=\"443\"><strong><b>Par\u00e1metros<\/b><\/strong><\/td>\n<\/tr>\n<tr>\n<td width=\"143\">Tipo de fibra<\/td>\n<td width=\"106\">&nbsp;<\/td>\n<td width=\"443\">G652D,G655,G657A1,G657A2,G657B3,OM1,OM2,OM3,OM4,OM5<\/td>\n<\/tr>\n<tr>\n<td width=\"143\">Recuento de fibras<\/td>\n<td width=\"106\">&nbsp;<\/td>\n<td width=\"443\">8-12<\/td>\n<\/tr>\n<tr>\n<td rowspan=\"2\" width=\"143\">Funda interior<\/td>\n<td width=\"106\">Materiales<\/td>\n<td width=\"443\">LSZH o PVC<\/td>\n<\/tr>\n<tr>\n<td width=\"106\">DO<\/td>\n<td width=\"443\">3,0 \u00b1 0,05 (mm): 12 F<\/td>\n<\/tr>\n<tr>\n<td width=\"143\">Miembro de fuerza<\/td>\n<td width=\"106\">Materiales<\/td>\n<td width=\"443\">Hilo de aramida<\/td>\n<\/tr>\n<tr>\n<td rowspan=\"2\" width=\"143\">Funda exterior<\/td>\n<td width=\"106\">DO<\/td>\n<td width=\"443\">5,0 \u00b1 0,2 (mm)<\/td>\n<\/tr>\n<tr>\n<td width=\"106\">Materiales<\/td>\n<td width=\"443\">LSZH o PVC<\/td>\n<\/tr>\n<\/tbody>\n<\/table>\n<p>&nbsp;<\/p>\n<p><strong><b>Desempe\u00f1o mec\u00e1nico y ambiental<\/b><\/strong><\/p>\n<table>\n<tbody>\n<tr>\n<td width=\"228\"><strong>Art\u00edculo<\/strong><\/td>\n<td width=\"206\"><strong>Contenido<\/strong><\/td>\n<td width=\"245\"><strong>Valor<\/strong><\/td>\n<\/tr>\n<tr>\n<td rowspan=\"2\" width=\"228\">M\u00e1x. carga de tracci\u00f3n<\/td>\n<td width=\"206\">Corto plazo<\/td>\n<td width=\"245\">300N<\/td>\n<\/tr>\n<tr>\n<td width=\"206\">Largo plazo<\/td>\n<td width=\"245\">160N<\/td>\n<\/tr>\n<tr>\n<td rowspan=\"2\" width=\"228\">M\u00e1x. resistencia al aplastamiento<\/td>\n<td width=\"206\">Corto plazo<\/td>\n<td width=\"245\">1000N\/100mm<\/td>\n<\/tr>\n<tr>\n<td width=\"206\">Largo plazo<\/td>\n<td width=\"245\">300N\/100mm<\/td>\n<\/tr>\n<tr>\n<td rowspan=\"2\" width=\"228\">M\u00edn. radio de curvatura<\/td>\n<td width=\"206\">Instalaci\u00f3n<\/td>\n<td width=\"245\">40 x di\u00e1metro del cable<\/td>\n<\/tr>\n<tr>\n<td width=\"206\">Operaci\u00f3n<\/td>\n<td width=\"245\">20 x di\u00e1metro del cable<\/td>\n<\/tr>\n<tr>\n<td rowspan=\"3\" width=\"228\">Rango de temperatura<\/td>\n<td width=\"206\">Operaci\u00f3n<\/td>\n<td width=\"245\">-20\u2103 ~ +70\u2103<\/td>\n<\/tr>\n<tr>\n<td width=\"206\">Instalaci\u00f3n<\/td>\n<td width=\"245\">-20\u2103 ~ +60\u2103<\/td>\n<\/tr>\n<tr>\n<td width=\"206\">Almacenamiento\/transporte<\/td>\n<td width=\"245\">-20\u2103 ~ +70\u2103<\/td>\n<\/tr>\n<\/tbody>\n<\/table>\n<p>&nbsp;<\/p>\n<p><strong><b>Par\u00e1metros t\u00e9cnicos de fibra \u00f3ptica-SM<\/b><\/strong><\/p>\n<table>\n<tbody>\n<tr>\n<td rowspan=\"2\" width=\"165\"><strong><b>Par\u00e1metro<\/b><\/strong><\/td>\n<td rowspan=\"2\" width=\"111\"><strong><b>Condiciones<\/b><\/strong><\/td>\n<td rowspan=\"2\" width=\"92\"><strong><b>Unidades<\/b><\/strong><\/td>\n<td colspan=\"4\" width=\"311\"><strong><b>Valor<\/b><\/strong><\/td>\n<\/tr>\n<tr>\n<td width=\"79\"><strong><b>G652D<\/b><\/strong><\/td>\n<td width=\"79\"><strong><b>G657A1<\/b><\/strong><\/td>\n<td width=\"79\"><strong><b>G657A2<\/b><\/strong><\/td>\n<td width=\"72\"><strong><b>G657B3<\/b><\/strong><\/td>\n<\/tr>\n<tr>\n<td colspan=\"3\" width=\"369\"><strong><b>Especificaci\u00f3n \u00f3ptica<\/b><\/strong><\/td>\n<td colspan=\"4\" width=\"311\">&nbsp;<\/td>\n<\/tr>\n<tr>\n<td rowspan=\"6\" width=\"165\">Atenuaci\u00f3n<\/td>\n<td width=\"111\">850 nm<\/td>\n<td width=\"92\">dB\/km<\/td>\n<td width=\"79\">\u2013<\/td>\n<td width=\"79\">\u2013<\/td>\n<td width=\"79\">\u2013<\/td>\n<td width=\"72\">\u2013<\/td>\n<\/tr>\n<tr>\n<td width=\"111\">1300nm<\/td>\n<td width=\"92\">dB\/km<\/td>\n<td width=\"79\">\u2013<\/td>\n<td width=\"79\">\u2013<\/td>\n<td width=\"79\">\u2013<\/td>\n<td width=\"72\">\u2013<\/td>\n<\/tr>\n<tr>\n<td width=\"111\">1310 nm<\/td>\n<td width=\"92\">dB\/km<\/td>\n<td width=\"79\">\u22640,350<\/td>\n<td width=\"79\">\u22640,350<\/td>\n<td width=\"79\">\u22640,350<\/td>\n<td width=\"72\">\u22640,350<\/td>\n<\/tr>\n<tr>\n<td width=\"111\">1383 nm<\/td>\n<td width=\"92\">dB\/km<\/td>\n<td width=\"79\">\u22640,330<\/td>\n<td width=\"79\">\u22640,350<\/td>\n<td width=\"79\">\u22640,350<\/td>\n<td width=\"72\">\u22640,350<\/td>\n<\/tr>\n<tr>\n<td width=\"111\">1550 nm<\/td>\n<td width=\"92\">dB\/km<\/td>\n<td width=\"79\">\u22640,210<\/td>\n<td width=\"79\">\u22640,210<\/td>\n<td width=\"79\">\u22640,210<\/td>\n<td width=\"72\">\u22640,210<\/td>\n<\/tr>\n<tr>\n<td width=\"111\">1625 nan\u00f3metro<\/td>\n<td width=\"92\">dB\/km<\/td>\n<td width=\"79\">\u22640,240<\/td>\n<td width=\"79\">\u22640,230<\/td>\n<td width=\"79\">\u22640,230<\/td>\n<td width=\"72\">\u22640,230<\/td>\n<\/tr>\n<tr>\n<td rowspan=\"3\" width=\"165\">Atenuaci\u00f3n frente a longitud de onda<\/td>\n<td width=\"111\">1310 nm VS. 1285-1330 nan\u00f3metro<\/td>\n<td width=\"92\">dB\/km<\/td>\n<td width=\"79\">\u22640,04<\/td>\n<td width=\"79\">\u22640,04<\/td>\n<td width=\"79\">\u22640,05<\/td>\n<td width=\"72\">\u22640,03<\/td>\n<\/tr>\n<tr>\n<td width=\"111\">1550 nm VS. 1525-1575 nan\u00f3metro<\/td>\n<td width=\"92\">dB\/km<\/td>\n<td width=\"79\">\u22640,03<\/td>\n<td width=\"79\">\u22640,03<\/td>\n<td width=\"79\">\u22640,04<\/td>\n<td width=\"72\">\u22640,02<\/td>\n<\/tr>\n<tr>\n<td width=\"111\">1550 nm VS. 1480-1580 nan\u00f3metro<\/td>\n<td width=\"92\">dB\/km<\/td>\n<td width=\"79\">\u22640,04<\/td>\n<td width=\"79\">\u2013<\/td>\n<td width=\"79\">\u2013<\/td>\n<td width=\"72\">\u2013<\/td>\n<\/tr>\n<tr>\n<td width=\"165\">Longitud de onda de dispersi\u00f3n cero<\/td>\n<td rowspan=\"2\" width=\"111\">\\<\/td>\n<td width=\"92\">nm<\/td>\n<td width=\"79\">1300-1324<\/td>\n<td width=\"79\">1300-1324<\/td>\n<td width=\"79\">1300-1324<\/td>\n<td width=\"72\">1300-1324<\/td>\n<\/tr>\n<tr>\n<td width=\"165\">Pendiente de dispersi\u00f3n cero<\/td>\n<td width=\"92\">ps\/(nm<sup>2<\/sup>\u00b7km)<\/td>\n<td width=\"79\">0.073-0.092<\/td>\n<td width=\"79\">0.073-0.092<\/td>\n<td width=\"79\">0.073-0.092<\/td>\n<td width=\"72\">\u22640,092<\/td>\n<\/tr>\n<tr>\n<td rowspan=\"2\" width=\"165\">Dispersi\u00f3n<\/td>\n<td width=\"111\">1550 nm<\/td>\n<td width=\"92\">ps\/(nm\u00b7km)<\/td>\n<td width=\"79\">13.3-18.6<\/td>\n<td width=\"79\">13.3-18.6<\/td>\n<td width=\"79\">13.3-18.6<\/td>\n<td width=\"72\">&nbsp;<\/td>\n<\/tr>\n<tr>\n<td width=\"111\">1625 nan\u00f3metro<\/td>\n<td width=\"92\">ps\/(nm\u00b7km)<\/td>\n<td width=\"79\">17.2-23.7<\/td>\n<td width=\"79\">17.2-23.7<\/td>\n<td width=\"79\">17.2-23.7<\/td>\n<td width=\"72\">&nbsp;<\/td>\n<\/tr>\n<tr>\n<td colspan=\"2\" width=\"277\">Dispersi\u00f3n del modo de polarizaci\u00f3n (PMD)<\/td>\n<td width=\"92\">ps\/\u221akm<\/td>\n<td width=\"79\">\u22640,2<\/td>\n<td width=\"79\">\u22640,2<\/td>\n<td width=\"79\">\u22640,2<\/td>\n<td width=\"72\">\u22640,2<\/td>\n<\/tr>\n<tr>\n<td width=\"165\">Longitud de onda de corte \u03bbcc<\/td>\n<td width=\"111\">\u2013<\/td>\n<td width=\"92\">nm<\/td>\n<td width=\"79\">\u22641260<\/td>\n<td width=\"79\">\u22641260<\/td>\n<td width=\"79\">\u22641260<\/td>\n<td width=\"72\">\u22641260<\/td>\n<\/tr>\n<tr>\n<td rowspan=\"2\" width=\"165\">Di\u00e1metro de campo modal (MFD)<\/td>\n<td width=\"111\">1310 nm<\/td>\n<td width=\"92\">\u00b5m<\/td>\n<td width=\"79\">9,2\u00b10,4<\/td>\n<td width=\"79\">9,2\u00b10,4<\/td>\n<td width=\"79\">8,6\u00b10,4<\/td>\n<td width=\"72\">8,6\u00b10,4<\/td>\n<\/tr>\n<tr>\n<td width=\"111\">1550 nm<\/td>\n<td width=\"92\">\u00b5m<\/td>\n<td width=\"79\">10,4\u00b10,5<\/td>\n<td width=\"79\">10,4\u00b10,5<\/td>\n<td width=\"79\">9,6\u00b10,5<\/td>\n<td width=\"72\">9,6\u00b10,5<\/td>\n<\/tr>\n<tr>\n<td rowspan=\"2\" width=\"165\">Discontinuidad de atenuaci\u00f3n<\/td>\n<td width=\"111\">1310 nm<\/td>\n<td width=\"92\">dB<\/td>\n<td width=\"79\">\u22640,03<\/td>\n<td width=\"79\">\u22640,03<\/td>\n<td width=\"79\">\u22640,03<\/td>\n<td width=\"72\">\u22640,03<\/td>\n<\/tr>\n<tr>\n<td width=\"111\">1550 nm<\/td>\n<td width=\"92\">dB<\/td>\n<td width=\"79\">\u22640,03<\/td>\n<td width=\"79\">\u22640,03<\/td>\n<td width=\"79\">\u22640,03<\/td>\n<td width=\"72\">\u22640,03<\/td>\n<\/tr>\n<tr>\n<td rowspan=\"2\" width=\"165\">Atenuaci\u00f3n bidireccional<\/td>\n<td width=\"111\">1310 nm<\/td>\n<td width=\"92\">dB\/km<\/td>\n<td width=\"79\">\u22640,04<\/td>\n<td width=\"79\">&nbsp;<\/td>\n<td width=\"79\">&nbsp;<\/td>\n<td width=\"72\">\u22640,05<\/td>\n<\/tr>\n<tr>\n<td width=\"111\">1550 nm<\/td>\n<td width=\"92\">dB\/km<\/td>\n<td width=\"79\">\u22640,04<\/td>\n<td width=\"79\">&nbsp;<\/td>\n<td width=\"79\">&nbsp;<\/td>\n<td width=\"72\">\u22640,05<\/td>\n<\/tr>\n<tr>\n<td colspan=\"3\" width=\"369\"><strong><b>Geom\u00e9trico<\/b><\/strong><\/td>\n<td colspan=\"4\" width=\"311\">&nbsp;<\/td>\n<\/tr>\n<tr>\n<td colspan=\"2\" width=\"277\">Di\u00e1metro del revestimiento<\/td>\n<td width=\"92\">\u00b5m<\/td>\n<td width=\"79\">125\u00b10,7<\/td>\n<td width=\"79\">125\u00b10,7<\/td>\n<td width=\"79\">125\u00b10,7<\/td>\n<td width=\"72\">125\u00b10,7<\/td>\n<\/tr>\n<tr>\n<td colspan=\"2\" width=\"277\">No circularidad del revestimiento<\/td>\n<td width=\"92\">%<\/td>\n<td width=\"79\">\u22641,0<\/td>\n<td width=\"79\">\u22641,0<\/td>\n<td width=\"79\">\u22640,8<\/td>\n<td width=\"72\">\u22640,7<\/td>\n<\/tr>\n<tr>\n<td colspan=\"2\" width=\"277\">Error de concentricidad del n\u00facleo\/revestimiento<\/td>\n<td width=\"92\">\u00b5m<\/td>\n<td width=\"79\">\u22640,6<\/td>\n<td width=\"79\">\u22640,5<\/td>\n<td width=\"79\">\u22640,5<\/td>\n<td width=\"72\">\u22640,5<\/td>\n<\/tr>\n<tr>\n<td colspan=\"2\" rowspan=\"2\" width=\"277\">Di\u00e1metro del revestimiento (sin color)<\/td>\n<td width=\"92\">\u00b5m<\/td>\n<td colspan=\"4\" width=\"311\">242\u00b17 (est\u00e1ndar)<\/td>\n<\/tr>\n<tr>\n<td width=\"92\">\u00b5m<\/td>\n<td colspan=\"4\" width=\"311\">200\u00b110 (opcional)<\/td>\n<\/tr>\n<tr>\n<td colspan=\"2\" width=\"277\">Error de concentricidad del revestimiento\/revestimiento<\/td>\n<td width=\"92\">\u00b5m<\/td>\n<td width=\"79\">\u226412<\/td>\n<td width=\"79\">\u226412<\/td>\n<td width=\"79\">\u226412<\/td>\n<td width=\"72\">\u226412<\/td>\n<\/tr>\n<tr>\n<td colspan=\"2\" width=\"277\">Rizado<\/td>\n<td width=\"92\">m<\/td>\n<td width=\"79\">\u22654<\/td>\n<td width=\"79\">\u22654<\/td>\n<td width=\"79\">\u22654<\/td>\n<td width=\"72\">\u22654<\/td>\n<\/tr>\n<tr>\n<td colspan=\"3\" width=\"369\"><strong><b>Ambiental (1550 nm, 1625 nm)<\/b><\/strong><\/td>\n<td colspan=\"4\" width=\"311\">&nbsp;<\/td>\n<\/tr>\n<tr>\n<td width=\"165\">Ciclos de temperatura<\/td>\n<td width=\"111\">-60 \u2103 a +85 \u2103<\/td>\n<td width=\"92\">dB\/km<\/td>\n<td width=\"79\">\u22640,03<\/td>\n<td width=\"79\">\u22640,05<\/td>\n<td width=\"79\">\u22640,05<\/td>\n<td width=\"72\">\u22640,05<\/td>\n<\/tr>\n<tr>\n<td width=\"165\">Alta temperatura y<\/p>\n<p>Alta humedad<\/td>\n<td width=\"111\">85 \u2103, 85% RH, 30 d\u00edas<\/td>\n<td width=\"92\">dB\/km<\/td>\n<td width=\"79\">\u22640,03<\/td>\n<td width=\"79\">\u22640,05<\/td>\n<td width=\"79\">\u22640,05<\/td>\n<td width=\"72\">\u22640,05<\/td>\n<\/tr>\n<tr>\n<td width=\"165\">Inmersi\u00f3n en agua<\/td>\n<td width=\"111\">23 \u2103, 30 d\u00edas<\/td>\n<td width=\"92\">dB\/km<\/td>\n<td width=\"79\">\u22640,03<\/td>\n<td width=\"79\">\u22640,05<\/td>\n<td width=\"79\">\u22640,05<\/td>\n<td width=\"72\">\u22640,05<\/td>\n<\/tr>\n<tr>\n<td width=\"165\">Envejecimiento a alta temperatura<\/td>\n<td width=\"111\">85 \u2103, 30 d\u00edas<\/td>\n<td width=\"92\">dB\/km<\/td>\n<td width=\"79\">\u22640,03<\/td>\n<td width=\"79\">\u22640,05<\/td>\n<td width=\"79\">\u22640,05<\/td>\n<td width=\"72\">\u22640,05<\/td>\n<\/tr>\n<\/tbody>\n<\/table>\n<p><strong><b>\u00a0<\/b><\/strong><\/p>\n<p><strong><b>Par\u00e1metros t\u00e9cnicos de fibra \u00f3ptica-MM<\/b><\/strong><\/p>\n<table>\n<tbody>\n<tr>\n<td rowspan=\"2\" width=\"186\"><strong><b>Caracter\u00edsticas<\/b><\/strong><\/td>\n<td rowspan=\"2\" width=\"94\"><strong><b>Condiciones<\/b><\/strong><\/td>\n<td rowspan=\"2\" width=\"76\"><strong><b>unidad<\/b><\/strong><\/td>\n<td colspan=\"5\" width=\"343\"><strong><b>Valor<\/b><\/strong><\/td>\n<\/tr>\n<tr>\n<td width=\"85\"><strong><b>OM1<\/b><\/strong><\/td>\n<td width=\"91\"><strong><b>OM2<\/b><\/strong><\/td>\n<td width=\"57\"><strong><b>OM2+<\/b><\/strong><\/td>\n<td width=\"53\"><strong><b>OM3<\/b><\/strong><\/td>\n<td width=\"54\"><strong><b>OM4<\/b><\/strong><\/td>\n<\/tr>\n<tr>\n<td colspan=\"8\" width=\"700\"><strong><b>\u00d3ptico <\/b><\/strong><strong><b>Caracter\u00edsticas<\/b><\/strong><\/td>\n<\/tr>\n<tr>\n<td rowspan=\"2\" width=\"186\">Atenuaci\u00f3n<\/td>\n<td width=\"94\">850 nm<\/td>\n<td width=\"76\">dB\/km<\/td>\n<td width=\"85\">\u22642,70~\u22643,00<\/td>\n<td width=\"91\">\u22642,50<\/td>\n<td width=\"57\">\u22642,50<\/td>\n<td width=\"53\">\u22642,50<\/td>\n<td width=\"54\">\u22642,50<\/td>\n<\/tr>\n<tr>\n<td width=\"94\">1300nm<\/td>\n<td width=\"76\">dB\/km<\/td>\n<td width=\"85\">\u22640,60~\u22641,00<\/td>\n<td width=\"91\">\u22640,70<\/td>\n<td width=\"57\">\u22640,70<\/td>\n<td width=\"53\">\u22640,70<\/td>\n<td width=\"54\">\u22640,70<\/td>\n<\/tr>\n<tr>\n<td rowspan=\"2\" width=\"186\">Ancho de banda modal m\u00ednimo<\/td>\n<td width=\"94\">850 nm<\/td>\n<td width=\"76\">MHz.km<\/td>\n<td width=\"85\">\u2265200~\u2265100<\/td>\n<td width=\"91\">\u2265500~\u2265200<\/td>\n<td width=\"57\">\u2013<\/td>\n<td width=\"53\">\u2013<\/td>\n<td width=\"54\">\u2013<\/td>\n<\/tr>\n<tr>\n<td width=\"94\">1300nm<\/td>\n<td width=\"76\">MHz.km<\/td>\n<td width=\"85\">\u2265600~\u2265160<\/td>\n<td width=\"91\">\u22651200~\u2265400<\/td>\n<td width=\"57\">\u2013<\/td>\n<td width=\"53\">\u2013<\/td>\n<td width=\"54\">\u2013<\/td>\n<\/tr>\n<tr>\n<td rowspan=\"2\" width=\"186\">Ancho de banda de lanzamiento sobrecargado<\/td>\n<td width=\"94\">850 nm<\/td>\n<td width=\"76\">MHz.km<\/td>\n<td width=\"85\">\u2013<\/td>\n<td width=\"91\">\u2013<\/td>\n<td width=\"57\">\u2265700<\/td>\n<td width=\"53\">\u22651500<\/td>\n<td width=\"54\">\u22653500<\/td>\n<\/tr>\n<tr>\n<td width=\"94\">1300nm<\/td>\n<td width=\"76\">MHz.km<\/td>\n<td width=\"85\">\u2013<\/td>\n<td width=\"91\">\u2013<\/td>\n<td width=\"57\">\u2265500<\/td>\n<td width=\"53\">\u2265500<\/td>\n<td width=\"54\">\u2265500<\/td>\n<\/tr>\n<tr>\n<td width=\"186\">Ancho de banda modal efectivo<\/td>\n<td width=\"94\">850 nm<\/td>\n<td width=\"76\">MHz.km<\/td>\n<td width=\"85\">\u2013<\/td>\n<td width=\"91\">\u2013<\/td>\n<td width=\"57\">\u2265950<\/td>\n<td width=\"53\">\u22652000<\/td>\n<td width=\"54\">\u22654700<\/td>\n<\/tr>\n<tr>\n<td width=\"186\">Apertura num\u00e9rica<\/td>\n<td width=\"94\">&nbsp;<\/td>\n<td width=\"76\">&nbsp;<\/td>\n<td width=\"85\">0,275\u00b10,015<\/td>\n<td colspan=\"4\" width=\"257\">0.18~0.215<\/td>\n<\/tr>\n<tr>\n<td width=\"186\">Longitud del enlace Ethernet de 10 Gb\/s<\/td>\n<td width=\"94\">&nbsp;<\/td>\n<td width=\"76\">M<\/td>\n<td width=\"85\">\u2013<\/td>\n<td width=\"91\">\u2013<\/td>\n<td width=\"57\">150<\/td>\n<td width=\"53\">300<\/td>\n<td width=\"54\">550<\/td>\n<\/tr>\n<tr>\n<td colspan=\"8\" width=\"700\"><strong><b>Caracter\u00edsticas de retrodispersi\u00f3n (1300 nm)<\/b><\/strong><\/td>\n<\/tr>\n<tr>\n<td colspan=\"2\" width=\"281\">Irregularidades en la longitud de las fibras y discontinuidad de los puntos<\/td>\n<td width=\"76\">dB<\/td>\n<td colspan=\"5\" width=\"343\">\u22640,1<\/td>\n<\/tr>\n<tr>\n<td colspan=\"2\" width=\"281\">Uniformidad de atenuaci\u00f3n<\/td>\n<td width=\"76\">dB<\/td>\n<td colspan=\"5\" width=\"343\">\u22640,1<\/td>\n<\/tr>\n<tr>\n<td colspan=\"2\" width=\"281\">Paso (Media de bidireccional(medici\u00f3n)<\/td>\n<td width=\"76\">dB\/km<\/td>\n<td colspan=\"5\" width=\"343\">\u22640,1<\/td>\n<\/tr>\n<tr>\n<td colspan=\"8\" width=\"700\"><strong><b>Geometr\u00eda <\/b><\/strong><strong><b>Caracter\u00edsticas<\/b><\/strong><\/td>\n<\/tr>\n<tr>\n<td colspan=\"2\" width=\"281\">Di\u00e1metro del n\u00facleo<\/td>\n<td width=\"76\">\u00b5m<\/td>\n<td width=\"85\">62,5\u00b12,5<\/td>\n<td colspan=\"4\" width=\"257\">50\u00b12,5<\/td>\n<\/tr>\n<tr>\n<td colspan=\"2\" width=\"281\">No circularidad central<\/td>\n<td width=\"76\">%<\/td>\n<td colspan=\"5\" width=\"343\">\u22645,0<\/td>\n<\/tr>\n<tr>\n<td colspan=\"2\" width=\"281\">Di\u00e1metro del revestimiento<\/td>\n<td width=\"76\">\u00b5m<\/td>\n<td colspan=\"5\" width=\"343\">124,3\u00b10,7<\/td>\n<\/tr>\n<tr>\n<td colspan=\"2\" width=\"281\">Falta de circularidad del revestimiento<\/td>\n<td width=\"76\">%<\/td>\n<td colspan=\"5\" width=\"343\">\u22642,0<\/td>\n<\/tr>\n<tr>\n<td colspan=\"2\" width=\"281\">Error de concentricidad del n\u00facleo\/revestimiento<\/td>\n<td width=\"76\">\u00b5m<\/td>\n<td colspan=\"5\" width=\"343\">\u22641,5<\/td>\n<\/tr>\n<tr>\n<td colspan=\"2\" width=\"281\">Di\u00e1metro del revestimiento<\/td>\n<td width=\"76\">\u00b5m<\/td>\n<td colspan=\"5\" width=\"343\">245\u00b110<\/td>\n<\/tr>\n<tr>\n<td colspan=\"2\" width=\"281\">Error de concentricidad de revestimiento\/revestimiento<\/td>\n<td width=\"76\">\u00b5m<\/td>\n<td colspan=\"5\" width=\"343\">\u226412,0<\/td>\n<\/tr>\n<tr>\n<td colspan=\"2\" width=\"281\">Longitud de entrega<\/td>\n<td width=\"76\">km\/carrete<\/td>\n<td colspan=\"5\" width=\"343\">\uff5e16.8<\/td>\n<\/tr>\n<tr>\n<td colspan=\"8\" width=\"700\"><strong><b>Caracter\u00edsticas ambientales (850 nm y 1300 nm)<\/b><\/strong><\/td>\n<\/tr>\n<tr>\n<td width=\"186\">Atenuaci\u00f3n inducida por la dependencia de la temperatura<\/td>\n<td width=\"94\">-60\u2103\uff5e+85\u2103<\/td>\n<td width=\"76\">dB\/km<\/td>\n<td colspan=\"5\" width=\"343\">\u22640,10<\/td>\n<\/tr>\n<tr>\n<td width=\"186\">Temperatura-humedad            atenuaci\u00f3n deducida por ciclos<\/td>\n<td width=\"94\">-10 \u2103 ~ +85 \u2103, 98%RH<\/td>\n<td width=\"76\">dB\/km<\/td>\n<td colspan=\"5\" width=\"343\">\u22640,10<\/td>\n<\/tr>\n<tr>\n<td width=\"186\">Dependencia del empapado de agua  atenuaci\u00f3n inducida<\/td>\n<td width=\"94\">23 \u2103 \u00b1 2 \u2103, 30 d\u00edas<\/td>\n<td width=\"76\">dB\/km<\/td>\n<td colspan=\"5\" width=\"343\">\u22640,10<\/td>\n<\/tr>\n<tr>\n<td width=\"186\">Dependencia del calor h\u00famedo  atenuaci\u00f3n inducida<\/td>\n<td width=\"94\">85 \u2103 \u00b1 2 \u2103 y 85%RH, 30 d\u00edas<\/td>\n<td width=\"76\">dB\/km<\/td>\n<td colspan=\"5\" width=\"343\">\u22640,10<\/td>\n<\/tr>\n<tr>\n<td width=\"186\">Envejecimiento por calor seco<\/td>\n<td width=\"94\">85\u2103\u00b12\u2103<\/td>\n<td width=\"76\">dB\/km<\/td>\n<td colspan=\"5\" width=\"343\">\u22640,10<\/td>\n<\/tr>\n<\/tbody>\n<\/table>\n<p>&nbsp;<\/p>\n<p><strong><b>Solicitud<\/b><\/strong><strong><b>\uff1a<\/b><\/strong><\/p>\n<p>Cableado del centro de datos<\/p>\n<p>Cableado en sala de equipos de comunicaci\u00f3n \u00f3ptica para conectar marcos de distribuci\u00f3n.<\/p>\n<p>Para ensamblar en pigtails, conectores m\u00f3viles y cables de conexi\u00f3n<\/p>","protected":false},"excerpt":{"rendered":"<p>En el cable de microfibra de doble funda 12F de 5,0 mm de OMC, 12 piezas de subfibra monomodo\/multimodo de 250 um codificadas por colores como medio de comunicaci\u00f3n \u00f3ptica, las fibras desnudas envueltas con una capa de hilo de aramida m\u00e1s un LSZH como funda interior. Luego, una capa de hilo de aramida cubri\u00f3 la chaqueta interior. Para ofrecer una mejor protecci\u00f3n. Agregamos una funda LSZH m\u00e1s [\u2026]<\/p>","protected":false},"featured_media":11669,"comment_status":"closed","ping_status":"closed","template":"","meta":{"site-sidebar-layout":"default","site-content-layout":"","ast-site-content-layout":"default","site-content-style":"default","site-sidebar-style":"default","ast-global-header-display":"","ast-banner-title-visibility":"","ast-main-header-display":"","ast-hfb-above-header-display":"","ast-hfb-below-header-display":"","ast-hfb-mobile-header-display":"","site-post-title":"","ast-breadcrumbs-content":"","ast-featured-img":"","footer-sml-layout":"","theme-transparent-header-meta":"default","adv-header-id-meta":"","stick-header-meta":"default","header-above-stick-meta":"","header-main-stick-meta":"","header-below-stick-meta":"","astra-migrate-meta-layouts":"set","ast-page-background-enabled":"default","ast-page-background-meta":{"desktop":{"background-color":"var(--ast-global-color-4)","background-image":"","background-repeat":"repeat","background-position":"center center","background-size":"auto","background-attachment":"scroll","background-type":"","background-media":"","overlay-type":"","overlay-color":"","overlay-gradient":""},"tablet":{"background-color":"","background-image":"","background-repeat":"repeat","background-position":"center center","background-size":"auto","background-attachment":"scroll","background-type":"","background-media":"","overlay-type":"","overlay-color":"","overlay-gradient":""},"mobile":{"background-color":"","background-image":"","background-repeat":"repeat","background-position":"center center","background-size":"auto","background-attachment":"scroll","background-type":"","background-media":"","overlay-type":"","overlay-color":"","overlay-gradient":""}},"ast-content-background-meta":{"desktop":{"background-color":"var(--ast-global-color-5)","background-image":"","background-repeat":"repeat","background-position":"center center","background-size":"auto","background-attachment":"scroll","background-type":"","background-media":"","overlay-type":"","overlay-color":"","overlay-gradient":""},"tablet":{"background-color":"var(--ast-global-color-5)","background-image":"","background-repeat":"repeat","background-position":"center center","background-size":"auto","background-attachment":"scroll","background-type":"","background-media":"","overlay-type":"","overlay-color":"","overlay-gradient":""},"mobile":{"background-color":"var(--ast-global-color-5)","background-image":"","background-repeat":"repeat","background-position":"center center","background-size":"auto","background-attachment":"scroll","background-type":"","background-media":"","overlay-type":"","overlay-color":"","overlay-gradient":""}}},"product_cat":[128,155],"product_tag":[],"class_list":{"0":"post-11667","1":"product","2":"type-product","3":"status-publish","4":"has-post-thumbnail","6":"product_cat-indoor-cable","7":"product_cat-micro-fiber-cable","8":"desktop-align-left","9":"tablet-align-left","10":"mobile-align-left","11":"ast-product-gallery-layout-horizontal-slider","12":"ast-product-tabs-layout-horizontal","14":"first","15":"instock","16":"shipping-taxable","17":"product-type-simple"},"acf":[],"_links":{"self":[{"href":"https:\/\/www.omccable.com\/es\/wp-json\/wp\/v2\/product\/11667","targetHints":{"allow":["GET"]}}],"collection":[{"href":"https:\/\/www.omccable.com\/es\/wp-json\/wp\/v2\/product"}],"about":[{"href":"https:\/\/www.omccable.com\/es\/wp-json\/wp\/v2\/types\/product"}],"replies":[{"embeddable":true,"href":"https:\/\/www.omccable.com\/es\/wp-json\/wp\/v2\/comments?post=11667"}],"version-history":[{"count":1,"href":"https:\/\/www.omccable.com\/es\/wp-json\/wp\/v2\/product\/11667\/revisions"}],"predecessor-version":[{"id":11670,"href":"https:\/\/www.omccable.com\/es\/wp-json\/wp\/v2\/product\/11667\/revisions\/11670"}],"wp:featuredmedia":[{"embeddable":true,"href":"https:\/\/www.omccable.com\/es\/wp-json\/wp\/v2\/media\/11669"}],"wp:attachment":[{"href":"https:\/\/www.omccable.com\/es\/wp-json\/wp\/v2\/media?parent=11667"}],"wp:term":[{"taxonomy":"product_cat","embeddable":true,"href":"https:\/\/www.omccable.com\/es\/wp-json\/wp\/v2\/product_cat?post=11667"},{"taxonomy":"product_tag","embeddable":true,"href":"https:\/\/www.omccable.com\/es\/wp-json\/wp\/v2\/product_tag?post=11667"}],"curies":[{"name":"wp","href":"https:\/\/api.w.org\/{rel}","templated":true}]}}