{"id":11416,"date":"2024-07-08T10:51:24","date_gmt":"2024-07-08T02:51:24","guid":{"rendered":"https:\/\/www.omccable.com\/?post_type=product&#038;p=11416"},"modified":"2024-09-05T15:48:06","modified_gmt":"2024-09-05T07:48:06","slug":"12f-micro-fiber-double-sheath-armored-cable-3-0mm-od-for-mpo","status":"publish","type":"product","link":"https:\/\/www.omccable.com\/es\/producto\/12f-micro-fiber-double-sheath-armored-cable-3-0mm-od-for-mpo\/","title":{"rendered":"Cable blindado de doble funda de microfibra 12F de 3,0 mm de di\u00e1metro exterior para MPO"},"content":{"rendered":"<p>El cable blindado es un cable especial con un tubo de acero inoxidable dentro del cable que podr\u00eda proteger la fibra de la picadura de hormigas y animales roedores relacionados con ratones.<\/p>\n<p>El <strong><b>Cable blindado de microfibra de doble vaina 12F de 3,0 mm de di\u00e1metro exterior<\/b><\/strong>\u00a0consta de 12 fibras desnudas de 250um, luego una chaqueta interior de PVC\/LSZH cubri\u00f3 esas fibras. Un tubo met\u00e1lico flexible blindado cubr\u00eda la chaqueta interior. Finalmente, un hilo de aramida cubr\u00eda el tubo blindado y una chaqueta exterior de LSZH, PE o PVC.<\/p>\n<p>Es una opci\u00f3n ideal para conexi\u00f3n directa. Este cable podr\u00eda usarse como cable el\u00e9ctrico normal. Es el cable de fibra m\u00e1s f\u00e1cil de instalar cuando se desea una terminaci\u00f3n directa de conectores a subunidades y un tendido directo a paneles y equipos.<\/p>\n<p>&nbsp;<\/p>\n<p><strong>Caracter\u00edsticas:<\/strong><\/p>\n<ul>\n<li>Alta antitensi\u00f3n; Alta antipresi\u00f3n<\/li>\n<li>Alta resistencia a la flexi\u00f3n; Antimordeduras de animales roedores<\/li>\n<li>Tubo de protecci\u00f3n de acero inoxidable con di\u00e1metro exterior peque\u00f1o<\/li>\n<li>No te preocupes por los da\u00f1os en el proyecto<\/li>\n<li>F\u00e1cil de mantener<\/li>\n<li>Este cable podr\u00eda usarse como cable el\u00e9ctrico normal.<\/li>\n<\/ul>\n<p>&nbsp;<\/p>\n<p><strong>Solicitud:<\/strong><\/p>\n<ul>\n<li>Conjuntos de cables de conexi\u00f3n y coletas blindados.<\/li>\n<li>Instalaci\u00f3n de cableado en suelo, esquina de pared y l\u00ednea principal de comunicaci\u00f3n.<\/li>\n<li>Otros ODN, FTTx<\/li>\n<li>Conexi\u00f3n \u00f3ptica de equipos \u00f3pticos, instrumentos, etc.<\/li>\n<li>Cableado horizontal interior y cableado vertical dentro de edificios;<\/li>\n<li>Conexiones \u00f3pticas como cableado de larga distancia, exterior, de edificios y descarga mixta optoelectr\u00f3nica de bandejas de cables<\/li>\n<li>Este cable \u00f3ptico es adecuado para cableado de fibra \u00f3ptica a escritorio y techo debajo de alfombras.<\/li>\n<li>El radio de curvatura m\u00ednimo es peque\u00f1o, lo que se puede usar para cableado de unidades y tendido general interior de m\u00faltiples clientes de gran capacidad, y se puede usar de forma independiente para derivaciones, lo que lo hace conveniente para la conexi\u00f3n con varios dispositivos conectados en los extremos<\/li>\n<li>Recomendado para cableado de alta densidad, donde el espacio de instalaci\u00f3n y la curvatura son peque\u00f1os<\/li>\n<\/ul>\n<p><img fetchpriority=\"high\" decoding=\"async\" class=\"alignnone size-full wp-image-11376\" src=\"https:\/\/www.omccable.com\/wp-content\/uploads\/2024\/07\/Indoor-Armored-FO-cable.png\" alt=\"Indoor Armored FO cable\" width=\"1026\" height=\"506\" srcset=\"https:\/\/www.omccable.com\/wp-content\/uploads\/2024\/07\/Indoor-Armored-FO-cable.png 1026w, https:\/\/www.omccable.com\/wp-content\/uploads\/2024\/07\/Indoor-Armored-FO-cable-300x148.png 300w, https:\/\/www.omccable.com\/wp-content\/uploads\/2024\/07\/Indoor-Armored-FO-cable-800x395.png 800w, https:\/\/www.omccable.com\/wp-content\/uploads\/2024\/07\/Indoor-Armored-FO-cable-768x379.png 768w\" sizes=\"(max-width: 1026px) 100vw, 1026px\" \/><\/p>","protected":false},"excerpt":{"rendered":"<p>El cable blindado es un cable especial con un tubo de acero inoxidable dentro del cable que podr\u00eda proteger la fibra de la picadura de hormigas y animales roedores relacionados con ratones. El cable blindado de doble funda de microfibra 12F de 3,0 mm de di\u00e1metro exterior consta de 12 fibras desnudas de 250 um, luego una funda interior de PVC\/LSZH cubre esas fibras. Un tubo met\u00e1lico flexible blindado cubr\u00eda el interior [\u2026]<\/p>","protected":false},"featured_media":11418,"comment_status":"closed","ping_status":"closed","template":"","meta":{"site-sidebar-layout":"default","site-content-layout":"","ast-site-content-layout":"default","site-content-style":"default","site-sidebar-style":"default","ast-global-header-display":"","ast-banner-title-visibility":"","ast-main-header-display":"","ast-hfb-above-header-display":"","ast-hfb-below-header-display":"","ast-hfb-mobile-header-display":"","site-post-title":"","ast-breadcrumbs-content":"","ast-featured-img":"","footer-sml-layout":"","theme-transparent-header-meta":"default","adv-header-id-meta":"","stick-header-meta":"default","header-above-stick-meta":"","header-main-stick-meta":"","header-below-stick-meta":"","astra-migrate-meta-layouts":"set","ast-page-background-enabled":"default","ast-page-background-meta":{"desktop":{"background-color":"var(--ast-global-color-4)","background-image":"","background-repeat":"repeat","background-position":"center center","background-size":"auto","background-attachment":"scroll","background-type":"","background-media":"","overlay-type":"","overlay-color":"","overlay-gradient":""},"tablet":{"background-color":"","background-image":"","background-repeat":"repeat","background-position":"center center","background-size":"auto","background-attachment":"scroll","background-type":"","background-media":"","overlay-type":"","overlay-color":"","overlay-gradient":""},"mobile":{"background-color":"","background-image":"","background-repeat":"repeat","background-position":"center center","background-size":"auto","background-attachment":"scroll","background-type":"","background-media":"","overlay-type":"","overlay-color":"","overlay-gradient":""}},"ast-content-background-meta":{"desktop":{"background-color":"var(--ast-global-color-5)","background-image":"","background-repeat":"repeat","background-position":"center center","background-size":"auto","background-attachment":"scroll","background-type":"","background-media":"","overlay-type":"","overlay-color":"","overlay-gradient":""},"tablet":{"background-color":"var(--ast-global-color-5)","background-image":"","background-repeat":"repeat","background-position":"center center","background-size":"auto","background-attachment":"scroll","background-type":"","background-media":"","overlay-type":"","overlay-color":"","overlay-gradient":""},"mobile":{"background-color":"var(--ast-global-color-5)","background-image":"","background-repeat":"repeat","background-position":"center center","background-size":"auto","background-attachment":"scroll","background-type":"","background-media":"","overlay-type":"","overlay-color":"","overlay-gradient":""}}},"product_cat":[148,127],"product_tag":[],"class_list":{"0":"post-11416","1":"product","2":"type-product","3":"status-publish","4":"has-post-thumbnail","6":"product_cat-armored-microfiber-cable","7":"product_cat-indoor-armored-cable","8":"desktop-align-left","9":"tablet-align-left","10":"mobile-align-left","11":"ast-product-gallery-layout-horizontal-slider","12":"ast-product-tabs-layout-horizontal","14":"first","15":"instock","16":"shipping-taxable","17":"product-type-simple"},"acf":[],"_links":{"self":[{"href":"https:\/\/www.omccable.com\/es\/wp-json\/wp\/v2\/product\/11416","targetHints":{"allow":["GET"]}}],"collection":[{"href":"https:\/\/www.omccable.com\/es\/wp-json\/wp\/v2\/product"}],"about":[{"href":"https:\/\/www.omccable.com\/es\/wp-json\/wp\/v2\/types\/product"}],"replies":[{"embeddable":true,"href":"https:\/\/www.omccable.com\/es\/wp-json\/wp\/v2\/comments?post=11416"}],"version-history":[{"count":1,"href":"https:\/\/www.omccable.com\/es\/wp-json\/wp\/v2\/product\/11416\/revisions"}],"predecessor-version":[{"id":11419,"href":"https:\/\/www.omccable.com\/es\/wp-json\/wp\/v2\/product\/11416\/revisions\/11419"}],"wp:featuredmedia":[{"embeddable":true,"href":"https:\/\/www.omccable.com\/es\/wp-json\/wp\/v2\/media\/11418"}],"wp:attachment":[{"href":"https:\/\/www.omccable.com\/es\/wp-json\/wp\/v2\/media?parent=11416"}],"wp:term":[{"taxonomy":"product_cat","embeddable":true,"href":"https:\/\/www.omccable.com\/es\/wp-json\/wp\/v2\/product_cat?post=11416"},{"taxonomy":"product_tag","embeddable":true,"href":"https:\/\/www.omccable.com\/es\/wp-json\/wp\/v2\/product_tag?post=11416"}],"curies":[{"name":"wp","href":"https:\/\/api.w.org\/{rel}","templated":true}]}}