{"id":11383,"date":"2024-07-06T09:46:35","date_gmt":"2024-07-06T01:46:35","guid":{"rendered":"https:\/\/www.omccable.com\/?post_type=product&#038;p=11383"},"modified":"2024-09-05T15:31:15","modified_gmt":"2024-09-05T07:31:15","slug":"4c-uni-tube-duplex-armored-cable-4-8mm-od-tpu-fanout-0-6mm","status":"publish","type":"product","link":"https:\/\/www.omccable.com\/es\/producto\/4c-uni-tube-duplex-armored-cable-4-8mm-od-tpu-fanout-0-6mm\/","title":{"rendered":"Cable blindado d\u00faplex Uni-tubo 4C, 4,8 mm de di\u00e1metro exterior, distribuci\u00f3n en abanico de TPU de 0,6 mm"},"content":{"rendered":"<p>El cable blindado es un cable especial con un tubo de acero inoxidable dentro del cable que podr\u00eda proteger la fibra de la picadura de hormigas y animales roedores relacionados con ratones.<\/p>\n<p>El <strong><b>Cable blindado d\u00faplex Uni-tubo 4C, funda de TPU de 4,8 mm<\/b><\/strong>\u00a0consta de 4 fibras protectoras ajustadas de 0,6 mm, un tubo met\u00e1lico flexible blindado, una capa de hilo de aramida y una cubierta exterior de TPU. Es una opci\u00f3n ideal para conexi\u00f3n directa. Es el cable de fibra m\u00e1s f\u00e1cil de instalar cuando se desea una terminaci\u00f3n directa de conectores a subunidades y un tendido directo a paneles y equipos.<\/p>\n<p>Este cable podr\u00eda usarse como cable el\u00e9ctrico normal.<\/p>\n<p>&nbsp;<\/p>\n<p><strong>Caracter\u00edsticas:<\/strong><\/p>\n<ul>\n<li>Alta antitensi\u00f3n; Alta antipresi\u00f3n<\/li>\n<li>Alta resistencia a la flexi\u00f3n; Antimordeduras de animales roedores<\/li>\n<li>Tubo de protecci\u00f3n de acero inoxidable con di\u00e1metro exterior peque\u00f1o<\/li>\n<li>No te preocupes por los da\u00f1os en el proyecto<\/li>\n<li>F\u00e1cil de mantener<\/li>\n<li>Este cable podr\u00eda usarse como cable el\u00e9ctrico normal.<\/li>\n<\/ul>\n<p>&nbsp;<\/p>\n<p><strong>Producto<\/strong><strong>detalle de cts:<\/strong><\/p>\n<table>\n<tbody>\n<tr>\n<td width=\"154\"><strong>Art\u00edculo<\/strong><\/td>\n<td width=\"112\"><strong>Contenido<\/strong><\/td>\n<td width=\"83\"><strong>Unidad<\/strong><\/td>\n<td width=\"335\"><strong>Valor<\/strong><\/td>\n<\/tr>\n<tr>\n<td width=\"154\">Tipo de fibra<\/td>\n<td width=\"112\">\/<\/td>\n<td width=\"83\">\/<\/td>\n<td width=\"335\">SMG652D;OM2,OM3,OM4<\/td>\n<\/tr>\n<tr>\n<td width=\"154\">Di\u00e1metro del cable<\/td>\n<td width=\"112\">\u00b10,3<\/td>\n<td width=\"83\">mil\u00edmetros<\/td>\n<td width=\"335\">5,0\u00b10,2<\/td>\n<\/tr>\n<tr>\n<td rowspan=\"3\" width=\"154\">Amortiguador estrecho<\/td>\n<td width=\"112\">Materiales<\/td>\n<td width=\"83\">\/<\/td>\n<td width=\"335\">PVC,LSZH<\/td>\n<\/tr>\n<tr>\n<td width=\"112\">Color<\/td>\n<td width=\"83\">\/<\/td>\n<td width=\"335\">Azul, Naranja, Verde, Marr\u00f3n<\/td>\n<\/tr>\n<tr>\n<td width=\"112\">Di\u00e1metro<\/td>\n<td width=\"83\">mil\u00edmetros<\/td>\n<td width=\"335\">0.6<\/td>\n<\/tr>\n<tr>\n<td rowspan=\"2\" width=\"154\">Unidad blindada<\/td>\n<td width=\"112\">Materiales<\/td>\n<td width=\"83\">\/<\/td>\n<td width=\"335\">Tubo espiral de acero inoxidable SUS204<\/td>\n<\/tr>\n<tr>\n<td width=\"112\">Di\u00e1metro<\/td>\n<td width=\"83\">mil\u00edmetros<\/td>\n<td width=\"335\">2,8\u00b10,1<\/td>\n<\/tr>\n<tr>\n<td width=\"154\">Miembro de fuerza<\/td>\n<td width=\"112\">Materiales<\/td>\n<td width=\"83\">\/<\/td>\n<td width=\"335\">Hilo de aramida<\/td>\n<\/tr>\n<tr>\n<td rowspan=\"2\" width=\"154\">Funda exterior<\/td>\n<td width=\"112\">materiales<\/td>\n<td width=\"83\">\/<\/td>\n<td width=\"335\">TPU<\/td>\n<\/tr>\n<tr>\n<td width=\"112\">Color<\/td>\n<td width=\"83\">\/<\/td>\n<td width=\"335\">Azul, Amarillo, Negro, Naranja, Gris, Aguamarina<\/td>\n<\/tr>\n<tr>\n<td width=\"154\">Peso del cable<\/td>\n<td width=\"112\">\u00b15%<\/td>\n<td width=\"83\">kg\/km<\/td>\n<td width=\"335\">50<\/td>\n<\/tr>\n<\/tbody>\n<\/table>\n<p>&nbsp;<\/p>\n<p><strong><b>Desempe\u00f1o mec\u00e1nico y ambiental<\/b><\/strong><\/p>\n<table>\n<tbody>\n<tr>\n<td width=\"221\"><strong>Art\u00edculo<\/strong><\/td>\n<td width=\"206\"><strong>Contenido<\/strong><\/td>\n<td width=\"245\"><strong>Valor<\/strong><\/td>\n<\/tr>\n<tr>\n<td rowspan=\"2\" width=\"221\">M\u00e1x. carga de tracci\u00f3n<\/td>\n<td width=\"206\">Corto plazo<\/td>\n<td width=\"245\">Deformaci\u00f3n de fibra 1200N\u22640.6%<\/td>\n<\/tr>\n<tr>\n<td width=\"206\">Largo plazo<\/td>\n<td width=\"245\">600N<\/td>\n<\/tr>\n<tr>\n<td rowspan=\"2\" width=\"221\">M\u00e1x. resistencia al aplastamiento<\/td>\n<td width=\"206\">Corto plazo<\/td>\n<td width=\"245\">3000N\/100mm<\/td>\n<\/tr>\n<tr>\n<td width=\"206\">Largo plazo<\/td>\n<td width=\"245\">1500N\/100mm<\/td>\n<\/tr>\n<tr>\n<td rowspan=\"2\" width=\"221\">M\u00edn. radio de curvatura<\/td>\n<td width=\"206\">Instalaci\u00f3n<\/td>\n<td width=\"245\">40 x di\u00e1metro del cable<\/td>\n<\/tr>\n<tr>\n<td width=\"206\">Operaci\u00f3n<\/td>\n<td width=\"245\">20 x di\u00e1metro del cable<\/td>\n<\/tr>\n<tr>\n<td rowspan=\"3\" width=\"221\">Rango de temperatura<\/td>\n<td width=\"206\">Operaci\u00f3n<\/td>\n<td width=\"245\">-30\u2103 ~ +80\u2103<\/td>\n<\/tr>\n<tr>\n<td width=\"206\">Instalaci\u00f3n<\/td>\n<td width=\"245\">-20\u2103 ~ +60\u2103<\/td>\n<\/tr>\n<tr>\n<td width=\"206\">Almacenamiento\/transporte<\/td>\n<td width=\"245\">-20\u2103 ~ +70\u2103<\/td>\n<\/tr>\n<\/tbody>\n<\/table>\n<p><strong>\u00a0<\/strong><\/p>\n<p><strong><b>Par\u00e1metros t\u00e9cnicos de fibra \u00f3ptica.<\/b><\/strong><\/p>\n<table>\n<tbody>\n<tr>\n<td colspan=\"2\" width=\"254\"><strong>Estilo de fibra<\/strong><\/td>\n<td width=\"94\"><strong>Unidad<\/strong><\/td>\n<td width=\"94\"><strong>SM 9\/125<\/strong><\/td>\n<td width=\"103\"><strong>MM 50\/125<\/strong><\/td>\n<td width=\"139\"><strong>MM 62,5\/125<\/strong><\/td>\n<\/tr>\n<tr>\n<td colspan=\"2\" width=\"254\">Condici\u00f3n<\/td>\n<td width=\"94\">nm<\/td>\n<td width=\"94\">1310\/1550<\/td>\n<td width=\"103\">850\/1300<\/td>\n<td width=\"139\">850\/1300<\/td>\n<\/tr>\n<tr>\n<td colspan=\"2\" width=\"254\">Atenuaci\u00f3n<\/td>\n<td width=\"94\">dB\/km<\/td>\n<td width=\"94\">\u22640,34\/0,2<\/td>\n<td width=\"103\">\u22643,0\/1,0<\/td>\n<td width=\"139\">\u22643,0\/1,0<\/td>\n<\/tr>\n<tr>\n<td rowspan=\"2\" width=\"141\">Dispersi\u00f3n<\/td>\n<td width=\"113\">1310nm<\/td>\n<td width=\"94\">Ps\/(nm*km)<\/td>\n<td width=\"94\">\u226418<\/td>\n<td width=\"103\">\u2026..<\/td>\n<td width=\"139\">\u2026..<\/td>\n<\/tr>\n<tr>\n<td width=\"113\">1550 nm<\/td>\n<td width=\"94\">Ps\/(nm*km)<\/td>\n<td width=\"94\">\u226422<\/td>\n<td width=\"103\">\u2026..<\/td>\n<td width=\"139\">\u2026..<\/td>\n<\/tr>\n<tr>\n<td rowspan=\"2\" width=\"141\">Ancho de banda<\/td>\n<td width=\"113\">850 nm<\/td>\n<td width=\"94\">MEGAHERCIO. kil\u00f3metros<\/td>\n<td width=\"94\">\u2026..<\/td>\n<td width=\"103\">\u2267400<\/td>\n<td width=\"139\">\u2267160<\/td>\n<\/tr>\n<tr>\n<td width=\"113\">1300nm<\/td>\n<td width=\"94\">MEGAHERCIO. kil\u00f3metros<\/td>\n<td width=\"94\">\u2026..<\/td>\n<td width=\"103\">\u2267800<\/td>\n<td width=\"139\">\u2267500<\/td>\n<\/tr>\n<tr>\n<td colspan=\"2\" width=\"254\">Longitud de onda de dispersi\u00f3n cero<\/td>\n<td width=\"94\">nm<\/td>\n<td width=\"94\">\u22671302,<\/p>\n<p>\u22641322<\/td>\n<td width=\"103\">\u2026..<\/td>\n<td width=\"139\">\u2026..<\/td>\n<\/tr>\n<tr>\n<td colspan=\"2\" width=\"254\">Pendiente de dispersi\u00f3n cero<\/td>\n<td width=\"94\">nm<\/td>\n<td width=\"94\">\u22640,091<\/td>\n<td width=\"103\">\u2026..<\/td>\n<td width=\"139\">\u2026..<\/td>\n<\/tr>\n<tr>\n<td colspan=\"2\" width=\"254\">PMD M\u00e1ximo de Fibra Individual<\/td>\n<td width=\"94\"><\/td>\n<td width=\"94\">\u22640,2<\/td>\n<td width=\"103\">\u2026..<\/td>\n<td width=\"139\">\u2026..<\/td>\n<\/tr>\n<tr>\n<td colspan=\"2\" width=\"254\">Valor del enlace de dise\u00f1o PMD<\/td>\n<td width=\"94\">Sal(nm2*km)<\/td>\n<td width=\"94\">\u22640,08<\/td>\n<td width=\"103\">\u2026..<\/td>\n<td width=\"139\">\u2026..<\/td>\n<\/tr>\n<tr>\n<td colspan=\"2\" width=\"254\">Longitud de onda de corte de fibra \u03bbc<\/td>\n<td width=\"94\">nm<\/td>\n<td width=\"94\">\u22671180,<\/p>\n<p>\u22641330<\/td>\n<td width=\"103\">\u2026..<\/td>\n<td width=\"139\">\u2026..<\/td>\n<\/tr>\n<tr>\n<td colspan=\"2\" width=\"254\">Longitud de onda de corte del cable \u03bbcc<\/td>\n<td width=\"94\">nm<\/td>\n<td width=\"94\">\u22641260<\/td>\n<td width=\"103\">\u2026..<\/td>\n<td width=\"139\">\u2026..<\/td>\n<\/tr>\n<tr>\n<td rowspan=\"2\" width=\"141\">MFD<\/td>\n<td width=\"113\">1310nm<\/td>\n<td width=\"94\">em<\/td>\n<td width=\"94\">9,2\u00b10,4<\/td>\n<td width=\"103\">\u2026..<\/td>\n<td width=\"139\">\u2026..<\/td>\n<\/tr>\n<tr>\n<td width=\"113\">1550 nm<\/td>\n<td width=\"94\">em<\/td>\n<td width=\"94\">10,4\u00b10,8<\/td>\n<td width=\"103\">\u2026..<\/td>\n<td width=\"139\">\u2026..<\/td>\n<\/tr>\n<tr>\n<td colspan=\"2\" width=\"254\">Apertura num\u00e9rica (NA)<\/td>\n<td width=\"94\"><\/td>\n<td width=\"94\">\u2026\u2026<\/td>\n<td width=\"103\">0,200\u00b10,015<\/td>\n<td width=\"139\">0,275\u00b10,015<\/td>\n<\/tr>\n<tr>\n<td colspan=\"2\" width=\"254\">Paso(media de la medici\u00f3n bidireccional)<\/td>\n<td width=\"94\">dB<\/td>\n<td width=\"94\">\u22640,05<\/td>\n<td width=\"103\">\u22640,10<\/td>\n<td width=\"139\">\u22640,10<\/td>\n<\/tr>\n<tr>\n<td colspan=\"2\" width=\"254\">Irregularidades en la longitud de las fibras y discontinuidad de los puntos<\/td>\n<td width=\"94\">dB<\/td>\n<td width=\"94\">\u22640,05<\/td>\n<td width=\"103\">\u22640,10<\/td>\n<td width=\"139\">\u22640,10<\/td>\n<\/tr>\n<tr>\n<td colspan=\"2\" width=\"254\">Coeficiente de retrodispersi\u00f3n de diferencia<\/td>\n<td width=\"94\">dB\/km<\/td>\n<td width=\"94\">\u22640,03<\/td>\n<td width=\"103\">\u22640,08<\/td>\n<td width=\"139\">\u22640,10<\/td>\n<\/tr>\n<tr>\n<td colspan=\"2\" width=\"254\">Uniformidad de atenuaci\u00f3n<\/td>\n<td width=\"94\">dB\/km<\/td>\n<td width=\"94\">\u22640,01<\/td>\n<td width=\"103\">\u2026\u2026.<\/td>\n<td width=\"139\">\u2026\u2026.<\/td>\n<\/tr>\n<tr>\n<td colspan=\"2\" width=\"254\">Di\u00e1metro del n\u00facleo<\/td>\n<td width=\"94\">em<\/td>\n<td width=\"94\">\u2026\u2026<\/td>\n<td width=\"103\">50\u00b11,0<\/td>\n<td width=\"139\">62,5\u00b12,5<\/td>\n<\/tr>\n<tr>\n<td colspan=\"2\" width=\"254\">Di\u00e1metro del revestimiento<\/td>\n<td width=\"94\">em<\/td>\n<td width=\"94\">125,0\u00b10,1<\/td>\n<td width=\"103\">125,0\u00b10,1<\/td>\n<td width=\"139\">125,0\u00b10,1<\/td>\n<\/tr>\n<tr>\n<td colspan=\"2\" width=\"254\">Falta de circularidad del revestimiento<\/td>\n<td width=\"94\">%<\/td>\n<td width=\"94\">\u22641,0<\/td>\n<td width=\"103\">\u22641,0<\/td>\n<td width=\"139\">\u22641,0<\/td>\n<\/tr>\n<tr>\n<td colspan=\"2\" width=\"254\">Di\u00e1metro del revestimiento<\/td>\n<td width=\"94\">em<\/td>\n<td width=\"94\">242\u00b17<\/td>\n<td width=\"103\">242\u00b17<\/td>\n<td width=\"139\">242\u00b17<\/td>\n<\/tr>\n<tr>\n<td colspan=\"2\" width=\"254\">Error de recubrimiento\/pinz\u00f3n conc\u00e9ntrico<\/td>\n<td width=\"94\">em<\/td>\n<td width=\"94\">\u226412,0<\/td>\n<td width=\"103\">\u226412,0<\/td>\n<td width=\"139\">\u226412,0<\/td>\n<\/tr>\n<tr>\n<td colspan=\"2\" width=\"254\">No circularidad del revestimiento<\/td>\n<td width=\"94\">%<\/td>\n<td width=\"94\">\u22646.0<\/td>\n<td width=\"103\">\u22646.0<\/td>\n<td width=\"139\">\u22646.0<\/td>\n<\/tr>\n<tr>\n<td colspan=\"2\" width=\"254\">Error de concentricidad del n\u00facleo\/revestimiento<\/td>\n<td width=\"94\">em<\/td>\n<td width=\"94\">\u22640,6<\/td>\n<td width=\"103\">\u22641,5<\/td>\n<td width=\"139\">\u22641,5<\/td>\n<\/tr>\n<tr>\n<td colspan=\"2\" width=\"254\">Curl(radio)<\/td>\n<td width=\"94\">em<\/td>\n<td width=\"94\">\u22644<\/td>\n<td width=\"103\">\u2026..<\/td>\n<td width=\"139\">\u2026..<\/td>\n<\/tr>\n<\/tbody>\n<\/table>\n<p>&nbsp;<\/p>\n<p><strong>Solicitud:<\/strong><\/p>\n<ul>\n<li>Conjuntos de cables de conexi\u00f3n y coletas blindados.<\/li>\n<li>Instalaci\u00f3n de cableado en suelo, esquina de pared y l\u00ednea principal de comunicaci\u00f3n.<\/li>\n<li>Otros ODN, FTTx<\/li>\n<li>Adecuado para la distribuci\u00f3n r\u00e1pida de cables de comunicaciones militares, pozos de petr\u00f3leo, minas, puertos mar\u00edtimos, transmisiones de televisi\u00f3n, etc.<\/li>\n<li>Cableado horizontal interior y cableado vertical dentro de edificios;<\/li>\n<li>Conexiones \u00f3pticas como cableado de larga distancia, exterior, de edificios y descarga mixta optoelectr\u00f3nica de bandejas de cables<\/li>\n<li>Este cable \u00f3ptico es adecuado para cableado de fibra \u00f3ptica a escritorio y techo debajo de alfombras.<\/li>\n<li>El radio de curvatura m\u00ednimo es peque\u00f1o, lo que se puede usar para cableado de unidades y tendido general interior de m\u00faltiples clientes de gran capacidad, y se puede usar de forma independiente para derivaciones, lo que lo hace conveniente para la conexi\u00f3n con varios dispositivos conectados en los extremos<\/li>\n<li>Recomendado para cableado de alta densidad, donde el espacio de instalaci\u00f3n y la curvatura son peque\u00f1os<\/li>\n<\/ul>\n<p><img fetchpriority=\"high\" decoding=\"async\" class=\"alignnone size-full wp-image-11332\" src=\"https:\/\/www.omccable.com\/wp-content\/uploads\/2024\/07\/20161118111928_851-1.jpg\" alt=\"Indoor Armored FO cable\" width=\"1075\" height=\"510\" srcset=\"https:\/\/www.omccable.com\/wp-content\/uploads\/2024\/07\/20161118111928_851-1.jpg 1075w, https:\/\/www.omccable.com\/wp-content\/uploads\/2024\/07\/20161118111928_851-1-300x142.jpg 300w, https:\/\/www.omccable.com\/wp-content\/uploads\/2024\/07\/20161118111928_851-1-800x380.jpg 800w, https:\/\/www.omccable.com\/wp-content\/uploads\/2024\/07\/20161118111928_851-1-768x364.jpg 768w\" sizes=\"(max-width: 1075px) 100vw, 1075px\" \/><\/p>","protected":false},"excerpt":{"rendered":"<p>El cable blindado es un cable especial con un tubo de acero inoxidable dentro del cable que podr\u00eda proteger la fibra de la picadura de hormigas y animales roedores relacionados con ratones. El cable armado d\u00faplex Uni-tube 4C con funda de TPU de 4,8 mm consta de 4 fibras protectoras ajustadas de 0,6 mm, un tubo de metal flexible blindado, una capa de hilo de aramida y una cubierta exterior de TPU. Es [\u2026]<\/p>","protected":false},"featured_media":12161,"comment_status":"closed","ping_status":"closed","template":"","meta":{"site-sidebar-layout":"default","site-content-layout":"","ast-site-content-layout":"default","site-content-style":"default","site-sidebar-style":"default","ast-global-header-display":"","ast-banner-title-visibility":"","ast-main-header-display":"","ast-hfb-above-header-display":"","ast-hfb-below-header-display":"","ast-hfb-mobile-header-display":"","site-post-title":"","ast-breadcrumbs-content":"","ast-featured-img":"","footer-sml-layout":"","theme-transparent-header-meta":"default","adv-header-id-meta":"","stick-header-meta":"default","header-above-stick-meta":"","header-main-stick-meta":"","header-below-stick-meta":"","astra-migrate-meta-layouts":"set","ast-page-background-enabled":"default","ast-page-background-meta":{"desktop":{"background-color":"var(--ast-global-color-4)","background-image":"","background-repeat":"repeat","background-position":"center center","background-size":"auto","background-attachment":"scroll","background-type":"","background-media":"","overlay-type":"","overlay-color":"","overlay-gradient":""},"tablet":{"background-color":"","background-image":"","background-repeat":"repeat","background-position":"center center","background-size":"auto","background-attachment":"scroll","background-type":"","background-media":"","overlay-type":"","overlay-color":"","overlay-gradient":""},"mobile":{"background-color":"","background-image":"","background-repeat":"repeat","background-position":"center center","background-size":"auto","background-attachment":"scroll","background-type":"","background-media":"","overlay-type":"","overlay-color":"","overlay-gradient":""}},"ast-content-background-meta":{"desktop":{"background-color":"var(--ast-global-color-5)","background-image":"","background-repeat":"repeat","background-position":"center center","background-size":"auto","background-attachment":"scroll","background-type":"","background-media":"","overlay-type":"","overlay-color":"","overlay-gradient":""},"tablet":{"background-color":"var(--ast-global-color-5)","background-image":"","background-repeat":"repeat","background-position":"center center","background-size":"auto","background-attachment":"scroll","background-type":"","background-media":"","overlay-type":"","overlay-color":"","overlay-gradient":""},"mobile":{"background-color":"var(--ast-global-color-5)","background-image":"","background-repeat":"repeat","background-position":"center center","background-size":"auto","background-attachment":"scroll","background-type":"","background-media":"","overlay-type":"","overlay-color":"","overlay-gradient":""}}},"product_cat":[151,127],"product_tag":[],"class_list":{"0":"post-11383","1":"product","2":"type-product","3":"status-publish","4":"has-post-thumbnail","6":"product_cat-armored-cable-tpu","7":"product_cat-indoor-armored-cable","8":"desktop-align-left","9":"tablet-align-left","10":"mobile-align-left","11":"ast-product-gallery-layout-horizontal-slider","12":"ast-product-tabs-layout-horizontal","14":"first","15":"instock","16":"shipping-taxable","17":"product-type-simple"},"acf":[],"_links":{"self":[{"href":"https:\/\/www.omccable.com\/es\/wp-json\/wp\/v2\/product\/11383","targetHints":{"allow":["GET"]}}],"collection":[{"href":"https:\/\/www.omccable.com\/es\/wp-json\/wp\/v2\/product"}],"about":[{"href":"https:\/\/www.omccable.com\/es\/wp-json\/wp\/v2\/types\/product"}],"replies":[{"embeddable":true,"href":"https:\/\/www.omccable.com\/es\/wp-json\/wp\/v2\/comments?post=11383"}],"version-history":[{"count":2,"href":"https:\/\/www.omccable.com\/es\/wp-json\/wp\/v2\/product\/11383\/revisions"}],"predecessor-version":[{"id":12163,"href":"https:\/\/www.omccable.com\/es\/wp-json\/wp\/v2\/product\/11383\/revisions\/12163"}],"wp:featuredmedia":[{"embeddable":true,"href":"https:\/\/www.omccable.com\/es\/wp-json\/wp\/v2\/media\/12161"}],"wp:attachment":[{"href":"https:\/\/www.omccable.com\/es\/wp-json\/wp\/v2\/media?parent=11383"}],"wp:term":[{"taxonomy":"product_cat","embeddable":true,"href":"https:\/\/www.omccable.com\/es\/wp-json\/wp\/v2\/product_cat?post=11383"},{"taxonomy":"product_tag","embeddable":true,"href":"https:\/\/www.omccable.com\/es\/wp-json\/wp\/v2\/product_tag?post=11383"}],"curies":[{"name":"wp","href":"https:\/\/api.w.org\/{rel}","templated":true}]}}