{"id":11233,"date":"2024-07-02T09:13:10","date_gmt":"2024-07-02T01:13:10","guid":{"rendered":"https:\/\/www.omccable.com\/?post_type=product&#038;p=11233"},"modified":"2024-07-02T09:26:38","modified_gmt":"2024-07-02T01:26:38","slug":"12-48f-aerial-self-supporting-fig-8-stranded-loose-tube-armored-cable-gytc8s","status":"publish","type":"product","link":"https:\/\/www.omccable.com\/es\/producto\/12-48f-aerial-self-supporting-fig-8-stranded-loose-tube-armored-cable-gytc8s\/","title":{"rendered":"12-48F Cable blindado de tubo suelto trenzado Fig. 8 autoportante a\u00e9reo GYTC8S"},"content":{"rendered":"<p>En la OMC <strong><b>12-48F Cable blindado de tubo suelto trenzado Fig. 8 autoportante a\u00e9reo GYTC8S<\/b><\/strong>, A<strong><b>\u00a0<\/b><\/strong><strong><b>Acero<\/b><\/strong><strong><b>\u00a0<\/b><\/strong><strong><b>cable<\/b><\/strong>La capa de protecci\u00f3n de &amp;PE est\u00e1 ubicada en el centro del n\u00facleo como un miembro de resistencia met\u00e1lico. La fibra monomodo\/multimodo se coloca en el tubo holgado, que est\u00e1 hecho de materiales PBT y lleno de compuesto de relleno. Hay un <strong><b>Cinta de acero corrugado<\/b><\/strong>\u00a0cubri\u00f3 los tubos de PBT. Luego, una funda de materiales de HDPE cubri\u00f3 la cinta APL para garantizar la compacidad y el rendimiento longitudinal de bloqueo de agua.<\/p>\n<p>&nbsp;<\/p>\n<p><strong><b>Color est\u00e1ndar de fibra y tubo<\/b><\/strong><\/p>\n<p>El c\u00f3digo de color de las fibras individuales deber\u00e1 estar de acuerdo con la tabla que se muestra a continuaci\u00f3n:<\/p>\n<table>\n<tbody>\n<tr>\n<td width=\"179\">No.<\/td>\n<td width=\"94\">1<\/td>\n<td width=\"85\">2<\/td>\n<td width=\"85\">3<\/td>\n<td width=\"94\">4<\/td>\n<td width=\"85\">5<\/td>\n<td width=\"87\">6<\/td>\n<\/tr>\n<tr>\n<td width=\"179\">Color<\/td>\n<td width=\"94\">Azul<\/td>\n<td width=\"85\">Naranja<\/td>\n<td width=\"85\">Verde<\/td>\n<td width=\"94\">Marr\u00f3n<\/td>\n<td width=\"85\">Pizarra<\/td>\n<td width=\"87\">Blanco<\/td>\n<\/tr>\n<tr>\n<td width=\"179\">No.<\/td>\n<td width=\"94\">7<\/td>\n<td width=\"85\">8<\/td>\n<td width=\"85\">9<\/td>\n<td width=\"94\">10<\/td>\n<td width=\"85\">11<\/td>\n<td width=\"87\">12<\/td>\n<\/tr>\n<tr>\n<td width=\"179\">Color<\/td>\n<td width=\"94\">Rojo<\/td>\n<td width=\"85\">Negro<\/td>\n<td width=\"85\">Amarillo<\/td>\n<td width=\"94\">Violeta<\/td>\n<td width=\"85\">Rosa<\/td>\n<td width=\"87\">Agua<\/td>\n<\/tr>\n<\/tbody>\n<\/table>\n<p>&nbsp;<\/p>\n<p><strong><b>Cable<\/b><\/strong><strong><b>\u00a0Par\u00e1metro de estructura<\/b><\/strong><\/p>\n<table>\n<tbody>\n<tr>\n<td width=\"125\"><strong><b>Art\u00edculo<\/b><\/strong><\/td>\n<td width=\"138\"><strong><b>Contenido<\/b><\/strong><\/td>\n<td width=\"94\"><strong><b>Unidad<\/b><\/strong><\/td>\n<td width=\"122\"><strong><b>Valor<\/b><\/strong><\/td>\n<td width=\"113\"><strong><b>Valor<\/b><\/strong><\/td>\n<td width=\"113\"><strong><b>Valor<\/b><\/strong><\/td>\n<\/tr>\n<tr>\n<td width=\"125\">Recuento de fibras<\/td>\n<td width=\"138\">N\u00famero<\/td>\n<td width=\"94\">\/<\/td>\n<td width=\"122\">12<\/td>\n<td width=\"113\">24<\/td>\n<td width=\"113\">48<\/td>\n<\/tr>\n<tr>\n<td width=\"125\">Tipo de fibra<\/td>\n<td width=\"138\">\/<\/td>\n<td width=\"94\">\/<\/td>\n<td width=\"122\">G652D<\/td>\n<td width=\"113\">G652D<\/td>\n<td width=\"113\">G652D<\/td>\n<\/tr>\n<tr>\n<td width=\"125\">Estructura de cables<\/td>\n<td width=\"138\">\/<\/td>\n<td width=\"94\">\/<\/td>\n<td width=\"122\">1+5<\/td>\n<td width=\"113\">1+5<\/td>\n<td width=\"113\">1+5<\/td>\n<\/tr>\n<tr>\n<td width=\"125\">Fibras por tubo<\/td>\n<td width=\"138\">Contar<\/td>\n<td width=\"94\">\/<\/td>\n<td width=\"122\">12<\/td>\n<td width=\"113\">6<\/td>\n<td width=\"113\">6\/12<\/td>\n<\/tr>\n<tr>\n<td rowspan=\"2\" width=\"125\">tubo suelto<\/td>\n<td width=\"138\">Materiales<\/td>\n<td width=\"94\">\/<\/td>\n<td width=\"122\">PBT<\/td>\n<td width=\"113\">PBT<\/td>\n<td width=\"113\">PBT<\/td>\n<\/tr>\n<tr>\n<td width=\"138\">Di\u00e1metro nominal<\/td>\n<td width=\"94\">mil\u00edmetros<\/td>\n<td width=\"122\">1.9<\/td>\n<td width=\"113\">1.9<\/td>\n<td width=\"113\">1.9<\/td>\n<\/tr>\n<tr>\n<td rowspan=\"3\" width=\"125\">Miembro de fuerza central<\/td>\n<td width=\"138\">Materiales<\/td>\n<td width=\"94\">\/<\/td>\n<td width=\"122\">Alambre de acero y capa de amortiguaci\u00f3n de PE<\/td>\n<td width=\"113\">Alambre de acero y capa de amortiguaci\u00f3n de PE<\/td>\n<td width=\"113\">Alambre de acero y capa de amortiguaci\u00f3n de PE<\/td>\n<\/tr>\n<tr>\n<td width=\"138\">Di\u00e1metro nominal<\/td>\n<td width=\"94\">mil\u00edmetros<\/td>\n<td width=\"122\">1.5<\/td>\n<td width=\"113\">1.5<\/td>\n<td width=\"113\">1.5<\/td>\n<\/tr>\n<tr>\n<td width=\"138\">Coj\u00edn de PE<\/td>\n<td width=\"94\">mil\u00edmetros<\/td>\n<td width=\"122\">\u2013<\/td>\n<td width=\"113\">\u2013<\/td>\n<td width=\"113\">\u2013<\/td>\n<\/tr>\n<tr>\n<td width=\"125\">Sistema de bloqueo de agua<\/td>\n<td width=\"138\">Materiales<\/td>\n<td width=\"94\"><\/td>\n<td width=\"122\">compuesto de relleno que bloquea el agua<\/td>\n<td width=\"113\">compuesto de relleno que bloquea el agua<\/td>\n<td width=\"113\">compuesto de relleno que bloquea el agua<\/td>\n<\/tr>\n<tr>\n<td width=\"125\">Miembro de fuerza perif\u00e9rico<\/td>\n<td width=\"138\">Materiales<\/td>\n<td width=\"94\"><\/td>\n<td width=\"122\"><strong><b>Cinta de acero corrugado<\/b><\/strong><\/td>\n<td width=\"113\"><strong><b>Cinta de acero corrugado<\/b><\/strong><\/td>\n<td width=\"113\"><strong><b>Cinta de acero corrugado<\/b><\/strong><\/td>\n<\/tr>\n<tr>\n<td rowspan=\"2\" width=\"125\">Cables de mensajer\u00eda<\/td>\n<td width=\"138\">Dimensi\u00f3n nominal<\/td>\n<td width=\"94\">mil\u00edmetros<\/td>\n<td width=\"122\">Cord\u00f3n de acero galvanizado 7*0,8<\/td>\n<td width=\"113\">Cord\u00f3n de acero galvanizado 7*0,8<\/td>\n<td width=\"113\">Cord\u00f3n de acero galvanizado 7*0,8<\/td>\n<\/tr>\n<tr>\n<td width=\"138\">Espesor nominal<\/td>\n<td width=\"94\">mil\u00edmetros<\/td>\n<td width=\"122\">1<\/td>\n<td width=\"113\">1<\/td>\n<td width=\"113\">1<\/td>\n<\/tr>\n<tr>\n<td rowspan=\"2\" width=\"125\">Atenuaci\u00f3n (despu\u00e9s del cable)<\/td>\n<td width=\"138\">1310nm<\/td>\n<td width=\"94\">dB\/km<\/td>\n<td width=\"122\">\u22640,36<\/td>\n<td width=\"113\">\u22640,36<\/td>\n<td width=\"113\">\u22640,36<\/td>\n<\/tr>\n<tr>\n<td width=\"138\">1550 nm<\/td>\n<td width=\"94\">dB\/km<\/td>\n<td width=\"122\">\u22640,22<\/td>\n<td width=\"113\">\u22640,22<\/td>\n<td width=\"113\">\u22640,22<\/td>\n<\/tr>\n<tr>\n<td rowspan=\"2\" width=\"125\">Funda exterior<\/td>\n<td width=\"138\">Color<\/td>\n<td width=\"94\"><\/td>\n<td width=\"122\">Negro<\/td>\n<td width=\"113\">Negro<\/td>\n<td width=\"113\">Negro<\/td>\n<\/tr>\n<tr>\n<td width=\"138\">Espesor nominal<\/td>\n<td width=\"94\">mil\u00edmetros<\/td>\n<td width=\"122\">1.7<\/td>\n<td width=\"113\">1.7<\/td>\n<td width=\"113\">1.7<\/td>\n<\/tr>\n<tr>\n<td width=\"125\">Di\u00e1metro del cable<\/td>\n<td width=\"138\">\u00b11,0<\/td>\n<td width=\"94\">mil\u00edmetros<\/td>\n<td width=\"122\">9.0*16.2<\/td>\n<td width=\"113\">9.5*16.8<\/td>\n<td width=\"113\">9.9*18.10<\/td>\n<\/tr>\n<tr>\n<td width=\"125\">Peso del cable<\/td>\n<td width=\"138\">\u00b110%<\/td>\n<td width=\"94\">kg\/km<\/td>\n<td width=\"122\">143<\/td>\n<td width=\"113\">150<\/td>\n<td width=\"113\">176<\/td>\n<\/tr>\n<\/tbody>\n<\/table>\n<p><strong><b>\u00a0<\/b><\/strong><\/p>\n<p><strong><b>Desempe\u00f1o mec\u00e1nico y ambiental<\/b><\/strong><\/p>\n<table>\n<tbody>\n<tr>\n<td width=\"229\"><strong>Art\u00edculo<\/strong><\/td>\n<td width=\"205\"><strong>Contenido<\/strong><\/td>\n<td width=\"274\"><strong>Valor<\/strong><\/td>\n<\/tr>\n<tr>\n<td rowspan=\"2\" width=\"229\">M\u00e1x. carga de tracci\u00f3n<\/td>\n<td width=\"205\">Corto plazo<\/td>\n<td width=\"274\">7000N\uff08Deformaci\u00f3n de fibra\u22640.6\uff05\uff09<\/td>\n<\/tr>\n<tr>\n<td width=\"205\">Largo plazo<\/td>\n<td width=\"274\">3000N<\/td>\n<\/tr>\n<tr>\n<td rowspan=\"2\" width=\"229\">M\u00e1x. resistencia al aplastamiento<\/td>\n<td width=\"205\">Corto plazo<\/td>\n<td width=\"274\">1000 N\/100 mm<\/td>\n<\/tr>\n<tr>\n<td width=\"205\">Largo plazo<\/td>\n<td width=\"274\">500 N\/100 mm<\/td>\n<\/tr>\n<tr>\n<td rowspan=\"2\" width=\"229\">M\u00edn. radio de curvatura<\/td>\n<td width=\"205\">Instalaci\u00f3n<\/td>\n<td width=\"274\">25x di\u00e1metro del cable<\/td>\n<\/tr>\n<tr>\n<td width=\"205\">Operaci\u00f3n<\/td>\n<td width=\"274\">15 x di\u00e1metro del cable<\/td>\n<\/tr>\n<tr>\n<td rowspan=\"3\" width=\"229\">Rango de temperatura<\/td>\n<td width=\"205\">Operaci\u00f3n<\/td>\n<td width=\"274\">-20 \u2103 ~ +60 \u2103<\/td>\n<\/tr>\n<tr>\n<td width=\"205\">Instalaci\u00f3n<\/td>\n<td width=\"274\">-40\u2103 ~ +70\u2103<\/td>\n<\/tr>\n<tr>\n<td width=\"205\">Almacenamiento\/transporte<\/td>\n<td width=\"274\">-40 \u2103 ~ +60 \u2103<\/td>\n<\/tr>\n<\/tbody>\n<\/table>\n<p>&nbsp;<\/p>\n<p><strong><b>Par\u00e1metros t\u00e9cnicos de fibra \u00f3ptica. <\/b><\/strong><\/p>\n<table>\n<tbody>\n<tr>\n<td colspan=\"2\" width=\"311\"><strong>Estilo de fibra<\/strong><\/td>\n<td width=\"85\"><strong>Unidad<\/strong><\/td>\n<td width=\"94\"><strong>SM 9\/125<\/strong><\/td>\n<td width=\"104\"><strong>MM 50\/125<\/strong><\/td>\n<td width=\"113\"><strong>MM 62,5\/125<\/strong><\/td>\n<\/tr>\n<tr>\n<td colspan=\"2\" width=\"311\">Condici\u00f3n<\/td>\n<td width=\"85\">nm<\/td>\n<td width=\"94\">1310\/1550<\/td>\n<td width=\"104\">850\/1300<\/td>\n<td width=\"113\">850\/1300<\/td>\n<\/tr>\n<tr>\n<td colspan=\"2\" width=\"311\">Atenuaci\u00f3n<\/td>\n<td width=\"85\">dB\/km<\/td>\n<td width=\"94\">\u22640,34\/0,2<\/td>\n<td width=\"104\">\u22643,0\/1,0<\/td>\n<td width=\"113\">\u22643,0\/1,0<\/td>\n<\/tr>\n<tr>\n<td rowspan=\"2\" width=\"141\">Dispersi\u00f3n<\/td>\n<td width=\"170\">1310nm<\/td>\n<td width=\"85\">Ps\/(nm*km)<\/td>\n<td width=\"94\">\u226418<\/td>\n<td width=\"104\">\u2026..<\/td>\n<td width=\"113\">\u2026..<\/td>\n<\/tr>\n<tr>\n<td width=\"170\">1550 nm<\/td>\n<td width=\"85\">Ps\/(nm*km)<\/td>\n<td width=\"94\">\u226422<\/td>\n<td width=\"104\">\u2026..<\/td>\n<td width=\"113\">\u2026..<\/td>\n<\/tr>\n<tr>\n<td rowspan=\"2\" width=\"141\">Ancho de banda<\/td>\n<td width=\"170\">850 nm<\/td>\n<td width=\"85\">MEGAHERCIO. kil\u00f3metros<\/td>\n<td width=\"94\">\u2026..<\/td>\n<td width=\"104\">\u2267400<\/td>\n<td width=\"113\">\u2267160<\/td>\n<\/tr>\n<tr>\n<td width=\"170\">1300nm<\/td>\n<td width=\"85\">MEGAHERCIO. kil\u00f3metros<\/td>\n<td width=\"94\">\u2026..<\/td>\n<td width=\"104\">\u2267800<\/td>\n<td width=\"113\">\u2267500<\/td>\n<\/tr>\n<tr>\n<td colspan=\"2\" width=\"311\">Longitud de onda de dispersi\u00f3n cero<\/td>\n<td width=\"85\">nm<\/td>\n<td width=\"94\">\u22671302,<\/p>\n<p>\u22641322<\/td>\n<td width=\"104\">\u2026..<\/td>\n<td width=\"113\">\u2026..<\/td>\n<\/tr>\n<tr>\n<td colspan=\"2\" width=\"311\">Pendiente de dispersi\u00f3n cero<\/td>\n<td width=\"85\">nm<\/td>\n<td width=\"94\">\u22640,091<\/td>\n<td width=\"104\">\u2026..<\/td>\n<td width=\"113\">\u2026..<\/td>\n<\/tr>\n<tr>\n<td colspan=\"2\" width=\"311\">PMD M\u00e1ximo de Fibra Individual<\/td>\n<td width=\"85\"><\/td>\n<td width=\"94\">\u22640,2<\/td>\n<td width=\"104\">\u2026..<\/td>\n<td width=\"113\">\u2026..<\/td>\n<\/tr>\n<tr>\n<td colspan=\"2\" width=\"311\">Valor del enlace de dise\u00f1o PMD<\/td>\n<td width=\"85\">Sal(nm2*km)<\/td>\n<td width=\"94\">\u22640,08<\/td>\n<td width=\"104\">\u2026..<\/td>\n<td width=\"113\">\u2026..<\/td>\n<\/tr>\n<tr>\n<td colspan=\"2\" width=\"311\">Longitud de onda de corte de fibra \u03bbc<\/td>\n<td width=\"85\">nm<\/td>\n<td width=\"94\">\u22671180,<\/p>\n<p>\u22641330<\/td>\n<td width=\"104\">\u2026..<\/td>\n<td width=\"113\">\u2026..<\/td>\n<\/tr>\n<tr>\n<td colspan=\"2\" width=\"311\">Longitud de onda de corte del cable \u03bbcc<\/td>\n<td width=\"85\">nm<\/td>\n<td width=\"94\">\u22641260<\/td>\n<td width=\"104\">\u2026..<\/td>\n<td width=\"113\">\u2026..<\/td>\n<\/tr>\n<tr>\n<td rowspan=\"2\" width=\"141\">MFD<\/td>\n<td width=\"170\">1310nm<\/td>\n<td width=\"85\">em<\/td>\n<td width=\"94\">9,2\u00b10,4<\/td>\n<td width=\"104\">\u2026..<\/td>\n<td width=\"113\">\u2026..<\/td>\n<\/tr>\n<tr>\n<td width=\"170\">1550 nm<\/td>\n<td width=\"85\">em<\/td>\n<td width=\"94\">10,4\u00b10,8<\/td>\n<td width=\"104\">\u2026..<\/td>\n<td width=\"113\">\u2026..<\/td>\n<\/tr>\n<tr>\n<td colspan=\"2\" width=\"311\">Apertura num\u00e9rica (NA)<\/td>\n<td width=\"85\"><\/td>\n<td width=\"94\">\u2026\u2026<\/td>\n<td width=\"104\">0,200\u00b10,015<\/td>\n<td width=\"113\">0,275\u00b10,015<\/td>\n<\/tr>\n<tr>\n<td colspan=\"2\" width=\"311\">Paso(media de la medici\u00f3n bidireccional)<\/td>\n<td width=\"85\">dB<\/td>\n<td width=\"94\">\u22640,05<\/td>\n<td width=\"104\">\u22640,10<\/td>\n<td width=\"113\">\u22640,10<\/td>\n<\/tr>\n<tr>\n<td colspan=\"2\" width=\"311\">Irregularidades en la longitud de las fibras y discontinuidad de los puntos<\/td>\n<td width=\"85\">dB<\/td>\n<td width=\"94\">\u22640,05<\/td>\n<td width=\"104\">\u22640,10<\/td>\n<td width=\"113\">\u22640,10<\/td>\n<\/tr>\n<tr>\n<td colspan=\"2\" width=\"311\">Coeficiente de retrodispersi\u00f3n de diferencia<\/td>\n<td width=\"85\">dB\/km<\/td>\n<td width=\"94\">\u22640,03<\/td>\n<td width=\"104\">\u22640,08<\/td>\n<td width=\"113\">\u22640,10<\/td>\n<\/tr>\n<tr>\n<td colspan=\"2\" width=\"311\">Uniformidad de atenuaci\u00f3n<\/td>\n<td width=\"85\">dB\/km<\/td>\n<td width=\"94\">\u22640,01<\/td>\n<td width=\"104\">\u2026\u2026.<\/td>\n<td width=\"113\">\u2026\u2026.<\/td>\n<\/tr>\n<tr>\n<td colspan=\"2\" width=\"311\">Di\u00e1metro del n\u00facleo<\/td>\n<td width=\"85\">em<\/td>\n<td width=\"94\">\u2026\u2026<\/td>\n<td width=\"104\">50\u00b11,0<\/td>\n<td width=\"113\">62,5\u00b12,5<\/td>\n<\/tr>\n<tr>\n<td colspan=\"2\" width=\"311\">Di\u00e1metro del revestimiento<\/td>\n<td width=\"85\">em<\/td>\n<td width=\"94\">125,0\u00b10,1<\/td>\n<td width=\"104\">125,0\u00b10,1<\/td>\n<td width=\"113\">125,0\u00b10,1<\/td>\n<\/tr>\n<tr>\n<td colspan=\"2\" width=\"311\">Falta de circularidad del revestimiento<\/td>\n<td width=\"85\">%<\/td>\n<td width=\"94\">\u22641,0<\/td>\n<td width=\"104\">\u22641,0<\/td>\n<td width=\"113\">\u22641,0<\/td>\n<\/tr>\n<tr>\n<td colspan=\"2\" width=\"311\">Di\u00e1metro del revestimiento<\/td>\n<td width=\"85\">em<\/td>\n<td width=\"94\">242\u00b17<\/td>\n<td width=\"104\">242\u00b17<\/td>\n<td width=\"113\">242\u00b17<\/td>\n<\/tr>\n<tr>\n<td colspan=\"2\" width=\"311\">Error de recubrimiento\/pinz\u00f3n conc\u00e9ntrico<\/td>\n<td width=\"85\">em<\/td>\n<td width=\"94\">\u226412,0<\/td>\n<td width=\"104\">\u226412,0<\/td>\n<td width=\"113\">\u226412,0<\/td>\n<\/tr>\n<tr>\n<td colspan=\"2\" width=\"311\">No circularidad del revestimiento<\/td>\n<td width=\"85\">%<\/td>\n<td width=\"94\">\u22646.0<\/td>\n<td width=\"104\">\u22646.0<\/td>\n<td width=\"113\">\u22646.0<\/td>\n<\/tr>\n<tr>\n<td colspan=\"2\" width=\"311\">Error de concentricidad del n\u00facleo\/revestimiento<\/td>\n<td width=\"85\">em<\/td>\n<td width=\"94\">\u22640,6<\/td>\n<td width=\"104\">\u22641,5<\/td>\n<td width=\"113\">\u22641,5<\/td>\n<\/tr>\n<tr>\n<td colspan=\"2\" width=\"311\">Curl(radio)<\/td>\n<td width=\"85\">em<\/td>\n<td width=\"94\">\u22644<\/td>\n<td width=\"104\">\u2026..<\/td>\n<td width=\"113\">\u2026..<\/td>\n<\/tr>\n<\/tbody>\n<\/table>","protected":false},"excerpt":{"rendered":"<p>En el cable blindado de tubo suelto trenzado GYTC8S, autoportante a\u00e9reo, figura 8, 12-48F de OMC, se encuentra una capa protectora de alambre de acero y PE en el centro del n\u00facleo como miembro met\u00e1lico de resistencia. La fibra monomodo\/multimodo se coloca en el tubo holgado, que est\u00e1 hecho de materiales PBT y lleno de compuesto de relleno. Hay una cinta de acero corrugado que cubre los tubos de PBT. Luego, materiales de HDPE [\u2026]<\/p>","protected":false},"featured_media":11235,"comment_status":"closed","ping_status":"closed","template":"","meta":{"site-sidebar-layout":"default","site-content-layout":"","ast-site-content-layout":"default","site-content-style":"default","site-sidebar-style":"default","ast-global-header-display":"","ast-banner-title-visibility":"","ast-main-header-display":"","ast-hfb-above-header-display":"","ast-hfb-below-header-display":"","ast-hfb-mobile-header-display":"","site-post-title":"","ast-breadcrumbs-content":"","ast-featured-img":"","footer-sml-layout":"","theme-transparent-header-meta":"default","adv-header-id-meta":"","stick-header-meta":"default","header-above-stick-meta":"","header-main-stick-meta":"","header-below-stick-meta":"","astra-migrate-meta-layouts":"set","ast-page-background-enabled":"default","ast-page-background-meta":{"desktop":{"background-color":"var(--ast-global-color-4)","background-image":"","background-repeat":"repeat","background-position":"center center","background-size":"auto","background-attachment":"scroll","background-type":"","background-media":"","overlay-type":"","overlay-color":"","overlay-gradient":""},"tablet":{"background-color":"","background-image":"","background-repeat":"repeat","background-position":"center center","background-size":"auto","background-attachment":"scroll","background-type":"","background-media":"","overlay-type":"","overlay-color":"","overlay-gradient":""},"mobile":{"background-color":"","background-image":"","background-repeat":"repeat","background-position":"center center","background-size":"auto","background-attachment":"scroll","background-type":"","background-media":"","overlay-type":"","overlay-color":"","overlay-gradient":""}},"ast-content-background-meta":{"desktop":{"background-color":"var(--ast-global-color-5)","background-image":"","background-repeat":"repeat","background-position":"center center","background-size":"auto","background-attachment":"scroll","background-type":"","background-media":"","overlay-type":"","overlay-color":"","overlay-gradient":""},"tablet":{"background-color":"var(--ast-global-color-5)","background-image":"","background-repeat":"repeat","background-position":"center center","background-size":"auto","background-attachment":"scroll","background-type":"","background-media":"","overlay-type":"","overlay-color":"","overlay-gradient":""},"mobile":{"background-color":"var(--ast-global-color-5)","background-image":"","background-repeat":"repeat","background-position":"center center","background-size":"auto","background-attachment":"scroll","background-type":"","background-media":"","overlay-type":"","overlay-color":"","overlay-gradient":""}}},"product_cat":[139,124],"product_tag":[],"class_list":{"0":"post-11233","1":"product","2":"type-product","3":"status-publish","4":"has-post-thumbnail","6":"product_cat-armored-outdoor-cable","7":"product_cat-outdoor-cable","8":"desktop-align-left","9":"tablet-align-left","10":"mobile-align-left","11":"ast-product-gallery-layout-horizontal-slider","12":"ast-product-tabs-layout-horizontal","14":"first","15":"instock","16":"shipping-taxable","17":"product-type-simple"},"acf":[],"_links":{"self":[{"href":"https:\/\/www.omccable.com\/es\/wp-json\/wp\/v2\/product\/11233","targetHints":{"allow":["GET"]}}],"collection":[{"href":"https:\/\/www.omccable.com\/es\/wp-json\/wp\/v2\/product"}],"about":[{"href":"https:\/\/www.omccable.com\/es\/wp-json\/wp\/v2\/types\/product"}],"replies":[{"embeddable":true,"href":"https:\/\/www.omccable.com\/es\/wp-json\/wp\/v2\/comments?post=11233"}],"version-history":[{"count":2,"href":"https:\/\/www.omccable.com\/es\/wp-json\/wp\/v2\/product\/11233\/revisions"}],"predecessor-version":[{"id":11237,"href":"https:\/\/www.omccable.com\/es\/wp-json\/wp\/v2\/product\/11233\/revisions\/11237"}],"wp:featuredmedia":[{"embeddable":true,"href":"https:\/\/www.omccable.com\/es\/wp-json\/wp\/v2\/media\/11235"}],"wp:attachment":[{"href":"https:\/\/www.omccable.com\/es\/wp-json\/wp\/v2\/media?parent=11233"}],"wp:term":[{"taxonomy":"product_cat","embeddable":true,"href":"https:\/\/www.omccable.com\/es\/wp-json\/wp\/v2\/product_cat?post=11233"},{"taxonomy":"product_tag","embeddable":true,"href":"https:\/\/www.omccable.com\/es\/wp-json\/wp\/v2\/product_tag?post=11233"}],"curies":[{"name":"wp","href":"https:\/\/api.w.org\/{rel}","templated":true}]}}