{"id":11225,"date":"2024-07-02T09:04:11","date_gmt":"2024-07-02T01:04:11","guid":{"rendered":"https:\/\/www.omccable.com\/?post_type=product&#038;p=11225"},"modified":"2024-07-02T09:04:11","modified_gmt":"2024-07-02T01:04:11","slug":"2448f-stranded-loose-tube-double-sheath-armored-cable-%ef%bc%88gyth53%ef%bc%89","status":"publish","type":"product","link":"https:\/\/www.omccable.com\/es\/producto\/2448f-stranded-loose-tube-double-sheath-armored-cable-%ef%bc%88gyth53%ef%bc%89\/","title":{"rendered":"Cable blindado de doble funda de tubo suelto trenzado 24 y 48F (GYTH53)"},"content":{"rendered":"<p>En OMC 2<strong><b>Cable blindado de doble funda de tubo suelto trenzado de 4 y 48 F (GYTH53)<\/b><\/strong>, A <strong><b>FRP<\/b><\/strong>\u00a0La capa de protecci\u00f3n de PE (cuando sea necesario) est\u00e1 ubicada en el centro del n\u00facleo como un miembro de resistencia met\u00e1lico. La fibra monomodo\/multimodo se coloca en el tubo holgado, que est\u00e1 hecho de materiales PBT y lleno de compuesto de relleno. Luego se cubre el PBT con un <strong><b>Cinta de bloqueo de agua<\/b><\/strong>+A <strong><b>funda interior de polietileno (PE)<\/b><\/strong>. Entonces un\u00a0<strong><b>Corrugado<\/b><\/strong><strong><b>\u00a0Cinta de acero<\/b><\/strong>\u00a0Cubra la funda interior de PE. Despu\u00e9s de un <strong><b>cinta de acero corrugado<\/b><\/strong>\u00a0Se aplica armadura, el cable se completa con un<strong><b>\u00a0<\/b><\/strong><strong><b>LSZH<\/b><\/strong>\u00a0funda exterior.<\/p>\n<p>&nbsp;<\/p>\n<p><strong><b>Color est\u00e1ndar de fibra y tubo<\/b><\/strong><\/p>\n<p>El c\u00f3digo de color de las fibras individuales deber\u00e1 estar de acuerdo con la tabla siguiente<\/p>\n<table>\n<tbody>\n<tr>\n<td width=\"124\"><strong>No.<\/strong><\/td>\n<td width=\"85\">1<\/td>\n<td width=\"94\">2<\/td>\n<td width=\"94\">3<\/td>\n<td width=\"85\">4<\/td>\n<td width=\"75\">5<\/td>\n<td width=\"104\">6<\/td>\n<\/tr>\n<tr>\n<td width=\"124\"><strong>Color<\/strong><\/td>\n<td width=\"85\">Azul<\/td>\n<td width=\"94\">Naranja<\/td>\n<td width=\"94\">Verde<\/td>\n<td width=\"85\">Marr\u00f3n<\/td>\n<td width=\"75\">Gris<\/td>\n<td width=\"104\">Blanco<\/td>\n<\/tr>\n<tr>\n<td width=\"124\"><strong>No.<\/strong><\/td>\n<td width=\"85\">7<\/td>\n<td width=\"94\">8<\/td>\n<td width=\"94\">9<\/td>\n<td width=\"85\">10<\/td>\n<td width=\"75\">11<\/td>\n<td width=\"104\">12<\/td>\n<\/tr>\n<tr>\n<td width=\"124\"><strong>Color<\/strong><\/td>\n<td width=\"85\">Rojo<\/td>\n<td width=\"94\">Negro<\/td>\n<td width=\"94\">Amarillo<\/td>\n<td width=\"85\">Violeta<\/td>\n<td width=\"75\">Rosa<\/td>\n<td width=\"104\">Agua<\/td>\n<\/tr>\n<\/tbody>\n<\/table>\n<p>C\u00f3digo de color del tubo para 12~144 fibras:<\/p>\n<table>\n<tbody>\n<tr>\n<td width=\"124\"><strong>No.<\/strong><\/td>\n<td width=\"85\">1<\/td>\n<td width=\"94\">2<\/td>\n<td width=\"94\">3<\/td>\n<td width=\"85\">4<\/td>\n<td width=\"85\">5<\/td>\n<td width=\"94\">6<\/td>\n<\/tr>\n<tr>\n<td width=\"124\"><strong>Color<\/strong><\/td>\n<td width=\"85\">Azul<\/td>\n<td width=\"94\">Naranja<\/td>\n<td width=\"94\">Verde<\/td>\n<td width=\"85\">Marr\u00f3n<\/td>\n<td width=\"85\">Gris<\/td>\n<td width=\"94\">Blanco<\/td>\n<\/tr>\n<tr>\n<td width=\"124\"><strong>No.<\/strong><\/td>\n<td width=\"85\">7<\/td>\n<td width=\"94\">8<\/td>\n<td width=\"94\">9<\/td>\n<td width=\"85\">10<\/td>\n<td width=\"85\">11<\/td>\n<td width=\"94\">12<\/td>\n<\/tr>\n<tr>\n<td width=\"124\"><strong>Color<\/strong><\/td>\n<td width=\"85\">Rojo<\/td>\n<td width=\"94\">Negro<\/td>\n<td width=\"94\">Amarillo<\/td>\n<td width=\"85\">Violeta<\/td>\n<td width=\"85\">Rosa<\/td>\n<td width=\"94\">Agua<\/td>\n<\/tr>\n<\/tbody>\n<\/table>\n<p>Nota: # significa una sola franja negra; * significa una sola franja blanca.<\/p>\n<p>&nbsp;<\/p>\n<p><strong><b>Cable<\/b><\/strong><strong><b>\u00a0Par\u00e1metro de estructura<\/b><\/strong><\/p>\n<table>\n<tbody>\n<tr>\n<td width=\"198\"><strong><b>Art\u00edculo<\/b><\/strong><\/td>\n<td width=\"132\"><strong><b>Contenido<\/b><\/strong><\/td>\n<td width=\"66\"><strong><b>Unidad<\/b><\/strong><\/td>\n<td colspan=\"2\" width=\"264\"><strong><b>Valor<\/b><\/strong><\/td>\n<\/tr>\n<tr>\n<td width=\"198\">Recuento de fibras<\/td>\n<td width=\"132\">N\u00famero<\/td>\n<td width=\"66\">\/<\/td>\n<td width=\"141\">24<\/td>\n<td width=\"122\">48<\/td>\n<\/tr>\n<tr>\n<td width=\"198\">Tipo de fibra<\/td>\n<td width=\"132\">\/<\/td>\n<td width=\"66\">\/<\/td>\n<td colspan=\"2\" width=\"264\">SM,OM1,OM2,OM3,OM4<\/td>\n<\/tr>\n<tr>\n<td width=\"198\">Estructura de cables<\/td>\n<td width=\"132\">\/<\/td>\n<td width=\"66\">\/<\/td>\n<td colspan=\"2\" width=\"264\">1+6<\/td>\n<\/tr>\n<tr>\n<td width=\"198\">Fibras por tubo<\/td>\n<td width=\"132\">Contar<\/td>\n<td width=\"66\">\/<\/td>\n<td width=\"141\">6<\/td>\n<td width=\"122\">12<\/td>\n<\/tr>\n<tr>\n<td rowspan=\"2\" width=\"198\">tubo suelto<\/td>\n<td width=\"132\">Materiales<\/td>\n<td width=\"66\">\/<\/td>\n<td colspan=\"2\" width=\"264\">PBT<\/td>\n<\/tr>\n<tr>\n<td width=\"132\">Di\u00e1metro nominal<\/td>\n<td width=\"66\">mil\u00edmetros<\/td>\n<td width=\"141\">1.8<\/td>\n<td width=\"122\">2<\/td>\n<\/tr>\n<tr>\n<td rowspan=\"3\" width=\"198\">Miembro de fuerza central<\/td>\n<td width=\"132\">Materiales<\/td>\n<td width=\"66\">\/<\/td>\n<td colspan=\"2\" width=\"264\">Alambre de acero fosfatado y capa acolchada de PE (cuando sea necesario)<\/td>\n<\/tr>\n<tr>\n<td width=\"132\">Di\u00e1metro nominal<\/td>\n<td width=\"66\">mil\u00edmetros<\/td>\n<td width=\"141\">1.8<\/td>\n<td width=\"122\">2<\/td>\n<\/tr>\n<tr>\n<td width=\"132\">Coj\u00edn de PE<\/td>\n<td width=\"66\">mil\u00edmetros<\/td>\n<td width=\"141\">\u2013<\/td>\n<td width=\"122\">\u2013<\/td>\n<\/tr>\n<tr>\n<td width=\"198\">Bloqueo de agua<\/td>\n<td width=\"132\">Materiales<\/td>\n<td width=\"66\">&nbsp;<\/td>\n<td colspan=\"2\" width=\"264\">Cinta bloqueadora de agua y gelatina para cables<\/td>\n<\/tr>\n<tr>\n<td width=\"198\">Miembro de fuerza perif\u00e9rico<\/td>\n<td width=\"132\">Materiales<\/td>\n<td width=\"66\">&nbsp;<\/td>\n<td colspan=\"2\" width=\"264\">Cinta de acero<\/td>\n<\/tr>\n<tr>\n<td rowspan=\"3\" width=\"198\">Funda interior<\/td>\n<td width=\"132\">Materiales<\/td>\n<td width=\"66\">&nbsp;<\/td>\n<td colspan=\"2\" width=\"264\">LSZH<\/td>\n<\/tr>\n<tr>\n<td width=\"132\">Color<\/td>\n<td width=\"66\">&nbsp;<\/td>\n<td colspan=\"2\" width=\"264\">Negro<\/td>\n<\/tr>\n<tr>\n<td width=\"132\">Di\u00e1metro interior<\/td>\n<td width=\"66\">mil\u00edmetros<\/td>\n<td colspan=\"2\" width=\"264\">Nominal: 1,0<\/td>\n<\/tr>\n<tr>\n<td rowspan=\"3\" width=\"198\">Funda exterior<\/td>\n<td width=\"132\">Materiales<\/td>\n<td width=\"66\">&nbsp;<\/td>\n<td colspan=\"2\" width=\"264\">LSZH<\/td>\n<\/tr>\n<tr>\n<td width=\"132\">Color<\/td>\n<td width=\"66\">&nbsp;<\/td>\n<td colspan=\"2\" width=\"264\">Negro<\/td>\n<\/tr>\n<tr>\n<td width=\"132\">Di\u00e1metro exterior<\/td>\n<td width=\"66\">mil\u00edmetros<\/td>\n<td colspan=\"2\" width=\"264\">Nominal: 1,8<\/td>\n<\/tr>\n<tr>\n<td rowspan=\"2\" width=\"198\">Atenuaci\u00f3n (despu\u00e9s del cable)<\/td>\n<td width=\"132\">850 nm<\/td>\n<td width=\"66\">dB\/km<\/td>\n<td colspan=\"2\" width=\"264\">\u22643,5<\/td>\n<\/tr>\n<tr>\n<td width=\"132\">1300nm<\/td>\n<td width=\"66\">dB\/km<\/td>\n<td colspan=\"2\" width=\"264\">\u22641,5<\/td>\n<\/tr>\n<tr>\n<td width=\"198\">Di\u00e1metro del cable<\/td>\n<td width=\"132\">\u00b15%<\/td>\n<td width=\"66\">mil\u00edmetros<\/td>\n<td width=\"141\">12.2<\/td>\n<td width=\"122\">12.8<\/td>\n<\/tr>\n<tr>\n<td width=\"198\">Peso del cable<\/td>\n<td width=\"132\">\u00b110%<\/td>\n<td width=\"66\">kg\/km<\/td>\n<td width=\"141\">197<\/td>\n<td width=\"122\">217<\/td>\n<\/tr>\n<\/tbody>\n<\/table>\n<p><strong><b>\u00a0<\/b><\/strong><\/p>\n<p><strong><b>Desempe\u00f1o mec\u00e1nico y ambiental<\/b><\/strong><\/p>\n<table>\n<tbody>\n<tr>\n<td width=\"221\"><strong>Art\u00edculo<\/strong><\/td>\n<td width=\"206\"><strong>Contenido<\/strong><\/td>\n<td width=\"236\"><strong>Valor<\/strong><\/td>\n<\/tr>\n<tr>\n<td rowspan=\"2\" width=\"221\">M\u00e1x. carga de tracci\u00f3n<\/td>\n<td width=\"206\">Corto plazo<\/td>\n<td width=\"236\">Deformaci\u00f3n de fibra 3000N\u22640.6%<\/td>\n<\/tr>\n<tr>\n<td width=\"206\">Largo plazo<\/td>\n<td width=\"236\">1000N<\/td>\n<\/tr>\n<tr>\n<td rowspan=\"2\" width=\"221\">M\u00e1x. resistencia al aplastamiento<\/td>\n<td width=\"206\">Corto plazo<\/td>\n<td width=\"236\">3000N\/100mm<\/td>\n<\/tr>\n<tr>\n<td width=\"206\">Largo plazo<\/td>\n<td width=\"236\">1000N\/100mm<\/td>\n<\/tr>\n<tr>\n<td rowspan=\"2\" width=\"221\">M\u00edn. radio de curvatura<\/td>\n<td width=\"206\">Instalaci\u00f3n<\/td>\n<td width=\"236\">25 x di\u00e1metro del cable<\/td>\n<\/tr>\n<tr>\n<td width=\"206\">Operaci\u00f3n<\/td>\n<td width=\"236\">12,5 x di\u00e1metro del cable<\/td>\n<\/tr>\n<tr>\n<td rowspan=\"3\" width=\"221\">Rango de temperatura<\/td>\n<td width=\"206\">Operaci\u00f3n<\/td>\n<td width=\"236\">-40\u2103 ~ +70\u2103<\/td>\n<\/tr>\n<tr>\n<td width=\"206\">Instalaci\u00f3n<\/td>\n<td width=\"236\">-20\u2103 ~ +60\u2103<\/td>\n<\/tr>\n<tr>\n<td width=\"206\">Almacenamiento\/transporte<\/td>\n<td width=\"236\">-40\u2103 ~ +70\u2103<\/td>\n<\/tr>\n<\/tbody>\n<\/table>\n<p>&nbsp;<\/p>\n<p><strong><b>Par\u00e1metros t\u00e9cnicos de fibra \u00f3ptica. <\/b><\/strong><\/p>\n<table>\n<tbody>\n<tr>\n<td colspan=\"2\" width=\"254\"><strong>Estilo de fibra<\/strong><\/td>\n<td width=\"94\"><strong>Unidad<\/strong><\/td>\n<td width=\"94\"><strong>SM 9\/125<\/strong><\/td>\n<td width=\"103\"><strong>MM 50\/125<\/strong><\/td>\n<td width=\"122\"><strong>MM 62,5\/125<\/strong><\/td>\n<\/tr>\n<tr>\n<td colspan=\"2\" width=\"254\">Condici\u00f3n<\/td>\n<td width=\"94\">nm<\/td>\n<td width=\"94\">1310\/1550<\/td>\n<td width=\"103\">850\/1300<\/td>\n<td width=\"122\">850\/1300<\/td>\n<\/tr>\n<tr>\n<td colspan=\"2\" width=\"254\">Atenuaci\u00f3n<\/td>\n<td width=\"94\">dB\/km<\/td>\n<td width=\"94\">\u22640,34\/0,2<\/td>\n<td width=\"103\">\u22643,0\/1,0<\/td>\n<td width=\"122\">\u22643,0\/1,0<\/td>\n<\/tr>\n<tr>\n<td rowspan=\"2\" width=\"141\">Dispersi\u00f3n<\/td>\n<td width=\"113\">1310nm<\/td>\n<td width=\"94\">Ps\/(nm*km)<\/td>\n<td width=\"94\">\u226418<\/td>\n<td width=\"103\">\u2026..<\/td>\n<td width=\"122\">\u2026..<\/td>\n<\/tr>\n<tr>\n<td width=\"113\">1550 nm<\/td>\n<td width=\"94\">Ps\/(nm*km)<\/td>\n<td width=\"94\">\u226422<\/td>\n<td width=\"103\">\u2026..<\/td>\n<td width=\"122\">\u2026..<\/td>\n<\/tr>\n<tr>\n<td rowspan=\"2\" width=\"141\">Ancho de banda<\/td>\n<td width=\"113\">850 nm<\/td>\n<td width=\"94\">MEGAHERCIO. kil\u00f3metros<\/td>\n<td width=\"94\">\u2026..<\/td>\n<td width=\"103\">\u2267400<\/td>\n<td width=\"122\">\u2267160<\/td>\n<\/tr>\n<tr>\n<td width=\"113\">1300nm<\/td>\n<td width=\"94\">MEGAHERCIO. kil\u00f3metros<\/td>\n<td width=\"94\">\u2026..<\/td>\n<td width=\"103\">\u2267800<\/td>\n<td width=\"122\">\u2267500<\/td>\n<\/tr>\n<tr>\n<td colspan=\"2\" width=\"254\">Longitud de onda de dispersi\u00f3n cero<\/td>\n<td width=\"94\">nm<\/td>\n<td width=\"94\">\u22671302,<\/p>\n<p>\u22641322<\/td>\n<td width=\"103\">\u2026..<\/td>\n<td width=\"122\">\u2026..<\/td>\n<\/tr>\n<tr>\n<td colspan=\"2\" width=\"254\">Pendiente de dispersi\u00f3n cero<\/td>\n<td width=\"94\">nm<\/td>\n<td width=\"94\">\u22640,091<\/td>\n<td width=\"103\">\u2026..<\/td>\n<td width=\"122\">\u2026..<\/td>\n<\/tr>\n<tr>\n<td colspan=\"2\" width=\"254\">PMD M\u00e1ximo de Fibra Individual<\/td>\n<td width=\"94\">&nbsp;<\/td>\n<td width=\"94\">\u22640,2<\/td>\n<td width=\"103\">\u2026..<\/td>\n<td width=\"122\">\u2026..<\/td>\n<\/tr>\n<tr>\n<td colspan=\"2\" width=\"254\">Valor del enlace de dise\u00f1o PMD<\/td>\n<td width=\"94\">Sal(nm2*km)<\/td>\n<td width=\"94\">\u22640,08<\/td>\n<td width=\"103\">\u2026..<\/td>\n<td width=\"122\">\u2026..<\/td>\n<\/tr>\n<tr>\n<td colspan=\"2\" width=\"254\">Longitud de onda de corte de fibra \u03bbc<\/td>\n<td width=\"94\">nm<\/td>\n<td width=\"94\">\u22671180,<\/p>\n<p>\u22641330<\/td>\n<td width=\"103\">\u2026..<\/td>\n<td width=\"122\">\u2026..<\/td>\n<\/tr>\n<tr>\n<td colspan=\"2\" width=\"254\">Longitud de onda de corte del cable \u03bbcc<\/td>\n<td width=\"94\">nm<\/td>\n<td width=\"94\">\u22641260<\/td>\n<td width=\"103\">\u2026..<\/td>\n<td width=\"122\">\u2026..<\/td>\n<\/tr>\n<tr>\n<td rowspan=\"2\" width=\"141\">MFD<\/td>\n<td width=\"113\">1310nm<\/td>\n<td width=\"94\">em<\/td>\n<td width=\"94\">9,2\u00b10,4<\/td>\n<td width=\"103\">\u2026..<\/td>\n<td width=\"122\">\u2026..<\/td>\n<\/tr>\n<tr>\n<td width=\"113\">1550 nm<\/td>\n<td width=\"94\">em<\/td>\n<td width=\"94\">10,4\u00b10,8<\/td>\n<td width=\"103\">\u2026..<\/td>\n<td width=\"122\">\u2026..<\/td>\n<\/tr>\n<tr>\n<td colspan=\"2\" width=\"254\">Apertura num\u00e9rica (NA)<\/td>\n<td width=\"94\">&nbsp;<\/td>\n<td width=\"94\">\u2026\u2026<\/td>\n<td width=\"103\">0,200\u00b10,015<\/td>\n<td width=\"122\">0,275\u00b10,015<\/td>\n<\/tr>\n<tr>\n<td colspan=\"2\" width=\"254\">Paso(media de la medici\u00f3n bidireccional)<\/td>\n<td width=\"94\">dB<\/td>\n<td width=\"94\">\u22640,05<\/td>\n<td width=\"103\">\u22640,10<\/td>\n<td width=\"122\">\u22640,10<\/td>\n<\/tr>\n<tr>\n<td colspan=\"2\" width=\"254\">Irregularidades en la longitud de las fibras y discontinuidad de los puntos<\/td>\n<td width=\"94\">dB<\/td>\n<td width=\"94\">\u22640,05<\/td>\n<td width=\"103\">\u22640,10<\/td>\n<td width=\"122\">\u22640,10<\/td>\n<\/tr>\n<tr>\n<td colspan=\"2\" width=\"254\">Coeficiente de retrodispersi\u00f3n de diferencia<\/td>\n<td width=\"94\">dB\/km<\/td>\n<td width=\"94\">\u22640,03<\/td>\n<td width=\"103\">\u22640,08<\/td>\n<td width=\"122\">\u22640,10<\/td>\n<\/tr>\n<tr>\n<td colspan=\"2\" width=\"254\">Uniformidad de atenuaci\u00f3n<\/td>\n<td width=\"94\">dB\/km<\/td>\n<td width=\"94\">\u22640,01<\/td>\n<td width=\"103\">\u2026\u2026.<\/td>\n<td width=\"122\">\u2026\u2026.<\/td>\n<\/tr>\n<tr>\n<td colspan=\"2\" width=\"254\">Di\u00e1metro del n\u00facleo<\/td>\n<td width=\"94\">em<\/td>\n<td width=\"94\">\u2026\u2026<\/td>\n<td width=\"103\">50\u00b11,0<\/td>\n<td width=\"122\">62,5\u00b12,5<\/td>\n<\/tr>\n<tr>\n<td colspan=\"2\" width=\"254\">Di\u00e1metro del revestimiento<\/td>\n<td width=\"94\">em<\/td>\n<td width=\"94\">125,0\u00b10,1<\/td>\n<td width=\"103\">125,0\u00b10,1<\/td>\n<td width=\"122\">125,0\u00b10,1<\/td>\n<\/tr>\n<tr>\n<td colspan=\"2\" width=\"254\">Falta de circularidad del revestimiento<\/td>\n<td width=\"94\">%<\/td>\n<td width=\"94\">\u22641,0<\/td>\n<td width=\"103\">\u22641,0<\/td>\n<td width=\"122\">\u22641,0<\/td>\n<\/tr>\n<tr>\n<td colspan=\"2\" width=\"254\">Di\u00e1metro del revestimiento<\/td>\n<td width=\"94\">em<\/td>\n<td width=\"94\">242\u00b17<\/td>\n<td width=\"103\">242\u00b17<\/td>\n<td width=\"122\">242\u00b17<\/td>\n<\/tr>\n<tr>\n<td colspan=\"2\" width=\"254\">Error de recubrimiento\/pinz\u00f3n conc\u00e9ntrico<\/td>\n<td width=\"94\">em<\/td>\n<td width=\"94\">\u226412,0<\/td>\n<td width=\"103\">\u226412,0<\/td>\n<td width=\"122\">\u226412,0<\/td>\n<\/tr>\n<tr>\n<td colspan=\"2\" width=\"254\">No circularidad del revestimiento<\/td>\n<td width=\"94\">%<\/td>\n<td width=\"94\">\u22646.0<\/td>\n<td width=\"103\">\u22646.0<\/td>\n<td width=\"122\">\u22646.0<\/td>\n<\/tr>\n<tr>\n<td colspan=\"2\" width=\"254\">Error de concentricidad del n\u00facleo\/revestimiento<\/td>\n<td width=\"94\">em<\/td>\n<td width=\"94\">\u22640,6<\/td>\n<td width=\"103\">\u22641,5<\/td>\n<td width=\"122\">\u22641,5<\/td>\n<\/tr>\n<tr>\n<td colspan=\"2\" width=\"254\">Curl(radio)<\/td>\n<td width=\"94\">em<\/td>\n<td width=\"94\">\u22644<\/td>\n<td width=\"103\">\u2026..<\/td>\n<td width=\"122\">\u2026..<\/td>\n<\/tr>\n<\/tbody>\n<\/table>","protected":false},"excerpt":{"rendered":"<p>En el cable blindado de doble funda y tubo suelto trenzado de 24 y 48 F de OMC (GYTH53), se ubica una capa protectora de FRP y PE (siempre que sea necesario) en el centro del n\u00facleo como miembro met\u00e1lico de resistencia. La fibra monomodo\/multimodo se coloca en el tubo holgado, que est\u00e1 hecho de materiales PBT y lleno de compuesto de relleno. Luego, el PBT se cubre con una cinta bloqueadora de agua + un interior de polietileno (PE) [\u2026]<\/p>","protected":false},"featured_media":11227,"comment_status":"closed","ping_status":"closed","template":"","meta":{"site-sidebar-layout":"default","site-content-layout":"","ast-site-content-layout":"default","site-content-style":"default","site-sidebar-style":"default","ast-global-header-display":"","ast-banner-title-visibility":"","ast-main-header-display":"","ast-hfb-above-header-display":"","ast-hfb-below-header-display":"","ast-hfb-mobile-header-display":"","site-post-title":"","ast-breadcrumbs-content":"","ast-featured-img":"","footer-sml-layout":"","theme-transparent-header-meta":"default","adv-header-id-meta":"","stick-header-meta":"default","header-above-stick-meta":"","header-main-stick-meta":"","header-below-stick-meta":"","astra-migrate-meta-layouts":"set","ast-page-background-enabled":"default","ast-page-background-meta":{"desktop":{"background-color":"var(--ast-global-color-4)","background-image":"","background-repeat":"repeat","background-position":"center center","background-size":"auto","background-attachment":"scroll","background-type":"","background-media":"","overlay-type":"","overlay-color":"","overlay-gradient":""},"tablet":{"background-color":"","background-image":"","background-repeat":"repeat","background-position":"center center","background-size":"auto","background-attachment":"scroll","background-type":"","background-media":"","overlay-type":"","overlay-color":"","overlay-gradient":""},"mobile":{"background-color":"","background-image":"","background-repeat":"repeat","background-position":"center center","background-size":"auto","background-attachment":"scroll","background-type":"","background-media":"","overlay-type":"","overlay-color":"","overlay-gradient":""}},"ast-content-background-meta":{"desktop":{"background-color":"var(--ast-global-color-5)","background-image":"","background-repeat":"repeat","background-position":"center center","background-size":"auto","background-attachment":"scroll","background-type":"","background-media":"","overlay-type":"","overlay-color":"","overlay-gradient":""},"tablet":{"background-color":"var(--ast-global-color-5)","background-image":"","background-repeat":"repeat","background-position":"center center","background-size":"auto","background-attachment":"scroll","background-type":"","background-media":"","overlay-type":"","overlay-color":"","overlay-gradient":""},"mobile":{"background-color":"var(--ast-global-color-5)","background-image":"","background-repeat":"repeat","background-position":"center center","background-size":"auto","background-attachment":"scroll","background-type":"","background-media":"","overlay-type":"","overlay-color":"","overlay-gradient":""}}},"product_cat":[139,124],"product_tag":[],"class_list":{"0":"post-11225","1":"product","2":"type-product","3":"status-publish","4":"has-post-thumbnail","6":"product_cat-armored-outdoor-cable","7":"product_cat-outdoor-cable","8":"desktop-align-left","9":"tablet-align-left","10":"mobile-align-left","11":"ast-product-gallery-layout-horizontal-slider","12":"ast-product-tabs-layout-horizontal","14":"first","15":"instock","16":"shipping-taxable","17":"product-type-simple"},"acf":[],"_links":{"self":[{"href":"https:\/\/www.omccable.com\/es\/wp-json\/wp\/v2\/product\/11225","targetHints":{"allow":["GET"]}}],"collection":[{"href":"https:\/\/www.omccable.com\/es\/wp-json\/wp\/v2\/product"}],"about":[{"href":"https:\/\/www.omccable.com\/es\/wp-json\/wp\/v2\/types\/product"}],"replies":[{"embeddable":true,"href":"https:\/\/www.omccable.com\/es\/wp-json\/wp\/v2\/comments?post=11225"}],"version-history":[{"count":1,"href":"https:\/\/www.omccable.com\/es\/wp-json\/wp\/v2\/product\/11225\/revisions"}],"predecessor-version":[{"id":11228,"href":"https:\/\/www.omccable.com\/es\/wp-json\/wp\/v2\/product\/11225\/revisions\/11228"}],"wp:featuredmedia":[{"embeddable":true,"href":"https:\/\/www.omccable.com\/es\/wp-json\/wp\/v2\/media\/11227"}],"wp:attachment":[{"href":"https:\/\/www.omccable.com\/es\/wp-json\/wp\/v2\/media?parent=11225"}],"wp:term":[{"taxonomy":"product_cat","embeddable":true,"href":"https:\/\/www.omccable.com\/es\/wp-json\/wp\/v2\/product_cat?post=11225"},{"taxonomy":"product_tag","embeddable":true,"href":"https:\/\/www.omccable.com\/es\/wp-json\/wp\/v2\/product_tag?post=11225"}],"curies":[{"name":"wp","href":"https:\/\/api.w.org\/{rel}","templated":true}]}}