{"id":11196,"date":"2024-07-01T16:59:03","date_gmt":"2024-07-01T08:59:03","guid":{"rendered":"https:\/\/www.omccable.com\/?post_type=product&#038;p=11196"},"modified":"2024-07-01T16:59:03","modified_gmt":"2024-07-01T08:59:03","slug":"144f-stranded-loose-tube-double-sheath-armored-cable-gyfhty53","status":"publish","type":"product","link":"https:\/\/www.omccable.com\/es\/producto\/144f-stranded-loose-tube-double-sheath-armored-cable-gyfhty53\/","title":{"rendered":"Cable blindado de doble funda de tubo suelto trenzado 144F GYFHTY53"},"content":{"rendered":"<p>En la OMC <strong><b>Cable blindado de doble cubierta de tubo suelto trenzado 144F<\/b><\/strong><strong><b>\u2013<\/b><\/strong><strong><b>GYFHTY53<\/b><\/strong>, A <strong><b>FRP<\/b><\/strong>\u00a0La capa de protecci\u00f3n de PE (cuando sea necesario) est\u00e1 ubicada en el centro del n\u00facleo como un miembro de resistencia met\u00e1lico. La fibra monomodo\/multimodo se coloca en el tubo holgado, que est\u00e1 hecho de materiales PBT y lleno de compuesto de relleno. Luego se cubre el PBT con una fina <strong><b>funda interior de polietileno (PE)<\/b><\/strong>. Entonces un\u00a0<strong><b>Cinta de bloqueo de agua +Corrugado<\/b><\/strong><strong><b>\u00a0Cinta de acero<\/b><\/strong>\u00a0Cubra la funda interior de PE. Despu\u00e9s de un <strong><b>cinta de acero corrugado<\/b><\/strong>\u00a0Se aplica armadura, el cable se completa con un <strong><b>PEAD<\/b><\/strong>\u00a0funda exterior.<\/p>\n<p>&nbsp;<\/p>\n<p><strong><b>Color est\u00e1ndar de fibra y tubo<\/b><\/strong><\/p>\n<p>El c\u00f3digo de color de las fibras individuales deber\u00e1 estar de acuerdo con la tabla siguiente<\/p>\n<table>\n<tbody>\n<tr>\n<td width=\"124\"><strong>No.<\/strong><\/td>\n<td width=\"85\">1<\/td>\n<td width=\"94\">2<\/td>\n<td width=\"94\">3<\/td>\n<td width=\"85\">4<\/td>\n<td width=\"75\">5<\/td>\n<td width=\"104\">6<\/td>\n<\/tr>\n<tr>\n<td width=\"124\"><strong>Color<\/strong><\/td>\n<td width=\"85\">Azul<\/td>\n<td width=\"94\">Naranja<\/td>\n<td width=\"94\">Verde<\/td>\n<td width=\"85\">Marr\u00f3n<\/td>\n<td width=\"75\">Gris<\/td>\n<td width=\"104\">Blanco<\/td>\n<\/tr>\n<tr>\n<td width=\"124\"><strong>No.<\/strong><\/td>\n<td width=\"85\">7<\/td>\n<td width=\"94\">8<\/td>\n<td width=\"94\">9<\/td>\n<td width=\"85\">10<\/td>\n<td width=\"75\">11<\/td>\n<td width=\"104\">12<\/td>\n<\/tr>\n<tr>\n<td width=\"124\"><strong>Color<\/strong><\/td>\n<td width=\"85\">Rojo<\/td>\n<td width=\"94\">Negro<\/td>\n<td width=\"94\">Amarillo<\/td>\n<td width=\"85\">Violeta<\/td>\n<td width=\"75\">Rosa<\/td>\n<td width=\"104\">Agua<\/td>\n<\/tr>\n<\/tbody>\n<\/table>\n<p>C\u00f3digo de color del tubo para 12~144 fibras:<\/p>\n<table>\n<tbody>\n<tr>\n<td width=\"124\"><strong>No.<\/strong><\/td>\n<td width=\"85\">1<\/td>\n<td width=\"94\">2<\/td>\n<td width=\"94\">3<\/td>\n<td width=\"85\">4<\/td>\n<td width=\"85\">5<\/td>\n<td width=\"94\">6<\/td>\n<\/tr>\n<tr>\n<td width=\"124\"><strong>Color<\/strong><\/td>\n<td width=\"85\">Azul<\/td>\n<td width=\"94\">Naranja<\/td>\n<td width=\"94\">Verde<\/td>\n<td width=\"85\">Marr\u00f3n<\/td>\n<td width=\"85\">Gris<\/td>\n<td width=\"94\">Blanco<\/td>\n<\/tr>\n<tr>\n<td width=\"124\"><strong>No.<\/strong><\/td>\n<td width=\"85\">7<\/td>\n<td width=\"94\">8<\/td>\n<td width=\"94\">9<\/td>\n<td width=\"85\">10<\/td>\n<td width=\"85\">11<\/td>\n<td width=\"94\">12<\/td>\n<\/tr>\n<tr>\n<td width=\"124\"><strong>Color<\/strong><\/td>\n<td width=\"85\">Rojo<\/td>\n<td width=\"94\">Negro<\/td>\n<td width=\"94\">Amarillo<\/td>\n<td width=\"85\">Violeta<\/td>\n<td width=\"85\">Rosa<\/td>\n<td width=\"94\">Agua<\/td>\n<\/tr>\n<\/tbody>\n<\/table>\n<p>Nota: # significa una sola franja negra; * significa una sola franja blanca.<\/p>\n<p>&nbsp;<\/p>\n<p><strong><b>Cable<\/b><\/strong><strong><b>\u00a0Par\u00e1metro de estructura<\/b><\/strong><\/p>\n<table>\n<tbody>\n<tr>\n<td width=\"182\"><strong>Art\u00edculo<\/strong><\/td>\n<td width=\"126\"><strong>Contenido<\/strong><\/td>\n<td width=\"89\"><strong>Unidad<\/strong><\/td>\n<td width=\"264\"><strong>Valor<\/strong><\/td>\n<\/tr>\n<tr>\n<td width=\"182\">Recuento de fibras<\/td>\n<td width=\"126\">N\u00famero<\/td>\n<td width=\"89\">\/<\/td>\n<td width=\"264\">144<\/td>\n<\/tr>\n<tr>\n<td width=\"182\">Tipo de fibra<\/td>\n<td width=\"126\">\/<\/td>\n<td width=\"89\">\/<\/td>\n<td width=\"264\">G652D<\/td>\n<\/tr>\n<tr>\n<td width=\"182\">Estructura de cables<\/td>\n<td width=\"126\">\/<\/td>\n<td width=\"89\">\/<\/td>\n<td width=\"264\">1+9+15<\/td>\n<\/tr>\n<tr>\n<td width=\"182\">Fibras por tubo<\/td>\n<td width=\"126\">Contar<\/td>\n<td width=\"89\">\/<\/td>\n<td width=\"264\">6<\/td>\n<\/tr>\n<tr>\n<td rowspan=\"2\" width=\"182\">Tubo suelto<\/td>\n<td width=\"126\">Materiales<\/td>\n<td width=\"89\">\/<\/td>\n<td width=\"264\">PBT<\/td>\n<\/tr>\n<tr>\n<td width=\"126\">Di\u00e1metro nominal<\/td>\n<td width=\"89\">mil\u00edmetros<\/td>\n<td width=\"264\">2.1<\/td>\n<\/tr>\n<tr>\n<td rowspan=\"3\" width=\"182\">Miembro de fuerza central<\/td>\n<td width=\"126\">Materiales<\/td>\n<td width=\"89\">\/<\/td>\n<td width=\"264\">Capa de coj\u00edn de FRP y PE<\/td>\n<\/tr>\n<tr>\n<td width=\"126\">Di\u00e1metro nominal<\/td>\n<td width=\"89\">mil\u00edmetros<\/td>\n<td width=\"264\">2.5<\/td>\n<\/tr>\n<tr>\n<td width=\"126\">Coj\u00edn de PE<\/td>\n<td width=\"89\">mil\u00edmetros<\/td>\n<td width=\"264\">4.1<\/td>\n<\/tr>\n<tr>\n<td width=\"182\">Miembro de fuerza perif\u00e9rica<\/td>\n<td colspan=\"2\" width=\"215\">Materiales<\/td>\n<td width=\"264\">Cinta de acero corrugado<\/td>\n<\/tr>\n<tr>\n<td rowspan=\"3\" width=\"182\">Funda interior<\/td>\n<td colspan=\"2\" width=\"215\">Materiales<\/td>\n<td width=\"264\">PEMD<\/td>\n<\/tr>\n<tr>\n<td colspan=\"2\" width=\"215\">Color<\/td>\n<td width=\"264\">Negro<\/td>\n<\/tr>\n<tr>\n<td width=\"126\">Di\u00e1metro<\/td>\n<td width=\"89\">mil\u00edmetros<\/td>\n<td width=\"264\">Nominal: 0,9<\/td>\n<\/tr>\n<tr>\n<td rowspan=\"3\" width=\"182\">Funda exterior<\/td>\n<td colspan=\"2\" width=\"215\">Materiales<\/td>\n<td width=\"264\">PEAD<\/td>\n<\/tr>\n<tr>\n<td colspan=\"2\" width=\"215\">Color<\/td>\n<td width=\"264\">P\u00farpura<\/td>\n<\/tr>\n<tr>\n<td width=\"126\">Di\u00e1metro<\/td>\n<td width=\"89\">mil\u00edmetros<\/td>\n<td width=\"264\">Nominal: 1,8<\/td>\n<\/tr>\n<tr>\n<td width=\"182\">Raya<\/td>\n<td width=\"126\">Color<\/td>\n<td width=\"89\">\/<\/td>\n<td width=\"264\">Verde<\/td>\n<\/tr>\n<tr>\n<td rowspan=\"2\" width=\"182\">Atenuaci\u00f3n (despu\u00e9s del cable)<\/td>\n<td width=\"126\">1310nm<\/td>\n<td width=\"89\">dB\/km<\/td>\n<td width=\"264\">\u00a30.36<\/td>\n<\/tr>\n<tr>\n<td width=\"126\">1550 nm<\/td>\n<td width=\"89\">dB\/km<\/td>\n<td width=\"264\">\u00a30.22<\/td>\n<\/tr>\n<tr>\n<td width=\"182\">Di\u00e1metro del cable<\/td>\n<td width=\"126\">\u00b15%<\/td>\n<td width=\"89\">mil\u00edmetros<\/td>\n<td width=\"264\">20.0<\/td>\n<\/tr>\n<tr>\n<td width=\"182\">Peso del cable<\/td>\n<td width=\"126\">\u00b110%<\/td>\n<td width=\"89\">kg\/km<\/td>\n<td width=\"264\">323<\/td>\n<\/tr>\n<\/tbody>\n<\/table>\n<p><strong><b>\u00a0<\/b><\/strong><\/p>\n<p><strong><b>Desempe\u00f1o mec\u00e1nico y ambiental<\/b><\/strong><\/p>\n<table>\n<tbody>\n<tr>\n<td width=\"221\"><strong>Art\u00edculo<\/strong><\/td>\n<td width=\"206\"><strong>Contenido<\/strong><\/td>\n<td width=\"236\"><strong>Valor<\/strong><\/td>\n<\/tr>\n<tr>\n<td rowspan=\"2\" width=\"221\">M\u00e1x. carga de tracci\u00f3n<\/td>\n<td width=\"206\">Corto plazo<\/td>\n<td width=\"236\">Deformaci\u00f3n de fibra 2000N\u22640.6%<\/td>\n<\/tr>\n<tr>\n<td width=\"206\">Largo plazo<\/td>\n<td width=\"236\">800N<\/td>\n<\/tr>\n<tr>\n<td rowspan=\"2\" width=\"221\">M\u00e1x. resistencia al aplastamiento<\/td>\n<td width=\"206\">Corto plazo<\/td>\n<td width=\"236\">3000N\/100mm<\/td>\n<\/tr>\n<tr>\n<td width=\"206\">Largo plazo<\/td>\n<td width=\"236\">1000N\/100mm<\/td>\n<\/tr>\n<tr>\n<td rowspan=\"2\" width=\"221\">M\u00edn. radio de curvatura<\/td>\n<td width=\"206\">Instalaci\u00f3n<\/td>\n<td width=\"236\">25 x di\u00e1metro del cable<\/td>\n<\/tr>\n<tr>\n<td width=\"206\">Operaci\u00f3n<\/td>\n<td width=\"236\">12,5 x di\u00e1metro del cable<\/td>\n<\/tr>\n<tr>\n<td rowspan=\"3\" width=\"221\">Rango de temperatura<\/td>\n<td width=\"206\">Operaci\u00f3n<\/td>\n<td width=\"236\">-40\u2103 ~ +70\u2103<\/td>\n<\/tr>\n<tr>\n<td width=\"206\">Instalaci\u00f3n<\/td>\n<td width=\"236\">-20\u2103 ~ +60\u2103<\/td>\n<\/tr>\n<tr>\n<td width=\"206\">Almacenamiento\/transporte<\/td>\n<td width=\"236\">-40\u2103 ~ +70\u2103<\/td>\n<\/tr>\n<\/tbody>\n<\/table>\n<p>&nbsp;<\/p>\n<p><strong><b>Par\u00e1metros t\u00e9cnicos de fibra \u00f3ptica. <\/b><\/strong><\/p>\n<table>\n<tbody>\n<tr>\n<td colspan=\"2\" width=\"254\"><strong>Estilo de fibra<\/strong><\/td>\n<td width=\"94\"><strong>Unidad<\/strong><\/td>\n<td width=\"94\"><strong>SM 9\/125<\/strong><\/td>\n<td width=\"103\"><strong>MM 50\/125<\/strong><\/td>\n<td width=\"122\"><strong>MM 62,5\/125<\/strong><\/td>\n<\/tr>\n<tr>\n<td colspan=\"2\" width=\"254\">Condici\u00f3n<\/td>\n<td width=\"94\">nm<\/td>\n<td width=\"94\">1310\/1550<\/td>\n<td width=\"103\">850\/1300<\/td>\n<td width=\"122\">850\/1300<\/td>\n<\/tr>\n<tr>\n<td colspan=\"2\" width=\"254\">Atenuaci\u00f3n<\/td>\n<td width=\"94\">dB\/km<\/td>\n<td width=\"94\">\u22640,34\/0,2<\/td>\n<td width=\"103\">\u22643,0\/1,0<\/td>\n<td width=\"122\">\u22643,0\/1,0<\/td>\n<\/tr>\n<tr>\n<td rowspan=\"2\" width=\"141\">Dispersi\u00f3n<\/td>\n<td width=\"113\">1310nm<\/td>\n<td width=\"94\">Ps\/(nm*km)<\/td>\n<td width=\"94\">\u226418<\/td>\n<td width=\"103\">\u2026..<\/td>\n<td width=\"122\">\u2026..<\/td>\n<\/tr>\n<tr>\n<td width=\"113\">1550 nm<\/td>\n<td width=\"94\">Ps\/(nm*km)<\/td>\n<td width=\"94\">\u226422<\/td>\n<td width=\"103\">\u2026..<\/td>\n<td width=\"122\">\u2026..<\/td>\n<\/tr>\n<tr>\n<td rowspan=\"2\" width=\"141\">Ancho de banda<\/td>\n<td width=\"113\">850 nm<\/td>\n<td width=\"94\">MEGAHERCIO. kil\u00f3metros<\/td>\n<td width=\"94\">\u2026..<\/td>\n<td width=\"103\">\u2267400<\/td>\n<td width=\"122\">\u2267160<\/td>\n<\/tr>\n<tr>\n<td width=\"113\">1300nm<\/td>\n<td width=\"94\">MEGAHERCIO. kil\u00f3metros<\/td>\n<td width=\"94\">\u2026..<\/td>\n<td width=\"103\">\u2267800<\/td>\n<td width=\"122\">\u2267500<\/td>\n<\/tr>\n<tr>\n<td colspan=\"2\" width=\"254\">Longitud de onda de dispersi\u00f3n cero<\/td>\n<td width=\"94\">nm<\/td>\n<td width=\"94\">\u22671302,<\/p>\n<p>\u22641322<\/td>\n<td width=\"103\">\u2026..<\/td>\n<td width=\"122\">\u2026..<\/td>\n<\/tr>\n<tr>\n<td colspan=\"2\" width=\"254\">Pendiente de dispersi\u00f3n cero<\/td>\n<td width=\"94\">nm<\/td>\n<td width=\"94\">\u22640,091<\/td>\n<td width=\"103\">\u2026..<\/td>\n<td width=\"122\">\u2026..<\/td>\n<\/tr>\n<tr>\n<td colspan=\"2\" width=\"254\">PMD M\u00e1ximo de Fibra Individual<\/td>\n<td width=\"94\">&nbsp;<\/td>\n<td width=\"94\">\u22640,2<\/td>\n<td width=\"103\">\u2026..<\/td>\n<td width=\"122\">\u2026..<\/td>\n<\/tr>\n<tr>\n<td colspan=\"2\" width=\"254\">Valor del enlace de dise\u00f1o PMD<\/td>\n<td width=\"94\">Sal(nm2*km)<\/td>\n<td width=\"94\">\u22640,08<\/td>\n<td width=\"103\">\u2026..<\/td>\n<td width=\"122\">\u2026..<\/td>\n<\/tr>\n<tr>\n<td colspan=\"2\" width=\"254\">Longitud de onda de corte de fibra \u03bbc<\/td>\n<td width=\"94\">nm<\/td>\n<td width=\"94\">\u22671180,<\/p>\n<p>\u22641330<\/td>\n<td width=\"103\">\u2026..<\/td>\n<td width=\"122\">\u2026..<\/td>\n<\/tr>\n<tr>\n<td colspan=\"2\" width=\"254\">Longitud de onda de corte del cable \u03bbcc<\/td>\n<td width=\"94\">nm<\/td>\n<td width=\"94\">\u22641260<\/td>\n<td width=\"103\">\u2026..<\/td>\n<td width=\"122\">\u2026..<\/td>\n<\/tr>\n<tr>\n<td rowspan=\"2\" width=\"141\">MFD<\/td>\n<td width=\"113\">1310nm<\/td>\n<td width=\"94\">em<\/td>\n<td width=\"94\">9,2\u00b10,4<\/td>\n<td width=\"103\">\u2026..<\/td>\n<td width=\"122\">\u2026..<\/td>\n<\/tr>\n<tr>\n<td width=\"113\">1550 nm<\/td>\n<td width=\"94\">em<\/td>\n<td width=\"94\">10,4\u00b10,8<\/td>\n<td width=\"103\">\u2026..<\/td>\n<td width=\"122\">\u2026..<\/td>\n<\/tr>\n<tr>\n<td colspan=\"2\" width=\"254\">Apertura num\u00e9rica (NA)<\/td>\n<td width=\"94\">&nbsp;<\/td>\n<td width=\"94\">\u2026\u2026<\/td>\n<td width=\"103\">0,200\u00b10,015<\/td>\n<td width=\"122\">0,275\u00b10,015<\/td>\n<\/tr>\n<tr>\n<td colspan=\"2\" width=\"254\">Paso(media de la medici\u00f3n bidireccional)<\/td>\n<td width=\"94\">dB<\/td>\n<td width=\"94\">\u22640,05<\/td>\n<td width=\"103\">\u22640,10<\/td>\n<td width=\"122\">\u22640,10<\/td>\n<\/tr>\n<tr>\n<td colspan=\"2\" width=\"254\">Irregularidades en la longitud de las fibras y discontinuidad de los puntos<\/td>\n<td width=\"94\">dB<\/td>\n<td width=\"94\">\u22640,05<\/td>\n<td width=\"103\">\u22640,10<\/td>\n<td width=\"122\">\u22640,10<\/td>\n<\/tr>\n<tr>\n<td colspan=\"2\" width=\"254\">Coeficiente de retrodispersi\u00f3n de diferencia<\/td>\n<td width=\"94\">dB\/km<\/td>\n<td width=\"94\">\u22640,03<\/td>\n<td width=\"103\">\u22640,08<\/td>\n<td width=\"122\">\u22640,10<\/td>\n<\/tr>\n<tr>\n<td colspan=\"2\" width=\"254\">Uniformidad de atenuaci\u00f3n<\/td>\n<td width=\"94\">dB\/km<\/td>\n<td width=\"94\">\u22640,01<\/td>\n<td width=\"103\">\u2026\u2026.<\/td>\n<td width=\"122\">\u2026\u2026.<\/td>\n<\/tr>\n<tr>\n<td colspan=\"2\" width=\"254\">Di\u00e1metro del n\u00facleo<\/td>\n<td width=\"94\">em<\/td>\n<td width=\"94\">\u2026\u2026<\/td>\n<td width=\"103\">50\u00b11,0<\/td>\n<td width=\"122\">62,5\u00b12,5<\/td>\n<\/tr>\n<tr>\n<td colspan=\"2\" width=\"254\">Di\u00e1metro del revestimiento<\/td>\n<td width=\"94\">em<\/td>\n<td width=\"94\">125,0\u00b10,1<\/td>\n<td width=\"103\">125,0\u00b10,1<\/td>\n<td width=\"122\">125,0\u00b10,1<\/td>\n<\/tr>\n<tr>\n<td colspan=\"2\" width=\"254\">Falta de circularidad del revestimiento<\/td>\n<td width=\"94\">%<\/td>\n<td width=\"94\">\u22641,0<\/td>\n<td width=\"103\">\u22641,0<\/td>\n<td width=\"122\">\u22641,0<\/td>\n<\/tr>\n<tr>\n<td colspan=\"2\" width=\"254\">Di\u00e1metro del revestimiento<\/td>\n<td width=\"94\">em<\/td>\n<td width=\"94\">242\u00b17<\/td>\n<td width=\"103\">242\u00b17<\/td>\n<td width=\"122\">242\u00b17<\/td>\n<\/tr>\n<tr>\n<td colspan=\"2\" width=\"254\">Error de recubrimiento\/pinz\u00f3n conc\u00e9ntrico<\/td>\n<td width=\"94\">em<\/td>\n<td width=\"94\">\u226412,0<\/td>\n<td width=\"103\">\u226412,0<\/td>\n<td width=\"122\">\u226412,0<\/td>\n<\/tr>\n<tr>\n<td colspan=\"2\" width=\"254\">No circularidad del revestimiento<\/td>\n<td width=\"94\">%<\/td>\n<td width=\"94\">\u22646.0<\/td>\n<td width=\"103\">\u22646.0<\/td>\n<td width=\"122\">\u22646.0<\/td>\n<\/tr>\n<tr>\n<td colspan=\"2\" width=\"254\">Error de concentricidad del n\u00facleo\/revestimiento<\/td>\n<td width=\"94\">em<\/td>\n<td width=\"94\">\u22640,6<\/td>\n<td width=\"103\">\u22641,5<\/td>\n<td width=\"122\">\u22641,5<\/td>\n<\/tr>\n<tr>\n<td colspan=\"2\" width=\"254\">Curl(radio)<\/td>\n<td width=\"94\">em<\/td>\n<td width=\"94\">\u22644<\/td>\n<td width=\"103\">\u2026..<\/td>\n<td width=\"122\">\u2026..<\/td>\n<\/tr>\n<\/tbody>\n<\/table>","protected":false},"excerpt":{"rendered":"<p>En el cable blindado de doble funda y tubo suelto trenzado 144F de OMC \u2013 GYFHTY53, se ubica una capa protectora de FRP y PE (siempre que sea necesario) en el centro del n\u00facleo como miembro met\u00e1lico de resistencia. La fibra monomodo\/multimodo se coloca en el tubo holgado, que est\u00e1 hecho de materiales PBT y lleno de compuesto de relleno. Luego, el PBT se cubre con una fina funda interior de polietileno (PE). Luego un Agua [\u2026]<\/p>","protected":false},"featured_media":11198,"comment_status":"closed","ping_status":"closed","template":"","meta":{"site-sidebar-layout":"default","site-content-layout":"","ast-site-content-layout":"default","site-content-style":"default","site-sidebar-style":"default","ast-global-header-display":"","ast-banner-title-visibility":"","ast-main-header-display":"","ast-hfb-above-header-display":"","ast-hfb-below-header-display":"","ast-hfb-mobile-header-display":"","site-post-title":"","ast-breadcrumbs-content":"","ast-featured-img":"","footer-sml-layout":"","theme-transparent-header-meta":"default","adv-header-id-meta":"","stick-header-meta":"default","header-above-stick-meta":"","header-main-stick-meta":"","header-below-stick-meta":"","astra-migrate-meta-layouts":"set","ast-page-background-enabled":"default","ast-page-background-meta":{"desktop":{"background-color":"var(--ast-global-color-4)","background-image":"","background-repeat":"repeat","background-position":"center center","background-size":"auto","background-attachment":"scroll","background-type":"","background-media":"","overlay-type":"","overlay-color":"","overlay-gradient":""},"tablet":{"background-color":"","background-image":"","background-repeat":"repeat","background-position":"center center","background-size":"auto","background-attachment":"scroll","background-type":"","background-media":"","overlay-type":"","overlay-color":"","overlay-gradient":""},"mobile":{"background-color":"","background-image":"","background-repeat":"repeat","background-position":"center center","background-size":"auto","background-attachment":"scroll","background-type":"","background-media":"","overlay-type":"","overlay-color":"","overlay-gradient":""}},"ast-content-background-meta":{"desktop":{"background-color":"var(--ast-global-color-5)","background-image":"","background-repeat":"repeat","background-position":"center center","background-size":"auto","background-attachment":"scroll","background-type":"","background-media":"","overlay-type":"","overlay-color":"","overlay-gradient":""},"tablet":{"background-color":"var(--ast-global-color-5)","background-image":"","background-repeat":"repeat","background-position":"center center","background-size":"auto","background-attachment":"scroll","background-type":"","background-media":"","overlay-type":"","overlay-color":"","overlay-gradient":""},"mobile":{"background-color":"var(--ast-global-color-5)","background-image":"","background-repeat":"repeat","background-position":"center center","background-size":"auto","background-attachment":"scroll","background-type":"","background-media":"","overlay-type":"","overlay-color":"","overlay-gradient":""}}},"product_cat":[139,124],"product_tag":[],"class_list":{"0":"post-11196","1":"product","2":"type-product","3":"status-publish","4":"has-post-thumbnail","6":"product_cat-armored-outdoor-cable","7":"product_cat-outdoor-cable","8":"desktop-align-left","9":"tablet-align-left","10":"mobile-align-left","11":"ast-product-gallery-layout-horizontal-slider","12":"ast-product-tabs-layout-horizontal","14":"first","15":"instock","16":"shipping-taxable","17":"product-type-simple"},"acf":[],"_links":{"self":[{"href":"https:\/\/www.omccable.com\/es\/wp-json\/wp\/v2\/product\/11196","targetHints":{"allow":["GET"]}}],"collection":[{"href":"https:\/\/www.omccable.com\/es\/wp-json\/wp\/v2\/product"}],"about":[{"href":"https:\/\/www.omccable.com\/es\/wp-json\/wp\/v2\/types\/product"}],"replies":[{"embeddable":true,"href":"https:\/\/www.omccable.com\/es\/wp-json\/wp\/v2\/comments?post=11196"}],"version-history":[{"count":1,"href":"https:\/\/www.omccable.com\/es\/wp-json\/wp\/v2\/product\/11196\/revisions"}],"predecessor-version":[{"id":11199,"href":"https:\/\/www.omccable.com\/es\/wp-json\/wp\/v2\/product\/11196\/revisions\/11199"}],"wp:featuredmedia":[{"embeddable":true,"href":"https:\/\/www.omccable.com\/es\/wp-json\/wp\/v2\/media\/11198"}],"wp:attachment":[{"href":"https:\/\/www.omccable.com\/es\/wp-json\/wp\/v2\/media?parent=11196"}],"wp:term":[{"taxonomy":"product_cat","embeddable":true,"href":"https:\/\/www.omccable.com\/es\/wp-json\/wp\/v2\/product_cat?post=11196"},{"taxonomy":"product_tag","embeddable":true,"href":"https:\/\/www.omccable.com\/es\/wp-json\/wp\/v2\/product_tag?post=11196"}],"curies":[{"name":"wp","href":"https:\/\/api.w.org\/{rel}","templated":true}]}}