{"id":11157,"date":"2024-07-01T16:35:52","date_gmt":"2024-07-01T08:35:52","guid":{"rendered":"https:\/\/www.omccable.com\/?post_type=product&#038;p=11157"},"modified":"2024-07-01T16:35:52","modified_gmt":"2024-07-01T08:35:52","slug":"2-144f-stranded-loose-tube-armored-cable-gyta-pe","status":"publish","type":"product","link":"https:\/\/www.omccable.com\/es\/producto\/2-144f-stranded-loose-tube-armored-cable-gyta-pe\/","title":{"rendered":"Cable blindado de tubo suelto trenzado 2-144F (GYTA) PE"},"content":{"rendered":"<p>En la OMC <strong><b>Cable blindado de tubo suelto trenzado 2-144F (GYTA) PE<\/b><\/strong>\u00a0El cable, el alambre de acero fosfatado y la capa protectora de PE (siempre que sea necesario) se encuentran en el centro del n\u00facleo como un miembro met\u00e1lico de resistencia. La fibra monomodo\/multimodo se coloca en el tubo holgado, que est\u00e1 hecho de materiales PBT y lleno de compuesto de relleno. <strong><b>Tubos PBT (y rellenos) <\/b><\/strong>est\u00e1n trenzados alrededor del elemento de refuerzo central formando un n\u00facleo de cable compacto y circular. El <strong><b>APL<\/b><\/strong>\u00a0se aplica longitudinalmente sobre el n\u00facleo del cable, que se rellena con el compuesto de relleno para protegerlo de la entrada de agua. El cable se completa con una funda de PE.<\/p>\n<p>&nbsp;<\/p>\n<p><strong><b>Color est\u00e1ndar de fibra y tubo<\/b><\/strong><\/p>\n<p>El c\u00f3digo de color de las fibras individuales deber\u00e1 estar de acuerdo con la tabla siguiente<\/p>\n<table>\n<tbody>\n<tr>\n<td width=\"124\"><strong>No.<\/strong><\/td>\n<td width=\"94\">1<\/td>\n<td width=\"94\">2<\/td>\n<td width=\"85\">3<\/td>\n<td width=\"94\">4<\/td>\n<td width=\"94\">5<\/td>\n<td width=\"103\">6<\/td>\n<\/tr>\n<tr>\n<td width=\"124\"><strong>Color<\/strong><\/td>\n<td width=\"94\">Azul<\/td>\n<td width=\"94\">Naranja<\/td>\n<td width=\"85\">Verde<\/td>\n<td width=\"94\">Marr\u00f3n<\/td>\n<td width=\"94\">Gris<\/td>\n<td width=\"103\">Blanco<\/td>\n<\/tr>\n<tr>\n<td width=\"124\"><strong>No.<\/strong><\/td>\n<td width=\"94\">7<\/td>\n<td width=\"94\">8<\/td>\n<td width=\"85\">9<\/td>\n<td width=\"94\">10<\/td>\n<td width=\"94\">11<\/td>\n<td width=\"103\">12<\/td>\n<\/tr>\n<tr>\n<td width=\"124\"><strong>Color<\/strong><\/td>\n<td width=\"94\">Rojo<\/td>\n<td width=\"94\">Negro<\/td>\n<td width=\"85\">Amarillo<\/td>\n<td width=\"94\">Violeta<\/td>\n<td width=\"94\">Rosa<\/td>\n<td width=\"103\">Agua<\/td>\n<\/tr>\n<\/tbody>\n<\/table>\n<p>C\u00f3digo de color del tubo para 12~144 fibras:<\/p>\n<table>\n<tbody>\n<tr>\n<td width=\"124\"><strong>No.<\/strong><\/td>\n<td width=\"94\">1<\/td>\n<td width=\"94\">2<\/td>\n<td width=\"85\">3<\/td>\n<td width=\"94\">4<\/td>\n<td width=\"94\">5<\/td>\n<td width=\"103\">6<\/td>\n<\/tr>\n<tr>\n<td width=\"124\"><strong>Color<\/strong><\/td>\n<td width=\"94\">Azul<\/td>\n<td width=\"94\">Naranja<\/td>\n<td width=\"85\">Verde<\/td>\n<td width=\"94\">Marr\u00f3n<\/td>\n<td width=\"94\">Gris<\/td>\n<td width=\"103\">Blanco<\/td>\n<\/tr>\n<tr>\n<td width=\"124\"><strong>No.<\/strong><\/td>\n<td width=\"94\">7<\/td>\n<td width=\"94\">8<\/td>\n<td width=\"85\">9<\/td>\n<td width=\"94\">10<\/td>\n<td width=\"94\">11<\/td>\n<td width=\"103\">12<\/td>\n<\/tr>\n<tr>\n<td width=\"124\"><strong>Color<\/strong><\/td>\n<td width=\"94\">Rojo<\/td>\n<td width=\"94\">Negro<\/td>\n<td width=\"85\">Amarillo<\/td>\n<td width=\"94\">Violeta<\/td>\n<td width=\"94\">Rosa<\/td>\n<td width=\"103\">Agua<\/td>\n<\/tr>\n<\/tbody>\n<\/table>\n<p>Nota: # significa una sola franja negra; * significa una sola franja blanca.<\/p>\n<p>&nbsp;<\/p>\n<p><strong><b>Cable<\/b><\/strong><strong><b>\u00a0Par\u00e1metro de estructura<\/b><\/strong><\/p>\n<table>\n<tbody>\n<tr>\n<td width=\"162\"><strong>Art\u00edculo<\/strong><\/td>\n<td width=\"113\"><strong>Contenido<\/strong><\/td>\n<td width=\"56\"><strong>Unidad<\/strong><\/td>\n<td colspan=\"6\" width=\"359\"><strong>Valor<\/strong><\/td>\n<\/tr>\n<tr>\n<td width=\"162\">Recuento de fibras<\/td>\n<td width=\"113\">N\u00famero<\/td>\n<td width=\"56\">\/<\/td>\n<td width=\"56\">2~8<\/td>\n<td width=\"47\">12~24<\/td>\n<td width=\"56\">48<\/td>\n<td width=\"56\">72<\/td>\n<td width=\"66\">96<\/td>\n<td width=\"75\">144<\/td>\n<\/tr>\n<tr>\n<td width=\"162\">Tipo de fibra<\/td>\n<td width=\"113\">\/<\/td>\n<td width=\"56\">\/<\/td>\n<td colspan=\"6\" width=\"359\">G652D<\/td>\n<\/tr>\n<tr>\n<td width=\"162\">Estructura de cables<\/td>\n<td width=\"113\">\/<\/td>\n<td width=\"56\">\/<\/td>\n<td colspan=\"2\" width=\"104\">\u00a0\u00a0\u00a0\u00a0\u00a0\u00a01+5<\/td>\n<td width=\"56\">1+5<\/td>\n<td width=\"56\">1+6<\/td>\n<td width=\"66\">1+8<\/td>\n<td width=\"75\">1+12<\/td>\n<\/tr>\n<tr>\n<td width=\"162\">Fibras por tubo<\/td>\n<td width=\"113\">Contar<\/td>\n<td width=\"56\">\/<\/td>\n<td colspan=\"2\" width=\"104\">6<\/td>\n<td width=\"56\">12<\/td>\n<td width=\"56\">12<\/td>\n<td width=\"66\">12<\/td>\n<td width=\"75\">12<\/td>\n<\/tr>\n<tr>\n<td rowspan=\"2\" width=\"162\">Tubo suelto<\/td>\n<td width=\"113\">Materiales<\/td>\n<td width=\"56\">\/<\/td>\n<td colspan=\"6\" width=\"359\">PBT<\/td>\n<\/tr>\n<tr>\n<td width=\"113\">Di\u00e1metro nominal<\/td>\n<td width=\"56\">mil\u00edmetros<\/td>\n<td colspan=\"2\" width=\"104\">1.8<\/td>\n<td width=\"56\">2.5<\/td>\n<td width=\"56\">2.5<\/td>\n<td width=\"66\">2.5<\/td>\n<td width=\"75\">2.5<\/td>\n<\/tr>\n<tr>\n<td rowspan=\"3\" width=\"162\">Miembro de fuerza central<\/td>\n<td width=\"113\">Materiales<\/td>\n<td width=\"56\">\/<\/td>\n<td colspan=\"6\" width=\"359\">Alambre de acero fosfatado y capa de coj\u00edn de PE (siempre que sea necesario)<\/td>\n<\/tr>\n<tr>\n<td width=\"113\">Di\u00e1metro nominal<\/td>\n<td width=\"56\">mil\u00edmetros<\/td>\n<td colspan=\"2\" width=\"104\">1.3<\/td>\n<td width=\"56\">1.5<\/td>\n<td width=\"56\">1.5<\/td>\n<td width=\"66\">1.5<\/td>\n<td width=\"75\">1.8<\/td>\n<\/tr>\n<tr>\n<td width=\"113\">Capa de coj\u00edn de PE<\/td>\n<td width=\"56\">mil\u00edmetros<\/td>\n<td colspan=\"2\" width=\"104\">\u2013<\/td>\n<td width=\"56\">\u2013<\/td>\n<td width=\"56\">2,6\u00b10,2<\/td>\n<td width=\"66\">4,1\u00b10,2<\/td>\n<td width=\"75\">7,3\u00b10,2<\/td>\n<\/tr>\n<tr>\n<td width=\"162\">Miembro de fuerza perif\u00e9rico<\/td>\n<td colspan=\"2\" width=\"170\">Materiales<\/td>\n<td colspan=\"6\" width=\"359\">Cinta de aluminio<\/td>\n<\/tr>\n<tr>\n<td rowspan=\"3\" width=\"162\">Funda exterior<\/td>\n<td colspan=\"2\" width=\"170\">Materiales<\/td>\n<td colspan=\"6\" width=\"359\">educaci\u00f3n f\u00edsica<\/td>\n<\/tr>\n<tr>\n<td colspan=\"2\" width=\"170\">Color<\/td>\n<td colspan=\"6\" width=\"359\">Negro<\/td>\n<\/tr>\n<tr>\n<td width=\"113\">espesor<\/td>\n<td width=\"56\">mil\u00edmetros<\/td>\n<td colspan=\"6\" width=\"359\">Nominal: 2,0<\/td>\n<\/tr>\n<tr>\n<td rowspan=\"2\" width=\"162\">Atenuaci\u00f3n (despu\u00e9s del cable)<\/td>\n<td width=\"113\">1310nm<\/td>\n<td width=\"56\">dB\/km<\/td>\n<td colspan=\"6\" width=\"359\">\u00a30.36<\/td>\n<\/tr>\n<tr>\n<td width=\"113\">1550 nm<\/td>\n<td width=\"56\">dB\/km<\/td>\n<td colspan=\"6\" width=\"359\">\u00a30.22<\/td>\n<\/tr>\n<tr>\n<td width=\"162\">Di\u00e1metro del cable<\/td>\n<td width=\"113\">\u00b15%<\/td>\n<td width=\"56\">mil\u00edmetros<\/td>\n<td width=\"56\">9.0<\/td>\n<td width=\"47\">9.3<\/td>\n<td width=\"56\">11.0<\/td>\n<td width=\"56\">12.2<\/td>\n<td width=\"66\">13.7<\/td>\n<td width=\"75\">17.0<\/td>\n<\/tr>\n<tr>\n<td width=\"162\">Peso del cable<\/td>\n<td width=\"113\">\u00b110%<\/td>\n<td width=\"56\">kg\/km<\/td>\n<td width=\"56\">72<\/td>\n<td width=\"47\">75<\/td>\n<td width=\"56\">103<\/td>\n<td width=\"56\">125<\/td>\n<td width=\"66\">161<\/td>\n<td width=\"75\">245<\/td>\n<\/tr>\n<\/tbody>\n<\/table>\n<p><strong><b>\u00a0<\/b><\/strong><\/p>\n<p><strong><b>Desempe\u00f1o mec\u00e1nico y ambiental<\/b><\/strong><\/p>\n<table>\n<tbody>\n<tr>\n<td width=\"221\"><strong>Art\u00edculo<\/strong><\/td>\n<td width=\"243\"><strong>Contenido<\/strong><\/td>\n<td width=\"226\"><strong>Valor<\/strong><\/td>\n<\/tr>\n<tr>\n<td rowspan=\"2\" width=\"221\">M\u00e1x. carga de tracci\u00f3n<\/td>\n<td width=\"243\">Corto plazo<\/td>\n<td width=\"226\">1500 N(Deformaci\u00f3n de fibra\u22640,6%)<\/td>\n<\/tr>\n<tr>\n<td width=\"243\">Largo plazo<\/td>\n<td width=\"226\">600 norte<\/td>\n<\/tr>\n<tr>\n<td rowspan=\"2\" width=\"221\">M\u00e1x. resistencia al aplastamiento<\/td>\n<td width=\"243\">Corto plazo<\/td>\n<td width=\"226\">1000 N\/100 mm<\/td>\n<\/tr>\n<tr>\n<td width=\"243\">Largo plazo<\/td>\n<td width=\"226\">300N<\/td>\n<\/tr>\n<tr>\n<td rowspan=\"2\" width=\"221\">M\u00edn. radio de curvatura<\/td>\n<td width=\"243\">Instalaci\u00f3n<\/td>\n<td width=\"226\">20 x di\u00e1metro del cable<\/td>\n<\/tr>\n<tr>\n<td width=\"243\">Operaci\u00f3n<\/td>\n<td width=\"226\">10 x di\u00e1metro del cable<\/td>\n<\/tr>\n<tr>\n<td rowspan=\"3\" width=\"221\">Rango de temperatura<\/td>\n<td width=\"243\">Operaci\u00f3n<\/td>\n<td width=\"226\">-40\u2103 ~ +70\u2103<\/td>\n<\/tr>\n<tr>\n<td width=\"243\">Instalaci\u00f3n<\/td>\n<td width=\"226\">-20\u2103 ~ +60\u2103<\/td>\n<\/tr>\n<tr>\n<td width=\"243\">Almacenamiento\/transporte<\/td>\n<td width=\"226\">-40\u2103 ~ +70\u2103<\/td>\n<\/tr>\n<\/tbody>\n<\/table>\n<p>&nbsp;<\/p>\n<p><strong><b>Par\u00e1metros t\u00e9cnicos de fibra \u00f3ptica-SMF<\/b><\/strong><\/p>\n<table>\n<tbody>\n<tr>\n<td colspan=\"2\" width=\"264\"><strong>Estilo de fibra<\/strong><\/td>\n<td width=\"104\"><strong>Unidad<\/strong><\/td>\n<td width=\"103\"><strong>SM 9\/125<\/strong><\/td>\n<td width=\"103\"><strong>MM 50\/125<\/strong><\/td>\n<td width=\"113\"><strong>MM 62,5\/125<\/strong><\/td>\n<\/tr>\n<tr>\n<td colspan=\"2\" width=\"264\">Condici\u00f3n<\/td>\n<td width=\"104\">nm<\/td>\n<td width=\"103\">1310\/1550<\/td>\n<td width=\"103\">850\/1300<\/td>\n<td width=\"113\">850\/1300<\/td>\n<\/tr>\n<tr>\n<td colspan=\"2\" width=\"264\">Atenuaci\u00f3n<\/td>\n<td width=\"104\">dB\/km<\/td>\n<td width=\"103\">\u22640,34\/0,2<\/td>\n<td width=\"103\">\u22643,0\/1,0<\/td>\n<td width=\"113\">\u22643,0\/1,0<\/td>\n<\/tr>\n<tr>\n<td rowspan=\"2\" width=\"141\">Dispersi\u00f3n<\/td>\n<td width=\"122\">1310nm<\/td>\n<td width=\"104\">Ps\/(nm*km)<\/td>\n<td width=\"103\">\u226418<\/td>\n<td width=\"103\">\u2026..<\/td>\n<td width=\"113\">\u2026..<\/td>\n<\/tr>\n<tr>\n<td width=\"122\">1550 nm<\/td>\n<td width=\"104\">Ps\/(nm*km)<\/td>\n<td width=\"103\">\u226422<\/td>\n<td width=\"103\">\u2026..<\/td>\n<td width=\"113\">\u2026..<\/td>\n<\/tr>\n<tr>\n<td rowspan=\"2\" width=\"141\">Ancho de banda<\/td>\n<td width=\"122\">850 nm<\/td>\n<td width=\"104\">MEGAHERCIO. kil\u00f3metros<\/td>\n<td width=\"103\">\u2026..<\/td>\n<td width=\"103\">\u2267400<\/td>\n<td width=\"113\">\u2267160<\/td>\n<\/tr>\n<tr>\n<td width=\"122\">1300nm<\/td>\n<td width=\"104\">MEGAHERCIO. kil\u00f3metros<\/td>\n<td width=\"103\">\u2026..<\/td>\n<td width=\"103\">\u2267800<\/td>\n<td width=\"113\">\u2267500<\/td>\n<\/tr>\n<tr>\n<td colspan=\"2\" width=\"264\">Longitud de onda de dispersi\u00f3n cero<\/td>\n<td width=\"104\">nm<\/td>\n<td width=\"103\">\u22671302,<\/p>\n<p>\u22641322<\/td>\n<td width=\"103\">\u2026..<\/td>\n<td width=\"113\">\u2026..<\/td>\n<\/tr>\n<tr>\n<td colspan=\"2\" width=\"264\">Pendiente de dispersi\u00f3n cero<\/td>\n<td width=\"104\">nm<\/td>\n<td width=\"103\">\u22640,091<\/td>\n<td width=\"103\">\u2026..<\/td>\n<td width=\"113\">\u2026..<\/td>\n<\/tr>\n<tr>\n<td colspan=\"2\" width=\"264\">PMD M\u00e1ximo de Fibra Individual<\/td>\n<td width=\"104\">&nbsp;<\/td>\n<td width=\"103\">\u22640,2<\/td>\n<td width=\"103\">\u2026..<\/td>\n<td width=\"113\">\u2026..<\/td>\n<\/tr>\n<tr>\n<td colspan=\"2\" width=\"264\">Valor del enlace de dise\u00f1o PMD<\/td>\n<td width=\"104\">Sal(nm2*km)<\/td>\n<td width=\"103\">\u22640,08<\/td>\n<td width=\"103\">\u2026..<\/td>\n<td width=\"113\">\u2026..<\/td>\n<\/tr>\n<tr>\n<td colspan=\"2\" width=\"264\">Longitud de onda de corte de fibra \u03bbc<\/td>\n<td width=\"104\">nm<\/td>\n<td width=\"103\">\u22671180,<\/p>\n<p>\u22641330<\/td>\n<td width=\"103\">\u2026..<\/td>\n<td width=\"113\">\u2026..<\/td>\n<\/tr>\n<tr>\n<td colspan=\"2\" width=\"264\">Longitud de onda de corte del cable \u03bbcc<\/td>\n<td width=\"104\">nm<\/td>\n<td width=\"103\">\u22641260<\/td>\n<td width=\"103\">\u2026..<\/td>\n<td width=\"113\">\u2026..<\/td>\n<\/tr>\n<tr>\n<td rowspan=\"2\" width=\"141\">MFD<\/td>\n<td width=\"122\">1310nm<\/td>\n<td width=\"104\">em<\/td>\n<td width=\"103\">9,2\u00b10,4<\/td>\n<td width=\"103\">\u2026..<\/td>\n<td width=\"113\">\u2026..<\/td>\n<\/tr>\n<tr>\n<td width=\"122\">1550 nm<\/td>\n<td width=\"104\">em<\/td>\n<td width=\"103\">10,4\u00b10,8<\/td>\n<td width=\"103\">\u2026..<\/td>\n<td width=\"113\">\u2026..<\/td>\n<\/tr>\n<tr>\n<td colspan=\"2\" width=\"264\">Apertura num\u00e9rica (NA)<\/td>\n<td width=\"104\">&nbsp;<\/td>\n<td width=\"103\">\u2026\u2026<\/td>\n<td width=\"103\">0,200\u00b10,015<\/td>\n<td width=\"113\">0,275\u00b10,015<\/td>\n<\/tr>\n<tr>\n<td colspan=\"2\" width=\"264\">Paso(media de la medici\u00f3n bidireccional)<\/td>\n<td width=\"104\">dB<\/td>\n<td width=\"103\">\u22640,05<\/td>\n<td width=\"103\">\u22640,10<\/td>\n<td width=\"113\">\u22640,10<\/td>\n<\/tr>\n<tr>\n<td colspan=\"2\" width=\"264\">Irregularidades en la longitud de las fibras y discontinuidad de los puntos<\/td>\n<td width=\"104\">dB<\/td>\n<td width=\"103\">\u22640,05<\/td>\n<td width=\"103\">\u22640,10<\/td>\n<td width=\"113\">\u22640,10<\/td>\n<\/tr>\n<tr>\n<td colspan=\"2\" width=\"264\">Coeficiente de retrodispersi\u00f3n de diferencia<\/td>\n<td width=\"104\">dB\/km<\/td>\n<td width=\"103\">\u22640,03<\/td>\n<td width=\"103\">\u22640,08<\/td>\n<td width=\"113\">\u22640,10<\/td>\n<\/tr>\n<tr>\n<td colspan=\"2\" width=\"264\">Uniformidad de atenuaci\u00f3n<\/td>\n<td width=\"104\">dB\/km<\/td>\n<td width=\"103\">\u22640,01<\/td>\n<td width=\"103\">\u2026\u2026.<\/td>\n<td width=\"113\">\u2026\u2026.<\/td>\n<\/tr>\n<tr>\n<td colspan=\"2\" width=\"264\">Di\u00e1metro del n\u00facleo<\/td>\n<td width=\"104\">em<\/td>\n<td width=\"103\">\u2026\u2026<\/td>\n<td width=\"103\">50\u00b11,0<\/td>\n<td width=\"113\">62,5\u00b12,5<\/td>\n<\/tr>\n<tr>\n<td colspan=\"2\" width=\"264\">Di\u00e1metro del revestimiento<\/td>\n<td width=\"104\">em<\/td>\n<td width=\"103\">125,0\u00b10,1<\/td>\n<td width=\"103\">125,0\u00b10,1<\/td>\n<td width=\"113\">125,0\u00b10,1<\/td>\n<\/tr>\n<tr>\n<td colspan=\"2\" width=\"264\">Falta de circularidad del revestimiento<\/td>\n<td width=\"104\">%<\/td>\n<td width=\"103\">\u22641,0<\/td>\n<td width=\"103\">\u22641,0<\/td>\n<td width=\"113\">\u22641,0<\/td>\n<\/tr>\n<tr>\n<td colspan=\"2\" width=\"264\">Di\u00e1metro del revestimiento<\/td>\n<td width=\"104\">em<\/td>\n<td width=\"103\">242\u00b17<\/td>\n<td width=\"103\">242\u00b17<\/td>\n<td width=\"113\">242\u00b17<\/td>\n<\/tr>\n<tr>\n<td colspan=\"2\" width=\"264\">Error de recubrimiento\/pinz\u00f3n conc\u00e9ntrico<\/td>\n<td width=\"104\">em<\/td>\n<td width=\"103\">\u226412,0<\/td>\n<td width=\"103\">\u226412,0<\/td>\n<td width=\"113\">\u226412,0<\/td>\n<\/tr>\n<tr>\n<td colspan=\"2\" width=\"264\">No circularidad del revestimiento<\/td>\n<td width=\"104\">%<\/td>\n<td width=\"103\">\u22646.0<\/td>\n<td width=\"103\">\u22646.0<\/td>\n<td width=\"113\">\u22646.0<\/td>\n<\/tr>\n<tr>\n<td colspan=\"2\" width=\"264\">Error de concentricidad del n\u00facleo\/revestimiento<\/td>\n<td width=\"104\">em<\/td>\n<td width=\"103\">\u22640,6<\/td>\n<td width=\"103\">\u22641,5<\/td>\n<td width=\"113\">\u22641,5<\/td>\n<\/tr>\n<tr>\n<td colspan=\"2\" width=\"264\">Curl(radio)<\/td>\n<td width=\"104\">em<\/td>\n<td width=\"103\">\u22644<\/td>\n<td width=\"103\">\u2026..<\/td>\n<td width=\"113\">\u2026..<\/td>\n<\/tr>\n<\/tbody>\n<\/table>","protected":false},"excerpt":{"rendered":"<p>En el cable de PE trenzado de tubo suelto (GYTA) 2-144F de OMC, el alambre de acero fosfatado y la capa de protecci\u00f3n de PE (siempre que sea necesario) se ubican en el centro del n\u00facleo como un miembro met\u00e1lico de resistencia. La fibra monomodo\/multimodo se coloca en el tubo holgado, que est\u00e1 hecho de materiales PBT y lleno de compuesto de relleno. Los tubos de PBT (y rellenos) est\u00e1n trenzados alrededor del miembro de resistencia central en un compacto y [\u2026]<\/p>","protected":false},"featured_media":11159,"comment_status":"closed","ping_status":"closed","template":"","meta":{"site-sidebar-layout":"default","site-content-layout":"","ast-site-content-layout":"default","site-content-style":"default","site-sidebar-style":"default","ast-global-header-display":"","ast-banner-title-visibility":"","ast-main-header-display":"","ast-hfb-above-header-display":"","ast-hfb-below-header-display":"","ast-hfb-mobile-header-display":"","site-post-title":"","ast-breadcrumbs-content":"","ast-featured-img":"","footer-sml-layout":"","theme-transparent-header-meta":"default","adv-header-id-meta":"","stick-header-meta":"default","header-above-stick-meta":"","header-main-stick-meta":"","header-below-stick-meta":"","astra-migrate-meta-layouts":"set","ast-page-background-enabled":"default","ast-page-background-meta":{"desktop":{"background-color":"var(--ast-global-color-4)","background-image":"","background-repeat":"repeat","background-position":"center center","background-size":"auto","background-attachment":"scroll","background-type":"","background-media":"","overlay-type":"","overlay-color":"","overlay-gradient":""},"tablet":{"background-color":"","background-image":"","background-repeat":"repeat","background-position":"center center","background-size":"auto","background-attachment":"scroll","background-type":"","background-media":"","overlay-type":"","overlay-color":"","overlay-gradient":""},"mobile":{"background-color":"","background-image":"","background-repeat":"repeat","background-position":"center center","background-size":"auto","background-attachment":"scroll","background-type":"","background-media":"","overlay-type":"","overlay-color":"","overlay-gradient":""}},"ast-content-background-meta":{"desktop":{"background-color":"var(--ast-global-color-5)","background-image":"","background-repeat":"repeat","background-position":"center center","background-size":"auto","background-attachment":"scroll","background-type":"","background-media":"","overlay-type":"","overlay-color":"","overlay-gradient":""},"tablet":{"background-color":"var(--ast-global-color-5)","background-image":"","background-repeat":"repeat","background-position":"center center","background-size":"auto","background-attachment":"scroll","background-type":"","background-media":"","overlay-type":"","overlay-color":"","overlay-gradient":""},"mobile":{"background-color":"var(--ast-global-color-5)","background-image":"","background-repeat":"repeat","background-position":"center center","background-size":"auto","background-attachment":"scroll","background-type":"","background-media":"","overlay-type":"","overlay-color":"","overlay-gradient":""}}},"product_cat":[139,124],"product_tag":[],"class_list":{"0":"post-11157","1":"product","2":"type-product","3":"status-publish","4":"has-post-thumbnail","6":"product_cat-armored-outdoor-cable","7":"product_cat-outdoor-cable","8":"desktop-align-left","9":"tablet-align-left","10":"mobile-align-left","11":"ast-product-gallery-layout-horizontal-slider","12":"ast-product-tabs-layout-horizontal","14":"first","15":"instock","16":"shipping-taxable","17":"product-type-simple"},"acf":[],"_links":{"self":[{"href":"https:\/\/www.omccable.com\/es\/wp-json\/wp\/v2\/product\/11157","targetHints":{"allow":["GET"]}}],"collection":[{"href":"https:\/\/www.omccable.com\/es\/wp-json\/wp\/v2\/product"}],"about":[{"href":"https:\/\/www.omccable.com\/es\/wp-json\/wp\/v2\/types\/product"}],"replies":[{"embeddable":true,"href":"https:\/\/www.omccable.com\/es\/wp-json\/wp\/v2\/comments?post=11157"}],"version-history":[{"count":1,"href":"https:\/\/www.omccable.com\/es\/wp-json\/wp\/v2\/product\/11157\/revisions"}],"predecessor-version":[{"id":11161,"href":"https:\/\/www.omccable.com\/es\/wp-json\/wp\/v2\/product\/11157\/revisions\/11161"}],"wp:featuredmedia":[{"embeddable":true,"href":"https:\/\/www.omccable.com\/es\/wp-json\/wp\/v2\/media\/11159"}],"wp:attachment":[{"href":"https:\/\/www.omccable.com\/es\/wp-json\/wp\/v2\/media?parent=11157"}],"wp:term":[{"taxonomy":"product_cat","embeddable":true,"href":"https:\/\/www.omccable.com\/es\/wp-json\/wp\/v2\/product_cat?post=11157"},{"taxonomy":"product_tag","embeddable":true,"href":"https:\/\/www.omccable.com\/es\/wp-json\/wp\/v2\/product_tag?post=11157"}],"curies":[{"name":"wp","href":"https:\/\/api.w.org\/{rel}","templated":true}]}}