{"id":11149,"date":"2024-07-01T16:28:19","date_gmt":"2024-07-01T08:28:19","guid":{"rendered":"https:\/\/www.omccable.com\/?post_type=product&#038;p=11149"},"modified":"2024-07-01T16:28:20","modified_gmt":"2024-07-01T08:28:20","slug":"4-144f-stranded-loose-tube-double-armoredsheath-cable-gyta33-pe","status":"publish","type":"product","link":"https:\/\/www.omccable.com\/es\/producto\/4-144f-stranded-loose-tube-double-armoredsheath-cable-gyta33-pe\/","title":{"rendered":"4-144F Cable trenzado de tubo suelto con doble armadura y funda (GYTA33) PE"},"content":{"rendered":"<p>En la OMC <strong><b>4-144F Tubo suelto trenzado Doble blindaje y funda (GYTA33) PE<\/b><\/strong>\u00a0cables,<strong><b>\u00a0Un alambre de acero fosfatado es<\/b><\/strong>\u00a0Ubicado en el centro del n\u00facleo como miembro met\u00e1lico de resistencia. La fibra monomodo\/multimodo se coloca en el tubo holgado, que est\u00e1 hecho de materiales PBT y lleno de compuesto de relleno. El<strong><b>\u00a0tubos (y rellenos)<\/b><\/strong>\u00a0est\u00e1n trenzados alrededor del miembro de resistencia en un n\u00facleo compacto y circular. Un\u00a0<strong><b>Laminado de polietileno de aluminio (APL)<\/b><\/strong>\u00a0se aplica alrededor del n\u00facleo del cable. Luego se cubre el APL con una fina<strong><b>\u00a0polietileno (PE) <\/b><\/strong>vaina interior, que est\u00e1 llena de gelatina para protegerla de la entrada de agua. Entonces un <strong><b>Alambre de acero galvanizado<\/b><\/strong><strong><b>\u00a0armadura <\/b><\/strong>Cuando se aplica, el cable se completa con una funda exterior de PE.<\/p>\n<p>&nbsp;<\/p>\n<p><strong><b>Color est\u00e1ndar de fibra y tubo<\/b><\/strong><\/p>\n<p>El c\u00f3digo de color de las fibras individuales deber\u00e1 estar de acuerdo con la tabla siguiente<\/p>\n<table>\n<tbody>\n<tr>\n<td width=\"124\"><strong>No.<\/strong><\/td>\n<td width=\"85\">1<\/td>\n<td width=\"94\">2<\/td>\n<td width=\"94\">3<\/td>\n<td width=\"85\">4<\/td>\n<td width=\"75\">5<\/td>\n<td width=\"104\">6<\/td>\n<\/tr>\n<tr>\n<td width=\"124\"><strong>Color<\/strong><\/td>\n<td width=\"85\">Azul<\/td>\n<td width=\"94\">Naranja<\/td>\n<td width=\"94\">Verde<\/td>\n<td width=\"85\">Marr\u00f3n<\/td>\n<td width=\"75\">Gris<\/td>\n<td width=\"104\">Blanco<\/td>\n<\/tr>\n<tr>\n<td width=\"124\"><strong>No.<\/strong><\/td>\n<td width=\"85\">7<\/td>\n<td width=\"94\">8<\/td>\n<td width=\"94\">9<\/td>\n<td width=\"85\">10<\/td>\n<td width=\"75\">11<\/td>\n<td width=\"104\">12<\/td>\n<\/tr>\n<tr>\n<td width=\"124\"><strong>Color<\/strong><\/td>\n<td width=\"85\">Rojo<\/td>\n<td width=\"94\">Negro<\/td>\n<td width=\"94\">Amarillo<\/td>\n<td width=\"85\">Violeta<\/td>\n<td width=\"75\">Rosa<\/td>\n<td width=\"104\">Agua<\/td>\n<\/tr>\n<\/tbody>\n<\/table>\n<p>C\u00f3digo de color del tubo para 12~144 fibras:<\/p>\n<table>\n<tbody>\n<tr>\n<td width=\"124\"><strong>No.<\/strong><\/td>\n<td width=\"85\">1<\/td>\n<td width=\"94\">2<\/td>\n<td width=\"94\">3<\/td>\n<td width=\"85\">4<\/td>\n<td width=\"85\">5<\/td>\n<td width=\"94\">6<\/td>\n<\/tr>\n<tr>\n<td width=\"124\"><strong>Color<\/strong><\/td>\n<td width=\"85\">Azul<\/td>\n<td width=\"94\">Naranja<\/td>\n<td width=\"94\">Verde<\/td>\n<td width=\"85\">Marr\u00f3n<\/td>\n<td width=\"85\">Gris<\/td>\n<td width=\"94\">Blanco<\/td>\n<\/tr>\n<tr>\n<td width=\"124\"><strong>No.<\/strong><\/td>\n<td width=\"85\">7<\/td>\n<td width=\"94\">8<\/td>\n<td width=\"94\">9<\/td>\n<td width=\"85\">10<\/td>\n<td width=\"85\">11<\/td>\n<td width=\"94\">12<\/td>\n<\/tr>\n<tr>\n<td width=\"124\"><strong>Color<\/strong><\/td>\n<td width=\"85\">Rojo<\/td>\n<td width=\"94\">Negro<\/td>\n<td width=\"94\">Amarillo<\/td>\n<td width=\"85\">Violeta<\/td>\n<td width=\"85\">Rosa<\/td>\n<td width=\"94\">Agua<\/td>\n<\/tr>\n<\/tbody>\n<\/table>\n<p>Nota: # significa una sola franja negra; * significa una sola franja blanca.<\/p>\n<p>&nbsp;<\/p>\n<p><strong><b>Cable<\/b><\/strong><strong><b>\u00a0Par\u00e1metro de estructura<\/b><\/strong><\/p>\n<table>\n<tbody>\n<tr>\n<td width=\"49\"><strong><b>Recuento de fibras<\/b><\/strong><\/td>\n<td width=\"70\"><strong><b>Estructura<\/b><\/strong><\/td>\n<td width=\"50\"><strong><b>Fibras por tubo<\/b><\/strong><\/td>\n<td width=\"101\"><strong><b>Di\u00e1metro del tubo suelto (mm)<\/b><\/strong><\/td>\n<td width=\"101\"><strong><b>Di\u00e1metro CSM\/almohadilla   di\u00e1metro(mm)<\/b><\/strong><\/td>\n<td width=\"82\"><strong><b>Espesor nominal de la chaqueta interior (mm)<\/b><\/strong><\/td>\n<td width=\"84\"><strong><b>Espesor nominal de la cubierta exterior (mm)<\/b><\/strong><\/td>\n<td width=\"68\"><strong><b>Di\u00e1metro del cable (mm)<\/b><\/strong><\/td>\n<td width=\"63\"><strong><b>Peso del cable<\/b><\/strong><\/p>\n<p><strong><b>(kg\/km)<\/b><\/strong><\/td>\n<\/tr>\n<tr>\n<td width=\"49\">4<\/td>\n<td width=\"70\">1+5<\/td>\n<td width=\"50\">4<\/td>\n<td width=\"101\">1,7\u00b10,1<\/td>\n<td width=\"101\">1.4\/1.4<\/td>\n<td width=\"82\">0.9<\/td>\n<td width=\"84\">1.8<\/td>\n<td width=\"68\">13,0\u00b10,5<\/td>\n<td width=\"63\">269<\/td>\n<\/tr>\n<tr>\n<td width=\"49\">6<\/td>\n<td width=\"70\">1+5<\/td>\n<td width=\"50\">6<\/td>\n<td width=\"101\">1,7\u00b10,1<\/td>\n<td width=\"101\">1.4\/1.4<\/td>\n<td width=\"82\">0.9<\/td>\n<td width=\"84\">1.8<\/td>\n<td width=\"68\">13,0\u00b10,5<\/td>\n<td width=\"63\">269<\/td>\n<\/tr>\n<tr>\n<td width=\"49\">8<\/td>\n<td width=\"70\">1+5<\/td>\n<td width=\"50\">4<\/td>\n<td width=\"101\">1,7\u00b10,1<\/td>\n<td width=\"101\">1.4\/1.4<\/td>\n<td width=\"82\">0.9<\/td>\n<td width=\"84\">1.8<\/td>\n<td width=\"68\">13,0\u00b10,5<\/td>\n<td width=\"63\">270<\/td>\n<\/tr>\n<tr>\n<td width=\"49\">12<\/td>\n<td width=\"70\">1+5<\/td>\n<td width=\"50\">6<\/td>\n<td width=\"101\">1,7\u00b10,1<\/td>\n<td width=\"101\">1.4\/1.4<\/td>\n<td width=\"82\">0.9<\/td>\n<td width=\"84\">1.8<\/td>\n<td width=\"68\">13,0\u00b10,5<\/td>\n<td width=\"63\">270<\/td>\n<\/tr>\n<tr>\n<td width=\"49\">18<\/td>\n<td width=\"70\">1+5<\/td>\n<td width=\"50\">6<\/td>\n<td width=\"101\">1,7\u00b10,1<\/td>\n<td width=\"101\">1.4\/1.4<\/td>\n<td width=\"82\">0.9<\/td>\n<td width=\"84\">1.8<\/td>\n<td width=\"68\">13,0\u00b10,5<\/td>\n<td width=\"63\">270<\/td>\n<\/tr>\n<tr>\n<td width=\"49\">24<\/td>\n<td width=\"70\">1+5<\/td>\n<td width=\"50\">6<\/td>\n<td width=\"101\">1,7\u00b10,1<\/td>\n<td width=\"101\">1.4\/1.4<\/td>\n<td width=\"82\">0.9<\/td>\n<td width=\"84\">1.8<\/td>\n<td width=\"68\">13,0\u00b10,5<\/td>\n<td width=\"63\">271<\/td>\n<\/tr>\n<tr>\n<td width=\"49\">30<\/td>\n<td width=\"70\">1+5<\/td>\n<td width=\"50\">6<\/td>\n<td width=\"101\">1,7\u00b10,1<\/td>\n<td width=\"101\">1.4\/1.4<\/td>\n<td width=\"82\">0.9<\/td>\n<td width=\"84\">1.8<\/td>\n<td width=\"68\">13,0\u00b10,5<\/td>\n<td width=\"63\">271<\/td>\n<\/tr>\n<tr>\n<td width=\"49\">36<\/td>\n<td width=\"70\">1+6<\/td>\n<td width=\"50\">6<\/td>\n<td width=\"101\">1,7\u00b10,1<\/td>\n<td width=\"101\">1.8\/1.8<\/td>\n<td width=\"82\">0.9<\/td>\n<td width=\"84\">1.8<\/td>\n<td width=\"68\">13,5\u00b10,5<\/td>\n<td width=\"63\">292<\/td>\n<\/tr>\n<tr>\n<td width=\"49\">48<\/td>\n<td width=\"70\">1+5<\/td>\n<td width=\"50\">12<\/td>\n<td width=\"101\">2,0\u00b10,1<\/td>\n<td width=\"101\">1.4\/1.4<\/td>\n<td width=\"82\">0.9<\/td>\n<td width=\"84\">1.8<\/td>\n<td width=\"68\">13,7\u00b10,5<\/td>\n<td width=\"63\">295<\/td>\n<\/tr>\n<tr>\n<td width=\"49\">60<\/td>\n<td width=\"70\">1+5<\/td>\n<td width=\"50\">12<\/td>\n<td width=\"101\">2,0\u00b10,1<\/td>\n<td width=\"101\">1.4\/1.4<\/td>\n<td width=\"82\">0.9<\/td>\n<td width=\"84\">1.8<\/td>\n<td width=\"68\">13,7\u00b10,5<\/td>\n<td width=\"63\">296<\/td>\n<\/tr>\n<tr>\n<td width=\"49\">72<\/td>\n<td width=\"70\">1+6<\/td>\n<td width=\"50\">12<\/td>\n<td width=\"101\">2,0\u00b10,1<\/td>\n<td width=\"101\">2.0\/2.0<\/td>\n<td width=\"82\">0.9<\/td>\n<td width=\"84\">1.8<\/td>\n<td width=\"68\">14,4\u00b10,5<\/td>\n<td width=\"63\">335<\/td>\n<\/tr>\n<tr>\n<td width=\"49\">84<\/td>\n<td width=\"70\">1+7<\/td>\n<td width=\"50\">12<\/td>\n<td width=\"101\">2,0\u00b10,1<\/td>\n<td width=\"101\">1.8\/2.9<\/td>\n<td width=\"82\">0.9<\/td>\n<td width=\"84\">1.8<\/td>\n<td width=\"68\">15,3\u00b10,5<\/td>\n<td width=\"63\">365<\/td>\n<\/tr>\n<tr>\n<td width=\"49\">96<\/td>\n<td width=\"70\">1+8<\/td>\n<td width=\"50\">12<\/td>\n<td width=\"101\">2,0\u00b10,1<\/td>\n<td width=\"101\">1.8\/3.5<\/td>\n<td width=\"82\">0.9<\/td>\n<td width=\"84\">1.8<\/td>\n<td width=\"68\">16,0\u00b10,5<\/td>\n<td width=\"63\">389<\/td>\n<\/tr>\n<tr>\n<td width=\"49\">108<\/td>\n<td width=\"70\">1+9<\/td>\n<td width=\"50\">12<\/td>\n<td width=\"101\">2,0\u00b10,1<\/td>\n<td width=\"101\">1.8\/4.2<\/td>\n<td width=\"82\">0.9<\/td>\n<td width=\"84\">1.8<\/td>\n<td width=\"68\">16,7\u00b10,5<\/td>\n<td width=\"63\">421<\/td>\n<\/tr>\n<tr>\n<td width=\"49\">120<\/td>\n<td width=\"70\">1+10<\/td>\n<td width=\"50\">12<\/td>\n<td width=\"101\">2,0\u00b10,1<\/td>\n<td width=\"101\">1.8\/4.9<\/td>\n<td width=\"82\">0.9<\/td>\n<td width=\"84\">1.8<\/td>\n<td width=\"68\">17,4\u00b10,5<\/td>\n<td width=\"63\">448<\/td>\n<\/tr>\n<tr>\n<td width=\"49\">132<\/td>\n<td width=\"70\">1+11<\/td>\n<td width=\"50\">12<\/td>\n<td width=\"101\">2,0\u00b10,1<\/td>\n<td width=\"101\">1.8\/5.5<\/td>\n<td width=\"82\">0.9<\/td>\n<td width=\"84\">1.8<\/td>\n<td width=\"68\">18,6\u00b10,5<\/td>\n<td width=\"63\">563<\/td>\n<\/tr>\n<tr>\n<td width=\"49\">144<\/td>\n<td width=\"70\">1+12<\/td>\n<td width=\"50\">12<\/td>\n<td width=\"101\">2,0\u00b10,1<\/td>\n<td width=\"101\">1.8\/6.3<\/td>\n<td width=\"82\">0.9<\/td>\n<td width=\"84\">1.8<\/td>\n<td width=\"68\">19,4\u00b10,5<\/td>\n<td width=\"63\">601<\/td>\n<\/tr>\n<\/tbody>\n<\/table>\n<p><strong><b>\u00a0<\/b><\/strong><\/p>\n<p><strong><b>Par\u00e1metro del material del cable<\/b><\/strong><\/p>\n<table>\n<tbody>\n<tr>\n<td colspan=\"2\" width=\"241\"><strong><b>Art\u00edculo<\/b><\/strong><\/td>\n<td width=\"429\"><strong><b>Par\u00e1metros<\/b><\/strong><\/td>\n<\/tr>\n<tr>\n<td rowspan=\"2\" width=\"138\">tubo suelto<\/td>\n<td width=\"102\">Materiales<\/td>\n<td width=\"429\">PBT<\/td>\n<\/tr>\n<tr>\n<td width=\"102\">Color<\/td>\n<td width=\"429\">Espectro de color completo<\/td>\n<\/tr>\n<tr>\n<td rowspan=\"2\" width=\"138\">Relleno<\/td>\n<td width=\"102\">Materiales<\/td>\n<td width=\"429\">educaci\u00f3n f\u00edsica<\/td>\n<\/tr>\n<tr>\n<td width=\"102\">Color<\/td>\n<td width=\"429\">Negro<\/td>\n<\/tr>\n<tr>\n<td width=\"138\">MSC<\/td>\n<td width=\"102\">Materiales<\/td>\n<td width=\"429\">Alambre de acero para fosfatado<\/td>\n<\/tr>\n<tr>\n<td width=\"138\">Blindado<\/td>\n<td width=\"102\">Materiales<\/td>\n<td width=\"429\">Tira de aluminio recubierta de pl\u00e1stico<\/td>\n<\/tr>\n<tr>\n<td width=\"138\">Alambre de acero blindado<\/td>\n<td width=\"102\">Materiales<\/td>\n<td width=\"429\">Alambre de acero galvanizado<\/td>\n<\/tr>\n<tr>\n<td rowspan=\"2\" width=\"138\">Chaqueta interior<\/td>\n<td width=\"102\">Materiales<\/td>\n<td width=\"429\">educaci\u00f3n f\u00edsica<\/td>\n<\/tr>\n<tr>\n<td width=\"102\">Color<\/td>\n<td width=\"429\">Negro<\/td>\n<\/tr>\n<tr>\n<td rowspan=\"2\" width=\"138\">Chaqueta exterior<\/td>\n<td width=\"102\">Materiales<\/td>\n<td width=\"429\">educaci\u00f3n f\u00edsica<\/td>\n<\/tr>\n<tr>\n<td width=\"102\">Color<\/td>\n<td width=\"429\">Negro<\/td>\n<\/tr>\n<\/tbody>\n<\/table>\n<p><strong><b>\u00a0<\/b><\/strong><\/p>\n<p><strong><b>Desempe\u00f1o mec\u00e1nico y ambiental<\/b><\/strong><\/p>\n<table>\n<tbody>\n<tr>\n<td width=\"229\"><strong>Art\u00edculo<\/strong><\/td>\n<td width=\"206\"><strong>Contenido<\/strong><\/td>\n<td width=\"236\"><strong>Valor<\/strong><\/td>\n<\/tr>\n<tr>\n<td rowspan=\"2\" width=\"229\">M\u00e1x. carga de tracci\u00f3n<\/td>\n<td width=\"206\">Corto plazo<\/td>\n<td width=\"236\">Deformaci\u00f3n de fibra 10000N\u22640.6%<\/td>\n<\/tr>\n<tr>\n<td width=\"206\">Largo plazo<\/td>\n<td width=\"236\">5000N<\/td>\n<\/tr>\n<tr>\n<td rowspan=\"2\" width=\"229\">M\u00e1x. resistencia al aplastamiento<\/td>\n<td width=\"206\">Corto plazo<\/td>\n<td width=\"236\">5000N\/100mm<\/td>\n<\/tr>\n<tr>\n<td width=\"206\">Largo plazo<\/td>\n<td width=\"236\">3000N\/100mm<\/td>\n<\/tr>\n<tr>\n<td rowspan=\"2\" width=\"229\">M\u00edn. radio de curvatura<\/td>\n<td width=\"206\">Instalaci\u00f3n<\/td>\n<td width=\"236\">25 x di\u00e1metro del cable<\/td>\n<\/tr>\n<tr>\n<td width=\"206\">Operaci\u00f3n<\/td>\n<td width=\"236\">12,5 x di\u00e1metro del cable<\/td>\n<\/tr>\n<tr>\n<td rowspan=\"3\" width=\"229\">Rango de temperatura<\/td>\n<td width=\"206\">Operaci\u00f3n<\/td>\n<td width=\"236\">-40\u2103 ~ +70\u2103<\/td>\n<\/tr>\n<tr>\n<td width=\"206\">Instalaci\u00f3n<\/td>\n<td width=\"236\">-20\u2103 ~ +60\u2103<\/td>\n<\/tr>\n<tr>\n<td width=\"206\">Almacenamiento\/transporte<\/td>\n<td width=\"236\">-40\u2103 ~ +70\u2103<\/td>\n<\/tr>\n<\/tbody>\n<\/table>\n<p>&nbsp;<\/p>\n<p><strong>Normas<\/strong><strong>\uff1a <\/strong><strong>\u00a0CEI 60794-1<\/strong><\/p>\n<p>&nbsp;<\/p>\n<p><strong><b>Par\u00e1metros t\u00e9cnicos de fibra \u00f3ptica. <\/b><\/strong><\/p>\n<table>\n<tbody>\n<tr>\n<td colspan=\"2\" width=\"254\"><strong>Estilo de fibra<\/strong><\/td>\n<td width=\"94\"><strong>Unidad<\/strong><\/td>\n<td width=\"94\"><strong>SM 9\/125<\/strong><\/td>\n<td width=\"103\"><strong>MM 50\/125<\/strong><\/td>\n<td width=\"122\"><strong>MM 62,5\/125<\/strong><\/td>\n<\/tr>\n<tr>\n<td colspan=\"2\" width=\"254\">Condici\u00f3n<\/td>\n<td width=\"94\">nm<\/td>\n<td width=\"94\">1310\/1550<\/td>\n<td width=\"103\">850\/1300<\/td>\n<td width=\"122\">850\/1300<\/td>\n<\/tr>\n<tr>\n<td colspan=\"2\" width=\"254\">Atenuaci\u00f3n<\/td>\n<td width=\"94\">dB\/km<\/td>\n<td width=\"94\">\u22640,34\/0,2<\/td>\n<td width=\"103\">\u22643,0\/1,0<\/td>\n<td width=\"122\">\u22643,0\/1,0<\/td>\n<\/tr>\n<tr>\n<td rowspan=\"2\" width=\"141\">Dispersi\u00f3n<\/td>\n<td width=\"113\">1310nm<\/td>\n<td width=\"94\">Ps\/(nm*km)<\/td>\n<td width=\"94\">\u226418<\/td>\n<td width=\"103\">\u2026..<\/td>\n<td width=\"122\">\u2026..<\/td>\n<\/tr>\n<tr>\n<td width=\"113\">1550 nm<\/td>\n<td width=\"94\">Ps\/(nm*km)<\/td>\n<td width=\"94\">\u226422<\/td>\n<td width=\"103\">\u2026..<\/td>\n<td width=\"122\">\u2026..<\/td>\n<\/tr>\n<tr>\n<td rowspan=\"2\" width=\"141\">Ancho de banda<\/td>\n<td width=\"113\">850 nm<\/td>\n<td width=\"94\">MEGAHERCIO. kil\u00f3metros<\/td>\n<td width=\"94\">\u2026..<\/td>\n<td width=\"103\">\u2267400<\/td>\n<td width=\"122\">\u2267160<\/td>\n<\/tr>\n<tr>\n<td width=\"113\">1300nm<\/td>\n<td width=\"94\">MEGAHERCIO. kil\u00f3metros<\/td>\n<td width=\"94\">\u2026..<\/td>\n<td width=\"103\">\u2267800<\/td>\n<td width=\"122\">\u2267500<\/td>\n<\/tr>\n<tr>\n<td colspan=\"2\" width=\"254\">Longitud de onda de dispersi\u00f3n cero<\/td>\n<td width=\"94\">nm<\/td>\n<td width=\"94\">\u22671302,<\/p>\n<p>\u22641322<\/td>\n<td width=\"103\">\u2026..<\/td>\n<td width=\"122\">\u2026..<\/td>\n<\/tr>\n<tr>\n<td colspan=\"2\" width=\"254\">Pendiente de dispersi\u00f3n cero<\/td>\n<td width=\"94\">nm<\/td>\n<td width=\"94\">\u22640,091<\/td>\n<td width=\"103\">\u2026..<\/td>\n<td width=\"122\">\u2026..<\/td>\n<\/tr>\n<tr>\n<td colspan=\"2\" width=\"254\">PMD M\u00e1ximo de Fibra Individual<\/td>\n<td width=\"94\">&nbsp;<\/td>\n<td width=\"94\">\u22640,2<\/td>\n<td width=\"103\">\u2026..<\/td>\n<td width=\"122\">\u2026..<\/td>\n<\/tr>\n<tr>\n<td colspan=\"2\" width=\"254\">Valor del enlace de dise\u00f1o PMD<\/td>\n<td width=\"94\">Sal(nm2*km)<\/td>\n<td width=\"94\">\u22640,08<\/td>\n<td width=\"103\">\u2026..<\/td>\n<td width=\"122\">\u2026..<\/td>\n<\/tr>\n<tr>\n<td colspan=\"2\" width=\"254\">Longitud de onda de corte de fibra \u03bbc<\/td>\n<td width=\"94\">nm<\/td>\n<td width=\"94\">\u22671180,<\/p>\n<p>\u22641330<\/td>\n<td width=\"103\">\u2026..<\/td>\n<td width=\"122\">\u2026..<\/td>\n<\/tr>\n<tr>\n<td colspan=\"2\" width=\"254\">Longitud de onda de corte del cable \u03bbcc<\/td>\n<td width=\"94\">nm<\/td>\n<td width=\"94\">\u22641260<\/td>\n<td width=\"103\">\u2026..<\/td>\n<td width=\"122\">\u2026..<\/td>\n<\/tr>\n<tr>\n<td rowspan=\"2\" width=\"141\">MFD<\/td>\n<td width=\"113\">1310nm<\/td>\n<td width=\"94\">em<\/td>\n<td width=\"94\">9,2\u00b10,4<\/td>\n<td width=\"103\">\u2026..<\/td>\n<td width=\"122\">\u2026..<\/td>\n<\/tr>\n<tr>\n<td width=\"113\">1550 nm<\/td>\n<td width=\"94\">em<\/td>\n<td width=\"94\">10,4\u00b10,8<\/td>\n<td width=\"103\">\u2026..<\/td>\n<td width=\"122\">\u2026..<\/td>\n<\/tr>\n<tr>\n<td colspan=\"2\" width=\"254\">Apertura num\u00e9rica (NA)<\/td>\n<td width=\"94\">&nbsp;<\/td>\n<td width=\"94\">\u2026\u2026<\/td>\n<td width=\"103\">0,200\u00b10,015<\/td>\n<td width=\"122\">0,275\u00b10,015<\/td>\n<\/tr>\n<tr>\n<td colspan=\"2\" width=\"254\">Paso(media de la medici\u00f3n bidireccional)<\/td>\n<td width=\"94\">dB<\/td>\n<td width=\"94\">\u22640,05<\/td>\n<td width=\"103\">\u22640,10<\/td>\n<td width=\"122\">\u22640,10<\/td>\n<\/tr>\n<tr>\n<td colspan=\"2\" width=\"254\">Irregularidades en la longitud de las fibras y discontinuidad de los puntos<\/td>\n<td width=\"94\">dB<\/td>\n<td width=\"94\">\u22640,05<\/td>\n<td width=\"103\">\u22640,10<\/td>\n<td width=\"122\">\u22640,10<\/td>\n<\/tr>\n<tr>\n<td colspan=\"2\" width=\"254\">Coeficiente de retrodispersi\u00f3n de diferencia<\/td>\n<td width=\"94\">dB\/km<\/td>\n<td width=\"94\">\u22640,03<\/td>\n<td width=\"103\">\u22640,08<\/td>\n<td width=\"122\">\u22640,10<\/td>\n<\/tr>\n<tr>\n<td colspan=\"2\" width=\"254\">Uniformidad de atenuaci\u00f3n<\/td>\n<td width=\"94\">dB\/km<\/td>\n<td width=\"94\">\u22640,01<\/td>\n<td width=\"103\">\u2026\u2026.<\/td>\n<td width=\"122\">\u2026\u2026.<\/td>\n<\/tr>\n<tr>\n<td colspan=\"2\" width=\"254\">Di\u00e1metro del n\u00facleo<\/td>\n<td width=\"94\">em<\/td>\n<td width=\"94\">\u2026\u2026<\/td>\n<td width=\"103\">50\u00b11,0<\/td>\n<td width=\"122\">62,5\u00b12,5<\/td>\n<\/tr>\n<tr>\n<td colspan=\"2\" width=\"254\">Di\u00e1metro del revestimiento<\/td>\n<td width=\"94\">em<\/td>\n<td width=\"94\">125,0\u00b10,1<\/td>\n<td width=\"103\">125,0\u00b10,1<\/td>\n<td width=\"122\">125,0\u00b10,1<\/td>\n<\/tr>\n<tr>\n<td colspan=\"2\" width=\"254\">Falta de circularidad del revestimiento<\/td>\n<td width=\"94\">%<\/td>\n<td width=\"94\">\u22641,0<\/td>\n<td width=\"103\">\u22641,0<\/td>\n<td width=\"122\">\u22641,0<\/td>\n<\/tr>\n<tr>\n<td colspan=\"2\" width=\"254\">Di\u00e1metro del revestimiento<\/td>\n<td width=\"94\">em<\/td>\n<td width=\"94\">242\u00b17<\/td>\n<td width=\"103\">242\u00b17<\/td>\n<td width=\"122\">242\u00b17<\/td>\n<\/tr>\n<tr>\n<td colspan=\"2\" width=\"254\">Error de recubrimiento\/pinz\u00f3n conc\u00e9ntrico<\/td>\n<td width=\"94\">em<\/td>\n<td width=\"94\">\u226412,0<\/td>\n<td width=\"103\">\u226412,0<\/td>\n<td width=\"122\">\u226412,0<\/td>\n<\/tr>\n<tr>\n<td colspan=\"2\" width=\"254\">No circularidad del revestimiento<\/td>\n<td width=\"94\">%<\/td>\n<td width=\"94\">\u22646.0<\/td>\n<td width=\"103\">\u22646.0<\/td>\n<td width=\"122\">\u22646.0<\/td>\n<\/tr>\n<tr>\n<td colspan=\"2\" width=\"254\">Error de concentricidad del n\u00facleo\/revestimiento<\/td>\n<td width=\"94\">em<\/td>\n<td width=\"94\">\u22640,6<\/td>\n<td width=\"103\">\u22641,5<\/td>\n<td width=\"122\">\u22641,5<\/td>\n<\/tr>\n<tr>\n<td colspan=\"2\" width=\"254\">Curl(radio)<\/td>\n<td width=\"94\">em<\/td>\n<td width=\"94\">\u22644<\/td>\n<td width=\"103\">\u2026..<\/td>\n<td width=\"122\">\u2026..<\/td>\n<\/tr>\n<\/tbody>\n<\/table>","protected":false},"excerpt":{"rendered":"<p>En el cable de PE trenzado de tubo holgado con doble armadura y funda (GYTA33) 4-144F de OMC, se encuentra un alambre de acero fosfatado en el centro del n\u00facleo como miembro met\u00e1lico de resistencia. La fibra monomodo\/multimodo se coloca en el tubo holgado, que est\u00e1 hecho de materiales PBT y lleno de compuesto de relleno. Los tubos (y rellenos) se trenzan alrededor del miembro de resistencia en un compacto y [\u2026]<\/p>","protected":false},"featured_media":11151,"comment_status":"closed","ping_status":"closed","template":"","meta":{"site-sidebar-layout":"default","site-content-layout":"","ast-site-content-layout":"default","site-content-style":"default","site-sidebar-style":"default","ast-global-header-display":"","ast-banner-title-visibility":"","ast-main-header-display":"","ast-hfb-above-header-display":"","ast-hfb-below-header-display":"","ast-hfb-mobile-header-display":"","site-post-title":"","ast-breadcrumbs-content":"","ast-featured-img":"","footer-sml-layout":"","theme-transparent-header-meta":"default","adv-header-id-meta":"","stick-header-meta":"default","header-above-stick-meta":"","header-main-stick-meta":"","header-below-stick-meta":"","astra-migrate-meta-layouts":"set","ast-page-background-enabled":"default","ast-page-background-meta":{"desktop":{"background-color":"var(--ast-global-color-4)","background-image":"","background-repeat":"repeat","background-position":"center center","background-size":"auto","background-attachment":"scroll","background-type":"","background-media":"","overlay-type":"","overlay-color":"","overlay-gradient":""},"tablet":{"background-color":"","background-image":"","background-repeat":"repeat","background-position":"center center","background-size":"auto","background-attachment":"scroll","background-type":"","background-media":"","overlay-type":"","overlay-color":"","overlay-gradient":""},"mobile":{"background-color":"","background-image":"","background-repeat":"repeat","background-position":"center center","background-size":"auto","background-attachment":"scroll","background-type":"","background-media":"","overlay-type":"","overlay-color":"","overlay-gradient":""}},"ast-content-background-meta":{"desktop":{"background-color":"var(--ast-global-color-5)","background-image":"","background-repeat":"repeat","background-position":"center center","background-size":"auto","background-attachment":"scroll","background-type":"","background-media":"","overlay-type":"","overlay-color":"","overlay-gradient":""},"tablet":{"background-color":"var(--ast-global-color-5)","background-image":"","background-repeat":"repeat","background-position":"center center","background-size":"auto","background-attachment":"scroll","background-type":"","background-media":"","overlay-type":"","overlay-color":"","overlay-gradient":""},"mobile":{"background-color":"var(--ast-global-color-5)","background-image":"","background-repeat":"repeat","background-position":"center center","background-size":"auto","background-attachment":"scroll","background-type":"","background-media":"","overlay-type":"","overlay-color":"","overlay-gradient":""}}},"product_cat":[139,124],"product_tag":[],"class_list":{"0":"post-11149","1":"product","2":"type-product","3":"status-publish","4":"has-post-thumbnail","6":"product_cat-armored-outdoor-cable","7":"product_cat-outdoor-cable","8":"desktop-align-left","9":"tablet-align-left","10":"mobile-align-left","11":"ast-product-gallery-layout-horizontal-slider","12":"ast-product-tabs-layout-horizontal","14":"first","15":"instock","16":"shipping-taxable","17":"product-type-simple"},"acf":[],"_links":{"self":[{"href":"https:\/\/www.omccable.com\/es\/wp-json\/wp\/v2\/product\/11149","targetHints":{"allow":["GET"]}}],"collection":[{"href":"https:\/\/www.omccable.com\/es\/wp-json\/wp\/v2\/product"}],"about":[{"href":"https:\/\/www.omccable.com\/es\/wp-json\/wp\/v2\/types\/product"}],"replies":[{"embeddable":true,"href":"https:\/\/www.omccable.com\/es\/wp-json\/wp\/v2\/comments?post=11149"}],"version-history":[{"count":1,"href":"https:\/\/www.omccable.com\/es\/wp-json\/wp\/v2\/product\/11149\/revisions"}],"predecessor-version":[{"id":11152,"href":"https:\/\/www.omccable.com\/es\/wp-json\/wp\/v2\/product\/11149\/revisions\/11152"}],"wp:featuredmedia":[{"embeddable":true,"href":"https:\/\/www.omccable.com\/es\/wp-json\/wp\/v2\/media\/11151"}],"wp:attachment":[{"href":"https:\/\/www.omccable.com\/es\/wp-json\/wp\/v2\/media?parent=11149"}],"wp:term":[{"taxonomy":"product_cat","embeddable":true,"href":"https:\/\/www.omccable.com\/es\/wp-json\/wp\/v2\/product_cat?post=11149"},{"taxonomy":"product_tag","embeddable":true,"href":"https:\/\/www.omccable.com\/es\/wp-json\/wp\/v2\/product_tag?post=11149"}],"curies":[{"name":"wp","href":"https:\/\/api.w.org\/{rel}","templated":true}]}}