{"id":11142,"date":"2024-07-01T16:25:11","date_gmt":"2024-07-01T08:25:11","guid":{"rendered":"https:\/\/www.omccable.com\/?post_type=product&#038;p=11142"},"modified":"2024-07-01T16:25:12","modified_gmt":"2024-07-01T08:25:12","slug":"2-144f-stranded-loose-tube-double-armoredsheath-cable-gyta53-pe","status":"publish","type":"product","link":"https:\/\/www.omccable.com\/es\/producto\/2-144f-stranded-loose-tube-double-armoredsheath-cable-gyta53-pe\/","title":{"rendered":"2-144F Cable trenzado de tubo suelto con doble armadura y funda (GYTA53) PE"},"content":{"rendered":"<p>En la OMC <strong><b>2-144F Tubo suelto trenzado con doble armadura y funda (GYTA53) PE<\/b><\/strong>\u00a0<strong><b>Cable<\/b><\/strong>, <strong><b>A <\/b><\/strong><strong><b>Acero<\/b><\/strong><strong><b>\u00a0<\/b><\/strong><strong><b>Alambre<\/b><\/strong><strong><b>\u00a0(<\/b><\/strong>a veces revestido con polietileno (PE)<strong><b>)<\/b><\/strong>\u00a0Se ubica en el centro del n\u00facleo como un miembro met\u00e1lico de resistencia. La fibra monomodo\/multimodo se coloca en el tubo holgado, que est\u00e1 hecho de materiales PBT y lleno de compuesto de relleno. El<strong><b>\u00a0tubos (y rellenos)<\/b><\/strong>\u00a0est\u00e1n trenzados alrededor del miembro de resistencia en un n\u00facleo compacto y circular. Un<strong><b>\u00a0<\/b><\/strong><strong><b>Agua<\/b><\/strong><strong><b>\u00a0<\/b><\/strong><strong><b>bloqueo<\/b><\/strong><strong><b>\u00a0<\/b><\/strong><strong><b>cinta<\/b><\/strong>\u00a0y un\u00a0<strong><b>Laminado de polietileno de aluminio (APL)<\/b><\/strong>\u00a0se aplica alrededor del n\u00facleo del cable. Luego se cubre con una fina funda interior de polietileno (PE), luego una <strong><b>cinta de acero corrugado<\/b><\/strong>\u00a0Se aplica armadura, el cable se completa con un <strong><b>Funda exterior de PE.<\/b><\/strong><\/p>\n<p>&nbsp;<\/p>\n<p><strong><b>Color est\u00e1ndar de fibra y tubo<\/b><\/strong><\/p>\n<p>El c\u00f3digo de color de las fibras individuales deber\u00e1 estar de acuerdo con la tabla siguiente<\/p>\n<table>\n<tbody>\n<tr>\n<td width=\"124\"><strong>No.<\/strong><\/td>\n<td width=\"85\">1<\/td>\n<td width=\"94\">2<\/td>\n<td width=\"94\">3<\/td>\n<td width=\"85\">4<\/td>\n<td width=\"75\">5<\/td>\n<td width=\"104\">6<\/td>\n<\/tr>\n<tr>\n<td width=\"124\"><strong>Color<\/strong><\/td>\n<td width=\"85\">Azul<\/td>\n<td width=\"94\">Naranja<\/td>\n<td width=\"94\">Verde<\/td>\n<td width=\"85\">Marr\u00f3n<\/td>\n<td width=\"75\">Gris<\/td>\n<td width=\"104\">Blanco<\/td>\n<\/tr>\n<tr>\n<td width=\"124\"><strong>No.<\/strong><\/td>\n<td width=\"85\">7<\/td>\n<td width=\"94\">8<\/td>\n<td width=\"94\">9<\/td>\n<td width=\"85\">10<\/td>\n<td width=\"75\">11<\/td>\n<td width=\"104\">12<\/td>\n<\/tr>\n<tr>\n<td width=\"124\"><strong>Color<\/strong><\/td>\n<td width=\"85\">Rojo<\/td>\n<td width=\"94\">Negro<\/td>\n<td width=\"94\">Amarillo<\/td>\n<td width=\"85\">Violeta<\/td>\n<td width=\"75\">Rosa<\/td>\n<td width=\"104\">Agua<\/td>\n<\/tr>\n<\/tbody>\n<\/table>\n<p>C\u00f3digo de color del tubo para 12~144 fibras:<\/p>\n<table>\n<tbody>\n<tr>\n<td width=\"124\"><strong>No.<\/strong><\/td>\n<td width=\"85\">1<\/td>\n<td width=\"94\">2<\/td>\n<td width=\"94\">3<\/td>\n<td width=\"85\">4<\/td>\n<td width=\"85\">5<\/td>\n<td width=\"94\">6<\/td>\n<\/tr>\n<tr>\n<td width=\"124\"><strong>Color<\/strong><\/td>\n<td width=\"85\">Azul<\/td>\n<td width=\"94\">Naranja<\/td>\n<td width=\"94\">Verde<\/td>\n<td width=\"85\">Marr\u00f3n<\/td>\n<td width=\"85\">Gris<\/td>\n<td width=\"94\">Blanco<\/td>\n<\/tr>\n<tr>\n<td width=\"124\"><strong>No.<\/strong><\/td>\n<td width=\"85\">7<\/td>\n<td width=\"94\">8<\/td>\n<td width=\"94\">9<\/td>\n<td width=\"85\">10<\/td>\n<td width=\"85\">11<\/td>\n<td width=\"94\">12<\/td>\n<\/tr>\n<tr>\n<td width=\"124\"><strong>Color<\/strong><\/td>\n<td width=\"85\">Rojo<\/td>\n<td width=\"94\">Negro<\/td>\n<td width=\"94\">Amarillo<\/td>\n<td width=\"85\">Violeta<\/td>\n<td width=\"85\">Rosa<\/td>\n<td width=\"94\">Agua<\/td>\n<\/tr>\n<\/tbody>\n<\/table>\n<p>Nota: # significa una sola franja negra; * significa una sola franja blanca.<\/p>\n<p>&nbsp;<\/p>\n<p><strong><b>Cable<\/b><\/strong><strong><b>\u00a0Par\u00e1metro de estructura<\/b><\/strong><\/p>\n<table>\n<tbody>\n<tr>\n<td width=\"141\"><strong><b>N\u00famero de pieza.<\/b><\/strong><\/td>\n<td width=\"65\"><strong><b>Fibras<\/b><\/strong><\/td>\n<td width=\"50\"><strong><b>Tubos<\/b><\/strong><\/td>\n<td width=\"68\"><strong><b>Di\u00e1metro exterior del cable (mm)<\/b><\/strong><\/td>\n<td width=\"58\"><strong><b>Peso<\/b><\/strong><strong><b><br \/>\n<\/b><\/strong><strong><b>kg\/km<\/b><\/strong><\/td>\n<td width=\"144\"><strong><b>Resistencia a la tracci\u00f3n<\/b><\/strong><strong><b><br \/>\n<\/b><\/strong><strong><b>Largo plazo\/corto plazo <\/b><\/strong><\/td>\n<td width=\"141\"><strong><b>Resistencia al aplastamiento<\/b><\/strong><strong><b><br \/>\n<\/b><\/strong><strong><b>Largo plazo\/corto plazo((N\/1m))<\/b><\/strong><\/td>\n<\/tr>\n<tr>\n<td width=\"141\">GYTA53-2~6X<\/td>\n<td width=\"65\">2~6<\/td>\n<td width=\"50\">1<\/td>\n<td width=\"68\">12.2<\/td>\n<td width=\"58\">150<\/td>\n<td width=\"144\">1000\/3000<\/td>\n<td width=\"141\">1000\/3000<\/td>\n<\/tr>\n<tr>\n<td width=\"141\">GYTA53-8~12X<\/td>\n<td width=\"65\">8~12<\/td>\n<td width=\"50\">2<\/td>\n<td width=\"68\">12.2<\/td>\n<td width=\"58\">150<\/td>\n<td width=\"144\">1000\/3000<\/td>\n<td width=\"141\">1000\/3000<\/td>\n<\/tr>\n<tr>\n<td width=\"141\">GYTA53-14~18X<\/td>\n<td width=\"65\">14~18<\/td>\n<td width=\"50\">3<\/td>\n<td width=\"68\">12.2<\/td>\n<td width=\"58\">150<\/td>\n<td width=\"144\">1000\/3000<\/td>\n<td width=\"141\">1000\/3000<\/td>\n<\/tr>\n<tr>\n<td width=\"141\">GYTA53-20~24X<\/td>\n<td width=\"65\">20~24<\/td>\n<td width=\"50\">4<\/td>\n<td width=\"68\">12.2<\/td>\n<td width=\"58\">150<\/td>\n<td width=\"144\">1000\/3000<\/td>\n<td width=\"141\">1000\/3000<\/td>\n<\/tr>\n<tr>\n<td width=\"141\">GYTA53-26~30X<\/td>\n<td width=\"65\">26~30<\/td>\n<td width=\"50\">5<\/td>\n<td width=\"68\">12.2<\/td>\n<td width=\"58\">150<\/td>\n<td width=\"144\">1000\/3000<\/td>\n<td width=\"141\">1000\/3000<\/td>\n<\/tr>\n<tr>\n<td width=\"141\">GYTA53-32~36X<\/td>\n<td width=\"65\">32~36<\/td>\n<td width=\"50\">6<\/td>\n<td width=\"68\">14.0<\/td>\n<td width=\"58\">200<\/td>\n<td width=\"144\">1000\/3000<\/td>\n<td width=\"141\">1000\/3000<\/td>\n<\/tr>\n<tr>\n<td width=\"141\">GYTA53-38~42X<\/td>\n<td width=\"65\">38~42<\/td>\n<td width=\"50\">7<\/td>\n<td width=\"68\">14.0<\/td>\n<td width=\"58\">200<\/td>\n<td width=\"144\">1000\/3000<\/td>\n<td width=\"141\">1000\/3000<\/td>\n<\/tr>\n<tr>\n<td width=\"141\">GYTA53-44~48X<\/td>\n<td width=\"65\">44~48<\/td>\n<td width=\"50\">8<\/td>\n<td width=\"68\">14.0<\/td>\n<td width=\"58\">200<\/td>\n<td width=\"144\">1000\/3000<\/td>\n<td width=\"141\">1000\/3000<\/td>\n<\/tr>\n<tr>\n<td width=\"141\">GYTA53-50~60X<\/td>\n<td width=\"65\">50~60<\/td>\n<td width=\"50\">5<\/td>\n<td width=\"68\">14.0<\/td>\n<td width=\"58\">205<\/td>\n<td width=\"144\">1000\/3000<\/td>\n<td width=\"141\">1000\/3000<\/td>\n<\/tr>\n<tr>\n<td width=\"141\">GYTA53-62~72X<\/td>\n<td width=\"65\">62~72<\/td>\n<td width=\"50\">6<\/td>\n<td width=\"68\">15.5<\/td>\n<td width=\"58\">210<\/td>\n<td width=\"144\">1000\/3000<\/td>\n<td width=\"141\">1000\/3000<\/td>\n<\/tr>\n<tr>\n<td width=\"141\">GYTA53-74~84X<\/td>\n<td width=\"65\">74~84<\/td>\n<td width=\"50\">7<\/td>\n<td width=\"68\">14.0<\/td>\n<td width=\"58\">215<\/td>\n<td width=\"144\">1000\/3000<\/td>\n<td width=\"141\">1000\/3000<\/td>\n<\/tr>\n<tr>\n<td width=\"141\">GYTA53-86~96X<\/td>\n<td width=\"65\">86~96<\/td>\n<td width=\"50\">8<\/td>\n<td width=\"68\">17.1<\/td>\n<td width=\"58\">270<\/td>\n<td width=\"144\">1000\/3000<\/td>\n<td width=\"141\">1000\/3000<\/td>\n<\/tr>\n<tr>\n<td width=\"141\">GYTA53-98~108X<\/td>\n<td width=\"65\">98~108<\/td>\n<td width=\"50\">9<\/td>\n<td width=\"68\">17.1<\/td>\n<td width=\"58\">270<\/td>\n<td width=\"144\">1000\/3000<\/td>\n<td width=\"141\">1000\/3000<\/td>\n<\/tr>\n<tr>\n<td width=\"141\">GYTA53-110~120X<\/td>\n<td width=\"65\">110~120<\/td>\n<td width=\"50\">10<\/td>\n<td width=\"68\">17.1<\/td>\n<td width=\"58\">270<\/td>\n<td width=\"144\">1000\/3000<\/td>\n<td width=\"141\">1000\/3000<\/td>\n<\/tr>\n<tr>\n<td width=\"141\">GYTA53-122~132X<\/td>\n<td width=\"65\">122~132<\/td>\n<td width=\"50\">11<\/td>\n<td width=\"68\">17.1<\/td>\n<td width=\"58\">270<\/td>\n<td width=\"144\">1000\/3000<\/td>\n<td width=\"141\">1000\/3000<\/td>\n<\/tr>\n<tr>\n<td width=\"141\">GYTA53-134~144X<\/td>\n<td width=\"65\">134~144<\/td>\n<td width=\"50\">12<\/td>\n<td width=\"68\">20.3<\/td>\n<td width=\"58\">310<\/td>\n<td width=\"144\">1000\/3000<\/td>\n<td width=\"141\">1000\/3000<\/td>\n<\/tr>\n<\/tbody>\n<\/table>\n<p>Nota:<\/p>\n<p>El sufijo X indica el tipo de fibra.<\/p>\n<p>El valor nominal del espesor de la funda exterior de PE es de 1,8 mm. El valor nominal del espesor de la funda interior de PE es de 0,8 mm.<\/p>\n<p>&nbsp;<\/p>\n<p><strong><b>Par\u00e1metro del material del cable<\/b><\/strong><\/p>\n<table>\n<tbody>\n<tr>\n<td colspan=\"2\" width=\"241\"><strong><b>Art\u00edculo<\/b><\/strong><\/td>\n<td width=\"429\"><strong><b>Par\u00e1metros<\/b><\/strong><\/td>\n<\/tr>\n<tr>\n<td rowspan=\"2\" width=\"138\">tubo suelto<\/td>\n<td width=\"102\">Materiales<\/td>\n<td width=\"429\">PBT<\/td>\n<\/tr>\n<tr>\n<td width=\"102\">Color<\/td>\n<td width=\"429\">Espectro de color completo<\/td>\n<\/tr>\n<tr>\n<td rowspan=\"2\" width=\"138\">Relleno<\/td>\n<td width=\"102\">Materiales<\/td>\n<td width=\"429\">educaci\u00f3n f\u00edsica<\/td>\n<\/tr>\n<tr>\n<td width=\"102\">Color<\/td>\n<td width=\"429\">Negro<\/td>\n<\/tr>\n<tr>\n<td width=\"138\">MSC<\/td>\n<td width=\"102\">Materiales<\/td>\n<td width=\"429\">alambre de acero<\/td>\n<\/tr>\n<tr>\n<td rowspan=\"2\" width=\"138\">Blindado<\/td>\n<td width=\"102\">Materia 1<\/td>\n<td width=\"429\">Laminado de Aluminio y Polietileno (APL)<\/td>\n<\/tr>\n<tr>\n<td width=\"102\">Materia 2<\/td>\n<td width=\"429\">cinta de acero corrugado<\/td>\n<\/tr>\n<tr>\n<td rowspan=\"2\" width=\"138\">Funda exterior<\/p>\n<p>&amp;Funda interior<\/td>\n<td width=\"102\">Materiales<\/td>\n<td width=\"429\">educaci\u00f3n f\u00edsica<\/td>\n<\/tr>\n<tr>\n<td width=\"102\">Color<\/td>\n<td width=\"429\">Negro<\/td>\n<\/tr>\n<\/tbody>\n<\/table>\n<p><strong><b>\u00a0<\/b><\/strong><\/p>\n<p><strong><b>Desempe\u00f1o mec\u00e1nico y ambiental<\/b><\/strong><\/p>\n<table>\n<tbody>\n<tr>\n<td width=\"229\"><strong>Art\u00edculo<\/strong><\/td>\n<td width=\"206\"><strong>Contenido<\/strong><\/td>\n<td width=\"236\"><strong>Valor<\/strong><\/td>\n<\/tr>\n<tr>\n<td rowspan=\"2\" width=\"229\">M\u00e1x. carga de tracci\u00f3n<\/td>\n<td width=\"206\">Corto plazo<\/td>\n<td width=\"236\">Deformaci\u00f3n de fibra 3000N\u22640.6%<\/td>\n<\/tr>\n<tr>\n<td width=\"206\">Largo plazo<\/td>\n<td width=\"236\">1000N<\/td>\n<\/tr>\n<tr>\n<td rowspan=\"2\" width=\"229\">M\u00e1x. resistencia al aplastamiento<\/td>\n<td width=\"206\">Corto plazo<\/td>\n<td width=\"236\">3000N\/100mm<\/td>\n<\/tr>\n<tr>\n<td width=\"206\">Largo plazo<\/td>\n<td width=\"236\">1000N\/100mm<\/td>\n<\/tr>\n<tr>\n<td rowspan=\"2\" width=\"229\">M\u00edn. radio de curvatura<\/td>\n<td width=\"206\">Instalaci\u00f3n<\/td>\n<td width=\"236\">20 x di\u00e1metro del cable<\/td>\n<\/tr>\n<tr>\n<td width=\"206\">Operaci\u00f3n<\/td>\n<td width=\"236\">10 x di\u00e1metro del cable<\/td>\n<\/tr>\n<tr>\n<td rowspan=\"3\" width=\"229\">Rango de temperatura<\/td>\n<td width=\"206\">Operaci\u00f3n<\/td>\n<td width=\"236\">-40\u2103 ~ +70\u2103<\/td>\n<\/tr>\n<tr>\n<td width=\"206\">Instalaci\u00f3n<\/td>\n<td width=\"236\">-20\u2103 ~ +60\u2103<\/td>\n<\/tr>\n<tr>\n<td width=\"206\">Almacenamiento\/transporte<\/td>\n<td width=\"236\">-40\u2103 ~ +70\u2103<\/td>\n<\/tr>\n<\/tbody>\n<\/table>\n<p><strong style=\"font-size: 16px;\">Normas<\/strong><strong style=\"font-size: 16px;\">\uff1a <\/strong><strong style=\"font-size: 16px;\">\u00a0CEI 60794-1<\/strong><\/p>\n<p>&nbsp;<\/p>\n<p><strong><b>Par\u00e1metros t\u00e9cnicos de fibra \u00f3ptica. <\/b><\/strong><\/p>\n<table>\n<tbody>\n<tr>\n<td colspan=\"2\" width=\"254\"><strong>Estilo de fibra<\/strong><\/td>\n<td width=\"94\"><strong>Unidad<\/strong><\/td>\n<td width=\"94\"><strong>SM 9\/125<\/strong><\/td>\n<td width=\"103\"><strong>MM 50\/125<\/strong><\/td>\n<td width=\"122\"><strong>MM 62,5\/125<\/strong><\/td>\n<\/tr>\n<tr>\n<td colspan=\"2\" width=\"254\">Condici\u00f3n<\/td>\n<td width=\"94\">nm<\/td>\n<td width=\"94\">1310\/1550<\/td>\n<td width=\"103\">850\/1300<\/td>\n<td width=\"122\">850\/1300<\/td>\n<\/tr>\n<tr>\n<td colspan=\"2\" width=\"254\">Atenuaci\u00f3n<\/td>\n<td width=\"94\">dB\/km<\/td>\n<td width=\"94\">\u22640,34\/0,2<\/td>\n<td width=\"103\">\u22643,0\/1,0<\/td>\n<td width=\"122\">\u22643,0\/1,0<\/td>\n<\/tr>\n<tr>\n<td rowspan=\"2\" width=\"141\">Dispersi\u00f3n<\/td>\n<td width=\"113\">1310nm<\/td>\n<td width=\"94\">Ps\/(nm*km)<\/td>\n<td width=\"94\">\u226418<\/td>\n<td width=\"103\">\u2026..<\/td>\n<td width=\"122\">\u2026..<\/td>\n<\/tr>\n<tr>\n<td width=\"113\">1550 nm<\/td>\n<td width=\"94\">Ps\/(nm*km)<\/td>\n<td width=\"94\">\u226422<\/td>\n<td width=\"103\">\u2026..<\/td>\n<td width=\"122\">\u2026..<\/td>\n<\/tr>\n<tr>\n<td rowspan=\"2\" width=\"141\">Ancho de banda<\/td>\n<td width=\"113\">850 nm<\/td>\n<td width=\"94\">MEGAHERCIO. kil\u00f3metros<\/td>\n<td width=\"94\">\u2026..<\/td>\n<td width=\"103\">\u2267400<\/td>\n<td width=\"122\">\u2267160<\/td>\n<\/tr>\n<tr>\n<td width=\"113\">1300nm<\/td>\n<td width=\"94\">MEGAHERCIO. kil\u00f3metros<\/td>\n<td width=\"94\">\u2026..<\/td>\n<td width=\"103\">\u2267800<\/td>\n<td width=\"122\">\u2267500<\/td>\n<\/tr>\n<tr>\n<td colspan=\"2\" width=\"254\">Longitud de onda de dispersi\u00f3n cero<\/td>\n<td width=\"94\">nm<\/td>\n<td width=\"94\">\u22671302,<\/p>\n<p>\u22641322<\/td>\n<td width=\"103\">\u2026..<\/td>\n<td width=\"122\">\u2026..<\/td>\n<\/tr>\n<tr>\n<td colspan=\"2\" width=\"254\">Pendiente de dispersi\u00f3n cero<\/td>\n<td width=\"94\">nm<\/td>\n<td width=\"94\">\u22640,091<\/td>\n<td width=\"103\">\u2026..<\/td>\n<td width=\"122\">\u2026..<\/td>\n<\/tr>\n<tr>\n<td colspan=\"2\" width=\"254\">PMD M\u00e1ximo de Fibra Individual<\/td>\n<td width=\"94\">&nbsp;<\/td>\n<td width=\"94\">\u22640,2<\/td>\n<td width=\"103\">\u2026..<\/td>\n<td width=\"122\">\u2026..<\/td>\n<\/tr>\n<tr>\n<td colspan=\"2\" width=\"254\">Valor del enlace de dise\u00f1o PMD<\/td>\n<td width=\"94\">Sal(nm2*km)<\/td>\n<td width=\"94\">\u22640,08<\/td>\n<td width=\"103\">\u2026..<\/td>\n<td width=\"122\">\u2026..<\/td>\n<\/tr>\n<tr>\n<td colspan=\"2\" width=\"254\">Longitud de onda de corte de fibra \u03bbc<\/td>\n<td width=\"94\">nm<\/td>\n<td width=\"94\">\u22671180,<\/p>\n<p>\u22641330<\/td>\n<td width=\"103\">\u2026..<\/td>\n<td width=\"122\">\u2026..<\/td>\n<\/tr>\n<tr>\n<td colspan=\"2\" width=\"254\">Longitud de onda de corte del cable \u03bbcc<\/td>\n<td width=\"94\">nm<\/td>\n<td width=\"94\">\u22641260<\/td>\n<td width=\"103\">\u2026..<\/td>\n<td width=\"122\">\u2026..<\/td>\n<\/tr>\n<tr>\n<td rowspan=\"2\" width=\"141\">MFD<\/td>\n<td width=\"113\">1310nm<\/td>\n<td width=\"94\">em<\/td>\n<td width=\"94\">9,2\u00b10,4<\/td>\n<td width=\"103\">\u2026..<\/td>\n<td width=\"122\">\u2026..<\/td>\n<\/tr>\n<tr>\n<td width=\"113\">1550 nm<\/td>\n<td width=\"94\">em<\/td>\n<td width=\"94\">10,4\u00b10,8<\/td>\n<td width=\"103\">\u2026..<\/td>\n<td width=\"122\">\u2026..<\/td>\n<\/tr>\n<tr>\n<td colspan=\"2\" width=\"254\">Apertura num\u00e9rica (NA)<\/td>\n<td width=\"94\">&nbsp;<\/td>\n<td width=\"94\">\u2026\u2026<\/td>\n<td width=\"103\">0,200\u00b10,015<\/td>\n<td width=\"122\">0,275\u00b10,015<\/td>\n<\/tr>\n<tr>\n<td colspan=\"2\" width=\"254\">Paso(media de la medici\u00f3n bidireccional)<\/td>\n<td width=\"94\">dB<\/td>\n<td width=\"94\">\u22640,05<\/td>\n<td width=\"103\">\u22640,10<\/td>\n<td width=\"122\">\u22640,10<\/td>\n<\/tr>\n<tr>\n<td colspan=\"2\" width=\"254\">Irregularidades en la longitud de las fibras y discontinuidad de los puntos<\/td>\n<td width=\"94\">dB<\/td>\n<td width=\"94\">\u22640,05<\/td>\n<td width=\"103\">\u22640,10<\/td>\n<td width=\"122\">\u22640,10<\/td>\n<\/tr>\n<tr>\n<td colspan=\"2\" width=\"254\">Coeficiente de retrodispersi\u00f3n de diferencia<\/td>\n<td width=\"94\">dB\/km<\/td>\n<td width=\"94\">\u22640,03<\/td>\n<td width=\"103\">\u22640,08<\/td>\n<td width=\"122\">\u22640,10<\/td>\n<\/tr>\n<tr>\n<td colspan=\"2\" width=\"254\">Uniformidad de atenuaci\u00f3n<\/td>\n<td width=\"94\">dB\/km<\/td>\n<td width=\"94\">\u22640,01<\/td>\n<td width=\"103\">\u2026\u2026.<\/td>\n<td width=\"122\">\u2026\u2026.<\/td>\n<\/tr>\n<tr>\n<td colspan=\"2\" width=\"254\">Di\u00e1metro del n\u00facleo<\/td>\n<td width=\"94\">em<\/td>\n<td width=\"94\">\u2026\u2026<\/td>\n<td width=\"103\">50\u00b11,0<\/td>\n<td width=\"122\">62,5\u00b12,5<\/td>\n<\/tr>\n<tr>\n<td colspan=\"2\" width=\"254\">Di\u00e1metro del revestimiento<\/td>\n<td width=\"94\">em<\/td>\n<td width=\"94\">125,0\u00b10,1<\/td>\n<td width=\"103\">125,0\u00b10,1<\/td>\n<td width=\"122\">125,0\u00b10,1<\/td>\n<\/tr>\n<tr>\n<td colspan=\"2\" width=\"254\">Falta de circularidad del revestimiento<\/td>\n<td width=\"94\">%<\/td>\n<td width=\"94\">\u22641,0<\/td>\n<td width=\"103\">\u22641,0<\/td>\n<td width=\"122\">\u22641,0<\/td>\n<\/tr>\n<tr>\n<td colspan=\"2\" width=\"254\">Di\u00e1metro del revestimiento<\/td>\n<td width=\"94\">em<\/td>\n<td width=\"94\">242\u00b17<\/td>\n<td width=\"103\">242\u00b17<\/td>\n<td width=\"122\">242\u00b17<\/td>\n<\/tr>\n<tr>\n<td colspan=\"2\" width=\"254\">Error de recubrimiento\/pinz\u00f3n conc\u00e9ntrico<\/td>\n<td width=\"94\">em<\/td>\n<td width=\"94\">\u226412,0<\/td>\n<td width=\"103\">\u226412,0<\/td>\n<td width=\"122\">\u226412,0<\/td>\n<\/tr>\n<tr>\n<td colspan=\"2\" width=\"254\">No circularidad del revestimiento<\/td>\n<td width=\"94\">%<\/td>\n<td width=\"94\">\u22646.0<\/td>\n<td width=\"103\">\u22646.0<\/td>\n<td width=\"122\">\u22646.0<\/td>\n<\/tr>\n<tr>\n<td colspan=\"2\" width=\"254\">Error de concentricidad del n\u00facleo\/revestimiento<\/td>\n<td width=\"94\">em<\/td>\n<td width=\"94\">\u22640,6<\/td>\n<td width=\"103\">\u22641,5<\/td>\n<td width=\"122\">\u22641,5<\/td>\n<\/tr>\n<tr>\n<td colspan=\"2\" width=\"254\">Curl(radio)<\/td>\n<td width=\"94\">em<\/td>\n<td width=\"94\">\u22644<\/td>\n<td width=\"103\">\u2026..<\/td>\n<td width=\"122\">\u2026..<\/td>\n<\/tr>\n<\/tbody>\n<\/table>","protected":false},"excerpt":{"rendered":"<p>En el cable de PE trenzado de tubo suelto 2-144F con doble armadura y funda (GYTA53) de OMC, se ubica un alambre de acero (a veces revestido con polietileno (PE)) en el centro del n\u00facleo como miembro met\u00e1lico de resistencia. La fibra monomodo\/multimodo se coloca en el tubo holgado, que est\u00e1 hecho de materiales PBT y lleno de compuesto de relleno. Los tubos (y rellenos) se trenzan alrededor del miembro de resistencia en un [\u2026]<\/p>","protected":false},"featured_media":11145,"comment_status":"closed","ping_status":"closed","template":"","meta":{"site-sidebar-layout":"default","site-content-layout":"","ast-site-content-layout":"default","site-content-style":"default","site-sidebar-style":"default","ast-global-header-display":"","ast-banner-title-visibility":"","ast-main-header-display":"","ast-hfb-above-header-display":"","ast-hfb-below-header-display":"","ast-hfb-mobile-header-display":"","site-post-title":"","ast-breadcrumbs-content":"","ast-featured-img":"","footer-sml-layout":"","theme-transparent-header-meta":"default","adv-header-id-meta":"","stick-header-meta":"default","header-above-stick-meta":"","header-main-stick-meta":"","header-below-stick-meta":"","astra-migrate-meta-layouts":"set","ast-page-background-enabled":"default","ast-page-background-meta":{"desktop":{"background-color":"var(--ast-global-color-4)","background-image":"","background-repeat":"repeat","background-position":"center center","background-size":"auto","background-attachment":"scroll","background-type":"","background-media":"","overlay-type":"","overlay-color":"","overlay-gradient":""},"tablet":{"background-color":"","background-image":"","background-repeat":"repeat","background-position":"center center","background-size":"auto","background-attachment":"scroll","background-type":"","background-media":"","overlay-type":"","overlay-color":"","overlay-gradient":""},"mobile":{"background-color":"","background-image":"","background-repeat":"repeat","background-position":"center center","background-size":"auto","background-attachment":"scroll","background-type":"","background-media":"","overlay-type":"","overlay-color":"","overlay-gradient":""}},"ast-content-background-meta":{"desktop":{"background-color":"var(--ast-global-color-5)","background-image":"","background-repeat":"repeat","background-position":"center center","background-size":"auto","background-attachment":"scroll","background-type":"","background-media":"","overlay-type":"","overlay-color":"","overlay-gradient":""},"tablet":{"background-color":"var(--ast-global-color-5)","background-image":"","background-repeat":"repeat","background-position":"center center","background-size":"auto","background-attachment":"scroll","background-type":"","background-media":"","overlay-type":"","overlay-color":"","overlay-gradient":""},"mobile":{"background-color":"var(--ast-global-color-5)","background-image":"","background-repeat":"repeat","background-position":"center center","background-size":"auto","background-attachment":"scroll","background-type":"","background-media":"","overlay-type":"","overlay-color":"","overlay-gradient":""}}},"product_cat":[139,124],"product_tag":[],"class_list":{"0":"post-11142","1":"product","2":"type-product","3":"status-publish","4":"has-post-thumbnail","6":"product_cat-armored-outdoor-cable","7":"product_cat-outdoor-cable","8":"desktop-align-left","9":"tablet-align-left","10":"mobile-align-left","11":"ast-product-gallery-layout-horizontal-slider","12":"ast-product-tabs-layout-horizontal","14":"first","15":"instock","16":"shipping-taxable","17":"product-type-simple"},"acf":[],"_links":{"self":[{"href":"https:\/\/www.omccable.com\/es\/wp-json\/wp\/v2\/product\/11142","targetHints":{"allow":["GET"]}}],"collection":[{"href":"https:\/\/www.omccable.com\/es\/wp-json\/wp\/v2\/product"}],"about":[{"href":"https:\/\/www.omccable.com\/es\/wp-json\/wp\/v2\/types\/product"}],"replies":[{"embeddable":true,"href":"https:\/\/www.omccable.com\/es\/wp-json\/wp\/v2\/comments?post=11142"}],"version-history":[{"count":1,"href":"https:\/\/www.omccable.com\/es\/wp-json\/wp\/v2\/product\/11142\/revisions"}],"predecessor-version":[{"id":11148,"href":"https:\/\/www.omccable.com\/es\/wp-json\/wp\/v2\/product\/11142\/revisions\/11148"}],"wp:featuredmedia":[{"embeddable":true,"href":"https:\/\/www.omccable.com\/es\/wp-json\/wp\/v2\/media\/11145"}],"wp:attachment":[{"href":"https:\/\/www.omccable.com\/es\/wp-json\/wp\/v2\/media?parent=11142"}],"wp:term":[{"taxonomy":"product_cat","embeddable":true,"href":"https:\/\/www.omccable.com\/es\/wp-json\/wp\/v2\/product_cat?post=11142"},{"taxonomy":"product_tag","embeddable":true,"href":"https:\/\/www.omccable.com\/es\/wp-json\/wp\/v2\/product_tag?post=11142"}],"curies":[{"name":"wp","href":"https:\/\/api.w.org\/{rel}","templated":true}]}}