{"id":11097,"date":"2024-06-24T16:30:30","date_gmt":"2024-06-24T08:30:30","guid":{"rendered":"https:\/\/www.omccable.com\/?post_type=product&#038;p=11097"},"modified":"2024-06-24T16:31:25","modified_gmt":"2024-06-24T08:31:25","slug":"4-288f-stranded-loose-tube-armored-cable-gytzs-pe","status":"publish","type":"product","link":"https:\/\/www.omccable.com\/es\/producto\/4-288f-stranded-loose-tube-armored-cable-gytzs-pe\/","title":{"rendered":"Cable blindado de tubo suelto trenzado 4-288F (GYTZS) PE"},"content":{"rendered":"<p>En la OMC <strong><b>LSZH blindado de tubo suelto trenzado 24F (GYHTSH)<\/b><\/strong>\u00a0cable, A <strong><b>acero<\/b><\/strong><strong><b>\u00a0<\/b><\/strong><strong><b>cable<\/b><\/strong>\u00a0La capa de protecci\u00f3n de PE (cuando sea necesario) est\u00e1 ubicada en el centro del n\u00facleo como un miembro de resistencia met\u00e1lico. La fibra monomodo\/multimodo se coloca en el tubo holgado, que est\u00e1 hecho de materiales PBT y lleno de compuesto de relleno. El tubo suelto est\u00e1 cubierto con<strong><b>\u00a0Cinta de acero corrugado<\/b><\/strong>, Finalmente, la chaqueta de materiales LSZH est\u00e1 cubierta para garantizar la compacidad y el rendimiento longitudinal de bloqueo de agua.<\/p>\n<p>&nbsp;<\/p>\n<p><strong><b>Color est\u00e1ndar de fibra y tubo<\/b><\/strong><\/p>\n<p>El c\u00f3digo de color de las fibras individuales deber\u00e1 estar de acuerdo con la tabla siguiente<\/p>\n<table>\n<tbody>\n<tr>\n<td width=\"124\"><strong>No.<\/strong><\/td>\n<td width=\"85\">1<\/td>\n<td width=\"94\">2<\/td>\n<td width=\"94\">3<\/td>\n<td width=\"85\">4<\/td>\n<td width=\"75\">5<\/td>\n<td width=\"104\">6<\/td>\n<\/tr>\n<tr>\n<td width=\"124\"><strong>Color<\/strong><\/td>\n<td width=\"85\">Azul<\/td>\n<td width=\"94\">Naranja<\/td>\n<td width=\"94\">Verde<\/td>\n<td width=\"85\">Marr\u00f3n<\/td>\n<td width=\"75\">Gris<\/td>\n<td width=\"104\">Blanco<\/td>\n<\/tr>\n<tr>\n<td width=\"124\"><strong>No.<\/strong><\/td>\n<td width=\"85\">7<\/td>\n<td width=\"94\">8<\/td>\n<td width=\"94\">9<\/td>\n<td width=\"85\">10<\/td>\n<td width=\"75\">11<\/td>\n<td width=\"104\">12<\/td>\n<\/tr>\n<tr>\n<td width=\"124\"><strong>Color<\/strong><\/td>\n<td width=\"85\">Rojo<\/td>\n<td width=\"94\">Negro<\/td>\n<td width=\"94\">Amarillo<\/td>\n<td width=\"85\">Violeta<\/td>\n<td width=\"75\">Rosa<\/td>\n<td width=\"104\">Agua<\/td>\n<\/tr>\n<\/tbody>\n<\/table>\n<p>C\u00f3digo de color del tubo para 12~144 fibras:<\/p>\n<table>\n<tbody>\n<tr>\n<td width=\"124\"><strong>No.<\/strong><\/td>\n<td width=\"85\">1<\/td>\n<td width=\"94\">2<\/td>\n<td width=\"94\">3<\/td>\n<td width=\"85\">4<\/td>\n<td width=\"85\">5<\/td>\n<td width=\"94\">6<\/td>\n<\/tr>\n<tr>\n<td width=\"124\"><strong>Color<\/strong><\/td>\n<td width=\"85\">Azul<\/td>\n<td width=\"94\">Naranja<\/td>\n<td width=\"94\">Verde<\/td>\n<td width=\"85\">Marr\u00f3n<\/td>\n<td width=\"85\">Gris<\/td>\n<td width=\"94\">Blanco<\/td>\n<\/tr>\n<tr>\n<td width=\"124\"><strong>No.<\/strong><\/td>\n<td width=\"85\">7<\/td>\n<td width=\"94\">8<\/td>\n<td width=\"94\">9<\/td>\n<td width=\"85\">10<\/td>\n<td width=\"85\">11<\/td>\n<td width=\"94\">12<\/td>\n<\/tr>\n<tr>\n<td width=\"124\"><strong>Color<\/strong><\/td>\n<td width=\"85\">Rojo<\/td>\n<td width=\"94\">Negro<\/td>\n<td width=\"94\">Amarillo<\/td>\n<td width=\"85\">Violeta<\/td>\n<td width=\"85\">Rosa<\/td>\n<td width=\"94\">Agua<\/td>\n<\/tr>\n<\/tbody>\n<\/table>\n<p>Nota: # significa una sola franja negra; * significa una sola franja blanca.<\/p>\n<p>&nbsp;<\/p>\n<p><strong><b>Cable<\/b><\/strong><strong><b>\u00a0Par\u00e1metro de estructura<\/b><\/strong><\/p>\n<table>\n<tbody>\n<tr>\n<td width=\"94\"><strong>Recuento de fibras<\/strong><\/td>\n<td width=\"75\"><strong>Estructura<\/strong><\/td>\n<td width=\"56\"><strong>Fibras por tubo<\/strong><\/td>\n<td width=\"94\"><strong>Di\u00e1metro del tubo suelto<\/strong><\/p>\n<p><strong>(mm)<\/strong><\/td>\n<td width=\"103\"><strong>Di\u00e1metro CSM\/almohadilla   di\u00e1metro<\/strong><\/p>\n<p><strong>(mm)<\/strong><\/td>\n<td width=\"94\"><strong>Espesor nominal de la cubierta exterior<\/strong><\/p>\n<p><strong>(mm)<\/strong><\/td>\n<td width=\"75\"><strong>Di\u00e1metro del cable<\/strong><\/p>\n<p><strong>(mm)<\/strong><\/td>\n<td width=\"75\"><strong>Peso del cable<\/strong><\/p>\n<p><strong>(kg\/km)<\/strong><\/td>\n<\/tr>\n<tr>\n<td width=\"94\">4<\/td>\n<td width=\"75\">1+5<\/td>\n<td width=\"56\">4<\/td>\n<td width=\"94\">2,0 \u00b10,1<\/td>\n<td width=\"103\">1.4\/1.4<\/td>\n<td width=\"94\">1.6<\/td>\n<td width=\"75\">9,0 \u00b10,5<\/td>\n<td width=\"75\">92<\/td>\n<\/tr>\n<tr>\n<td width=\"94\">6<\/td>\n<td width=\"75\">1+5<\/td>\n<td width=\"56\">6<\/td>\n<td width=\"94\">2,0 \u00b10,1<\/td>\n<td width=\"103\">1.4\/1.4<\/td>\n<td width=\"94\">1.6<\/td>\n<td width=\"75\">9,0 \u00b10,5<\/td>\n<td width=\"75\">92<\/td>\n<\/tr>\n<tr>\n<td width=\"94\">8<\/td>\n<td width=\"75\">1+5<\/td>\n<td width=\"56\">4<\/td>\n<td width=\"94\">2,0 \u00b10,1<\/td>\n<td width=\"103\">1.4\/1.4<\/td>\n<td width=\"94\">1.6<\/td>\n<td width=\"75\">9,0 \u00b10,5<\/td>\n<td width=\"75\">92<\/td>\n<\/tr>\n<tr>\n<td width=\"94\">12<\/td>\n<td width=\"75\">1+5<\/td>\n<td width=\"56\">6<\/td>\n<td width=\"94\">2,0 \u00b10,1<\/td>\n<td width=\"103\">1.4\/1.4<\/td>\n<td width=\"94\">1.6<\/td>\n<td width=\"75\">9,0 \u00b10,5<\/td>\n<td width=\"75\">92<\/td>\n<\/tr>\n<tr>\n<td width=\"94\">18<\/td>\n<td width=\"75\">1+5<\/td>\n<td width=\"56\">6<\/td>\n<td width=\"94\">2,0 \u00b10,1<\/td>\n<td width=\"103\">1.4\/1.4<\/td>\n<td width=\"94\">1.6<\/td>\n<td width=\"75\">9,0 \u00b10,5<\/td>\n<td width=\"75\">93<\/td>\n<\/tr>\n<tr>\n<td width=\"94\">24<\/td>\n<td width=\"75\">1+5<\/td>\n<td width=\"56\">6<\/td>\n<td width=\"94\">2,0 \u00b10,1<\/td>\n<td width=\"103\">1.4\/1.4<\/td>\n<td width=\"94\">1.6<\/td>\n<td width=\"75\">9,0 \u00b10,5<\/td>\n<td width=\"75\">94<\/td>\n<\/tr>\n<tr>\n<td width=\"94\">30<\/td>\n<td width=\"75\">1+5<\/td>\n<td width=\"56\">6<\/td>\n<td width=\"94\">2,0 \u00b10,1<\/td>\n<td width=\"103\">1.4\/1.4<\/td>\n<td width=\"94\">1.6<\/td>\n<td width=\"75\">9,0 \u00b10,5<\/td>\n<td width=\"75\">95<\/td>\n<\/tr>\n<tr>\n<td width=\"94\">36<\/td>\n<td width=\"75\">1+5<\/td>\n<td width=\"56\">12<\/td>\n<td width=\"94\">2,2 \u00b10,1<\/td>\n<td width=\"103\">1.6\/1.6<\/td>\n<td width=\"94\">2.0<\/td>\n<td width=\"75\">9,7 \u00b10,5<\/td>\n<td width=\"75\">100<\/td>\n<\/tr>\n<tr>\n<td width=\"94\">48<\/td>\n<td width=\"75\">1+5<\/td>\n<td width=\"56\">12<\/td>\n<td width=\"94\">2,2 \u00b10,1<\/td>\n<td width=\"103\">1.6\/1.6<\/td>\n<td width=\"94\">2.0<\/td>\n<td width=\"75\">9,7 \u00b10,5<\/td>\n<td width=\"75\">109<\/td>\n<\/tr>\n<tr>\n<td width=\"94\">60<\/td>\n<td width=\"75\">1+5<\/td>\n<td width=\"56\">12<\/td>\n<td width=\"94\">2,2 \u00b10,1<\/td>\n<td width=\"103\">1.6\/1.6<\/td>\n<td width=\"94\">2.0<\/td>\n<td width=\"75\">9,7 \u00b10,5<\/td>\n<td width=\"75\">110<\/td>\n<\/tr>\n<tr>\n<td width=\"94\">72<\/td>\n<td width=\"75\">1+6<\/td>\n<td width=\"56\">12<\/td>\n<td width=\"94\">2,2 \u00b10,1<\/td>\n<td width=\"103\">2.0\/2.0<\/td>\n<td width=\"94\">2.0<\/td>\n<td width=\"75\">10,4 \u00b10,5<\/td>\n<td width=\"75\">135<\/td>\n<\/tr>\n<tr>\n<td width=\"94\">84<\/td>\n<td width=\"75\">1+7<\/td>\n<td width=\"56\">12<\/td>\n<td width=\"94\">2,2 \u00b10,1<\/td>\n<td width=\"103\">1.8\/2.9<\/td>\n<td width=\"94\">2.0<\/td>\n<td width=\"75\">11,3 \u00b10,5<\/td>\n<td width=\"75\">150<\/td>\n<\/tr>\n<tr>\n<td width=\"94\">96<\/td>\n<td width=\"75\">1+8<\/td>\n<td width=\"56\">12<\/td>\n<td width=\"94\">2,2 \u00b10,1<\/td>\n<td width=\"103\">1.8\/3.5<\/td>\n<td width=\"94\">2.0<\/td>\n<td width=\"75\">12,0 \u00b10,5<\/td>\n<td width=\"75\">165<\/td>\n<\/tr>\n<tr>\n<td width=\"94\">108<\/td>\n<td width=\"75\">1+9<\/td>\n<td width=\"56\">12<\/td>\n<td width=\"94\">2,2 \u00b10,1<\/td>\n<td width=\"103\">1.8\/4.2<\/td>\n<td width=\"94\">2.0<\/td>\n<td width=\"75\">12,7 \u00b10,5<\/td>\n<td width=\"75\">180<\/td>\n<\/tr>\n<tr>\n<td width=\"94\">120<\/td>\n<td width=\"75\">1+10<\/td>\n<td width=\"56\">12<\/td>\n<td width=\"94\">2,2 \u00b10,1<\/td>\n<td width=\"103\">1.8\/4.9<\/td>\n<td width=\"94\">2.0<\/td>\n<td width=\"75\">13,4 \u00b10,5<\/td>\n<td width=\"75\">200<\/td>\n<\/tr>\n<tr>\n<td width=\"94\">132<\/td>\n<td width=\"75\">1+11<\/td>\n<td width=\"56\">12<\/td>\n<td width=\"94\">2,2 \u00b10,1<\/td>\n<td width=\"103\">1.8\/5.5<\/td>\n<td width=\"94\">2.0<\/td>\n<td width=\"75\">14,0 \u00b10,5<\/td>\n<td width=\"75\">215<\/td>\n<\/tr>\n<tr>\n<td width=\"94\">144<\/td>\n<td width=\"75\">1+12<\/td>\n<td width=\"56\">12<\/td>\n<td width=\"94\">2,2 \u00b10,1<\/td>\n<td width=\"103\">2.0\/6.4<\/td>\n<td width=\"94\">2.0<\/td>\n<td width=\"75\">15,0 \u00b10,5<\/td>\n<td width=\"75\">235<\/td>\n<\/tr>\n<tr>\n<td width=\"94\">192<\/td>\n<td width=\"75\">1+6+12<\/td>\n<td width=\"56\">12<\/td>\n<td width=\"94\">2,2 \u00b10,1<\/td>\n<td width=\"103\">2.2\/2.2<\/td>\n<td width=\"94\">2.0<\/td>\n<td width=\"75\">14,7 \u00b10,5<\/td>\n<td width=\"75\">245<\/td>\n<\/tr>\n<tr>\n<td width=\"94\">216<\/td>\n<td width=\"75\">1+6+12<\/td>\n<td width=\"56\">12<\/td>\n<td width=\"94\">2,2 \u00b10,1<\/td>\n<td width=\"103\">2.2\/2.2<\/td>\n<td width=\"94\">2.0<\/td>\n<td width=\"75\">14,7 \u00b10,5<\/td>\n<td width=\"75\">248<\/td>\n<\/tr>\n<tr>\n<td width=\"94\">288<\/td>\n<td width=\"75\">1+9+15<\/td>\n<td width=\"56\">12<\/td>\n<td width=\"94\">2,2\u00b10,1<\/td>\n<td width=\"103\">2.2\/4.2<\/td>\n<td width=\"94\">2.0<\/td>\n<td width=\"75\">16,7 \u00b10,5<\/td>\n<td width=\"75\">310<\/td>\n<\/tr>\n<\/tbody>\n<\/table>\n<p>&nbsp;<\/p>\n<p><strong><b>Par\u00e1metro del material del cable<\/b><\/strong><\/p>\n<table>\n<tbody>\n<tr>\n<td colspan=\"2\" width=\"232\"><strong>Art\u00edculo<\/strong><\/td>\n<td width=\"438\"><strong>Par\u00e1metros<\/strong><\/td>\n<\/tr>\n<tr>\n<td rowspan=\"2\" width=\"129\">tubo suelto<\/td>\n<td width=\"102\">Materiales<\/td>\n<td width=\"438\">PBT<\/td>\n<\/tr>\n<tr>\n<td width=\"102\">Color<\/td>\n<td width=\"438\">Espectro de color completo<\/td>\n<\/tr>\n<tr>\n<td rowspan=\"2\" width=\"129\">Relleno<\/td>\n<td width=\"102\">Materiales<\/td>\n<td width=\"438\">educaci\u00f3n f\u00edsica<\/td>\n<\/tr>\n<tr>\n<td width=\"102\">Color<\/td>\n<td width=\"438\">Negro<\/td>\n<\/tr>\n<tr>\n<td width=\"129\">MSC<\/td>\n<td width=\"102\">Materiales<\/td>\n<td width=\"438\">Alambre de acero para fosfatado<\/td>\n<\/tr>\n<tr>\n<td width=\"129\">Blindado<\/td>\n<td width=\"102\">Materiales<\/td>\n<td width=\"438\">Cinta de acero corrugado<\/td>\n<\/tr>\n<tr>\n<td rowspan=\"2\" width=\"129\">Chaqueta exterior<\/td>\n<td width=\"102\">Materiales<\/td>\n<td width=\"438\">LSZH<\/td>\n<\/tr>\n<tr>\n<td width=\"102\">Color<\/td>\n<td width=\"438\">Negro<\/td>\n<\/tr>\n<\/tbody>\n<\/table>\n<p>&nbsp;<\/p>\n<p><strong><b>Desempe\u00f1o mec\u00e1nico y ambiental<\/b><\/strong><\/p>\n<table>\n<tbody>\n<tr>\n<td width=\"221\"><strong>Art\u00edculo<\/strong><\/td>\n<td width=\"206\"><strong>Contenido<\/strong><\/td>\n<td width=\"245\"><strong>Valor<\/strong><\/td>\n<\/tr>\n<tr>\n<td rowspan=\"2\" width=\"221\">M\u00e1x. carga de tracci\u00f3n<\/td>\n<td width=\"206\">Corto plazo<\/td>\n<td width=\"245\">Deformaci\u00f3n de fibra 1500N\u22640.6%<\/td>\n<\/tr>\n<tr>\n<td width=\"206\">Largo plazo<\/td>\n<td width=\"245\">700N<\/td>\n<\/tr>\n<tr>\n<td rowspan=\"2\" width=\"221\">M\u00e1x. resistencia al aplastamiento<\/td>\n<td width=\"206\">Corto plazo<\/td>\n<td width=\"245\">1000N\/100mm<\/td>\n<\/tr>\n<tr>\n<td width=\"206\">Largo plazo<\/td>\n<td width=\"245\">300N\/100mm<\/td>\n<\/tr>\n<tr>\n<td width=\"221\">Torsi\u00f3n<\/td>\n<td colspan=\"2\" width=\"451\">Carga: 150N; n\u00famero de ciclos: 10; \u00c1ngulo de giro: \u00b1180\u00b0 Sin atenuaci\u00f3n adicional evidente, sin rotura de fibra ni da\u00f1os en el cable.<\/td>\n<\/tr>\n<tr>\n<td width=\"221\">Impacto<\/td>\n<td colspan=\"2\" width=\"451\">Energ\u00eda de impacto: 450g\u00d71m; radio de la cabeza del martillo: 12,5 mm; n\u00famero de impacto: 5; Sin atenuaci\u00f3n adicional evidente, sin rotura de fibra ni da\u00f1os en el cable.<\/td>\n<\/tr>\n<tr>\n<td rowspan=\"2\" width=\"221\">M\u00edn. radio de curvatura<\/td>\n<td width=\"206\">Instalaci\u00f3n<\/td>\n<td width=\"245\">20 x di\u00e1metro del cable<\/td>\n<\/tr>\n<tr>\n<td width=\"206\">Operaci\u00f3n<\/td>\n<td width=\"245\">10 x di\u00e1metro del cable<\/td>\n<\/tr>\n<tr>\n<td rowspan=\"3\" width=\"221\">Rango de temperatura<\/td>\n<td width=\"206\">Operaci\u00f3n<\/td>\n<td width=\"245\">-40\u2103 ~ +70\u2103<\/td>\n<\/tr>\n<tr>\n<td width=\"206\">Instalaci\u00f3n<\/td>\n<td width=\"245\">-20\u2103 ~ +60\u2103<\/td>\n<\/tr>\n<tr>\n<td width=\"206\">Almacenamiento\/transporte<\/td>\n<td width=\"245\">-40\u2103 ~ +70\u2103<\/td>\n<\/tr>\n<\/tbody>\n<\/table>\n<p>&nbsp;<\/p>\n<p><strong><b>Par\u00e1metros t\u00e9cnicos de fibra \u00f3ptica. <\/b><\/strong><\/p>\n<table>\n<tbody>\n<tr>\n<td colspan=\"2\" width=\"254\"><strong>Estilo de fibra<\/strong><\/td>\n<td width=\"94\"><strong>Unidad<\/strong><\/td>\n<td width=\"94\"><strong>SM 9\/125<\/strong><\/td>\n<td width=\"103\"><strong>MM 50\/125<\/strong><\/td>\n<td width=\"122\"><strong>MM 62,5\/125<\/strong><\/td>\n<\/tr>\n<tr>\n<td colspan=\"2\" width=\"254\">Condici\u00f3n<\/td>\n<td width=\"94\">nm<\/td>\n<td width=\"94\">1310\/1550<\/td>\n<td width=\"103\">850\/1300<\/td>\n<td width=\"122\">850\/1300<\/td>\n<\/tr>\n<tr>\n<td colspan=\"2\" width=\"254\">Atenuaci\u00f3n<\/td>\n<td width=\"94\">dB\/km<\/td>\n<td width=\"94\">\u22640,34\/0,2<\/td>\n<td width=\"103\">\u22643,0\/1,0<\/td>\n<td width=\"122\">\u22643,0\/1,0<\/td>\n<\/tr>\n<tr>\n<td rowspan=\"2\" width=\"141\">Dispersi\u00f3n<\/td>\n<td width=\"113\">1310nm<\/td>\n<td width=\"94\">Ps\/(nm*km)<\/td>\n<td width=\"94\">\u226418<\/td>\n<td width=\"103\">\u2026..<\/td>\n<td width=\"122\">\u2026..<\/td>\n<\/tr>\n<tr>\n<td width=\"113\">1550 nm<\/td>\n<td width=\"94\">Ps\/(nm*km)<\/td>\n<td width=\"94\">\u226422<\/td>\n<td width=\"103\">\u2026..<\/td>\n<td width=\"122\">\u2026..<\/td>\n<\/tr>\n<tr>\n<td rowspan=\"2\" width=\"141\">Ancho de banda<\/td>\n<td width=\"113\">850 nm<\/td>\n<td width=\"94\">MEGAHERCIO. kil\u00f3metros<\/td>\n<td width=\"94\">\u2026..<\/td>\n<td width=\"103\">\u2267400<\/td>\n<td width=\"122\">\u2267160<\/td>\n<\/tr>\n<tr>\n<td width=\"113\">1300nm<\/td>\n<td width=\"94\">MEGAHERCIO. kil\u00f3metros<\/td>\n<td width=\"94\">\u2026..<\/td>\n<td width=\"103\">\u2267800<\/td>\n<td width=\"122\">\u2267500<\/td>\n<\/tr>\n<tr>\n<td colspan=\"2\" width=\"254\">Longitud de onda de dispersi\u00f3n cero<\/td>\n<td width=\"94\">nm<\/td>\n<td width=\"94\">\u22671302,<\/p>\n<p>\u22641322<\/td>\n<td width=\"103\">\u2026..<\/td>\n<td width=\"122\">\u2026..<\/td>\n<\/tr>\n<tr>\n<td colspan=\"2\" width=\"254\">Pendiente de dispersi\u00f3n cero<\/td>\n<td width=\"94\">nm<\/td>\n<td width=\"94\">\u22640,091<\/td>\n<td width=\"103\">\u2026..<\/td>\n<td width=\"122\">\u2026..<\/td>\n<\/tr>\n<tr>\n<td colspan=\"2\" width=\"254\">PMD M\u00e1ximo de Fibra Individual<\/td>\n<td width=\"94\"><\/td>\n<td width=\"94\">\u22640,2<\/td>\n<td width=\"103\">\u2026..<\/td>\n<td width=\"122\">\u2026..<\/td>\n<\/tr>\n<tr>\n<td colspan=\"2\" width=\"254\">Valor del enlace de dise\u00f1o PMD<\/td>\n<td width=\"94\">Sal(nm2*km)<\/td>\n<td width=\"94\">\u22640,08<\/td>\n<td width=\"103\">\u2026..<\/td>\n<td width=\"122\">\u2026..<\/td>\n<\/tr>\n<tr>\n<td colspan=\"2\" width=\"254\">Longitud de onda de corte de fibra \u03bbc<\/td>\n<td width=\"94\">nm<\/td>\n<td width=\"94\">\u22671180,<\/p>\n<p>\u22641330<\/td>\n<td width=\"103\">\u2026..<\/td>\n<td width=\"122\">\u2026..<\/td>\n<\/tr>\n<tr>\n<td colspan=\"2\" width=\"254\">Longitud de onda de corte del cable \u03bbcc<\/td>\n<td width=\"94\">nm<\/td>\n<td width=\"94\">\u22641260<\/td>\n<td width=\"103\">\u2026..<\/td>\n<td width=\"122\">\u2026..<\/td>\n<\/tr>\n<tr>\n<td rowspan=\"2\" width=\"141\">MFD<\/td>\n<td width=\"113\">1310nm<\/td>\n<td width=\"94\">em<\/td>\n<td width=\"94\">9,2\u00b10,4<\/td>\n<td width=\"103\">\u2026..<\/td>\n<td width=\"122\">\u2026..<\/td>\n<\/tr>\n<tr>\n<td width=\"113\">1550 nm<\/td>\n<td width=\"94\">em<\/td>\n<td width=\"94\">10,4\u00b10,8<\/td>\n<td width=\"103\">\u2026..<\/td>\n<td width=\"122\">\u2026..<\/td>\n<\/tr>\n<tr>\n<td colspan=\"2\" width=\"254\">Apertura num\u00e9rica (NA)<\/td>\n<td width=\"94\"><\/td>\n<td width=\"94\">\u2026\u2026<\/td>\n<td width=\"103\">0,200\u00b10,015<\/td>\n<td width=\"122\">0,275\u00b10,015<\/td>\n<\/tr>\n<tr>\n<td colspan=\"2\" width=\"254\">Paso(media de la medici\u00f3n bidireccional)<\/td>\n<td width=\"94\">dB<\/td>\n<td width=\"94\">\u22640,05<\/td>\n<td width=\"103\">\u22640,10<\/td>\n<td width=\"122\">\u22640,10<\/td>\n<\/tr>\n<tr>\n<td colspan=\"2\" width=\"254\">Irregularidades en la longitud de las fibras y discontinuidad de los puntos<\/td>\n<td width=\"94\">dB<\/td>\n<td width=\"94\">\u22640,05<\/td>\n<td width=\"103\">\u22640,10<\/td>\n<td width=\"122\">\u22640,10<\/td>\n<\/tr>\n<tr>\n<td colspan=\"2\" width=\"254\">Coeficiente de retrodispersi\u00f3n de diferencia<\/td>\n<td width=\"94\">dB\/km<\/td>\n<td width=\"94\">\u22640,03<\/td>\n<td width=\"103\">\u22640,08<\/td>\n<td width=\"122\">\u22640,10<\/td>\n<\/tr>\n<tr>\n<td colspan=\"2\" width=\"254\">Uniformidad de atenuaci\u00f3n<\/td>\n<td width=\"94\">dB\/km<\/td>\n<td width=\"94\">\u22640,01<\/td>\n<td width=\"103\">\u2026\u2026.<\/td>\n<td width=\"122\">\u2026\u2026.<\/td>\n<\/tr>\n<tr>\n<td colspan=\"2\" width=\"254\">Di\u00e1metro del n\u00facleo<\/td>\n<td width=\"94\">em<\/td>\n<td width=\"94\">\u2026\u2026<\/td>\n<td width=\"103\">50\u00b11,0<\/td>\n<td width=\"122\">62,5\u00b12,5<\/td>\n<\/tr>\n<tr>\n<td colspan=\"2\" width=\"254\">Di\u00e1metro del revestimiento<\/td>\n<td width=\"94\">em<\/td>\n<td width=\"94\">125,0\u00b10,1<\/td>\n<td width=\"103\">125,0\u00b10,1<\/td>\n<td width=\"122\">125,0\u00b10,1<\/td>\n<\/tr>\n<tr>\n<td colspan=\"2\" width=\"254\">Falta de circularidad del revestimiento<\/td>\n<td width=\"94\">%<\/td>\n<td width=\"94\">\u22641,0<\/td>\n<td width=\"103\">\u22641,0<\/td>\n<td width=\"122\">\u22641,0<\/td>\n<\/tr>\n<tr>\n<td colspan=\"2\" width=\"254\">Di\u00e1metro del revestimiento<\/td>\n<td width=\"94\">em<\/td>\n<td width=\"94\">242\u00b17<\/td>\n<td width=\"103\">242\u00b17<\/td>\n<td width=\"122\">242\u00b17<\/td>\n<\/tr>\n<tr>\n<td colspan=\"2\" width=\"254\">Error de recubrimiento\/pinz\u00f3n conc\u00e9ntrico<\/td>\n<td width=\"94\">em<\/td>\n<td width=\"94\">\u226412,0<\/td>\n<td width=\"103\">\u226412,0<\/td>\n<td width=\"122\">\u226412,0<\/td>\n<\/tr>\n<tr>\n<td colspan=\"2\" width=\"254\">No circularidad del revestimiento<\/td>\n<td width=\"94\">%<\/td>\n<td width=\"94\">\u22646.0<\/td>\n<td width=\"103\">\u22646.0<\/td>\n<td width=\"122\">\u22646.0<\/td>\n<\/tr>\n<tr>\n<td colspan=\"2\" width=\"254\">Error de concentricidad del n\u00facleo\/revestimiento<\/td>\n<td width=\"94\">em<\/td>\n<td width=\"94\">\u22640,6<\/td>\n<td width=\"103\">\u22641,5<\/td>\n<td width=\"122\">\u22641,5<\/td>\n<\/tr>\n<tr>\n<td colspan=\"2\" width=\"254\">Curl(radio)<\/td>\n<td width=\"94\">em<\/td>\n<td width=\"94\">\u22644<\/td>\n<td width=\"103\">\u2026..<\/td>\n<td width=\"122\">\u2026..<\/td>\n<\/tr>\n<\/tbody>\n<\/table>","protected":false},"excerpt":{"rendered":"<p>En el cable LSZH blindado de tubo suelto trenzado 24F (GYHTSH) de OMC, se ubica una capa protectora de alambre de acero y PE (siempre que sea necesario) en el centro del n\u00facleo como miembro met\u00e1lico de resistencia. La fibra monomodo\/multimodo se coloca en el tubo holgado, que est\u00e1 hecho de materiales PBT y lleno de compuesto de relleno. El tubo suelto est\u00e1 cubierto con cinta de acero corrugado. Finalmente, la chaqueta de materiales LSZH est\u00e1 cubierta para garantizar [\u2026]<\/p>","protected":false},"featured_media":11098,"comment_status":"closed","ping_status":"closed","template":"","meta":{"site-sidebar-layout":"default","site-content-layout":"","ast-site-content-layout":"default","site-content-style":"default","site-sidebar-style":"default","ast-global-header-display":"","ast-banner-title-visibility":"","ast-main-header-display":"","ast-hfb-above-header-display":"","ast-hfb-below-header-display":"","ast-hfb-mobile-header-display":"","site-post-title":"","ast-breadcrumbs-content":"","ast-featured-img":"","footer-sml-layout":"","theme-transparent-header-meta":"default","adv-header-id-meta":"","stick-header-meta":"default","header-above-stick-meta":"","header-main-stick-meta":"","header-below-stick-meta":"","astra-migrate-meta-layouts":"set","ast-page-background-enabled":"default","ast-page-background-meta":{"desktop":{"background-color":"var(--ast-global-color-4)","background-image":"","background-repeat":"repeat","background-position":"center center","background-size":"auto","background-attachment":"scroll","background-type":"","background-media":"","overlay-type":"","overlay-color":"","overlay-gradient":""},"tablet":{"background-color":"","background-image":"","background-repeat":"repeat","background-position":"center center","background-size":"auto","background-attachment":"scroll","background-type":"","background-media":"","overlay-type":"","overlay-color":"","overlay-gradient":""},"mobile":{"background-color":"","background-image":"","background-repeat":"repeat","background-position":"center center","background-size":"auto","background-attachment":"scroll","background-type":"","background-media":"","overlay-type":"","overlay-color":"","overlay-gradient":""}},"ast-content-background-meta":{"desktop":{"background-color":"var(--ast-global-color-5)","background-image":"","background-repeat":"repeat","background-position":"center center","background-size":"auto","background-attachment":"scroll","background-type":"","background-media":"","overlay-type":"","overlay-color":"","overlay-gradient":""},"tablet":{"background-color":"var(--ast-global-color-5)","background-image":"","background-repeat":"repeat","background-position":"center center","background-size":"auto","background-attachment":"scroll","background-type":"","background-media":"","overlay-type":"","overlay-color":"","overlay-gradient":""},"mobile":{"background-color":"var(--ast-global-color-5)","background-image":"","background-repeat":"repeat","background-position":"center center","background-size":"auto","background-attachment":"scroll","background-type":"","background-media":"","overlay-type":"","overlay-color":"","overlay-gradient":""}}},"product_cat":[139,124],"product_tag":[],"class_list":{"0":"post-11097","1":"product","2":"type-product","3":"status-publish","4":"has-post-thumbnail","6":"product_cat-armored-outdoor-cable","7":"product_cat-outdoor-cable","8":"desktop-align-left","9":"tablet-align-left","10":"mobile-align-left","11":"ast-product-gallery-layout-horizontal-slider","12":"ast-product-tabs-layout-horizontal","14":"first","15":"instock","16":"shipping-taxable","17":"product-type-simple"},"acf":[],"_links":{"self":[{"href":"https:\/\/www.omccable.com\/es\/wp-json\/wp\/v2\/product\/11097","targetHints":{"allow":["GET"]}}],"collection":[{"href":"https:\/\/www.omccable.com\/es\/wp-json\/wp\/v2\/product"}],"about":[{"href":"https:\/\/www.omccable.com\/es\/wp-json\/wp\/v2\/types\/product"}],"replies":[{"embeddable":true,"href":"https:\/\/www.omccable.com\/es\/wp-json\/wp\/v2\/comments?post=11097"}],"version-history":[{"count":2,"href":"https:\/\/www.omccable.com\/es\/wp-json\/wp\/v2\/product\/11097\/revisions"}],"predecessor-version":[{"id":11101,"href":"https:\/\/www.omccable.com\/es\/wp-json\/wp\/v2\/product\/11097\/revisions\/11101"}],"wp:featuredmedia":[{"embeddable":true,"href":"https:\/\/www.omccable.com\/es\/wp-json\/wp\/v2\/media\/11098"}],"wp:attachment":[{"href":"https:\/\/www.omccable.com\/es\/wp-json\/wp\/v2\/media?parent=11097"}],"wp:term":[{"taxonomy":"product_cat","embeddable":true,"href":"https:\/\/www.omccable.com\/es\/wp-json\/wp\/v2\/product_cat?post=11097"},{"taxonomy":"product_tag","embeddable":true,"href":"https:\/\/www.omccable.com\/es\/wp-json\/wp\/v2\/product_tag?post=11097"}],"curies":[{"name":"wp","href":"https:\/\/api.w.org\/{rel}","templated":true}]}}