{"id":11047,"date":"2024-06-21T09:55:23","date_gmt":"2024-06-21T01:55:23","guid":{"rendered":"https:\/\/www.omccable.com\/?post_type=product&#038;p=11047"},"modified":"2024-06-21T09:59:13","modified_gmt":"2024-06-21T01:59:13","slug":"576f-stranded-loose-tube-cable%ef%bc%88gyty","status":"publish","type":"product","link":"https:\/\/www.omccable.com\/es\/producto\/576f-stranded-loose-tube-cable%ef%bc%88gyty\/","title":{"rendered":"Cable de tubo suelto trenzado 576F (GYTY)"},"content":{"rendered":"<p>En la OMC<strong><b>\u00a0Tubo suelto trenzado 576F\uff08GYTY) <\/b><\/strong><strong><b>al aire libre<\/b><\/strong><strong><b>\u00a0<\/b><\/strong>cables, <strong><b>A <\/b><\/strong><strong><b>Varado<\/b><\/strong><strong><b>\u00a0<\/b><\/strong><strong><b>Alambre<\/b><\/strong><strong><b>\u00a0(<\/b><\/strong>a veces revestido con polietileno (PE)<strong><b>)<\/b><\/strong>\u00a0Se ubica en el centro del n\u00facleo como un miembro met\u00e1lico de resistencia. La fibra monomodo\/multimodo se coloca en el tubo holgado, que est\u00e1 hecho de materiales PBT y lleno de compuesto de relleno. El<strong><b>\u00a0tubos (y rellenos)<\/b><\/strong>\u00a0est\u00e1n trenzados alrededor del miembro de resistencia en un n\u00facleo compacto y circular. Un\u00a0<strong><b>Funda exterior de PE<\/b><\/strong>\u00a0est\u00e1 cubierto en todos los tubos sueltos.<\/p>\n<p>&nbsp;<\/p>\n<p><strong><b>Color est\u00e1ndar de fibra y tubo<\/b><\/strong><\/p>\n<p>El c\u00f3digo de color de las fibras individuales deber\u00e1 estar de acuerdo con la tabla siguiente<\/p>\n<table>\n<tbody>\n<tr>\n<td width=\"124\"><strong>No.<\/strong><\/td>\n<td width=\"85\">1<\/td>\n<td width=\"94\">2<\/td>\n<td width=\"94\">3<\/td>\n<td width=\"85\">4<\/td>\n<td width=\"75\">5<\/td>\n<td width=\"104\">6<\/td>\n<\/tr>\n<tr>\n<td width=\"124\"><strong>Color<\/strong><\/td>\n<td width=\"85\">Azul<\/td>\n<td width=\"94\">Naranja<\/td>\n<td width=\"94\">Verde<\/td>\n<td width=\"85\">Marr\u00f3n<\/td>\n<td width=\"75\">Gris<\/td>\n<td width=\"104\">Blanco<\/td>\n<\/tr>\n<tr>\n<td width=\"124\"><strong>No.<\/strong><\/td>\n<td width=\"85\">7<\/td>\n<td width=\"94\">8<\/td>\n<td width=\"94\">9<\/td>\n<td width=\"85\">10<\/td>\n<td width=\"75\">11<\/td>\n<td width=\"104\">12<\/td>\n<\/tr>\n<tr>\n<td width=\"124\"><strong>Color<\/strong><\/td>\n<td width=\"85\">Rojo<\/td>\n<td width=\"94\">Negro<\/td>\n<td width=\"94\">Amarillo<\/td>\n<td width=\"85\">Violeta<\/td>\n<td width=\"75\">Rosa<\/td>\n<td width=\"104\">Agua<\/td>\n<\/tr>\n<\/tbody>\n<\/table>\n<p>C\u00f3digo de color del tubo para 12~144 fibras:<\/p>\n<table>\n<tbody>\n<tr>\n<td width=\"124\"><strong>No.<\/strong><\/td>\n<td width=\"85\">1<\/td>\n<td width=\"94\">2<\/td>\n<td width=\"94\">3<\/td>\n<td width=\"85\">4<\/td>\n<td width=\"85\">5<\/td>\n<td width=\"94\">6<\/td>\n<\/tr>\n<tr>\n<td width=\"124\"><strong>Color<\/strong><\/td>\n<td width=\"85\">Azul<\/td>\n<td width=\"94\">Naranja<\/td>\n<td width=\"94\">Verde<\/td>\n<td width=\"85\">Marr\u00f3n<\/td>\n<td width=\"85\">Gris<\/td>\n<td width=\"94\">Blanco<\/td>\n<\/tr>\n<tr>\n<td width=\"124\"><strong>No.<\/strong><\/td>\n<td width=\"85\">7<\/td>\n<td width=\"94\">8<\/td>\n<td width=\"94\">9<\/td>\n<td width=\"85\">10<\/td>\n<td width=\"85\">11<\/td>\n<td width=\"94\">12<\/td>\n<\/tr>\n<tr>\n<td width=\"124\"><strong>Color<\/strong><\/td>\n<td width=\"85\">Rojo<\/td>\n<td width=\"94\">Negro<\/td>\n<td width=\"94\">Amarillo<\/td>\n<td width=\"85\">Violeta<\/td>\n<td width=\"85\">Rosa<\/td>\n<td width=\"94\">Agua<\/td>\n<\/tr>\n<\/tbody>\n<\/table>\n<p>Nota: # significa una sola franja negra; * significa una sola franja blanca.<\/p>\n<p>&nbsp;<\/p>\n<p><strong><b>Cable<\/b><\/strong><strong><b>\u00a0Par\u00e1metro de estructura<\/b><\/strong><\/p>\n<table>\n<tbody>\n<tr>\n<td colspan=\"2\" width=\"387\"><strong><b>Proyecto<\/b><\/strong><\/td>\n<td width=\"122\"><strong><b>unidad<\/b><\/strong><\/td>\n<td width=\"160\"><strong><b>par\u00e1metro<\/b><\/strong><\/td>\n<\/tr>\n<tr>\n<td rowspan=\"2\" width=\"264\">Fibra \u00f3ptica<\/td>\n<td width=\"122\">N\u00famero<\/td>\n<td width=\"122\">N\u00facleo<\/td>\n<td width=\"160\">576<\/td>\n<\/tr>\n<tr>\n<td width=\"122\">Modelo<\/td>\n<td colspan=\"2\" width=\"283\">SM 9\/125<\/td>\n<\/tr>\n<tr>\n<td rowspan=\"5\" width=\"264\">tubo suelto<\/td>\n<td width=\"122\">materiales<\/td>\n<td colspan=\"2\" width=\"283\">PBT<\/td>\n<\/tr>\n<tr>\n<td width=\"122\">Tubo de color<\/td>\n<td width=\"122\">N\u00famero<\/td>\n<td width=\"160\">24<\/td>\n<\/tr>\n<tr>\n<td width=\"122\">di\u00e1metro<\/td>\n<td width=\"122\">\u00b10,1 mm<\/td>\n<td width=\"160\">2.6<\/td>\n<\/tr>\n<tr>\n<td width=\"122\">espesor<\/td>\n<td width=\"122\">\u00b10,05 mm<\/td>\n<td width=\"160\">0.35<\/td>\n<\/tr>\n<tr>\n<td width=\"122\">Fibra en tubo<\/td>\n<td width=\"122\">N\u00famero<\/td>\n<td width=\"160\">24<\/td>\n<\/tr>\n<tr>\n<td rowspan=\"3\" width=\"264\">Material resistente<\/td>\n<td width=\"122\">Materiales<\/td>\n<td colspan=\"2\" width=\"283\">GSSW<\/td>\n<\/tr>\n<tr>\n<td width=\"122\">di\u00e1metro<\/td>\n<td width=\"122\">\u00b10,1 mm<\/td>\n<td width=\"160\">3<\/td>\n<\/tr>\n<tr>\n<td width=\"122\">di\u00e1metro<\/td>\n<td width=\"122\">\u00b10,1 mm<\/td>\n<td width=\"160\">PE5.1<\/td>\n<\/tr>\n<tr>\n<td width=\"264\">Hilo que bloquea el agua N\u00famero<\/td>\n<td width=\"122\"><\/td>\n<td width=\"122\">2000D<\/td>\n<td width=\"160\">6<\/td>\n<\/tr>\n<tr>\n<td width=\"264\">Cinta bloqueadora de agua<\/td>\n<td width=\"122\"><\/td>\n<td width=\"122\">\u00b10,05 mm<\/td>\n<td width=\"160\">0.15<\/td>\n<\/tr>\n<tr>\n<td width=\"264\">N\u00famero de cord\u00f3n de desgarro<\/td>\n<td width=\"122\"><\/td>\n<td width=\"122\">3000D<\/td>\n<td width=\"160\">2<\/td>\n<\/tr>\n<tr>\n<td width=\"264\">Elementos de resistencia<\/td>\n<td width=\"122\">Hilo de vidrio 600D<\/td>\n<td width=\"122\">CANTIDAD<\/td>\n<td width=\"160\">12<\/td>\n<\/tr>\n<tr>\n<td rowspan=\"2\" width=\"264\">Funda interior<\/td>\n<td width=\"122\">Materiales<\/td>\n<td colspan=\"2\" width=\"283\">PEMD<\/td>\n<\/tr>\n<tr>\n<td width=\"122\">espesor<\/td>\n<td width=\"122\">\u00b10,2 mm<\/td>\n<td width=\"160\">0.9<\/td>\n<\/tr>\n<tr>\n<td rowspan=\"5\" width=\"264\">Funda exterior<\/td>\n<td width=\"122\">Materiales<\/td>\n<td colspan=\"2\" width=\"283\">PEAD<\/td>\n<\/tr>\n<tr>\n<td width=\"122\">Color<\/td>\n<td colspan=\"2\" width=\"283\">Negro<\/td>\n<\/tr>\n<tr>\n<td width=\"122\">raya<\/td>\n<td colspan=\"2\" width=\"283\">Rosa<\/td>\n<\/tr>\n<tr>\n<td width=\"122\">espesor<\/td>\n<td width=\"122\">\u00b10,1 mm<\/td>\n<td width=\"160\">1.8<\/td>\n<\/tr>\n<tr>\n<td width=\"122\">di\u00e1metro<\/td>\n<td width=\"122\">\u00b15% mm<\/td>\n<td width=\"160\">18.7<\/td>\n<\/tr>\n<tr>\n<td width=\"264\">Peso del cable<\/td>\n<td width=\"122\"><\/td>\n<td width=\"122\">\u00b110kg\/km<\/td>\n<td width=\"160\">320<\/td>\n<\/tr>\n<\/tbody>\n<\/table>\n<p>&nbsp;<\/p>\n<p><strong><b>Par\u00e1metro del material del cable<\/b><\/strong><\/p>\n<table>\n<tbody>\n<tr>\n<td colspan=\"2\" width=\"241\"><strong><b>Art\u00edculo<\/b><\/strong><\/td>\n<td width=\"429\"><strong><b>Par\u00e1metros<\/b><\/strong><\/td>\n<\/tr>\n<tr>\n<td rowspan=\"2\" width=\"138\">tubo suelto<\/td>\n<td width=\"102\">Materiales<\/td>\n<td width=\"429\">PBT<\/td>\n<\/tr>\n<tr>\n<td width=\"102\">Color<\/td>\n<td width=\"429\">Espectro de color completo<\/td>\n<\/tr>\n<tr>\n<td rowspan=\"2\" width=\"138\">Relleno<\/td>\n<td width=\"102\">Materiales<\/td>\n<td width=\"429\">educaci\u00f3n f\u00edsica<\/td>\n<\/tr>\n<tr>\n<td width=\"102\">Color<\/td>\n<td width=\"429\">Negro<\/td>\n<\/tr>\n<tr>\n<td width=\"138\">MSC<\/td>\n<td width=\"102\">Materiales<\/td>\n<td width=\"429\">FRP<\/td>\n<\/tr>\n<tr>\n<td width=\"138\">Blindado<\/td>\n<td width=\"102\">Materiales<\/td>\n<td width=\"429\">Cinta de acero corrugado<\/td>\n<\/tr>\n<tr>\n<td rowspan=\"2\" width=\"138\">Chaqueta interior<\/td>\n<td width=\"102\">Materiales<\/td>\n<td width=\"429\">educaci\u00f3n f\u00edsica<\/td>\n<\/tr>\n<tr>\n<td width=\"102\">Color<\/td>\n<td width=\"429\">Negro<\/td>\n<\/tr>\n<tr>\n<td rowspan=\"2\" width=\"138\">Chaqueta exterior<\/td>\n<td width=\"102\">Materiales<\/td>\n<td width=\"429\">educaci\u00f3n f\u00edsica<\/td>\n<\/tr>\n<tr>\n<td width=\"102\">Color<\/td>\n<td width=\"429\">Negro<\/td>\n<\/tr>\n<\/tbody>\n<\/table>\n<p><strong><b>\u00a0<\/b><\/strong><\/p>\n<p><strong><b>Desempe\u00f1o mec\u00e1nico y ambiental<\/b><\/strong><\/p>\n<table>\n<tbody>\n<tr>\n<td width=\"229\"><strong>Art\u00edculo<\/strong><\/td>\n<td width=\"206\"><strong>Contenido<\/strong><\/td>\n<td width=\"236\"><strong>Valor<\/strong><\/td>\n<\/tr>\n<tr>\n<td rowspan=\"2\" width=\"229\">M\u00e1x. carga de tracci\u00f3n<\/td>\n<td width=\"206\">Corto plazo<\/td>\n<td width=\"236\">Deformaci\u00f3n de fibra 4000N\u22640.6%<\/td>\n<\/tr>\n<tr>\n<td width=\"206\">Largo plazo<\/td>\n<td width=\"236\">2200N<\/td>\n<\/tr>\n<tr>\n<td rowspan=\"2\" width=\"229\">M\u00e1x. resistencia al aplastamiento<\/td>\n<td width=\"206\">Corto plazo<\/td>\n<td width=\"236\">3000N\/100mm<\/td>\n<\/tr>\n<tr>\n<td width=\"206\">Largo plazo<\/td>\n<td width=\"236\">1000N\/100mm<\/td>\n<\/tr>\n<tr>\n<td rowspan=\"2\" width=\"229\">M\u00edn. radio de curvatura<\/td>\n<td width=\"206\">Instalaci\u00f3n<\/td>\n<td width=\"236\">30 x di\u00e1metro del cable<\/td>\n<\/tr>\n<tr>\n<td width=\"206\">Operaci\u00f3n<\/td>\n<td width=\"236\">15 x di\u00e1metro del cable<\/td>\n<\/tr>\n<tr>\n<td rowspan=\"3\" width=\"229\">Rango de temperatura<\/td>\n<td width=\"206\">Operaci\u00f3n<\/td>\n<td width=\"236\">-40\u2103 ~ +70\u2103<\/td>\n<\/tr>\n<tr>\n<td width=\"206\">Instalaci\u00f3n<\/td>\n<td width=\"236\">-20\u2103 ~ +60\u2103<\/td>\n<\/tr>\n<tr>\n<td width=\"206\">Almacenamiento\/transporte<\/td>\n<td width=\"236\">-40\u2103 ~ +70\u2103<\/td>\n<\/tr>\n<\/tbody>\n<\/table>\n<p>&nbsp;<\/p>\n<p><strong><b>Prueba principal de rendimiento mec\u00e1nico y ambiental<\/b><\/strong><\/p>\n<table>\n<tbody>\n<tr>\n<td colspan=\"2\" width=\"349\"><strong>Art\u00edculo<\/strong><\/td>\n<td width=\"321\"><strong>Condici\u00f3n de aceptaci\u00f3n<\/strong><\/td>\n<\/tr>\n<tr>\n<td rowspan=\"3\" width=\"150\">Resistencia a la tracci\u00f3n<br \/>\nCEI 60794-1-2-E1<\/td>\n<td width=\"198\">Carga: MAT<\/td>\n<td width=\"321\">Deformaci\u00f3n de la fibra \u2264 0,33%<\/td>\n<\/tr>\n<tr>\n<td width=\"198\">Longitud del cable: \u2265 50 m<\/td>\n<td width=\"321\">Cambio de p\u00e9rdida \u22640,1 dB a 1550 nm despu\u00e9s de la prueba.<\/td>\n<\/tr>\n<tr>\n<td width=\"198\">Tiempo de carga: 1min<\/td>\n<td width=\"321\">Sin rotura de fibras ni da\u00f1os en la funda.<\/td>\n<\/tr>\n<tr>\n<td rowspan=\"2\" width=\"150\">Prueba de aplastamiento<br \/>\nCEI 60794-1-2-E3<\/td>\n<td width=\"198\">Carga: aplastamiento a corto plazo<\/td>\n<td width=\"321\">Cambio de p\u00e9rdida \u2264 0,1 dB a 1550 nm despu\u00e9s de la prueba.<\/td>\n<\/tr>\n<tr>\n<td width=\"198\">Tiempo de carga: 1min<\/td>\n<td width=\"321\">Sin rotura de fibras ni da\u00f1os en la funda.<\/td>\n<\/tr>\n<tr>\n<td rowspan=\"4\" width=\"150\">Prueba de impacto<br \/>\nCEI 60794-1-2-E4<\/td>\n<td width=\"198\">Radio: 300 mm<\/td>\n<td rowspan=\"4\" width=\"321\">Cambio de p\u00e9rdida \u2264 0,1 dB a 1550 nm despu\u00e9s de la prueba.<br \/>\nSin rotura de fibras ni da\u00f1os en la funda.<\/td>\n<\/tr>\n<tr>\n<td width=\"198\">Puntos de impacto: 3<\/td>\n<\/tr>\n<tr>\n<td width=\"198\">Tiempos por punto: 1<\/td>\n<\/tr>\n<tr>\n<td width=\"198\">Energ\u00eda de impacto: 5J<\/td>\n<\/tr>\n<tr>\n<td rowspan=\"2\" width=\"150\">Doblado repetido<br \/>\nCEI 60794-1-2-E6<\/td>\n<td width=\"198\">Radio de curvatura: 20 x OD<\/td>\n<td width=\"321\">Cambio de p\u00e9rdida \u2264 0,1 dB a 1550 nm despu\u00e9s de la prueba.<\/td>\n<\/tr>\n<tr>\n<td width=\"198\">N\u00ba de ciclo: 25<\/td>\n<td width=\"321\">Sin rotura de fibras ni da\u00f1os en la funda.<\/td>\n<\/tr>\n<tr>\n<td rowspan=\"3\" width=\"150\">Torsi\u00f3n<br \/>\nCEI 60794-1-2-E7<\/td>\n<td width=\"198\">Longitud: 2m<\/td>\n<td width=\"321\">Cambio de p\u00e9rdida \u2264 0,1 dB a 1550 nm despu\u00e9s de la prueba.<\/td>\n<\/tr>\n<tr>\n<td width=\"198\">\u00c1ngulo de giro: \u00b1180\u00b0<\/td>\n<td width=\"321\">Sin rotura de fibras ni da\u00f1os en la funda.<\/td>\n<\/tr>\n<tr>\n<td width=\"198\">N\u00ba de ciclo: 10<\/td>\n<td width=\"321\"><\/td>\n<\/tr>\n<tr>\n<td rowspan=\"3\" width=\"150\">Curva del cable<br \/>\nIEC 60794-1-2-E11<\/td>\n<td width=\"198\">Di\u00e1metro del mandril: 20 x OD<\/td>\n<td width=\"321\">Cambio de p\u00e9rdida \u2264 0,1 dB a 1550 nm despu\u00e9s de la prueba.<\/td>\n<\/tr>\n<tr>\n<td width=\"198\">N\u00famero de vueltas:4<\/td>\n<td width=\"321\">Sin rotura de fibras ni da\u00f1os en la funda.<\/td>\n<\/tr>\n<tr>\n<td width=\"198\">N\u00famero de ciclos:3<\/td>\n<td width=\"321\"><\/td>\n<\/tr>\n<tr>\n<td rowspan=\"3\" width=\"150\">flujo compuesto<br \/>\nCEI 60794-1-2-E14<\/td>\n<td width=\"198\">Longitud: 30 cm<\/td>\n<td width=\"321\"><\/td>\n<\/tr>\n<tr>\n<td width=\"198\">Temperatura: 70 \u2103 \u00b1 2 \u2103<\/td>\n<td width=\"321\">Sin salida ni goteo<\/td>\n<\/tr>\n<tr>\n<td width=\"198\">Periodo:24h<\/td>\n<td width=\"321\"><\/td>\n<\/tr>\n<tr>\n<td rowspan=\"3\" width=\"150\">Penetraci\u00f3n de agua<br \/>\nCEI 60794-1-2-F5B<\/td>\n<td width=\"198\">Altura del agua: 1m<\/td>\n<td width=\"321\">No hay fugas de agua desde el n\u00facleo del cable del<\/td>\n<\/tr>\n<tr>\n<td width=\"198\">Longitud de la muestra: 3m<\/td>\n<td width=\"321\">extremo opuesto<\/td>\n<\/tr>\n<tr>\n<td width=\"198\">Hora: 24h<\/td>\n<td width=\"321\"><\/td>\n<\/tr>\n<tr>\n<td rowspan=\"3\" width=\"150\">Ciclos de temperatura<br \/>\nCEI 60794-1-2-F1<\/td>\n<td width=\"198\">Temperatura: -30 \u2103 ~ +60 \u2103<\/td>\n<td width=\"321\">Cambio de p\u00e9rdida \u2264 0,1 dB a 1550 nm despu\u00e9s de la prueba.<\/td>\n<\/tr>\n<tr>\n<td width=\"198\">Tiempo de cada paso: 12h<\/td>\n<td width=\"321\">Sin rotura de fibras ni da\u00f1os en la funda.<\/td>\n<\/tr>\n<tr>\n<td width=\"198\">N\u00famero de ciclo: 2<\/td>\n<td width=\"321\"><\/td>\n<\/tr>\n<\/tbody>\n<\/table>\n<p>&nbsp;<\/p>\n<p><strong><b>Par\u00e1metros t\u00e9cnicos de fibra \u00f3ptica. <\/b><\/strong><\/p>\n<table>\n<tbody>\n<tr>\n<td colspan=\"2\" width=\"254\"><strong>Estilo de fibra<\/strong><\/td>\n<td width=\"94\"><strong>Unidad<\/strong><\/td>\n<td width=\"94\"><strong>SM 9\/125<\/strong><\/td>\n<td width=\"103\"><strong>MM 50\/125<\/strong><\/td>\n<td width=\"122\"><strong>MM 62,5\/125<\/strong><\/td>\n<\/tr>\n<tr>\n<td colspan=\"2\" width=\"254\">Condici\u00f3n<\/td>\n<td width=\"94\">nm<\/td>\n<td width=\"94\">1310\/1550<\/td>\n<td width=\"103\">850\/1300<\/td>\n<td width=\"122\">850\/1300<\/td>\n<\/tr>\n<tr>\n<td colspan=\"2\" width=\"254\">Atenuaci\u00f3n<\/td>\n<td width=\"94\">dB\/km<\/td>\n<td width=\"94\">\u22640,34\/0,2<\/td>\n<td width=\"103\">\u22643,0\/1,0<\/td>\n<td width=\"122\">\u22643,0\/1,0<\/td>\n<\/tr>\n<tr>\n<td rowspan=\"2\" width=\"141\">Dispersi\u00f3n<\/td>\n<td width=\"113\">1310nm<\/td>\n<td width=\"94\">Ps\/(nm*km)<\/td>\n<td width=\"94\">\u226418<\/td>\n<td width=\"103\">\u2026..<\/td>\n<td width=\"122\">\u2026..<\/td>\n<\/tr>\n<tr>\n<td width=\"113\">1550 nm<\/td>\n<td width=\"94\">Ps\/(nm*km)<\/td>\n<td width=\"94\">\u226422<\/td>\n<td width=\"103\">\u2026..<\/td>\n<td width=\"122\">\u2026..<\/td>\n<\/tr>\n<tr>\n<td rowspan=\"2\" width=\"141\">Ancho de banda<\/td>\n<td width=\"113\">850 nm<\/td>\n<td width=\"94\">MEGAHERCIO. kil\u00f3metros<\/td>\n<td width=\"94\">\u2026..<\/td>\n<td width=\"103\">\u2267400<\/td>\n<td width=\"122\">\u2267160<\/td>\n<\/tr>\n<tr>\n<td width=\"113\">1300nm<\/td>\n<td width=\"94\">MEGAHERCIO. kil\u00f3metros<\/td>\n<td width=\"94\">\u2026..<\/td>\n<td width=\"103\">\u2267800<\/td>\n<td width=\"122\">\u2267500<\/td>\n<\/tr>\n<tr>\n<td colspan=\"2\" width=\"254\">Longitud de onda de dispersi\u00f3n cero<\/td>\n<td width=\"94\">nm<\/td>\n<td width=\"94\">\u22671302,<\/p>\n<p>\u22641322<\/td>\n<td width=\"103\">\u2026..<\/td>\n<td width=\"122\">\u2026..<\/td>\n<\/tr>\n<tr>\n<td colspan=\"2\" width=\"254\">Pendiente de dispersi\u00f3n cero<\/td>\n<td width=\"94\">nm<\/td>\n<td width=\"94\">\u22640,091<\/td>\n<td width=\"103\">\u2026..<\/td>\n<td width=\"122\">\u2026..<\/td>\n<\/tr>\n<tr>\n<td colspan=\"2\" width=\"254\">PMD M\u00e1ximo de Fibra Individual<\/td>\n<td width=\"94\"><\/td>\n<td width=\"94\">\u22640,2<\/td>\n<td width=\"103\">\u2026..<\/td>\n<td width=\"122\">\u2026..<\/td>\n<\/tr>\n<tr>\n<td colspan=\"2\" width=\"254\">Valor del enlace de dise\u00f1o PMD<\/td>\n<td width=\"94\">Sal(nm2*km)<\/td>\n<td width=\"94\">\u22640,08<\/td>\n<td width=\"103\">\u2026..<\/td>\n<td width=\"122\">\u2026..<\/td>\n<\/tr>\n<tr>\n<td colspan=\"2\" width=\"254\">Longitud de onda de corte de fibra \u03bbc<\/td>\n<td width=\"94\">nm<\/td>\n<td width=\"94\">\u22671180,<\/p>\n<p>\u22641330<\/td>\n<td width=\"103\">\u2026..<\/td>\n<td width=\"122\">\u2026..<\/td>\n<\/tr>\n<tr>\n<td colspan=\"2\" width=\"254\">Longitud de onda de corte del cable \u03bbcc<\/td>\n<td width=\"94\">nm<\/td>\n<td width=\"94\">\u22641260<\/td>\n<td width=\"103\">\u2026..<\/td>\n<td width=\"122\">\u2026..<\/td>\n<\/tr>\n<tr>\n<td rowspan=\"2\" width=\"141\">MFD<\/td>\n<td width=\"113\">1310nm<\/td>\n<td width=\"94\">em<\/td>\n<td width=\"94\">9,2\u00b10,4<\/td>\n<td width=\"103\">\u2026..<\/td>\n<td width=\"122\">\u2026..<\/td>\n<\/tr>\n<tr>\n<td width=\"113\">1550 nm<\/td>\n<td width=\"94\">em<\/td>\n<td width=\"94\">10,4\u00b10,8<\/td>\n<td width=\"103\">\u2026..<\/td>\n<td width=\"122\">\u2026..<\/td>\n<\/tr>\n<tr>\n<td colspan=\"2\" width=\"254\">Apertura num\u00e9rica (NA)<\/td>\n<td width=\"94\"><\/td>\n<td width=\"94\">\u2026\u2026<\/td>\n<td width=\"103\">0,200\u00b10,015<\/td>\n<td width=\"122\">0,275\u00b10,015<\/td>\n<\/tr>\n<tr>\n<td colspan=\"2\" width=\"254\">Paso(media de la medici\u00f3n bidireccional)<\/td>\n<td width=\"94\">dB<\/td>\n<td width=\"94\">\u22640,05<\/td>\n<td width=\"103\">\u22640,10<\/td>\n<td width=\"122\">\u22640,10<\/td>\n<\/tr>\n<tr>\n<td colspan=\"2\" width=\"254\">Irregularidades en la longitud de las fibras y discontinuidad de los puntos<\/td>\n<td width=\"94\">dB<\/td>\n<td width=\"94\">\u22640,05<\/td>\n<td width=\"103\">\u22640,10<\/td>\n<td width=\"122\">\u22640,10<\/td>\n<\/tr>\n<tr>\n<td colspan=\"2\" width=\"254\">Coeficiente de retrodispersi\u00f3n de diferencia<\/td>\n<td width=\"94\">dB\/km<\/td>\n<td width=\"94\">\u22640,03<\/td>\n<td width=\"103\">\u22640,08<\/td>\n<td width=\"122\">\u22640,10<\/td>\n<\/tr>\n<tr>\n<td colspan=\"2\" width=\"254\">Uniformidad de atenuaci\u00f3n<\/td>\n<td width=\"94\">dB\/km<\/td>\n<td width=\"94\">\u22640,01<\/td>\n<td width=\"103\">\u2026\u2026.<\/td>\n<td width=\"122\">\u2026\u2026.<\/td>\n<\/tr>\n<tr>\n<td colspan=\"2\" width=\"254\">Di\u00e1metro del n\u00facleo<\/td>\n<td width=\"94\">em<\/td>\n<td width=\"94\">\u2026\u2026<\/td>\n<td width=\"103\">50\u00b11,0<\/td>\n<td width=\"122\">62,5\u00b12,5<\/td>\n<\/tr>\n<tr>\n<td colspan=\"2\" width=\"254\">Di\u00e1metro del revestimiento<\/td>\n<td width=\"94\">em<\/td>\n<td width=\"94\">125,0\u00b10,1<\/td>\n<td width=\"103\">125,0\u00b10,1<\/td>\n<td width=\"122\">125,0\u00b10,1<\/td>\n<\/tr>\n<tr>\n<td colspan=\"2\" width=\"254\">Falta de circularidad del revestimiento<\/td>\n<td width=\"94\">%<\/td>\n<td width=\"94\">\u22641,0<\/td>\n<td width=\"103\">\u22641,0<\/td>\n<td width=\"122\">\u22641,0<\/td>\n<\/tr>\n<tr>\n<td colspan=\"2\" width=\"254\">Di\u00e1metro del revestimiento<\/td>\n<td width=\"94\">em<\/td>\n<td width=\"94\">242\u00b17<\/td>\n<td width=\"103\">242\u00b17<\/td>\n<td width=\"122\">242\u00b17<\/td>\n<\/tr>\n<tr>\n<td colspan=\"2\" width=\"254\">Error de recubrimiento\/pinz\u00f3n conc\u00e9ntrico<\/td>\n<td width=\"94\">em<\/td>\n<td width=\"94\">\u226412,0<\/td>\n<td width=\"103\">\u226412,0<\/td>\n<td width=\"122\">\u226412,0<\/td>\n<\/tr>\n<tr>\n<td colspan=\"2\" width=\"254\">No circularidad del revestimiento<\/td>\n<td width=\"94\">%<\/td>\n<td width=\"94\">\u22646.0<\/td>\n<td width=\"103\">\u22646.0<\/td>\n<td width=\"122\">\u22646.0<\/td>\n<\/tr>\n<tr>\n<td colspan=\"2\" width=\"254\">Error de concentricidad del n\u00facleo\/revestimiento<\/td>\n<td width=\"94\">em<\/td>\n<td width=\"94\">\u22640,6<\/td>\n<td width=\"103\">\u22641,5<\/td>\n<td width=\"122\">\u22641,5<\/td>\n<\/tr>\n<tr>\n<td colspan=\"2\" width=\"254\">Curl(radio)<\/td>\n<td width=\"94\">em<\/td>\n<td width=\"94\">\u22644<\/td>\n<td width=\"103\">\u2026..<\/td>\n<td width=\"122\">\u2026..<\/td>\n<\/tr>\n<\/tbody>\n<\/table>","protected":false},"excerpt":{"rendered":"<p>En el cable para exteriores de tubo suelto trenzado 576F (GYTY) de OMC, un cable trenzado (a veces revestido con polietileno (PE)) se ubica en el centro del n\u00facleo como un miembro met\u00e1lico de resistencia. La fibra monomodo\/multimodo se coloca en el tubo holgado, que est\u00e1 hecho de materiales PBT y lleno de compuesto de relleno. Los tubos (y los rellenos) est\u00e1n trenzados alrededor del miembro de resistencia en un n\u00facleo compacto y circular. [\u2026]<\/p>","protected":false},"featured_media":11052,"comment_status":"closed","ping_status":"closed","template":"","meta":{"site-sidebar-layout":"default","site-content-layout":"","ast-site-content-layout":"default","site-content-style":"default","site-sidebar-style":"default","ast-global-header-display":"","ast-banner-title-visibility":"","ast-main-header-display":"","ast-hfb-above-header-display":"","ast-hfb-below-header-display":"","ast-hfb-mobile-header-display":"","site-post-title":"","ast-breadcrumbs-content":"","ast-featured-img":"","footer-sml-layout":"","theme-transparent-header-meta":"default","adv-header-id-meta":"","stick-header-meta":"default","header-above-stick-meta":"","header-main-stick-meta":"","header-below-stick-meta":"","astra-migrate-meta-layouts":"set","ast-page-background-enabled":"default","ast-page-background-meta":{"desktop":{"background-color":"var(--ast-global-color-4)","background-image":"","background-repeat":"repeat","background-position":"center center","background-size":"auto","background-attachment":"scroll","background-type":"","background-media":"","overlay-type":"","overlay-color":"","overlay-gradient":""},"tablet":{"background-color":"","background-image":"","background-repeat":"repeat","background-position":"center center","background-size":"auto","background-attachment":"scroll","background-type":"","background-media":"","overlay-type":"","overlay-color":"","overlay-gradient":""},"mobile":{"background-color":"","background-image":"","background-repeat":"repeat","background-position":"center center","background-size":"auto","background-attachment":"scroll","background-type":"","background-media":"","overlay-type":"","overlay-color":"","overlay-gradient":""}},"ast-content-background-meta":{"desktop":{"background-color":"var(--ast-global-color-5)","background-image":"","background-repeat":"repeat","background-position":"center center","background-size":"auto","background-attachment":"scroll","background-type":"","background-media":"","overlay-type":"","overlay-color":"","overlay-gradient":""},"tablet":{"background-color":"var(--ast-global-color-5)","background-image":"","background-repeat":"repeat","background-position":"center center","background-size":"auto","background-attachment":"scroll","background-type":"","background-media":"","overlay-type":"","overlay-color":"","overlay-gradient":""},"mobile":{"background-color":"var(--ast-global-color-5)","background-image":"","background-repeat":"repeat","background-position":"center center","background-size":"auto","background-attachment":"scroll","background-type":"","background-media":"","overlay-type":"","overlay-color":"","overlay-gradient":""}}},"product_cat":[140,124],"product_tag":[],"class_list":{"0":"post-11047","1":"product","2":"type-product","3":"status-publish","4":"has-post-thumbnail","6":"product_cat-no-armored-cable","7":"product_cat-outdoor-cable","8":"desktop-align-left","9":"tablet-align-left","10":"mobile-align-left","11":"ast-product-gallery-layout-horizontal-slider","12":"ast-product-tabs-layout-horizontal","14":"first","15":"instock","16":"shipping-taxable","17":"product-type-simple"},"acf":[],"_links":{"self":[{"href":"https:\/\/www.omccable.com\/es\/wp-json\/wp\/v2\/product\/11047","targetHints":{"allow":["GET"]}}],"collection":[{"href":"https:\/\/www.omccable.com\/es\/wp-json\/wp\/v2\/product"}],"about":[{"href":"https:\/\/www.omccable.com\/es\/wp-json\/wp\/v2\/types\/product"}],"replies":[{"embeddable":true,"href":"https:\/\/www.omccable.com\/es\/wp-json\/wp\/v2\/comments?post=11047"}],"version-history":[{"count":2,"href":"https:\/\/www.omccable.com\/es\/wp-json\/wp\/v2\/product\/11047\/revisions"}],"predecessor-version":[{"id":11054,"href":"https:\/\/www.omccable.com\/es\/wp-json\/wp\/v2\/product\/11047\/revisions\/11054"}],"wp:featuredmedia":[{"embeddable":true,"href":"https:\/\/www.omccable.com\/es\/wp-json\/wp\/v2\/media\/11052"}],"wp:attachment":[{"href":"https:\/\/www.omccable.com\/es\/wp-json\/wp\/v2\/media?parent=11047"}],"wp:term":[{"taxonomy":"product_cat","embeddable":true,"href":"https:\/\/www.omccable.com\/es\/wp-json\/wp\/v2\/product_cat?post=11047"},{"taxonomy":"product_tag","embeddable":true,"href":"https:\/\/www.omccable.com\/es\/wp-json\/wp\/v2\/product_tag?post=11047"}],"curies":[{"name":"wp","href":"https:\/\/api.w.org\/{rel}","templated":true}]}}