{"id":11043,"date":"2024-06-11T14:29:07","date_gmt":"2024-06-11T06:29:07","guid":{"rendered":"https:\/\/www.omccable.com\/?post_type=product&#038;p=11043"},"modified":"2024-06-11T14:29:07","modified_gmt":"2024-06-11T06:29:07","slug":"8-144f-aerial-self-supporting-fig-8-stranded-loose-tube-no-armored-cable-gyfc8y","status":"publish","type":"product","link":"https:\/\/www.omccable.com\/es\/producto\/8-144f-aerial-self-supporting-fig-8-stranded-loose-tube-no-armored-cable-gyfc8y\/","title":{"rendered":"8-144F Cable a\u00e9reo autoportante Fig. 8 de tubo suelto trenzado sin blindaje GYFC8Y"},"content":{"rendered":"<p>En la OMC <strong><b>8-144F Cable a\u00e9reo autoportante Fig. 8 de tubo suelto trenzado sin blindaje GYFC8Y<\/b><\/strong>, A <strong><b>Cable FRP<\/b><\/strong>, a veces revestido con polietileno (PE), se encuentra en el centro del n\u00facleo como miembro de resistencia no met\u00e1lico. La fibra monomodo\/multimodo se coloca en el tubo holgado, que est\u00e1 hecho de materiales PBT y lleno de compuesto de relleno. El tubo holgado est\u00e1 cubierto con materiales de HDPE para garantizar la compacidad y el rendimiento longitudinal de bloqueo de agua.<\/p>\n<p>&nbsp;<\/p>\n<p><strong><b>Color est\u00e1ndar de fibra y tubo<\/b><\/strong><\/p>\n<p>El c\u00f3digo de color de las fibras individuales deber\u00e1 estar de acuerdo con la tabla que se muestra a continuaci\u00f3n:<\/p>\n<table>\n<tbody>\n<tr>\n<td width=\"165\">No.<\/td>\n<td width=\"78\">1<\/td>\n<td width=\"75\">2<\/td>\n<td width=\"75\">3<\/td>\n<td width=\"75\">4<\/td>\n<td width=\"75\">5<\/td>\n<td width=\"69\">6<\/td>\n<\/tr>\n<tr>\n<td width=\"165\">Color<\/td>\n<td width=\"78\">Azul<\/td>\n<td width=\"75\">Naranja<\/td>\n<td width=\"75\">Verde<\/td>\n<td width=\"75\">Marr\u00f3n<\/td>\n<td width=\"75\">Pizarra<\/td>\n<td width=\"69\">Blanco<\/td>\n<\/tr>\n<tr>\n<td width=\"165\">No.<\/td>\n<td width=\"78\">7<\/td>\n<td width=\"75\">8<\/td>\n<td width=\"75\">9<\/td>\n<td width=\"75\">10<\/td>\n<td width=\"75\">11<\/td>\n<td width=\"69\">12<\/td>\n<\/tr>\n<tr>\n<td width=\"165\">Color<\/td>\n<td width=\"78\">Rojo<\/td>\n<td width=\"75\">Negro<\/td>\n<td width=\"75\">Amarillo<\/td>\n<td width=\"75\">Violeta<\/td>\n<td width=\"75\">Rosa<\/td>\n<td width=\"69\">Agua<\/td>\n<\/tr>\n<\/tbody>\n<\/table>\n<p>&nbsp;<\/p>\n<p><strong><b>Cable<\/b><\/strong><strong><b>\u00a0Par\u00e1metro de estructura<\/b><\/strong><\/p>\n<table>\n<tbody>\n<tr>\n<td width=\"160\"><strong>Art\u00edculo<\/strong><\/td>\n<td width=\"113\"><strong>Contenido<\/strong><\/td>\n<td width=\"66\"><strong>Unidad<\/strong><\/td>\n<td colspan=\"7\" width=\"380\"><strong>Valor<\/strong><\/td>\n<\/tr>\n<tr>\n<td width=\"160\">Recuento de fibras<\/td>\n<td width=\"113\">N\u00famero<\/td>\n<td width=\"66\">\/<\/td>\n<td width=\"47\">8<\/td>\n<td width=\"37\">12<\/td>\n<td width=\"66\">24<\/td>\n<td width=\"75\">48<\/td>\n<td width=\"74\">96<\/td>\n<td colspan=\"2\" width=\"78\">144<\/td>\n<\/tr>\n<tr>\n<td width=\"160\">Tipo de fibra<\/td>\n<td width=\"113\">\/<\/td>\n<td width=\"66\">\/<\/td>\n<td colspan=\"7\" width=\"380\">G652D<\/td>\n<\/tr>\n<tr>\n<td width=\"160\">Estructura de cables<\/td>\n<td width=\"113\">\/<\/td>\n<td width=\"66\">\/<\/td>\n<td width=\"47\">1+6<\/td>\n<td width=\"37\">1+6<\/td>\n<td width=\"66\">1+6<\/td>\n<td width=\"75\">1+6<\/td>\n<td width=\"74\">1+8<\/td>\n<td colspan=\"2\" width=\"78\">1+12<\/td>\n<\/tr>\n<tr>\n<td width=\"160\">Fibras por tubo<\/td>\n<td width=\"113\">Contar<\/td>\n<td width=\"66\">\/<\/td>\n<td width=\"47\">8<\/td>\n<td width=\"37\">6<\/td>\n<td width=\"66\">8<\/td>\n<td width=\"75\">8<\/td>\n<td width=\"74\">12<\/td>\n<td colspan=\"2\" width=\"78\">12<\/td>\n<\/tr>\n<tr>\n<td rowspan=\"2\" width=\"160\">Tubo suelto<\/td>\n<td width=\"113\">Materiales<\/td>\n<td width=\"66\">\/<\/td>\n<td colspan=\"7\" width=\"380\">PBT<\/td>\n<\/tr>\n<tr>\n<td width=\"113\">Di\u00e1metro nominal<\/td>\n<td width=\"66\">mil\u00edmetros<\/td>\n<td width=\"47\">1.9<\/td>\n<td width=\"37\">1.9<\/td>\n<td width=\"66\">1.9<\/td>\n<td width=\"75\">1.9<\/td>\n<td width=\"74\">2.0<\/td>\n<td colspan=\"2\" width=\"78\">2.0<\/td>\n<\/tr>\n<tr>\n<td rowspan=\"3\" width=\"160\">Miembro de fuerza central<\/td>\n<td width=\"113\">Materiales<\/td>\n<td width=\"66\">\/<\/td>\n<td colspan=\"7\" width=\"380\">Capa protectora de FRP<\/td>\n<\/tr>\n<tr>\n<td width=\"113\">Di\u00e1metro nominal<\/td>\n<td width=\"66\">mil\u00edmetros<\/td>\n<td width=\"47\">2.0<\/td>\n<td width=\"37\">2.0<\/td>\n<td width=\"66\">2.0<\/td>\n<td width=\"75\">2.0<\/td>\n<td width=\"74\">2.0<\/td>\n<td colspan=\"2\" width=\"78\">3.4<\/td>\n<\/tr>\n<tr>\n<td width=\"113\">Coj\u00edn de PE<\/td>\n<td width=\"66\">mil\u00edmetros<\/td>\n<td width=\"47\">\u2013<\/td>\n<td width=\"37\">\u2013<\/td>\n<td width=\"66\">\u2013<\/td>\n<td width=\"75\">\u2013<\/td>\n<td width=\"74\">3,3\u00b10,2<\/td>\n<td colspan=\"2\" width=\"78\">6,1\u00b10,2<\/td>\n<\/tr>\n<tr>\n<td width=\"160\">Sistema de bloqueo de agua<\/td>\n<td colspan=\"2\" width=\"179\">Materiales<\/td>\n<td colspan=\"7\" width=\"380\">Hilo que bloquea el agua + cinta que bloquea el agua<\/td>\n<\/tr>\n<tr>\n<td width=\"160\">Cables de mensajer\u00eda<\/td>\n<td width=\"113\">nominales<\/p>\n<p>Dimensi\u00f3n<\/td>\n<td width=\"66\">&nbsp;<\/td>\n<td colspan=\"7\" width=\"380\">Hilo de acero galvanizado 7*1,0<\/p>\n<p>Recubrimiento de zinc \u2265122g\/m\u00b2<\/td>\n<\/tr>\n<tr>\n<td rowspan=\"2\" width=\"160\">Atenuaci\u00f3n (despu\u00e9s del cable)<\/td>\n<td width=\"113\">1310nm<\/td>\n<td width=\"66\">dB\/km<\/td>\n<td colspan=\"7\" width=\"380\">\u00a30.38<\/td>\n<\/tr>\n<tr>\n<td width=\"113\">1550 nm<\/td>\n<td width=\"66\">dB\/km<\/td>\n<td colspan=\"7\" width=\"380\">\u00a30.25<\/td>\n<\/tr>\n<tr>\n<td width=\"160\">Cord\u00f3n de desgarro<\/td>\n<td colspan=\"2\" width=\"179\">N\u00famero<\/td>\n<td colspan=\"7\" width=\"380\">2 * rojo<\/td>\n<\/tr>\n<tr>\n<td width=\"160\">Raya<\/td>\n<td colspan=\"2\" width=\"179\">N\u00famero<\/td>\n<td colspan=\"7\" width=\"380\">1*Amarillo<\/td>\n<\/tr>\n<tr>\n<td rowspan=\"3\" width=\"160\">Funda<\/td>\n<td colspan=\"2\" width=\"179\">Materiales<\/td>\n<td colspan=\"7\" width=\"380\">PEAD<\/td>\n<\/tr>\n<tr>\n<td colspan=\"2\" width=\"179\">Color<\/td>\n<td colspan=\"7\" width=\"380\">Negro<\/td>\n<\/tr>\n<tr>\n<td width=\"113\">espesor<\/td>\n<td width=\"66\">mil\u00edmetros<\/td>\n<td colspan=\"7\" width=\"380\">Nominal :1,6<\/td>\n<\/tr>\n<tr>\n<td width=\"160\">Di\u00e1metro del cable<\/td>\n<td width=\"113\">\u00b11,0<\/td>\n<td width=\"66\">mil\u00edmetros<\/td>\n<td colspan=\"4\" width=\"226\">9.4*16.9<\/td>\n<td colspan=\"2\" width=\"75\">10.9*18.4<\/td>\n<td width=\"77\">13.7*21.2<\/td>\n<\/tr>\n<tr>\n<td width=\"160\">Peso del cable<\/td>\n<td width=\"113\">\u00b110%<\/td>\n<td width=\"66\">kg\/km<\/td>\n<td colspan=\"4\" width=\"226\">136<\/td>\n<td colspan=\"2\" width=\"75\">160<\/td>\n<td width=\"77\">219<\/td>\n<\/tr>\n<\/tbody>\n<\/table>\n<p><strong><b>\u00a0<\/b><\/strong><\/p>\n<p><strong><b>Desempe\u00f1o mec\u00e1nico y ambiental<\/b><\/strong><\/p>\n<table>\n<tbody>\n<tr>\n<td width=\"229\"><strong>Art\u00edculo<\/strong><\/td>\n<td width=\"270\"><strong>Contenido<\/strong><\/td>\n<td width=\"221\"><strong>Valor<\/strong><\/td>\n<\/tr>\n<tr>\n<td width=\"229\">M\u00e1x. carga de tracci\u00f3n<\/td>\n<td width=\"270\">Corto plazo<\/td>\n<td width=\"221\">2000N\uff08Deformaci\u00f3n de fibra\u22640.6\uff05\uff09<\/td>\n<\/tr>\n<tr>\n<td rowspan=\"2\" width=\"229\"><strong>\u00a0<\/strong><\/p>\n<p>M\u00e1x. resistencia al aplastamiento<\/td>\n<td width=\"270\">Corto plazo<\/td>\n<td width=\"221\">1000 N\/100 mm<\/td>\n<\/tr>\n<tr>\n<td width=\"270\">Largo plazo<\/td>\n<td width=\"221\">300 N\/100 mm<\/td>\n<\/tr>\n<tr>\n<td rowspan=\"2\" width=\"229\">M\u00edn. radio de curvatura<\/td>\n<td width=\"270\">Instalaci\u00f3n<\/td>\n<td width=\"221\">20x di\u00e1metro del cable<\/td>\n<\/tr>\n<tr>\n<td width=\"270\">Operaci\u00f3n<\/td>\n<td width=\"221\">10 x di\u00e1metro del cable<\/td>\n<\/tr>\n<tr>\n<td rowspan=\"3\" width=\"229\">Rango de temperatura<\/td>\n<td width=\"270\">Operaci\u00f3n<\/td>\n<td width=\"221\">-20\u2103 ~ +60\u2103<\/td>\n<\/tr>\n<tr>\n<td width=\"270\">Instalaci\u00f3n<\/td>\n<td width=\"221\">-40\u2103 ~ +70\u2103<\/td>\n<\/tr>\n<tr>\n<td width=\"270\">Almacenamiento\/transporte<\/td>\n<td width=\"221\">-40\u2103 ~ +60\u2103<\/td>\n<\/tr>\n<\/tbody>\n<\/table>\n<p>&nbsp;<\/p>\n<p><strong><b>Par\u00e1metros t\u00e9cnicos de fibra \u00f3ptica-SMF<\/b><\/strong><\/p>\n<table>\n<tbody>\n<tr>\n<td width=\"195\"><strong>Art\u00edculo<\/strong><\/td>\n<td width=\"292\"><strong>Contenido<\/strong><\/td>\n<td width=\"232\"><strong>Valor<\/strong><\/td>\n<\/tr>\n<tr>\n<td rowspan=\"2\" width=\"195\">Atenuaci\u00f3n<\/td>\n<td width=\"292\">@1310 nm<\/td>\n<td width=\"232\">\u22640,35dB\/km<\/td>\n<\/tr>\n<tr>\n<td width=\"292\">@1550 nm<\/td>\n<td width=\"232\">\u22640,21dB\/km<\/td>\n<\/tr>\n<tr>\n<td rowspan=\"3\" width=\"195\">Dispersi\u00f3n<\/td>\n<td width=\"292\">@1288nm~1339nm<\/td>\n<td width=\"232\">\u22643,5ps\/(nm\u00b7km)<\/td>\n<\/tr>\n<tr>\n<td width=\"292\">@1550 nm<\/td>\n<td width=\"232\">\u226418ps\/(nm\u00b7km)<\/td>\n<\/tr>\n<tr>\n<td width=\"292\">@1625nm<\/td>\n<td width=\"232\">\u226422ps\/(nm\u00b7km)<\/td>\n<\/tr>\n<tr>\n<td colspan=\"2\" width=\"487\">Longitud de onda de dispersi\u00f3n cero<\/td>\n<td width=\"232\">1300 nm ~ 1324 nm<\/td>\n<\/tr>\n<tr>\n<td colspan=\"2\" width=\"487\">Pendiente de dispersi\u00f3n cero<\/td>\n<td width=\"232\">\u22640,092 ps\/(nm<sup>2<\/sup>\u00b7km)<\/td>\n<\/tr>\n<tr>\n<td rowspan=\"2\" width=\"195\">Di\u00e1metro de campo modo (MFD)<\/td>\n<td width=\"292\">@1310 nm<\/td>\n<td width=\"232\">9,2 \u00b1 0,7 \u03bcm<\/td>\n<\/tr>\n<tr>\n<td width=\"292\">@1550 nm<\/td>\n<td width=\"232\">10,4 \u00b1 0,5 \u03bcm<\/td>\n<\/tr>\n<tr>\n<td colspan=\"2\" width=\"487\">Longitud de onda de corte del cable \u03bbcc(nm)<\/td>\n<td width=\"232\">\u22641260 nm<\/td>\n<\/tr>\n<tr>\n<td colspan=\"2\" width=\"487\">Dispersi\u00f3n de polarizaci\u00f3n de enlace (PMDQ)<\/td>\n<td width=\"232\">\u22640,2 ps\/km<sup>1\/2<\/sup><\/td>\n<\/tr>\n<tr>\n<td colspan=\"3\" width=\"720\">Caracter\u00edsticas geom\u00e9tricas<\/td>\n<\/tr>\n<tr>\n<td colspan=\"2\" width=\"487\">Di\u00e1metro del revestimiento<\/td>\n<td width=\"232\">125\u00b10,7\u03bcm<\/td>\n<\/tr>\n<tr>\n<td colspan=\"2\" width=\"487\">Falta de circularidad del revestimiento<\/td>\n<td width=\"232\">\u22641%<\/td>\n<\/tr>\n<tr>\n<td colspan=\"2\" width=\"487\">Error de concentricidad del n\u00facleo\/revestimiento<\/td>\n<td width=\"232\">\u22640,8 \u03bcm<\/td>\n<\/tr>\n<tr>\n<td colspan=\"2\" width=\"487\">Di\u00e1metro de fibra con revestimiento (sin color)<\/td>\n<td width=\"232\">250\u00b110\u03bcm<\/td>\n<\/tr>\n<tr>\n<td colspan=\"2\" width=\"487\">Error de concentricidad del revestimiento\/revestimiento<\/td>\n<td width=\"232\">\u226412,0 \u03bcm<\/td>\n<\/tr>\n<\/tbody>\n<\/table>","protected":false},"excerpt":{"rendered":"<p>En el cable no blindado de tubo holgado trenzado Fig. 8 autoportante a\u00e9reo 8-144F de OMC, GYFC8Y, un cable de FRP, a veces revestido con polietileno (PE), se ubica en el centro del n\u00facleo como un miembro de resistencia no met\u00e1lico. La fibra monomodo\/multimodo se coloca en el tubo holgado, que est\u00e1 hecho de materiales PBT y lleno de compuesto de relleno. El tubo suelto est\u00e1 cubierto [\u2026]<\/p>","protected":false},"featured_media":11045,"comment_status":"closed","ping_status":"closed","template":"","meta":{"site-sidebar-layout":"default","site-content-layout":"","ast-site-content-layout":"default","site-content-style":"default","site-sidebar-style":"default","ast-global-header-display":"","ast-banner-title-visibility":"","ast-main-header-display":"","ast-hfb-above-header-display":"","ast-hfb-below-header-display":"","ast-hfb-mobile-header-display":"","site-post-title":"","ast-breadcrumbs-content":"","ast-featured-img":"","footer-sml-layout":"","theme-transparent-header-meta":"default","adv-header-id-meta":"","stick-header-meta":"default","header-above-stick-meta":"","header-main-stick-meta":"","header-below-stick-meta":"","astra-migrate-meta-layouts":"set","ast-page-background-enabled":"default","ast-page-background-meta":{"desktop":{"background-color":"var(--ast-global-color-4)","background-image":"","background-repeat":"repeat","background-position":"center center","background-size":"auto","background-attachment":"scroll","background-type":"","background-media":"","overlay-type":"","overlay-color":"","overlay-gradient":""},"tablet":{"background-color":"","background-image":"","background-repeat":"repeat","background-position":"center center","background-size":"auto","background-attachment":"scroll","background-type":"","background-media":"","overlay-type":"","overlay-color":"","overlay-gradient":""},"mobile":{"background-color":"","background-image":"","background-repeat":"repeat","background-position":"center center","background-size":"auto","background-attachment":"scroll","background-type":"","background-media":"","overlay-type":"","overlay-color":"","overlay-gradient":""}},"ast-content-background-meta":{"desktop":{"background-color":"var(--ast-global-color-5)","background-image":"","background-repeat":"repeat","background-position":"center center","background-size":"auto","background-attachment":"scroll","background-type":"","background-media":"","overlay-type":"","overlay-color":"","overlay-gradient":""},"tablet":{"background-color":"var(--ast-global-color-5)","background-image":"","background-repeat":"repeat","background-position":"center center","background-size":"auto","background-attachment":"scroll","background-type":"","background-media":"","overlay-type":"","overlay-color":"","overlay-gradient":""},"mobile":{"background-color":"var(--ast-global-color-5)","background-image":"","background-repeat":"repeat","background-position":"center center","background-size":"auto","background-attachment":"scroll","background-type":"","background-media":"","overlay-type":"","overlay-color":"","overlay-gradient":""}}},"product_cat":[140,124],"product_tag":[],"class_list":{"0":"post-11043","1":"product","2":"type-product","3":"status-publish","4":"has-post-thumbnail","6":"product_cat-no-armored-cable","7":"product_cat-outdoor-cable","8":"desktop-align-left","9":"tablet-align-left","10":"mobile-align-left","11":"ast-product-gallery-layout-horizontal-slider","12":"ast-product-tabs-layout-horizontal","14":"first","15":"instock","16":"shipping-taxable","17":"product-type-simple"},"acf":[],"_links":{"self":[{"href":"https:\/\/www.omccable.com\/es\/wp-json\/wp\/v2\/product\/11043","targetHints":{"allow":["GET"]}}],"collection":[{"href":"https:\/\/www.omccable.com\/es\/wp-json\/wp\/v2\/product"}],"about":[{"href":"https:\/\/www.omccable.com\/es\/wp-json\/wp\/v2\/types\/product"}],"replies":[{"embeddable":true,"href":"https:\/\/www.omccable.com\/es\/wp-json\/wp\/v2\/comments?post=11043"}],"version-history":[{"count":1,"href":"https:\/\/www.omccable.com\/es\/wp-json\/wp\/v2\/product\/11043\/revisions"}],"predecessor-version":[{"id":11046,"href":"https:\/\/www.omccable.com\/es\/wp-json\/wp\/v2\/product\/11043\/revisions\/11046"}],"wp:featuredmedia":[{"embeddable":true,"href":"https:\/\/www.omccable.com\/es\/wp-json\/wp\/v2\/media\/11045"}],"wp:attachment":[{"href":"https:\/\/www.omccable.com\/es\/wp-json\/wp\/v2\/media?parent=11043"}],"wp:term":[{"taxonomy":"product_cat","embeddable":true,"href":"https:\/\/www.omccable.com\/es\/wp-json\/wp\/v2\/product_cat?post=11043"},{"taxonomy":"product_tag","embeddable":true,"href":"https:\/\/www.omccable.com\/es\/wp-json\/wp\/v2\/product_tag?post=11043"}],"curies":[{"name":"wp","href":"https:\/\/api.w.org\/{rel}","templated":true}]}}