{"id":11039,"date":"2024-06-11T14:19:10","date_gmt":"2024-06-11T06:19:10","guid":{"rendered":"https:\/\/www.omccable.com\/?post_type=product&#038;p=11039"},"modified":"2024-06-11T14:19:11","modified_gmt":"2024-06-11T06:19:11","slug":"12-432f-stranded-loose-tube-no-armored-outdoor-cable-gyfht6y","status":"publish","type":"product","link":"https:\/\/www.omccable.com\/es\/producto\/12-432f-stranded-loose-tube-no-armored-outdoor-cable-gyfht6y\/","title":{"rendered":"12-432F Cable para exteriores trenzado de tubo suelto sin blindaje-GYFHT6Y"},"content":{"rendered":"<p>En la OMC<strong><b>\u00a0<\/b><\/strong><strong><b>12-432F Cable para exteriores trenzado de tubo suelto sin blindaje-GYFHT6Y<\/b><\/strong>, A <strong><b>Cable FRP<\/b><\/strong>, a veces revestido con polietileno (PE), se encuentra en el centro del n\u00facleo como miembro de resistencia no met\u00e1lico. La fibra monomodo\/multimodo se coloca en el tubo holgado, que est\u00e1 hecho de materiales PBT y lleno de compuesto de relleno. El tubo holgado est\u00e1 cubierto con materiales de HDPE para garantizar la compacidad y el rendimiento longitudinal de bloqueo de agua.<\/p>\n<p>&nbsp;<\/p>\n<p><strong><b>Color est\u00e1ndar de fibra y tubo<\/b><\/strong><\/p>\n<p>El c\u00f3digo de color de las fibras individuales deber\u00e1 estar de acuerdo con la tabla que se muestra a continuaci\u00f3n:<\/p>\n<table>\n<tbody>\n<tr>\n<td width=\"183\">No.<\/td>\n<td width=\"87\">1<\/td>\n<td width=\"83\">2<\/td>\n<td width=\"83\">3<\/td>\n<td width=\"83\">4<\/td>\n<td width=\"83\">5<\/td>\n<td width=\"76\">6<\/td>\n<\/tr>\n<tr>\n<td width=\"183\">Color<\/td>\n<td width=\"87\">Azul<\/td>\n<td width=\"83\">Naranja<\/td>\n<td width=\"83\">Verde<\/td>\n<td width=\"83\">Marr\u00f3n<\/td>\n<td width=\"83\">Pizarra<\/td>\n<td width=\"76\">Blanco<\/td>\n<\/tr>\n<tr>\n<td width=\"183\">No.<\/td>\n<td width=\"87\">7<\/td>\n<td width=\"83\">8<\/td>\n<td width=\"83\">9<\/td>\n<td width=\"83\">10<\/td>\n<td width=\"83\">11<\/td>\n<td width=\"76\">12<\/td>\n<\/tr>\n<tr>\n<td width=\"183\">Color<\/td>\n<td width=\"87\">Rojo<\/td>\n<td width=\"83\">Negro<\/td>\n<td width=\"83\">Amarillo<\/td>\n<td width=\"83\">Violeta<\/td>\n<td width=\"83\">Rosa<\/td>\n<td width=\"76\">Agua<\/td>\n<\/tr>\n<\/tbody>\n<\/table>\n<p>&nbsp;<\/p>\n<p><strong><b>Par\u00e1metro de estructura<\/b><\/strong><\/p>\n<table>\n<tbody>\n<tr>\n<td width=\"180\"><strong>Art\u00edculo<\/strong><\/td>\n<td width=\"85\"><strong>Contenido<\/strong><\/td>\n<td width=\"56\"><strong>Unidad<\/strong><\/td>\n<td colspan=\"9\" width=\"389\"><strong>Valor<\/strong><\/td>\n<\/tr>\n<tr>\n<td width=\"180\">Recuento de fibras<\/td>\n<td width=\"85\">N\u00famero<\/td>\n<td width=\"56\">\/<\/td>\n<td width=\"94\">24-72<\/td>\n<td colspan=\"2\" width=\"75\">96<\/td>\n<td colspan=\"3\" width=\"75\">144<\/td>\n<td colspan=\"2\" width=\"75\">288<\/td>\n<td width=\"68\">432<\/td>\n<\/tr>\n<tr>\n<td width=\"180\">Tipo de fibra<\/td>\n<td width=\"85\">\/<\/td>\n<td width=\"56\">\/<\/td>\n<td colspan=\"9\" width=\"389\">G652D<\/td>\n<\/tr>\n<tr>\n<td width=\"180\">Estructura de cables<\/td>\n<td width=\"85\">\/<\/td>\n<td width=\"56\">\/<\/td>\n<td width=\"94\">1+6<\/td>\n<td colspan=\"2\" width=\"75\">1+8<\/td>\n<td colspan=\"3\" width=\"75\">1+12<\/td>\n<td colspan=\"2\" width=\"75\">1+9+15<\/td>\n<td width=\"68\">1+6+12<\/td>\n<\/tr>\n<tr>\n<td width=\"180\">Fibras por tubo<\/td>\n<td width=\"85\">Contar<\/td>\n<td width=\"56\">\/<\/td>\n<td colspan=\"8\" width=\"321\">12<\/td>\n<td width=\"68\">24<\/td>\n<\/tr>\n<tr>\n<td rowspan=\"2\" width=\"180\">Tubo suelto<\/td>\n<td width=\"85\">Materiales<\/td>\n<td width=\"56\">\/<\/td>\n<td colspan=\"9\" width=\"389\">PBT<\/td>\n<\/tr>\n<tr>\n<td width=\"85\">nominales<\/p>\n<p>Di\u00e1metro<\/td>\n<td width=\"56\">mil\u00edmetros<\/td>\n<td width=\"94\">2.3<\/td>\n<td colspan=\"2\" width=\"75\">2.1<\/td>\n<td colspan=\"3\" width=\"75\">2.1<\/td>\n<td colspan=\"2\" width=\"75\">2.1<\/td>\n<td width=\"68\">2.8<\/td>\n<\/tr>\n<tr>\n<td rowspan=\"3\" width=\"180\">Miembro de fuerza central<\/td>\n<td width=\"85\">Materiales<\/td>\n<td width=\"56\">\/<\/td>\n<td colspan=\"9\" width=\"389\">Capa de coj\u00edn de FRP y PE (cuando sea necesario)<\/td>\n<\/tr>\n<tr>\n<td width=\"85\">nominales<\/p>\n<p>Di\u00e1metro<\/td>\n<td width=\"56\">mil\u00edmetros<\/td>\n<td width=\"94\">2.5<\/td>\n<td colspan=\"2\" width=\"75\">2.8<\/td>\n<td colspan=\"3\" width=\"75\">3.0<\/td>\n<td colspan=\"2\" width=\"75\">3.0<\/td>\n<td width=\"68\">3.0<\/td>\n<\/tr>\n<tr>\n<td width=\"85\">Coj\u00edn de PE<\/p>\n<p>capa<\/td>\n<td width=\"56\">mil\u00edmetros<\/td>\n<td width=\"94\">\u2013<\/td>\n<td colspan=\"2\" width=\"75\">3,5\u00b10,2<\/td>\n<td colspan=\"3\" width=\"75\">6,3\u00b10,2<\/td>\n<td colspan=\"2\" width=\"75\">4,2\u00b10,2<\/td>\n<td width=\"68\">&nbsp;<\/td>\n<\/tr>\n<tr>\n<td width=\"180\">Bloqueo de agua<\/td>\n<td colspan=\"2\" width=\"141\">Materiales<\/td>\n<td colspan=\"9\" width=\"389\">Cinta de bloqueo de agua<\/td>\n<\/tr>\n<tr>\n<td width=\"180\">Miembro de resistencia perif\u00e9rico<\/td>\n<td colspan=\"2\" width=\"141\">Materiales<\/td>\n<td colspan=\"9\" width=\"389\">Hilo de vidrio<\/td>\n<\/tr>\n<tr>\n<td rowspan=\"2\" width=\"180\">Funda<\/td>\n<td colspan=\"2\" width=\"141\">Materiales<\/td>\n<td colspan=\"9\" width=\"389\">PEAD<\/td>\n<\/tr>\n<tr>\n<td width=\"85\">espesor<\/td>\n<td width=\"56\">mil\u00edmetros<\/td>\n<td colspan=\"9\" width=\"389\">nominaci\u00f3n: 1.5<\/td>\n<\/tr>\n<tr>\n<td width=\"180\">Di\u00e1metro del cable<\/td>\n<td width=\"85\">\u00b15%<\/td>\n<td width=\"56\">mil\u00edmetros<\/td>\n<td colspan=\"2\" width=\"100\">10.5<\/td>\n<td colspan=\"2\" width=\"72\">11.1<\/td>\n<td width=\"72\">13.9<\/td>\n<td colspan=\"2\" width=\"72\">16.2<\/td>\n<td colspan=\"2\" width=\"72\">17.8<\/td>\n<\/tr>\n<tr>\n<td width=\"180\">Peso del cable<\/td>\n<td width=\"85\">\u00b110%<\/td>\n<td width=\"56\">kg\/km<\/td>\n<td colspan=\"2\" width=\"100\">91<\/td>\n<td colspan=\"2\" width=\"72\">104<\/td>\n<td width=\"72\">158<\/td>\n<td colspan=\"2\" width=\"72\">210<\/td>\n<td colspan=\"2\" width=\"72\">241<\/td>\n<\/tr>\n<\/tbody>\n<\/table>\n<p><strong><b>\u00a0<\/b><\/strong><\/p>\n<p><strong><b>Desempe\u00f1o mec\u00e1nico y ambiental<\/b><\/strong><\/p>\n<table>\n<tbody>\n<tr>\n<td width=\"221\"><strong>Art\u00edculo<\/strong><\/td>\n<td width=\"270\"><strong>Contenido<\/strong><\/td>\n<td width=\"221\"><strong>Valor<\/strong><\/td>\n<\/tr>\n<tr>\n<td width=\"221\">M\u00e1x. carga de tracci\u00f3n<\/td>\n<td width=\"270\">Corto plazo<\/td>\n<td width=\"221\">2500N\uff08Deformaci\u00f3n de fibra\u22640.6\uff05\uff09<\/td>\n<\/tr>\n<tr>\n<td width=\"221\">M\u00e1x. resistencia al aplastamiento<\/td>\n<td width=\"270\">Corto plazo<\/td>\n<td width=\"221\">1500 N\/100 mm<\/td>\n<\/tr>\n<tr>\n<td rowspan=\"2\" width=\"221\">M\u00edn. radio de curvatura<\/td>\n<td width=\"270\">Instalaci\u00f3n<\/td>\n<td width=\"221\">20x di\u00e1metro del cable<\/td>\n<\/tr>\n<tr>\n<td width=\"270\">Operaci\u00f3n<\/td>\n<td width=\"221\">10 x di\u00e1metro del cable<\/td>\n<\/tr>\n<tr>\n<td rowspan=\"3\" width=\"221\">Rango de temperatura<\/td>\n<td width=\"270\">Operaci\u00f3n<\/td>\n<td width=\"221\">-40\u2103 ~ +70\u2103<\/td>\n<\/tr>\n<tr>\n<td width=\"270\">Instalaci\u00f3n<\/td>\n<td width=\"221\">-20\u2103 ~ +60\u2103<\/td>\n<\/tr>\n<tr>\n<td width=\"270\">Almacenamiento\/transporte<\/td>\n<td width=\"221\">-40\u2103 ~ +70\u2103<\/td>\n<\/tr>\n<\/tbody>\n<\/table>\n<p>&nbsp;<\/p>\n<p><strong><b>Par\u00e1metros t\u00e9cnicos de fibra \u00f3ptica-SMF<\/b><\/strong><\/p>\n<table>\n<tbody>\n<tr>\n<td colspan=\"2\" rowspan=\"2\" width=\"344\"><strong>Art\u00edculo<\/strong><\/td>\n<td rowspan=\"2\" width=\"150\"><strong>Unidad<\/strong><\/td>\n<td width=\"224\"><strong>Especificaci\u00f3n<\/strong><\/td>\n<\/tr>\n<tr>\n<td width=\"224\">G.652D<\/td>\n<\/tr>\n<tr>\n<td rowspan=\"2\" width=\"222\">Modo di\u00e1metro del campo<\/td>\n<td width=\"121\">1310nm<\/td>\n<td width=\"150\">nm<\/td>\n<td width=\"224\">9,2 \u00b1 0,4<\/td>\n<\/tr>\n<tr>\n<td width=\"121\">1550 nm<\/td>\n<td width=\"150\">nm<\/td>\n<td width=\"224\">10,4 \u00b1 0,5<\/td>\n<\/tr>\n<tr>\n<td colspan=\"2\" width=\"344\">Di\u00e1metro del revestimiento<\/td>\n<td width=\"150\">nm<\/td>\n<td width=\"224\">125,0 \u00b1 0,7<\/td>\n<\/tr>\n<tr>\n<td colspan=\"2\" width=\"344\">Falta de circularidad del revestimiento<\/td>\n<td width=\"150\">%<\/td>\n<td width=\"224\">\u22641,0<\/td>\n<\/tr>\n<tr>\n<td colspan=\"2\" width=\"344\">Error de concentricidad central<\/td>\n<td width=\"150\">nm<\/td>\n<td width=\"224\">\u22640,6<\/td>\n<\/tr>\n<tr>\n<td colspan=\"2\" width=\"344\">Di\u00e1metro del revestimiento<\/td>\n<td width=\"150\">nm<\/td>\n<td width=\"224\">242 \u00b1 7<\/td>\n<\/tr>\n<tr>\n<td colspan=\"2\" width=\"344\">Error de concentricidad del revestimiento\/revestimiento<\/td>\n<td width=\"150\">nm<\/td>\n<td width=\"224\">\u226412<\/td>\n<\/tr>\n<tr>\n<td colspan=\"2\" width=\"344\">Longitud de onda de corte del cable \u03bbcc<\/td>\n<td width=\"150\">nm<\/td>\n<td width=\"224\">\u2264 1260<\/td>\n<\/tr>\n<tr>\n<td rowspan=\"2\" width=\"222\">Atenuaci\u00f3n<\/td>\n<td width=\"121\">1310nm<\/td>\n<td width=\"150\">dB\/km<\/td>\n<td width=\"224\">\u22640,35<\/td>\n<\/tr>\n<tr>\n<td width=\"121\">1550 nm<\/td>\n<td width=\"150\">dB\/km<\/td>\n<td width=\"224\">\u22640,21<\/td>\n<\/tr>\n<\/tbody>\n<\/table>","protected":false},"excerpt":{"rendered":"<p>En el cable exterior GYFHT6Y de tubo suelto trenzado y sin armadura 12-432F de OMC, se ubica un cable FRP, a veces revestido con polietileno (PE), en el centro del n\u00facleo como miembro de resistencia no met\u00e1lico. La fibra monomodo\/multimodo se coloca en el tubo holgado, que est\u00e1 hecho de materiales PBT y lleno de compuesto de relleno. El tubo holgado est\u00e1 cubierto con materiales de HDPE para garantizar [\u2026]<\/p>","protected":false},"featured_media":11041,"comment_status":"closed","ping_status":"closed","template":"","meta":{"site-sidebar-layout":"default","site-content-layout":"","ast-site-content-layout":"default","site-content-style":"default","site-sidebar-style":"default","ast-global-header-display":"","ast-banner-title-visibility":"","ast-main-header-display":"","ast-hfb-above-header-display":"","ast-hfb-below-header-display":"","ast-hfb-mobile-header-display":"","site-post-title":"","ast-breadcrumbs-content":"","ast-featured-img":"","footer-sml-layout":"","theme-transparent-header-meta":"default","adv-header-id-meta":"","stick-header-meta":"default","header-above-stick-meta":"","header-main-stick-meta":"","header-below-stick-meta":"","astra-migrate-meta-layouts":"set","ast-page-background-enabled":"default","ast-page-background-meta":{"desktop":{"background-color":"var(--ast-global-color-4)","background-image":"","background-repeat":"repeat","background-position":"center center","background-size":"auto","background-attachment":"scroll","background-type":"","background-media":"","overlay-type":"","overlay-color":"","overlay-gradient":""},"tablet":{"background-color":"","background-image":"","background-repeat":"repeat","background-position":"center center","background-size":"auto","background-attachment":"scroll","background-type":"","background-media":"","overlay-type":"","overlay-color":"","overlay-gradient":""},"mobile":{"background-color":"","background-image":"","background-repeat":"repeat","background-position":"center center","background-size":"auto","background-attachment":"scroll","background-type":"","background-media":"","overlay-type":"","overlay-color":"","overlay-gradient":""}},"ast-content-background-meta":{"desktop":{"background-color":"var(--ast-global-color-5)","background-image":"","background-repeat":"repeat","background-position":"center center","background-size":"auto","background-attachment":"scroll","background-type":"","background-media":"","overlay-type":"","overlay-color":"","overlay-gradient":""},"tablet":{"background-color":"var(--ast-global-color-5)","background-image":"","background-repeat":"repeat","background-position":"center center","background-size":"auto","background-attachment":"scroll","background-type":"","background-media":"","overlay-type":"","overlay-color":"","overlay-gradient":""},"mobile":{"background-color":"var(--ast-global-color-5)","background-image":"","background-repeat":"repeat","background-position":"center center","background-size":"auto","background-attachment":"scroll","background-type":"","background-media":"","overlay-type":"","overlay-color":"","overlay-gradient":""}}},"product_cat":[140,124],"product_tag":[],"class_list":{"0":"post-11039","1":"product","2":"type-product","3":"status-publish","4":"has-post-thumbnail","6":"product_cat-no-armored-cable","7":"product_cat-outdoor-cable","8":"desktop-align-left","9":"tablet-align-left","10":"mobile-align-left","11":"ast-product-gallery-layout-horizontal-slider","12":"ast-product-tabs-layout-horizontal","14":"first","15":"instock","16":"shipping-taxable","17":"product-type-simple"},"acf":[],"_links":{"self":[{"href":"https:\/\/www.omccable.com\/es\/wp-json\/wp\/v2\/product\/11039","targetHints":{"allow":["GET"]}}],"collection":[{"href":"https:\/\/www.omccable.com\/es\/wp-json\/wp\/v2\/product"}],"about":[{"href":"https:\/\/www.omccable.com\/es\/wp-json\/wp\/v2\/types\/product"}],"replies":[{"embeddable":true,"href":"https:\/\/www.omccable.com\/es\/wp-json\/wp\/v2\/comments?post=11039"}],"version-history":[{"count":1,"href":"https:\/\/www.omccable.com\/es\/wp-json\/wp\/v2\/product\/11039\/revisions"}],"predecessor-version":[{"id":11042,"href":"https:\/\/www.omccable.com\/es\/wp-json\/wp\/v2\/product\/11039\/revisions\/11042"}],"wp:featuredmedia":[{"embeddable":true,"href":"https:\/\/www.omccable.com\/es\/wp-json\/wp\/v2\/media\/11041"}],"wp:attachment":[{"href":"https:\/\/www.omccable.com\/es\/wp-json\/wp\/v2\/media?parent=11039"}],"wp:term":[{"taxonomy":"product_cat","embeddable":true,"href":"https:\/\/www.omccable.com\/es\/wp-json\/wp\/v2\/product_cat?post=11039"},{"taxonomy":"product_tag","embeddable":true,"href":"https:\/\/www.omccable.com\/es\/wp-json\/wp\/v2\/product_tag?post=11039"}],"curies":[{"name":"wp","href":"https:\/\/api.w.org\/{rel}","templated":true}]}}