{"id":11031,"date":"2024-06-11T14:12:38","date_gmt":"2024-06-11T06:12:38","guid":{"rendered":"https:\/\/www.omccable.com\/?post_type=product&#038;p=11031"},"modified":"2024-06-11T14:12:39","modified_gmt":"2024-06-11T06:12:39","slug":"12-48f-stranded-loose-tube-no-armored-outdoor-cable-gyfhty","status":"publish","type":"product","link":"https:\/\/www.omccable.com\/es\/producto\/12-48f-stranded-loose-tube-no-armored-outdoor-cable-gyfhty\/","title":{"rendered":"Cable exterior sin blindaje de tubo suelto trenzado 12-48F-GYFHTY"},"content":{"rendered":"<p>En la OMC <strong><b>Cable exterior sin blindaje de tubo suelto trenzado 12-48F-GYFHTY<\/b><\/strong>, A <strong><b>Cable FRP<\/b><\/strong>, a veces revestido con polietileno (PE), se encuentra en el centro del n\u00facleo como miembro de resistencia no met\u00e1lico. La fibra monomodo\/multimodo se coloca en el tubo holgado, que est\u00e1 hecho de materiales PBT y lleno de compuesto de relleno. El tubo holgado est\u00e1 cubierto con materiales de HDPE para garantizar la compacidad y el rendimiento longitudinal de bloqueo de agua.<\/p>\n<p>&nbsp;<\/p>\n<p><strong><b>Color est\u00e1ndar de fibra y tubo<\/b><\/strong><\/p>\n<p>El c\u00f3digo de color de las fibras individuales deber\u00e1 estar de acuerdo con la tabla que se muestra a continuaci\u00f3n:<\/p>\n<table>\n<tbody>\n<tr>\n<td width=\"165\">No.<\/td>\n<td width=\"78\">1<\/td>\n<td width=\"75\">2<\/td>\n<td width=\"75\">3<\/td>\n<td width=\"75\">4<\/td>\n<td width=\"75\">5<\/td>\n<td width=\"69\">6<\/td>\n<\/tr>\n<tr>\n<td width=\"165\">Color<\/td>\n<td width=\"78\">Azul<\/td>\n<td width=\"75\">Naranja<\/td>\n<td width=\"75\">Verde<\/td>\n<td width=\"75\">Marr\u00f3n<\/td>\n<td width=\"75\">Pizarra<\/td>\n<td width=\"69\">Blanco<\/td>\n<\/tr>\n<tr>\n<td width=\"165\">No.<\/td>\n<td width=\"78\">7<\/td>\n<td width=\"75\">8<\/td>\n<td width=\"75\">9<\/td>\n<td width=\"75\">10<\/td>\n<td width=\"75\">11<\/td>\n<td width=\"69\">12<\/td>\n<\/tr>\n<tr>\n<td width=\"165\">Color<\/td>\n<td width=\"78\">Rojo<\/td>\n<td width=\"75\">Negro<\/td>\n<td width=\"75\">Amarillo<\/td>\n<td width=\"75\">Violeta<\/td>\n<td width=\"75\">Rosa<\/td>\n<td width=\"69\">Agua<\/td>\n<\/tr>\n<\/tbody>\n<\/table>\n<p>&nbsp;<\/p>\n<p><strong><b>Par\u00e1metro de estructura<\/b><\/strong><\/p>\n<table>\n<tbody>\n<tr>\n<td width=\"180\"><strong>Art\u00edculo<\/strong><\/td>\n<td width=\"113\"><strong>Contenido<\/strong><\/td>\n<td width=\"75\"><strong>Unidad<\/strong><\/td>\n<td colspan=\"2\" width=\"311\"><strong>Valor<\/strong><\/td>\n<\/tr>\n<tr>\n<td width=\"180\">Recuento de fibras<\/td>\n<td width=\"113\">N\u00famero<\/td>\n<td width=\"75\">\/<\/td>\n<td width=\"132\">12-24<\/td>\n<td width=\"179\">36-48<\/td>\n<\/tr>\n<tr>\n<td width=\"180\">Tipo de fibra<\/td>\n<td width=\"113\">\/<\/td>\n<td width=\"75\">\/<\/td>\n<td colspan=\"2\" width=\"311\">G652D\/OM3<\/td>\n<\/tr>\n<tr>\n<td width=\"180\">Estructura de cables<\/td>\n<td width=\"113\">\/<\/td>\n<td width=\"75\">\/<\/td>\n<td colspan=\"2\" width=\"311\">1+6<\/td>\n<\/tr>\n<tr>\n<td width=\"180\">Fibras por tubo<\/td>\n<td width=\"113\">Contar<\/td>\n<td width=\"75\">\/<\/td>\n<td width=\"132\">6<\/td>\n<td width=\"179\">12<\/td>\n<\/tr>\n<tr>\n<td rowspan=\"2\" width=\"180\">Tubo suelto<\/td>\n<td width=\"113\">Materiales<\/td>\n<td width=\"75\">\/<\/td>\n<td colspan=\"2\" width=\"311\">PBT<\/td>\n<\/tr>\n<tr>\n<td width=\"113\">Di\u00e1metro<\/td>\n<td width=\"75\">mil\u00edmetros<\/td>\n<td width=\"132\">1,8\u00b10,1<\/td>\n<td width=\"179\">2,1\u00b10,1<\/td>\n<\/tr>\n<tr>\n<td rowspan=\"3\" width=\"180\">Miembro de fuerza central<\/td>\n<td width=\"113\">Materiales<\/td>\n<td width=\"75\">\/<\/td>\n<td colspan=\"2\" width=\"311\">Capa de coj\u00edn de FRP y PE<\/td>\n<\/tr>\n<tr>\n<td width=\"113\">Di\u00e1metro<\/td>\n<td width=\"75\">mil\u00edmetros<\/td>\n<td width=\"132\">2,0\u00b10,1<\/td>\n<td width=\"179\">2,3\u00b10,1<\/td>\n<\/tr>\n<tr>\n<td width=\"113\">Coj\u00edn de PE<\/td>\n<td width=\"75\">mil\u00edmetros<\/td>\n<td colspan=\"2\" width=\"311\">\u2013<\/td>\n<\/tr>\n<tr>\n<td width=\"180\">Bloqueo de agua<\/td>\n<td colspan=\"2\" width=\"189\">Materiales<\/td>\n<td colspan=\"2\" width=\"311\">Cinta de bloqueo de agua<\/td>\n<\/tr>\n<tr>\n<td width=\"180\">Miembro de resistencia perif\u00e9rico<\/td>\n<td colspan=\"2\" width=\"189\">Materiales<\/td>\n<td colspan=\"2\" width=\"311\">Hilo de vidrio<\/td>\n<\/tr>\n<tr>\n<td rowspan=\"3\" width=\"180\">Funda<\/td>\n<td colspan=\"2\" width=\"189\">Materiales<\/td>\n<td colspan=\"2\" width=\"311\">PEAD<\/td>\n<\/tr>\n<tr>\n<td colspan=\"2\" width=\"189\">Color<\/td>\n<td colspan=\"2\" width=\"311\">Negro<\/td>\n<\/tr>\n<tr>\n<td width=\"113\">Di\u00e1metro exterior<\/td>\n<td width=\"75\">mil\u00edmetros<\/td>\n<td colspan=\"2\" width=\"311\">1,5\u00b10,1<\/td>\n<\/tr>\n<tr>\n<td rowspan=\"2\" width=\"180\">Atenuaci\u00f3n (despu\u00e9s de<\/p>\n<p>cable)<\/td>\n<td width=\"113\">1310nm<\/td>\n<td width=\"75\">dB\/km<\/td>\n<td colspan=\"2\" width=\"311\">\u00a30.36<\/td>\n<\/tr>\n<tr>\n<td width=\"113\">1550 nm<\/td>\n<td width=\"75\">dB\/km<\/td>\n<td colspan=\"2\" width=\"311\">\u00a30.22<\/td>\n<\/tr>\n<tr>\n<td width=\"180\">Di\u00e1metro del cable<\/td>\n<td width=\"113\">\u00b10,3<\/td>\n<td width=\"75\">mil\u00edmetros<\/td>\n<td width=\"132\">9.3<\/td>\n<td width=\"179\">10.2<\/td>\n<\/tr>\n<tr>\n<td width=\"180\">Peso del cable<\/td>\n<td width=\"113\">\u00b15%<\/td>\n<td width=\"75\">kg\/km<\/td>\n<td width=\"132\">75<\/td>\n<td width=\"179\">88<\/td>\n<\/tr>\n<\/tbody>\n<\/table>\n<p><strong><b>\u00a0<\/b><\/strong><\/p>\n<p><strong><b>Desempe\u00f1o mec\u00e1nico y ambiental<\/b><\/strong><\/p>\n<table>\n<tbody>\n<tr>\n<td width=\"209\"><strong>Art\u00edculo<\/strong><\/td>\n<td width=\"230\"><strong>Contenido<\/strong><\/td>\n<td width=\"241\"><strong>Valor<\/strong><\/td>\n<\/tr>\n<tr>\n<td width=\"209\">M\u00e1x. carga de tracci\u00f3n<\/td>\n<td width=\"230\">Tensi\u00f3n m\u00e1xima permitida<\/td>\n<td width=\"241\">Deformaci\u00f3n de fibra 1500N\u22640,6%<\/td>\n<\/tr>\n<tr>\n<td width=\"209\">M\u00e1x. resistencia al aplastamiento<\/td>\n<td width=\"230\">Corto plazo<\/td>\n<td width=\"241\">1000 N\/100 mm<\/td>\n<\/tr>\n<tr>\n<td rowspan=\"2\" width=\"209\">M\u00edn. radio de curvatura<\/td>\n<td width=\"230\">Instalaci\u00f3n<\/td>\n<td width=\"241\">25 x di\u00e1metro del cable<\/td>\n<\/tr>\n<tr>\n<td width=\"230\">Operaci\u00f3n<\/td>\n<td width=\"241\">15 x di\u00e1metro del cable<\/td>\n<\/tr>\n<tr>\n<td rowspan=\"3\" width=\"209\">Rango de temperatura<\/td>\n<td width=\"230\">Operaci\u00f3n<\/td>\n<td width=\"241\">-40\u2103 ~ +70\u2103<\/td>\n<\/tr>\n<tr>\n<td width=\"230\">Instalaci\u00f3n<\/td>\n<td width=\"241\">-20\u2103 ~ +60\u2103<\/td>\n<\/tr>\n<tr>\n<td width=\"230\">Almacenamiento\/transporte<\/td>\n<td width=\"241\">-40\u2103 ~ +70\u2103<\/td>\n<\/tr>\n<\/tbody>\n<\/table>\n<p>&nbsp;<\/p>\n<p><strong><b>Par\u00e1metros t\u00e9cnicos de fibra \u00f3ptica-SMF<\/b><\/strong><\/p>\n<table>\n<tbody>\n<tr>\n<td colspan=\"2\" rowspan=\"2\" width=\"334\"><strong>Art\u00edculo<\/strong><\/td>\n<td rowspan=\"2\" width=\"146\"><strong>Unidad<\/strong><\/td>\n<td width=\"218\"><strong>Especificaci\u00f3n<\/strong><\/td>\n<\/tr>\n<tr>\n<td width=\"218\">G.652D<\/td>\n<\/tr>\n<tr>\n<td rowspan=\"2\" width=\"216\">Modo di\u00e1metro del campo<\/td>\n<td width=\"118\">1310nm<\/td>\n<td width=\"146\">nm<\/td>\n<td width=\"218\">9,2 \u00b1 0,4<\/td>\n<\/tr>\n<tr>\n<td width=\"118\">1550 nm<\/td>\n<td width=\"146\">nm<\/td>\n<td width=\"218\">10,4 \u00b1 0,5<\/td>\n<\/tr>\n<tr>\n<td colspan=\"2\" width=\"334\">Di\u00e1metro del revestimiento<\/td>\n<td width=\"146\">nm<\/td>\n<td width=\"218\">125,0 \u00b1 0,7<\/td>\n<\/tr>\n<tr>\n<td colspan=\"2\" width=\"334\">Falta de circularidad del revestimiento<\/td>\n<td width=\"146\">%<\/td>\n<td width=\"218\">\u22641,0<\/td>\n<\/tr>\n<tr>\n<td colspan=\"2\" width=\"334\">Error de concentricidad central<\/td>\n<td width=\"146\">nm<\/td>\n<td width=\"218\">\u22640,6<\/td>\n<\/tr>\n<tr>\n<td colspan=\"2\" width=\"334\">Di\u00e1metro del revestimiento<\/td>\n<td width=\"146\">nm<\/td>\n<td width=\"218\">242 \u00b1 7<\/td>\n<\/tr>\n<tr>\n<td colspan=\"2\" width=\"334\">Error de concentricidad del revestimiento\/revestimiento<\/td>\n<td width=\"146\">nm<\/td>\n<td width=\"218\">\u226412<\/td>\n<\/tr>\n<tr>\n<td colspan=\"2\" width=\"334\">Longitud de onda de corte del cable \u03bbcc<\/td>\n<td width=\"146\">nm<\/td>\n<td width=\"218\">\u2264 1260<\/td>\n<\/tr>\n<tr>\n<td rowspan=\"2\" width=\"216\">Atenuaci\u00f3n<\/td>\n<td width=\"118\">1310nm<\/td>\n<td width=\"146\">dB\/km<\/td>\n<td width=\"218\">\u22640,35<\/td>\n<\/tr>\n<tr>\n<td width=\"118\">1550 nm<\/td>\n<td width=\"146\">dB\/km<\/td>\n<td width=\"218\">\u22640,21<\/td>\n<\/tr>\n<\/tbody>\n<\/table>","protected":false},"excerpt":{"rendered":"<p>En el cable para exteriores GYFHTY, trenzado de tubo suelto y sin armadura, 12-48F de OMC, un cable de FRP, a veces revestido con polietileno (PE), se encuentra en el centro del n\u00facleo como un miembro de resistencia no met\u00e1lico. La fibra monomodo\/multimodo se coloca en el tubo holgado, que est\u00e1 hecho de materiales PBT y lleno de compuesto de relleno. El tubo holgado est\u00e1 cubierto con materiales de HDPE para [\u2026]<\/p>","protected":false},"featured_media":11032,"comment_status":"closed","ping_status":"closed","template":"","meta":{"site-sidebar-layout":"default","site-content-layout":"","ast-site-content-layout":"default","site-content-style":"default","site-sidebar-style":"default","ast-global-header-display":"","ast-banner-title-visibility":"","ast-main-header-display":"","ast-hfb-above-header-display":"","ast-hfb-below-header-display":"","ast-hfb-mobile-header-display":"","site-post-title":"","ast-breadcrumbs-content":"","ast-featured-img":"","footer-sml-layout":"","theme-transparent-header-meta":"default","adv-header-id-meta":"","stick-header-meta":"default","header-above-stick-meta":"","header-main-stick-meta":"","header-below-stick-meta":"","astra-migrate-meta-layouts":"set","ast-page-background-enabled":"default","ast-page-background-meta":{"desktop":{"background-color":"var(--ast-global-color-4)","background-image":"","background-repeat":"repeat","background-position":"center center","background-size":"auto","background-attachment":"scroll","background-type":"","background-media":"","overlay-type":"","overlay-color":"","overlay-gradient":""},"tablet":{"background-color":"","background-image":"","background-repeat":"repeat","background-position":"center center","background-size":"auto","background-attachment":"scroll","background-type":"","background-media":"","overlay-type":"","overlay-color":"","overlay-gradient":""},"mobile":{"background-color":"","background-image":"","background-repeat":"repeat","background-position":"center center","background-size":"auto","background-attachment":"scroll","background-type":"","background-media":"","overlay-type":"","overlay-color":"","overlay-gradient":""}},"ast-content-background-meta":{"desktop":{"background-color":"var(--ast-global-color-5)","background-image":"","background-repeat":"repeat","background-position":"center center","background-size":"auto","background-attachment":"scroll","background-type":"","background-media":"","overlay-type":"","overlay-color":"","overlay-gradient":""},"tablet":{"background-color":"var(--ast-global-color-5)","background-image":"","background-repeat":"repeat","background-position":"center center","background-size":"auto","background-attachment":"scroll","background-type":"","background-media":"","overlay-type":"","overlay-color":"","overlay-gradient":""},"mobile":{"background-color":"var(--ast-global-color-5)","background-image":"","background-repeat":"repeat","background-position":"center center","background-size":"auto","background-attachment":"scroll","background-type":"","background-media":"","overlay-type":"","overlay-color":"","overlay-gradient":""}}},"product_cat":[140,124],"product_tag":[],"class_list":{"0":"post-11031","1":"product","2":"type-product","3":"status-publish","4":"has-post-thumbnail","6":"product_cat-no-armored-cable","7":"product_cat-outdoor-cable","8":"desktop-align-left","9":"tablet-align-left","10":"mobile-align-left","11":"ast-product-gallery-layout-horizontal-slider","12":"ast-product-tabs-layout-horizontal","14":"first","15":"instock","16":"shipping-taxable","17":"product-type-simple"},"acf":[],"_links":{"self":[{"href":"https:\/\/www.omccable.com\/es\/wp-json\/wp\/v2\/product\/11031","targetHints":{"allow":["GET"]}}],"collection":[{"href":"https:\/\/www.omccable.com\/es\/wp-json\/wp\/v2\/product"}],"about":[{"href":"https:\/\/www.omccable.com\/es\/wp-json\/wp\/v2\/types\/product"}],"replies":[{"embeddable":true,"href":"https:\/\/www.omccable.com\/es\/wp-json\/wp\/v2\/comments?post=11031"}],"version-history":[{"count":1,"href":"https:\/\/www.omccable.com\/es\/wp-json\/wp\/v2\/product\/11031\/revisions"}],"predecessor-version":[{"id":11034,"href":"https:\/\/www.omccable.com\/es\/wp-json\/wp\/v2\/product\/11031\/revisions\/11034"}],"wp:featuredmedia":[{"embeddable":true,"href":"https:\/\/www.omccable.com\/es\/wp-json\/wp\/v2\/media\/11032"}],"wp:attachment":[{"href":"https:\/\/www.omccable.com\/es\/wp-json\/wp\/v2\/media?parent=11031"}],"wp:term":[{"taxonomy":"product_cat","embeddable":true,"href":"https:\/\/www.omccable.com\/es\/wp-json\/wp\/v2\/product_cat?post=11031"},{"taxonomy":"product_tag","embeddable":true,"href":"https:\/\/www.omccable.com\/es\/wp-json\/wp\/v2\/product_tag?post=11031"}],"curies":[{"name":"wp","href":"https:\/\/api.w.org\/{rel}","templated":true}]}}