{"id":11027,"date":"2024-06-11T13:50:19","date_gmt":"2024-06-11T05:50:19","guid":{"rendered":"https:\/\/www.omccable.com\/?post_type=product&#038;p=11027"},"modified":"2024-06-11T13:50:19","modified_gmt":"2024-06-11T05:50:19","slug":"96f-stranded-loose-tube-no-armored-outdoor-cable-gycfht6h","status":"publish","type":"product","link":"https:\/\/www.omccable.com\/es\/producto\/96f-stranded-loose-tube-no-armored-outdoor-cable-gycfht6h\/","title":{"rendered":"Cable exterior no blindado de tubo suelto trenzado 96F-GYCFHT6H"},"content":{"rendered":"<p>En la OMC <strong><b>Cable exterior no blindado de tubo suelto trenzado 96F-GYCFHT6H<\/b><\/strong>, A <strong><b>Cable FRP<\/b><\/strong>, a veces revestido con polietileno (PE), se encuentra en el centro del n\u00facleo como miembro de resistencia no met\u00e1lico. La fibra monomodo\/multimodo se coloca en el tubo holgado, que est\u00e1 hecho de materiales PBT y lleno de compuesto de relleno. El tubo holgado est\u00e1 cubierto con materiales LSZH para garantizar la compacidad y el rendimiento longitudinal de bloqueo de agua.<\/p>\n<p>&nbsp;<\/p>\n<p><strong><b>Color est\u00e1ndar de fibra y tubo<\/b><\/strong><\/p>\n<p>El c\u00f3digo de color de las fibras individuales deber\u00e1 estar de acuerdo con la tabla que se muestra a continuaci\u00f3n:<\/p>\n<table>\n<tbody>\n<tr>\n<td width=\"165\">No.<\/td>\n<td width=\"78\">1<\/td>\n<td width=\"75\">2<\/td>\n<td width=\"75\">3<\/td>\n<td width=\"75\">4<\/td>\n<td width=\"75\">5<\/td>\n<td width=\"69\">6<\/td>\n<\/tr>\n<tr>\n<td width=\"165\">Color<\/td>\n<td width=\"78\">Azul<\/td>\n<td width=\"75\">Naranja<\/td>\n<td width=\"75\">Verde<\/td>\n<td width=\"75\">Marr\u00f3n<\/td>\n<td width=\"75\">Pizarra<\/td>\n<td width=\"69\">Blanco<\/td>\n<\/tr>\n<tr>\n<td width=\"165\">No.<\/td>\n<td width=\"78\">7<\/td>\n<td width=\"75\">8<\/td>\n<td width=\"75\">9<\/td>\n<td width=\"75\">10<\/td>\n<td width=\"75\">11<\/td>\n<td width=\"69\">12<\/td>\n<\/tr>\n<tr>\n<td width=\"165\">Color<\/td>\n<td width=\"78\">Rojo<\/td>\n<td width=\"75\">Negro<\/td>\n<td width=\"75\">Amarillo<\/td>\n<td width=\"75\">Violeta<\/td>\n<td width=\"75\">Rosa<\/td>\n<td width=\"69\">Agua<\/td>\n<\/tr>\n<\/tbody>\n<\/table>\n<p>&nbsp;<\/p>\n<p><strong><b>Par\u00e1metro de estructura<\/b><\/strong><\/p>\n<table>\n<tbody>\n<tr>\n<td width=\"193\"><strong>Art\u00edculo<\/strong><\/td>\n<td width=\"177\"><strong>Contenido<\/strong><\/td>\n<td width=\"85\"><strong>Unidad<\/strong><\/td>\n<td width=\"226\"><strong>Valor<\/strong><\/td>\n<\/tr>\n<tr>\n<td width=\"193\">Recuento de fibras<\/td>\n<td width=\"177\">N\u00famero<\/td>\n<td width=\"85\">\/<\/td>\n<td width=\"226\">96<\/td>\n<\/tr>\n<tr>\n<td width=\"193\">Tipo de fibra<\/td>\n<td width=\"177\">\/<\/td>\n<td width=\"85\">\/<\/td>\n<td width=\"226\">SM<\/td>\n<\/tr>\n<tr>\n<td width=\"193\">Estructura de cables<\/td>\n<td width=\"177\">\/<\/td>\n<td width=\"85\">\/<\/td>\n<td width=\"226\">1+8<\/td>\n<\/tr>\n<tr>\n<td width=\"193\">Fibras por tubo<\/td>\n<td width=\"177\">Contar<\/td>\n<td width=\"85\">\/<\/td>\n<td width=\"226\">12<\/td>\n<\/tr>\n<tr>\n<td rowspan=\"2\" width=\"193\">Tubo suelto<\/td>\n<td width=\"177\">Materiales<\/td>\n<td width=\"85\">\/<\/td>\n<td width=\"226\">PBT<\/td>\n<\/tr>\n<tr>\n<td width=\"177\">Di\u00e1metro nominal<\/td>\n<td width=\"85\">mil\u00edmetros<\/td>\n<td width=\"226\">1.5<\/td>\n<\/tr>\n<tr>\n<td rowspan=\"3\" width=\"193\">Miembro de fuerza central<\/td>\n<td width=\"177\">Materiales<\/td>\n<td width=\"85\">\/<\/td>\n<td width=\"226\">Capa de coj\u00edn de FRP y PE<\/td>\n<\/tr>\n<tr>\n<td width=\"177\">Di\u00e1metro nominal<\/td>\n<td width=\"85\">mil\u00edmetros<\/td>\n<td width=\"226\">1.8<\/td>\n<\/tr>\n<tr>\n<td width=\"177\">Coj\u00edn de PE<\/td>\n<td width=\"85\">mil\u00edmetros<\/td>\n<td width=\"226\">2,6\u00b10,2<\/td>\n<\/tr>\n<tr>\n<td width=\"193\">Miembro de fuerza perif\u00e9rica<\/td>\n<td colspan=\"2\" width=\"262\">Materiales<\/td>\n<td width=\"226\">Hilo de aramida e hilo de vidrio<\/td>\n<\/tr>\n<tr>\n<td rowspan=\"3\" width=\"193\">Funda exterior<\/td>\n<td colspan=\"2\" width=\"262\">Materiales<\/td>\n<td width=\"226\">LSZH<\/td>\n<\/tr>\n<tr>\n<td colspan=\"2\" width=\"262\">Color<\/td>\n<td width=\"226\">Negro<\/td>\n<\/tr>\n<tr>\n<td width=\"177\">Di\u00e1metro<\/td>\n<td width=\"85\">mil\u00edmetros<\/td>\n<td width=\"226\">Promedio: 1,0<\/td>\n<\/tr>\n<tr>\n<td rowspan=\"2\" width=\"193\">Atenuaci\u00f3n (despu\u00e9s del cable)<\/td>\n<td width=\"177\">850 nm<\/td>\n<td width=\"85\">dB\/km<\/td>\n<td width=\"226\">\u22643,0<\/td>\n<\/tr>\n<tr>\n<td width=\"177\">1300nm<\/td>\n<td width=\"85\">dB\/km<\/td>\n<td width=\"226\">\u22641,0<\/td>\n<\/tr>\n<tr>\n<td width=\"193\">Di\u00e1metro del cable<\/td>\n<td width=\"177\">\u00b10,5<\/td>\n<td width=\"85\">mil\u00edmetros<\/td>\n<td width=\"226\">8.3<\/td>\n<\/tr>\n<tr>\n<td width=\"193\">Peso del cable<\/td>\n<td width=\"177\">\u00b15%<\/td>\n<td width=\"85\">kg\/km<\/td>\n<td width=\"226\">64<\/td>\n<\/tr>\n<\/tbody>\n<\/table>\n<p>&nbsp;<\/p>\n<p><strong><b>Desempe\u00f1o mec\u00e1nico y ambiental<\/b><\/strong><\/p>\n<table>\n<tbody>\n<tr>\n<td width=\"221\"><strong>Art\u00edculo<\/strong><\/td>\n<td width=\"224\"><strong>Contenido<\/strong><\/td>\n<td width=\"236\"><strong>Valor<\/strong><\/td>\n<\/tr>\n<tr>\n<td rowspan=\"2\" width=\"221\"><strong>\u00a0<\/strong><\/p>\n<p>M\u00e1x. carga de tracci\u00f3n<\/td>\n<td width=\"224\">Corto plazo<\/td>\n<td width=\"236\">750 N \uff08Deformaci\u00f3n de fibra\u22640,6\uff05\uff09<\/td>\n<\/tr>\n<tr>\n<td width=\"224\">Largo plazo<\/td>\n<td width=\"236\">200 N<\/td>\n<\/tr>\n<tr>\n<td rowspan=\"2\" width=\"221\"><strong>\u00a0<\/strong><\/p>\n<p>M\u00e1x. resistencia al aplastamiento<\/td>\n<td width=\"224\">Corto plazo<\/td>\n<td width=\"236\">450 N\/100 mm<\/td>\n<\/tr>\n<tr>\n<td width=\"224\">Largo plazo<\/td>\n<td width=\"236\">150N<\/td>\n<\/tr>\n<tr>\n<td rowspan=\"2\" width=\"221\"><strong>\u00a0<\/strong><\/p>\n<p>M\u00edn. radio de curvatura<\/td>\n<td width=\"224\">Instalaci\u00f3n<\/td>\n<td width=\"236\">20 x di\u00e1metro del cable<\/td>\n<\/tr>\n<tr>\n<td width=\"224\">Operaci\u00f3n<\/td>\n<td width=\"236\">10 x di\u00e1metro del cable<\/td>\n<\/tr>\n<tr>\n<td rowspan=\"3\" width=\"221\"><strong>\u00a0<\/strong><\/p>\n<p>Rango de temperatura<\/td>\n<td width=\"224\">Operaci\u00f3n<\/td>\n<td width=\"236\">-40\u2103 ~ +70\u2103<\/td>\n<\/tr>\n<tr>\n<td width=\"224\">Instalaci\u00f3n<\/td>\n<td width=\"236\">-20\u2103 ~ +60\u2103<\/td>\n<\/tr>\n<tr>\n<td width=\"224\">Almacenamiento\/transporte<\/td>\n<td width=\"236\">-40\u2103 ~ +70\u2103<\/td>\n<\/tr>\n<\/tbody>\n<\/table>\n<p>&nbsp;<\/p>\n<p><strong><b>Par\u00e1metros t\u00e9cnicos de fibra \u00f3ptica-SMF<\/b><\/strong><\/p>\n<table>\n<tbody>\n<tr>\n<td colspan=\"2\" rowspan=\"2\" width=\"329\"><strong>Art\u00edculo<\/strong><\/td>\n<td rowspan=\"2\" width=\"144\"><strong>Unidad<\/strong><\/td>\n<td width=\"215\"><strong>Especificaci\u00f3n<\/strong><\/td>\n<\/tr>\n<tr>\n<td width=\"215\">G.652D<\/td>\n<\/tr>\n<tr>\n<td rowspan=\"2\" width=\"213\">Modo di\u00e1metro del campo<\/td>\n<td width=\"116\">1310nm<\/td>\n<td width=\"144\">nm<\/td>\n<td width=\"215\">9,2 \u00b1 0,4<\/td>\n<\/tr>\n<tr>\n<td width=\"116\">1550 nm<\/td>\n<td width=\"144\">nm<\/td>\n<td width=\"215\">10,4 \u00b1 0,5<\/td>\n<\/tr>\n<tr>\n<td colspan=\"2\" width=\"329\">Di\u00e1metro del revestimiento<\/td>\n<td width=\"144\">nm<\/td>\n<td width=\"215\">125,0 \u00b1 0,7<\/td>\n<\/tr>\n<tr>\n<td colspan=\"2\" width=\"329\">Falta de circularidad del revestimiento<\/td>\n<td width=\"144\">%<\/td>\n<td width=\"215\">\u22641,0<\/td>\n<\/tr>\n<tr>\n<td colspan=\"2\" width=\"329\">Error de concentricidad central<\/td>\n<td width=\"144\">nm<\/td>\n<td width=\"215\">\u22640,6<\/td>\n<\/tr>\n<tr>\n<td colspan=\"2\" width=\"329\">Di\u00e1metro del revestimiento<\/td>\n<td width=\"144\">nm<\/td>\n<td width=\"215\">242 \u00b1 7<\/td>\n<\/tr>\n<tr>\n<td colspan=\"2\" width=\"329\">Error de concentricidad del revestimiento\/revestimiento<\/td>\n<td width=\"144\">nm<\/td>\n<td width=\"215\">\u226412<\/td>\n<\/tr>\n<tr>\n<td colspan=\"2\" width=\"329\">Longitud de onda de corte del cable \u03bbcc<\/td>\n<td width=\"144\">nm<\/td>\n<td width=\"215\">\u2264 1260<\/td>\n<\/tr>\n<tr>\n<td rowspan=\"2\" width=\"213\">Atenuaci\u00f3n<\/td>\n<td width=\"116\">1310nm<\/td>\n<td width=\"144\">dB\/km<\/td>\n<td width=\"215\">\u22640,35<\/td>\n<\/tr>\n<tr>\n<td width=\"116\">1550 nm<\/td>\n<td width=\"144\">dB\/km<\/td>\n<td width=\"215\">\u22640,21<\/td>\n<\/tr>\n<\/tbody>\n<\/table>","protected":false},"excerpt":{"rendered":"<p>En el cable para exteriores sin armadura, trenzado y de tubo suelto 96F de OMC, GYCFHT6H, se ubica un cable de FRP, a veces revestido con polietileno (PE), en el centro del n\u00facleo como miembro de resistencia no met\u00e1lico. La fibra monomodo\/multimodo se coloca en el tubo holgado, que est\u00e1 hecho de materiales PBT y lleno de compuesto de relleno. El tubo holgado est\u00e1 cubierto con materiales LSZH para garantizar [\u2026]<\/p>","protected":false},"featured_media":11029,"comment_status":"closed","ping_status":"closed","template":"","meta":{"site-sidebar-layout":"default","site-content-layout":"","ast-site-content-layout":"default","site-content-style":"default","site-sidebar-style":"default","ast-global-header-display":"","ast-banner-title-visibility":"","ast-main-header-display":"","ast-hfb-above-header-display":"","ast-hfb-below-header-display":"","ast-hfb-mobile-header-display":"","site-post-title":"","ast-breadcrumbs-content":"","ast-featured-img":"","footer-sml-layout":"","theme-transparent-header-meta":"default","adv-header-id-meta":"","stick-header-meta":"default","header-above-stick-meta":"","header-main-stick-meta":"","header-below-stick-meta":"","astra-migrate-meta-layouts":"set","ast-page-background-enabled":"default","ast-page-background-meta":{"desktop":{"background-color":"var(--ast-global-color-4)","background-image":"","background-repeat":"repeat","background-position":"center center","background-size":"auto","background-attachment":"scroll","background-type":"","background-media":"","overlay-type":"","overlay-color":"","overlay-gradient":""},"tablet":{"background-color":"","background-image":"","background-repeat":"repeat","background-position":"center center","background-size":"auto","background-attachment":"scroll","background-type":"","background-media":"","overlay-type":"","overlay-color":"","overlay-gradient":""},"mobile":{"background-color":"","background-image":"","background-repeat":"repeat","background-position":"center center","background-size":"auto","background-attachment":"scroll","background-type":"","background-media":"","overlay-type":"","overlay-color":"","overlay-gradient":""}},"ast-content-background-meta":{"desktop":{"background-color":"var(--ast-global-color-5)","background-image":"","background-repeat":"repeat","background-position":"center center","background-size":"auto","background-attachment":"scroll","background-type":"","background-media":"","overlay-type":"","overlay-color":"","overlay-gradient":""},"tablet":{"background-color":"var(--ast-global-color-5)","background-image":"","background-repeat":"repeat","background-position":"center center","background-size":"auto","background-attachment":"scroll","background-type":"","background-media":"","overlay-type":"","overlay-color":"","overlay-gradient":""},"mobile":{"background-color":"var(--ast-global-color-5)","background-image":"","background-repeat":"repeat","background-position":"center center","background-size":"auto","background-attachment":"scroll","background-type":"","background-media":"","overlay-type":"","overlay-color":"","overlay-gradient":""}}},"product_cat":[140,124],"product_tag":[],"class_list":{"0":"post-11027","1":"product","2":"type-product","3":"status-publish","4":"has-post-thumbnail","6":"product_cat-no-armored-cable","7":"product_cat-outdoor-cable","8":"desktop-align-left","9":"tablet-align-left","10":"mobile-align-left","11":"ast-product-gallery-layout-horizontal-slider","12":"ast-product-tabs-layout-horizontal","14":"first","15":"instock","16":"shipping-taxable","17":"product-type-simple"},"acf":[],"_links":{"self":[{"href":"https:\/\/www.omccable.com\/es\/wp-json\/wp\/v2\/product\/11027","targetHints":{"allow":["GET"]}}],"collection":[{"href":"https:\/\/www.omccable.com\/es\/wp-json\/wp\/v2\/product"}],"about":[{"href":"https:\/\/www.omccable.com\/es\/wp-json\/wp\/v2\/types\/product"}],"replies":[{"embeddable":true,"href":"https:\/\/www.omccable.com\/es\/wp-json\/wp\/v2\/comments?post=11027"}],"version-history":[{"count":1,"href":"https:\/\/www.omccable.com\/es\/wp-json\/wp\/v2\/product\/11027\/revisions"}],"predecessor-version":[{"id":11030,"href":"https:\/\/www.omccable.com\/es\/wp-json\/wp\/v2\/product\/11027\/revisions\/11030"}],"wp:featuredmedia":[{"embeddable":true,"href":"https:\/\/www.omccable.com\/es\/wp-json\/wp\/v2\/media\/11029"}],"wp:attachment":[{"href":"https:\/\/www.omccable.com\/es\/wp-json\/wp\/v2\/media?parent=11027"}],"wp:term":[{"taxonomy":"product_cat","embeddable":true,"href":"https:\/\/www.omccable.com\/es\/wp-json\/wp\/v2\/product_cat?post=11027"},{"taxonomy":"product_tag","embeddable":true,"href":"https:\/\/www.omccable.com\/es\/wp-json\/wp\/v2\/product_tag?post=11027"}],"curies":[{"name":"wp","href":"https:\/\/api.w.org\/{rel}","templated":true}]}}