{"id":11023,"date":"2024-06-11T13:25:55","date_gmt":"2024-06-11T05:25:55","guid":{"rendered":"https:\/\/www.omccable.com\/?post_type=product&#038;p=11023"},"modified":"2024-06-11T13:25:55","modified_gmt":"2024-06-11T05:25:55","slug":"6-48f-stranded-loose-tube-no-armored-outdoor-cable-gyfth","status":"publish","type":"product","link":"https:\/\/www.omccable.com\/es\/producto\/6-48f-stranded-loose-tube-no-armored-outdoor-cable-gyfth\/","title":{"rendered":"Cable exterior sin blindaje de tubo suelto trenzado 6-48F-GYFTH"},"content":{"rendered":"<p>En la OMC <strong><b>Cable exterior no blindado de tubo suelto trenzado 6-48F-GYFTH,<\/b><\/strong>\u00a0A <strong><b>Cable FRP<\/b><\/strong>, a veces revestido con polietileno (PE), se encuentra en el centro del n\u00facleo como miembro de resistencia no met\u00e1lico. La fibra monomodo\/multimodo se coloca en el tubo holgado, que est\u00e1 hecho de materiales PBT y lleno de compuesto de relleno. El tubo holgado est\u00e1 cubierto con materiales LSZH para garantizar la compacidad y el rendimiento longitudinal de bloqueo de agua.<\/p>\n<p>&nbsp;<\/p>\n<p><strong><b>Color est\u00e1ndar de fibra y tubo<\/b><\/strong><\/p>\n<p>El c\u00f3digo de color de las fibras y tubos individuales deber\u00e1 estar de acuerdo con la tabla que se muestra a continuaci\u00f3n:<\/p>\n<table>\n<tbody>\n<tr>\n<td width=\"187\">No.<\/td>\n<td width=\"89\">1<\/td>\n<td width=\"85\">2<\/td>\n<td width=\"85\">3<\/td>\n<td width=\"85\">4<\/td>\n<td width=\"85\">5<\/td>\n<td width=\"78\">6<\/td>\n<\/tr>\n<tr>\n<td width=\"187\">Color<\/td>\n<td width=\"89\">Azul<\/td>\n<td width=\"85\">Naranja<\/td>\n<td width=\"85\">Verde<\/td>\n<td width=\"85\">Marr\u00f3n<\/td>\n<td width=\"85\">Pizarra<\/td>\n<td width=\"78\">Blanco<\/td>\n<\/tr>\n<tr>\n<td width=\"187\">No.<\/td>\n<td width=\"89\">7<\/td>\n<td width=\"85\">8<\/td>\n<td width=\"85\">9<\/td>\n<td width=\"85\">10<\/td>\n<td width=\"85\">11<\/td>\n<td width=\"78\">12<\/td>\n<\/tr>\n<tr>\n<td width=\"187\">Color<\/td>\n<td width=\"89\">Rojo<\/td>\n<td width=\"85\">Negro<\/td>\n<td width=\"85\">Amarillo<\/td>\n<td width=\"85\">Violeta<\/td>\n<td width=\"85\">Rosa<\/td>\n<td width=\"78\">Agua<\/td>\n<\/tr>\n<\/tbody>\n<\/table>\n<p>&nbsp;<\/p>\n<p><strong><b>Par\u00e1metro de estructura<\/b><\/strong><\/p>\n<table>\n<tbody>\n<tr>\n<td width=\"170\"><strong>Art\u00edculo<\/strong><\/td>\n<td width=\"138\"><strong>Contenido<\/strong><\/td>\n<td width=\"52\"><strong>Unidad<\/strong><\/td>\n<td colspan=\"2\" width=\"330\"><strong>Valor<\/strong><\/td>\n<\/tr>\n<tr>\n<td width=\"170\">Recuento de fibras<\/td>\n<td width=\"138\">N\u00famero<\/td>\n<td width=\"52\">\/<\/td>\n<td width=\"175\">\u00a0\u00a0\u00a0\u00a0\u00a0\u00a0\u00a0\u00a0\u00a0\u00a024<\/td>\n<td width=\"154\">\u00a0\u00a0\u00a0\u00a0\u00a0\u00a0\u00a0\u00a048<\/td>\n<\/tr>\n<tr>\n<td width=\"170\">Tipo de fibra<\/td>\n<td width=\"138\">\/<\/td>\n<td width=\"52\">\/<\/td>\n<td colspan=\"2\" width=\"330\">\u00a0\u00a0\u00a0\u00a0\u00a0\u00a0\u00a0\u00a0\u00a0\u00a0\u00a0\u00a0SM\/OM2\/OM3\/OM4<\/td>\n<\/tr>\n<tr>\n<td width=\"170\">Estructura de cables<\/td>\n<td width=\"138\">\/<\/td>\n<td width=\"52\">\/<\/td>\n<td colspan=\"2\" width=\"330\">1+6<\/td>\n<\/tr>\n<tr>\n<td width=\"170\">Fibras por tubo<\/td>\n<td width=\"138\">Contar<\/td>\n<td width=\"52\">\/<\/td>\n<td width=\"175\">4<\/td>\n<td width=\"154\">\u00a0\u00a0\u00a0\u00a0\u00a0\u00a0\u00a08<\/td>\n<\/tr>\n<tr>\n<td rowspan=\"2\" width=\"170\">Tubo suelto<\/td>\n<td width=\"138\">Materiales<\/td>\n<td width=\"52\">\/<\/td>\n<td colspan=\"2\" width=\"330\">PBT<\/td>\n<\/tr>\n<tr>\n<td width=\"138\">Di\u00e1metro nominal<\/td>\n<td width=\"52\">mil\u00edmetros<\/td>\n<td colspan=\"2\" width=\"330\">\u00a0\u00a0\u00a0\u00a0\u00a0\u00a02.5<\/td>\n<\/tr>\n<tr>\n<td rowspan=\"3\" width=\"170\">Miembro de fuerza central<\/td>\n<td width=\"138\">Materiales<\/td>\n<td width=\"52\">\/<\/td>\n<td colspan=\"2\" width=\"330\">Capa protectora de FRP y PE (cuando sea necesario)<\/td>\n<\/tr>\n<tr>\n<td width=\"138\">Di\u00e1metro nominal<\/td>\n<td width=\"52\">mil\u00edmetros<\/td>\n<td width=\"175\">\u00a0\u00a0\u00a0\u00a0\u00a0\u00a0\u00a0\u00a0\u00a0\u00a02.5<\/td>\n<td width=\"154\">\u00a0\u00a0\u00a0\u00a0\u00a0\u00a02.5<\/td>\n<\/tr>\n<tr>\n<td width=\"138\">Capa de acolchado de PE<\/td>\n<td width=\"52\">mil\u00edmetros<\/td>\n<td colspan=\"2\" width=\"330\">\u2013<\/td>\n<\/tr>\n<tr>\n<td rowspan=\"3\" width=\"170\">Funda<\/td>\n<td colspan=\"2\" width=\"190\">Materiales<\/td>\n<td colspan=\"2\" width=\"330\">LSZH<\/td>\n<\/tr>\n<tr>\n<td colspan=\"2\" width=\"190\">Espesor<\/td>\n<td colspan=\"2\" width=\"330\">1.8<\/td>\n<\/tr>\n<tr>\n<td colspan=\"2\" width=\"190\">Color<\/td>\n<td colspan=\"2\" width=\"330\">Negro<\/td>\n<\/tr>\n<tr>\n<td rowspan=\"2\" width=\"170\">Atenuaci\u00f3n (despu\u00e9s del cable)<\/td>\n<td width=\"138\">850 nm<\/td>\n<td width=\"52\">dB\/km<\/td>\n<td colspan=\"2\" width=\"330\">\u00a33.5<\/td>\n<\/tr>\n<tr>\n<td width=\"138\">1300nm<\/td>\n<td width=\"52\">dB\/km<\/td>\n<td colspan=\"2\" width=\"330\">\u00a31.5<\/td>\n<\/tr>\n<tr>\n<td width=\"170\">Di\u00e1metro del cable<\/td>\n<td width=\"138\">\u00b15%<\/td>\n<td width=\"52\">mil\u00edmetros<\/td>\n<td colspan=\"2\" width=\"330\">\u00a0\u00a0\u00a0\u00a0\u00a0\u00a0\u00a0\u00a011.5<\/td>\n<\/tr>\n<tr>\n<td width=\"170\">Peso del cable<\/td>\n<td width=\"138\">\u00b110%<\/td>\n<td width=\"52\">kg\/km<\/td>\n<td colspan=\"2\" width=\"330\">\u00a0\u00a0\u00a0\u00a0\u00a0\u00a0\u00a0\u00a0\u00a0148<\/td>\n<\/tr>\n<\/tbody>\n<\/table>\n<p><strong><b>\u00a0<\/b><\/strong><\/p>\n<p><strong><b>Desempe\u00f1o mec\u00e1nico y ambiental<\/b><\/strong><\/p>\n<table>\n<tbody>\n<tr>\n<td width=\"221\"><strong>Art\u00edculo<\/strong><\/td>\n<td width=\"205\"><strong>Contenido<\/strong><\/td>\n<td width=\"264\"><strong>Valor<\/strong><\/td>\n<\/tr>\n<tr>\n<td rowspan=\"2\" width=\"221\">M\u00e1x. carga de tracci\u00f3n<\/td>\n<td width=\"205\">Corto plazo<\/td>\n<td width=\"264\">2500 N (deformaci\u00f3n de la fibra\u22640,6%)<\/td>\n<\/tr>\n<tr>\n<td width=\"205\">Largo plazo<\/td>\n<td width=\"264\">800 norte<\/td>\n<\/tr>\n<tr>\n<td rowspan=\"2\" width=\"221\">M\u00e1x. resistencia al aplastamiento<\/td>\n<td width=\"205\">Corto plazo<\/td>\n<td width=\"264\">1000N\/100mm<\/td>\n<\/tr>\n<tr>\n<td width=\"205\">Largo plazo<\/td>\n<td width=\"264\">300N<\/td>\n<\/tr>\n<tr>\n<td rowspan=\"2\" width=\"221\">M\u00edn. radio de curvatura<\/td>\n<td width=\"205\">Instalaci\u00f3n<\/td>\n<td width=\"264\">25 x di\u00e1metro del cable<\/td>\n<\/tr>\n<tr>\n<td width=\"205\">Operaci\u00f3n<\/td>\n<td width=\"264\">12,5 x di\u00e1metro del cable<\/td>\n<\/tr>\n<tr>\n<td rowspan=\"3\" width=\"221\">Rango de temperatura<\/td>\n<td width=\"205\">Operaci\u00f3n<\/td>\n<td width=\"264\">-40\u2103 ~ +70\u2103<\/td>\n<\/tr>\n<tr>\n<td width=\"205\">Instalaci\u00f3n<\/td>\n<td width=\"264\">-20 \u2103 ~ +60 \u2103<\/td>\n<\/tr>\n<tr>\n<td width=\"205\">Almacenamiento\/transporte<\/td>\n<td width=\"264\">-40\u2103 ~ +70\u2103<\/td>\n<\/tr>\n<\/tbody>\n<\/table>\n<p>&nbsp;<\/p>\n<p><strong><b>Par\u00e1metros t\u00e9cnicos de fibra \u00f3ptica-SMF<\/b><\/strong><\/p>\n<table>\n<tbody>\n<tr>\n<td colspan=\"2\" rowspan=\"2\" width=\"335\"><strong>Art\u00edculo<\/strong><\/td>\n<td rowspan=\"2\" width=\"146\"><strong>Unidad<\/strong><\/td>\n<td width=\"218\"><strong>Especificaci\u00f3n<\/strong><\/td>\n<\/tr>\n<tr>\n<td width=\"218\">G.652D<\/td>\n<\/tr>\n<tr>\n<td rowspan=\"2\" width=\"216\">Di\u00e1metro del campo modal<\/td>\n<td width=\"118\">1310nm<\/td>\n<td width=\"146\">nm<\/td>\n<td width=\"218\">9,2 \u00b1 0,4<\/td>\n<\/tr>\n<tr>\n<td width=\"118\">1550 nm<\/td>\n<td width=\"146\">nm<\/td>\n<td width=\"218\">10,4 \u00b1 0,5<\/td>\n<\/tr>\n<tr>\n<td colspan=\"2\" width=\"335\">Di\u00e1metro del revestimiento<\/td>\n<td width=\"146\">nm<\/td>\n<td width=\"218\">125,0 \u00b1 0,7<\/td>\n<\/tr>\n<tr>\n<td colspan=\"2\" width=\"335\">Falta de circularidad del revestimiento<\/td>\n<td width=\"146\">%<\/td>\n<td width=\"218\">\u22641,0<\/td>\n<\/tr>\n<tr>\n<td colspan=\"2\" width=\"335\">Error de concentricidad del n\u00facleo<\/td>\n<td width=\"146\">nm<\/td>\n<td width=\"218\">\u22640,6<\/td>\n<\/tr>\n<tr>\n<td colspan=\"2\" width=\"335\">Di\u00e1metro del revestimiento<\/td>\n<td width=\"146\">nm<\/td>\n<td width=\"218\">242 \u00b1 7<\/td>\n<\/tr>\n<tr>\n<td colspan=\"2\" width=\"335\">Error de concentricidad del revestimiento\/revestimiento<\/td>\n<td width=\"146\">nm<\/td>\n<td width=\"218\">\u226412<\/td>\n<\/tr>\n<tr>\n<td colspan=\"2\" width=\"335\">Longitud de onda de corte del cable \u03bbcc<\/td>\n<td width=\"146\">nm<\/td>\n<td width=\"218\">\u2264 1260<\/td>\n<\/tr>\n<tr>\n<td rowspan=\"2\" width=\"216\">Atenuaci\u00f3n<\/td>\n<td width=\"118\">1310nm<\/td>\n<td width=\"146\">dB\/km<\/td>\n<td width=\"218\">\u22640,35<\/td>\n<\/tr>\n<tr>\n<td width=\"118\">1550 nm<\/td>\n<td width=\"146\">dB\/km<\/td>\n<td width=\"218\">\u22640,21<\/td>\n<\/tr>\n<\/tbody>\n<\/table>","protected":false},"excerpt":{"rendered":"<p>En el cable para exteriores GYFTH, trenzado y sin armadura, de tubo holgado, 6-48F de OMC, se encuentra un cable FRP, a veces revestido con polietileno (PE), en el centro del n\u00facleo como miembro de resistencia no met\u00e1lico. La fibra monomodo\/multimodo se coloca en el tubo holgado, que est\u00e1 hecho de materiales PBT y lleno de compuesto de relleno. El tubo holgado est\u00e1 cubierto con materiales LSZH [\u2026]<\/p>","protected":false},"featured_media":11025,"comment_status":"closed","ping_status":"closed","template":"","meta":{"site-sidebar-layout":"default","site-content-layout":"","ast-site-content-layout":"default","site-content-style":"default","site-sidebar-style":"default","ast-global-header-display":"","ast-banner-title-visibility":"","ast-main-header-display":"","ast-hfb-above-header-display":"","ast-hfb-below-header-display":"","ast-hfb-mobile-header-display":"","site-post-title":"","ast-breadcrumbs-content":"","ast-featured-img":"","footer-sml-layout":"","theme-transparent-header-meta":"default","adv-header-id-meta":"","stick-header-meta":"default","header-above-stick-meta":"","header-main-stick-meta":"","header-below-stick-meta":"","astra-migrate-meta-layouts":"set","ast-page-background-enabled":"default","ast-page-background-meta":{"desktop":{"background-color":"var(--ast-global-color-4)","background-image":"","background-repeat":"repeat","background-position":"center center","background-size":"auto","background-attachment":"scroll","background-type":"","background-media":"","overlay-type":"","overlay-color":"","overlay-gradient":""},"tablet":{"background-color":"","background-image":"","background-repeat":"repeat","background-position":"center center","background-size":"auto","background-attachment":"scroll","background-type":"","background-media":"","overlay-type":"","overlay-color":"","overlay-gradient":""},"mobile":{"background-color":"","background-image":"","background-repeat":"repeat","background-position":"center center","background-size":"auto","background-attachment":"scroll","background-type":"","background-media":"","overlay-type":"","overlay-color":"","overlay-gradient":""}},"ast-content-background-meta":{"desktop":{"background-color":"var(--ast-global-color-5)","background-image":"","background-repeat":"repeat","background-position":"center center","background-size":"auto","background-attachment":"scroll","background-type":"","background-media":"","overlay-type":"","overlay-color":"","overlay-gradient":""},"tablet":{"background-color":"var(--ast-global-color-5)","background-image":"","background-repeat":"repeat","background-position":"center center","background-size":"auto","background-attachment":"scroll","background-type":"","background-media":"","overlay-type":"","overlay-color":"","overlay-gradient":""},"mobile":{"background-color":"var(--ast-global-color-5)","background-image":"","background-repeat":"repeat","background-position":"center center","background-size":"auto","background-attachment":"scroll","background-type":"","background-media":"","overlay-type":"","overlay-color":"","overlay-gradient":""}}},"product_cat":[140,124],"product_tag":[],"class_list":{"0":"post-11023","1":"product","2":"type-product","3":"status-publish","4":"has-post-thumbnail","6":"product_cat-no-armored-cable","7":"product_cat-outdoor-cable","8":"desktop-align-left","9":"tablet-align-left","10":"mobile-align-left","11":"ast-product-gallery-layout-horizontal-slider","12":"ast-product-tabs-layout-horizontal","14":"first","15":"instock","16":"shipping-taxable","17":"product-type-simple"},"acf":[],"_links":{"self":[{"href":"https:\/\/www.omccable.com\/es\/wp-json\/wp\/v2\/product\/11023","targetHints":{"allow":["GET"]}}],"collection":[{"href":"https:\/\/www.omccable.com\/es\/wp-json\/wp\/v2\/product"}],"about":[{"href":"https:\/\/www.omccable.com\/es\/wp-json\/wp\/v2\/types\/product"}],"replies":[{"embeddable":true,"href":"https:\/\/www.omccable.com\/es\/wp-json\/wp\/v2\/comments?post=11023"}],"version-history":[{"count":1,"href":"https:\/\/www.omccable.com\/es\/wp-json\/wp\/v2\/product\/11023\/revisions"}],"predecessor-version":[{"id":11026,"href":"https:\/\/www.omccable.com\/es\/wp-json\/wp\/v2\/product\/11023\/revisions\/11026"}],"wp:featuredmedia":[{"embeddable":true,"href":"https:\/\/www.omccable.com\/es\/wp-json\/wp\/v2\/media\/11025"}],"wp:attachment":[{"href":"https:\/\/www.omccable.com\/es\/wp-json\/wp\/v2\/media?parent=11023"}],"wp:term":[{"taxonomy":"product_cat","embeddable":true,"href":"https:\/\/www.omccable.com\/es\/wp-json\/wp\/v2\/product_cat?post=11023"},{"taxonomy":"product_tag","embeddable":true,"href":"https:\/\/www.omccable.com\/es\/wp-json\/wp\/v2\/product_tag?post=11023"}],"curies":[{"name":"wp","href":"https:\/\/api.w.org\/{rel}","templated":true}]}}