{"id":11015,"date":"2024-06-11T13:21:16","date_gmt":"2024-06-11T05:21:16","guid":{"rendered":"https:\/\/www.omccable.com\/?post_type=product&#038;p=11015"},"modified":"2024-06-11T13:21:17","modified_gmt":"2024-06-11T05:21:17","slug":"12-288f-stranded-loose-tube-no-armored-outdoor-cable-gcyty","status":"publish","type":"product","link":"https:\/\/www.omccable.com\/es\/producto\/12-288f-stranded-loose-tube-no-armored-outdoor-cable-gcyty\/","title":{"rendered":"12-288F Cable para exteriores trenzado de tubo suelto sin blindaje-GCYTY"},"content":{"rendered":"<p>En la OMC <strong><b>12-288F Cable para exteriores trenzado de tubo suelto sin blindaje-GCYTY<\/b><\/strong>, A <strong><b>Cable FRP<\/b><\/strong>, a veces revestido con polietileno (PE), se encuentra en el centro del n\u00facleo como miembro de resistencia no met\u00e1lico. La fibra monomodo\/multimodo se coloca en el tubo holgado, que est\u00e1 hecho de materiales PBT y lleno de compuesto de relleno. El tubo holgado est\u00e1 cubierto con materiales de PE para garantizar la compacidad y el rendimiento longitudinal de bloqueo de agua.<\/p>\n<p>&nbsp;<\/p>\n<p><strong><b>Color est\u00e1ndar de fibra y tubo<\/b><\/strong><\/p>\n<p>El c\u00f3digo de color de las fibras individuales deber\u00e1 estar de acuerdo con la tabla siguiente<\/p>\n<table>\n<tbody>\n<tr>\n<td width=\"139\"><strong>No.<\/strong><\/td>\n<td width=\"94\">1<\/td>\n<td width=\"99\">2<\/td>\n<td width=\"94\">3<\/td>\n<td width=\"94\">4<\/td>\n<td width=\"94\">5<\/td>\n<td width=\"94\">6<\/td>\n<\/tr>\n<tr>\n<td width=\"139\"><strong>Color<\/strong><\/td>\n<td width=\"94\">Azul<\/td>\n<td width=\"99\">Naranja<\/td>\n<td width=\"94\">Verde<\/td>\n<td width=\"94\">Marr\u00f3n<\/td>\n<td width=\"94\">Gris<\/td>\n<td width=\"94\">Blanco<\/td>\n<\/tr>\n<tr>\n<td width=\"139\"><strong>No.<\/strong><\/td>\n<td width=\"94\">7<\/td>\n<td width=\"99\">8<\/td>\n<td width=\"94\">9<\/td>\n<td width=\"94\">10<\/td>\n<td width=\"94\">11<\/td>\n<td width=\"94\">12<\/td>\n<\/tr>\n<tr>\n<td width=\"139\"><strong>Color<\/strong><\/td>\n<td width=\"94\">Rojo<\/td>\n<td width=\"99\">Negro<\/td>\n<td width=\"94\">Amarillo<\/td>\n<td width=\"94\">Violeta<\/td>\n<td width=\"94\">Rosa<\/td>\n<td width=\"94\">Agua<\/td>\n<\/tr>\n<\/tbody>\n<\/table>\n<p>C\u00f3digo de color del tubo para 12~144 fibras:<\/p>\n<table>\n<tbody>\n<tr>\n<td width=\"139\"><strong>No.<\/strong><\/td>\n<td width=\"94\">1<\/td>\n<td width=\"99\">2<\/td>\n<td width=\"94\">3<\/td>\n<td width=\"94\">4<\/td>\n<td width=\"94\">5<\/td>\n<td width=\"94\">6<\/td>\n<\/tr>\n<tr>\n<td width=\"139\"><strong>Color<\/strong><\/td>\n<td width=\"94\">Azul<\/td>\n<td width=\"99\">Naranja<\/td>\n<td width=\"94\">Verde<\/td>\n<td width=\"94\">Marr\u00f3n<\/td>\n<td width=\"94\">Gris<\/td>\n<td width=\"94\">Blanco<\/td>\n<\/tr>\n<tr>\n<td width=\"139\"><strong>No.<\/strong><\/td>\n<td width=\"94\">7<\/td>\n<td width=\"99\">8<\/td>\n<td width=\"94\">9<\/td>\n<td width=\"94\">10<\/td>\n<td width=\"94\">11<\/td>\n<td width=\"94\">12<\/td>\n<\/tr>\n<tr>\n<td width=\"139\"><strong>Color<\/strong><\/td>\n<td width=\"94\">Rojo<\/td>\n<td width=\"99\">Negro<\/td>\n<td width=\"94\">Amarillo<\/td>\n<td width=\"94\">Violeta<\/td>\n<td width=\"94\">Rosa<\/td>\n<td width=\"94\">Agua<\/td>\n<\/tr>\n<\/tbody>\n<\/table>\n<p>C\u00f3digo de color de los tubos holgados de la capa interior para 288 fibras:<\/p>\n<table>\n<tbody>\n<tr>\n<td width=\"144\"><strong>No.<\/strong><\/td>\n<td width=\"94\">1<\/td>\n<td width=\"94\">2<\/td>\n<td width=\"94\">3<\/td>\n<td width=\"94\">4<\/td>\n<td width=\"94\">5<\/td>\n<td width=\"94\">6<\/td>\n<\/tr>\n<tr>\n<td width=\"144\"><strong>Color<\/strong><\/td>\n<td width=\"94\">Azul<\/td>\n<td width=\"94\">Naranja<\/td>\n<td width=\"94\">Verde<\/td>\n<td width=\"94\">Marr\u00f3n<\/td>\n<td width=\"94\">Gris<\/td>\n<td width=\"94\">Blanco<\/td>\n<\/tr>\n<tr>\n<td width=\"144\"><strong>No.<\/strong><\/td>\n<td width=\"94\">7<\/td>\n<td width=\"94\">8<\/td>\n<td width=\"94\">9<\/td>\n<td colspan=\"3\" rowspan=\"2\" width=\"283\">&nbsp;<\/td>\n<\/tr>\n<tr>\n<td width=\"144\"><strong>Color<\/strong><\/td>\n<td width=\"94\">Rojo<\/td>\n<td width=\"94\">Negro<\/td>\n<td width=\"94\">Amarillo<\/td>\n<\/tr>\n<\/tbody>\n<\/table>\n<table>\n<tbody>\n<tr>\n<td width=\"145\"><strong>No.<\/strong><\/td>\n<td width=\"94\">10<\/td>\n<td width=\"94\">11<\/td>\n<td width=\"94\">12<\/td>\n<td width=\"94\">13<\/td>\n<td width=\"94\">14<\/td>\n<td width=\"94\">15<\/td>\n<\/tr>\n<tr>\n<td width=\"145\"><strong>Color<\/strong><\/td>\n<td width=\"94\">Violeta<\/td>\n<td width=\"94\">Rosa<\/td>\n<td width=\"94\">Agua<\/td>\n<td width=\"94\">Azul #<\/td>\n<td width=\"94\">Naranja #<\/td>\n<td width=\"94\">Verde #<\/td>\n<\/tr>\n<tr>\n<td width=\"145\"><strong>No.<\/strong><\/td>\n<td width=\"94\">16<\/td>\n<td width=\"94\">17<\/td>\n<td width=\"94\">18<\/td>\n<td width=\"94\">19<\/td>\n<td width=\"94\">20<\/td>\n<td width=\"94\">21<\/td>\n<\/tr>\n<tr>\n<td width=\"145\"><strong>Color<\/strong><\/td>\n<td width=\"94\">Marr\u00f3n #<\/td>\n<td width=\"94\">Gris #<\/td>\n<td width=\"94\">Blanco #<\/td>\n<td width=\"94\">Rojo #<\/td>\n<td width=\"94\">Negro *<\/td>\n<td width=\"94\">Amarillo #<\/td>\n<\/tr>\n<tr>\n<td width=\"145\"><strong>No.<\/strong><\/td>\n<td width=\"94\">22<\/td>\n<td width=\"94\">23<\/td>\n<td width=\"94\">24<\/td>\n<td colspan=\"3\" rowspan=\"2\" width=\"283\">&nbsp;<\/td>\n<\/tr>\n<tr>\n<td width=\"145\"><strong>Color<\/strong><\/td>\n<td width=\"94\">Violeta #<\/td>\n<td width=\"94\">Rosa #<\/td>\n<td width=\"94\">Agua #<\/td>\n<\/tr>\n<\/tbody>\n<\/table>\n<p>C\u00f3digo de color de tubos sueltos de capa exterior para 288 fibras<\/p>\n<p>Nota: # significa una sola franja negra; * significa una sola franja blanca.<\/p>\n<p>&nbsp;<\/p>\n<p><strong><b>Par\u00e1metro de estructura<\/b><\/strong><\/p>\n<table>\n<tbody>\n<tr>\n<td width=\"167\"><strong>Art\u00edculo<\/strong><\/td>\n<td width=\"77\"><strong>Contenido<\/strong><\/td>\n<td width=\"56\"><strong>Unidad<\/strong><\/td>\n<td colspan=\"6\" width=\"398\"><strong>Valor<\/strong><\/td>\n<\/tr>\n<tr>\n<td width=\"167\">Recuento de fibras<\/td>\n<td width=\"77\">N\u00famero<\/td>\n<td width=\"56\">\/<\/td>\n<td width=\"39\">12<\/td>\n<td width=\"56\">24<\/td>\n<td width=\"66\">48<\/td>\n<td width=\"75\">96<\/td>\n<td width=\"75\">144<\/td>\n<td width=\"85\">288<\/td>\n<\/tr>\n<tr>\n<td width=\"167\">Estructura de cables<\/td>\n<td width=\"77\">\/<\/td>\n<td width=\"56\">\/<\/td>\n<td width=\"39\">1+6<\/td>\n<td width=\"56\">1+6<\/td>\n<td width=\"66\">1+6<\/td>\n<td width=\"75\">1+8<\/td>\n<td width=\"75\">1+12<\/td>\n<td width=\"85\">1+9+15<\/td>\n<\/tr>\n<tr>\n<td width=\"167\">N\u00famero de fibra por tubo<\/td>\n<td width=\"77\">N\u00famero<\/td>\n<td width=\"56\">\/<\/td>\n<td width=\"39\">12<\/td>\n<td width=\"56\">12<\/td>\n<td width=\"66\">12<\/td>\n<td width=\"75\">12<\/td>\n<td width=\"75\">12<\/td>\n<td width=\"85\">12<\/td>\n<\/tr>\n<tr>\n<td width=\"167\">Tubo suelto<\/td>\n<td width=\"77\">N\u00famero<\/td>\n<td width=\"56\">\/<\/td>\n<td width=\"39\">1<\/td>\n<td width=\"56\">2<\/td>\n<td width=\"66\">4<\/td>\n<td width=\"75\">8<\/td>\n<td width=\"75\">12<\/td>\n<td width=\"85\">9+15<\/td>\n<\/tr>\n<tr>\n<td width=\"167\">Miembro de fuerza central<\/td>\n<td width=\"77\">Materiales<\/td>\n<td width=\"56\">\/<\/td>\n<td colspan=\"6\" width=\"398\">FRP con coj\u00edn cuando sea necesario<\/td>\n<\/tr>\n<tr>\n<td width=\"167\">Di\u00e1metro del cable<\/td>\n<td width=\"77\">\u00b15%<\/td>\n<td width=\"56\">mil\u00edmetros<\/td>\n<td width=\"39\">5.3<\/td>\n<td width=\"56\">5.3<\/td>\n<td width=\"66\">5.3<\/td>\n<td width=\"75\">6.2<\/td>\n<td width=\"75\">8.0<\/td>\n<td width=\"85\">9.4<\/td>\n<\/tr>\n<tr>\n<td width=\"167\">Peso del cable<\/td>\n<td width=\"77\">\u00b110%<\/td>\n<td width=\"56\">kg\/km<\/td>\n<td width=\"39\">22<\/td>\n<td width=\"56\">22<\/td>\n<td width=\"66\">23<\/td>\n<td width=\"75\">35<\/td>\n<td width=\"75\">53<\/td>\n<td width=\"85\">77<\/td>\n<\/tr>\n<tr>\n<td width=\"167\">Di\u00e1metro interior del microconducto<\/td>\n<td width=\"77\">\/<\/td>\n<td width=\"56\">mil\u00edmetros<\/td>\n<td width=\"39\">8<\/td>\n<td width=\"56\">8<\/td>\n<td width=\"66\">8<\/td>\n<td width=\"75\">8<\/td>\n<td width=\"75\">10<\/td>\n<td width=\"85\">14<\/td>\n<\/tr>\n<\/tbody>\n<\/table>\n<p><strong><b>\u00a0<\/b><\/strong><\/p>\n<p><strong><b>Desempe\u00f1o mec\u00e1nico y ambiental<\/b><\/strong><\/p>\n<table>\n<tbody>\n<tr>\n<td width=\"153\"><strong>Art\u00edculo<\/strong><\/td>\n<td width=\"260\"><strong>Prueba<\/strong><strong>\u00a0<\/strong><strong>M\u00e9todo<\/strong><\/td>\n<td width=\"283\"><strong>Aceptaci\u00f3n<\/strong><strong>\u00a0<\/strong><strong>Condici\u00f3n<\/strong><\/td>\n<\/tr>\n<tr>\n<td width=\"153\">Resistencia a la tracci\u00f3n IEC 60794-1-21-E1<\/td>\n<td width=\"260\">\u2013 Carga: Tensi\u00f3n a corto plazo<\/p>\n<p>\u2013 Longitud del cable: \u2265 50 m<\/p>\n<p>\u2013 Tiempo de carga: 1 min<\/td>\n<td width=\"283\">Cambio de p\u00e9rdida \u22640,1 dB a 1550 nm despu\u00e9s de la prueba.<\/p>\n<p>Sin roturas de fibra ni da\u00f1os en la funda.<\/td>\n<\/tr>\n<tr>\n<td width=\"153\">Prueba de aplastamiento<\/p>\n<p>IEC 60794-1-21-E3<\/td>\n<td width=\"260\">\u2013 Carga: Aplastamiento a corto plazo<\/p>\n<p>\u2013 Tiempo de carga: 1 min<\/td>\n<td width=\"283\">Cambio de p\u00e9rdida \u22640,1 dB a 1550 nm despu\u00e9s de la prueba.<\/p>\n<p>Sin roturas de fibra ni da\u00f1os en la funda.<\/td>\n<\/tr>\n<tr>\n<td width=\"153\">Prueba de impacto<\/p>\n<p>IEC 60794-1-21-E4<\/td>\n<td width=\"260\">\u2013 Puntos de impacto: 3<\/p>\n<p>\u2013 Tiempos de por punto: 1<\/p>\n<p>\u2013 Energ\u00eda de impacto: 1J<\/td>\n<td width=\"283\">Cambio de p\u00e9rdida \u22640,1 dB a 1550 nm despu\u00e9s de la prueba.<\/p>\n<p>Sin roturas de fibra ni da\u00f1os en la funda.<\/td>\n<\/tr>\n<tr>\n<td width=\"153\">Doblado repetido<\/p>\n<p>IEC 60794-1-21-E6<\/td>\n<td width=\"260\">\u2013 Radio de flexi\u00f3n: 20 x OD<\/p>\n<p>\u2013 N\u00ba de ciclos: 25<\/td>\n<td width=\"283\">Cambio de p\u00e9rdida \u2264 0,1 dB a 1550 nm despu\u00e9s de la prueba.<\/p>\n<p>Sin roturas de fibra ni da\u00f1os en la funda.<\/td>\n<\/tr>\n<tr>\n<td width=\"153\">Torsi\u00f3n<\/p>\n<p>IEC 60794-1-21-E7<\/td>\n<td width=\"260\">\u2013 Longitud: 2 m<\/p>\n<p>\u2013 \u00c1ngulo de giro: \u00b1180\u00b0<\/p>\n<p>\u2013 N\u00ba de ciclos: 10<\/td>\n<td width=\"283\">Cambio de p\u00e9rdida \u22640,1 dB a 1550 nm despu\u00e9s de la prueba.<\/p>\n<p>Sin roturas de fibra ni da\u00f1os en la funda.<\/td>\n<\/tr>\n<tr>\n<td width=\"153\">Penetraci\u00f3n de agua IEC 60794-1-22-F5<\/td>\n<td width=\"260\">\u2013 Altura del agua: 1m<\/p>\n<p>\u2013 Longitud de la muestra: 3m<\/p>\n<p>\u2013 Hora: 24h<\/td>\n<td width=\"283\">No hay fugas de agua desde el n\u00facleo del cable del extremo opuesto<\/td>\n<\/tr>\n<tr>\n<td width=\"153\">Ciclos de temperatura IEC 60794-1-22-F1<\/td>\n<td width=\"260\">\u2013 Temperatura: -20 \u2103 ~+70 \u2103<\/p>\n<p>\u2013 Tiempo de cada paso: 12h<\/p>\n<p>\u2013 N\u00ba de ciclos: 2<\/td>\n<td width=\"283\">Cambio de p\u00e9rdida \u22640,1 dB\/km@1550 nm despu\u00e9s de la prueba.<\/p>\n<p>\u2013 Sin rotura de fibra ni da\u00f1o a la funda.<\/td>\n<\/tr>\n<\/tbody>\n<\/table>\n<p>&nbsp;<\/p>\n<p><strong><b>Par\u00e1metros t\u00e9cnicos de fibra \u00f3ptica-SMF<\/b><\/strong><\/p>\n<table>\n<tbody>\n<tr>\n<td width=\"182\"><strong>Art\u00edculo<\/strong><\/td>\n<td width=\"285\"><strong>Contenido<\/strong><\/td>\n<td width=\"227\"><strong>Valor<\/strong><\/td>\n<\/tr>\n<tr>\n<td rowspan=\"2\" width=\"182\"><strong>\u00a0<\/strong><\/p>\n<p>Atenuaci\u00f3n<\/td>\n<td width=\"285\">@1310 nm<\/td>\n<td width=\"227\">\u22640,36dB\/km<\/td>\n<\/tr>\n<tr>\n<td width=\"285\">@1550 nm<\/td>\n<td width=\"227\">\u22640,22 dB\/km<\/td>\n<\/tr>\n<tr>\n<td rowspan=\"3\" width=\"182\"><strong>\u00a0<\/strong><\/p>\n<p>Dispersi\u00f3n<\/td>\n<td width=\"285\">@1288nm~1339nm<\/td>\n<td width=\"227\">\u22643,5ps\/(nm\u00b7km)<\/td>\n<\/tr>\n<tr>\n<td width=\"285\">@1550 nm<\/td>\n<td width=\"227\">\u226418ps\/(nm\u00b7km)<\/td>\n<\/tr>\n<tr>\n<td width=\"285\">@1625nm<\/td>\n<td width=\"227\">\u226422ps\/(nm\u00b7km)<\/td>\n<\/tr>\n<tr>\n<td colspan=\"2\" width=\"468\">Longitud de onda de dispersi\u00f3n cero<\/td>\n<td width=\"227\">1300 nm ~ 1324 nm<\/td>\n<\/tr>\n<tr>\n<td colspan=\"2\" width=\"468\">Pendiente de dispersi\u00f3n cero<\/td>\n<td width=\"227\">\u22640,092ps\/(nm2\u00b7km)<\/td>\n<\/tr>\n<tr>\n<td rowspan=\"2\" width=\"182\">Modo di\u00e1metro del campo<\/p>\n<p>(MFD)<\/td>\n<td width=\"285\">@1310 nm<\/td>\n<td width=\"227\">9,2 \u00b1 0,4 \u03bcm<\/td>\n<\/tr>\n<tr>\n<td width=\"285\">@1550 nm<\/td>\n<td width=\"227\">10,4 \u00b1 0,8 \u03bcm<\/td>\n<\/tr>\n<tr>\n<td colspan=\"2\" width=\"468\">Longitud de onda de corte del cable \u03bbcc(nm)<\/td>\n<td width=\"227\">\u22641260 nm<\/td>\n<\/tr>\n<tr>\n<td rowspan=\"4\" width=\"182\"><strong>\u00a0<\/strong><\/p>\n<p><strong>\u00a0<\/strong><\/p>\n<p>P\u00e9rdida por flexi\u00f3n<\/td>\n<td width=\"285\">1550 nm (1 vuelta; \u03a620 mm)<\/td>\n<td width=\"227\">\u00a30,75dB<\/td>\n<\/tr>\n<tr>\n<td width=\"285\">1550 nm (10 vueltas; \u03a630 mm)<\/td>\n<td width=\"227\">\u00a30,25dB<\/td>\n<\/tr>\n<tr>\n<td width=\"285\">1625 nm (1 vuelta; \u03a620 mm)<\/td>\n<td width=\"227\">1,5 dB<\/td>\n<\/tr>\n<tr>\n<td width=\"285\">1625 nm (10 vueltas; \u03a630 mm)<\/td>\n<td width=\"227\">\u00a31,0dB<\/td>\n<\/tr>\n<tr>\n<td colspan=\"3\" width=\"695\">Caracter\u00edsticas geom\u00e9tricas<\/td>\n<\/tr>\n<tr>\n<td colspan=\"2\" width=\"468\">Di\u00e1metro del revestimiento<\/td>\n<td width=\"227\">125\u00b11,0 \u03bcm<\/td>\n<\/tr>\n<tr>\n<td colspan=\"2\" width=\"468\">Falta de circularidad del revestimiento<\/td>\n<td width=\"227\">\u22641%<\/td>\n<\/tr>\n<tr>\n<td colspan=\"2\" width=\"468\">Error de concentricidad del n\u00facleo\/revestimiento<\/td>\n<td width=\"227\">\u22640,6 \u03bcm<\/td>\n<\/tr>\n<tr>\n<td colspan=\"2\" width=\"468\">Error de concentricidad del revestimiento\/revestimiento<\/td>\n<td width=\"227\">\u226412,0 \u03bcm<\/td>\n<\/tr>\n<tr>\n<td colspan=\"3\" width=\"695\">Caracter\u00edsticas mec\u00e1nicas<\/td>\n<\/tr>\n<tr>\n<td colspan=\"2\" width=\"468\">Estr\u00e9s de prueba<\/td>\n<td width=\"227\">\u22650,69 GPa<\/td>\n<\/tr>\n<tr>\n<td colspan=\"2\" width=\"468\">Rizo de fibra<\/td>\n<td width=\"227\">\u22654m<\/td>\n<\/tr>\n<tr>\n<td colspan=\"2\" width=\"468\">Fuerza de la tira de revestimiento<\/td>\n<td width=\"227\">1,0~8,9N<\/td>\n<\/tr>\n<\/tbody>\n<\/table>","protected":false},"excerpt":{"rendered":"<p>En el cable exterior GCYTY de tubo suelto trenzado y sin armadura 12-288F de OMC, se encuentra un cable FRP, a veces revestido con polietileno (PE), en el centro del n\u00facleo como miembro de resistencia no met\u00e1lico. La fibra monomodo\/multimodo se coloca en el tubo holgado, que est\u00e1 hecho de materiales PBT y lleno de compuesto de relleno. El tubo suelto est\u00e1 cubierto con PE [\u2026]<\/p>","protected":false},"featured_media":11017,"comment_status":"closed","ping_status":"closed","template":"","meta":{"site-sidebar-layout":"default","site-content-layout":"","ast-site-content-layout":"default","site-content-style":"default","site-sidebar-style":"default","ast-global-header-display":"","ast-banner-title-visibility":"","ast-main-header-display":"","ast-hfb-above-header-display":"","ast-hfb-below-header-display":"","ast-hfb-mobile-header-display":"","site-post-title":"","ast-breadcrumbs-content":"","ast-featured-img":"","footer-sml-layout":"","theme-transparent-header-meta":"default","adv-header-id-meta":"","stick-header-meta":"default","header-above-stick-meta":"","header-main-stick-meta":"","header-below-stick-meta":"","astra-migrate-meta-layouts":"set","ast-page-background-enabled":"default","ast-page-background-meta":{"desktop":{"background-color":"var(--ast-global-color-4)","background-image":"","background-repeat":"repeat","background-position":"center center","background-size":"auto","background-attachment":"scroll","background-type":"","background-media":"","overlay-type":"","overlay-color":"","overlay-gradient":""},"tablet":{"background-color":"","background-image":"","background-repeat":"repeat","background-position":"center center","background-size":"auto","background-attachment":"scroll","background-type":"","background-media":"","overlay-type":"","overlay-color":"","overlay-gradient":""},"mobile":{"background-color":"","background-image":"","background-repeat":"repeat","background-position":"center center","background-size":"auto","background-attachment":"scroll","background-type":"","background-media":"","overlay-type":"","overlay-color":"","overlay-gradient":""}},"ast-content-background-meta":{"desktop":{"background-color":"var(--ast-global-color-5)","background-image":"","background-repeat":"repeat","background-position":"center center","background-size":"auto","background-attachment":"scroll","background-type":"","background-media":"","overlay-type":"","overlay-color":"","overlay-gradient":""},"tablet":{"background-color":"var(--ast-global-color-5)","background-image":"","background-repeat":"repeat","background-position":"center center","background-size":"auto","background-attachment":"scroll","background-type":"","background-media":"","overlay-type":"","overlay-color":"","overlay-gradient":""},"mobile":{"background-color":"var(--ast-global-color-5)","background-image":"","background-repeat":"repeat","background-position":"center center","background-size":"auto","background-attachment":"scroll","background-type":"","background-media":"","overlay-type":"","overlay-color":"","overlay-gradient":""}}},"product_cat":[140,124],"product_tag":[],"class_list":{"0":"post-11015","1":"product","2":"type-product","3":"status-publish","4":"has-post-thumbnail","6":"product_cat-no-armored-cable","7":"product_cat-outdoor-cable","8":"desktop-align-left","9":"tablet-align-left","10":"mobile-align-left","11":"ast-product-gallery-layout-horizontal-slider","12":"ast-product-tabs-layout-horizontal","14":"first","15":"instock","16":"shipping-taxable","17":"product-type-simple"},"acf":[],"_links":{"self":[{"href":"https:\/\/www.omccable.com\/es\/wp-json\/wp\/v2\/product\/11015","targetHints":{"allow":["GET"]}}],"collection":[{"href":"https:\/\/www.omccable.com\/es\/wp-json\/wp\/v2\/product"}],"about":[{"href":"https:\/\/www.omccable.com\/es\/wp-json\/wp\/v2\/types\/product"}],"replies":[{"embeddable":true,"href":"https:\/\/www.omccable.com\/es\/wp-json\/wp\/v2\/comments?post=11015"}],"version-history":[{"count":1,"href":"https:\/\/www.omccable.com\/es\/wp-json\/wp\/v2\/product\/11015\/revisions"}],"predecessor-version":[{"id":11018,"href":"https:\/\/www.omccable.com\/es\/wp-json\/wp\/v2\/product\/11015\/revisions\/11018"}],"wp:featuredmedia":[{"embeddable":true,"href":"https:\/\/www.omccable.com\/es\/wp-json\/wp\/v2\/media\/11017"}],"wp:attachment":[{"href":"https:\/\/www.omccable.com\/es\/wp-json\/wp\/v2\/media?parent=11015"}],"wp:term":[{"taxonomy":"product_cat","embeddable":true,"href":"https:\/\/www.omccable.com\/es\/wp-json\/wp\/v2\/product_cat?post=11015"},{"taxonomy":"product_tag","embeddable":true,"href":"https:\/\/www.omccable.com\/es\/wp-json\/wp\/v2\/product_tag?post=11015"}],"curies":[{"name":"wp","href":"https:\/\/api.w.org\/{rel}","templated":true}]}}