{"id":11003,"date":"2024-06-11T13:15:24","date_gmt":"2024-06-11T05:15:24","guid":{"rendered":"https:\/\/www.omccable.com\/?post_type=product&#038;p=11003"},"modified":"2024-06-11T13:15:25","modified_gmt":"2024-06-11T05:15:25","slug":"1-12cores-aerial-self-supporting-fig-8-unitube-no-armored-cable-gyxtc8y","status":"publish","type":"product","link":"https:\/\/www.omccable.com\/es\/producto\/1-12cores-aerial-self-supporting-fig-8-unitube-no-armored-cable-gyxtc8y\/","title":{"rendered":"Cable no blindado Unitube Fig. 8 autoportante a\u00e9reo de 1-12 n\u00facleos (GYXTC8Y)"},"content":{"rendered":"<p>En la OMC <strong><b>GYXTC8Y <\/b><\/strong>En el cable, las fibras monomodo\/multimodo se colocan en el tubo holgado, que est\u00e1 hecho de materiales PBT y relleno con compuesto de relleno. El tubo suelto est\u00e1 cubierto con <strong><b>Hilo de vidrio que bloquea el agua<\/b><\/strong>\u00a0. <strong><b>Cinta blindada de acero y PE<\/b><\/strong>\u00a0Materiales para garantizar la compacidad y el rendimiento longitudinal de bloqueo de agua.<\/p>\n<p>Un cable para mensajes de Solid Steel ofrec\u00eda una excelente resistencia a la tracci\u00f3n para la instalaci\u00f3n a\u00e9rea.<\/p>\n<p>&nbsp;<\/p>\n<p><strong><b>Color est\u00e1ndar de fibra y tubo<\/b><\/strong><\/p>\n<p>El c\u00f3digo de color de las fibras individuales deber\u00e1 estar de acuerdo con la tabla que se muestra a continuaci\u00f3n:<\/p>\n<table>\n<tbody>\n<tr>\n<td width=\"168\">No.<\/td>\n<td width=\"86\">1<\/td>\n<td width=\"82\">2<\/td>\n<td width=\"82\">3<\/td>\n<td width=\"82\">4<\/td>\n<td width=\"82\">5<\/td>\n<td width=\"75\">6<\/td>\n<\/tr>\n<tr>\n<td width=\"168\">Color<\/td>\n<td width=\"86\">Azul<\/td>\n<td width=\"82\">Naranja<\/td>\n<td width=\"82\">Verde<\/td>\n<td width=\"82\">Marr\u00f3n<\/td>\n<td width=\"82\">Pizarra<\/td>\n<td width=\"75\">Blanco<\/td>\n<\/tr>\n<tr>\n<td width=\"168\">No.<\/td>\n<td width=\"86\">7<\/td>\n<td width=\"82\">8<\/td>\n<td width=\"82\">9<\/td>\n<td width=\"82\">10<\/td>\n<td width=\"82\">11<\/td>\n<td width=\"75\">12<\/td>\n<\/tr>\n<tr>\n<td width=\"168\">Color<\/td>\n<td width=\"86\">Rojo<\/td>\n<td width=\"82\">Negro<\/td>\n<td width=\"82\">Amarillo<\/td>\n<td width=\"82\">Violeta<\/td>\n<td width=\"82\">Rosa<\/td>\n<td width=\"75\">Agua<\/td>\n<\/tr>\n<\/tbody>\n<\/table>\n<p>&nbsp;<\/p>\n<p><strong><b>Cable<\/b><\/strong><strong><b>\u00a0Par\u00e1metro de estructura<\/b><\/strong><\/p>\n<table>\n<tbody>\n<tr>\n<td width=\"247\">Art\u00edculo<\/td>\n<td width=\"103\">Contenido<\/td>\n<td width=\"75\">Unidad<\/td>\n<td width=\"236\">Valor<\/td>\n<\/tr>\n<tr>\n<td width=\"247\">Recuento de fibras<\/td>\n<td width=\"103\">N\u00famero<\/td>\n<td width=\"75\">\/<\/td>\n<td width=\"236\">2-12<\/td>\n<\/tr>\n<tr>\n<td width=\"247\">Tipo de fibra<\/td>\n<td width=\"103\">\/<\/td>\n<td width=\"75\">\/<\/td>\n<td width=\"236\">SMG652D;OM2,OM3,OM4<\/td>\n<\/tr>\n<tr>\n<td rowspan=\"3\" width=\"247\">tubo suelto<\/td>\n<td width=\"103\">Materiales<\/td>\n<td width=\"75\">\/<\/td>\n<td width=\"236\">PBT<\/td>\n<\/tr>\n<tr>\n<td width=\"103\">Di\u00e1metro<\/td>\n<td width=\"75\">mil\u00edmetros<\/td>\n<td width=\"236\">2,0\u00b10,1<\/td>\n<\/tr>\n<tr>\n<td width=\"103\">Color<\/td>\n<td width=\"75\">\/<\/td>\n<td width=\"236\">Naturaleza<\/td>\n<\/tr>\n<tr>\n<td rowspan=\"2\" width=\"247\">Cable de mensajer\u00eda<\/td>\n<td width=\"103\">Materiales<\/td>\n<td width=\"75\">\/<\/td>\n<td width=\"236\">\u00a0Alambre de acero<\/td>\n<\/tr>\n<tr>\n<td width=\"103\">Di\u00e1metro<\/td>\n<td width=\"75\">mil\u00edmetros<\/td>\n<td width=\"236\">1,6 mm<\/td>\n<\/tr>\n<tr>\n<td width=\"247\">Bloqueo de agua<\/td>\n<td width=\"103\">Materiales<\/td>\n<td width=\"75\">\/<\/td>\n<td width=\"236\">Compuesto bloqueador de agua<\/td>\n<\/tr>\n<tr>\n<td rowspan=\"2\" width=\"247\">Atenuaci\u00f3n (despu\u00e9s del cable)<\/td>\n<td width=\"103\">1310nm<\/td>\n<td width=\"75\">dB\/km<\/td>\n<td width=\"236\">0.36<\/td>\n<\/tr>\n<tr>\n<td width=\"103\">1550 nm<\/td>\n<td width=\"75\">dB\/km<\/td>\n<td width=\"236\">0.22<\/td>\n<\/tr>\n<tr>\n<td rowspan=\"2\" width=\"247\">Funda exterior<\/td>\n<td width=\"103\">materiales<\/td>\n<td width=\"75\">\/<\/td>\n<td width=\"236\">educaci\u00f3n f\u00edsica<\/td>\n<\/tr>\n<tr>\n<td width=\"103\">Color<\/td>\n<td width=\"75\">\/<\/td>\n<td width=\"236\">Negro<\/td>\n<\/tr>\n<tr>\n<td width=\"247\">Di\u00e1metro del cable<\/td>\n<td width=\"103\">\u00b10,3<\/td>\n<td width=\"75\">mil\u00edmetros<\/td>\n<td width=\"236\">3,2\u00d76,5<\/td>\n<\/tr>\n<tr>\n<td width=\"247\">Peso del cable<\/td>\n<td width=\"103\">\u00b15%<\/td>\n<td width=\"75\">kg\/km<\/td>\n<td width=\"236\">62<\/td>\n<\/tr>\n<\/tbody>\n<\/table>\n<p>&nbsp;<\/p>\n<p><strong><b>Desempe\u00f1o mec\u00e1nico y ambiental<\/b><\/strong><\/p>\n<table>\n<tbody>\n<tr>\n<td width=\"221\"><strong>Art\u00edculo<\/strong><\/td>\n<td width=\"206\"><strong>Contenido<\/strong><\/td>\n<td width=\"236\"><strong>Valor<\/strong><\/td>\n<\/tr>\n<tr>\n<td rowspan=\"2\" width=\"221\">M\u00e1x. carga de tracci\u00f3n<\/td>\n<td width=\"206\">Corto plazo<\/td>\n<td width=\"236\">Deformaci\u00f3n de fibra 1500N\u22640.6%<\/td>\n<\/tr>\n<tr>\n<td width=\"206\">Largo plazo<\/td>\n<td width=\"236\">600N<\/td>\n<\/tr>\n<tr>\n<td rowspan=\"2\" width=\"221\">M\u00e1x. resistencia al aplastamiento<\/td>\n<td width=\"206\">Corto plazo<\/td>\n<td width=\"236\">1500N\/100mm<\/td>\n<\/tr>\n<tr>\n<td width=\"206\">Largo plazo<\/td>\n<td width=\"236\">600N\/100mm<\/td>\n<\/tr>\n<tr>\n<td rowspan=\"2\" width=\"221\">M\u00edn. radio de curvatura<\/td>\n<td width=\"206\">Instalaci\u00f3n<\/td>\n<td width=\"236\">20 x di\u00e1metro del cable<\/td>\n<\/tr>\n<tr>\n<td width=\"206\">Operaci\u00f3n<\/td>\n<td width=\"236\">10 x di\u00e1metro del cable<\/td>\n<\/tr>\n<tr>\n<td rowspan=\"3\" width=\"221\">Rango de temperatura<\/td>\n<td width=\"206\">Operaci\u00f3n<\/td>\n<td width=\"236\">-40\u2103 ~ +70\u2103<\/td>\n<\/tr>\n<tr>\n<td width=\"206\">Instalaci\u00f3n<\/td>\n<td width=\"236\">-20\u2103 ~ +60\u2103<\/td>\n<\/tr>\n<tr>\n<td width=\"206\">Almacenamiento\/transporte<\/td>\n<td width=\"236\">-40\u2103 ~ +70\u2103<\/td>\n<\/tr>\n<\/tbody>\n<\/table>\n<p>&nbsp;<\/p>\n<p><strong><b>Par\u00e1metros t\u00e9cnicos de fibra \u00f3ptica-SMF<\/b><\/strong><\/p>\n<table>\n<tbody>\n<tr>\n<td colspan=\"2\" rowspan=\"2\" width=\"320\"><strong>Art\u00edculo<\/strong><\/td>\n<td rowspan=\"2\" width=\"85\"><strong>Unidad<\/strong><\/td>\n<td width=\"264\"><strong>Especificaci\u00f3n<\/strong><\/td>\n<\/tr>\n<tr>\n<td width=\"264\">G.652D<\/td>\n<\/tr>\n<tr>\n<td rowspan=\"2\" width=\"207\">Modo di\u00e1metro del campo<\/td>\n<td width=\"113\">1310nm<\/td>\n<td width=\"85\">nm<\/td>\n<td width=\"264\">9,2 \u00b1 0,4<\/td>\n<\/tr>\n<tr>\n<td width=\"113\">1550 nm<\/td>\n<td width=\"85\">nm<\/td>\n<td width=\"264\">10,4 \u00b1 0,5<\/td>\n<\/tr>\n<tr>\n<td colspan=\"2\" width=\"320\">Di\u00e1metro del revestimiento<\/td>\n<td width=\"85\">nm<\/td>\n<td width=\"264\">125,0 \u00b1 0,7<\/td>\n<\/tr>\n<tr>\n<td colspan=\"2\" width=\"320\">Falta de circularidad del revestimiento<\/td>\n<td width=\"85\">%<\/td>\n<td width=\"264\">\u22641,0<\/td>\n<\/tr>\n<tr>\n<td colspan=\"2\" width=\"320\">Error de concentricidad central<\/td>\n<td width=\"85\">nm<\/td>\n<td width=\"264\">\u22640,6<\/td>\n<\/tr>\n<tr>\n<td colspan=\"2\" width=\"320\">Di\u00e1metro del revestimiento<\/td>\n<td width=\"85\">nm<\/td>\n<td width=\"264\">242 \u00b1 7<\/td>\n<\/tr>\n<tr>\n<td colspan=\"2\" width=\"320\">Error de concentricidad del revestimiento\/revestimiento<\/td>\n<td width=\"85\">nm<\/td>\n<td width=\"264\">\u226412<\/td>\n<\/tr>\n<tr>\n<td colspan=\"2\" width=\"320\">Longitud de onda de corte del cable \u03bbcc<\/td>\n<td width=\"85\">nm<\/td>\n<td width=\"264\">\u2264 1260<\/td>\n<\/tr>\n<tr>\n<td rowspan=\"2\" width=\"207\">Atenuaci\u00f3n<\/td>\n<td width=\"113\">1310nm<\/td>\n<td width=\"85\">dB\/km<\/td>\n<td width=\"264\">\u22640,35<\/td>\n<\/tr>\n<tr>\n<td width=\"113\">1550 nm<\/td>\n<td width=\"85\">dB\/km<\/td>\n<td width=\"264\">\u22640,21<\/td>\n<\/tr>\n<\/tbody>\n<\/table>","protected":false},"excerpt":{"rendered":"<p>En el cable GYXTC8Y de OMC, las fibras monomodo\/multimodo se colocan en el tubo holgado, que est\u00e1 hecho de materiales PBT y relleno con compuesto de relleno. El tubo suelto est\u00e1 cubierto con hilo de vidrio que bloquea el agua. Cinta blindada de acero y materiales de PE para garantizar la compacidad y el rendimiento longitudinal de bloqueo de agua. Un cable para mensajes de Solid Steel ofrec\u00eda una excelente resistencia a la tracci\u00f3n para antenas [\u2026]<\/p>","protected":false},"featured_media":11005,"comment_status":"closed","ping_status":"closed","template":"","meta":{"site-sidebar-layout":"default","site-content-layout":"","ast-site-content-layout":"default","site-content-style":"default","site-sidebar-style":"default","ast-global-header-display":"","ast-banner-title-visibility":"","ast-main-header-display":"","ast-hfb-above-header-display":"","ast-hfb-below-header-display":"","ast-hfb-mobile-header-display":"","site-post-title":"","ast-breadcrumbs-content":"","ast-featured-img":"","footer-sml-layout":"","theme-transparent-header-meta":"default","adv-header-id-meta":"","stick-header-meta":"default","header-above-stick-meta":"","header-main-stick-meta":"","header-below-stick-meta":"","astra-migrate-meta-layouts":"set","ast-page-background-enabled":"default","ast-page-background-meta":{"desktop":{"background-color":"var(--ast-global-color-4)","background-image":"","background-repeat":"repeat","background-position":"center center","background-size":"auto","background-attachment":"scroll","background-type":"","background-media":"","overlay-type":"","overlay-color":"","overlay-gradient":""},"tablet":{"background-color":"","background-image":"","background-repeat":"repeat","background-position":"center center","background-size":"auto","background-attachment":"scroll","background-type":"","background-media":"","overlay-type":"","overlay-color":"","overlay-gradient":""},"mobile":{"background-color":"","background-image":"","background-repeat":"repeat","background-position":"center center","background-size":"auto","background-attachment":"scroll","background-type":"","background-media":"","overlay-type":"","overlay-color":"","overlay-gradient":""}},"ast-content-background-meta":{"desktop":{"background-color":"var(--ast-global-color-5)","background-image":"","background-repeat":"repeat","background-position":"center center","background-size":"auto","background-attachment":"scroll","background-type":"","background-media":"","overlay-type":"","overlay-color":"","overlay-gradient":""},"tablet":{"background-color":"var(--ast-global-color-5)","background-image":"","background-repeat":"repeat","background-position":"center center","background-size":"auto","background-attachment":"scroll","background-type":"","background-media":"","overlay-type":"","overlay-color":"","overlay-gradient":""},"mobile":{"background-color":"var(--ast-global-color-5)","background-image":"","background-repeat":"repeat","background-position":"center center","background-size":"auto","background-attachment":"scroll","background-type":"","background-media":"","overlay-type":"","overlay-color":"","overlay-gradient":""}}},"product_cat":[140,124],"product_tag":[],"class_list":{"0":"post-11003","1":"product","2":"type-product","3":"status-publish","4":"has-post-thumbnail","6":"product_cat-no-armored-cable","7":"product_cat-outdoor-cable","8":"desktop-align-left","9":"tablet-align-left","10":"mobile-align-left","11":"ast-product-gallery-layout-horizontal-slider","12":"ast-product-tabs-layout-horizontal","14":"first","15":"instock","16":"shipping-taxable","17":"product-type-simple"},"acf":[],"_links":{"self":[{"href":"https:\/\/www.omccable.com\/es\/wp-json\/wp\/v2\/product\/11003","targetHints":{"allow":["GET"]}}],"collection":[{"href":"https:\/\/www.omccable.com\/es\/wp-json\/wp\/v2\/product"}],"about":[{"href":"https:\/\/www.omccable.com\/es\/wp-json\/wp\/v2\/types\/product"}],"replies":[{"embeddable":true,"href":"https:\/\/www.omccable.com\/es\/wp-json\/wp\/v2\/comments?post=11003"}],"version-history":[{"count":1,"href":"https:\/\/www.omccable.com\/es\/wp-json\/wp\/v2\/product\/11003\/revisions"}],"predecessor-version":[{"id":11006,"href":"https:\/\/www.omccable.com\/es\/wp-json\/wp\/v2\/product\/11003\/revisions\/11006"}],"wp:featuredmedia":[{"embeddable":true,"href":"https:\/\/www.omccable.com\/es\/wp-json\/wp\/v2\/media\/11005"}],"wp:attachment":[{"href":"https:\/\/www.omccable.com\/es\/wp-json\/wp\/v2\/media?parent=11003"}],"wp:term":[{"taxonomy":"product_cat","embeddable":true,"href":"https:\/\/www.omccable.com\/es\/wp-json\/wp\/v2\/product_cat?post=11003"},{"taxonomy":"product_tag","embeddable":true,"href":"https:\/\/www.omccable.com\/es\/wp-json\/wp\/v2\/product_tag?post=11003"}],"curies":[{"name":"wp","href":"https:\/\/api.w.org\/{rel}","templated":true}]}}