{"id":10970,"date":"2024-06-04T10:32:52","date_gmt":"2024-06-04T02:32:52","guid":{"rendered":"https:\/\/www.omccable.com\/?post_type=product&#038;p=10970"},"modified":"2025-08-30T11:32:04","modified_gmt":"2025-08-30T03:32:04","slug":"6000n-4-432cores-adss-cable-double-sheath","status":"publish","type":"product","link":"https:\/\/www.omccable.com\/es\/producto\/6000n-4-432cores-adss-cable-double-sheath\/","title":{"rendered":"Cable ADSS 6000N 4-432 n\u00facleos-Doble funda"},"content":{"rendered":"<p>ADSS significa cable autoportante totalmente diel\u00e9ctrico, lo que significa que se puede instalar sin necesidad de componentes met\u00e1licos ni estructuras de soporte adicionales. Este dise\u00f1o \u00fanico permite tender cables ADSS entre postes de servicios p\u00fablicos sin comprometer su integridad o rendimiento, lo que los convierte en una opci\u00f3n popular en \u00e1reas propensas a condiciones clim\u00e1ticas adversas.<\/p>\n<p>OMC puede ofrecer cables ADSS de 4 a 432 n\u00facleos con diferentes longitudes de tramo de 50 m a 1200 m. Como proveedor confiable de cables de fibra \u00f3ptica, OMC puede ofrecer servicio de personalizaci\u00f3n y OEM para nuestros clientes.<\/p>\n<p>&nbsp;<\/p>\n<p><strong><b>Caracter\u00edsticas y ventajas<\/b><\/strong><\/p>\n<p>Estructura no met\u00e1lica, buen aislamiento, protecci\u00f3n contra rayos<\/p>\n<p>El hilo de aramida tiene una excelente tecnolog\u00eda de producci\u00f3n, fuerza uniforme, excelente rendimiento tensi\u00f3n-deformaci\u00f3n, excelente resistencia a los disparos y el mejor rendimiento anticorrosi\u00f3n el\u00e9ctrica<\/p>\n<p>Sin construcci\u00f3n de apag\u00f3n, la falla de la l\u00ednea el\u00e9ctrica no afecta la transmisi\u00f3n normal del cable \u00f3ptico<\/p>\n<p>Forma suave, para que el cable tenga un rendimiento aerodin\u00e1mico superior<\/p>\n<p>&nbsp;<\/p>\n<p><strong><b>Estructura de cables<\/b><\/strong><\/p>\n<table>\n<tbody>\n<tr>\n<td width=\"110\"><strong>Art\u00edculo<\/strong><\/td>\n<td colspan=\"2\" width=\"120\"><strong>Contenido<\/strong><\/td>\n<td width=\"62\"><strong>Unidad<\/strong><\/td>\n<td colspan=\"10\" width=\"418\"><strong>Valor<\/strong><\/td>\n<\/tr>\n<tr>\n<td width=\"110\">Recuento de fibras<\/td>\n<td colspan=\"2\" width=\"120\">N\u00famero<\/td>\n<td width=\"62\">\/<\/td>\n<td width=\"62\">4-8<\/td>\n<td colspan=\"2\" width=\"70\">12-72<\/td>\n<td width=\"72\">96<\/td>\n<td colspan=\"3\" width=\"70\">144<\/td>\n<td colspan=\"2\" width=\"70\">288<\/td>\n<td width=\"72\">432<\/td>\n<\/tr>\n<tr>\n<td width=\"110\">Tipo de fibra<\/td>\n<td colspan=\"2\" width=\"120\">\/<\/td>\n<td width=\"62\">\/<\/td>\n<td colspan=\"10\" width=\"418\">G652D<\/td>\n<\/tr>\n<tr>\n<td width=\"110\">Estructura de cables<\/td>\n<td colspan=\"2\" width=\"120\">\/<\/td>\n<td width=\"62\">\/<\/td>\n<td width=\"62\">1+6<\/td>\n<td colspan=\"2\" width=\"70\">1+6<\/td>\n<td width=\"72\">1+8<\/td>\n<td colspan=\"3\" width=\"70\">1+12<\/td>\n<td colspan=\"2\" width=\"70\">1+9+15<\/td>\n<td width=\"72\">1+6+12<\/td>\n<\/tr>\n<tr>\n<td width=\"110\">Fibras por tubo<\/td>\n<td colspan=\"2\" width=\"120\">Contar<\/td>\n<td width=\"62\">\/<\/td>\n<td width=\"62\">4-8<\/td>\n<td colspan=\"2\" width=\"70\">12<\/td>\n<td width=\"72\">12<\/td>\n<td colspan=\"3\" width=\"70\">12<\/td>\n<td colspan=\"2\" width=\"70\">12<\/td>\n<td width=\"72\">24<\/td>\n<\/tr>\n<tr>\n<td width=\"110\">Color de las fibras<\/td>\n<td colspan=\"2\" width=\"120\">\/<\/td>\n<td width=\"62\">\/<\/td>\n<td colspan=\"10\" width=\"418\">Azul, Naranja, Verde, Marr\u00f3n, Gris, Blanco, Rojo, Negro, Amarillo, Violeta, Rosa, Aguamarina, Azul*, Naranja*, Verde*, Marr\u00f3n*, Gris*, Blanco*,<\/p>\n<p>Rojo*\u3001Natural*\u3001Amarillo*\u3001Violeta*\u3001Rosa*\u3001Aqua*\uff0c\uff08*: Marca de puntos negros\uff09<\/td>\n<\/tr>\n<tr>\n<td width=\"110\">Relleno<\/td>\n<td colspan=\"2\" width=\"120\">Materiales<\/td>\n<td width=\"62\">\/<\/td>\n<td colspan=\"10\" width=\"418\">PP<\/td>\n<\/tr>\n<tr>\n<td rowspan=\"3\" width=\"110\"><strong>\u00a0<\/strong><\/p>\n<p><strong>\u00a0<\/strong><\/p>\n<p><strong>\u00a0<\/strong><\/p>\n<p><strong>\u00a0<\/strong><\/p>\n<p><strong>\u00a0<\/strong><\/p>\n<p>Tubo suelto<\/td>\n<td colspan=\"2\" width=\"120\">Materiales<\/td>\n<td width=\"62\">\/<\/td>\n<td colspan=\"10\" width=\"418\">PBT<\/td>\n<\/tr>\n<tr>\n<td colspan=\"2\" width=\"120\">Di\u00e1metro nominal<\/td>\n<td width=\"62\">mil\u00edmetros<\/td>\n<td colspan=\"9\" width=\"346\">2.2<\/td>\n<td width=\"72\">2.8<\/td>\n<\/tr>\n<tr>\n<td colspan=\"2\" width=\"120\">color<\/td>\n<td width=\"62\">\/<\/td>\n<td colspan=\"10\" width=\"418\">4-144F: Azul, Naranja, Verde, Marr\u00f3n, Gris, Blanco, Rojo, Negro, Amarillo, Violeta, Rosa, Aguamarina<\/p>\n<p>288F: Azul, Naranja, Verde, Marr\u00f3n, Gris, Blanco, Rojo, Negro, Amarillo, Violeta, Rosa, Aguamarina*, Azul*, Naranja*, Verde*, Marr\u00f3n*, Gris*, Blanco*, Rojo*, Naturaleza*, Amarillo*, Violeta*, Rosa*, Aguamarina*(*: Raya (color: negro))<\/p>\n<p>432F: Azul, Naranja, Verde, Marr\u00f3n, Gris, Blanco, Rojo, Negro, Amarillo, Violeta, Rosa, Aguamarina, Azul*, Naranja*, Verde*, Marr\u00f3n*,<\/p>\n<p>Gris*\u3001Blanco*\uff08* : Raya (color : negro)\uff09<\/td>\n<\/tr>\n<tr>\n<td rowspan=\"3\" width=\"110\">Miembro de fuerza central<\/td>\n<td colspan=\"2\" width=\"120\">Materiales<\/td>\n<td width=\"62\">\/<\/td>\n<td colspan=\"10\" width=\"418\">Capa protectora de FRP y PE (cuando sea necesario)<\/td>\n<\/tr>\n<tr>\n<td colspan=\"2\" width=\"120\">Di\u00e1metro nominal<\/td>\n<td width=\"62\">mil\u00edmetros<\/td>\n<td width=\"62\">2.4<\/td>\n<td colspan=\"2\" width=\"70\">2.4<\/td>\n<td width=\"72\">3.0<\/td>\n<td colspan=\"3\" width=\"70\">3.0<\/td>\n<td colspan=\"2\" width=\"70\">3.0<\/td>\n<td width=\"72\">2.8<\/td>\n<\/tr>\n<tr>\n<td colspan=\"2\" width=\"120\">Capa de coj\u00edn de PE<\/td>\n<td width=\"62\">mil\u00edmetros<\/td>\n<td width=\"62\">\u2013<\/td>\n<td colspan=\"2\" width=\"70\">\u2013<\/td>\n<td width=\"72\">3,8\u00b10,2<\/td>\n<td colspan=\"3\" width=\"70\">6,7\u00b10,2<\/td>\n<td colspan=\"2\" width=\"70\">4,2\u00b10,2<\/td>\n<td width=\"72\">\u2013<\/td>\n<\/tr>\n<tr>\n<td width=\"110\">Bloqueo de agua<\/td>\n<td colspan=\"3\" width=\"182\">Materiales<\/td>\n<td colspan=\"10\" width=\"418\">Cinta de bloqueo de agua<\/td>\n<\/tr>\n<tr>\n<td width=\"110\">Fuerza perif\u00e9rica<\/p>\n<p>miembro<\/td>\n<td colspan=\"3\" width=\"182\">Materiales<\/td>\n<td colspan=\"10\" width=\"418\">Hilo de aramida<\/td>\n<\/tr>\n<tr>\n<td width=\"110\">Cord\u00f3n de desgarro<\/td>\n<td colspan=\"3\" width=\"182\">N\u00famero<\/td>\n<td colspan=\"10\" width=\"418\">3<\/td>\n<\/tr>\n<tr>\n<td rowspan=\"2\" width=\"110\">Funda interior<\/td>\n<td colspan=\"3\" width=\"182\">Materiales<\/td>\n<td colspan=\"10\" width=\"418\">PEAD<\/td>\n<\/tr>\n<tr>\n<td colspan=\"3\" width=\"182\">Color<\/td>\n<td colspan=\"10\" width=\"418\">Negro<\/td>\n<\/tr>\n<tr>\n<td rowspan=\"3\" width=\"110\">Funda exterior<\/td>\n<td colspan=\"3\" width=\"182\">Materiales<\/td>\n<td colspan=\"10\" width=\"418\">PEAD<\/td>\n<\/tr>\n<tr>\n<td colspan=\"3\" width=\"182\">Color<\/td>\n<td colspan=\"10\" width=\"418\">Negro<\/td>\n<\/tr>\n<tr>\n<td colspan=\"3\" width=\"182\">Espesor(mm)<\/td>\n<td colspan=\"10\" width=\"418\">Nombre: 2.2<\/td>\n<\/tr>\n<tr>\n<td rowspan=\"2\" width=\"110\">Atenuaci\u00f3n<\/p>\n<p>(despu\u00e9s del cable)<\/td>\n<td width=\"91\">1310nm<\/td>\n<td colspan=\"2\" width=\"91\">dB\/km<\/td>\n<td colspan=\"10\" width=\"418\">\u00a30.36<\/td>\n<\/tr>\n<tr>\n<td width=\"91\">1550 nm<\/td>\n<td colspan=\"2\" width=\"91\">dB\/km<\/td>\n<td colspan=\"10\" width=\"418\">\u00a30.22<\/td>\n<\/tr>\n<tr>\n<td width=\"110\">Di\u00e1metro del cable<\/td>\n<td width=\"91\">\u00b15%<\/td>\n<td colspan=\"2\" width=\"91\">mil\u00edmetros<\/td>\n<td colspan=\"2\" width=\"66\">13.8<\/td>\n<td width=\"66\">13.8<\/td>\n<td colspan=\"2\" width=\"76\">15.2<\/td>\n<td width=\"65\">18.0<\/td>\n<td colspan=\"2\" width=\"66\">20.7<\/td>\n<td colspan=\"2\" width=\"77\">21.3<\/td>\n<\/tr>\n<tr>\n<td width=\"110\">Peso del cable<\/td>\n<td width=\"91\">\u00b110%<\/td>\n<td colspan=\"2\" width=\"91\">kg\/km<\/td>\n<td colspan=\"2\" width=\"66\">148<\/td>\n<td width=\"66\">149<\/td>\n<td colspan=\"2\" width=\"76\">182<\/td>\n<td width=\"65\">251<\/td>\n<td colspan=\"2\" width=\"66\">328<\/td>\n<td colspan=\"2\" width=\"77\">340<\/td>\n<\/tr>\n<tr>\n<td width=\"110\">Ca\u00edda<\/td>\n<td width=\"91\">\/<\/td>\n<td colspan=\"2\" width=\"91\">%<\/td>\n<td colspan=\"10\" width=\"418\">1<\/td>\n<\/tr>\n<tr>\n<td width=\"110\">espesor de formaci\u00f3n de hielo<\/td>\n<td width=\"91\">\/<\/td>\n<td colspan=\"2\" width=\"91\">mil\u00edmetros<\/td>\n<td colspan=\"10\" width=\"418\">5 mm<\/td>\n<\/tr>\n<tr>\n<td width=\"110\">velocidad del viento<\/td>\n<td width=\"91\">\/<\/td>\n<td colspan=\"2\" width=\"91\">EM<\/td>\n<td colspan=\"10\" width=\"418\">2,8 m\/s (m\u00e1x. 34 m\/s)<\/td>\n<\/tr>\n<\/tbody>\n<\/table>\n<p><strong><b>\u00a0<\/b><\/strong><\/p>\n<p><strong><b>Color est\u00e1ndar de fibra y tubo<\/b><\/strong><\/p>\n<p>El c\u00f3digo de colores de los tubos y de las fibras individuales se ajustar\u00e1 a la siguiente tabla:<\/p>\n<table>\n<tbody>\n<tr>\n<td width=\"193\">No.<\/td>\n<td width=\"86\">1<\/td>\n<td width=\"86\">2<\/td>\n<td width=\"86\">3<\/td>\n<td width=\"86\">4<\/td>\n<td width=\"86\">5<\/td>\n<td width=\"85\">6<\/td>\n<\/tr>\n<tr>\n<td width=\"193\">Color<\/td>\n<td width=\"86\">Azul<\/td>\n<td width=\"86\">Naranja<\/td>\n<td width=\"86\">Verde<\/td>\n<td width=\"86\">Marr\u00f3n<\/td>\n<td width=\"86\">Pizarra<\/td>\n<td width=\"85\">Blanco<\/td>\n<\/tr>\n<tr>\n<td width=\"193\">No.<\/td>\n<td width=\"86\">7<\/td>\n<td width=\"86\">8<\/td>\n<td width=\"86\">9<\/td>\n<td width=\"86\">10<\/td>\n<td width=\"86\">11<\/td>\n<td width=\"85\">12<\/td>\n<\/tr>\n<tr>\n<td width=\"193\">Color<\/td>\n<td width=\"86\">Rojo<\/td>\n<td width=\"86\">Negro<\/td>\n<td width=\"86\">Amarillo<\/td>\n<td width=\"86\">Violeta<\/td>\n<td width=\"86\">Rosa<\/td>\n<td width=\"85\">Agua<\/td>\n<\/tr>\n<\/tbody>\n<\/table>\n<p>&nbsp;<\/p>\n<p><strong><b>Desempe\u00f1o mec\u00e1nico y ambiental<\/b><\/strong><\/p>\n<table>\n<tbody>\n<tr>\n<td width=\"221\"><strong>Art\u00edculo<\/strong><\/td>\n<td width=\"270\"><strong>Contenido<\/strong><\/td>\n<td width=\"209\"><strong>Valor<\/strong><\/td>\n<\/tr>\n<tr>\n<td width=\"221\">M\u00e1x. carga de tracci\u00f3n<\/td>\n<td width=\"270\">Corto plazo<\/td>\n<td width=\"209\">6000N (tensi\u00f3n de fibra\u22640,33%)<\/td>\n<\/tr>\n<tr>\n<td width=\"221\">M\u00e1x. resistencia al aplastamiento<\/td>\n<td width=\"270\">Corto plazo<\/td>\n<td width=\"209\">3000N\/100mm<\/td>\n<\/tr>\n<tr>\n<td rowspan=\"2\" width=\"221\">M\u00edn. radio de curvatura<\/td>\n<td width=\"270\">Instalaci\u00f3n<\/td>\n<td width=\"209\">20x di\u00e1metro del cable<\/td>\n<\/tr>\n<tr>\n<td width=\"270\">Operaci\u00f3n<\/td>\n<td width=\"209\">10 x di\u00e1metro del cable<\/td>\n<\/tr>\n<tr>\n<td rowspan=\"3\" width=\"221\">&nbsp;<\/p>\n<p>Rango de temperatura<\/td>\n<td width=\"270\">Operaci\u00f3n<\/td>\n<td width=\"209\">-40\u2103 ~ +70\u2103<\/td>\n<\/tr>\n<tr>\n<td width=\"270\">Instalaci\u00f3n<\/td>\n<td width=\"209\">-40\u2103 ~ +55\u2103<\/td>\n<\/tr>\n<tr>\n<td width=\"270\">Almacenamiento\/transporte<\/td>\n<td width=\"209\">-40\u2103 ~ +70\u2103<\/td>\n<\/tr>\n<\/tbody>\n<\/table>\n<p>&nbsp;<\/p>\n<p><strong><b>Par\u00e1metros t\u00e9cnicos de fibra \u00f3ptica-SMF<\/b><\/strong><\/p>\n<table>\n<tbody>\n<tr>\n<td colspan=\"2\" rowspan=\"2\" width=\"457\"><strong>Art\u00edculo<\/strong><\/td>\n<td rowspan=\"2\" width=\"84\"><strong>Unidad<\/strong><\/td>\n<td width=\"167\"><strong>Especificaci\u00f3n<\/strong><\/td>\n<\/tr>\n<tr>\n<td width=\"167\">G.652D<\/td>\n<\/tr>\n<tr>\n<td rowspan=\"2\" width=\"322\">Modo di\u00e1metro del campo<\/td>\n<td width=\"135\">1310nm<\/td>\n<td width=\"84\">mil\u00edmetros<\/td>\n<td width=\"167\">9,2 \u00b1 0,4<\/td>\n<\/tr>\n<tr>\n<td width=\"135\">1550 nm<\/td>\n<td width=\"84\">mil\u00edmetros<\/td>\n<td width=\"167\">10,4 \u00b1 0,5<\/td>\n<\/tr>\n<tr>\n<td colspan=\"2\" width=\"457\">Di\u00e1metro del revestimiento<\/td>\n<td width=\"84\">mil\u00edmetros<\/td>\n<td width=\"167\">125,0 \u00b1 0,7<\/td>\n<\/tr>\n<tr>\n<td colspan=\"2\" width=\"457\">Falta de circularidad del revestimiento<\/td>\n<td width=\"84\">%<\/td>\n<td width=\"167\">\u00a31.0<\/td>\n<\/tr>\n<tr>\n<td colspan=\"2\" width=\"457\">Error de concentricidad central<\/td>\n<td width=\"84\">mil\u00edmetros<\/td>\n<td width=\"167\">\u00a30.6<\/td>\n<\/tr>\n<tr>\n<td colspan=\"2\" width=\"457\">Di\u00e1metro del revestimiento<\/td>\n<td width=\"84\">mil\u00edmetros<\/td>\n<td width=\"167\">242 \u00b1 7<\/td>\n<\/tr>\n<tr>\n<td colspan=\"2\" width=\"457\">Error de concentricidad del revestimiento\/revestimiento<\/td>\n<td width=\"84\">mil\u00edmetros<\/td>\n<td width=\"167\">\u00a312<\/td>\n<\/tr>\n<tr>\n<td colspan=\"2\" width=\"457\">Longitud de onda de corte del cable \u03bbcc<\/td>\n<td width=\"84\">nm<\/td>\n<td width=\"167\">\u00a3\u00a01260<\/td>\n<\/tr>\n<tr>\n<td rowspan=\"2\" width=\"322\">Atenuaci\u00f3n<\/td>\n<td width=\"135\">1310nm<\/td>\n<td width=\"84\">dB\/km<\/td>\n<td width=\"167\">\u00a30.35<\/td>\n<\/tr>\n<tr>\n<td width=\"135\">1550 nm<\/td>\n<td width=\"84\">dB\/km<\/td>\n<td width=\"167\">\u00a30.21<\/td>\n<\/tr>\n<\/tbody>\n<\/table>","protected":false},"excerpt":{"rendered":"<p>ADSS significa cable autoportante totalmente diel\u00e9ctrico, lo que significa que se puede instalar sin necesidad de componentes met\u00e1licos ni estructuras de soporte adicionales. Este dise\u00f1o \u00fanico permite tender cables ADSS entre postes de servicios p\u00fablicos sin comprometer su integridad o rendimiento, lo que los convierte en una opci\u00f3n popular en \u00e1reas propensas a condiciones clim\u00e1ticas adversas. OMC puede ofrecer 4-432 n\u00facleos [\u2026]<\/p>","protected":false},"featured_media":10972,"comment_status":"closed","ping_status":"closed","template":"","meta":{"site-sidebar-layout":"default","site-content-layout":"","ast-site-content-layout":"default","site-content-style":"default","site-sidebar-style":"default","ast-global-header-display":"","ast-banner-title-visibility":"","ast-main-header-display":"","ast-hfb-above-header-display":"","ast-hfb-below-header-display":"","ast-hfb-mobile-header-display":"","site-post-title":"","ast-breadcrumbs-content":"","ast-featured-img":"","footer-sml-layout":"","theme-transparent-header-meta":"default","adv-header-id-meta":"","stick-header-meta":"default","header-above-stick-meta":"","header-main-stick-meta":"","header-below-stick-meta":"","astra-migrate-meta-layouts":"set","ast-page-background-enabled":"default","ast-page-background-meta":{"desktop":{"background-color":"var(--ast-global-color-4)","background-image":"","background-repeat":"repeat","background-position":"center center","background-size":"auto","background-attachment":"scroll","background-type":"","background-media":"","overlay-type":"","overlay-color":"","overlay-gradient":""},"tablet":{"background-color":"","background-image":"","background-repeat":"repeat","background-position":"center center","background-size":"auto","background-attachment":"scroll","background-type":"","background-media":"","overlay-type":"","overlay-color":"","overlay-gradient":""},"mobile":{"background-color":"","background-image":"","background-repeat":"repeat","background-position":"center center","background-size":"auto","background-attachment":"scroll","background-type":"","background-media":"","overlay-type":"","overlay-color":"","overlay-gradient":""}},"ast-content-background-meta":{"desktop":{"background-color":"var(--ast-global-color-5)","background-image":"","background-repeat":"repeat","background-position":"center center","background-size":"auto","background-attachment":"scroll","background-type":"","background-media":"","overlay-type":"","overlay-color":"","overlay-gradient":""},"tablet":{"background-color":"var(--ast-global-color-5)","background-image":"","background-repeat":"repeat","background-position":"center center","background-size":"auto","background-attachment":"scroll","background-type":"","background-media":"","overlay-type":"","overlay-color":"","overlay-gradient":""},"mobile":{"background-color":"var(--ast-global-color-5)","background-image":"","background-repeat":"repeat","background-position":"center center","background-size":"auto","background-attachment":"scroll","background-type":"","background-media":"","overlay-type":"","overlay-color":"","overlay-gradient":""}}},"product_cat":[125,142],"product_tag":[],"class_list":{"0":"post-10970","1":"product","2":"type-product","3":"status-publish","4":"has-post-thumbnail","6":"product_cat-adss-cable","7":"product_cat-adss-cabledouble-sheath","8":"desktop-align-left","9":"tablet-align-left","10":"mobile-align-left","11":"ast-product-gallery-layout-horizontal-slider","12":"ast-product-tabs-layout-horizontal","14":"first","15":"instock","16":"shipping-taxable","17":"product-type-simple"},"acf":[],"_links":{"self":[{"href":"https:\/\/www.omccable.com\/es\/wp-json\/wp\/v2\/product\/10970","targetHints":{"allow":["GET"]}}],"collection":[{"href":"https:\/\/www.omccable.com\/es\/wp-json\/wp\/v2\/product"}],"about":[{"href":"https:\/\/www.omccable.com\/es\/wp-json\/wp\/v2\/types\/product"}],"replies":[{"embeddable":true,"href":"https:\/\/www.omccable.com\/es\/wp-json\/wp\/v2\/comments?post=10970"}],"version-history":[{"count":2,"href":"https:\/\/www.omccable.com\/es\/wp-json\/wp\/v2\/product\/10970\/revisions"}],"predecessor-version":[{"id":13311,"href":"https:\/\/www.omccable.com\/es\/wp-json\/wp\/v2\/product\/10970\/revisions\/13311"}],"wp:featuredmedia":[{"embeddable":true,"href":"https:\/\/www.omccable.com\/es\/wp-json\/wp\/v2\/media\/10972"}],"wp:attachment":[{"href":"https:\/\/www.omccable.com\/es\/wp-json\/wp\/v2\/media?parent=10970"}],"wp:term":[{"taxonomy":"product_cat","embeddable":true,"href":"https:\/\/www.omccable.com\/es\/wp-json\/wp\/v2\/product_cat?post=10970"},{"taxonomy":"product_tag","embeddable":true,"href":"https:\/\/www.omccable.com\/es\/wp-json\/wp\/v2\/product_tag?post=10970"}],"curies":[{"name":"wp","href":"https:\/\/api.w.org\/{rel}","templated":true}]}}