{"id":10966,"date":"2024-06-04T10:24:24","date_gmt":"2024-06-04T02:24:24","guid":{"rendered":"https:\/\/www.omccable.com\/?post_type=product&#038;p=10966"},"modified":"2025-08-30T11:27:04","modified_gmt":"2025-08-30T03:27:04","slug":"5800n-4-432cores-adss-cable-double-sheath","status":"publish","type":"product","link":"https:\/\/www.omccable.com\/es\/producto\/5800n-4-432cores-adss-cable-double-sheath\/","title":{"rendered":"Cable ADSS 5800N 4-432 n\u00facleos-Doble funda"},"content":{"rendered":"<p>El cable ADSS (autoportante totalmente diel\u00e9ctrico) est\u00e1 dise\u00f1ado para instalaci\u00f3n y despliegue a\u00e9reos, lo que es adecuado para diversas aplicaciones en exteriores.<\/p>\n<p>La estructura ADSS de los cables \u00f3pticos adopta una estructura trenzada de tubo suelto. Se insertan fibras \u00f3pticas de 250 um en un tubo holgado hecho de poli\u00e9ster de alto m\u00f3dulo y relleno con miembros de refuerzo no met\u00e1licos (FRP) alrededor del centro del cable para formar un n\u00facleo redondo. El espacio en el n\u00facleo se rellena con un ung\u00fcento que bloquea el agua y dos capas de hilo de aramida<br \/>\nse retuercen para reforzar el hilo. Finalmente, se extruye la funda de polietileno (PE).<\/p>\n<p>El cable ADSS 5800N de 4-432 n\u00facleos de OMC se utiliza con una estructura de cable de doble funda para construir este cable de instalaci\u00f3n a\u00e9rea para exteriores de buen rendimiento.<\/p>\n<p>&nbsp;<\/p>\n<p><strong><b>Caracter\u00edsticas y ventajas<\/b><\/strong><\/p>\n<p>Estructura no met\u00e1lica, buen aislamiento, protecci\u00f3n contra rayos<\/p>\n<p>El hilo de aramida tiene una excelente tecnolog\u00eda de producci\u00f3n, fuerza uniforme, excelente rendimiento tensi\u00f3n-deformaci\u00f3n, excelente resistencia a los disparos y el mejor rendimiento anticorrosi\u00f3n el\u00e9ctrica<\/p>\n<p>Sin construcci\u00f3n de apag\u00f3n, la falla de la l\u00ednea el\u00e9ctrica no afecta la transmisi\u00f3n normal del cable \u00f3ptico<\/p>\n<p>Forma suave, para que el cable tenga un rendimiento aerodin\u00e1mico superior<\/p>\n<p>&nbsp;<\/p>\n<p><strong><b>Estructura de cables<\/b><\/strong><\/p>\n<table>\n<tbody>\n<tr>\n<td width=\"110\"><strong>Art\u00edculo<\/strong><\/td>\n<td colspan=\"2\" width=\"120\"><strong>Contenido<\/strong><\/td>\n<td width=\"62\"><strong>Unidad<\/strong><\/td>\n<td colspan=\"10\" width=\"418\"><strong>Valor<\/strong><\/td>\n<\/tr>\n<tr>\n<td width=\"110\">Recuento de fibras<\/td>\n<td colspan=\"2\" width=\"120\">N\u00famero<\/td>\n<td width=\"62\">\/<\/td>\n<td width=\"62\">4-8<\/td>\n<td colspan=\"2\" width=\"70\">12-72<\/td>\n<td width=\"72\">96<\/td>\n<td colspan=\"3\" width=\"70\">144<\/td>\n<td colspan=\"2\" width=\"70\">288<\/td>\n<td width=\"72\">432<\/td>\n<\/tr>\n<tr>\n<td width=\"110\">Tipo de fibra<\/td>\n<td colspan=\"2\" width=\"120\">\/<\/td>\n<td width=\"62\">\/<\/td>\n<td colspan=\"10\" width=\"418\">G652D<\/td>\n<\/tr>\n<tr>\n<td width=\"110\">Estructura de cables<\/td>\n<td colspan=\"2\" width=\"120\">\/<\/td>\n<td width=\"62\">\/<\/td>\n<td width=\"62\">1+6<\/td>\n<td colspan=\"2\" width=\"70\">1+6<\/td>\n<td width=\"72\">1+8<\/td>\n<td colspan=\"3\" width=\"70\">1+12<\/td>\n<td colspan=\"2\" width=\"70\">1+9+15<\/td>\n<td width=\"72\">1+6+12<\/td>\n<\/tr>\n<tr>\n<td width=\"110\">Fibras por tubo<\/td>\n<td colspan=\"2\" width=\"120\">Contar<\/td>\n<td width=\"62\">\/<\/td>\n<td width=\"62\">4-8<\/td>\n<td colspan=\"2\" width=\"70\">12<\/td>\n<td width=\"72\">12<\/td>\n<td colspan=\"3\" width=\"70\">12<\/td>\n<td colspan=\"2\" width=\"70\">12<\/td>\n<td width=\"72\">24<\/td>\n<\/tr>\n<tr>\n<td width=\"110\">Color de las fibras<\/td>\n<td colspan=\"2\" width=\"120\">\/<\/td>\n<td width=\"62\">\/<\/td>\n<td colspan=\"10\" width=\"418\">Azul, Naranja, Verde, Marr\u00f3n, Gris, Blanco, Rojo, Negro, Amarillo, Violeta, Rosa, Aguamarina, Azul*, Naranja*, Verde*, Marr\u00f3n*, Gris*, Blanco*,<\/p>\n<p>Rojo*\u3001Natural*\u3001Amarillo*\u3001Violeta*\u3001Rosa*\u3001Aqua*\uff0c\uff08*: Marca de puntos negros\uff09<\/td>\n<\/tr>\n<tr>\n<td width=\"110\">Relleno<\/td>\n<td colspan=\"2\" width=\"120\">Materiales<\/td>\n<td width=\"62\">\/<\/td>\n<td colspan=\"10\" width=\"418\">PP<\/td>\n<\/tr>\n<tr>\n<td rowspan=\"3\" width=\"110\"><strong>\u00a0<\/strong><\/p>\n<p><strong>\u00a0<\/strong><\/p>\n<p><strong>\u00a0<\/strong><\/p>\n<p><strong>\u00a0<\/strong><\/p>\n<p><strong>\u00a0<\/strong><\/p>\n<p>Tubo suelto<\/td>\n<td colspan=\"2\" width=\"120\">Materiales<\/td>\n<td width=\"62\">\/<\/td>\n<td colspan=\"10\" width=\"418\">PBT<\/td>\n<\/tr>\n<tr>\n<td colspan=\"2\" width=\"120\">Di\u00e1metro nominal<\/td>\n<td width=\"62\">mil\u00edmetros<\/td>\n<td colspan=\"9\" width=\"346\">2.2<\/td>\n<td width=\"72\">2.8<\/td>\n<\/tr>\n<tr>\n<td colspan=\"2\" width=\"120\">color<\/td>\n<td width=\"62\">\/<\/td>\n<td colspan=\"10\" width=\"418\">4-144F: Azul, Naranja, Verde, Marr\u00f3n, Gris, Blanco, Rojo, Negro, Amarillo, Violeta, Rosa, Aguamarina<\/p>\n<p>288F: Azul, Naranja, Verde, Marr\u00f3n, Gris, Blanco, Rojo, Negro, Amarillo, Violeta, Rosa, Aguamarina*, Azul*, Naranja*, Verde*, Marr\u00f3n*, Gris*, Blanco*, Rojo*, Naturaleza*, Amarillo*, Violeta*, Rosa*, Aguamarina*(*: Raya (color: negro))<\/p>\n<p>432F: Azul, Naranja, Verde, Marr\u00f3n, Gris, Blanco, Rojo, Negro, Amarillo, Violeta, Rosa, Aguamarina, Azul*, Naranja*, Verde*, Marr\u00f3n*,<\/p>\n<p>Gris*\u3001Blanco*\uff08* : Raya (color : negro)\uff09<\/td>\n<\/tr>\n<tr>\n<td rowspan=\"3\" width=\"110\">Miembro de fuerza central<\/td>\n<td colspan=\"2\" width=\"120\">Materiales<\/td>\n<td width=\"62\">\/<\/td>\n<td colspan=\"10\" width=\"418\">Capa protectora de FRP y PE (cuando sea necesario)<\/td>\n<\/tr>\n<tr>\n<td colspan=\"2\" width=\"120\">Di\u00e1metro nominal<\/td>\n<td width=\"62\">mil\u00edmetros<\/td>\n<td width=\"62\">2.4<\/td>\n<td colspan=\"2\" width=\"70\">2.4<\/td>\n<td width=\"72\">3.0<\/td>\n<td colspan=\"3\" width=\"70\">3.0<\/td>\n<td colspan=\"2\" width=\"70\">3.0<\/td>\n<td width=\"72\">2.8<\/td>\n<\/tr>\n<tr>\n<td colspan=\"2\" width=\"120\">Capa de coj\u00edn de PE<\/td>\n<td width=\"62\">mil\u00edmetros<\/td>\n<td width=\"62\">\u2013<\/td>\n<td colspan=\"2\" width=\"70\">\u2013<\/td>\n<td width=\"72\">3,8\u00b10,2<\/td>\n<td colspan=\"3\" width=\"70\">6,7\u00b10,2<\/td>\n<td colspan=\"2\" width=\"70\">4,2\u00b10,2<\/td>\n<td width=\"72\">\u2013<\/td>\n<\/tr>\n<tr>\n<td width=\"110\">Bloqueo de agua<\/td>\n<td colspan=\"3\" width=\"182\">Materiales<\/td>\n<td colspan=\"10\" width=\"418\">Cinta de bloqueo de agua<\/td>\n<\/tr>\n<tr>\n<td width=\"110\">Fuerza perif\u00e9rica<\/p>\n<p>miembro<\/td>\n<td colspan=\"3\" width=\"182\">Materiales<\/td>\n<td colspan=\"10\" width=\"418\">Hilo de aramida<\/td>\n<\/tr>\n<tr>\n<td width=\"110\">Cord\u00f3n de desgarro<\/td>\n<td colspan=\"3\" width=\"182\">N\u00famero<\/td>\n<td colspan=\"10\" width=\"418\">3<\/td>\n<\/tr>\n<tr>\n<td rowspan=\"2\" width=\"110\">Funda interior<\/td>\n<td colspan=\"3\" width=\"182\">Materiales<\/td>\n<td colspan=\"10\" width=\"418\">PEAD<\/td>\n<\/tr>\n<tr>\n<td colspan=\"3\" width=\"182\">Color<\/td>\n<td colspan=\"10\" width=\"418\">Negro<\/td>\n<\/tr>\n<tr>\n<td rowspan=\"3\" width=\"110\">Funda exterior<\/td>\n<td colspan=\"3\" width=\"182\">Materiales<\/td>\n<td colspan=\"10\" width=\"418\">PEAD<\/td>\n<\/tr>\n<tr>\n<td colspan=\"3\" width=\"182\">Color<\/td>\n<td colspan=\"10\" width=\"418\">Negro<\/td>\n<\/tr>\n<tr>\n<td colspan=\"3\" width=\"182\">Espesor(mm)<\/td>\n<td colspan=\"10\" width=\"418\">Nombre: 2.1<\/td>\n<\/tr>\n<tr>\n<td rowspan=\"2\" width=\"110\">Atenuaci\u00f3n<\/p>\n<p>(despu\u00e9s del cable)<\/td>\n<td width=\"91\">1310nm<\/td>\n<td colspan=\"2\" width=\"91\">dB\/km<\/td>\n<td colspan=\"10\" width=\"418\">0.35<\/td>\n<\/tr>\n<tr>\n<td width=\"91\">1550 nm<\/td>\n<td colspan=\"2\" width=\"91\">dB\/km<\/td>\n<td colspan=\"10\" width=\"418\">0.22<\/td>\n<\/tr>\n<tr>\n<td width=\"110\">Di\u00e1metro del cable<\/td>\n<td width=\"91\">\u00b15%<\/td>\n<td colspan=\"2\" width=\"91\">mil\u00edmetros<\/td>\n<td colspan=\"2\" width=\"66\">13.3<\/td>\n<td width=\"66\">13.4<\/td>\n<td colspan=\"2\" width=\"76\">14.8<\/td>\n<td width=\"65\">17.6<\/td>\n<td colspan=\"2\" width=\"66\">20.5<\/td>\n<td colspan=\"2\" width=\"77\">21.0<\/td>\n<\/tr>\n<tr>\n<td width=\"110\">Peso del cable<\/td>\n<td width=\"91\">\u00b110%<\/td>\n<td colspan=\"2\" width=\"91\">kg\/km<\/td>\n<td colspan=\"2\" width=\"66\">139<\/td>\n<td width=\"66\">140<\/td>\n<td colspan=\"2\" width=\"76\">172<\/td>\n<td width=\"65\">240<\/td>\n<td colspan=\"2\" width=\"66\">321<\/td>\n<td colspan=\"2\" width=\"77\">333<\/td>\n<\/tr>\n<tr>\n<td width=\"110\">Ca\u00edda<\/td>\n<td width=\"91\">\/<\/td>\n<td colspan=\"2\" width=\"91\">%<\/td>\n<td colspan=\"10\" width=\"418\">1<\/td>\n<\/tr>\n<tr>\n<td width=\"110\">espesor de formaci\u00f3n de hielo<\/td>\n<td width=\"91\">\/<\/td>\n<td colspan=\"2\" width=\"91\">mil\u00edmetros<\/td>\n<td colspan=\"10\" width=\"418\">5 mm<\/td>\n<\/tr>\n<tr>\n<td width=\"110\">velocidad del viento<\/td>\n<td width=\"91\">\/<\/td>\n<td colspan=\"2\" width=\"91\">EM<\/td>\n<td colspan=\"10\" width=\"418\">2,8 m\/s (m\u00e1x. 34 m\/s)<\/td>\n<\/tr>\n<\/tbody>\n<\/table>\n<p><strong><b>\u00a0<\/b><\/strong><\/p>\n<p><strong><b>Color est\u00e1ndar de fibra y tubo<\/b><\/strong><\/p>\n<p>El c\u00f3digo de colores de los tubos y de las fibras individuales se ajustar\u00e1 a la siguiente tabla:<\/p>\n<table>\n<tbody>\n<tr>\n<td width=\"193\">No.<\/td>\n<td width=\"86\">1<\/td>\n<td width=\"86\">2<\/td>\n<td width=\"86\">3<\/td>\n<td width=\"86\">4<\/td>\n<td width=\"86\">5<\/td>\n<td width=\"85\">6<\/td>\n<\/tr>\n<tr>\n<td width=\"193\">Color<\/td>\n<td width=\"86\">Azul<\/td>\n<td width=\"86\">Naranja<\/td>\n<td width=\"86\">Verde<\/td>\n<td width=\"86\">Marr\u00f3n<\/td>\n<td width=\"86\">Pizarra<\/td>\n<td width=\"85\">Blanco<\/td>\n<\/tr>\n<tr>\n<td width=\"193\">No.<\/td>\n<td width=\"86\">7<\/td>\n<td width=\"86\">8<\/td>\n<td width=\"86\">9<\/td>\n<td width=\"86\">10<\/td>\n<td width=\"86\">11<\/td>\n<td width=\"85\">12<\/td>\n<\/tr>\n<tr>\n<td width=\"193\">Color<\/td>\n<td width=\"86\">Rojo<\/td>\n<td width=\"86\">Negro<\/td>\n<td width=\"86\">Amarillo<\/td>\n<td width=\"86\">Violeta<\/td>\n<td width=\"86\">Rosa<\/td>\n<td width=\"85\">Agua<\/td>\n<\/tr>\n<\/tbody>\n<\/table>\n<p>&nbsp;<\/p>\n<p><strong><b>Desempe\u00f1o mec\u00e1nico y ambiental<\/b><\/strong><\/p>\n<table>\n<tbody>\n<tr>\n<td width=\"221\"><strong>Art\u00edculo<\/strong><\/td>\n<td width=\"270\"><strong>Contenido<\/strong><\/td>\n<td width=\"209\"><strong>Valor<\/strong><\/td>\n<\/tr>\n<tr>\n<td width=\"221\">M\u00e1x. carga de tracci\u00f3n<\/td>\n<td width=\"270\">Corto plazo<\/td>\n<td width=\"209\">5800N (tensi\u00f3n de fibra\u22640,33%)<\/td>\n<\/tr>\n<tr>\n<td width=\"221\">M\u00e1x. resistencia al aplastamiento<\/td>\n<td width=\"270\">Corto plazo<\/td>\n<td width=\"209\">3000N\/100mm<\/td>\n<\/tr>\n<tr>\n<td rowspan=\"2\" width=\"221\">M\u00edn. radio de curvatura<\/td>\n<td width=\"270\">Instalaci\u00f3n<\/td>\n<td width=\"209\">20x di\u00e1metro del cable<\/td>\n<\/tr>\n<tr>\n<td width=\"270\">Operaci\u00f3n<\/td>\n<td width=\"209\">10 x di\u00e1metro del cable<\/td>\n<\/tr>\n<tr>\n<td rowspan=\"3\" width=\"221\">&nbsp;<\/p>\n<p>Rango de temperatura<\/td>\n<td width=\"270\">Operaci\u00f3n<\/td>\n<td width=\"209\">-40\u2103 ~ +70\u2103<\/td>\n<\/tr>\n<tr>\n<td width=\"270\">Instalaci\u00f3n<\/td>\n<td width=\"209\">-40\u2103 ~ +55\u2103<\/td>\n<\/tr>\n<tr>\n<td width=\"270\">Almacenamiento\/transporte<\/td>\n<td width=\"209\">-40\u2103 ~ +70\u2103<\/td>\n<\/tr>\n<\/tbody>\n<\/table>\n<p>&nbsp;<\/p>\n<p><strong><b>Par\u00e1metros t\u00e9cnicos de fibra \u00f3ptica-SMF<\/b><\/strong><\/p>\n<table>\n<tbody>\n<tr>\n<td colspan=\"2\" rowspan=\"2\" width=\"457\">Art\u00edculo<\/td>\n<td rowspan=\"2\" width=\"84\">Unidad<\/td>\n<td width=\"167\">Especificaci\u00f3n<\/td>\n<\/tr>\n<tr>\n<td width=\"167\">G.652D<\/td>\n<\/tr>\n<tr>\n<td rowspan=\"2\" width=\"322\">Modo di\u00e1metro del campo<\/td>\n<td width=\"135\">1310nm<\/td>\n<td width=\"84\">mil\u00edmetros<\/td>\n<td width=\"167\">9,2 \u00b1 0,4<\/td>\n<\/tr>\n<tr>\n<td width=\"135\">1550 nm<\/td>\n<td width=\"84\">mil\u00edmetros<\/td>\n<td width=\"167\">10,4 \u00b1 0,5<\/td>\n<\/tr>\n<tr>\n<td colspan=\"2\" width=\"457\">Di\u00e1metro del revestimiento<\/td>\n<td width=\"84\">mil\u00edmetros<\/td>\n<td width=\"167\">125,0 \u00b1 0,7<\/td>\n<\/tr>\n<tr>\n<td colspan=\"2\" width=\"457\">Falta de circularidad del revestimiento<\/td>\n<td width=\"84\">%<\/td>\n<td width=\"167\">\u00a31.0<\/td>\n<\/tr>\n<tr>\n<td colspan=\"2\" width=\"457\">Error de concentricidad central<\/td>\n<td width=\"84\">mil\u00edmetros<\/td>\n<td width=\"167\">\u00a30.6<\/td>\n<\/tr>\n<tr>\n<td colspan=\"2\" width=\"457\">Di\u00e1metro del revestimiento<\/td>\n<td width=\"84\">mil\u00edmetros<\/td>\n<td width=\"167\">242 \u00b1 7<\/td>\n<\/tr>\n<tr>\n<td colspan=\"2\" width=\"457\">Error de concentricidad del revestimiento\/revestimiento<\/td>\n<td width=\"84\">mil\u00edmetros<\/td>\n<td width=\"167\">\u00a312<\/td>\n<\/tr>\n<tr>\n<td colspan=\"2\" width=\"457\">Longitud de onda de corte del cable \u03bbcc<\/td>\n<td width=\"84\">nm<\/td>\n<td width=\"167\">\u00a3\u00a01260<\/td>\n<\/tr>\n<tr>\n<td rowspan=\"2\" width=\"322\">Atenuaci\u00f3n<\/td>\n<td width=\"135\">1310nm<\/td>\n<td width=\"84\">dB\/km<\/td>\n<td width=\"167\">\u00a30.35<\/td>\n<\/tr>\n<tr>\n<td width=\"135\">1550 nm<\/td>\n<td width=\"84\">dB\/km<\/td>\n<td width=\"167\">\u00a30.21<\/td>\n<\/tr>\n<\/tbody>\n<\/table>","protected":false},"excerpt":{"rendered":"<p>El cable ADSS (autoportante totalmente diel\u00e9ctrico) est\u00e1 dise\u00f1ado para instalaci\u00f3n y despliegue a\u00e9reos, lo que es adecuado para diversas aplicaciones en exteriores. La estructura ADSS de los cables \u00f3pticos adopta una estructura trenzada de tubo suelto. Se insertan fibras \u00f3pticas de 250 um en un tubo holgado hecho de poli\u00e9ster de alto m\u00f3dulo y lleno de miembros de refuerzo no met\u00e1licos (FRP) alrededor del centro [\u2026]<\/p>","protected":false},"featured_media":10968,"comment_status":"closed","ping_status":"closed","template":"","meta":{"site-sidebar-layout":"default","site-content-layout":"","ast-site-content-layout":"default","site-content-style":"default","site-sidebar-style":"default","ast-global-header-display":"","ast-banner-title-visibility":"","ast-main-header-display":"","ast-hfb-above-header-display":"","ast-hfb-below-header-display":"","ast-hfb-mobile-header-display":"","site-post-title":"","ast-breadcrumbs-content":"","ast-featured-img":"","footer-sml-layout":"","theme-transparent-header-meta":"default","adv-header-id-meta":"","stick-header-meta":"default","header-above-stick-meta":"","header-main-stick-meta":"","header-below-stick-meta":"","astra-migrate-meta-layouts":"set","ast-page-background-enabled":"default","ast-page-background-meta":{"desktop":{"background-color":"var(--ast-global-color-4)","background-image":"","background-repeat":"repeat","background-position":"center center","background-size":"auto","background-attachment":"scroll","background-type":"","background-media":"","overlay-type":"","overlay-color":"","overlay-gradient":""},"tablet":{"background-color":"","background-image":"","background-repeat":"repeat","background-position":"center center","background-size":"auto","background-attachment":"scroll","background-type":"","background-media":"","overlay-type":"","overlay-color":"","overlay-gradient":""},"mobile":{"background-color":"","background-image":"","background-repeat":"repeat","background-position":"center center","background-size":"auto","background-attachment":"scroll","background-type":"","background-media":"","overlay-type":"","overlay-color":"","overlay-gradient":""}},"ast-content-background-meta":{"desktop":{"background-color":"var(--ast-global-color-5)","background-image":"","background-repeat":"repeat","background-position":"center center","background-size":"auto","background-attachment":"scroll","background-type":"","background-media":"","overlay-type":"","overlay-color":"","overlay-gradient":""},"tablet":{"background-color":"var(--ast-global-color-5)","background-image":"","background-repeat":"repeat","background-position":"center center","background-size":"auto","background-attachment":"scroll","background-type":"","background-media":"","overlay-type":"","overlay-color":"","overlay-gradient":""},"mobile":{"background-color":"var(--ast-global-color-5)","background-image":"","background-repeat":"repeat","background-position":"center center","background-size":"auto","background-attachment":"scroll","background-type":"","background-media":"","overlay-type":"","overlay-color":"","overlay-gradient":""}}},"product_cat":[125,142],"product_tag":[],"class_list":{"0":"post-10966","1":"product","2":"type-product","3":"status-publish","4":"has-post-thumbnail","6":"product_cat-adss-cable","7":"product_cat-adss-cabledouble-sheath","8":"desktop-align-left","9":"tablet-align-left","10":"mobile-align-left","11":"ast-product-gallery-layout-horizontal-slider","12":"ast-product-tabs-layout-horizontal","14":"first","15":"instock","16":"shipping-taxable","17":"product-type-simple"},"acf":[],"_links":{"self":[{"href":"https:\/\/www.omccable.com\/es\/wp-json\/wp\/v2\/product\/10966","targetHints":{"allow":["GET"]}}],"collection":[{"href":"https:\/\/www.omccable.com\/es\/wp-json\/wp\/v2\/product"}],"about":[{"href":"https:\/\/www.omccable.com\/es\/wp-json\/wp\/v2\/types\/product"}],"replies":[{"embeddable":true,"href":"https:\/\/www.omccable.com\/es\/wp-json\/wp\/v2\/comments?post=10966"}],"version-history":[{"count":3,"href":"https:\/\/www.omccable.com\/es\/wp-json\/wp\/v2\/product\/10966\/revisions"}],"predecessor-version":[{"id":13305,"href":"https:\/\/www.omccable.com\/es\/wp-json\/wp\/v2\/product\/10966\/revisions\/13305"}],"wp:featuredmedia":[{"embeddable":true,"href":"https:\/\/www.omccable.com\/es\/wp-json\/wp\/v2\/media\/10968"}],"wp:attachment":[{"href":"https:\/\/www.omccable.com\/es\/wp-json\/wp\/v2\/media?parent=10966"}],"wp:term":[{"taxonomy":"product_cat","embeddable":true,"href":"https:\/\/www.omccable.com\/es\/wp-json\/wp\/v2\/product_cat?post=10966"},{"taxonomy":"product_tag","embeddable":true,"href":"https:\/\/www.omccable.com\/es\/wp-json\/wp\/v2\/product_tag?post=10966"}],"curies":[{"name":"wp","href":"https:\/\/api.w.org\/{rel}","templated":true}]}}