{"id":10939,"date":"2024-06-03T15:20:18","date_gmt":"2024-06-03T07:20:18","guid":{"rendered":"https:\/\/www.omccable.com\/?post_type=product&#038;p=10939"},"modified":"2025-08-30T11:31:22","modified_gmt":"2025-08-30T03:31:22","slug":"50m-span-6496cores-sm-adss-cable-double-sheath","status":"publish","type":"product","link":"https:\/\/www.omccable.com\/es\/producto\/50m-span-6496cores-sm-adss-cable-double-sheath\/","title":{"rendered":"Cable ADSS SM de 50 m de longitud de 64 y 96 n\u00facleos, doble funda"},"content":{"rendered":"<p>El cable ADSS de 96 n\u00facleos de OMC se utiliza con una estructura de cable de doble cubierta y un cuerpo de cable de 1+8 tubos para construir este cable de instalaci\u00f3n a\u00e9rea para exteriores de buen rendimiento.<\/p>\n<p>La estructura ADSS de los cables \u00f3pticos adopta una estructura trenzada de tubo suelto. Se insertan fibras \u00f3pticas de 250 um en un tubo holgado hecho de poli\u00e9ster de alto m\u00f3dulo y relleno con miembros de refuerzo no met\u00e1licos (FRP) alrededor del centro del cable para formar un n\u00facleo redondo. El espacio en el n\u00facleo se llena con un ung\u00fcento que bloquea el agua, se retuercen dos capas de hilo de aramida para reforzar el hilo y, finalmente, se extruye la funda de polietileno (PE).<\/p>\n<p>Estos cables ADSS ofrecen un rendimiento autoportante confiable para distancias de hasta 50 m. Como su nombre indica, no requiere soporte ni cable mensajero, por lo que la instalaci\u00f3n se logra en una sola pasada, haciendo del ADSS un medio econ\u00f3mico y sencillo para construir una red de fibra \u00f3ptica.<\/p>\n<p>&nbsp;<\/p>\n<p><strong><b>Caracter\u00edsticas y ventajas<\/b><\/strong><\/p>\n<p>Estructura no met\u00e1lica, buen aislamiento, protecci\u00f3n contra rayos<\/p>\n<p>El hilo de aramida tiene una excelente tecnolog\u00eda de producci\u00f3n, fuerza uniforme, excelente rendimiento tensi\u00f3n-deformaci\u00f3n, excelente resistencia a los disparos y el mejor rendimiento anticorrosi\u00f3n el\u00e9ctrica<\/p>\n<p>Sin construcci\u00f3n de apag\u00f3n, la falla de la l\u00ednea el\u00e9ctrica no afecta la transmisi\u00f3n normal del cable \u00f3ptico<\/p>\n<p>Forma suave, para que el cable tenga un rendimiento aerodin\u00e1mico superior<\/p>\n<p>&nbsp;<\/p>\n<p><strong><b>Estructura de cables<\/b><\/strong><\/p>\n<table>\n<tbody>\n<tr>\n<td width=\"179\"><strong>Art\u00edculo<\/strong><\/td>\n<td width=\"128\"><strong>Contenido<\/strong><\/td>\n<td width=\"58\"><strong>Unidad<\/strong><\/td>\n<td colspan=\"2\" width=\"345\"><strong>Valor<\/strong><\/td>\n<\/tr>\n<tr>\n<td width=\"179\">Recuento de fibras<\/td>\n<td width=\"128\">N\u00famero<\/td>\n<td width=\"58\">\/<\/td>\n<td width=\"172\">64<\/td>\n<td width=\"172\">96<\/td>\n<\/tr>\n<tr>\n<td width=\"179\">Tipo de fibra<\/td>\n<td width=\"128\">\/<\/td>\n<td width=\"58\">\/<\/td>\n<td colspan=\"2\" width=\"345\">G652D<\/td>\n<\/tr>\n<tr>\n<td width=\"179\">Estructura de cables<\/td>\n<td width=\"128\">\/<\/td>\n<td width=\"58\">\/<\/td>\n<td width=\"172\">1+8<\/td>\n<td width=\"172\">1+12<\/td>\n<\/tr>\n<tr>\n<td width=\"179\">Fibras por tubo<\/td>\n<td width=\"128\">Contar<\/td>\n<td width=\"58\">\/<\/td>\n<td colspan=\"2\" width=\"345\">8<\/td>\n<\/tr>\n<tr>\n<td rowspan=\"3\" width=\"179\"><strong>\u00a0<\/strong><\/p>\n<p><strong>\u00a0<\/strong><\/p>\n<p>Tubo suelto<\/td>\n<td width=\"128\">Materiales<\/td>\n<td width=\"58\">\/<\/td>\n<td colspan=\"2\" width=\"345\">PBT<\/td>\n<\/tr>\n<tr>\n<td width=\"128\">Di\u00e1metro nominal<\/td>\n<td width=\"58\">mil\u00edmetros<\/td>\n<td colspan=\"2\" width=\"345\">2.2<\/td>\n<\/tr>\n<tr>\n<td width=\"128\">Color<\/td>\n<td width=\"58\">\/<\/td>\n<td colspan=\"2\" width=\"345\">Azul, Naranja, Verde, Marr\u00f3n, Gris, Blanco, Rojo,<\/p>\n<p>Negro, amarillo, violeta, rosa, aguamarina<\/td>\n<\/tr>\n<tr>\n<td rowspan=\"2\" width=\"179\"><strong>\u00a0<\/strong><\/p>\n<p>Miembro de fuerza central<\/td>\n<td width=\"128\">Materiales<\/td>\n<td width=\"58\">\/<\/td>\n<td colspan=\"2\" width=\"345\">Capa de coj\u00edn de FRP y PE<\/td>\n<\/tr>\n<tr>\n<td width=\"128\">Di\u00e1metro nominal<\/td>\n<td width=\"58\">mil\u00edmetros<\/td>\n<td width=\"172\">2.4\/3.8<\/td>\n<td width=\"172\">2.6\/6.6<\/td>\n<\/tr>\n<tr>\n<td width=\"179\">Bloqueo de agua<\/td>\n<td width=\"128\">Materiales<\/td>\n<td width=\"58\">\/<\/td>\n<td colspan=\"2\" width=\"345\">Hilo y cinta que bloquean el agua<\/td>\n<\/tr>\n<tr>\n<td width=\"179\">Miembro de fuerza perif\u00e9rica<\/td>\n<td width=\"128\">Materiales<\/td>\n<td width=\"58\">\/<\/td>\n<td colspan=\"2\" width=\"345\">Hilo de aramida<\/td>\n<\/tr>\n<tr>\n<td rowspan=\"3\" width=\"179\"><strong>\u00a0<\/strong><\/p>\n<p>Funda interior<\/td>\n<td width=\"128\">Materiales<\/td>\n<td width=\"58\">\/<\/td>\n<td colspan=\"2\" width=\"345\">PEMD<\/td>\n<\/tr>\n<tr>\n<td width=\"128\">Color<\/td>\n<td width=\"58\">\/<\/td>\n<td colspan=\"2\" width=\"345\">Negro<\/td>\n<\/tr>\n<tr>\n<td width=\"128\">Espesor promedio<\/td>\n<td width=\"58\">mil\u00edmetros<\/td>\n<td colspan=\"2\" width=\"345\">0.7<\/td>\n<\/tr>\n<tr>\n<td rowspan=\"3\" width=\"179\"><strong>\u00a0<\/strong><\/p>\n<p>Funda exterior<\/td>\n<td width=\"128\">Materiales<\/td>\n<td width=\"58\">\/<\/td>\n<td colspan=\"2\" width=\"345\">PEMD<\/td>\n<\/tr>\n<tr>\n<td width=\"128\">Color<\/td>\n<td width=\"58\">\/<\/td>\n<td colspan=\"2\" width=\"345\">Negro<\/td>\n<\/tr>\n<tr>\n<td width=\"128\">Espesor promedio<\/td>\n<td width=\"58\">mil\u00edmetros<\/td>\n<td colspan=\"2\" width=\"345\">1.6<\/td>\n<\/tr>\n<tr>\n<td rowspan=\"2\" width=\"179\"><strong>\u00a0<\/strong><\/p>\n<p>Atenuaci\u00f3n (despu\u00e9s del cable)<\/td>\n<td width=\"128\">1310nm<\/td>\n<td width=\"58\">dB\/km<\/td>\n<td colspan=\"2\" width=\"345\">\u00a30.36<\/td>\n<\/tr>\n<tr>\n<td width=\"128\">1550 nm<\/td>\n<td width=\"58\">dB\/km<\/td>\n<td colspan=\"2\" width=\"345\">\u00a30.22<\/td>\n<\/tr>\n<tr>\n<td width=\"179\">Di\u00e1metro del cable<\/td>\n<td width=\"128\">\u00b15%<\/td>\n<td width=\"58\">mil\u00edmetros<\/td>\n<td width=\"172\">13.3<\/td>\n<td width=\"172\">16.1<\/td>\n<\/tr>\n<tr>\n<td width=\"179\">Peso del cable<\/td>\n<td width=\"128\">\u00b17%<\/td>\n<td width=\"58\">kg\/km<\/td>\n<td width=\"172\">135<\/td>\n<td width=\"172\">197<\/td>\n<\/tr>\n<tr>\n<td width=\"179\">Lapso adecuado<\/td>\n<td width=\"128\">\/<\/td>\n<td width=\"58\">m<\/td>\n<td colspan=\"2\" width=\"345\">50<\/td>\n<\/tr>\n<tr>\n<td width=\"179\">Ca\u00edda<\/td>\n<td width=\"128\">\/<\/td>\n<td width=\"58\">%<\/td>\n<td colspan=\"2\" width=\"345\">1<\/td>\n<\/tr>\n<tr>\n<td width=\"179\">Espesor del hielo<\/td>\n<td width=\"128\">\/<\/td>\n<td width=\"58\">mil\u00edmetros<\/td>\n<td colspan=\"2\" width=\"345\">0<\/td>\n<\/tr>\n<tr>\n<td width=\"179\">Velocidad del viento<\/td>\n<td width=\"128\">\/<\/td>\n<td width=\"58\">EM<\/td>\n<td colspan=\"2\" width=\"345\">25<\/td>\n<\/tr>\n<\/tbody>\n<\/table>\n<p><strong><b>\u00a0<\/b><\/strong><\/p>\n<p><strong><b>Color est\u00e1ndar de fibra y tubo<\/b><\/strong><\/p>\n<p>El c\u00f3digo de colores de los tubos y de las fibras individuales se ajustar\u00e1 a la siguiente tabla:<\/p>\n<table>\n<tbody>\n<tr>\n<td width=\"183\">No.<\/td>\n<td width=\"82\">1<\/td>\n<td width=\"82\">2<\/td>\n<td width=\"82\">3<\/td>\n<td width=\"82\">4<\/td>\n<td width=\"82\">5<\/td>\n<td width=\"80\">6<\/td>\n<\/tr>\n<tr>\n<td width=\"183\">Color<\/td>\n<td width=\"82\">Azul<\/td>\n<td width=\"82\">Naranja<\/td>\n<td width=\"82\">Verde<\/td>\n<td width=\"82\">Marr\u00f3n<\/td>\n<td width=\"82\">Pizarra<\/td>\n<td width=\"80\">Blanco<\/td>\n<\/tr>\n<tr>\n<td width=\"183\">No.<\/td>\n<td width=\"82\">7<\/td>\n<td width=\"82\">8<\/td>\n<td width=\"82\">9<\/td>\n<td width=\"82\">10<\/td>\n<td width=\"82\">11<\/td>\n<td width=\"80\">12<\/td>\n<\/tr>\n<tr>\n<td width=\"183\">Color<\/td>\n<td width=\"82\">Rojo<\/td>\n<td width=\"82\">Negro<\/td>\n<td width=\"82\">Amarillo<\/td>\n<td width=\"82\">Violeta<\/td>\n<td width=\"82\">Rosa<\/td>\n<td width=\"80\">Agua<\/td>\n<\/tr>\n<\/tbody>\n<\/table>\n<p>&nbsp;<\/p>\n<p><strong><b>Desempe\u00f1o mec\u00e1nico y ambiental<\/b><\/strong><\/p>\n<table>\n<tbody>\n<tr>\n<td width=\"221\"><strong>Art\u00edculo<\/strong><\/td>\n<td width=\"270\"><strong>Contenido<\/strong><\/td>\n<td width=\"221\"><strong>Valor<\/strong><\/td>\n<\/tr>\n<tr>\n<td width=\"221\">M\u00e1x. carga de tracci\u00f3n (64 n\u00facleos)<\/td>\n<td width=\"270\">Tensi\u00f3n m\u00e1xima permitida<\/td>\n<td width=\"221\">2000N (deformaci\u00f3n de fibra\u22640,33\uff05)<\/td>\n<\/tr>\n<tr>\n<td width=\"221\">M\u00e1x. carga de tracci\u00f3n (96 n\u00facleos)<\/td>\n<td width=\"270\">Tensi\u00f3n m\u00e1xima permitida<\/td>\n<td width=\"221\">2300N (deformaci\u00f3n de fibra\u22640,33\uff05)<\/td>\n<\/tr>\n<tr>\n<td rowspan=\"2\" width=\"221\"><strong>\u00a0<\/strong><\/p>\n<p>M\u00e1x. resistencia al aplastamiento<\/td>\n<td width=\"270\">Corto plazo<\/td>\n<td width=\"221\">2200 N\/100 mm<\/td>\n<\/tr>\n<tr>\n<td width=\"270\">Largo plazo<\/td>\n<td width=\"221\">700N<\/td>\n<\/tr>\n<tr>\n<td rowspan=\"2\" width=\"221\"><strong>\u00a0<\/strong><\/p>\n<p>M\u00edn. radio de curvatura<\/td>\n<td width=\"270\">Instalaci\u00f3n<\/td>\n<td width=\"221\">25 x di\u00e1metro del cable<\/td>\n<\/tr>\n<tr>\n<td width=\"270\">Operaci\u00f3n<\/td>\n<td width=\"221\">15 x di\u00e1metro del cable<\/td>\n<\/tr>\n<tr>\n<td rowspan=\"3\" width=\"221\"><strong>\u00a0<\/strong><\/p>\n<p>Rango de temperatura<\/td>\n<td width=\"270\">Operaci\u00f3n<\/td>\n<td width=\"221\">-40\u2103 ~ +70\u2103<\/td>\n<\/tr>\n<tr>\n<td width=\"270\">Instalaci\u00f3n<\/td>\n<td width=\"221\">-20\u2103 ~ +60\u2103<\/td>\n<\/tr>\n<tr>\n<td width=\"270\">Almacenamiento\/transporte<\/td>\n<td width=\"221\">-40\u2103 ~ +70\u2103<\/td>\n<\/tr>\n<\/tbody>\n<\/table>\n<p><strong><b>\u00a0<\/b><\/strong><\/p>\n<p><strong><b>Par\u00e1metros t\u00e9cnicos de fibra \u00f3ptica-SMF<\/b><\/strong><\/p>\n<table>\n<tbody>\n<tr>\n<td colspan=\"2\" rowspan=\"2\" width=\"457\">Art\u00edculo<\/td>\n<td rowspan=\"2\" width=\"84\">Unidad<\/td>\n<td width=\"169\">Especificaci\u00f3n<\/td>\n<\/tr>\n<tr>\n<td width=\"169\">G.652D<\/td>\n<\/tr>\n<tr>\n<td rowspan=\"2\" width=\"324\">Modo di\u00e1metro del campo<\/td>\n<td width=\"132\">1310nm<\/td>\n<td width=\"84\">mil\u00edmetros<\/td>\n<td width=\"169\">9,2 \u00b1 0,4<\/td>\n<\/tr>\n<tr>\n<td width=\"132\">1550 nm<\/td>\n<td width=\"84\">mil\u00edmetros<\/td>\n<td width=\"169\">10,4 \u00b1 0,5<\/td>\n<\/tr>\n<tr>\n<td colspan=\"2\" width=\"457\">Di\u00e1metro del revestimiento<\/td>\n<td width=\"84\">mil\u00edmetros<\/td>\n<td width=\"169\">125,0 \u00b1 0,7<\/td>\n<\/tr>\n<tr>\n<td colspan=\"2\" width=\"457\">Falta de circularidad del revestimiento<\/td>\n<td width=\"84\">%<\/td>\n<td width=\"169\">\u00a31.0<\/td>\n<\/tr>\n<tr>\n<td colspan=\"2\" width=\"457\">Error de concentricidad central<\/td>\n<td width=\"84\">mil\u00edmetros<\/td>\n<td width=\"169\">\u00a30.6<\/td>\n<\/tr>\n<tr>\n<td colspan=\"2\" width=\"457\">Di\u00e1metro del revestimiento<\/td>\n<td width=\"84\">mil\u00edmetros<\/td>\n<td width=\"169\">242 \u00b1 7<\/td>\n<\/tr>\n<tr>\n<td colspan=\"2\" width=\"457\">Error de concentricidad del revestimiento\/revestimiento<\/td>\n<td width=\"84\">mil\u00edmetros<\/td>\n<td width=\"169\">\u00a312<\/td>\n<\/tr>\n<tr>\n<td colspan=\"2\" width=\"457\">Longitud de onda de corte del cable \u03bbcc<\/td>\n<td width=\"84\">nm<\/td>\n<td width=\"169\">\u00a3\u00a01260<\/td>\n<\/tr>\n<tr>\n<td rowspan=\"2\" width=\"324\">Atenuaci\u00f3n<\/td>\n<td width=\"132\">1310nm<\/td>\n<td width=\"84\">dB\/km<\/td>\n<td width=\"169\">\u00a30.35<\/td>\n<\/tr>\n<tr>\n<td width=\"132\">1550 nm<\/td>\n<td width=\"84\">dB\/km<\/td>\n<td width=\"169\">\u00a30.21<\/td>\n<\/tr>\n<\/tbody>\n<\/table>","protected":false},"excerpt":{"rendered":"<p>El cable ADSS de 96 n\u00facleos de OMC se utiliza con una estructura de cable de doble cubierta y un cuerpo de cable de 1+8 tubos para construir este cable de instalaci\u00f3n a\u00e9rea para exteriores de buen rendimiento. La estructura ADSS de los cables \u00f3pticos adopta una estructura trenzada de tubo suelto. Se insertan fibras \u00f3pticas de 250 um en un tubo holgado hecho de poli\u00e9ster de alto m\u00f3dulo y relleno con miembros de refuerzo no met\u00e1licos (FRP) alrededor de [\u2026]<\/p>","protected":false},"featured_media":10943,"comment_status":"closed","ping_status":"closed","template":"","meta":{"site-sidebar-layout":"default","site-content-layout":"","ast-site-content-layout":"default","site-content-style":"default","site-sidebar-style":"default","ast-global-header-display":"","ast-banner-title-visibility":"","ast-main-header-display":"","ast-hfb-above-header-display":"","ast-hfb-below-header-display":"","ast-hfb-mobile-header-display":"","site-post-title":"","ast-breadcrumbs-content":"","ast-featured-img":"","footer-sml-layout":"","theme-transparent-header-meta":"default","adv-header-id-meta":"","stick-header-meta":"default","header-above-stick-meta":"","header-main-stick-meta":"","header-below-stick-meta":"","astra-migrate-meta-layouts":"set","ast-page-background-enabled":"default","ast-page-background-meta":{"desktop":{"background-color":"var(--ast-global-color-4)","background-image":"","background-repeat":"repeat","background-position":"center center","background-size":"auto","background-attachment":"scroll","background-type":"","background-media":"","overlay-type":"","overlay-color":"","overlay-gradient":""},"tablet":{"background-color":"","background-image":"","background-repeat":"repeat","background-position":"center center","background-size":"auto","background-attachment":"scroll","background-type":"","background-media":"","overlay-type":"","overlay-color":"","overlay-gradient":""},"mobile":{"background-color":"","background-image":"","background-repeat":"repeat","background-position":"center center","background-size":"auto","background-attachment":"scroll","background-type":"","background-media":"","overlay-type":"","overlay-color":"","overlay-gradient":""}},"ast-content-background-meta":{"desktop":{"background-color":"var(--ast-global-color-5)","background-image":"","background-repeat":"repeat","background-position":"center center","background-size":"auto","background-attachment":"scroll","background-type":"","background-media":"","overlay-type":"","overlay-color":"","overlay-gradient":""},"tablet":{"background-color":"var(--ast-global-color-5)","background-image":"","background-repeat":"repeat","background-position":"center center","background-size":"auto","background-attachment":"scroll","background-type":"","background-media":"","overlay-type":"","overlay-color":"","overlay-gradient":""},"mobile":{"background-color":"var(--ast-global-color-5)","background-image":"","background-repeat":"repeat","background-position":"center center","background-size":"auto","background-attachment":"scroll","background-type":"","background-media":"","overlay-type":"","overlay-color":"","overlay-gradient":""}}},"product_cat":[125,142],"product_tag":[],"class_list":{"0":"post-10939","1":"product","2":"type-product","3":"status-publish","4":"has-post-thumbnail","6":"product_cat-adss-cable","7":"product_cat-adss-cabledouble-sheath","8":"desktop-align-left","9":"tablet-align-left","10":"mobile-align-left","11":"ast-product-gallery-layout-horizontal-slider","12":"ast-product-tabs-layout-horizontal","14":"first","15":"instock","16":"shipping-taxable","17":"product-type-simple"},"acf":[],"_links":{"self":[{"href":"https:\/\/www.omccable.com\/es\/wp-json\/wp\/v2\/product\/10939","targetHints":{"allow":["GET"]}}],"collection":[{"href":"https:\/\/www.omccable.com\/es\/wp-json\/wp\/v2\/product"}],"about":[{"href":"https:\/\/www.omccable.com\/es\/wp-json\/wp\/v2\/types\/product"}],"replies":[{"embeddable":true,"href":"https:\/\/www.omccable.com\/es\/wp-json\/wp\/v2\/comments?post=10939"}],"version-history":[{"count":2,"href":"https:\/\/www.omccable.com\/es\/wp-json\/wp\/v2\/product\/10939\/revisions"}],"predecessor-version":[{"id":13310,"href":"https:\/\/www.omccable.com\/es\/wp-json\/wp\/v2\/product\/10939\/revisions\/13310"}],"wp:featuredmedia":[{"embeddable":true,"href":"https:\/\/www.omccable.com\/es\/wp-json\/wp\/v2\/media\/10943"}],"wp:attachment":[{"href":"https:\/\/www.omccable.com\/es\/wp-json\/wp\/v2\/media?parent=10939"}],"wp:term":[{"taxonomy":"product_cat","embeddable":true,"href":"https:\/\/www.omccable.com\/es\/wp-json\/wp\/v2\/product_cat?post=10939"},{"taxonomy":"product_tag","embeddable":true,"href":"https:\/\/www.omccable.com\/es\/wp-json\/wp\/v2\/product_tag?post=10939"}],"curies":[{"name":"wp","href":"https:\/\/api.w.org\/{rel}","templated":true}]}}