{"id":10935,"date":"2024-06-03T14:33:41","date_gmt":"2024-06-03T06:33:41","guid":{"rendered":"https:\/\/www.omccable.com\/?post_type=product&#038;p=10935"},"modified":"2025-08-30T11:28:47","modified_gmt":"2025-08-30T03:28:47","slug":"200m-span-24f48f-sm-adss-cable-single-sheath","status":"publish","type":"product","link":"https:\/\/www.omccable.com\/es\/producto\/200m-span-24f48f-sm-adss-cable-single-sheath\/","title":{"rendered":"Cable ADSS SM de 200 m de alcance, 24 F y 48 F, funda \u00fanica"},"content":{"rendered":"<p>El cable ADSS SM 24F y 96F de OMC se utiliza con una estructura de cable de funda \u00fanica para construir este cable de instalaci\u00f3n a\u00e9rea para exteriores de buen rendimiento. Estos cables ADSS ofrecen un rendimiento autoportante confiable para distancias de hasta 200 m. Por lo tanto, el cable ADSS es ideal para instalaci\u00f3n en entornos de distribuci\u00f3n y transmisi\u00f3n, incluso cuando se requieren instalaciones de l\u00ednea viva. Como su nombre indica, no requiere soporte ni cable mensajero, por lo que la instalaci\u00f3n se logra en una sola pasada, haciendo del ADSS un medio econ\u00f3mico y sencillo para construir una red de fibra \u00f3ptica.<\/p>\n<p>&nbsp;<\/p>\n<p><strong><b>Caracter\u00edsticas y ventajas<\/b><\/strong><\/p>\n<p>Estructura no met\u00e1lica, buen aislamiento, protecci\u00f3n contra rayos<\/p>\n<p>El hilo de aramida tiene una excelente tecnolog\u00eda de producci\u00f3n, fuerza uniforme, excelente rendimiento tensi\u00f3n-deformaci\u00f3n, excelente resistencia a los disparos y el mejor rendimiento anticorrosi\u00f3n el\u00e9ctrica<\/p>\n<p>Sin construcci\u00f3n de apag\u00f3n, la falla de la l\u00ednea el\u00e9ctrica no afecta la transmisi\u00f3n normal del cable \u00f3ptico<\/p>\n<p>Forma suave, para que el cable tenga un rendimiento aerodin\u00e1mico superior<\/p>\n<p>&nbsp;<\/p>\n<p><strong><b>Estructura de cables<\/b><\/strong><\/p>\n<table>\n<tbody>\n<tr>\n<td width=\"110\"><strong>Art\u00edculo<\/strong><\/td>\n<td width=\"89\"><strong>Contenido<\/strong><\/td>\n<td colspan=\"2\" width=\"122\"><strong>Unidad<\/strong><\/td>\n<td colspan=\"3\" width=\"389\"><strong>Valor<\/strong><\/td>\n<\/tr>\n<tr>\n<td width=\"110\">Recuento de fibras<\/td>\n<td width=\"89\">N\u00famero<\/td>\n<td colspan=\"2\" width=\"122\">\/<\/td>\n<td width=\"158\">24<\/td>\n<td colspan=\"2\" width=\"231\">48<\/td>\n<\/tr>\n<tr>\n<td width=\"110\">Tipo de fibra<\/td>\n<td width=\"89\">\/<\/td>\n<td colspan=\"2\" width=\"122\">\/<\/td>\n<td colspan=\"3\" width=\"389\">G652D<\/td>\n<\/tr>\n<tr>\n<td width=\"110\">Estructura de cables<\/td>\n<td width=\"89\">\/<\/td>\n<td colspan=\"2\" width=\"122\">\/<\/td>\n<td width=\"158\">1+6<\/td>\n<td colspan=\"2\" width=\"231\">1+6<\/td>\n<\/tr>\n<tr>\n<td width=\"110\">Fibras por tubo<\/td>\n<td width=\"89\">Contar<\/td>\n<td colspan=\"2\" width=\"122\">\/<\/td>\n<td width=\"158\">6<\/td>\n<td colspan=\"2\" width=\"231\">12<\/td>\n<\/tr>\n<tr>\n<td rowspan=\"3\" width=\"110\">&nbsp;<\/p>\n<p>Tubo suelto<\/td>\n<td width=\"89\">Materiales<\/td>\n<td colspan=\"2\" width=\"122\">\/<\/td>\n<td colspan=\"3\" width=\"389\">PBT<\/td>\n<\/tr>\n<tr>\n<td width=\"89\">nominales<\/p>\n<p>Di\u00e1metro<\/td>\n<td colspan=\"2\" width=\"122\">mil\u00edmetros<\/td>\n<td width=\"158\">2.3<\/td>\n<td colspan=\"2\" width=\"231\">2.3<\/td>\n<\/tr>\n<tr>\n<td width=\"89\">color<\/td>\n<td colspan=\"2\" width=\"122\">\/<\/td>\n<td colspan=\"3\" width=\"389\">Azul, Naranja, Verde, Marr\u00f3n, Gris, Blanco, Rojo, Negro, Amarillo, Violeta, Rosa, Aguamarina<\/td>\n<\/tr>\n<tr>\n<td rowspan=\"3\" width=\"110\">Miembro de fuerza central<\/td>\n<td width=\"89\">Materiales<\/td>\n<td colspan=\"2\" width=\"122\">\/<\/td>\n<td colspan=\"3\" width=\"389\">Capa de coj\u00edn de FRP y PE<\/td>\n<\/tr>\n<tr>\n<td width=\"89\">nominales<\/p>\n<p>Di\u00e1metro<\/td>\n<td colspan=\"2\" width=\"122\">mil\u00edmetros<\/td>\n<td width=\"158\">2.5<\/td>\n<td colspan=\"2\" width=\"231\">2.5<\/td>\n<\/tr>\n<tr>\n<td width=\"89\">Coj\u00edn de PE<\/td>\n<td colspan=\"2\" width=\"122\">mil\u00edmetros<\/td>\n<td colspan=\"3\" width=\"389\">\u2013<\/td>\n<\/tr>\n<tr>\n<td width=\"110\">Bloqueo de agua<\/td>\n<td colspan=\"3\" width=\"212\">Materiales<\/td>\n<td colspan=\"3\" width=\"389\">Hilo y cinta que bloquean el agua<\/td>\n<\/tr>\n<tr>\n<td width=\"110\">Perif\u00e9rico<\/p>\n<p>miembro de fuerza<\/td>\n<td colspan=\"3\" width=\"212\">Materiales<\/td>\n<td colspan=\"3\" width=\"389\">Hilo de aramida<\/td>\n<\/tr>\n<tr>\n<td rowspan=\"3\" width=\"110\">Funda<\/td>\n<td colspan=\"3\" width=\"212\">Materiales<\/td>\n<td colspan=\"3\" width=\"389\">PEAD<\/td>\n<\/tr>\n<tr>\n<td colspan=\"3\" width=\"212\">Color<\/td>\n<td colspan=\"3\" width=\"389\">Negro<\/td>\n<\/tr>\n<tr>\n<td colspan=\"2\" width=\"117\">Espesor<\/td>\n<td width=\"94\">mmm<\/td>\n<td colspan=\"3\" width=\"389\">Nominal: 1,7<\/td>\n<\/tr>\n<tr>\n<td rowspan=\"2\" width=\"110\">Atenuaci\u00f3n<\/p>\n<p>(despu\u00e9s del cable)<\/td>\n<td colspan=\"2\" width=\"117\">1310nm<\/td>\n<td width=\"94\">dB\/km<\/td>\n<td colspan=\"3\" width=\"389\">\u00a30.36<\/td>\n<\/tr>\n<tr>\n<td colspan=\"2\" width=\"117\">1550 nm<\/td>\n<td width=\"94\">dB\/km<\/td>\n<td colspan=\"3\" width=\"389\">\u00a30.22<\/td>\n<\/tr>\n<tr>\n<td width=\"110\">Di\u00e1metro del cable<\/td>\n<td colspan=\"2\" width=\"117\">\u00b15%<\/td>\n<td width=\"94\">mil\u00edmetros<\/td>\n<td colspan=\"2\" width=\"194\">11.5<\/td>\n<td width=\"194\">11.5<\/td>\n<\/tr>\n<tr>\n<td width=\"110\">Peso del cable<\/td>\n<td colspan=\"2\" width=\"117\">\u00b110%<\/td>\n<td width=\"94\">kg\/km<\/td>\n<td colspan=\"2\" width=\"194\">101<\/td>\n<td width=\"194\">104<\/td>\n<\/tr>\n<\/tbody>\n<\/table>\n<p><strong><b>\u00a0<\/b><\/strong><\/p>\n<p><strong><b>Color est\u00e1ndar de fibra y tubo<\/b><\/strong><\/p>\n<p>El c\u00f3digo de colores de los tubos y de las fibras individuales se ajustar\u00e1 a la siguiente tabla:<\/p>\n<p>&nbsp;<\/p>\n<table>\n<tbody>\n<tr>\n<td width=\"183\">No.<\/td>\n<td width=\"82\">1<\/td>\n<td width=\"82\">2<\/td>\n<td width=\"82\">3<\/td>\n<td width=\"82\">4<\/td>\n<td width=\"82\">5<\/td>\n<td width=\"80\">6<\/td>\n<\/tr>\n<tr>\n<td width=\"183\">Color<\/td>\n<td width=\"82\">Azul<\/td>\n<td width=\"82\">Naranja<\/td>\n<td width=\"82\">Verde<\/td>\n<td width=\"82\">Marr\u00f3n<\/td>\n<td width=\"82\">Pizarra<\/td>\n<td width=\"80\">Blanco<\/td>\n<\/tr>\n<tr>\n<td width=\"183\">No.<\/td>\n<td width=\"82\">7<\/td>\n<td width=\"82\">8<\/td>\n<td width=\"82\">9<\/td>\n<td width=\"82\">10<\/td>\n<td width=\"82\">11<\/td>\n<td width=\"80\">12<\/td>\n<\/tr>\n<tr>\n<td width=\"183\">Color<\/td>\n<td width=\"82\">Rojo<\/td>\n<td width=\"82\">Negro<\/td>\n<td width=\"82\">Amarillo<\/td>\n<td width=\"82\">Violeta<\/td>\n<td width=\"82\">Rosa<\/td>\n<td width=\"80\">Agua<\/td>\n<\/tr>\n<\/tbody>\n<\/table>\n<p>&nbsp;<\/p>\n<p><strong><b>Desempe\u00f1o mec\u00e1nico y ambiental<\/b><\/strong><\/p>\n<table>\n<tbody>\n<tr>\n<td width=\"221\"><strong>Art\u00edculo<\/strong><\/td>\n<td width=\"217\"><strong>Contenido<\/strong><\/td>\n<td width=\"273\"><strong>Valor<\/strong><\/td>\n<\/tr>\n<tr>\n<td width=\"221\">M\u00e1x. carga de tracci\u00f3n<\/td>\n<td width=\"217\">Tensi\u00f3n m\u00e1xima permitida<\/td>\n<td width=\"273\">Deformaci\u00f3n de fibra 6000N\u22640,33\uff05<\/td>\n<\/tr>\n<tr>\n<td width=\"221\">M\u00e1x. resistencia al aplastamiento<\/td>\n<td width=\"217\">Corto plazo<\/td>\n<td width=\"273\">2000 N\/100 mm<\/td>\n<\/tr>\n<tr>\n<td rowspan=\"2\" width=\"221\"><strong>\u00a0<\/strong><\/p>\n<p>M\u00edn. radio de curvatura<\/td>\n<td width=\"217\">Instalaci\u00f3n<\/td>\n<td width=\"273\">25 x di\u00e1metro del cable<\/td>\n<\/tr>\n<tr>\n<td width=\"217\">Operaci\u00f3n<\/td>\n<td width=\"273\">12,5 x di\u00e1metro del cable<\/td>\n<\/tr>\n<tr>\n<td rowspan=\"3\" width=\"221\"><strong>\u00a0<\/strong><\/p>\n<p>Rango de temperatura<\/td>\n<td width=\"217\">Operaci\u00f3n<\/td>\n<td width=\"273\">-40\u2103 ~ +70\u2103<\/td>\n<\/tr>\n<tr>\n<td width=\"217\">Instalaci\u00f3n<\/td>\n<td width=\"273\">-20\u2103 ~ +60\u2103<\/td>\n<\/tr>\n<tr>\n<td width=\"217\">Almacenamiento\/transporte<\/td>\n<td width=\"273\">-40\u2103 ~ +70\u2103<\/td>\n<\/tr>\n<\/tbody>\n<\/table>\n<p>&nbsp;<\/p>\n<p><strong><b>Par\u00e1metros t\u00e9cnicos de fibra \u00f3ptica-SMF<\/b><\/strong><\/p>\n<table>\n<tbody>\n<tr>\n<td colspan=\"2\" rowspan=\"2\" width=\"457\"><strong>Art\u00edculo<\/strong><\/td>\n<td rowspan=\"2\" width=\"84\"><strong>Unidad<\/strong><\/td>\n<td width=\"169\"><strong>Especificaci\u00f3n<\/strong><\/td>\n<\/tr>\n<tr>\n<td width=\"169\">G.652D<\/td>\n<\/tr>\n<tr>\n<td rowspan=\"2\" width=\"324\">Modo di\u00e1metro del campo<\/td>\n<td width=\"132\">1310nm<\/td>\n<td width=\"84\">mil\u00edmetros<\/td>\n<td width=\"169\">9,2 \u00b1 0,4<\/td>\n<\/tr>\n<tr>\n<td width=\"132\">1550 nm<\/td>\n<td width=\"84\">mil\u00edmetros<\/td>\n<td width=\"169\">10,4 \u00b1 0,5<\/td>\n<\/tr>\n<tr>\n<td colspan=\"2\" width=\"457\">Di\u00e1metro del revestimiento<\/td>\n<td width=\"84\">mil\u00edmetros<\/td>\n<td width=\"169\">125,0 \u00b1 0,7<\/td>\n<\/tr>\n<tr>\n<td colspan=\"2\" width=\"457\">Falta de circularidad del revestimiento<\/td>\n<td width=\"84\">%<\/td>\n<td width=\"169\">\u00a31.0<\/td>\n<\/tr>\n<tr>\n<td colspan=\"2\" width=\"457\">Error de concentricidad central<\/td>\n<td width=\"84\">mil\u00edmetros<\/td>\n<td width=\"169\">\u00a30.6<\/td>\n<\/tr>\n<tr>\n<td colspan=\"2\" width=\"457\">Di\u00e1metro del revestimiento<\/td>\n<td width=\"84\">mil\u00edmetros<\/td>\n<td width=\"169\">242 \u00b1 7<\/td>\n<\/tr>\n<tr>\n<td colspan=\"2\" width=\"457\">Error de concentricidad del revestimiento\/revestimiento<\/td>\n<td width=\"84\">mil\u00edmetros<\/td>\n<td width=\"169\">\u00a312<\/td>\n<\/tr>\n<tr>\n<td colspan=\"2\" width=\"457\">Longitud de onda de corte del cable \u03bbcc<\/td>\n<td width=\"84\">nm<\/td>\n<td width=\"169\">\u00a3\u00a01260<\/td>\n<\/tr>\n<tr>\n<td rowspan=\"2\" width=\"324\">Atenuaci\u00f3n<\/td>\n<td width=\"132\">1310nm<\/td>\n<td width=\"84\">dB\/km<\/td>\n<td width=\"169\">\u00a30.35<\/td>\n<\/tr>\n<tr>\n<td width=\"132\">1550 nm<\/td>\n<td width=\"84\">dB\/km<\/td>\n<td width=\"169\">\u00a30.21<\/td>\n<\/tr>\n<\/tbody>\n<\/table>","protected":false},"excerpt":{"rendered":"<p>El cable ADSS SM 24F y 96F de OMC se utiliza con una estructura de cable de funda \u00fanica para construir este cable de instalaci\u00f3n a\u00e9rea para exteriores de buen rendimiento. Estos cables ADSS ofrecen un rendimiento autoportante confiable para distancias de hasta 200 m. Por lo tanto, el cable ADSS es ideal para instalaci\u00f3n en entornos de distribuci\u00f3n y transmisi\u00f3n, incluso cuando se requieren instalaciones de l\u00ednea viva. Como su [\u2026]<\/p>","protected":false},"featured_media":10937,"comment_status":"closed","ping_status":"closed","template":"","meta":{"site-sidebar-layout":"default","site-content-layout":"","ast-site-content-layout":"default","site-content-style":"default","site-sidebar-style":"default","ast-global-header-display":"","ast-banner-title-visibility":"","ast-main-header-display":"","ast-hfb-above-header-display":"","ast-hfb-below-header-display":"","ast-hfb-mobile-header-display":"","site-post-title":"","ast-breadcrumbs-content":"","ast-featured-img":"","footer-sml-layout":"","theme-transparent-header-meta":"default","adv-header-id-meta":"","stick-header-meta":"default","header-above-stick-meta":"","header-main-stick-meta":"","header-below-stick-meta":"","astra-migrate-meta-layouts":"set","ast-page-background-enabled":"default","ast-page-background-meta":{"desktop":{"background-color":"var(--ast-global-color-4)","background-image":"","background-repeat":"repeat","background-position":"center center","background-size":"auto","background-attachment":"scroll","background-type":"","background-media":"","overlay-type":"","overlay-color":"","overlay-gradient":""},"tablet":{"background-color":"","background-image":"","background-repeat":"repeat","background-position":"center center","background-size":"auto","background-attachment":"scroll","background-type":"","background-media":"","overlay-type":"","overlay-color":"","overlay-gradient":""},"mobile":{"background-color":"","background-image":"","background-repeat":"repeat","background-position":"center center","background-size":"auto","background-attachment":"scroll","background-type":"","background-media":"","overlay-type":"","overlay-color":"","overlay-gradient":""}},"ast-content-background-meta":{"desktop":{"background-color":"var(--ast-global-color-5)","background-image":"","background-repeat":"repeat","background-position":"center center","background-size":"auto","background-attachment":"scroll","background-type":"","background-media":"","overlay-type":"","overlay-color":"","overlay-gradient":""},"tablet":{"background-color":"var(--ast-global-color-5)","background-image":"","background-repeat":"repeat","background-position":"center center","background-size":"auto","background-attachment":"scroll","background-type":"","background-media":"","overlay-type":"","overlay-color":"","overlay-gradient":""},"mobile":{"background-color":"var(--ast-global-color-5)","background-image":"","background-repeat":"repeat","background-position":"center center","background-size":"auto","background-attachment":"scroll","background-type":"","background-media":"","overlay-type":"","overlay-color":"","overlay-gradient":""}}},"product_cat":[125,141],"product_tag":[],"class_list":{"0":"post-10935","1":"product","2":"type-product","3":"status-publish","4":"has-post-thumbnail","6":"product_cat-adss-cable","7":"product_cat-adss-cablesingle-sheath","8":"desktop-align-left","9":"tablet-align-left","10":"mobile-align-left","11":"ast-product-gallery-layout-horizontal-slider","12":"ast-product-tabs-layout-horizontal","14":"first","15":"instock","16":"shipping-taxable","17":"product-type-simple"},"acf":[],"_links":{"self":[{"href":"https:\/\/www.omccable.com\/es\/wp-json\/wp\/v2\/product\/10935","targetHints":{"allow":["GET"]}}],"collection":[{"href":"https:\/\/www.omccable.com\/es\/wp-json\/wp\/v2\/product"}],"about":[{"href":"https:\/\/www.omccable.com\/es\/wp-json\/wp\/v2\/types\/product"}],"replies":[{"embeddable":true,"href":"https:\/\/www.omccable.com\/es\/wp-json\/wp\/v2\/comments?post=10935"}],"version-history":[{"count":2,"href":"https:\/\/www.omccable.com\/es\/wp-json\/wp\/v2\/product\/10935\/revisions"}],"predecessor-version":[{"id":13307,"href":"https:\/\/www.omccable.com\/es\/wp-json\/wp\/v2\/product\/10935\/revisions\/13307"}],"wp:featuredmedia":[{"embeddable":true,"href":"https:\/\/www.omccable.com\/es\/wp-json\/wp\/v2\/media\/10937"}],"wp:attachment":[{"href":"https:\/\/www.omccable.com\/es\/wp-json\/wp\/v2\/media?parent=10935"}],"wp:term":[{"taxonomy":"product_cat","embeddable":true,"href":"https:\/\/www.omccable.com\/es\/wp-json\/wp\/v2\/product_cat?post=10935"},{"taxonomy":"product_tag","embeddable":true,"href":"https:\/\/www.omccable.com\/es\/wp-json\/wp\/v2\/product_tag?post=10935"}],"curies":[{"name":"wp","href":"https:\/\/api.w.org\/{rel}","templated":true}]}}