{"id":10927,"date":"2024-06-01T10:40:15","date_gmt":"2024-06-01T02:40:15","guid":{"rendered":"https:\/\/www.omccable.com\/?post_type=product&#038;p=10927"},"modified":"2025-08-30T11:37:48","modified_gmt":"2025-08-30T03:37:48","slug":"80m-span-24f48f-sm-adss-cable-single-sheath","status":"publish","type":"product","link":"https:\/\/www.omccable.com\/es\/producto\/80m-span-24f48f-sm-adss-cable-single-sheath\/","title":{"rendered":"Cable ADSS SM de 80 m de alcance, 24 F y 48 F, funda \u00fanica"},"content":{"rendered":"<p>El cable ADSS de 12 y 24 n\u00facleos es el CABLE ADSS m\u00e1s popular. Se utiliza una estructura de cable de funda \u00fanica y un cuerpo de cable de 1+2+4 tubos para construir este cable de instalaci\u00f3n a\u00e9rea para exteriores de buen rendimiento.<\/p>\n<p>La estructura ADSS de los cables \u00f3pticos adopta una estructura trenzada de tubo suelto. Se insertan fibras \u00f3pticas de 250 um en un tubo holgado hecho de poli\u00e9ster de alto m\u00f3dulo y relleno con miembros de refuerzo no met\u00e1licos (FRP) alrededor del centro del cable para formar un n\u00facleo redondo. El espacio en el n\u00facleo se llena con un ung\u00fcento que bloquea el agua. Se retuercen dos capas de hilo de aramida para reforzar el hilo y luego se colocan 2 piezas de Ripcords debajo de una funda de polietileno (PE).<\/p>\n<p>Estos cables ADSS ofrecen un rendimiento autoportante confiable para distancias de hasta 80 m.<\/p>\n<p>Como su nombre indica, ADSS no contiene ning\u00fan componente met\u00e1lico. Esto lo hace liviano, no conductor y resistente a interferencias electromagn\u00e9ticas. Su dise\u00f1o diel\u00e9ctrico permite instalarlo directamente junto a l\u00edneas el\u00e9ctricas de alto voltaje sin riesgo de riesgos el\u00e9ctricos, raz\u00f3n por la cual se ha convertido en la opci\u00f3n preferida de las empresas de servicios el\u00e9ctricos y operadores de telecomunicaciones de todo el mundo.<\/p>\n<p>&nbsp;<\/p>\n<p><strong><b>Caracter\u00edsticas y ventajas<\/b><\/strong><\/p>\n<p>Estructura no met\u00e1lica, buen aislamiento, protecci\u00f3n contra rayos<\/p>\n<p>El hilo de aramida tiene una excelente tecnolog\u00eda de producci\u00f3n, fuerza uniforme, excelente rendimiento tensi\u00f3n-deformaci\u00f3n, excelente resistencia a los disparos y el mejor rendimiento anticorrosi\u00f3n el\u00e9ctrica<\/p>\n<p>Sin construcci\u00f3n de apag\u00f3n, la falla de la l\u00ednea el\u00e9ctrica no afecta la transmisi\u00f3n normal del cable \u00f3ptico<\/p>\n<p>Forma suave, para que el cable tenga un rendimiento aerodin\u00e1mico superior<\/p>\n<p>&nbsp;<\/p>\n<p><strong><b>Estructura de cables<\/b><\/strong><\/p>\n<table>\n<tbody>\n<tr>\n<td width=\"179\"><strong>Art\u00edculo<\/strong><\/td>\n<td width=\"145\"><strong>Contenido<\/strong><\/td>\n<td width=\"55\"><strong>Unidad<\/strong><\/td>\n<td colspan=\"2\" width=\"331\"><strong>Valor<\/strong><\/td>\n<\/tr>\n<tr>\n<td width=\"179\">Recuento de fibras<\/td>\n<td width=\"145\">N\u00famero<\/td>\n<td width=\"55\">\/<\/td>\n<td width=\"165\">24<\/td>\n<td width=\"165\">48<\/td>\n<\/tr>\n<tr>\n<td width=\"179\">Tipo de fibra<\/td>\n<td width=\"145\">\/<\/td>\n<td width=\"55\">\/<\/td>\n<td colspan=\"2\" width=\"331\">G652D<\/td>\n<\/tr>\n<tr>\n<td width=\"179\">Estructura de cables<\/td>\n<td width=\"145\">\/<\/td>\n<td width=\"55\">\/<\/td>\n<td colspan=\"2\" width=\"331\">1+5<\/td>\n<\/tr>\n<tr>\n<td width=\"179\">Fibras por tubo<\/td>\n<td width=\"145\">Cuenta<\/td>\n<td width=\"55\">\/<\/td>\n<td width=\"165\">6<\/td>\n<td width=\"165\">12<\/td>\n<\/tr>\n<tr>\n<td rowspan=\"3\" width=\"179\"><strong>\u00a0<\/strong><\/p>\n<p><strong>\u00a0<\/strong><\/p>\n<p>Tubo suelto<\/td>\n<td width=\"145\">Materiales<\/td>\n<td width=\"55\">\/<\/td>\n<td colspan=\"2\" width=\"331\">PBT<\/td>\n<\/tr>\n<tr>\n<td width=\"145\">Di\u00e1metro nominal<\/td>\n<td width=\"55\">mil\u00edmetros<\/td>\n<td width=\"165\">1.9<\/td>\n<td width=\"165\">2.1<\/td>\n<\/tr>\n<tr>\n<td width=\"145\">color<\/td>\n<td width=\"55\">\/<\/td>\n<td colspan=\"2\" width=\"331\">Azul, Naranja, Verde, Marr\u00f3n, Gris, Blanco, Rojo,<\/p>\n<p>Negro, amarillo, violeta, rosa, aguamarina<\/td>\n<\/tr>\n<tr>\n<td rowspan=\"3\" width=\"179\"><strong>\u00a0<\/strong><\/p>\n<p>Miembro de fuerza central<\/td>\n<td width=\"145\">Materiales<\/td>\n<td width=\"55\">\/<\/td>\n<td colspan=\"2\" width=\"331\">Capa protectora de FRP y PE (cuando sea necesario)<\/td>\n<\/tr>\n<tr>\n<td width=\"145\">Di\u00e1metro nominal<\/td>\n<td width=\"55\">mil\u00edmetros<\/td>\n<td width=\"165\">1.5<\/td>\n<td width=\"165\">1.6<\/td>\n<\/tr>\n<tr>\n<td width=\"145\">Coj\u00edn de PE<\/td>\n<td width=\"55\">mil\u00edmetros<\/td>\n<td colspan=\"2\" width=\"331\">\u2013<\/td>\n<\/tr>\n<tr>\n<td width=\"179\">Bloqueo de agua<\/td>\n<td colspan=\"2\" width=\"200\">Materiales<\/td>\n<td colspan=\"2\" width=\"331\">Hilo y cinta que bloquean el agua<\/td>\n<\/tr>\n<tr>\n<td width=\"179\">Miembro de fuerza perif\u00e9rica<\/td>\n<td colspan=\"2\" width=\"200\">Materiales<\/td>\n<td colspan=\"2\" width=\"331\">Hilo de aramida<\/td>\n<\/tr>\n<tr>\n<td rowspan=\"3\" width=\"179\"><strong>\u00a0<\/strong><\/p>\n<p>Funda<\/td>\n<td colspan=\"2\" width=\"200\">Materiales<\/td>\n<td colspan=\"2\" width=\"331\">PEAD<\/td>\n<\/tr>\n<tr>\n<td colspan=\"2\" width=\"200\">Color<\/td>\n<td colspan=\"2\" width=\"331\">Marr\u00f3n<\/td>\n<\/tr>\n<tr>\n<td width=\"145\">Di\u00e1metro exterior<\/td>\n<td width=\"55\">mil\u00edmetros<\/td>\n<td colspan=\"2\" width=\"331\">Nominal: 1,4<\/td>\n<\/tr>\n<tr>\n<td rowspan=\"2\" width=\"179\"><strong>\u00a0<\/strong><\/p>\n<p>Atenuaci\u00f3n (despu\u00e9s del cable)<\/td>\n<td width=\"145\">1310nm<\/td>\n<td width=\"55\">dB\/km<\/td>\n<td colspan=\"2\" width=\"331\">\u00a30.36<\/td>\n<\/tr>\n<tr>\n<td width=\"145\">1550 nm<\/td>\n<td width=\"55\">dB\/km<\/td>\n<td colspan=\"2\" width=\"331\">\u00a30.22<\/td>\n<\/tr>\n<tr>\n<td width=\"179\">Di\u00e1metro del cable<\/td>\n<td width=\"145\">\u00b15%<\/td>\n<td width=\"55\">mil\u00edmetros<\/td>\n<td width=\"165\">8.9<\/td>\n<td width=\"165\">9.2<\/td>\n<\/tr>\n<tr>\n<td width=\"179\">Peso del cable<\/td>\n<td width=\"145\">\u00b110%<\/td>\n<td width=\"55\">kg\/km<\/td>\n<td width=\"165\">60<\/td>\n<td width=\"165\">64<\/td>\n<\/tr>\n<tr>\n<td width=\"179\">Lapso adecuado<\/td>\n<td width=\"145\">\/<\/td>\n<td width=\"55\">m<\/td>\n<td colspan=\"2\" width=\"331\">80<\/td>\n<\/tr>\n<tr>\n<td width=\"179\">Ca\u00edda<\/td>\n<td width=\"145\">\/<\/td>\n<td width=\"55\">%<\/td>\n<td colspan=\"2\" width=\"331\">1.0<\/td>\n<\/tr>\n<tr>\n<td width=\"179\">espesor de formaci\u00f3n de hielo<\/td>\n<td width=\"145\">\/<\/td>\n<td width=\"55\">mil\u00edmetros<\/td>\n<td colspan=\"2\" width=\"331\">0<\/td>\n<\/tr>\n<tr>\n<td width=\"179\">velocidad del viento<\/td>\n<td width=\"145\">\/<\/td>\n<td width=\"55\">EM<\/td>\n<td colspan=\"2\" width=\"331\">25<\/td>\n<\/tr>\n<\/tbody>\n<\/table>\n<p>&nbsp;<\/p>\n<p><strong><b>Color est\u00e1ndar de fibra y tubo<\/b><\/strong><\/p>\n<p>El c\u00f3digo de colores de los tubos y de las fibras individuales se ajustar\u00e1 a la siguiente tabla:<\/p>\n<table>\n<tbody>\n<tr>\n<td width=\"183\">No.<\/td>\n<td width=\"82\">1<\/td>\n<td width=\"82\">2<\/td>\n<td width=\"82\">3<\/td>\n<td width=\"82\">4<\/td>\n<td width=\"82\">5<\/td>\n<td width=\"80\">6<\/td>\n<\/tr>\n<tr>\n<td width=\"183\">Color<\/td>\n<td width=\"82\">Azul<\/td>\n<td width=\"82\">Naranja<\/td>\n<td width=\"82\">Verde<\/td>\n<td width=\"82\">Marr\u00f3n<\/td>\n<td width=\"82\">Pizarra<\/td>\n<td width=\"80\">Blanco<\/td>\n<\/tr>\n<tr>\n<td width=\"183\">No.<\/td>\n<td width=\"82\">7<\/td>\n<td width=\"82\">8<\/td>\n<td width=\"82\">9<\/td>\n<td width=\"82\">10<\/td>\n<td width=\"82\">11<\/td>\n<td width=\"80\">12<\/td>\n<\/tr>\n<tr>\n<td width=\"183\">Color<\/td>\n<td width=\"82\">Rojo<\/td>\n<td width=\"82\">Negro<\/td>\n<td width=\"82\">Amarillo<\/td>\n<td width=\"82\">Violeta<\/td>\n<td width=\"82\">Rosa<\/td>\n<td width=\"80\">Agua<\/td>\n<\/tr>\n<\/tbody>\n<\/table>\n<p>&nbsp;<\/p>\n<p><strong><b>Desempe\u00f1o mec\u00e1nico y ambiental<\/b><\/strong><\/p>\n<table>\n<tbody>\n<tr>\n<td width=\"221\"><strong>Art\u00edculo<\/strong><\/td>\n<td width=\"270\"><strong>Contenido<\/strong><\/td>\n<td width=\"221\"><strong>Valor<\/strong><\/td>\n<\/tr>\n<tr>\n<td width=\"221\">M\u00e1x. carga de tracci\u00f3n<\/td>\n<td width=\"270\">Tensi\u00f3n m\u00e1xima permitida<\/td>\n<td width=\"221\">Deformaci\u00f3n de fibra 1400N\u22640,33\uff05<\/td>\n<\/tr>\n<tr>\n<td rowspan=\"2\" width=\"221\">M\u00e1x. resistencia al aplastamiento<\/td>\n<td width=\"270\">Corto plazo<\/td>\n<td width=\"221\">1000 N\/100 mm<\/td>\n<\/tr>\n<tr>\n<td width=\"270\">Largo plazo<\/td>\n<td width=\"221\">300N\/100mm<\/td>\n<\/tr>\n<tr>\n<td rowspan=\"2\" width=\"221\"><strong>\u00a0<\/strong><\/p>\n<p>M\u00edn. radio de curvatura<\/td>\n<td width=\"270\">Instalaci\u00f3n<\/td>\n<td width=\"221\">25 x di\u00e1metro del cable<\/td>\n<\/tr>\n<tr>\n<td width=\"270\">Operaci\u00f3n<\/td>\n<td width=\"221\">15 x di\u00e1metro del cable<\/td>\n<\/tr>\n<tr>\n<td rowspan=\"3\" width=\"221\"><strong>\u00a0<\/strong><\/p>\n<p>Rango de temperatura<\/td>\n<td width=\"270\">Operaci\u00f3n<\/td>\n<td width=\"221\">-40\u2103 ~ +70\u2103<\/td>\n<\/tr>\n<tr>\n<td width=\"270\">Instalaci\u00f3n<\/td>\n<td width=\"221\">-20\u2103 ~ +60\u2103<\/td>\n<\/tr>\n<tr>\n<td width=\"270\">Almacenamiento\/transporte<\/td>\n<td width=\"221\">-40\u2103 ~ +70\u2103<\/td>\n<\/tr>\n<\/tbody>\n<\/table>\n<p><strong><b>\u00a0<\/b><\/strong><\/p>\n<p><strong><b>Par\u00e1metros t\u00e9cnicos de fibra \u00f3ptica-SMF<\/b><\/strong><\/p>\n<table>\n<tbody>\n<tr>\n<td colspan=\"2\" rowspan=\"2\" width=\"457\">Art\u00edculo<\/td>\n<td rowspan=\"2\" width=\"84\">Unidad<\/td>\n<td width=\"169\">Especificaci\u00f3n<\/td>\n<\/tr>\n<tr>\n<td width=\"169\">G.652D<\/td>\n<\/tr>\n<tr>\n<td rowspan=\"2\" width=\"324\">Modo di\u00e1metro del campo<\/td>\n<td width=\"132\">1310nm<\/td>\n<td width=\"84\">mil\u00edmetros<\/td>\n<td width=\"169\">9,2 \u00b1 0,4<\/td>\n<\/tr>\n<tr>\n<td width=\"132\">1550 nm<\/td>\n<td width=\"84\">mil\u00edmetros<\/td>\n<td width=\"169\">10,4 \u00b1 0,5<\/td>\n<\/tr>\n<tr>\n<td colspan=\"2\" width=\"457\">Di\u00e1metro del revestimiento<\/td>\n<td width=\"84\">mil\u00edmetros<\/td>\n<td width=\"169\">125,0 \u00b1 0,7<\/td>\n<\/tr>\n<tr>\n<td colspan=\"2\" width=\"457\">Falta de circularidad del revestimiento<\/td>\n<td width=\"84\">%<\/td>\n<td width=\"169\">\u00a31.0<\/td>\n<\/tr>\n<tr>\n<td colspan=\"2\" width=\"457\">Error de concentricidad central<\/td>\n<td width=\"84\">mil\u00edmetros<\/td>\n<td width=\"169\">\u00a30.6<\/td>\n<\/tr>\n<tr>\n<td colspan=\"2\" width=\"457\">Di\u00e1metro del revestimiento<\/td>\n<td width=\"84\">mil\u00edmetros<\/td>\n<td width=\"169\">242 \u00b1 7<\/td>\n<\/tr>\n<tr>\n<td colspan=\"2\" width=\"457\">Error de concentricidad del revestimiento\/revestimiento<\/td>\n<td width=\"84\">mil\u00edmetros<\/td>\n<td width=\"169\">\u00a312<\/td>\n<\/tr>\n<tr>\n<td colspan=\"2\" width=\"457\">Longitud de onda de corte del cable \u03bbcc<\/td>\n<td width=\"84\">nm<\/td>\n<td width=\"169\">\u00a3\u00a01260<\/td>\n<\/tr>\n<tr>\n<td rowspan=\"2\" width=\"324\">Atenuaci\u00f3n<\/td>\n<td width=\"132\">1310nm<\/td>\n<td width=\"84\">dB\/km<\/td>\n<td width=\"169\">\u00a30.35<\/td>\n<\/tr>\n<tr>\n<td width=\"132\">1550 nm<\/td>\n<td width=\"84\">dB\/km<\/td>\n<td width=\"169\">\u00a30.21<\/td>\n<\/tr>\n<\/tbody>\n<\/table>","protected":false},"excerpt":{"rendered":"<p>El cable ADSS de 12 y 24 n\u00facleos es el CABLE ADSS m\u00e1s popular. Se utiliza una estructura de cable de funda \u00fanica y un cuerpo de cable de 1+2+4 tubos para construir este cable de instalaci\u00f3n a\u00e9rea para exteriores de buen rendimiento. La estructura ADSS de los cables \u00f3pticos adopta una estructura trenzada de tubo suelto. Se insertan fibras \u00f3pticas de 250 um en un tubo holgado hecho de poli\u00e9ster de alto m\u00f3dulo y se rellena con [\u2026]<\/p>","protected":false},"featured_media":10929,"comment_status":"closed","ping_status":"closed","template":"","meta":{"site-sidebar-layout":"default","site-content-layout":"","ast-site-content-layout":"default","site-content-style":"default","site-sidebar-style":"default","ast-global-header-display":"","ast-banner-title-visibility":"","ast-main-header-display":"","ast-hfb-above-header-display":"","ast-hfb-below-header-display":"","ast-hfb-mobile-header-display":"","site-post-title":"","ast-breadcrumbs-content":"","ast-featured-img":"","footer-sml-layout":"","theme-transparent-header-meta":"default","adv-header-id-meta":"","stick-header-meta":"default","header-above-stick-meta":"","header-main-stick-meta":"","header-below-stick-meta":"","astra-migrate-meta-layouts":"set","ast-page-background-enabled":"default","ast-page-background-meta":{"desktop":{"background-color":"var(--ast-global-color-4)","background-image":"","background-repeat":"repeat","background-position":"center center","background-size":"auto","background-attachment":"scroll","background-type":"","background-media":"","overlay-type":"","overlay-color":"","overlay-gradient":""},"tablet":{"background-color":"","background-image":"","background-repeat":"repeat","background-position":"center center","background-size":"auto","background-attachment":"scroll","background-type":"","background-media":"","overlay-type":"","overlay-color":"","overlay-gradient":""},"mobile":{"background-color":"","background-image":"","background-repeat":"repeat","background-position":"center center","background-size":"auto","background-attachment":"scroll","background-type":"","background-media":"","overlay-type":"","overlay-color":"","overlay-gradient":""}},"ast-content-background-meta":{"desktop":{"background-color":"var(--ast-global-color-5)","background-image":"","background-repeat":"repeat","background-position":"center center","background-size":"auto","background-attachment":"scroll","background-type":"","background-media":"","overlay-type":"","overlay-color":"","overlay-gradient":""},"tablet":{"background-color":"var(--ast-global-color-5)","background-image":"","background-repeat":"repeat","background-position":"center center","background-size":"auto","background-attachment":"scroll","background-type":"","background-media":"","overlay-type":"","overlay-color":"","overlay-gradient":""},"mobile":{"background-color":"var(--ast-global-color-5)","background-image":"","background-repeat":"repeat","background-position":"center center","background-size":"auto","background-attachment":"scroll","background-type":"","background-media":"","overlay-type":"","overlay-color":"","overlay-gradient":""}}},"product_cat":[125,141,168],"product_tag":[],"class_list":{"0":"post-10927","1":"product","2":"type-product","3":"status-publish","4":"has-post-thumbnail","6":"product_cat-adss-cable","7":"product_cat-adss-cablesingle-sheath","8":"product_cat-recommended-products","9":"desktop-align-left","10":"tablet-align-left","11":"mobile-align-left","12":"ast-product-gallery-layout-horizontal-slider","13":"ast-product-tabs-layout-horizontal","15":"first","16":"instock","17":"shipping-taxable","18":"product-type-simple"},"acf":[],"_links":{"self":[{"href":"https:\/\/www.omccable.com\/es\/wp-json\/wp\/v2\/product\/10927","targetHints":{"allow":["GET"]}}],"collection":[{"href":"https:\/\/www.omccable.com\/es\/wp-json\/wp\/v2\/product"}],"about":[{"href":"https:\/\/www.omccable.com\/es\/wp-json\/wp\/v2\/types\/product"}],"replies":[{"embeddable":true,"href":"https:\/\/www.omccable.com\/es\/wp-json\/wp\/v2\/comments?post=10927"}],"version-history":[{"count":2,"href":"https:\/\/www.omccable.com\/es\/wp-json\/wp\/v2\/product\/10927\/revisions"}],"predecessor-version":[{"id":13316,"href":"https:\/\/www.omccable.com\/es\/wp-json\/wp\/v2\/product\/10927\/revisions\/13316"}],"wp:featuredmedia":[{"embeddable":true,"href":"https:\/\/www.omccable.com\/es\/wp-json\/wp\/v2\/media\/10929"}],"wp:attachment":[{"href":"https:\/\/www.omccable.com\/es\/wp-json\/wp\/v2\/media?parent=10927"}],"wp:term":[{"taxonomy":"product_cat","embeddable":true,"href":"https:\/\/www.omccable.com\/es\/wp-json\/wp\/v2\/product_cat?post=10927"},{"taxonomy":"product_tag","embeddable":true,"href":"https:\/\/www.omccable.com\/es\/wp-json\/wp\/v2\/product_tag?post=10927"}],"curies":[{"name":"wp","href":"https:\/\/api.w.org\/{rel}","templated":true}]}}