{"id":10923,"date":"2024-06-01T09:33:37","date_gmt":"2024-06-01T01:33:37","guid":{"rendered":"https:\/\/www.omccable.com\/?post_type=product&#038;p=10923"},"modified":"2025-08-30T11:27:56","modified_gmt":"2025-08-30T03:27:56","slug":"70m-span-24f96f-sm-adss-cable-single-sheath","status":"publish","type":"product","link":"https:\/\/www.omccable.com\/es\/producto\/70m-span-24f96f-sm-adss-cable-single-sheath\/","title":{"rendered":"Cable ADSS SM de 70 m de alcance, 24 F y 96 F, funda \u00fanica"},"content":{"rendered":"<p>La estructura ADSS de los cables \u00f3pticos adopta una estructura trenzada de tubo suelto. Se insertan fibras \u00f3pticas de 250 um en un tubo holgado hecho de poli\u00e9ster de alto m\u00f3dulo y relleno con miembros de refuerzo no met\u00e1licos (FRP) alrededor del centro del cable para formar un n\u00facleo redondo. El espacio en el n\u00facleo se rellena con un ung\u00fcento que bloquea el agua y dos capas de hilo de aramida<br \/>\nSe retuercen para reforzar el hilo y luego se colocan 2 cordones de desgarro debajo de una funda de polietileno (PE).<\/p>\n<p>El cable ADSS significa cable autoportante totalmente diel\u00e9ctrico, por lo que est\u00e1 dise\u00f1ado para instalaci\u00f3n y despliegue a\u00e9reos, que es adecuado para diversas aplicaciones en exteriores.<\/p>\n<p>El cable ADSS SM 24F y 96F de OMC se utiliza con una estructura de cable de funda \u00fanica para construir este cable de instalaci\u00f3n a\u00e9rea para exteriores de buen rendimiento. Estos cables ADSS ofrecen un rendimiento autoportante confiable para distancias de hasta 70 m.<\/p>\n<p>&nbsp;<\/p>\n<p><strong><b>Caracter\u00edsticas y ventajas<\/b><\/strong><\/p>\n<p>Estructura no met\u00e1lica, buen aislamiento, protecci\u00f3n contra rayos<\/p>\n<p>El hilo de aramida tiene una excelente tecnolog\u00eda de producci\u00f3n, fuerza uniforme, excelente rendimiento tensi\u00f3n-deformaci\u00f3n, excelente resistencia a los disparos y el mejor rendimiento anticorrosi\u00f3n el\u00e9ctrica<\/p>\n<p>Sin construcci\u00f3n de apag\u00f3n, la falla de la l\u00ednea el\u00e9ctrica no afecta la transmisi\u00f3n normal del cable \u00f3ptico<\/p>\n<p>Forma suave, para que el cable tenga un rendimiento aerodin\u00e1mico superior<\/p>\n<p>&nbsp;<\/p>\n<p><strong><b>Estructura de cables<\/b><\/strong><\/p>\n<table>\n<tbody>\n<tr>\n<td width=\"160\"><strong>Art\u00edculo<\/strong><\/td>\n<td width=\"91\"><strong>Contenido<\/strong><\/td>\n<td width=\"62\"><strong>Unidad<\/strong><\/td>\n<td colspan=\"3\" width=\"397\"><strong>Valor<\/strong><\/td>\n<\/tr>\n<tr>\n<td width=\"160\">Recuento de fibras<\/td>\n<td width=\"91\">N\u00famero<\/td>\n<td width=\"62\">\/<\/td>\n<td colspan=\"2\" width=\"200\">24<\/td>\n<td width=\"197\">96<\/td>\n<\/tr>\n<tr>\n<td width=\"160\">Tipo de fibra<\/td>\n<td width=\"91\">\/<\/td>\n<td width=\"62\">\/<\/td>\n<td colspan=\"3\" width=\"397\">G652D<\/td>\n<\/tr>\n<tr>\n<td width=\"160\">Estructura de cables<\/td>\n<td width=\"91\">\/<\/td>\n<td width=\"62\">\/<\/td>\n<td colspan=\"2\" width=\"200\">1+6<\/td>\n<td width=\"197\">1+8<\/td>\n<\/tr>\n<tr>\n<td width=\"160\">Fibras por tubo<\/td>\n<td width=\"91\">Contar<\/td>\n<td width=\"62\">\/<\/td>\n<td colspan=\"3\" width=\"397\">12<\/td>\n<\/tr>\n<tr>\n<td rowspan=\"3\" width=\"160\"><strong>\u00a0<\/strong><\/p>\n<p><strong>\u00a0<\/strong><\/p>\n<p>Tubo suelto<\/td>\n<td width=\"91\">Materiales<\/td>\n<td width=\"62\">\/<\/td>\n<td colspan=\"3\" width=\"397\">PBT<\/td>\n<\/tr>\n<tr>\n<td width=\"91\">nominales<\/p>\n<p>Di\u00e1metro<\/td>\n<td width=\"62\">mil\u00edmetros<\/td>\n<td colspan=\"3\" width=\"397\">2.2<\/td>\n<\/tr>\n<tr>\n<td width=\"91\">color<\/td>\n<td width=\"62\">\/<\/td>\n<td colspan=\"3\" width=\"397\">Azul, Naranja, Verde, Marr\u00f3n, Gris, Blanco, Rojo, Negro, Amarillo<\/p>\n<p>Violeta, rosa, aguamarina<\/td>\n<\/tr>\n<tr>\n<td width=\"160\">Fuerza central<\/p>\n<p>miembro<\/td>\n<td width=\"91\">Materiales<\/td>\n<td width=\"62\">\/<\/td>\n<td colspan=\"3\" width=\"397\">Capa de coj\u00edn de FRP y PE<\/td>\n<\/tr>\n<tr>\n<td width=\"160\">Bloqueo de agua<\/td>\n<td colspan=\"2\" width=\"154\">Materiales<\/td>\n<td colspan=\"3\" width=\"397\">Hilo y cinta que bloquean el agua<\/td>\n<\/tr>\n<tr>\n<td width=\"160\"><strong>\u00a0<\/strong><\/p>\n<p>Miembro de fuerza perif\u00e9rica<\/td>\n<td colspan=\"2\" width=\"154\"><strong>\u00a0<\/strong><\/p>\n<p>Materiales<\/td>\n<td colspan=\"3\" width=\"397\"><strong>\u00a0<\/strong><\/p>\n<p>Hilo de aramida<\/td>\n<\/tr>\n<tr>\n<td width=\"160\">Raya<\/td>\n<td colspan=\"2\" width=\"154\">color<\/td>\n<td colspan=\"3\" width=\"397\">Naranja (Ral 2004)<\/td>\n<\/tr>\n<tr>\n<td rowspan=\"2\" width=\"160\"><strong>\u00a0<\/strong><\/p>\n<p>Funda<\/td>\n<td colspan=\"2\" width=\"154\">Materiales<\/td>\n<td colspan=\"3\" width=\"397\">PEAD<\/td>\n<\/tr>\n<tr>\n<td colspan=\"2\" width=\"154\">Color<\/td>\n<td colspan=\"3\" width=\"397\">Marr\u00f3n (Ral 8011)<\/td>\n<\/tr>\n<tr>\n<td rowspan=\"2\" width=\"160\">Atenuaci\u00f3n<\/td>\n<td width=\"91\">1310nm<\/td>\n<td width=\"62\">dB\/km<\/td>\n<td colspan=\"3\" width=\"397\">\u00a30.35<\/td>\n<\/tr>\n<tr>\n<td width=\"91\">1550 nm<\/td>\n<td width=\"62\">dB\/km<\/td>\n<td colspan=\"3\" width=\"397\">\u00a30.23<\/td>\n<\/tr>\n<tr>\n<td width=\"160\">Di\u00e1metro del cable<\/td>\n<td width=\"91\">\u00b15%<\/td>\n<td width=\"62\">mil\u00edmetros<\/td>\n<td width=\"198\">10.6<\/td>\n<td colspan=\"2\" width=\"198\">Di\u00e1metro del cable<\/td>\n<\/tr>\n<tr>\n<td width=\"160\">Peso del cable<\/td>\n<td width=\"91\">\u00b110%<\/td>\n<td width=\"62\">kg\/km<\/td>\n<td width=\"198\">87<\/td>\n<td colspan=\"2\" width=\"198\">Peso del cable<\/td>\n<\/tr>\n<tr>\n<td width=\"160\">Lapso adecuado<\/td>\n<td width=\"91\">\/<\/td>\n<td width=\"62\">m<\/td>\n<td colspan=\"3\" width=\"397\">70<\/td>\n<\/tr>\n<tr>\n<td width=\"160\">Ca\u00edda<\/td>\n<td width=\"91\">\/<\/td>\n<td width=\"62\">%<\/td>\n<td colspan=\"3\" width=\"397\">\u22651,0<\/td>\n<\/tr>\n<tr>\n<td width=\"160\">espesor de formaci\u00f3n de hielo<\/td>\n<td width=\"91\">\/<\/td>\n<td width=\"62\">mil\u00edmetros<\/td>\n<td colspan=\"3\" width=\"397\">0<\/td>\n<\/tr>\n<tr>\n<td width=\"160\">velocidad del viento<\/td>\n<td width=\"91\">\/<\/td>\n<td width=\"62\">kil\u00f3metros por hora<\/td>\n<td colspan=\"3\" width=\"397\">\u226497<\/td>\n<\/tr>\n<\/tbody>\n<\/table>\n<p><strong><b>\u00a0<\/b><\/strong><\/p>\n<p><strong><b>Color est\u00e1ndar de fibra y tubo<\/b><\/strong><\/p>\n<p>El c\u00f3digo de colores de los tubos y de las fibras individuales se ajustar\u00e1 a la siguiente tabla:<\/p>\n<table>\n<tbody>\n<tr>\n<td width=\"183\">No.<\/td>\n<td width=\"82\">1<\/td>\n<td width=\"82\">2<\/td>\n<td width=\"82\">3<\/td>\n<td width=\"82\">4<\/td>\n<td width=\"82\">5<\/td>\n<td width=\"80\">6<\/td>\n<\/tr>\n<tr>\n<td width=\"183\">Color<\/td>\n<td width=\"82\">Azul<\/td>\n<td width=\"82\">Naranja<\/td>\n<td width=\"82\">Verde<\/td>\n<td width=\"82\">Marr\u00f3n<\/td>\n<td width=\"82\">Pizarra<\/td>\n<td width=\"80\">Blanco<\/td>\n<\/tr>\n<tr>\n<td width=\"183\">No.<\/td>\n<td width=\"82\">7<\/td>\n<td width=\"82\">8<\/td>\n<td width=\"82\">9<\/td>\n<td width=\"82\">10<\/td>\n<td width=\"82\">11<\/td>\n<td width=\"80\">12<\/td>\n<\/tr>\n<tr>\n<td width=\"183\">Color<\/td>\n<td width=\"82\">Rojo<\/td>\n<td width=\"82\">Negro<\/td>\n<td width=\"82\">Amarillo<\/td>\n<td width=\"82\">Violeta<\/td>\n<td width=\"82\">Rosa<\/td>\n<td width=\"80\">Agua<\/td>\n<\/tr>\n<\/tbody>\n<\/table>\n<p>&nbsp;<\/p>\n<p><strong><b>Desempe\u00f1o mec\u00e1nico y ambiental<\/b><\/strong><\/p>\n<table>\n<tbody>\n<tr>\n<td width=\"221\"><strong>Art\u00edculo<\/strong><\/td>\n<td width=\"217\"><strong>Contenido<\/strong><\/td>\n<td width=\"273\"><strong>Valor<\/strong><\/td>\n<\/tr>\n<tr>\n<td width=\"221\">M\u00e1x. carga de tracci\u00f3n<\/td>\n<td width=\"217\">Tensi\u00f3n m\u00e1xima permitida<\/td>\n<td width=\"273\">Deformaci\u00f3n de fibra 2500N\u22640,33\uff05<\/td>\n<\/tr>\n<tr>\n<td width=\"221\">M\u00e1x. resistencia al aplastamiento<\/td>\n<td width=\"217\">Corto plazo<\/td>\n<td width=\"273\">2000 N\/100 mm<\/td>\n<\/tr>\n<tr>\n<td rowspan=\"2\" width=\"221\"><strong>\u00a0<\/strong><\/p>\n<p>M\u00edn. radio de curvatura<\/td>\n<td width=\"217\">Instalaci\u00f3n<\/td>\n<td width=\"273\">20 x di\u00e1metro del cable<\/td>\n<\/tr>\n<tr>\n<td width=\"217\">Operaci\u00f3n<\/td>\n<td width=\"273\">10 x di\u00e1metro del cable<\/td>\n<\/tr>\n<tr>\n<td rowspan=\"3\" width=\"221\"><strong>\u00a0<\/strong><\/p>\n<p>Rango de temperatura<\/td>\n<td width=\"217\">Operaci\u00f3n<\/td>\n<td width=\"273\">-20\u2103 ~ +60\u2103<\/td>\n<\/tr>\n<tr>\n<td width=\"217\">Instalaci\u00f3n<\/td>\n<td width=\"273\">-20\u2103 ~ +60\u2103<\/td>\n<\/tr>\n<tr>\n<td width=\"217\">Almacenamiento\/transporte<\/td>\n<td width=\"273\">-20\u2103 ~ +60\u2103<\/td>\n<\/tr>\n<\/tbody>\n<\/table>\n<p><strong><b>\u00a0<\/b><\/strong><\/p>\n<p><strong><b>Par\u00e1metros t\u00e9cnicos de fibra \u00f3ptica-SMF<\/b><\/strong><\/p>\n<table>\n<tbody>\n<tr>\n<td colspan=\"2\" rowspan=\"2\" width=\"457\">Art\u00edculo<\/td>\n<td rowspan=\"2\" width=\"84\">Unidad<\/td>\n<td width=\"169\">Especificaci\u00f3n<\/td>\n<\/tr>\n<tr>\n<td width=\"169\">G.652D<\/td>\n<\/tr>\n<tr>\n<td rowspan=\"2\" width=\"324\">Modo di\u00e1metro del campo<\/td>\n<td width=\"132\">1310nm<\/td>\n<td width=\"84\">mil\u00edmetros<\/td>\n<td width=\"169\">9,2 \u00b1 0,4<\/td>\n<\/tr>\n<tr>\n<td width=\"132\">1550 nm<\/td>\n<td width=\"84\">mil\u00edmetros<\/td>\n<td width=\"169\">10,4 \u00b1 0,5<\/td>\n<\/tr>\n<tr>\n<td colspan=\"2\" width=\"457\">Di\u00e1metro del revestimiento<\/td>\n<td width=\"84\">mil\u00edmetros<\/td>\n<td width=\"169\">125,0 \u00b1 0,7<\/td>\n<\/tr>\n<tr>\n<td colspan=\"2\" width=\"457\">Falta de circularidad del revestimiento<\/td>\n<td width=\"84\">%<\/td>\n<td width=\"169\">\u00a31.0<\/td>\n<\/tr>\n<tr>\n<td colspan=\"2\" width=\"457\">Error de concentricidad central<\/td>\n<td width=\"84\">mil\u00edmetros<\/td>\n<td width=\"169\">\u00a30.6<\/td>\n<\/tr>\n<tr>\n<td colspan=\"2\" width=\"457\">Di\u00e1metro del revestimiento<\/td>\n<td width=\"84\">mil\u00edmetros<\/td>\n<td width=\"169\">242 \u00b1 7<\/td>\n<\/tr>\n<tr>\n<td colspan=\"2\" width=\"457\">Error de concentricidad del revestimiento\/revestimiento<\/td>\n<td width=\"84\">mil\u00edmetros<\/td>\n<td width=\"169\">\u00a312<\/td>\n<\/tr>\n<tr>\n<td colspan=\"2\" width=\"457\">Longitud de onda de corte del cable \u03bbcc<\/td>\n<td width=\"84\">nm<\/td>\n<td width=\"169\">\u00a3\u00a01260<\/td>\n<\/tr>\n<tr>\n<td rowspan=\"2\" width=\"324\">Atenuaci\u00f3n<\/td>\n<td width=\"132\">1310nm<\/td>\n<td width=\"84\">dB\/km<\/td>\n<td width=\"169\">\u00a30.35<\/td>\n<\/tr>\n<tr>\n<td width=\"132\">1550 nm<\/td>\n<td width=\"84\">dB\/km<\/td>\n<td width=\"169\">\u00a30.21<\/td>\n<\/tr>\n<\/tbody>\n<\/table>","protected":false},"excerpt":{"rendered":"<p>La estructura ADSS de los cables \u00f3pticos adopta una estructura trenzada de tubo suelto. Se insertan fibras \u00f3pticas de 250 um en un tubo holgado hecho de poli\u00e9ster de alto m\u00f3dulo y relleno con miembros de refuerzo no met\u00e1licos (FRP) alrededor del centro del cable para formar un n\u00facleo redondo. El hueco en el n\u00facleo se llena con un ung\u00fcento que bloquea el agua, Dos [\u2026]<\/p>","protected":false},"featured_media":10924,"comment_status":"closed","ping_status":"closed","template":"","meta":{"site-sidebar-layout":"default","site-content-layout":"","ast-site-content-layout":"default","site-content-style":"default","site-sidebar-style":"default","ast-global-header-display":"","ast-banner-title-visibility":"","ast-main-header-display":"","ast-hfb-above-header-display":"","ast-hfb-below-header-display":"","ast-hfb-mobile-header-display":"","site-post-title":"","ast-breadcrumbs-content":"","ast-featured-img":"","footer-sml-layout":"","theme-transparent-header-meta":"default","adv-header-id-meta":"","stick-header-meta":"default","header-above-stick-meta":"","header-main-stick-meta":"","header-below-stick-meta":"","astra-migrate-meta-layouts":"set","ast-page-background-enabled":"default","ast-page-background-meta":{"desktop":{"background-color":"var(--ast-global-color-4)","background-image":"","background-repeat":"repeat","background-position":"center center","background-size":"auto","background-attachment":"scroll","background-type":"","background-media":"","overlay-type":"","overlay-color":"","overlay-gradient":""},"tablet":{"background-color":"","background-image":"","background-repeat":"repeat","background-position":"center center","background-size":"auto","background-attachment":"scroll","background-type":"","background-media":"","overlay-type":"","overlay-color":"","overlay-gradient":""},"mobile":{"background-color":"","background-image":"","background-repeat":"repeat","background-position":"center center","background-size":"auto","background-attachment":"scroll","background-type":"","background-media":"","overlay-type":"","overlay-color":"","overlay-gradient":""}},"ast-content-background-meta":{"desktop":{"background-color":"var(--ast-global-color-5)","background-image":"","background-repeat":"repeat","background-position":"center center","background-size":"auto","background-attachment":"scroll","background-type":"","background-media":"","overlay-type":"","overlay-color":"","overlay-gradient":""},"tablet":{"background-color":"var(--ast-global-color-5)","background-image":"","background-repeat":"repeat","background-position":"center center","background-size":"auto","background-attachment":"scroll","background-type":"","background-media":"","overlay-type":"","overlay-color":"","overlay-gradient":""},"mobile":{"background-color":"var(--ast-global-color-5)","background-image":"","background-repeat":"repeat","background-position":"center center","background-size":"auto","background-attachment":"scroll","background-type":"","background-media":"","overlay-type":"","overlay-color":"","overlay-gradient":""}}},"product_cat":[125,141],"product_tag":[],"class_list":{"0":"post-10923","1":"product","2":"type-product","3":"status-publish","4":"has-post-thumbnail","6":"product_cat-adss-cable","7":"product_cat-adss-cablesingle-sheath","8":"desktop-align-left","9":"tablet-align-left","10":"mobile-align-left","11":"ast-product-gallery-layout-horizontal-slider","12":"ast-product-tabs-layout-horizontal","14":"first","15":"instock","16":"shipping-taxable","17":"product-type-simple"},"acf":[],"_links":{"self":[{"href":"https:\/\/www.omccable.com\/es\/wp-json\/wp\/v2\/product\/10923","targetHints":{"allow":["GET"]}}],"collection":[{"href":"https:\/\/www.omccable.com\/es\/wp-json\/wp\/v2\/product"}],"about":[{"href":"https:\/\/www.omccable.com\/es\/wp-json\/wp\/v2\/types\/product"}],"replies":[{"embeddable":true,"href":"https:\/\/www.omccable.com\/es\/wp-json\/wp\/v2\/comments?post=10923"}],"version-history":[{"count":2,"href":"https:\/\/www.omccable.com\/es\/wp-json\/wp\/v2\/product\/10923\/revisions"}],"predecessor-version":[{"id":13306,"href":"https:\/\/www.omccable.com\/es\/wp-json\/wp\/v2\/product\/10923\/revisions\/13306"}],"wp:featuredmedia":[{"embeddable":true,"href":"https:\/\/www.omccable.com\/es\/wp-json\/wp\/v2\/media\/10924"}],"wp:attachment":[{"href":"https:\/\/www.omccable.com\/es\/wp-json\/wp\/v2\/media?parent=10923"}],"wp:term":[{"taxonomy":"product_cat","embeddable":true,"href":"https:\/\/www.omccable.com\/es\/wp-json\/wp\/v2\/product_cat?post=10923"},{"taxonomy":"product_tag","embeddable":true,"href":"https:\/\/www.omccable.com\/es\/wp-json\/wp\/v2\/product_tag?post=10923"}],"curies":[{"name":"wp","href":"https:\/\/api.w.org\/{rel}","templated":true}]}}